{"id":11,"date":"2013-03-19T14:12:31","date_gmt":"2013-03-19T14:12:31","guid":{"rendered":"http:\/\/predmetyreklamni.eu\/vyrobce\/?page_id=11"},"modified":"2014-10-25T18:46:07","modified_gmt":"2014-10-25T18:46:07","slug":"sklenene-reklamni-kulicky","status":"publish","type":"page","link":"https:\/\/predmetyreklamni.eu\/vyrobce\/sk\/sklenene-reklamni-kulicky\/","title":{"rendered":"Sklen\u011bn\u00e9 reklamn\u00ed kuli\u010dky"},"content":{"rendered":"<h1 style=\"text-align: justify;\"><a href=\"http:\/\/predmetyreklamni.eu\/vyrobce\/wp-content\/uploads\/duhov\u00e9-reklamn\u00ed-sklen\u011bn\u00e9-kuli\u010dky.jpg\"><br \/>\n<\/a>SKLEN\u011aN\u00c9 REKLAMN\u00cd KULI\u010cKY<\/h1>\n<h2 style=\"text-align: justify;\">Sklen\u011bn\u00e9 cvrnkac\u00ed reklamn\u00ed kuli\u010dky<\/h2>\n<p style=\"text-align: justify;\">Sklen\u011bn\u00e9 cvrnkac\u00ed kuli\u010dky zn\u00e1me t\u00e9m\u011b\u0159 v\u0161ichni, v\u0161ichni jsme je hr\u00e1li nebo alespo\u0148 m\u011bli doma, kdy\u017e jsme byly d\u011bti.\u00a0My rosteme, ale sklen\u011bn\u00e9 cvrnkac\u00ed\u00a0kuli\u010dky\u00a0z\u016fst\u00e1vaj\u00ed a nav\u00edc se dost\u00e1vaj\u00ed na pop\u0159ed\u00ed mezi reklamn\u00ed p\u0159edm\u011bty. Nechat si vyrobit reklamn\u00ed sklen\u011bn\u00e9 kuli\u010dky na zak\u00e1zku je krok spr\u00e1vn\u00fdm sm\u011brem k tomu, jak upozornit na svou firmu pomoc\u00ed origin\u00e1ln\u00edho reklamn\u00edho p\u0159edm\u011btu. Sklen\u011bn\u00e9 reklamn\u00ed kuli\u010dky toti\u017e miluj\u00ed v\u0161ichni &#8211; cvrnkac\u00ed kuli\u010dky hraj\u00ed \u0161kol\u00e1ci, ale jsou obl\u00edben\u00e9 i mezi star\u0161\u00ed generac\u00ed, a to p\u0159edev\u0161\u00edm ze sb\u011bratelsk\u00e9ho hlediska. Sklen\u011bn\u00e9 reklamn\u00ed kuli\u010dky prost\u011b nest\u00e1rnou a zabav\u00ed skoro ka\u017edou generaci dnes stejn\u011b jako p\u0159ed mnoha lety.<\/p>\n<p style=\"text-align: justify;\"><a href=\"http:\/\/predmetyreklamni.eu\/vyrobce\/wp-content\/uploads\/reklamn\u00ed-sklen\u011bn\u00e9-kuli\u010dky.jpg\"><img decoding=\"async\" loading=\"lazy\" class=\"size-medium wp-image-51 alignleft\" title=\"reklamn\u00ed sklen\u011bn\u00e9 kuli\u010dky\" alt=\"reklamn\u00ed sklen\u011bn\u00e9 kuli\u010dky\" src=\"http:\/\/predmetyreklamni.eu\/vyrobce\/wp-content\/uploads\/reklamn\u00ed-sklen\u011bn\u00e9-kuli\u010dky-269x300.jpg\" width=\"269\" height=\"300\" srcset=\"https:\/\/predmetyreklamni.eu\/vyrobce\/wp-content\/uploads\/reklamn\u00ed-sklen\u011bn\u00e9-kuli\u010dky-269x300.jpg 269w, https:\/\/predmetyreklamni.eu\/vyrobce\/wp-content\/uploads\/reklamn\u00ed-sklen\u011bn\u00e9-kuli\u010dky.jpg 383w\" sizes=\"(max-width: 269px) 100vw, 269px\" \/><\/a><span style=\"color: #000000; font-weight: bold;\">Sklen\u011bn\u00e9 reklamn\u00ed kuli\u010dky &#8211; materi\u00e1ly a barvy<\/span><\/p>\n<p style=\"text-align: justify;\">Sklen\u011bn\u00e9 reklamn\u00ed kuli\u010dky jsou nej\u010dast\u011bji vyr\u00e1b\u011bny ze skla nebo porcel\u00e1nu. Mezi nejobl\u00edben\u011bj\u0161\u00ed sklen\u011bn\u00e9 reklamn\u00ed kuli\u010dky pat\u0159\u00ed takzvan\u00e9 &#8222;duhovky&#8220;, kter\u00e9 nab\u00edz\u00ed \u0161irokou \u0161k\u00e1lu barevn\u00e9ho proveden\u00ed a kombinace barev. Sklen\u011bn\u00e9 reklamn\u00ed kuli\u010dky se pou\u017e\u00edvaj\u00ed p\u0159i zn\u00e1m\u00e9 h\u0159e &#8222;cvrnk\u00e1n\u00ed kuli\u010dek&#8220;, dal\u0161\u00edch spole\u010densk\u00fdch hr\u00e1ch a velice \u010dasto se pou\u017e\u00edvaj\u00ed jako dekorace.<\/p>\n<p style=\"text-align: justify;\"><a href=\"http:\/\/predmetyreklamni.eu\/vyrobce\/wp-content\/uploads\/duhov\u00e9-reklamn\u00ed-sklen\u011bn\u00e9-kuli\u010dky.jpg\"><img decoding=\"async\" loading=\"lazy\" class=\"alignright\" title=\"duhov\u00e9 reklamn\u00ed sklen\u011bn\u00e9 kuli\u010dky\" alt=\"duhov\u00e9 reklamn\u00ed sklen\u011bn\u00e9 kuli\u010dky\" src=\"http:\/\/predmetyreklamni.eu\/vyrobce\/wp-content\/uploads\/duhov\u00e9-reklamn\u00ed-sklen\u011bn\u00e9-kuli\u010dky-150x150.jpg\" width=\"150\" height=\"150\" \/><\/a><\/p>\n<div style=\"text-align: justify;\"><\/div>\n<div style=\"text-align: justify;\">Sklen\u011bn\u00e9 kuli\u010dky jsou tak\u00e9 p\u0159edm\u011btem sb\u011bratelstv\u00ed. Sklen\u011bn\u00e9 reklamn\u00ed kuli\u010dky se nej\u010dast\u011bji vyr\u00e1b\u00ed v pr\u016fm\u011brech 16mm a 25mm. Na zak\u00e1zku V\u00e1m ov\u0161em samoz\u0159ejm\u011b m\u016f\u017eeme vyrobit sklen\u011bn\u00e9 reklamn\u00ed kuli\u010dky jak\u00e9koliv velikosti.<\/div>\n<h2 style=\"text-align: justify;\"><\/h2>\n<h2 style=\"text-align: justify;\">Historie reklamn\u00ed sklen\u011bn\u00e9 cvrnkac\u00ed kuli\u010dky<\/h2>\n<p style=\"text-align: justify;\">Cvrnkac\u00ed kuli\u010dky a jejich cvrnk\u00e1n\u00ed je dost mo\u017en\u00e1 nejstar\u0161\u00edm sportem v d\u011bjin\u00e1ch lidstva. Ji\u017e <a href=\"http:\/\/predmetyreklamni.eu\/vyrobce\/wp-content\/uploads\/sklen\u011bn\u00e9-cvrnkac\u00ed-kuli\u010dky.jpg\"><br \/>\n<\/a>archeologick\u00e9 n\u00e1lezy dokl\u00e1daj\u00ed, \u017ee cvrnkac\u00ed\u00a0kuli\u010dky\u00a0poch\u00e1zej\u00edc\u00ed z doby n\u011bkolika tis\u00edc let p\u0159ed na\u0161\u00edm letopo\u010dtem. Kuli\u010dky byly nalezeny v hrobech ze starov\u011bk\u00e9ho Egypta, kde byly nalezeny cvrnkac\u00ed\u00a0kuli\u010dky\u00a0z obl\u00e1zk\u016f, cvrnkac\u00ed kuli\u010dky\u00a0z Kr\u00e9ty m\u016f\u017eete dokonce vid\u011bt v Marble Muzeu v Brit\u00e1nii. Cvrnkac\u00ed\u00a0kuli\u010dky\u00a0byly obl\u00edbenou hrou tak\u00e9 v dob\u011b \u0158\u00edmsk\u00e9 \u0159\u00ed\u0161e. Kuli\u010dk\u00e1m podlehli nejen oby\u010dejn\u00ed lid\u00e9 ale i s\u00e1m c\u00edsa\u0159.<br \/>\nV Evrop\u011b nast\u00e1v\u00e1 velk\u00fd rozmach cvrnkac\u00edch kuli\u010dek kolem roku 1500. V n\u011bmeck\u00e9m Norimberku bylo hran\u00ed kuli\u010dek natolik masovou z\u00e1le\u017eitost\u00ed, \u017ee museli b\u00fdt hr\u00e1\u010di i s cvrnkac\u00edmi kuli\u010dkami \u00fa\u0159edn\u011b odk\u00e1z\u00e1ni mimo m\u011bsto.<br \/>\nV Anglii miloval cvrnakc\u00ed\u00a0kuli\u010dky\u00a0i cel\u00fd al\u017eb\u011btinsk\u00fd dv\u016fr, v Tinsley Green se od konce 16. stolet\u00ed udr\u017euje tradice hry v\u00a0kuli\u010dky\u00a0a je tak nejstar\u0161\u00ed pravideln\u011b po\u0159\u00e1danou sportovn\u00ed akc\u00ed v Brit\u00e1nii.<br \/>\n<a href=\"http:\/\/predmetyreklamni.eu\/vyrobce\/wp-content\/uploads\/sklen\u011bn\u00e9-cvrnkac\u00ed-kuli\u010dky.jpg\"><img decoding=\"async\" loading=\"lazy\" class=\"alignleft\" title=\"sklen\u011bn\u00e9 cvrnkac\u00ed kuli\u010dky\" alt=\"sklen\u011bn\u00e9 cvrnkac\u00ed kuli\u010dky\" src=\"http:\/\/predmetyreklamni.eu\/vyrobce\/wp-content\/uploads\/sklen\u011bn\u00e9-cvrnkac\u00ed-kuli\u010dky.jpg\" width=\"300\" height=\"225\" \/><\/a><\/p>\n<p style=\"text-align: justify;\">Ve Francii zase v\u00e1\u0161e\u0148 k cvrnk\u00e1n\u00ed kuli\u010dek zp\u016fsobila p\u0159esun rezidence Ludv\u00edka XIV. Do Versailles, kde si nechal \u201evybudovat\u201c velk\u00e9 kuli\u010dkov\u00e9 h\u0159i\u0161t\u011b a \u010dasto zde po\u0159\u00e1dal honosn\u00e9 kuli\u010dkov\u00e9 turnaje.\u00a0Nen\u00ed tedy divu, \u017ee se z p\u016fvodn\u00ed kratochv\u00edle postupem \u010dasu stal regul\u00e9rn\u00ed sport s pravideln\u00fdmi tr\u00e9ninky, \u0161pi\u010dkov\u00fdmi t\u00fdmy i mistrovstv\u00edm sv\u011bta. Obrovskou v\u00fdhodou jsou miziv\u00e9 n\u00e1klady na sportovn\u00ed vybaven\u00ed a mo\u017enost \u00fa\u010dasti lid\u00ed v\u0161ech v\u00fd\u0161ek i v\u00e1hy bez omezen\u00ed.<\/p>\n<p style=\"text-align: justify;\">Nej\u010dast\u011bji byly cvrnkac\u00ed\u00a0kuli\u010dky\u00a0vyr\u00e1b\u011bny z j\u00edlu, pazourku, obl\u00e1zk\u016f a kost\u00ed. Hr\u00e1valo se tak\u00e9 s peckami z ovoce a pozd\u011bji i s fazolemi. Kuli\u010dk\u00e1m dal ale jm\u00e9no a\u017e mramor, z kter\u00e9ho se\u00a0kuli\u010dky\u00a0za\u010daly vyr\u00e1b\u011bt (z angl. mramor \u2013 marble,\u00a0kuli\u010dky\u00a0\u2013 marbles). V\u00fdjime\u010dn\u00e9 nebyly ani cvrnkac\u00ed\u00a0kuli\u010dky\u00a0z polodrahokam\u016f. Koncem 16. stolet\u00ed se za\u010daly v N\u011bmecku vyr\u00e1b\u011bt\u00a0kuli\u010dky\u00a0sklen\u011bn\u00e9.<\/p>\n<h2 style=\"text-align: justify;\">Sklen\u011bn\u00e9 kuli\u010dky jako reklamn\u00ed p\u0159edm\u011bt<\/h2>\n<p style=\"text-align: justify;\">Sklen\u011bn\u00e9 kuli\u010dky jsou ide\u00e1ln\u00ed a hlavn\u011b origin\u00e1ln\u00ed reklamn\u00ed p\u0159edm\u011bt. Reklamn\u00ed sklen\u011bn\u00e9 kuli\u010dky zaujmou d\u011bti i dosp\u011bl\u00e9 a Va\u0161e firma se tak dostane do pov\u011bdom\u00ed v\u0161ech generac\u00ed. Sklen\u011bn\u00e9 reklamn\u00ed kuli\u010dky m\u016f\u017eete uplatnit jako d\u00e1rek p\u0159i r\u016fzn\u00fdch promo akc\u00edch, veletrz\u00edch \u010di sportovn\u00edch ud\u00e1lostech. Sklen\u011bn\u00e9 reklamn\u00ed kuli\u010dky ocen\u00ed d\u011bti i jejich rodi\u010de.<\/p>\n<p style=\"text-align: justify;\"><a href=\"http:\/\/predmetyreklamni.eu\/vyrobce\/wp-content\/uploads\/s\u00e1\u010dek-na-sklen\u011bn\u00e9-kuli\u010dky.jpg\"><img decoding=\"async\" loading=\"lazy\" class=\"alignleft size-thumbnail wp-image-69\" title=\"s\u00e1\u010dek na sklen\u011bn\u00e9 kuli\u010dky\" alt=\"s\u00e1\u010dek na sklen\u011bn\u00e9 kuli\u010dky\" src=\"http:\/\/predmetyreklamni.eu\/vyrobce\/wp-content\/uploads\/s\u00e1\u010dek-na-sklen\u011bn\u00e9-kuli\u010dky-150x150.jpg\" width=\"150\" height=\"150\" srcset=\"https:\/\/predmetyreklamni.eu\/vyrobce\/wp-content\/uploads\/s\u00e1\u010dek-na-sklen\u011bn\u00e9-kuli\u010dky-150x150.jpg 150w, https:\/\/predmetyreklamni.eu\/vyrobce\/wp-content\/uploads\/s\u00e1\u010dek-na-sklen\u011bn\u00e9-kuli\u010dky-300x300.jpg 300w, https:\/\/predmetyreklamni.eu\/vyrobce\/wp-content\/uploads\/s\u00e1\u010dek-na-sklen\u011bn\u00e9-kuli\u010dky.jpg 360w\" sizes=\"(max-width: 150px) 100vw, 150px\" \/><\/a><\/p>\n<p style=\"text-align: justify;\">Sklen\u011bn\u00e9 reklamn\u00ed kuli\u010dky mohou b\u00fdt dod\u00e1ny v reklamn\u00edm l\u00e1tkov\u00e9 s\u00e1\u010dku, kter\u00fd m\u016f\u017ee b\u00fdt opat\u0159en potiskem &#8211; nap\u0159\u00edklad logem firmy \u010di zna\u010dkou a na zadn\u00ed stran\u011b mohou b\u00fdt nati\u0161t\u011bny nap\u0159\u00edklad pravidla hry kuli\u010dky. S\u00e1\u010dek je t\u00e9\u017e opat\u0159en stahovac\u00ed \u0161\u0148\u016frkou, tak\u017ee se kuli\u010dky nerozkut\u00e1l\u00ed.<\/p>\n<h2 style=\"text-align: justify;\">Reklamn\u00ed sklen\u011bn\u00e9 kuli\u010dky na zak\u00e1zku<\/h2>\n<p style=\"text-align: justify;\">Reklamn\u00ed sklen\u011bn\u00e9 kuli\u010dky nemus\u00ed slou\u017eit pouze ke hran\u00ed, ale d\u00edky sv\u00e9 kr\u00e1se, hladk\u00e9mu povrchu \u010di lesku mohou b\u00fdt efektn\u00ed dekorac\u00ed bytu \u010di firm\u011b.<\/p>\n<p style=\"text-align: justify;\"><a href=\"http:\/\/predmetyreklamni.eu\/vyrobce\/wp-content\/uploads\/reklamn\u00ed-sklen\u011bn\u00e9-kuli\u010dky-na-zak\u00e1zku.jpg\"><img decoding=\"async\" loading=\"lazy\" class=\"alignleft size-medium wp-image-60\" title=\"reklamn\u00ed sklen\u011bn\u00e9 kuli\u010dky na zak\u00e1zku\" alt=\"reklamn\u00ed sklen\u011bn\u00e9 kuli\u010dky na zak\u00e1zku\" src=\"http:\/\/predmetyreklamni.eu\/vyrobce\/wp-content\/uploads\/reklamn\u00ed-sklen\u011bn\u00e9-kuli\u010dky-na-zak\u00e1zku-300x208.jpg\" width=\"300\" height=\"208\" srcset=\"https:\/\/predmetyreklamni.eu\/vyrobce\/wp-content\/uploads\/reklamn\u00ed-sklen\u011bn\u00e9-kuli\u010dky-na-zak\u00e1zku-300x208.jpg 300w, https:\/\/predmetyreklamni.eu\/vyrobce\/wp-content\/uploads\/reklamn\u00ed-sklen\u011bn\u00e9-kuli\u010dky-na-zak\u00e1zku-432x300.jpg 432w, https:\/\/predmetyreklamni.eu\/vyrobce\/wp-content\/uploads\/reklamn\u00ed-sklen\u011bn\u00e9-kuli\u010dky-na-zak\u00e1zku.jpg 493w\" sizes=\"(max-width: 300px) 100vw, 300px\" \/><\/a><\/p>\n<p style=\"text-align: justify;\">V p\u0159\u00edpad\u011b z\u00e1jmu o v\u00fdrobu sklen\u011bn\u00e9 reklamn\u00ed kuli\u010dky\u00a0na zak\u00e1zku n\u00e1s kontaktujte, r\u00e1di s V\u00e1mi probereme podrobnosti a vypracujeme V\u00e1m cenovou nab\u00eddku.<\/p>\n<p style=\"text-align: justify;\">Sklen\u011bn\u00e9 reklamn\u00ed kuli\u010dky vyrob\u00edme na zak\u00e1zku dle Va\u0161eho zad\u00e1n\u00ed.<\/p>\n<p style=\"text-align: justify;\">Kontaktujte n\u00e1s pro cenovou nab\u00eddku na emailu:<a href=\"mailto:info@predmetyreklamni.eu\"> info@predmetyreklamni.eu<\/a><\/p>\n<p style=\"text-align: justify;\"><strong>Do cenov\u00e9 popt\u00e1vky pros\u00edm uve\u010fte pot\u0159ebn\u00e9 informace pro cenovou nab\u00eddku jako<\/strong>: mno\u017estv\u00ed, materi\u00e1l, velikost kuli\u010dky, barevn\u00e9 proveden\u00ed nebo kombinaci barev, dobu dod\u00e1n\u00ed. V\u0161echny tyto informace n\u00e1m pomohou k rychlej\u0161\u00edmu zpracov\u00e1n\u00ed cenov\u00e9 nab\u00eddky pr\u00e1v\u011b pro V\u00e1s.<\/p>\n<p style=\"text-align: justify;\">T\u011b\u0161\u00edme se na spolupr\u00e1ci! Team Gifts Service<\/p>\n","protected":false},"excerpt":{"rendered":"<p>SKLEN\u011aN\u00c9 REKLAMN\u00cd KULI\u010cKY Sklen\u011bn\u00e9 cvrnkac\u00ed reklamn\u00ed kuli\u010dky Sklen\u011bn\u00e9 cvrnkac\u00ed kuli\u010dky zn\u00e1me t\u00e9m\u011b\u0159 v\u0161ichni, v\u0161ichni jsme je hr\u00e1li nebo alespo\u0148 m\u011bli doma, kdy\u017e jsme byly d\u011bti.\u00a0My rosteme, ale sklen\u011bn\u00e9 cvrnkac\u00ed\u00a0kuli\u010dky\u00a0z\u016fst\u00e1vaj\u00ed a nav\u00edc se dost\u00e1vaj\u00ed na pop\u0159ed\u00ed mezi reklamn\u00ed p\u0159edm\u011bty. Nechat si &hellip; <a href=\"https:\/\/predmetyreklamni.eu\/vyrobce\/sk\/sklenene-reklamni-kulicky\/\">Continue reading <span class=\"meta-nav\">&rarr;<\/span><\/a><\/p>\n","protected":false},"author":1,"featured_media":0,"parent":0,"menu_order":17,"comment_status":"closed","ping_status":"closed","template":"sidebar-page.php","meta":[],"_links":{"self":[{"href":"https:\/\/predmetyreklamni.eu\/vyrobce\/sk\/wp-json\/wp\/v2\/pages\/11"}],"collection":[{"href":"https:\/\/predmetyreklamni.eu\/vyrobce\/sk\/wp-json\/wp\/v2\/pages"}],"about":[{"href":"https:\/\/predmetyreklamni.eu\/vyrobce\/sk\/wp-json\/wp\/v2\/types\/page"}],"author":[{"embeddable":true,"href":"https:\/\/predmetyreklamni.eu\/vyrobce\/sk\/wp-json\/wp\/v2\/users\/1"}],"replies":[{"embeddable":true,"href":"https:\/\/predmetyreklamni.eu\/vyrobce\/sk\/wp-json\/wp\/v2\/comments?post=11"}],"version-history":[{"count":42,"href":"https:\/\/predmetyreklamni.eu\/vyrobce\/sk\/wp-json\/wp\/v2\/pages\/11\/revisions"}],"predecessor-version":[{"id":4234,"href":"https:\/\/predmetyreklamni.eu\/vyrobce\/sk\/wp-json\/wp\/v2\/pages\/11\/revisions\/4234"}],"wp:attachment":[{"href":"https:\/\/predmetyreklamni.eu\/vyrobce\/sk\/wp-json\/wp\/v2\/media?parent=11"}],"curies":[{"name":"wp","href":"https:\/\/api.w.org\/{rel}","templated":true}]}}