{"id":1241,"date":"2013-07-15T18:29:44","date_gmt":"2013-07-15T18:29:44","guid":{"rendered":"http:\/\/predmetyreklamni.eu\/vyrobce\/?page_id=1241"},"modified":"2020-04-21T06:04:15","modified_gmt":"2020-04-21T06:04:15","slug":"pvc-karty-vyrobce","status":"publish","type":"page","link":"https:\/\/predmetyreklamni.eu\/vyrobce\/sk\/pvc-karty-vyrobce\/","title":{"rendered":"PVC karty v\u00fdrobce"},"content":{"rendered":"<h1>PVC KARTY V\u00ddROBCE<\/h1>\n<h2>PVC karty p\u0159\u00edmo od v\u00fdrobce<\/h2>\n<p style=\"text-align: justify;\"><a href=\"http:\/\/predmetyreklamni.eu\/vyrobce\/wp-content\/uploads\/Plastic-Card-Production-1.jpg\"><img decoding=\"async\" loading=\"lazy\" class=\"alignleft\" title=\"PVC karty v\u00fdrobce\" alt=\"PVC karty v\u00fdrobce\" src=\"http:\/\/predmetyreklamni.eu\/vyrobce\/wp-content\/uploads\/Plastic-Card-Production-1-300x225.jpg\" width=\"300\" height=\"225\" \/><\/a>Jsme v\u00fdrobce pro PVC karty s mnohalet\u00fdmi zku\u0161enostmi v tomto oboru a na\u0161e firma se znateln\u011b usadila na trhu jako spolehliv\u00fd a cenov\u011b p\u0159ijateln\u00fd v\u00fdrobce pro PVC karty. \u00a0D\u00edky na\u0161im dlouholet\u00fdm zku\u0161enostem a p\u0159\u00edmou vazbou na v\u00fdrobce pro PVC karty, m\u016f\u017eeme sv\u00fdm z\u00e1kazn\u00edk\u016fm nab\u00eddnout vysoce kvalitn\u00ed produkty za v\u00fdhodn\u00e9 ceny. N\u00e1\u0161 v\u00fdrobce PVC karty poskytuje profesion\u00e1ln\u00ed v\u00fdrobu PVC karty t\u00e9m\u011b\u0159 do v\u0161ech odv\u011btv\u00ed a pro v\u0161echny \u00fa\u010dely. D\u00edky tomu jsme schopni uspokojit p\u0159\u00e1n\u00ed ka\u017ed\u00e9ho z\u00e1kazn\u00edka.<\/p>\n<h2 style=\"text-align: justify;\">PVC karty s vlastn\u00edm designem p\u0159\u00edmo od v\u00fdrobce<\/h2>\n<p style=\"text-align: justify;\"><a href=\"http:\/\/predmetyreklamni.eu\/vyrobce\/wp-content\/uploads\/Plastic-Card-Production-2.jpg\"><img decoding=\"async\" loading=\"lazy\" class=\"alignleft\" title=\"PVC karty s vlastn\u00edm designem p\u0159\u00edmo od v\u00fdrobce\" alt=\"PVC karty s vlastn\u00edm designem p\u0159\u00edmo od v\u00fdrobce\" src=\"http:\/\/predmetyreklamni.eu\/vyrobce\/wp-content\/uploads\/Plastic-Card-Production-2-300x225.jpg\" width=\"300\" height=\"225\" \/><\/a>Jako kvalitn\u00ed v\u00fdrobce PVC karty nab\u00edz\u00edme kompletn\u00ed, \u0161irokou a ucelenou \u0161k\u00e1lu produkt\u016f, tak aby vyhovovaly v\u0161em po\u017eadavk\u016fm z\u00e1kazn\u00edka.<br \/>\nV\u00fdrobce nab\u00edz\u00ed funk\u010dn\u00ed PVC ID karty, PVC slevov\u00e9 karty, PVC z\u00e1kaznick\u00e9 karty, PVC \u010dlensk\u00e9 karty, v\u011brnostn\u00ed PVC karty, PVC karty\/vizitky, d\u00e1rkov\u00e9 PVC karty, p\u0159\u00edstupov\u00e9 PVC karty, PVC bonusov\u00e9 karty a dal\u0161\u00ed. PVC karty od v\u00fdrobce za skv\u011bl\u00e9 ceny.<\/p>\n<h2 style=\"text-align: justify;\">PVC karty v\u00fdrobce na zak\u00e1zku<\/h2>\n<p style=\"text-align: justify;\">V\u00fdrobce PVC karty poskytuje 11 druh\u016f zpracov\u00e1n\u00ed Va\u0161\u00ed karty:\u00a03D, s ofsetov\u00fdm tiskem, se s\u00edtotiskem, s ra\u017ebou, matn\u00e9, transparentn\u00ed, se zlatou\/st\u0159\u00edbrnou ra\u017ebou, s magnetick\u00fdm prou\u017ekem, s \u010d\u00e1rov\u00fdm k\u00f3dem \u010di bezkontaktn\u00ed \u010dipem mifare.<\/p>\n<p><a href=\"http:\/\/predmetyreklamni.eu\/vyrobce\/wp-content\/uploads\/Plastic-Card-Production-3.jpg\"><img decoding=\"async\" loading=\"lazy\" class=\"alignleft\" title=\"PVC karty v\u00fdrobce na zak\u00e1zku\" alt=\"PVC karty v\u00fdrobce na zak\u00e1zku\" src=\"http:\/\/predmetyreklamni.eu\/vyrobce\/wp-content\/uploads\/Plastic-Card-Production-3-225x300.jpg\" width=\"225\" height=\"300\" \/><\/a><\/p>\n<p style=\"text-align: justify;\"><a href=\"http:\/\/predmetyreklamni.eu\/vyrobce\/wp-content\/uploads\/Plastic-Card-Production-2.jpg\"><img decoding=\"async\" loading=\"lazy\" class=\"alignleft\" title=\"PVC karty zak\u00e1zkov\u00e1 v\u00fdroba u v\u00fdrobce\" alt=\"PVC karty zak\u00e1zkov\u00e1 v\u00fdroba u v\u00fdrobce\" src=\"http:\/\/predmetyreklamni.eu\/vyrobce\/wp-content\/uploads\/Plastic-Card-Production-4-225x300.jpg\" width=\"225\" height=\"300\" \/> <\/a><\/p>\n<p>&nbsp;<\/p>\n<p>&nbsp;<\/p>\n<p>&nbsp;<\/p>\n<p>&nbsp;<\/p>\n<p>&nbsp;<\/p>\n<p>&nbsp;<\/p>\n<p>&nbsp;<\/p>\n<p>&nbsp;<\/p>\n<h2>Kontaktujte v\u00fdrobce PVC karty<\/h2>\n<p style=\"text-align: justify;\">Z pozice v\u00fdrobce PVC karty se domn\u00edv\u00e1me, \u017ee PVC karty jsou perfektn\u00ed marketingov\u00fd n\u00e1stroj pro odm\u011b\u0148ov\u00e1n\u00ed z\u00e1kazn\u00edk\u016f a z\u00edsk\u00e1v\u00e1n\u00ed nov\u00fdch. PVC karty V\u00e1m v\u00fdrobce zpracuje v designu na Va\u0161e p\u0159\u00e1n\u00ed a Vy tak pos\u00edl\u00edte pov\u011bdom\u00ed o Va\u0161\u00ed zna\u010dce. Vyberte na\u0161\u00ed firmu jako v\u00fdrobce pro Va\u0161e PVC karty a my je pro V\u00e1s nech\u00e1me vyrobit dle Va\u0161eho zad\u00e1n\u00ed.<\/p>\n<p>Zaujaly V\u00e1s na\u0161e PVC karty a chcete si je nechat na zak\u00e1zku vyrobit p\u0159\u00edmo od v\u00fdrobce. Kontaktujte n\u00e1s pro cenovou nab\u00eddku na emailu:<a href=\"mailto:info@predmetyreklamni.eu\">\u00a0info@predmetyreklamni.eu<\/a><\/p>\n<p>T\u011b\u0161\u00edme se na spolupr\u00e1ci! Team Gifts Service<\/p>\n","protected":false},"excerpt":{"rendered":"<p>PVC KARTY V\u00ddROBCE PVC karty p\u0159\u00edmo od v\u00fdrobce Jsme v\u00fdrobce pro PVC karty s mnohalet\u00fdmi zku\u0161enostmi v tomto oboru a na\u0161e firma se znateln\u011b usadila na trhu jako spolehliv\u00fd a cenov\u011b p\u0159ijateln\u00fd v\u00fdrobce pro PVC karty. \u00a0D\u00edky na\u0161im dlouholet\u00fdm zku\u0161enostem &hellip; <a href=\"https:\/\/predmetyreklamni.eu\/vyrobce\/sk\/pvc-karty-vyrobce\/\">Continue reading <span class=\"meta-nav\">&rarr;<\/span><\/a><\/p>\n","protected":false},"author":1,"featured_media":0,"parent":0,"menu_order":15,"comment_status":"closed","ping_status":"closed","template":"sidebar-page.php","meta":[],"_links":{"self":[{"href":"https:\/\/predmetyreklamni.eu\/vyrobce\/sk\/wp-json\/wp\/v2\/pages\/1241"}],"collection":[{"href":"https:\/\/predmetyreklamni.eu\/vyrobce\/sk\/wp-json\/wp\/v2\/pages"}],"about":[{"href":"https:\/\/predmetyreklamni.eu\/vyrobce\/sk\/wp-json\/wp\/v2\/types\/page"}],"author":[{"embeddable":true,"href":"https:\/\/predmetyreklamni.eu\/vyrobce\/sk\/wp-json\/wp\/v2\/users\/1"}],"replies":[{"embeddable":true,"href":"https:\/\/predmetyreklamni.eu\/vyrobce\/sk\/wp-json\/wp\/v2\/comments?post=1241"}],"version-history":[{"count":20,"href":"https:\/\/predmetyreklamni.eu\/vyrobce\/sk\/wp-json\/wp\/v2\/pages\/1241\/revisions"}],"predecessor-version":[{"id":1291,"href":"https:\/\/predmetyreklamni.eu\/vyrobce\/sk\/wp-json\/wp\/v2\/pages\/1241\/revisions\/1291"}],"wp:attachment":[{"href":"https:\/\/predmetyreklamni.eu\/vyrobce\/sk\/wp-json\/wp\/v2\/media?parent=1241"}],"curies":[{"name":"wp","href":"https:\/\/api.w.org\/{rel}","templated":true}]}}