{"id":1249,"date":"2013-07-15T18:57:41","date_gmt":"2013-07-15T18:57:41","guid":{"rendered":"http:\/\/predmetyreklamni.eu\/vyrobce\/?page_id=1249"},"modified":"2020-04-21T06:04:15","modified_gmt":"2020-04-21T06:04:15","slug":"plastove-karty-s-potiskem","status":"publish","type":"page","link":"https:\/\/predmetyreklamni.eu\/vyrobce\/sk\/plastove-karty-s-potiskem\/","title":{"rendered":"Plastov\u00e9 karty s potiskem"},"content":{"rendered":"<h1>PLASTOV\u00c9 KARTY S POTISKEM<\/h1>\n<h2 style=\"text-align: justify;\">Co nab\u00edz\u00ed plastov\u00e9 karty s potiskem?<\/h2>\n<ul>\n<li>voliteln\u00e1 tlou\u0161\u0165ka &#8211; 0.30mm, 0.46mm nebo 0,76mm (standardn\u00ed tlou\u0161\u0165ka platebn\u00edch karet)<\/li>\n<li>leskl\u00e9 nebo matn\u00e9 proveden\u00ed<\/li>\n<li>t\u0159pytiv\u00fd efekt tzv. glitter efekt (k dispozici na leskl\u00e9 proveden\u00ed)<\/li>\n<li>vytla\u010den\u00ed jm\u00e9na\/\u010d\u00edsel na kartu<\/li>\n<li>nanesen\u00ed f\u00f3l\u00ede pro kovov\u00fd vzhled &#8211; hotstamping<\/li>\n<li>pole pro podpis v libovoln\u00e9 velikosti a tvaru<\/li>\n<li>sekven\u010dn\u00ed nebo libovoln\u00e9 \u010d\u00edslov\u00e1n\u00ed (reli\u00e9f, potisk)<\/li>\n<li>magnetick\u00e9 prou\u017eky<\/li>\n<li>\u010d\u00e1rov\u00e9 k\u00f3dy, QR k\u00f3dy<\/li>\n<li>zlat\u00e9 a st\u0159\u00edbrn\u00e9 plastov\u00e9 karty<\/li>\n<li>pr\u016fhledn\u00e9 a matn\u00e9 plastov\u00e9 karty<\/li>\n<li>st\u00edrac\u00ed pole<\/li>\n<\/ul>\n<div>\n<h2>Pro\u010d b\u00fdt Va\u0161\u00edm dodavatelem pro plastov\u00e9 karty s potiskem?<\/h2>\n<\/div>\n<p><a href=\"http:\/\/predmetyreklamni.eu\/vyrobce\/wp-content\/uploads\/1.jpg\"><img decoding=\"async\" loading=\"lazy\" class=\"alignleft size-medium wp-image-1265\" title=\"Plastov\u00e9 karty dodavatel\" alt=\"Plastov\u00e9 karty dodavatel\" src=\"http:\/\/predmetyreklamni.eu\/vyrobce\/wp-content\/uploads\/1-300x225.jpg\" width=\"300\" height=\"225\" srcset=\"https:\/\/predmetyreklamni.eu\/vyrobce\/wp-content\/uploads\/1-300x225.jpg 300w, https:\/\/predmetyreklamni.eu\/vyrobce\/wp-content\/uploads\/1-400x300.jpg 400w, https:\/\/predmetyreklamni.eu\/vyrobce\/wp-content\/uploads\/1.jpg 500w\" sizes=\"(max-width: 300px) 100vw, 300px\" \/><\/a><\/p>\n<ul>\n<li>vzorky zdarma<\/li>\n<li>r\u016fzn\u00e9 formy potisku dle Va\u0161eho p\u0159\u00e1n\u00ed (3D, ofsetov\u00fd tisk, s\u00edtotisk, matn\u00e9, s ra\u017ebou, transparentn\u00ed, zlat\u00e1\/st\u0159\u00edbrn\u00e1 ra\u017eba, zlat\u00fd \u010di st\u0159\u00edbrn\u00fd t\u0159pytiv\u00fd efekt<\/li>\n<li>jak\u00e9koliv barvy a unik\u00e1tn\u00ed design<\/li>\n<li>jak\u00e1koliv velikost na zak\u00e1zku<\/li>\n<li>dodac\u00ed lh\u016fta 19 dn\u00ed<\/li>\n<li>materi\u00e1l PVC\/plast<\/li>\n<\/ul>\n<p>&nbsp;<\/p>\n<h2 style=\"text-align: justify;\">Standardn\u00ed plastov\u00e9 karty s potiskem<\/h2>\n<ul>\n<li>jednobarevn\u00ed nebo plnobarevn\u00fd potisk na jedn\u00e9 na obou stran\u00e1ch<\/li>\n<li>b\u00edl\u00e9 PVC karty skladem u v\u00fdrobce<\/li>\n<li>standardn\u00ed obd\u00e9ln\u00edkov\u00e9 rozm\u011bry\u00a08.55 cm x 5.4 cm se zaoblen\u00fdmi rohy<\/li>\n<li>standardn\u00ed tlou\u0161\u0165ka 0,02 cm &#8211; 0,07 cm<\/li>\n<\/ul>\n<p>N\u00ed\u017ee V\u00e1m p\u0159edstav\u00edme standardn\u00ed plastov\u00e9 karty s potiskem<\/p>\n<h2>Plastov\u00e9 karty\/vizitky s potiskem<\/h2>\n<p style=\"text-align: justify;\"><a href=\"http:\/\/predmetyreklamni.eu\/vyrobce\/wp-content\/uploads\/GS-PC001.jpg\"><img decoding=\"async\" loading=\"lazy\" class=\"alignleft size-medium wp-image-1270\" title=\"Plastov\u00e9 karty\/vizitky s potiskem\" alt=\"Plastov\u00e9 karty\/vizitky s potiskem\" src=\"http:\/\/predmetyreklamni.eu\/vyrobce\/wp-content\/uploads\/GS-PC001-300x264.jpg\" width=\"300\" height=\"264\" srcset=\"https:\/\/predmetyreklamni.eu\/vyrobce\/wp-content\/uploads\/GS-PC001-300x264.jpg 300w, https:\/\/predmetyreklamni.eu\/vyrobce\/wp-content\/uploads\/GS-PC001-340x300.jpg 340w, https:\/\/predmetyreklamni.eu\/vyrobce\/wp-content\/uploads\/GS-PC001.jpg 500w\" sizes=\"(max-width: 300px) 100vw, 300px\" \/><\/a>Firemn\u00ed plastov\u00e9 karty\/vizitky na zak\u00e1zku s vlastn\u00edm potiskem. Plastov\u00e9 vizitky jsou mnohem popul\u00e1rn\u011bj\u0161\u00ed ne\u017e b\u011b\u017en\u00e9 pap\u00edrov\u00e9 vizitky, proto\u017ee plastov\u00e9 vizitky mnohem d\u00e9le vydr\u017e\u00ed a ud\u011blaj\u00ed v\u011bt\u0161\u00ed dojem.<br \/>\n<strong>Rozm\u011bry<\/strong>:\u00a08.55 cm x 5.4 cm nebo na zak\u00e1zku<br \/>\n<strong>Polo\u017eka \u010d.:\u00a0<\/strong>GS-PC001<br \/>\n<strong>Materi\u00e1l<\/strong>: PVC<br \/>\n<strong>Min. objedn\u00e1vka:<\/strong>\u00a01000 ks<br \/>\n<strong>Cena<\/strong>:\u00a0<a title=\"ZASLAT POPT\u00c1VKU\" href=\"mailto:info@predmetyreklamni.eu\">ZASLAT POPT\u00c1VKU\u00a0<\/a><\/p>\n<h2 style=\"text-align: justify;\">Plastov\u00e9 \u010dlensk\u00e9 karty na zak\u00e1zku s potiskem<\/h2>\n<p style=\"text-align: justify;\"><a href=\"http:\/\/predmetyreklamni.eu\/vyrobce\/wp-content\/uploads\/GS-PC0021.jpg\"><img decoding=\"async\" loading=\"lazy\" class=\"alignleft size-medium wp-image-1272\" title=\"Plastov\u00e9 \u010dlensk\u00e9 karty na zak\u00e1zku s potiskem\" alt=\"Plastov\u00e9 \u010dlensk\u00e9 karty na zak\u00e1zku s potiskem\" src=\"http:\/\/predmetyreklamni.eu\/vyrobce\/wp-content\/uploads\/GS-PC0021-300x225.jpg\" width=\"300\" height=\"225\" srcset=\"https:\/\/predmetyreklamni.eu\/vyrobce\/wp-content\/uploads\/GS-PC0021-300x225.jpg 300w, https:\/\/predmetyreklamni.eu\/vyrobce\/wp-content\/uploads\/GS-PC0021-400x300.jpg 400w, https:\/\/predmetyreklamni.eu\/vyrobce\/wp-content\/uploads\/GS-PC0021.jpg 640w\" sizes=\"(max-width: 300px) 100vw, 300px\" \/><\/a>Chcete plastov\u00e9 \u010dlensk\u00e9 karty pro sv\u00e9 klubov\u00e9 \u010dleny? Na zak\u00e1zku V\u00e1m vyrob\u00edme \u010dlensk\u00e9 plastov\u00e9 karty s jak\u00fdmkoliv potiskem a jak\u00e9hokoliv designu.<br \/>\n<strong>Rozm\u011bry<\/strong>:\u00a08.55 cm x 5.4 cm nebo na zak\u00e1zku<br \/>\n<strong>Polo\u017eka \u010d.:\u00a0<\/strong>GS-PC002<br \/>\n<strong>Materi\u00e1l<\/strong>: PVC<br \/>\n<strong>Min. objedn\u00e1vka:<\/strong>\u00a01000 ks<br \/>\n<strong>Cena<\/strong>:\u00a0<a title=\"ZASLAT POPT\u00c1VKU\" href=\"mailto:info@predmetyreklamni.eu\">ZASLAT POPT\u00c1VKU\u00a0<\/a><\/p>\n<h2 style=\"text-align: justify;\">Plastov\u00e9 v\u011brnostn\u00ed karty s potiskem na zak\u00e1zku<\/h2>\n<p><a href=\"http:\/\/predmetyreklamni.eu\/vyrobce\/wp-content\/uploads\/GS-PC003.jpg\"><img decoding=\"async\" loading=\"lazy\" class=\"alignleft size-medium wp-image-1274\" title=\"Plastov\u00e9 v\u011brnostn\u00ed karty s potiskem na zak\u00e1zku\" alt=\"Plastov\u00e9 v\u011brnostn\u00ed karty s potiskem na zak\u00e1zku\" src=\"http:\/\/predmetyreklamni.eu\/vyrobce\/wp-content\/uploads\/GS-PC003-300x225.jpg\" width=\"300\" height=\"225\" srcset=\"https:\/\/predmetyreklamni.eu\/vyrobce\/wp-content\/uploads\/GS-PC003-300x225.jpg 300w, https:\/\/predmetyreklamni.eu\/vyrobce\/wp-content\/uploads\/GS-PC003-400x300.jpg 400w, https:\/\/predmetyreklamni.eu\/vyrobce\/wp-content\/uploads\/GS-PC003.jpg 640w\" sizes=\"(max-width: 300px) 100vw, 300px\" \/><\/a><span style=\"text-align: justify;\">Chcete pro sv\u00e9 z\u00e1kazn\u00edky plastov\u00e9 v\u011brnostn\u00ed karty s origin\u00e1ln\u00ed potiskem? My V\u00e1m vyrob\u00edme plastov\u00e9 v\u011brnostn\u00ed karty na zak\u00e1zku s jak\u00fdmkoliv potiskem.<br \/>\n<\/span><strong style=\"text-align: justify;\">Rozm\u011bry<\/strong><span style=\"text-align: justify;\">:\u00a08.55 cm x 5.4 cm nebo na zak\u00e1zku<br \/>\n<\/span><strong style=\"text-align: justify;\">Polo\u017eka \u010d.:\u00a0<\/strong><span style=\"text-align: justify;\">GS-PC003<br \/>\n<\/span><strong style=\"text-align: justify;\">Materi\u00e1l<\/strong><span style=\"text-align: justify;\">: PVC<br \/>\n<\/span><strong style=\"text-align: justify;\">Min. objedn\u00e1vka:<\/strong><span style=\"text-align: justify;\">\u00a01000 ks<br \/>\n<\/span><strong>Cena<\/strong>:\u00a0<a title=\"ZASLAT POPT\u00c1VKU\" href=\"mailto:info@predmetyreklamni.eu\">ZASLAT POPT\u00c1VKU\u00a0<\/a><\/p>\n<h2 style=\"text-align: justify;\">Plastov\u00e9 slevov\u00e9 karty s vlastn\u00edm potiskem<\/h2>\n<p style=\"text-align: justify;\"><a href=\"http:\/\/predmetyreklamni.eu\/vyrobce\/wp-content\/uploads\/GS-PC004.jpg\"><img decoding=\"async\" loading=\"lazy\" class=\"alignleft size-medium wp-image-1276\" title=\"Plastov\u00e9 slevov\u00e9 karty s vlastn\u00edm potiskem\" alt=\"Plastov\u00e9 slevov\u00e9 karty s vlastn\u00edm potiskem\" src=\"http:\/\/predmetyreklamni.eu\/vyrobce\/wp-content\/uploads\/GS-PC004-300x192.jpg\" width=\"300\" height=\"192\" srcset=\"https:\/\/predmetyreklamni.eu\/vyrobce\/wp-content\/uploads\/GS-PC004-300x192.jpg 300w, https:\/\/predmetyreklamni.eu\/vyrobce\/wp-content\/uploads\/GS-PC004-467x300.jpg 467w, https:\/\/predmetyreklamni.eu\/vyrobce\/wp-content\/uploads\/GS-PC004.jpg 640w\" sizes=\"(max-width: 300px) 100vw, 300px\" \/><\/a>Nechte si vyrobit plastov\u00e9 slevov\u00e9 karty s vlastn\u00edm potiskem za skv\u011bl\u00e9 ceny. Plastov\u00e9 slevov\u00e9 karty vyrob\u00edme jak\u00e9koliv barv\u011b a velikosti.<br \/>\n<strong>Rozm\u011bry<\/strong>:\u00a08.55 cm x 5.4 cm nebo na zak\u00e1zku<br \/>\n<strong>Polo\u017eka \u010d.:\u00a0<\/strong>GS-PC004<br \/>\n<strong>Materi\u00e1l<\/strong>: PVC<br \/>\n<strong>Min. objedn\u00e1vka:<\/strong>\u00a01000 ks<br \/>\n<strong>Cena<\/strong>:\u00a0<a title=\"ZASLAT POPT\u00c1VKU\" href=\"mailto:info@predmetyreklamni.eu\">ZASLAT POPT\u00c1VKU\u00a0<\/a><\/p>\n<h2 style=\"text-align: justify;\">Plastov\u00e9 z\u00e1kaznick\u00e9 karty s potiskem<\/h2>\n<p><a href=\"http:\/\/predmetyreklamni.eu\/vyrobce\/wp-content\/uploads\/GS-PC005.jpg\"><img decoding=\"async\" loading=\"lazy\" class=\"alignleft size-medium wp-image-1278\" title=\"Plastov\u00e9 z\u00e1kaznick\u00e9 karty s potiskem\" alt=\"Plastov\u00e9 z\u00e1kaznick\u00e9 karty s potiskem\" src=\"http:\/\/predmetyreklamni.eu\/vyrobce\/wp-content\/uploads\/GS-PC005-300x225.jpg\" width=\"300\" height=\"225\" srcset=\"https:\/\/predmetyreklamni.eu\/vyrobce\/wp-content\/uploads\/GS-PC005-300x225.jpg 300w, https:\/\/predmetyreklamni.eu\/vyrobce\/wp-content\/uploads\/GS-PC005-400x300.jpg 400w, https:\/\/predmetyreklamni.eu\/vyrobce\/wp-content\/uploads\/GS-PC005.jpg 640w\" sizes=\"(max-width: 300px) 100vw, 300px\" \/><\/a><span style=\"text-align: justify;\">Vyrob\u00edme plastov\u00e9 z\u00e1kaznick\u00e9 karty s vlastn\u00edm potiskem. V\u011bnujte sv\u00fdm z\u00e1kazn\u00edk\u016fm plastov\u00e9 z\u00e1kaznick\u00e9 karty s potiskem a aktivujte jim v\u011brnostn\u00ed program pln\u00fd odm\u011bn.<br \/>\n<\/span><strong style=\"text-align: justify;\">Rozm\u011bry<\/strong><span style=\"text-align: justify;\">:\u00a08.55 cm x 5.4 cm nebo na zak\u00e1zku<br \/>\n<\/span><strong style=\"text-align: justify;\">Polo\u017eka \u010d.:\u00a0<\/strong><span style=\"text-align: justify;\">GS-PC005<br \/>\n<\/span><strong style=\"text-align: justify;\">Materi\u00e1l<\/strong><span style=\"text-align: justify;\">: PVC<br \/>\n<\/span><strong style=\"text-align: justify;\">Min. objedn\u00e1vka:<\/strong><span style=\"text-align: justify;\">\u00a01000 ks<br \/>\n<\/span><strong>Cena<\/strong>:\u00a0<a title=\"ZASLAT POPT\u00c1VKU\" href=\"mailto:info@predmetyreklamni.eu\">ZASLAT POPT\u00c1VKU\u00a0<\/a><\/p>\n<h2 style=\"text-align: justify;\">D\u00e1rkov\u00e9 plastov\u00e9 karty s potiskem<\/h2>\n<p><a href=\"http:\/\/predmetyreklamni.eu\/vyrobce\/wp-content\/uploads\/GS-PC006.jpg\"><img decoding=\"async\" loading=\"lazy\" class=\"alignleft size-medium wp-image-1280\" title=\"D\u00e1rkov\u00e9 plastov\u00e9 karty s potiskem\" alt=\"D\u00e1rkov\u00e9 plastov\u00e9 karty s potiskem\" src=\"http:\/\/predmetyreklamni.eu\/vyrobce\/wp-content\/uploads\/GS-PC006-300x209.jpg\" width=\"300\" height=\"209\" srcset=\"https:\/\/predmetyreklamni.eu\/vyrobce\/wp-content\/uploads\/GS-PC006-300x209.jpg 300w, https:\/\/predmetyreklamni.eu\/vyrobce\/wp-content\/uploads\/GS-PC006-429x300.jpg 429w, https:\/\/predmetyreklamni.eu\/vyrobce\/wp-content\/uploads\/GS-PC006.jpg 640w\" sizes=\"(max-width: 300px) 100vw, 300px\" \/><\/a>D\u00e1rkov\u00e9 plastov\u00e9 karty matn\u00e9, leskl\u00e9, s ra\u017ebou, s potiskem v metalick\u00fdch barv\u00e1ch a mnoho dal\u0161\u00edch design\u016f je k dispozici. D\u00e1rkov\u00e9 plastov\u00e9 karty s potiskem od v\u00fdrobce za skv\u011bl\u00e9 ceny.<br \/>\n<strong>Rozm\u011bry<\/strong>:\u00a08.55 cm x 5.4 cm nebo na zak\u00e1zku<br \/>\n<strong>Polo\u017eka \u010d.:\u00a0<\/strong>GS-PC006<br \/>\n<strong>Materi\u00e1l<\/strong>: PVC<br \/>\n<strong>Min. objedn\u00e1vka:<\/strong>\u00a01000 ks<br \/>\n<strong>Cena<\/strong>:\u00a0<a title=\"ZASLAT POPT\u00c1VKU\" href=\"mailto:info@predmetyreklamni.eu\">ZASLAT POPT\u00c1VKU\u00a0<\/a><\/p>\n<h2 style=\"text-align: justify;\">Plastov\u00e9 karty s vlastn\u00edm potiskem<\/h2>\n<p style=\"text-align: justify;\">Navrhn\u011bte si plastov\u00e9 karty s vlastn\u00edm potiskem, logem firmy, sloganem, zna\u010dkou. D\u00edky na\u0161\u00ed \u0161irok\u00e9 nab\u00eddce mo\u017enosti zpracov\u00e1n\u00ed si m\u016f\u017eete vytvo\u0159it origin\u00e1ln\u00ed plastov\u00e9 karty s vlastn\u00edm potiskem a m\u00edt firemn\u00ed ID karty pro zam\u011bstnance. Slevov\u00e9 karty, VIP karty, \u010dlensk\u00e9 nebo d\u00e1rkov\u00e9 karty, kter\u00e9 v\u011bnujete sv\u00fdch st\u00e1vaj\u00edc\u00edm z\u00e1kazn\u00edk\u016fm a nav\u00edc p\u0159il\u00e1k\u00e1te nov\u00e9. S pomoc\u00ed plastov\u00e9 karty s vlastn\u00edm potiskem z\u00edsk\u00e1te tak\u00e9 reklamn\u00ed p\u0159edm\u011bt, kter\u00fd podpo\u0159\u00ed pov\u011bdom\u00ed o Va\u0161\u00ed zna\u010dce, m\u016f\u017eete sledovat v\u00fddaje z\u00e1kazn\u00edk\u016f a takt\u00e9\u017e m\u016f\u017eete nav\u00fd\u0161it sv\u00e9 prodeje.<\/p>\n<h2 style=\"text-align: justify;\">Jsme dodavatel pro plastov\u00e9 karty s potiskem<\/h2>\n<p style=\"text-align: justify;\">Jako profesion\u00e1ln\u00ed dodavatel pro plastov\u00e9 karty s potiskem um\u00edme dodat plastov\u00e9 karty r\u016fzn\u00fdch tip\u016f s n\u00e1sleduj\u00edc\u00edmi prvky: 3D, s ofsetov\u00fdm tiskem, se s\u00edtotiskem, s ra\u017ebou, matn\u00e9, transparentn\u00ed, se zlatou\/st\u0159\u00edbrnou ra\u017ebou, s magnetick\u00fdm prou\u017ekem, s \u010d\u00e1rov\u00fdm k\u00f3dem \u010di bezkontaktn\u00ed \u010dipem mifare. V\u0161echny plastov\u00e9 karty s v\u00fd\u0161e uveden\u00fdmi vlastnostmi mohou b\u00fdt nav\u00edc opat\u0159eny vlastn\u00edm potiskem a tak Va\u0161e plastov\u00e9 karty budou unik\u00e1tn\u00ed a budou p\u016fsobit profesion\u00e1ln\u00edm dojmem.<\/p>\n<p style=\"text-align: justify;\">Zaujaly V\u00e1s na\u0161e plastov\u00e9 karty s potiskem a chcete si je nechat na zak\u00e1zku vyrobit? Kontaktujte n\u00e1s pro cenovou nab\u00eddku na emailu:<a href=\"mailto:info@predmetyreklamni.eu\">\u00a0info@predmetyreklamni.eu<\/a><\/p>\n<p style=\"text-align: justify;\"><strong>Do cenov\u00e9 popt\u00e1vky pros\u00edm uve\u010fte pot\u0159ebn\u00e9 informace pro cenovou nab\u00eddku jako<\/strong>: mno\u017estv\u00ed, velikost, barevn\u00e9 proveden\u00ed nebo kombinaci barev, dobu dod\u00e1n\u00ed. V\u0161echny tyto informace n\u00e1m pomohou k rychlej\u0161\u00edmu zpracov\u00e1n\u00ed cenov\u00e9 nab\u00eddky pr\u00e1v\u011b pro V\u00e1s.<\/p>\n<p style=\"text-align: justify;\">T\u011b\u0161\u00edme se na spolupr\u00e1ci! Team Gifts Service<\/p>\n","protected":false},"excerpt":{"rendered":"<p>PLASTOV\u00c9 KARTY S POTISKEM Co nab\u00edz\u00ed plastov\u00e9 karty s potiskem? voliteln\u00e1 tlou\u0161\u0165ka &#8211; 0.30mm, 0.46mm nebo 0,76mm (standardn\u00ed tlou\u0161\u0165ka platebn\u00edch karet) leskl\u00e9 nebo matn\u00e9 proveden\u00ed t\u0159pytiv\u00fd efekt tzv. glitter efekt (k dispozici na leskl\u00e9 proveden\u00ed) vytla\u010den\u00ed jm\u00e9na\/\u010d\u00edsel na kartu nanesen\u00ed &hellip; <a href=\"https:\/\/predmetyreklamni.eu\/vyrobce\/sk\/plastove-karty-s-potiskem\/\">Continue reading <span class=\"meta-nav\">&rarr;<\/span><\/a><\/p>\n","protected":false},"author":1,"featured_media":0,"parent":0,"menu_order":15,"comment_status":"closed","ping_status":"closed","template":"sidebar-page.php","meta":[],"_links":{"self":[{"href":"https:\/\/predmetyreklamni.eu\/vyrobce\/sk\/wp-json\/wp\/v2\/pages\/1249"}],"collection":[{"href":"https:\/\/predmetyreklamni.eu\/vyrobce\/sk\/wp-json\/wp\/v2\/pages"}],"about":[{"href":"https:\/\/predmetyreklamni.eu\/vyrobce\/sk\/wp-json\/wp\/v2\/types\/page"}],"author":[{"embeddable":true,"href":"https:\/\/predmetyreklamni.eu\/vyrobce\/sk\/wp-json\/wp\/v2\/users\/1"}],"replies":[{"embeddable":true,"href":"https:\/\/predmetyreklamni.eu\/vyrobce\/sk\/wp-json\/wp\/v2\/comments?post=1249"}],"version-history":[{"count":28,"href":"https:\/\/predmetyreklamni.eu\/vyrobce\/sk\/wp-json\/wp\/v2\/pages\/1249\/revisions"}],"predecessor-version":[{"id":1252,"href":"https:\/\/predmetyreklamni.eu\/vyrobce\/sk\/wp-json\/wp\/v2\/pages\/1249\/revisions\/1252"}],"wp:attachment":[{"href":"https:\/\/predmetyreklamni.eu\/vyrobce\/sk\/wp-json\/wp\/v2\/media?parent=1249"}],"curies":[{"name":"wp","href":"https:\/\/api.w.org\/{rel}","templated":true}]}}