{"id":1319,"date":"2013-07-19T08:47:28","date_gmt":"2013-07-19T08:47:28","guid":{"rendered":"http:\/\/predmetyreklamni.eu\/vyrobce\/?page_id=1319"},"modified":"2020-04-21T06:04:14","modified_gmt":"2020-04-21T06:04:14","slug":"vlhcene-kapesniky-na-zakazku","status":"publish","type":"page","link":"https:\/\/predmetyreklamni.eu\/vyrobce\/sk\/vlhcene-kapesniky-na-zakazku\/","title":{"rendered":"Vlh\u010den\u00e9 kapesn\u00edky na zak\u00e1zku"},"content":{"rendered":"<h1 style=\"text-align: justify;\">VLH\u010cEN\u00c9 KAPESN\u00cdKY NA ZAK\u00c1ZKU<\/h1>\n<h2 style=\"text-align: justify;\">Vlh\u010den\u00e9 reklamn\u00ed kapesn\u00edky na zak\u00e1zku<\/h2>\n<p style=\"text-align: justify;\">Reklamn\u00ed vlh\u010den\u00e9 kapesn\u00edky na zak\u00e1zku jsou u\u017eite\u010dn\u00fd reklamn\u00ed p\u0159edm\u011bt, kter\u00fd vyu\u017eijete <a href=\"http:\/\/predmetyreklamni.eu\/vyrobce\/wp-content\/uploads\/reklamn\u00ed-vlh\u010den\u00e9-kapesn\u00edky-na-zak\u00e1zku.jpg\"><img decoding=\"async\" loading=\"lazy\" class=\"alignright  wp-image-2088\" title=\"reklamn\u00ed vlh\u010den\u00e9 kapesn\u00edky na zak\u00e1zku\" alt=\"reklamn\u00ed vlh\u010den\u00e9 kapesn\u00edky na zak\u00e1zku\" src=\"http:\/\/predmetyreklamni.eu\/vyrobce\/wp-content\/uploads\/reklamn\u00ed-vlh\u010den\u00e9-kapesn\u00edky-na-zak\u00e1zku-300x300.jpg\" width=\"240\" height=\"240\" srcset=\"https:\/\/predmetyreklamni.eu\/vyrobce\/wp-content\/uploads\/reklamn\u00ed-vlh\u010den\u00e9-kapesn\u00edky-na-zak\u00e1zku-300x300.jpg 300w, https:\/\/predmetyreklamni.eu\/vyrobce\/wp-content\/uploads\/reklamn\u00ed-vlh\u010den\u00e9-kapesn\u00edky-na-zak\u00e1zku-150x150.jpg 150w, https:\/\/predmetyreklamni.eu\/vyrobce\/wp-content\/uploads\/reklamn\u00ed-vlh\u010den\u00e9-kapesn\u00edky-na-zak\u00e1zku.jpg 804w\" sizes=\"(max-width: 240px) 100vw, 240px\" \/><\/a>pro sv\u00e9 klienty, a\u0165 u\u017e jste restaurace, hotel, leteck\u00e1 spole\u010dnost nebo softwarov\u00e1 firma. Vlh\u010den\u00e9 kapesn\u00edky pro V\u00e1s vyrob\u00edme na zak\u00e1zku v jak\u00e9koliv velikosti, s potiskem Va\u0161eho loga, zna\u010dky, sloganu \u010di jin\u00e9ho sd\u011blen\u00ed. Vlh\u010den\u00e9 kapesn\u00edky se vyu\u017e\u00edvaj\u00ed k dezinfekci rukou, osv\u011b\u017een\u00ed obli\u010deje, p\u0159i r\u00fdm\u011b a nachlazen\u00ed nebo pro d\u011bti. Vlh\u010den\u00e9 kapesn\u00edky lze na zak\u00e1zku vyrobit v r\u016fzn\u00fdch balen\u00edch, a to samostatn\u011b po jednom kuse, kapesn\u00ed po v\u00edce kusech nebo velk\u00e1 balen\u00ed po v\u00edce ne\u017e 10 kusech.<\/p>\n<h2 style=\"text-align: justify;\">Vlh\u010den\u00e9 reklamn\u00ed kapesn\u00edky na zak\u00e1zku nab\u00eddka<\/h2>\n<p style=\"text-align: justify;\">N\u00ed\u017ee V\u00e1m p\u0159edstav\u00edme mo\u017enosti, kter\u00e9 nab\u00edz\u00ed reklamn\u00ed vlh\u010den\u00e9 kapesn\u00edky na zak\u00e1zku.\u00a0M\u00e1te jinou p\u0159edstavu o sv\u00e9m produktu vlh\u010den\u00e9 kapesn\u00edky?\u00a0<a href=\"mailto:info@predmetyreklamni.eu\">Kontaktujte\u00a0<\/a>n\u00e1s s cenovou popt\u00e1vkou.<\/p>\n<h2 style=\"text-align: justify;\">Vlh\u010den\u00e9 kapesn\u00edky na zak\u00e1zku jednotliv\u011b balen\u00e9<\/h2>\n<p style=\"text-align: justify;\"><a href=\"http:\/\/predmetyreklamni.eu\/vyrobce\/wp-content\/uploads\/Vlh\u010den\u00e9-kapesn\u00edky-na-zak\u00e1zku-jednotliv\u011b-balen\u00e9.jpg\"><img decoding=\"async\" loading=\"lazy\" class=\"size-medium wp-image-2090 alignleft\" title=\"Vlh\u010den\u00e9 kapesn\u00edky na zak\u00e1zku jednotliv\u011b balen\u00e9\" alt=\"Vlh\u010den\u00e9 kapesn\u00edky na zak\u00e1zku jednotliv\u011b balen\u00e9\" src=\"http:\/\/predmetyreklamni.eu\/vyrobce\/wp-content\/uploads\/Vlh\u010den\u00e9-kapesn\u00edky-na-zak\u00e1zku-jednotliv\u011b-balen\u00e9-300x170.jpg\" width=\"300\" height=\"170\" srcset=\"https:\/\/predmetyreklamni.eu\/vyrobce\/wp-content\/uploads\/Vlh\u010den\u00e9-kapesn\u00edky-na-zak\u00e1zku-jednotliv\u011b-balen\u00e9-300x170.jpg 300w, https:\/\/predmetyreklamni.eu\/vyrobce\/wp-content\/uploads\/Vlh\u010den\u00e9-kapesn\u00edky-na-zak\u00e1zku-jednotliv\u011b-balen\u00e9-500x283.jpg 500w, https:\/\/predmetyreklamni.eu\/vyrobce\/wp-content\/uploads\/Vlh\u010den\u00e9-kapesn\u00edky-na-zak\u00e1zku-jednotliv\u011b-balen\u00e9.jpg 600w\" sizes=\"(max-width: 300px) 100vw, 300px\" \/><\/a>Vlh\u010den\u00e9 kapesn\u00edky jsou na zak\u00e1zku jednotliv\u011b balen\u00e9. Obal na vlh\u010den\u00e9 kapesn\u00edky nechte potisknout na zak\u00e1zku a z\u00edskejte praktick\u00fd reklamn\u00ed p\u0159edm\u011bt, kter\u00fd se hod\u00ed p\u0159i ka\u017ed\u00e9 p\u0159\u00edle\u017eitosti. Vlh\u010den\u00e9 kapesn\u00edky jsou vyrobeny z materi\u00e1lu spunlace a maj\u00ed \u0161irok\u00e9 vyu\u017eit\u00ed &#8211; dezinfek\u010dn\u00ed, osv\u011b\u017euj\u00edc\u00ed, parf\u00e9movan\u00e9, repelentn\u00ed.<br \/>\n<strong>Min. objedn\u00e1vka:<\/strong>\u00a05000 ks<br \/>\n<strong>Materi\u00e1l<\/strong>: spunlace<br \/>\n<strong>Rozm\u011bry kapesn\u00edku:\u00a0<\/strong>na zak\u00e1zku<br \/>\n<strong>Rozm\u011bry balen\u00ed<\/strong>: 10 x 7 cm nebo na zak\u00e1zku<br \/>\n<strong>Po\u010det v balen\u00ed<\/strong>: 1 ks<br \/>\n<strong>Potisk<\/strong>: na zak\u00e1zku<br \/>\n<strong>Cena<\/strong>:\u00a0<a href=\"mailto:info@predmetyreklamni.eu\">ZASLAT POPT\u00c1VKU<\/a><\/p>\n<h2 style=\"text-align: justify;\">\u00a0Reklamn\u00ed vlh\u010den\u00e9 kapesn\u00edky s potiskem na zak\u00e1zku<\/h2>\n<p style=\"text-align: justify;\"><a href=\"http:\/\/predmetyreklamni.eu\/vyrobce\/wp-content\/uploads\/Reklamn\u00ed-vlh\u010den\u00e9-kapesn\u00edky-s-potiskem-na-zak\u00e1zku.jpg\"><img decoding=\"async\" loading=\"lazy\" class=\" wp-image-2092 alignleft\" title=\"Reklamn\u00ed vlh\u010den\u00e9 kapesn\u00edky s potiskem na zak\u00e1zku\" alt=\"Reklamn\u00ed vlh\u010den\u00e9 kapesn\u00edky s potiskem na zak\u00e1zku\" src=\"http:\/\/predmetyreklamni.eu\/vyrobce\/wp-content\/uploads\/Reklamn\u00ed-vlh\u010den\u00e9-kapesn\u00edky-s-potiskem-na-zak\u00e1zku-300x300.jpg\" width=\"240\" height=\"240\" srcset=\"https:\/\/predmetyreklamni.eu\/vyrobce\/wp-content\/uploads\/Reklamn\u00ed-vlh\u010den\u00e9-kapesn\u00edky-s-potiskem-na-zak\u00e1zku-300x300.jpg 300w, https:\/\/predmetyreklamni.eu\/vyrobce\/wp-content\/uploads\/Reklamn\u00ed-vlh\u010den\u00e9-kapesn\u00edky-s-potiskem-na-zak\u00e1zku-150x150.jpg 150w, https:\/\/predmetyreklamni.eu\/vyrobce\/wp-content\/uploads\/Reklamn\u00ed-vlh\u010den\u00e9-kapesn\u00edky-s-potiskem-na-zak\u00e1zku.jpg 600w\" sizes=\"(max-width: 240px) 100vw, 240px\" \/><\/a><\/p>\n<p style=\"text-align: justify;\">Reklamn\u00ed vlh\u010den\u00e9 kapesn\u00edky jsou vyrobeny z visk\u00f3zy a polyesteru a jsou m\u011bkk\u00e9 a p\u0159\u00edjemn\u00e9. Reklamn\u00ed vlh\u010den\u00e9 kapesn\u00edky v tomto balen\u00ed m\u016f\u017eete nechat na zak\u00e1zku opat\u0159it potiskem dle vlastn\u00edho n\u00e1vrhu. Z\u00edsk\u00e1te tak praktick\u00fd reklamn\u00ed p\u0159edm\u011bt, kter\u00fd m\u00e1 \u0161irok\u00e9 vyu\u017eit\u00ed. Vlh\u010den\u00e9 kapesn\u00edky mohou b\u00fdt na zak\u00e1zku antibakteri\u00e1ln\u00ed, \u010dist\u00edc\u00ed, osv\u011b\u017euj\u00edc\u00ed, dezinfek\u010dn\u00ed, repelentn\u00ed v p\u011bkn\u00e9m obalu s Va\u0161\u00edm logem. Reklamn\u00ed vlh\u010den\u00e9 kapesn\u00edky s potiskem pro efektivn\u00ed propagaci zna\u010dky.<\/p>\n<p style=\"text-align: justify;\"><strong>Min. objedn\u00e1vka:<\/strong>\u00a01000 ks<br \/>\n<strong>Materi\u00e1l:<\/strong>\u00a0visk\u00f3za a polyester<br \/>\n<strong>Rozm\u011bry kapesn\u00edku: \u00a0<\/strong>21 x 21 cm, slo\u017een\u00e9 10 x 5.5 cm nebo na zak\u00e1zku<br \/>\n<strong>Rozm\u011bry balen\u00ed:\u00a0<\/strong>13 x 5.5x 1.5 cm nebo na zak\u00e1zku<br \/>\n<strong>Po\u010det v balen\u00ed<\/strong>:\u00a05 \/ 10 ks v balen\u00ed; t\u0159\u00edvrstv\u00e9 nebo na zak\u00e1zku<br \/>\n<strong>Potisk<\/strong>: na zak\u00e1zku<br \/>\n<strong>Cena<\/strong>:\u00a0<a href=\"mailto:info@predmetyreklamni.eu\">ZASLAT POPT\u00c1VKU<\/a><\/p>\n<h2 style=\"text-align: justify;\">Vlh\u010den\u00e9 kapesn\u00edky na zak\u00e1zku s logem<\/h2>\n<p style=\"text-align: justify;\"><a href=\"http:\/\/predmetyreklamni.eu\/vyrobce\/wp-content\/uploads\/Vlh\u010den\u00e9-kapesn\u00edky-na-zak\u00e1zku-s-logem.jpg\"><img decoding=\"async\" loading=\"lazy\" class=\" wp-image-2094 alignleft\" title=\"Vlh\u010den\u00e9 kapesn\u00edky na zak\u00e1zku s logem\" alt=\"Vlh\u010den\u00e9 kapesn\u00edky na zak\u00e1zku s logem\" src=\"http:\/\/predmetyreklamni.eu\/vyrobce\/wp-content\/uploads\/Vlh\u010den\u00e9-kapesn\u00edky-na-zak\u00e1zku-s-logem-300x300.jpg\" width=\"243\" height=\"243\" srcset=\"https:\/\/predmetyreklamni.eu\/vyrobce\/wp-content\/uploads\/Vlh\u010den\u00e9-kapesn\u00edky-na-zak\u00e1zku-s-logem-300x300.jpg 300w, https:\/\/predmetyreklamni.eu\/vyrobce\/wp-content\/uploads\/Vlh\u010den\u00e9-kapesn\u00edky-na-zak\u00e1zku-s-logem-150x150.jpg 150w, https:\/\/predmetyreklamni.eu\/vyrobce\/wp-content\/uploads\/Vlh\u010den\u00e9-kapesn\u00edky-na-zak\u00e1zku-s-logem.jpg 600w\" sizes=\"(max-width: 243px) 100vw, 243px\" \/><\/a><\/p>\n<p style=\"text-align: justify;\">Tyto vlh\u010den\u00e9 kapesn\u00edky m\u016f\u017eete na zak\u00e1zku nechat potisknout logem Va\u0161\u00ed firmy, zna\u010dky nebo jin\u00fdm reklamn\u00edm sd\u011blen\u00edm. Vlh\u010den\u00e9 kapesn\u00edky jsou vyrobeny z materi\u00e1lu spunlace, co\u017e je kvalitn\u00ed a odoln\u00e1 netkan\u00e1 tkanina, kter\u00e1 je hojn\u011b vyu\u017e\u00edv\u00e1na v mnoha odv\u011btv\u00edch jako je zdravotnictv\u00ed nebo spot\u0159ebn\u00ed pr\u016fmysl. Tento materi\u00e1l m\u016f\u017ee b\u00fdt napu\u0161t\u011bn p\u0159\u00edpravkem na Va\u0161e p\u0159\u00e1n\u00ed a Vy tak z\u00edsk\u00e1te reklamn\u00ed vlh\u010den\u00e9 kapesn\u00edky p\u0159esn\u011b pro Va\u0161e \u00fa\u010dely.<\/p>\n<p style=\"text-align: justify;\"><strong><br \/>\nMin. objedn\u00e1vka:<\/strong>\u00a01000 ks<br \/>\n<strong>Materi\u00e1l:<\/strong>\u00a0spunlace<br \/>\n<strong>Rozm\u011bry kapesn\u00edku: \u00a0<\/strong>15 x 20 cm nebo na zak\u00e1zku<br \/>\n<strong>Rozm\u011bry balen\u00ed:\u00a0<\/strong>na zak\u00e1zku<br \/>\n<strong>Po\u010det v balen\u00ed<\/strong>: na zak\u00e1zku<br \/>\n<strong>Potisk<\/strong>: na zak\u00e1zku<br \/>\n<strong>Cena<\/strong>:\u00a0<a href=\"mailto:info@predmetyreklamni.eu\">ZASLAT POPT\u00c1VKU<\/a><\/p>\n<p style=\"text-align: justify;\">Zaujala V\u00e1s na\u0161e nab\u00eddka a chcete si nechat na zak\u00e1zku vyrobit reklamn\u00ed vlh\u010den\u00e9 kapsn\u00edky na zak\u00e1zku s vlastn\u00edm potiskem a efektivn\u011b se prezentovat? \u00a0Kontaktujte n\u00e1s pro cenovou nab\u00eddku na emailu:<a href=\"mailto:info@predmetyreklamni.eu\">\u00a0info@predmetyreklamni.eu<\/a><\/p>\n<p style=\"text-align: justify;\"><strong>Do cenov\u00e9 popt\u00e1vky pros\u00edm uve\u010fte pot\u0159ebn\u00e9 informace pro cenovou nab\u00eddku jako<\/strong>: mno\u017estv\u00ed, velikost, barevn\u00e9 proveden\u00ed nebo kombinaci barev, dobu dod\u00e1n\u00ed. V\u0161echny tyto informace n\u00e1m pomohou k rychlej\u0161\u00edmu zpracov\u00e1n\u00ed cenov\u00e9 nab\u00eddky pr\u00e1v\u011b pro V\u00e1s.<\/p>\n<p style=\"text-align: justify;\">T\u011b\u0161\u00edme se na spolupr\u00e1ci! Team Gifts Service<\/p>\n","protected":false},"excerpt":{"rendered":"<p>VLH\u010cEN\u00c9 KAPESN\u00cdKY NA ZAK\u00c1ZKU Vlh\u010den\u00e9 reklamn\u00ed kapesn\u00edky na zak\u00e1zku Reklamn\u00ed vlh\u010den\u00e9 kapesn\u00edky na zak\u00e1zku jsou u\u017eite\u010dn\u00fd reklamn\u00ed p\u0159edm\u011bt, kter\u00fd vyu\u017eijete pro sv\u00e9 klienty, a\u0165 u\u017e jste restaurace, hotel, leteck\u00e1 spole\u010dnost nebo softwarov\u00e1 firma. Vlh\u010den\u00e9 kapesn\u00edky pro V\u00e1s vyrob\u00edme na zak\u00e1zku &hellip; <a href=\"https:\/\/predmetyreklamni.eu\/vyrobce\/sk\/vlhcene-kapesniky-na-zakazku\/\">Continue reading <span class=\"meta-nav\">&rarr;<\/span><\/a><\/p>\n","protected":false},"author":1,"featured_media":0,"parent":0,"menu_order":12,"comment_status":"closed","ping_status":"closed","template":"sidebar-page.php","meta":[],"_links":{"self":[{"href":"https:\/\/predmetyreklamni.eu\/vyrobce\/sk\/wp-json\/wp\/v2\/pages\/1319"}],"collection":[{"href":"https:\/\/predmetyreklamni.eu\/vyrobce\/sk\/wp-json\/wp\/v2\/pages"}],"about":[{"href":"https:\/\/predmetyreklamni.eu\/vyrobce\/sk\/wp-json\/wp\/v2\/types\/page"}],"author":[{"embeddable":true,"href":"https:\/\/predmetyreklamni.eu\/vyrobce\/sk\/wp-json\/wp\/v2\/users\/1"}],"replies":[{"embeddable":true,"href":"https:\/\/predmetyreklamni.eu\/vyrobce\/sk\/wp-json\/wp\/v2\/comments?post=1319"}],"version-history":[{"count":21,"href":"https:\/\/predmetyreklamni.eu\/vyrobce\/sk\/wp-json\/wp\/v2\/pages\/1319\/revisions"}],"predecessor-version":[{"id":2084,"href":"https:\/\/predmetyreklamni.eu\/vyrobce\/sk\/wp-json\/wp\/v2\/pages\/1319\/revisions\/2084"}],"wp:attachment":[{"href":"https:\/\/predmetyreklamni.eu\/vyrobce\/sk\/wp-json\/wp\/v2\/media?parent=1319"}],"curies":[{"name":"wp","href":"https:\/\/api.w.org\/{rel}","templated":true}]}}