{"id":1328,"date":"2013-07-19T09:06:23","date_gmt":"2013-07-19T09:06:23","guid":{"rendered":"http:\/\/predmetyreklamni.eu\/vyrobce\/?page_id=1328"},"modified":"2020-04-21T06:04:14","modified_gmt":"2020-04-21T06:04:14","slug":"reklamni-kapesnicky-vyrobce","status":"publish","type":"page","link":"https:\/\/predmetyreklamni.eu\/vyrobce\/sk\/reklamni-kapesnicky-vyrobce\/","title":{"rendered":"Reklamn\u00ed kapesn\u00ed\u010dky v\u00fdrobce"},"content":{"rendered":"<h1 style=\"text-align: justify;\">REKLAMN\u00cd KAPESN\u00cd\u010cKY V\u00ddROBCE<\/h1>\n<h2 style=\"text-align: justify;\">Reklamn\u00ed kapesn\u00ed\u010dky p\u0159\u00edmo od v\u00fdrobce za v\u00fdhodn\u00e9 ceny<\/h2>\n<p style=\"text-align: justify;\">Jsme profesion\u00e1ln\u00ed z\u00e1stupce v\u00fdrobce pro reklamn\u00ed kapesn\u00ed\u010dky. D\u00edky p\u0159\u00edm\u00e9 vazb\u011b na <a href=\"http:\/\/predmetyreklamni.eu\/vyrobce\/wp-content\/uploads\/Reklamn\u00ed-kapesn\u00ed\u010dky-p\u0159\u00edmo-od-v\u00fdrobce-za-v\u00fdhodn\u00e9-ceny.jpg\"><img decoding=\"async\" loading=\"lazy\" class=\"alignright size-full wp-image-2074\" title=\"Reklamn\u00ed kapesn\u00ed\u010dky p\u0159\u00edmo od v\u00fdrobce za v\u00fdhodn\u00e9 ceny\" alt=\"Reklamn\u00ed kapesn\u00ed\u010dky p\u0159\u00edmo od v\u00fdrobce za v\u00fdhodn\u00e9 ceny\" src=\"http:\/\/predmetyreklamni.eu\/vyrobce\/wp-content\/uploads\/Reklamn\u00ed-kapesn\u00ed\u010dky-p\u0159\u00edmo-od-v\u00fdrobce-za-v\u00fdhodn\u00e9-ceny.jpg\" width=\"290\" height=\"230\" \/><\/a>v\u00fdrobce m\u016f\u017eeme nab\u00eddnout reklamn\u00ed kapesn\u00ed\u010dky za v\u00fdhodn\u00e9 ceny. N\u00e1\u0161 v\u00fdrobce pro reklamn\u00ed kapesn\u00ed\u010dky se na trhu v tomto oboru pohybuje mnoho let, a proto je schopen na z\u00e1klad\u011b dlouholet\u00fdch zku\u0161enost\u00ed poskytnout kvalitn\u00ed produkt. C\u00edlem na\u0161\u00ed spole\u010dnost\u00ed je pak nab\u00eddnout tento kvalitn\u00ed produkt na\u0161im z\u00e1kazn\u00edk\u016fm za nejlep\u0161\u00ed ceny a z\u00e1rove\u0148 poskytnout profesion\u00e1ln\u00ed servis k dosa\u017een\u00ed spokojenosti z\u00e1kazn\u00edk\u016f.<\/p>\n<h2 style=\"text-align: justify;\">Reklamn\u00ed kapesn\u00ed\u010dky postup v\u00fdrobce p\u0159i v\u00fdrob\u011b<\/h2>\n<p style=\"text-align: justify;\"><a href=\"http:\/\/predmetyreklamni.eu\/vyrobce\/wp-content\/uploads\/2-1.jpg\"><img decoding=\"async\" loading=\"lazy\" class=\"alignleft size-medium wp-image-2076\" title=\"Reklamn\u00ed kapesn\u00ed\u010dky postup v\u00fdrobce p\u0159i v\u00fdrob\u011b\" alt=\"Reklamn\u00ed kapesn\u00ed\u010dky postup v\u00fdrobce p\u0159i v\u00fdrob\u011b\" src=\"http:\/\/predmetyreklamni.eu\/vyrobce\/wp-content\/uploads\/2-1-300x225.jpg\" width=\"300\" height=\"225\" srcset=\"https:\/\/predmetyreklamni.eu\/vyrobce\/wp-content\/uploads\/2-1-300x225.jpg 300w, https:\/\/predmetyreklamni.eu\/vyrobce\/wp-content\/uploads\/2-1-400x300.jpg 400w, https:\/\/predmetyreklamni.eu\/vyrobce\/wp-content\/uploads\/2-1.jpg 500w\" sizes=\"(max-width: 300px) 100vw, 300px\" \/><\/a>Reklamn\u00ed kapesn\u00ed\u010dky v\u00fdrobce vyr\u00e1b\u00ed pomoc\u00ed stroje na pap\u00edr. Ten m\u00e1 jeden velik\u00fd su\u0161\u00edc\u00ed v\u00e1lec zah\u0159\u00edvan\u00fd p\u00e1rou s p\u0159\u00edvodem hork\u00e9ho vzduchu. Pap\u00edr na reklamn\u00ed kapesn\u00ed\u010dky se vyr\u00e1b\u00ed z buni\u010diny nebo chcete-li celul\u00f3zy. V\u00fdrobce nast\u0159\u00edk\u00e1 pojivo na tuto d\u0159evovinu, aby se pap\u00edr na reklamn\u00ed kapesn\u00ed\u010dky slepil a dr\u017eel pohromad\u011b. Po vysu\u0161en\u00ed se pap\u00edr skl\u00e1d\u00e1 pomoc\u00ed ostr\u00e9 \u010depeli, kter\u00e1 ho jakoby se\u0161kr\u00e1bne ze su\u0161\u00edc\u00edho v\u00e1lce. Zp\u016fsob slo\u017een\u00ed z\u00e1le\u017e\u00ed na s\u00edle pojiva, tvaru \u010depele, rozd\u00edlu rychlost\u00ed mezi jednotliv\u00fdmi \u010d\u00e1stmi stroje a typem buni\u010diny, kter\u00e1 se zrovna pou\u017e\u00edv\u00e1.<\/p>\n<h2 style=\"text-align: justify;\">Reklamn\u00ed kapesn\u00ed\u010dky kontrola kvality u v\u00fdrobce<\/h2>\n<p style=\"text-align: justify;\"><a href=\"http:\/\/predmetyreklamni.eu\/vyrobce\/wp-content\/uploads\/Reklamn\u00ed-kapesn\u00ed\u010dky-kontrola-kvality-u-v\u00fdrobce.jpg\"><img decoding=\"async\" loading=\"lazy\" class=\"alignright size-medium wp-image-2079\" title=\"Reklamn\u00ed kapesn\u00ed\u010dky kontrola kvality u v\u00fdrobce\" alt=\"Reklamn\u00ed kapesn\u00ed\u010dky kontrola kvality u v\u00fdrobce\" src=\"http:\/\/predmetyreklamni.eu\/vyrobce\/wp-content\/uploads\/Reklamn\u00ed-kapesn\u00ed\u010dky-kontrola-kvality-u-v\u00fdrobce-300x225.jpg\" width=\"300\" height=\"225\" srcset=\"https:\/\/predmetyreklamni.eu\/vyrobce\/wp-content\/uploads\/Reklamn\u00ed-kapesn\u00ed\u010dky-kontrola-kvality-u-v\u00fdrobce-300x225.jpg 300w, https:\/\/predmetyreklamni.eu\/vyrobce\/wp-content\/uploads\/Reklamn\u00ed-kapesn\u00ed\u010dky-kontrola-kvality-u-v\u00fdrobce-399x300.jpg 399w, https:\/\/predmetyreklamni.eu\/vyrobce\/wp-content\/uploads\/Reklamn\u00ed-kapesn\u00ed\u010dky-kontrola-kvality-u-v\u00fdrobce.jpg 650w\" sizes=\"(max-width: 300px) 100vw, 300px\" \/><\/a>Na\u0161e firma disponuje vlastn\u00ed kancel\u00e1\u0159\u00ed p\u0159\u00edmo v m\u00edst\u011b v\u00fdrobce pro reklamn\u00ed kapesn\u00ed\u010dky, co\u017e\u00a0n\u00e1m umo\u017e\u0148uje kontrolu kvality u v\u00fdrobce. D\u00edky tomu se k na\u0161im z\u00e1kazn\u00edk\u016fm dost\u00e1vaj\u00ed pouze kvalitn\u00ed reklamn\u00ed kapesn\u00ed\u010dky. Po dokon\u010den\u00ed v\u00fdroby a kontrole kvality se fin\u00e1ln\u00ed produkt jednodu\u0161e distribuuje ke klientovi.<\/p>\n<h2 style=\"text-align: justify;\">Kontaktuje z\u00e1stupce v\u00fdrobce reklamn\u00ed kapesn\u00ed\u010dky<\/h2>\n<p style=\"text-align: justify;\"><a href=\"http:\/\/predmetyreklamni.eu\/vyrobce\/wp-content\/uploads\/reklamn\u00ed-kapesn\u00ed\u010dky-v\u00fdrobce.jpg\"><img decoding=\"async\" loading=\"lazy\" class=\"size-medium wp-image-2081 alignleft\" title=\"reklamn\u00ed kapesn\u00ed\u010dky v\u00fdrobce\" alt=\"reklamn\u00ed kapesn\u00ed\u010dky v\u00fdrobce\" src=\"http:\/\/predmetyreklamni.eu\/vyrobce\/wp-content\/uploads\/reklamn\u00ed-kapesn\u00ed\u010dky-v\u00fdrobce-300x227.jpg\" width=\"300\" height=\"227\" srcset=\"https:\/\/predmetyreklamni.eu\/vyrobce\/wp-content\/uploads\/reklamn\u00ed-kapesn\u00ed\u010dky-v\u00fdrobce-300x227.jpg 300w, https:\/\/predmetyreklamni.eu\/vyrobce\/wp-content\/uploads\/reklamn\u00ed-kapesn\u00ed\u010dky-v\u00fdrobce-394x300.jpg 394w, https:\/\/predmetyreklamni.eu\/vyrobce\/wp-content\/uploads\/reklamn\u00ed-kapesn\u00ed\u010dky-v\u00fdrobce.jpg 541w\" sizes=\"(max-width: 300px) 100vw, 300px\" \/><\/a>Zaujaly V\u00e1s reklamn\u00ed kapesn\u00ed\u010dky a chcete si je nechat na zak\u00e1zku vyrobit p\u0159\u00edmo od\u00a0v\u00fdrobce za v\u00fdhodn\u00e9 ceny o obdarovat sv\u00e9 z\u00e1kazn\u00edky \u010di obchodn\u00ed partnery? Kontaktujte n\u00e1s pro cenovou nab\u00eddku na emailu:<a href=\"mailto:info@predmetyreklamni.eu\">\u00a0info@predmetyreklamni.eu<\/a><\/p>\n<p style=\"text-align: justify;\">T\u011b\u0161\u00edme se na spolupr\u00e1ci! Team Gifts Service<\/p>\n","protected":false},"excerpt":{"rendered":"<p>REKLAMN\u00cd KAPESN\u00cd\u010cKY V\u00ddROBCE Reklamn\u00ed kapesn\u00ed\u010dky p\u0159\u00edmo od v\u00fdrobce za v\u00fdhodn\u00e9 ceny Jsme profesion\u00e1ln\u00ed z\u00e1stupce v\u00fdrobce pro reklamn\u00ed kapesn\u00ed\u010dky. D\u00edky p\u0159\u00edm\u00e9 vazb\u011b na v\u00fdrobce m\u016f\u017eeme nab\u00eddnout reklamn\u00ed kapesn\u00ed\u010dky za v\u00fdhodn\u00e9 ceny. N\u00e1\u0161 v\u00fdrobce pro reklamn\u00ed kapesn\u00ed\u010dky se na trhu v tomto &hellip; <a href=\"https:\/\/predmetyreklamni.eu\/vyrobce\/sk\/reklamni-kapesnicky-vyrobce\/\">Continue reading <span class=\"meta-nav\">&rarr;<\/span><\/a><\/p>\n","protected":false},"author":1,"featured_media":0,"parent":0,"menu_order":12,"comment_status":"closed","ping_status":"closed","template":"sidebar-page.php","meta":[],"_links":{"self":[{"href":"https:\/\/predmetyreklamni.eu\/vyrobce\/sk\/wp-json\/wp\/v2\/pages\/1328"}],"collection":[{"href":"https:\/\/predmetyreklamni.eu\/vyrobce\/sk\/wp-json\/wp\/v2\/pages"}],"about":[{"href":"https:\/\/predmetyreklamni.eu\/vyrobce\/sk\/wp-json\/wp\/v2\/types\/page"}],"author":[{"embeddable":true,"href":"https:\/\/predmetyreklamni.eu\/vyrobce\/sk\/wp-json\/wp\/v2\/users\/1"}],"replies":[{"embeddable":true,"href":"https:\/\/predmetyreklamni.eu\/vyrobce\/sk\/wp-json\/wp\/v2\/comments?post=1328"}],"version-history":[{"count":13,"href":"https:\/\/predmetyreklamni.eu\/vyrobce\/sk\/wp-json\/wp\/v2\/pages\/1328\/revisions"}],"predecessor-version":[{"id":2820,"href":"https:\/\/predmetyreklamni.eu\/vyrobce\/sk\/wp-json\/wp\/v2\/pages\/1328\/revisions\/2820"}],"wp:attachment":[{"href":"https:\/\/predmetyreklamni.eu\/vyrobce\/sk\/wp-json\/wp\/v2\/media?parent=1328"}],"curies":[{"name":"wp","href":"https:\/\/api.w.org\/{rel}","templated":true}]}}