{"id":1333,"date":"2013-07-19T09:21:53","date_gmt":"2013-07-19T09:21:53","guid":{"rendered":"http:\/\/predmetyreklamni.eu\/vyrobce\/?page_id=1333"},"modified":"2014-10-09T18:22:15","modified_gmt":"2014-10-09T18:22:15","slug":"reklamni-rostliny-v-plechovce","status":"publish","type":"page","link":"https:\/\/predmetyreklamni.eu\/vyrobce\/sk\/reklamni-rostliny-v-plechovce\/","title":{"rendered":"Reklamn\u00ed rostliny v plechovce"},"content":{"rendered":"<h1>REKLAMN\u00cd ROSTLINY V PLECHOVCE<\/h1>\n<h2>Rostliny v plechovce jako reklamn\u00ed p\u0159edm\u011bt<\/h2>\n<p style=\"text-align: justify;\"><a href=\"http:\/\/predmetyreklamni.eu\/vyrobce\/wp-content\/uploads\/promo-can-flower-2.jpg\"><img decoding=\"async\" loading=\"lazy\" class=\"alignleft size-full wp-image-1372\" title=\"Reklamn\u00ed rostliny v plechovce\" alt=\"Reklamn\u00ed rostliny v plechovce\" src=\"http:\/\/predmetyreklamni.eu\/vyrobce\/wp-content\/uploads\/promo-can-flower-2.jpg\" width=\"256\" height=\"300\" \/><\/a>V\u00edtejte na na\u0161ich str\u00e1nk\u00e1ch, kde V\u00e1m p\u0159edstav\u00edme reklamn\u00ed p\u0159edm\u011bt rostliny v plechovce. Na\u0161e firma je dovozcem a z\u00e1stupcem v\u00fdrobce pro reklamn\u00ed rostliny v plechovce v \u010cesk\u00e9 republice. D\u00edky tomuto postaven\u00ed m\u016f\u017eeme z\u00e1kazn\u00edkovi nab\u00eddnout ty nejlep\u0161\u00ed ceny a kvalitn\u00ed servis. \u00a0Hled\u00e1te origin\u00e1ln\u00ed reklamn\u00ed p\u0159edm\u011bt, kter\u00fd by dok\u00e1zal ka\u017ed\u00e9ho zaujmout a nav\u00edc byl tak\u00e9 dekorativn\u00ed? Pak pr\u00e1v\u011b pro V\u00e1s p\u0159edstavujeme reklamn\u00ed rostliny v plechovce. Reklamn\u00ed rostliny v plechovce\u00a0sice nevydr\u017e\u00ed v\u011b\u010dn\u011b, ale rozhodn\u011b d\u00e9le ne\u017e \u010derstv\u00e9 kv\u011btiny koupen\u00e9 u\u017e vyrostl\u00e9 v kv\u011btin\u00e1\u010di. M\u016f\u017eete tak b\u00fdt p\u0159ipraveni na vhodnou p\u0159\u00edle\u017eitost bez sh\u00e1n\u011bn\u00ed d\u00e1rku na posledn\u00ed chv\u00edli. Jedn\u00e1 se o speci\u00e1ln\u00ed plechovku, kter\u00e1 je velice podobn\u00e1 t\u011bm klasick\u00fdm s n\u00e1poji. Ta na reklamn\u00ed rostliny je malinko men\u0161\u00ed.<\/p>\n<h2>Reklamn\u00ed rostliny v plechovce \u0161irok\u00e1 nab\u00eddka<\/h2>\n<p style=\"text-align: justify;\">Reklamn\u00ed rostliny v plechovce mohou b\u00fdt rostliny t\u00e9m\u011b\u0159 v\u0161ech druh\u016f od okrasn\u00fdch kv\u011btin jako nap\u0159\u00edklad slune\u010dnice, petunie, pnouc\u00ed r\u016f\u017ee, fialky p\u0159es ovoce a zeleninu jako nap\u0159\u00edklad raj\u010data, jahody, mrkev, okurky a\u017e po dnes velice obl\u00edben\u00e9 bylinky jako m\u00e1ta, tymi\u00e1n, bazalka a dal\u0161\u00ed. V\u00fdb\u011br je opravdu \u0161irok\u00fd. Na v\u0161echny typy plechovek, v kter\u00fdch reklamn\u00ed rostliny rostou lze tisknout a to nap\u0159\u00edklad Va\u0161e logo, zna\u010dku firmy, slogan \u010di n\u00e1zev po\u0159\u00e1dan\u00e9 akce. Reklamn\u00ed rostliny v plechovce dod\u00e1v\u00e1me ji\u017e od 100 ks od stejn\u00e9ho druhu a od stejn\u00e9ho mno\u017estv\u00ed jsme schopni nechat plechovku potisknout.<\/p>\n<p style=\"text-align: justify;\"><em>Klikn\u011bte pro v\u00edce informac\u00ed<\/em><\/p>\n<div id=\"attachment_1391\" style=\"width: 226px\" class=\"wp-caption alignleft\"><a href=\"http:\/\/predmetyreklamni.eu\/vyrobce\/reklamni-rostliny-v-plechovce\/kvetiny-v-plechovce-na-zakazku\/\" target=\"_blank\"><img aria-describedby=\"caption-attachment-1391\" decoding=\"async\" loading=\"lazy\" class=\"hover    \" title=\"Reklamn\u00ed rostliny v plechovce - kv\u011btiny\" alt=\"Reklamn\u00ed rostliny v plechovce - kv\u011btiny\" src=\"http:\/\/predmetyreklamni.eu\/vyrobce\/wp-content\/uploads\/Custom-Made-Can-Plant.jpg\" width=\"216\" height=\"216\" \/><\/a><p id=\"caption-attachment-1391\" class=\"wp-caption-text\">KV\u011aTINY V PLECHOVCE<\/p><\/div>\n<div id=\"attachment_1392\" style=\"width: 226px\" class=\"wp-caption alignright\"><a href=\"http:\/\/predmetyreklamni.eu\/vyrobce\/reklamni-rostliny-v-plechovce\/rostlinky-v-plechovce-na-zakazku\/\" target=\"_blank\"><img aria-describedby=\"caption-attachment-1392\" decoding=\"async\" loading=\"lazy\" class=\"hover   \" title=\"Reklamn\u00ed rostliny v plechovce - ovoce, zelenina\" alt=\"Reklamn\u00ed rostliny v plechovce - ovoce, zelenina\" src=\"http:\/\/predmetyreklamni.eu\/vyrobce\/wp-content\/uploads\/Printed-Custom-Made-Can-Plant.jpg\" width=\"216\" height=\"216\" \/><\/a><p id=\"caption-attachment-1392\" class=\"wp-caption-text\">ROSTLINY &#8211; OVOCE, ZELENINA<\/p><\/div>\n<div id=\"attachment_1393\" style=\"width: 210px\" class=\"wp-caption aligncenter\"><a href=\"http:\/\/predmetyreklamni.eu\/vyrobce\/reklamni-rostliny-v-plechovce\/kouzelna-fazole-v-plechovce-se-vzkazem-na-zakazku\/\"><img aria-describedby=\"caption-attachment-1393\" decoding=\"async\" loading=\"lazy\" class=\"hover   \" title=\"Reklamn\u00ed rostliny v plechovce - kouzeln\u00e1 fazole se vzkazem\" alt=\"Reklamn\u00ed rostliny v plechovce - kouzeln\u00e1 fazole se vzkazem\" src=\"http:\/\/predmetyreklamni.eu\/vyrobce\/wp-content\/uploads\/Custom-Engraved-Magic-Bean-In-A-Tin.jpg\" width=\"200\" height=\"206\" \/><\/a><p id=\"caption-attachment-1393\" class=\"wp-caption-text\">KOUZELN\u00c1 FAZOLE<\/p><\/div>\n<h2 style=\"text-align: justify;\">Jak p\u011bstovat reklamn\u00ed rostliny v plechovce?<\/h2>\n<p>P\u011bstovat reklamn\u00ed rostliny v plechovce zvl\u00e1dne opravdu ka\u017ed\u00fd. N\u00ed\u017ee naleznete jednoduch\u00fd n\u00e1vod jak si vyp\u011bstovat reklamn\u00ed rostliny v plechovce.<\/p>\n<p>Rostlinky v plechovce s horn\u00edm i doln\u00edm otv\u00edr\u00e1n\u00edm a p\u0159ilo\u017een\u00fdmi sem\u00ednky<br \/>\n1.\u00a0Otev\u0159ete plechovku a odtokovou spodn\u00ed \u010d\u00e1st<br \/>\n2. Do plechovky vlo\u017ete p\u0159ilo\u017een\u00e1 sem\u00ednka cca 0.5cm pod \u00farove\u0148 lehk\u00e9 nutri\u010dn\u00ed zeminy<br \/>\n3. Pomalu do plechovky nalijte p\u0159im\u011b\u0159en\u00e9 mno\u017estv\u00ed vla\u017en\u00e9 vody, dokud se lehk\u00fd nutri\u010dn\u00ed substr\u00e1t nenamo\u010d\u00ed<br \/>\n4. Plechovku um\u00edst\u011bte na m\u00edsto s dostatkem sv\u011btla, slunce a tepla (ide\u00e1ln\u00ed teplota 20-30\u00baC).<br \/>\n5. Zal\u00e9vejte ka\u017ed\u00fdch 3-5 dn\u00ed nebo dle pot\u0159eby<br \/>\n6. Sem\u00ednka vykl\u00ed\u010d\u00ed nebo prvn\u00ed rostlinky se objev\u00ed za 5-10 dn\u00ed<\/p>\n<p><a href=\"http:\/\/predmetyreklamni.eu\/vyrobce\/wp-content\/uploads\/n\u00e1vod-rostliny-v-plechovce-na-zak\u00e1zku.jpg\"><img decoding=\"async\" loading=\"lazy\" class=\"alignleft size-full wp-image-2911\" alt=\"n\u00e1vod rostliny v plechovce na zak\u00e1zku\" src=\"http:\/\/predmetyreklamni.eu\/vyrobce\/wp-content\/uploads\/n\u00e1vod-rostliny-v-plechovce-na-zak\u00e1zku.jpg\" width=\"507\" height=\"184\" srcset=\"https:\/\/predmetyreklamni.eu\/vyrobce\/wp-content\/uploads\/n\u00e1vod-rostliny-v-plechovce-na-zak\u00e1zku.jpg 507w, https:\/\/predmetyreklamni.eu\/vyrobce\/wp-content\/uploads\/n\u00e1vod-rostliny-v-plechovce-na-zak\u00e1zku-300x108.jpg 300w, https:\/\/predmetyreklamni.eu\/vyrobce\/wp-content\/uploads\/n\u00e1vod-rostliny-v-plechovce-na-zak\u00e1zku-500x181.jpg 500w\" sizes=\"(max-width: 507px) 100vw, 507px\" \/><\/a><\/p>\n<p>&nbsp;<\/p>\n<p>Rostliny v plechovce s horn\u00edm otv\u00edr\u00e1n\u00edm a sem\u00ednky uvnit\u0159 plechovky<br \/>\n1. Otev\u0159ete plechovku<br \/>\n2. Pomalu do plechovky nalijte p\u0159im\u011b\u0159en\u00e9 mno\u017estv\u00ed vla\u017en\u00e9 vody, dokud se lehk\u00fd nutri\u010dn\u00ed substr\u00e1t nenamo\u010d\u00ed<br \/>\n3. Plechovku um\u00edst\u011bte na m\u00edsto s dostatkem sv\u011btla, slunce a tepla (ide\u00e1ln\u00ed teplota 20-30\u00baC)<br \/>\n4. Zal\u00e9vejte ka\u017ed\u00fdch 3-5 dn\u00ed nebo dle pot\u0159eby<br \/>\n5. Sem\u00ednka vykl\u00ed\u010d\u00ed nebo prvn\u00ed rostlinky se objev\u00ed za 5-10 dn\u00ed<\/p>\n<h2 style=\"text-align: justify;\">Co jsou reklamn\u00ed rostliny v plechovce?<\/h2>\n<p style=\"text-align: justify;\">Reklamn\u00ed rostliny v plechovce tzv. mini rostliny, co\u017e jsou mal\u00fd druh rostlin, kter\u00e9 mohou b\u00fdt p\u011bstov\u00e1ny v plechovce. Jedn\u00e1 se o speci\u00e1ln\u00ed plechovku, kter\u00e1 je velice podobn\u00e1 t\u011bm klasick\u00fdm s n\u00e1poji. Ta na reklamn\u00ed rostliny je malinko men\u0161\u00ed.\u00a0Vyp\u011bstovat reklamn\u00ed rostliny v plechovce je velice jednoduch\u00e9. V plechovce se nach\u00e1z\u00ed sm\u011br substr\u00e1tu, kter\u00fd obsahuje sem\u00ednka kv\u011btin, rostlin \u010di bylinek. Vy jen jednodu\u0161e odtrhnete horn\u00ed v\u00ed\u010dko a zalijete sm\u011br substr\u00e1tu vodou. Reklamn\u00ed rostliny v plechovce pak mus\u00edte pravideln\u011b zal\u00e9vat a ponechat na sv\u011btl\u00e9m a teplej\u0161\u00edm m\u00edst\u011b a do 9-10 t\u00fddn\u016f V\u00e1m reklamn\u00ed rostliny vyrostou. Reklamn\u00ed rostliny v plechovce p\u0159i n\u00e1le\u017eit\u00e9 p\u00e9\u010di vydr\u017e\u00ed a\u017e jeden rok.<\/p>\n<h2 style=\"text-align: justify;\">Reklamn\u00ed rostliny v plechovce jako dekorace<\/h2>\n<p style=\"text-align: justify;\"><a href=\"http:\/\/predmetyreklamni.eu\/vyrobce\/wp-content\/uploads\/promo-flower.jpg\"><img decoding=\"async\" loading=\"lazy\" class=\"alignleft\" title=\"Reklamn\u00ed rostliny v plechovce jako dekorace\" alt=\"Reklamn\u00ed rostliny v plechovce jako dekorace\" src=\"http:\/\/predmetyreklamni.eu\/vyrobce\/wp-content\/uploads\/promo-flower.jpg\" width=\"244\" height=\"244\" \/><\/a>Reklamn\u00ed rostliny v plechovce mohou slou\u017eit jako jednoduch\u00e1 dekorace v kancel\u00e1\u0159\u00edch, zaseda\u010dk\u00e1ch, u\u010debn\u00e1ch, barech, restaurac\u00edch \u010di klubech. Reklamn\u00ed rostliny v plechovce pot\u0159ebuj\u00ed jen dostatek vody a slune\u010dn\u00edho sv\u011btla. Nav\u00edc je velmi jednoduch\u00e9 je p\u011bstovat a v pracovn\u00edm kolektivu to m\u016f\u017ee b\u00fdt i z\u00e1bavn\u00e9 v p\u0159\u00edpad\u011b, \u017ee rostliny v plechovce p\u011bstuje v\u00edce lid\u00ed najednou.<\/p>\n<h2>Reklamn\u00ed rostliny v plechovce jako d\u00e1rek<\/h2>\n<p style=\"text-align: justify;\">Chcete v\u011bnovat origin\u00e1ln\u00ed d\u00e1rek sv\u00fdm zam\u011bstnanc\u016fm, obchodn\u00edm partner\u016fm nebo z\u00e1kazn\u00edk\u016fm? Reklamn\u00ed rostliny v plechovce jsou jist\u011b perfektn\u00ed volbou, kdy obdarov\u00e1n\u00ed budou m\u00edt V\u00e1\u0161 d\u00e1rek tud\u00ed\u017e Va\u0161e logo st\u00e1le na o\u010d\u00edch a budou o n\u011bj pe\u010dovat. Reklamn\u00ed rostliny plechovce jsou vhodn\u00e9 jako d\u00e1rek na V\u00e1noce, Velikonoce, Den \u017een a mnoho dal\u0161\u00edch. Reklamn\u00ed rostliny v plechovce nab\u00edz\u00ed toti\u017e nep\u0159ebern\u00e9 mno\u017estv\u00ed zpracov\u00e1n\u00ed od v\u00e1no\u010dn\u00ed hv\u011bzdy, p\u0159es velikono\u010dn\u00ed vaj\u00ed\u010dka v plechovce. Reklamn\u00ed rostliny v plechovce jsou velice obl\u00edben\u00e9 pro reklamn\u00ed kampan\u011b.<\/p>\n<p style=\"text-align: justify;\"><a href=\"http:\/\/predmetyreklamni.eu\/vyrobce\/wp-content\/uploads\/Promo-Can-Flower-as-Decoration.jpg\"><img decoding=\"async\" loading=\"lazy\" class=\"alignleft  wp-image-1385\" title=\"Reklamn\u00ed rostliny v plechovce jako d\u00e1rek\" alt=\"Reklamn\u00ed rostliny v plechovce jako d\u00e1rek\" src=\"http:\/\/predmetyreklamni.eu\/vyrobce\/wp-content\/uploads\/Promo-Can-Flower-as-Decoration.jpg\" width=\"154\" height=\"154\" srcset=\"https:\/\/predmetyreklamni.eu\/vyrobce\/wp-content\/uploads\/Promo-Can-Flower-as-Decoration.jpg 244w, https:\/\/predmetyreklamni.eu\/vyrobce\/wp-content\/uploads\/Promo-Can-Flower-as-Decoration-150x150.jpg 150w\" sizes=\"(max-width: 154px) 100vw, 154px\" \/><\/a><a href=\"http:\/\/predmetyreklamni.eu\/vyrobce\/wp-content\/uploads\/promo-mini-gardening.jpg\"><img decoding=\"async\" loading=\"lazy\" class=\"alignleft\" title=\"Reklamn\u00ed rostliny v plechovce \u0161irok\u00e1 nab\u00eddka\" alt=\"Reklamn\u00ed rostliny v plechovce \u0161irok\u00e1 nab\u00eddka\" src=\"http:\/\/predmetyreklamni.eu\/vyrobce\/wp-content\/uploads\/promo-mini-gardening.jpg\" width=\"154\" height=\"154\" \/><\/a><a href=\"http:\/\/predmetyreklamni.eu\/vyrobce\/wp-content\/uploads\/gift-promo-flower.jpg\"><img decoding=\"async\" loading=\"lazy\" class=\"alignleft\" title=\"Reklamn\u00ed rostliny v plechovce za skv\u011bl\u00e9 ceny\" alt=\"Reklamn\u00ed rostliny v plechovce za skv\u011bl\u00e9 ceny\" src=\"http:\/\/predmetyreklamni.eu\/vyrobce\/wp-content\/uploads\/gift-promo-flower.jpg\" width=\"154\" height=\"154\" \/><\/a><\/p>\n<p style=\"text-align: justify;\">Na\u0161e roztomil\u00e9 reklamn\u00ed rostliny \u00a0v plechovce v r\u016fzn\u00fdch proveden\u00edch si zamiluj\u00ed opravdu v\u0161ichni a budou s l\u00e1skou p\u011bstovat kv\u011btiny, ovoce, zeleninu nebo bylinky. Nepochybujeme o tom, \u017ee reklamn\u00ed rostliny v plechovce se stanou \u00fasp\u011b\u0161nou reklamn\u00ed kampan\u00ed Va\u0161\u00ed spole\u010dnosti, kdy d\u00edky potisku na plechovce zv\u00fd\u0161\u00edte pov\u011bdom\u00ed o Va\u0161\u00ed zna\u010dce a z\u00e1rove\u0148 v\u011bnujete origin\u00e1ln\u00ed d\u00e1rek, kter\u00fd nav\u00edc dlouho vydr\u017e\u00ed a bude o n\u011bj pe\u010dov\u00e1no.<\/p>\n<h2>Reklamn\u00ed rostliny v plechovce kalkulace<\/h2>\n<p style=\"text-align: justify;\">Na reklamn\u00ed rostliny v plechovce poskytujeme v\u00fdrazn\u00e9 mno\u017estevn\u00ed slevy. V p\u0159\u00edpad\u011b potisku se do ceny za reklamn\u00ed rostliny v plechovce v\u00fdznamn\u011b pod\u00edl\u00ed barevnost loga a term\u00edn dod\u00e1n\u00ed. \u00a0Fin\u00e1ln\u00ed cenu za reklamn\u00ed rostliny v plechovce V\u00e1m r\u00e1di zkalkulujeme. Sta\u010d\u00ed napsat cenovou popt\u00e1vku na n\u00e1\u0161 <a href=\"mailto:info@predmetyreklamni.eu\">email <\/a>a my V\u00e1m za\u0161leme cenovou kalkulaci.<\/p>\n<p>Chcete si nechat vyrobit vlastn\u00ed rostliny v plechovce? Kontaktujte n\u00e1s pro cenovou nab\u00eddku na emailu:<a href=\"mailto:info@predmetyreklamni.eu\">\u00a0info@predmetyreklamni.eu<\/a><\/p>\n<p style=\"text-align: justify;\"><strong>Do cenov\u00e9 popt\u00e1vky pros\u00edm uve\u010fte pot\u0159ebn\u00e9 informace pro cenovou nab\u00eddku jako<\/strong>: mno\u017estv\u00ed, typ rostliny, barevn\u00e9 proveden\u00ed nebo kombinaci barev, dobu dod\u00e1n\u00ed. V\u0161echny tyto informace n\u00e1m pomohou k rychlej\u0161\u00edmu zpracov\u00e1n\u00ed cenov\u00e9 nab\u00eddky pr\u00e1v\u011b pro V\u00e1s.<\/p>\n<p style=\"text-align: justify;\">T\u011b\u0161\u00edme se na spolupr\u00e1ci! Team Gifts Service<\/p>\n<p>_________________________________________________________________________<\/p>\n<p>Available languages:<\/p>\n<p><a title=\"Mini jardin promotionnel\" href=\"http:\/\/fabrication-promotionnel.fr\/mini-jardins\/\" target=\"_blank\">Mini jardin promotionnel<\/a>\u00a0\u00a0<a title=\"Regali promozionali mini piante\" href=\"http:\/\/www.fagiolomagico.it\/\" target=\"_blank\">Regali promozionali mini piante<\/a><span style=\"color: #333333; font-style: normal; line-height: 24.375px;\">\u00a0 \u00a0<\/span><a style=\"font-style: normal; line-height: 24.375px; text-decoration: underline;\" title=\"Mini Gradini\" href=\"http:\/\/mini-gradini.ro\/\" target=\"_blank\">Mini Gradini<\/a><span style=\"color: #333333; font-style: normal; line-height: 24.375px;\">\u00a0\u00a0<\/span><a style=\"font-style: normal; line-height: 24.375px;\" title=\"Promo Can Flower\" href=\"http:\/\/www.can-flowers.com\/\" target=\"_blank\">Promo Can Flower<\/a><\/p>\n<p><a title=\"Kwiaty w puszce promocyjnej\" href=\"http:\/\/www.kwiaty-w-puszce.pl\/\" target=\"_blank\">Kwiaty w puszce promocyjnej<\/a>\u00a0 <a title=\"Werbepflanzen aus der Dose\" href=\"http:\/\/www.werbepflanzen.com\/\" target=\"_blank\">Werbepflanzen aus der Dose<\/a>\u00a0\u00a0<a style=\"font-style: normal; line-height: 24.375px; text-decoration: underline;\" title=\"Rekl\u00e1m konzerv vir\u00e1gok\" href=\"http:\/\/egyedi-reklam.hu\/konzerv-viragok\/\" target=\"_blank\">Rekl\u00e1m konzerv vir\u00e1gok<\/a><\/p>\n<p style=\"text-align: left;\"><a href=\"http:\/\/fagiolomagico.it\/\" target=\"_blank\">\u00a0<\/a>\u00a0\u00a0<a title=\"http:\/\/www.mini-gradini.ro\/\" href=\"http:\/\/www.mini-gradini.ro\/\" target=\"_blank\">\u00a0<\/a>\u00a0<a title=\"http:\/\/www.mini-gradini.ro\/\" href=\"http:\/\/www.mini-gradini.ro\/\" target=\"_blank\">\u00a0<\/a><\/p>\n<p>&nbsp;<\/p>\n","protected":false},"excerpt":{"rendered":"<p>REKLAMN\u00cd ROSTLINY V PLECHOVCE Rostliny v plechovce jako reklamn\u00ed p\u0159edm\u011bt V\u00edtejte na na\u0161ich str\u00e1nk\u00e1ch, kde V\u00e1m p\u0159edstav\u00edme reklamn\u00ed p\u0159edm\u011bt rostliny v plechovce. Na\u0161e firma je dovozcem a z\u00e1stupcem v\u00fdrobce pro reklamn\u00ed rostliny v plechovce v \u010cesk\u00e9 republice. D\u00edky tomuto postaven\u00ed &hellip; <a href=\"https:\/\/predmetyreklamni.eu\/vyrobce\/sk\/reklamni-rostliny-v-plechovce\/\">Continue reading <span class=\"meta-nav\">&rarr;<\/span><\/a><\/p>\n","protected":false},"author":1,"featured_media":0,"parent":0,"menu_order":16,"comment_status":"closed","ping_status":"open","template":"sidebar-page.php","meta":[],"_links":{"self":[{"href":"https:\/\/predmetyreklamni.eu\/vyrobce\/sk\/wp-json\/wp\/v2\/pages\/1333"}],"collection":[{"href":"https:\/\/predmetyreklamni.eu\/vyrobce\/sk\/wp-json\/wp\/v2\/pages"}],"about":[{"href":"https:\/\/predmetyreklamni.eu\/vyrobce\/sk\/wp-json\/wp\/v2\/types\/page"}],"author":[{"embeddable":true,"href":"https:\/\/predmetyreklamni.eu\/vyrobce\/sk\/wp-json\/wp\/v2\/users\/1"}],"replies":[{"embeddable":true,"href":"https:\/\/predmetyreklamni.eu\/vyrobce\/sk\/wp-json\/wp\/v2\/comments?post=1333"}],"version-history":[{"count":50,"href":"https:\/\/predmetyreklamni.eu\/vyrobce\/sk\/wp-json\/wp\/v2\/pages\/1333\/revisions"}],"predecessor-version":[{"id":4183,"href":"https:\/\/predmetyreklamni.eu\/vyrobce\/sk\/wp-json\/wp\/v2\/pages\/1333\/revisions\/4183"}],"wp:attachment":[{"href":"https:\/\/predmetyreklamni.eu\/vyrobce\/sk\/wp-json\/wp\/v2\/media?parent=1333"}],"curies":[{"name":"wp","href":"https:\/\/api.w.org\/{rel}","templated":true}]}}