{"id":1342,"date":"2013-07-19T09:39:15","date_gmt":"2013-07-19T09:39:15","guid":{"rendered":"http:\/\/predmetyreklamni.eu\/vyrobce\/?page_id=1342"},"modified":"2014-04-16T14:03:42","modified_gmt":"2014-04-16T14:03:42","slug":"valentynske-kouzelne-fazole-v-plechovce-velkoobchod","status":"publish","type":"page","link":"https:\/\/predmetyreklamni.eu\/vyrobce\/sk\/valentynske-kouzelne-fazole-v-plechovce-velkoobchod\/","title":{"rendered":"Valent\u00fdnsk\u00e9 kouzeln\u00e9 fazole v plechovce velkoobchod"},"content":{"rendered":"<h1 style=\"text-align: justify;\">VALENT\u00ddNSK\u00c9 KOUZELN\u00c9 FAZOLE VELKOOBCHOD<\/h1>\n<h2 style=\"text-align: justify;\">Valent\u00fdnsk\u00e9 kouzeln\u00e9 fazole v plechovce velkoobchod<\/h2>\n<p style=\"text-align: justify;\"><a href=\"http:\/\/predmetyreklamni.eu\/vyrobce\/wp-content\/uploads\/d\u00e1ky-k-valent\u00fdnu.jpg\"><img decoding=\"async\" loading=\"lazy\" class=\" wp-image-1732 alignright\" title=\"Valent\u00fdnsk\u00e9 kouzeln\u00e9 fazole velkoobchod\" alt=\"Valent\u00fdnsk\u00e9 kouzeln\u00e9 fazole velkoobchod\" src=\"http:\/\/predmetyreklamni.eu\/vyrobce\/wp-content\/uploads\/d\u00e1ky-k-valent\u00fdnu.jpg\" width=\"118\" height=\"178\" \/><\/a>Sh\u00e1n\u00edte origin\u00e1ln\u00ed reklamn\u00ed p\u0159edm\u011bt nebo d\u00e1rek na svou valent\u00fdnskou \u010di jinou promo akci v tomto stylu? A hlavn\u011b ho pot\u0159ebujete ihned? Valent\u00fdnsk\u00e9 kouzeln\u00e9 fazole jsou unik\u00e1tn\u00ed reklamn\u00ed p\u0159edm\u011bt, kter\u00fd poch\u00e1z\u00ed z d\u00edlny na\u0161\u00ed firmy a proto disponujeme velk\u00fdmi skladov\u00fdmi z\u00e1sobami. Z\u00edsk\u00e1te tak jedine\u010dn\u00fd reklamn\u00ed p\u0159edm\u011bt a d\u00e1rek, kter\u00fd ka\u017ed\u00e9ho pot\u011b\u0161\u00ed. Valent\u00fdnsk\u00e9 kouzeln\u00e9 fazole v plechovce se vzkazem &#8222;LOVE&#8220; nebo se symbolem srdce.<br \/>\n<strong>Expedujeme tent\u00fd\u017e den Va\u0161\u00ed objedn\u00e1vky!<\/strong><\/p>\n<h2 style=\"text-align: justify;\">Valent\u00fdnsk\u00e9 kouzeln\u00e9 fazole v plechovce velkoobchod &#8211; skladem<\/h2>\n<p style=\"text-align: justify;\">Sem\u00ednka kouzeln\u00e9 fazole se vzkazem &#8222;LOVE&#8220; nebo symbolem srdce um\u00edst\u011bn\u00e9 v substr\u00e1tu s plastov\u00e9 plechovce. Sou\u010d\u00e1st\u00ed balen\u00ed je tak\u00e9 n\u00e1lepka ve tvaru srdce, kterou m\u016f\u017eete jednodu\u0161e lihov\u00fdm fixem opat\u0159it jm\u00e9nem \u010di jin\u00fdm sd\u011blen\u00edm a nalepit do v\u00fdseku na plechovce. Na plechovce kouzeln\u00e9 fazole se vzkazem naleznete t\u00e9\u017e n\u00e1vod pro p\u011bstov\u00e1n\u00ed.<br \/>\nROZM\u011aRY: 8 x 5.5cm<\/p>\n<p style=\"text-align: justify;\"><a href=\"http:\/\/predmetyreklamni.eu\/vyrobce\/wp-content\/uploads\/DSCF23511.jpg\"><img decoding=\"async\" loading=\"lazy\" class=\"alignleft  wp-image-1738\" title=\"Kouzeln\u00e9 fazole se vzkazem velkoobchod - skladem\" alt=\"Kouzeln\u00e9 fazole se vzkazem velkoobchod - skladem\" src=\"http:\/\/predmetyreklamni.eu\/vyrobce\/wp-content\/uploads\/DSCF23511-270x300.jpg\" width=\"216\" height=\"240\" srcset=\"https:\/\/predmetyreklamni.eu\/vyrobce\/wp-content\/uploads\/DSCF23511-270x300.jpg 270w, https:\/\/predmetyreklamni.eu\/vyrobce\/wp-content\/uploads\/DSCF23511.jpg 480w\" sizes=\"(max-width: 216px) 100vw, 216px\" \/><\/a><a href=\"http:\/\/predmetyreklamni.eu\/vyrobce\/wp-content\/uploads\/DSCF23521.jpg\"><img decoding=\"async\" loading=\"lazy\" class=\"alignleft  wp-image-1737\" title=\"Kouzeln\u00e9 fazole se vzkazem velkoobchod - skladem\" alt=\"Kouzeln\u00e9 fazole se vzkazem velkoobchod - skladem\" src=\"http:\/\/predmetyreklamni.eu\/vyrobce\/wp-content\/uploads\/DSCF23521-267x300.jpg\" width=\"214\" height=\"240\" srcset=\"https:\/\/predmetyreklamni.eu\/vyrobce\/wp-content\/uploads\/DSCF23521-267x300.jpg 267w, https:\/\/predmetyreklamni.eu\/vyrobce\/wp-content\/uploads\/DSCF23521.jpg 480w\" sizes=\"(max-width: 214px) 100vw, 214px\" \/><\/a><\/p>\n<p style=\"text-align: justify;\"><a href=\"http:\/\/predmetyreklamni.eu\/vyrobce\/wp-content\/uploads\/IMG_5835.jpg\"><img decoding=\"async\" loading=\"lazy\" class=\" wp-image-1741 aligncenter\" title=\"Valent\u00fdnsk\u00e9 kouzeln\u00e9 fazole se vzkazem LOVE - velkoobchod\" alt=\"Valent\u00fdnsk\u00e9 kouzeln\u00e9 fazole se vzkazem LOVE - velkoobchod\" src=\"http:\/\/predmetyreklamni.eu\/vyrobce\/wp-content\/uploads\/IMG_5835-245x300.jpg\" width=\"196\" height=\"240\" srcset=\"https:\/\/predmetyreklamni.eu\/vyrobce\/wp-content\/uploads\/IMG_5835-245x300.jpg 245w, https:\/\/predmetyreklamni.eu\/vyrobce\/wp-content\/uploads\/IMG_5835.jpg 480w\" sizes=\"(max-width: 196px) 100vw, 196px\" \/><\/a><\/p>\n<h2 style=\"text-align: justify;\">Valent\u00fdnsk\u00e9 kouzeln\u00e9 fazole v plechovce velkoobchod &#8211; cen\u00edk<\/h2>\n<p>Minim\u00e1ln\u00ed objedn\u00e1vka 50 kus\u016f. Nab\u00edz\u00edme mno\u017estevn\u00ed slevy a individu\u00e1ln\u00ed p\u0159\u00edstup.\u00a0Nev\u00e1hejte n\u00e1s <a href=\"mailto:info@predmetyreklamni.eu\">kontaktovat<\/a>.<\/p>\n<p style=\"text-align: justify;\">[ultimatetables 4 \/]<\/p>\n<p style=\"text-align: justify;\">* uveden\u00e9 ceny neobsahuj\u00ed DPH 21%<\/p>\n<p style=\"text-align: justify;\">Pot\u0159ebuje zn\u00e1t cenu pro jin\u00e9 mno\u017estv\u00ed? Kontaktujte n\u00e1\u0161\u00a0<a title=\"hawaii v\u011bnce velkoobchod\" href=\"mailto:info@predmetyreklamni.eu\">VELKOOBCHOD<\/a>.<\/p>\n<p style=\"text-align: justify;\">Pro objedn\u00e1vku pou\u017eijte, pros\u00edm, objedn\u00e1vkov\u00fd formul\u00e1\u0159 n\u00ed\u017ee. D\u011bkujeme!<br \/>\nDo objedn\u00e1vky pros\u00edm uve\u010fte:<br \/>\n1. jm\u00e9no a p\u0159\u00edjmen\u00ed<br \/>\n2. adresa doru\u010den\u00ed<br \/>\n3. po\u010det kus\u016f<br \/>\n4. kontaktn\u00ed telefon (nejl\u00e9pe mobiln\u00ed telefon)<br \/>\n5. p\u0159i n\u00e1kupu na fakturu uve\u010fte faktura\u010dn\u00ed \u00fadaje.<\/p>\n<p style=\"text-align: justify;\"><strong>Objedn\u00e1vky zas\u00edl\u00e1me:<\/strong><br \/>\nBAL\u00cdK DO RUKY \u00a0DO 10kg \u2013 DOB\u00cdRKA \u2013 170,- K\u010d v\u010detn\u011b DPH<br \/>\nnad 10kg dle cen\u00edku na\u0161eho p\u0159epravce<\/p>\n<p style=\"text-align: justify;\">BAL\u00cdK DO RUKY DO 10kg \u2013 PLATBA P\u0158EDEM NA \u00da\u010cET \u2013 130,- K\u010d v\u010detn\u011b DPH<br \/>\nnad 10kg dle cen\u00edku na\u0161eho p\u0159epravce<\/p>\n<p style=\"text-align: justify;\">P\u0159i platb\u011b p\u0159edem na \u00fa\u010det V\u00e1m bude zasl\u00e1na z\u00e1lohov\u00e1 faktura. Zbo\u017e\u00ed odes\u00edl\u00e1me po p\u0159ips\u00e1n\u00ed pen\u011bz na n\u00e1\u0161 \u00fa\u010det.<\/p>\n<p style=\"text-align: justify;\"><strong>OBJEDN\u00c1VKOV\u00dd FORMUL\u00c1\u0158<\/strong><\/p>\n<p style=\"text-align: justify;\">[contact-form-7 id=&#8220;398&#8243; title=&#8220;Objedn\u00e1vka&#8220;]<\/p>\n<h2 style=\"text-align: justify;\">Valent\u00fdnsk\u00e9 kouzeln\u00e9 fazole v plechovce maloobchod<\/h2>\n<p style=\"text-align: justify;\"><a href=\"http:\/\/predmetyreklamni.eu\/vyrobce\/wp-content\/uploads\/FAZ_.jpg\"><img decoding=\"async\" loading=\"lazy\" class=\"alignleft size-full wp-image-1751\" title=\"Valent\u00fdnsk\u00e9 kouzeln\u00e9 fazole v plechovce maloobchod\" alt=\"Valent\u00fdnsk\u00e9 kouzeln\u00e9 fazole v plechovce maloobchod\" src=\"http:\/\/predmetyreklamni.eu\/vyrobce\/wp-content\/uploads\/FAZ_.jpg\" width=\"106\" height=\"141\" \/><\/a><\/p>\n<p style=\"text-align: justify;\">M\u00e1te z\u00e1jem koupit o kusov\u00fd prodej valent\u00fdnsk\u00e9 kouzeln\u00e9 fazole v plechovce? Nav\u0161tivte n\u00e1s internetov\u00fd obchod <a title=\"Valent\u00fdnsk\u00e9 kouzeln\u00e9 fazole v plechovce maloobchod\" href=\"http:\/\/vymitac.cz\/cs\/originalni-darky\/1204-kouzelna-fazole-v-plechovce.html\" target=\"_blank\">Modern\u00ed design &#8211; vym\u00edta\u010d v\u0161ednosti<\/a>, kde m\u016f\u017eete valent\u00fdnsk\u00e9 kouzeln\u00e9 fazole zakoupit ji\u017e od jednoho kusu.<\/p>\n","protected":false},"excerpt":{"rendered":"<p>VALENT\u00ddNSK\u00c9 KOUZELN\u00c9 FAZOLE VELKOOBCHOD Valent\u00fdnsk\u00e9 kouzeln\u00e9 fazole v plechovce velkoobchod Sh\u00e1n\u00edte origin\u00e1ln\u00ed reklamn\u00ed p\u0159edm\u011bt nebo d\u00e1rek na svou valent\u00fdnskou \u010di jinou promo akci v tomto stylu? A hlavn\u011b ho pot\u0159ebujete ihned? Valent\u00fdnsk\u00e9 kouzeln\u00e9 fazole jsou unik\u00e1tn\u00ed reklamn\u00ed p\u0159edm\u011bt, kter\u00fd poch\u00e1z\u00ed &hellip; <a href=\"https:\/\/predmetyreklamni.eu\/vyrobce\/sk\/valentynske-kouzelne-fazole-v-plechovce-velkoobchod\/\">Continue reading <span class=\"meta-nav\">&rarr;<\/span><\/a><\/p>\n","protected":false},"author":1,"featured_media":0,"parent":0,"menu_order":16,"comment_status":"closed","ping_status":"open","template":"sidebar-page.php","meta":[],"_links":{"self":[{"href":"https:\/\/predmetyreklamni.eu\/vyrobce\/sk\/wp-json\/wp\/v2\/pages\/1342"}],"collection":[{"href":"https:\/\/predmetyreklamni.eu\/vyrobce\/sk\/wp-json\/wp\/v2\/pages"}],"about":[{"href":"https:\/\/predmetyreklamni.eu\/vyrobce\/sk\/wp-json\/wp\/v2\/types\/page"}],"author":[{"embeddable":true,"href":"https:\/\/predmetyreklamni.eu\/vyrobce\/sk\/wp-json\/wp\/v2\/users\/1"}],"replies":[{"embeddable":true,"href":"https:\/\/predmetyreklamni.eu\/vyrobce\/sk\/wp-json\/wp\/v2\/comments?post=1342"}],"version-history":[{"count":29,"href":"https:\/\/predmetyreklamni.eu\/vyrobce\/sk\/wp-json\/wp\/v2\/pages\/1342\/revisions"}],"predecessor-version":[{"id":3689,"href":"https:\/\/predmetyreklamni.eu\/vyrobce\/sk\/wp-json\/wp\/v2\/pages\/1342\/revisions\/3689"}],"wp:attachment":[{"href":"https:\/\/predmetyreklamni.eu\/vyrobce\/sk\/wp-json\/wp\/v2\/media?parent=1342"}],"curies":[{"name":"wp","href":"https:\/\/api.w.org\/{rel}","templated":true}]}}