{"id":1353,"date":"2013-07-19T09:56:17","date_gmt":"2013-07-19T09:56:17","guid":{"rendered":"http:\/\/predmetyreklamni.eu\/vyrobce\/?page_id=1353"},"modified":"2014-03-13T09:15:07","modified_gmt":"2014-03-13T09:15:07","slug":"rostlinky-v-plechovce-na-zakazku","status":"publish","type":"page","link":"https:\/\/predmetyreklamni.eu\/vyrobce\/sk\/rostlinky-v-plechovce-na-zakazku\/","title":{"rendered":"Rostlinky v plechovce na zak\u00e1zku"},"content":{"rendered":"<h1 style=\"text-align: justify;\">ROSTLINKY V PLECHOVCE NA ZAK\u00c1ZKU<\/h1>\n<h2 style=\"text-align: justify;\">Nab\u00edz\u00edme rostlinky jako ovoce a zelenina v plechovce na zak\u00e1zku<\/h2>\n<p style=\"text-align: justify;\">Nab\u00edz\u00edme rostlinky jako ovoce a zelenina v plechovce, kterou si m\u016f\u017eete na zak\u00e1zku nechat potisknout vlastn\u00edm designem, logem, zna\u010dkou firmy nebo n\u00e1zvem akce. Nemus\u00edte se dr\u017eet tradi\u010dn\u00edho v\u011bnov\u00e1n\u00ed kv\u011btin, existuje cel\u00e1 \u0159ada ovoce nebo zeleniny v plechovce, kterou m\u016f\u017eete v\u011bnovat jako d\u00e1rek sv\u00fdm klient\u016fm nebo obchodn\u00edm partner\u016fm.\u00a0P\u011bstovat rostlinky v plechovce je velice snadn\u00e9 a ka\u017ed\u00fd se tak jednodu\u0161e stane zahradn\u00edkem na sv\u00e9 miniaturn\u00ed zahr\u00e1dce. Sta\u010d\u00ed otev\u0159\u00edt plechovku a n\u00e1sledovat instrukce na zadn\u00ed stran\u011b plechovky. Na t\u011bchto str\u00e1nk\u00e1ch zjist\u00edte v\u00edce o reklamn\u00edm p\u0159edm\u011btu rostlinky plechovce, kter\u00fd pro V\u00e1s na zak\u00e1zku vyrob\u00edme. \u00a0Tento praktick\u00fd reklamn\u00ed p\u0159edm\u011bt jist\u011b ocen\u00ed ka\u017ed\u00fd.<\/p>\n<p style=\"text-align: justify;\"><span style=\"color: #000000; font-weight: bold;\">Rostlinky v plechovce na zak\u00e1zku ve zkratce<\/span><\/p>\n<ul style=\"text-align: justify;\">\n<li><em>co obsahuje plechovka: sm\u011br substr\u00e1tu, sem\u00ednka a bezpe\u010dn\u00e9 antibakteri\u00e1ln\u00ed chemick\u00e9 hnojivo\u00a0<\/em><\/li>\n<li><em>doporu\u010den\u00e1 teplota: okolo 25 stup\u0148\u016f<\/em><\/li>\n<li><em>skv\u011bl\u00fd d\u00e1rek vhodn\u00fd pro v\u0161echny generace<\/em><\/li>\n<li><em>rostlinky v plechovce pot\u0159ebuj\u00ed zal\u00edt jednou za dva dny a to p\u0159im\u011b\u0159en\u00fdm mno\u017estv\u00edm vody<\/em><\/li>\n<li><em>rostlinky v plechovce za\u010dnou kl\u00ed\u010dit po asi 7-15 dnech.<\/em><\/li>\n<li><em>balen\u00ed: vakuov\u00e1 plechovka, pap\u00edrov\u00fd s\u00e1\u010dek nebo kv\u011btin\u00e1\u010d, plastov\u00fd kel\u00edmek, plastov\u00e1 plechovka \u010di plastov\u00fd kv\u011btin\u00e1\u010d, v\u0161e s r\u016fzn\u00fdm potiskem na zak\u00e1zku\u00a0<\/em><\/li>\n<\/ul>\n<p style=\"text-align: justify;\">Klikn\u011bte pro v\u00edce informac\u00ed<\/p>\n<div style=\"width: 146px\" class=\"wp-caption alignleft\"><a style=\"font-style: normal; line-height: 24px; text-decoration: underline;\" href=\"http:\/\/predmetyreklamni.eu\/vyrobce\/rostlinky-ovoce-a-zelenina-v-plechovce-s-potiskem\/\" target=\"_blank\"><img decoding=\"async\" loading=\"lazy\" class=\"  \" title=\"Rostlinky ovoce zelenina v plechovce na zak\u00e1zku\" alt=\"Rostlinky ovoce zelenina v plechovce na zak\u00e1zku\" src=\"http:\/\/predmetyreklamni.eu\/vyrobce\/wp-content\/uploads\/imprinted-mini-plants.jpg\" width=\"136\" height=\"136\" \/><\/a><p class=\"wp-caption-text\">V PLECHOVCE<\/p><\/div>\n<div style=\"width: 146px\" class=\"wp-caption alignleft\"><a href=\"http:\/\/predmetyreklamni.eu\/vyrobce\/rostlinky-ovoce-a-zelenina-v-papirovem-obalu-s-potiskem\/\" target=\"_blank\"><img decoding=\"async\" loading=\"lazy\" class=\"   \" title=\"Rostlinky ovoce zelenina v pap\u00edrov\u00e9m obalu\" alt=\"Rostlinky ovoce zelenina v pap\u00edrov\u00e9m obalu\" src=\"http:\/\/predmetyreklamni.eu\/vyrobce\/wp-content\/uploads\/mini-plants-with-print.jpg\" width=\"136\" height=\"136\" \/><\/a><p class=\"wp-caption-text\">V PAP. OBALU<\/p><\/div>\n<div style=\"width: 146px\" class=\"wp-caption alignleft\"><a href=\"http:\/\/predmetyreklamni.eu\/vyrobce\/rostlinky-ovoce-a-zelenina-v-plastovem-obalu-s-potiskem\/\" target=\"_blank\"><img decoding=\"async\" loading=\"lazy\" class=\"        \" title=\"Rostlinky ovoce zelenina v plastov\u00e9m obalu na zak\u00e1zku\" alt=\"Rostlinky ovoce zelenina v plastov\u00e9m obalu na zak\u00e1zku\" src=\"http:\/\/predmetyreklamni.eu\/vyrobce\/wp-content\/uploads\/min-pet-plants.jpg\" width=\"136\" height=\"136\" \/><\/a><p class=\"wp-caption-text\">V PLAST. OBALU<\/p><\/div>\n<h2>Rostlinky ovoce zelenina v plechovce nab\u00eddka\u00a0na zak\u00e1zku<\/h2>\n<p style=\"text-align: justify;\">Rostlinky ovoce a zelenina nab\u00edz\u00edme v r\u016fzn\u00fdch balen\u00edch a Vy si m\u016f\u017eete vybrat z vakuov\u00e9 plechovky, pap\u00edrov\u00e9ho s\u00e1\u010dku, pap\u00edrov\u00e9ho kv\u011btin\u00e1\u010de, plastov\u00e9ho kel\u00edmku, plastov\u00e9 plechovky \u010di plastov\u00e9ho mini kv\u011btin\u00e1\u010de. V\u0161echny tyto varianty obal\u016f m\u016f\u017eete nechat potisknout logem firmy, zna\u010dkou, sloganem nebo jak\u00fdmkoliv designem. Obdarujte d\u00fdn\u00ed, jahodami, raj\u010daty, paprikou nebo jin\u00fdm druhem ovoce \u010di zeleniny. Rostlinky v plechovce jsou na\u0161\u00edm nov\u00fdm produktem, kter\u00fd pro V\u00e1s nab\u00edz\u00edme a v\u011b\u0159\u00edme, \u017ee pomoc\u00ed n\u011bho zaujmete sv\u00e9 klienty \u010di z\u00e1kazn\u00edky a z\u00edsk\u00e1te nov\u00e9.<\/p>\n<h2 style=\"text-align: justify;\">Rostlinky v plechovce &#8211; ekologick\u00fd reklamn\u00ed p\u0159edm\u011bt na zak\u00e1zku<\/h2>\n<p style=\"text-align: justify;\">Rostlinky v plechovce jsou ekologick\u00fd reklamn\u00ed p\u0159edm\u011bt, kter\u00fd pro V\u00e1s na zak\u00e1zku nech\u00e1me vyrobit. Vy tak d\u00e1te sv\u00fdm klient\u016fm, obchodn\u00edm partner\u016fm, zam\u011bstnanc\u016fm najevo, \u017ee Va\u0161\u00ed spole\u010dnosti z\u00e1le\u017e\u00ed na p\u0159\u00edrod\u011b a p\u0159em\u00fd\u0161l\u00edte o p\u0159edm\u011btech, kter\u00e9 pou\u017e\u00edv\u00e1te k propagaci spole\u010dnosti.\u00a0Ekologicky \u0161etrn\u00e9 rostlinky v plechovce mohou m\u00edt na obalu vyti\u0161t\u011bno logo firmy, slogan nebo zna\u010dku.\u00a0Vyberte si rostlinky v plechovce z na\u0161\u00ed \u0161irok\u00e9 nab\u00eddky a my V\u00e1m na zak\u00e1zku vyrob\u00edme tento kr\u00e1sn\u00fd a nav\u00edc ekologick\u00fd reklamn\u00ed p\u0159edm\u011bt. Dosta\u0148te se do pov\u011bdom\u00ed lid\u00ed pomoc\u00ed kr\u00e1sn\u00e9ho d\u00e1rku v podob\u011b rostlinky v plechovce.<\/p>\n<div style=\"text-align: justify;\">\n<h2>Rostlinky ovoce a zelenina v plechovce na zak\u00e1zku balen\u00ed<\/h2>\n<div>Kv\u011btiny jsou um\u00edst\u011bny v plechovce, kter\u00e1 m\u016f\u017ee b\u00fdt opat\u0159ena potiskem. Dal\u0161\u00ed variantou mohou b\u00fdt plechovky bez potisku, ale cel\u00e1 plechovka m\u016f\u017ee b\u00fdt opat\u0159ena pap\u00edrov\u00fdm obalem, kter\u00fd bude opat\u0159en potiskem. Na zak\u00e1zku lze samoz\u0159ejm\u011b pou\u017e\u00edt r\u016fzn\u00e9 kombinace. Kv\u011btiny v plechovce na zak\u00e1zku nab\u00edz\u00ed velk\u00fd prostor pro Va\u0161\u00ed reklamu \u2013 logo, zna\u010dku, slogan. Z\u00e1le\u017e\u00ed jen na V\u00e1s. V\u0161echny plechovky m\u00e1j\u00ed na spodn\u00ed \u010d\u00e1sti plastovou krytku, kter\u00e1 mus\u00ed b\u00fdt odstran\u011bna p\u0159ed prvn\u00edm zalit\u00edm. Kvalitn\u00ed balen\u00ed kv\u011btiny v plechovce je bezpochyby z\u00e1rukou toho, \u017ee Va\u0161e kr\u00e1sn\u00e9 rostlinky doputuj\u00ed ke sv\u00e9mu nov\u00e9mu majiteli v po\u0159\u00e1dku.<\/div>\n<div><a href=\"http:\/\/predmetyreklamni.eu\/vyrobce\/wp-content\/uploads\/baleni1.jpg\"><img decoding=\"async\" loading=\"lazy\" class=\"alignleft\" title=\"Rostlinky ovoce a zelenina v plechovce na zak\u00e1zku balen\u00ed\" alt=\"Rostlinky ovoce a zelenina v plechovce na zak\u00e1zku balen\u00ed\" src=\"http:\/\/predmetyreklamni.eu\/vyrobce\/wp-content\/uploads\/baleni1-300x220.jpg\" width=\"216\" height=\"158\" \/><\/a><a href=\"http:\/\/predmetyreklamni.eu\/vyrobce\/wp-content\/uploads\/baleni2.jpg\"><img decoding=\"async\" loading=\"lazy\" class=\"alignleft\" title=\"Rostlinky ovoce a zelenina v plechovce s potiskem\" alt=\"Rostlinky ovoce a zelenina v plechovce s potiskem\" src=\"http:\/\/predmetyreklamni.eu\/vyrobce\/wp-content\/uploads\/baleni2-300x186.jpg\" width=\"270\" height=\"167\" \/><\/a><\/div>\n<div><\/div>\n<div><\/div>\n<div><\/div>\n<div><\/div>\n<div><\/div>\n<div><\/div>\n<div><\/div>\n<div><\/div>\n<div><\/div>\n<div><a href=\"http:\/\/predmetyreklamni.eu\/vyrobce\/wp-content\/uploads\/baleni3.jpg\"><img decoding=\"async\" loading=\"lazy\" class=\"aligncenter\" title=\"Rostlinky v plechovce s potiskem \" alt=\"Rostlinky v plechovce s potiskem \" src=\"http:\/\/predmetyreklamni.eu\/vyrobce\/wp-content\/uploads\/baleni3-300x252.jpg\" width=\"300\" height=\"252\" \/><\/a><\/div>\n<div><\/div>\n<div>Chcete si nechat vyrobit vlastn\u00ed rostlinky ovoce a zelenina v plechovce na zak\u00e1zku? Kontaktujte n\u00e1s pro cenovou nab\u00eddku na emailu:<a href=\"mailto:info@predmetyreklamni.eu\">\u00a0info@predmetyreklamni.eu<\/a><\/div>\n<div><\/div>\n<div>\n<p><strong>Do cenov\u00e9 popt\u00e1vky pros\u00edm uve\u010fte pot\u0159ebn\u00e9 informace pro cenovou nab\u00eddku jako<\/strong>: mno\u017estv\u00ed, velikost, barevn\u00e9 proveden\u00ed nebo kombinaci barev, dobu dod\u00e1n\u00ed. V\u0161echny tyto informace n\u00e1m pomohou k rychlej\u0161\u00edmu zpracov\u00e1n\u00ed cenov\u00e9 nab\u00eddky pr\u00e1v\u011b pro V\u00e1s.<\/p>\n<p>T\u011b\u0161\u00edme se na spolupr\u00e1ci! Team Gifts Service<\/p>\n<\/div>\n<\/div>\n","protected":false},"excerpt":{"rendered":"<p>ROSTLINKY V PLECHOVCE NA ZAK\u00c1ZKU Nab\u00edz\u00edme rostlinky jako ovoce a zelenina v plechovce na zak\u00e1zku Nab\u00edz\u00edme rostlinky jako ovoce a zelenina v plechovce, kterou si m\u016f\u017eete na zak\u00e1zku nechat potisknout vlastn\u00edm designem, logem, zna\u010dkou firmy nebo n\u00e1zvem akce. Nemus\u00edte se &hellip; <a href=\"https:\/\/predmetyreklamni.eu\/vyrobce\/sk\/rostlinky-v-plechovce-na-zakazku\/\">Continue reading <span class=\"meta-nav\">&rarr;<\/span><\/a><\/p>\n","protected":false},"author":1,"featured_media":0,"parent":0,"menu_order":16,"comment_status":"closed","ping_status":"open","template":"sidebar-page.php","meta":[],"_links":{"self":[{"href":"https:\/\/predmetyreklamni.eu\/vyrobce\/sk\/wp-json\/wp\/v2\/pages\/1353"}],"collection":[{"href":"https:\/\/predmetyreklamni.eu\/vyrobce\/sk\/wp-json\/wp\/v2\/pages"}],"about":[{"href":"https:\/\/predmetyreklamni.eu\/vyrobce\/sk\/wp-json\/wp\/v2\/types\/page"}],"author":[{"embeddable":true,"href":"https:\/\/predmetyreklamni.eu\/vyrobce\/sk\/wp-json\/wp\/v2\/users\/1"}],"replies":[{"embeddable":true,"href":"https:\/\/predmetyreklamni.eu\/vyrobce\/sk\/wp-json\/wp\/v2\/comments?post=1353"}],"version-history":[{"count":30,"href":"https:\/\/predmetyreklamni.eu\/vyrobce\/sk\/wp-json\/wp\/v2\/pages\/1353\/revisions"}],"predecessor-version":[{"id":2908,"href":"https:\/\/predmetyreklamni.eu\/vyrobce\/sk\/wp-json\/wp\/v2\/pages\/1353\/revisions\/2908"}],"wp:attachment":[{"href":"https:\/\/predmetyreklamni.eu\/vyrobce\/sk\/wp-json\/wp\/v2\/media?parent=1353"}],"curies":[{"name":"wp","href":"https:\/\/api.w.org\/{rel}","templated":true}]}}