{"id":1476,"date":"2013-07-23T09:54:11","date_gmt":"2013-07-23T09:54:11","guid":{"rendered":"http:\/\/predmetyreklamni.eu\/vyrobce\/?page_id=1476"},"modified":"2014-10-25T16:00:24","modified_gmt":"2014-10-25T16:00:24","slug":"kvetiny-a-bylinky-v-papirovem-obalu-s-potiskem","status":"publish","type":"page","link":"https:\/\/predmetyreklamni.eu\/vyrobce\/sk\/kvetiny-a-bylinky-v-papirovem-obalu-s-potiskem\/","title":{"rendered":"Kv\u011btiny a bylinky v pap\u00edrov\u00e9m obalu s potiskem"},"content":{"rendered":"<h1 style=\"text-align: justify;\">KV\u011aTINY A BYLINKY V PAP\u00cdROV\u00c9M OBALU S POTISKEM<\/h1>\n<h2 style=\"text-align: justify;\">Kv\u011btiny a bylinky v pap\u00edrov\u00e9m obalu s vlastn\u00edm potiskem<\/h2>\n<p style=\"text-align: justify;\">Kv\u011btiny a bylinky v pap\u00edrov\u00e9m obalu s vlastn\u00edm potiskem jsou perfektn\u00edm reklamn\u00edm p\u0159edm\u011btem, kter\u00fd pot\u011b\u0161\u00ed ka\u017ed\u00e9ho a nav\u00edc darujete kousek p\u0159\u00edrody. A kdo nem\u00e1 r\u00e1d p\u0159\u00edrodu. Darujte sv\u00fdm obchodn\u00edm partner\u016fm, klient\u016fm nebo z\u00e1kazn\u00edk\u016fm tento origin\u00e1ln\u00ed d\u00e1rek v pap\u00edrov\u00e9m obalu a oni si doma nebo v kancel\u00e1\u0159i vyp\u011bstuj\u00ed kv\u011btiny nebo bylinky. Kv\u011btiny a bylinky mohou b\u00fdt v pap\u00edrov\u00e9m s\u00e1\u010dku, pap\u00edrov\u00e9m kv\u011btin\u00e1\u010dku nebo v pap\u00edrov\u00e9 d\u00e1rkov\u00e9 karti\u010dce a to v\u0161e s potiskem dle Va\u0161eho zad\u00e1n\u00ed. Z\u00e1le\u017e\u00ed jen na Va\u0161\u00ed fantazii. N\u00ed\u017ee V\u00e1m p\u0159edstav\u00edme n\u011bkter\u00e9 z realizac\u00ed jak mohou vypadat pr\u00e1v\u011b Va\u0161e kv\u011btiny a bylinky v pap\u00edrov\u00e9m obalu s potiskem.<\/p>\n<p style=\"text-align: justify;\">Nevybrali jste si z na\u0161\u00ed nab\u00eddky a chcete kv\u011btiny a bylinky v pap\u00edrov\u00e9m obalu s potiskem dle Va\u0161ich p\u0159edstav? Nev\u00e1hejte n\u00e1s <a title=\"info@predmetyreklamni.eu\" href=\"mailto:info@predmetyreklamni.eu\">kontaktovat<\/a>.<\/p>\n<h2 style=\"text-align: justify;\">Kv\u011btiny a bylinky v pap\u00edrov\u00e9m kv\u011btin\u00e1\u010di s potiskem &#8211; \u010dty\u0159l\u00edstek<\/h2>\n<p style=\"text-align: justify;\"><a href=\"http:\/\/predmetyreklamni.eu\/vyrobce\/wp-content\/uploads\/Lucky-Grass-in-a-Promo-Bag.jpg\"><img decoding=\"async\" loading=\"lazy\" class=\"alignleft size-full wp-image-1483\" title=\"Kv\u011btiny a bylinky v pap\u00edrov\u00e9m kv\u011btin\u00e1\u010di s potiskem - \u010dty\u0159l\u00edstek\" alt=\"Kv\u011btiny a bylinky v pap\u00edrov\u00e9m kv\u011btin\u00e1\u010di s potiskem - \u010dty\u0159l\u00edstek\" src=\"http:\/\/predmetyreklamni.eu\/vyrobce\/wp-content\/uploads\/Lucky-Grass-in-a-Promo-Bag.jpg\" width=\"200\" height=\"200\" srcset=\"https:\/\/predmetyreklamni.eu\/vyrobce\/wp-content\/uploads\/Lucky-Grass-in-a-Promo-Bag.jpg 200w, https:\/\/predmetyreklamni.eu\/vyrobce\/wp-content\/uploads\/Lucky-Grass-in-a-Promo-Bag-150x150.jpg 150w\" sizes=\"(max-width: 200px) 100vw, 200px\" \/><\/a><span style=\"text-align: justify;\">\u010cty\u0159l\u00edstek v pap\u00edrov\u00e9m kv\u011btin\u00e1\u010di s potiskem, kter\u00fd je zevnit\u0159 opat\u0159en hlin\u00edkovou membr\u00e1nou. Kr\u00e1sn\u00fd troj\u00faheln\u00edkov\u00fd kv\u011btin\u00e1\u010d se sem\u00ednky \u010dty\u0159l\u00edstku bude dokonal\u00fdm d\u00e1rkem a dekorac\u00ed.<br \/>\n<\/span><strong style=\"text-align: justify;\">Minim\u00e1ln\u00ed obj.:<\/strong><span style=\"text-align: justify;\">\u00a05000 ks<br \/>\n<\/span><strong style=\"text-align: justify;\">Cena<\/strong><span style=\"text-align: justify;\">: 13.90 K\u010d\/ks (p\u0159i odb\u011bru 5000 ks)<br \/>\n<\/span><strong style=\"text-align: justify;\">Rozm\u011bry<\/strong><span style=\"text-align: justify;\">:\u00a042 x 34 x 40 cm<br \/>\n<\/span><strong style=\"text-align: justify;\">Potisk<\/strong><span style=\"text-align: justify;\">: na zak\u00e1zku<br \/>\n<\/span><strong style=\"text-align: justify;\">Balen\u00ed<\/strong><span style=\"text-align: justify;\">: 112 ks v kartonu<br \/>\n<\/span><strong style=\"text-align: justify;\">Cena<\/strong><span style=\"text-align: justify;\">:\u00a0<a title=\"ZASLAT POPT\u00c1VKU\" href=\"mailto:info@predmetyreklamni.eu\">ZASLAT POPT\u00c1VKU\u00a0<\/a><\/span><\/p>\n<h2 style=\"text-align: justify;\">\u00a0<span style=\"color: #000000; font-weight: bold;\">Kv\u011btiny a bylinky v pap\u00edrov\u00e9m kv\u011btin\u00e1\u010di s potiskem &#8211; bazalka<\/span><\/h2>\n<p style=\"text-align: justify;\"><a href=\"http:\/\/predmetyreklamni.eu\/vyrobce\/wp-content\/uploads\/Basil-in-a-Promo-Paper-Bag.jpg\"><img decoding=\"async\" loading=\"lazy\" class=\"alignleft size-full wp-image-1487\" title=\" Kv\u011btiny a bylinky v pap\u00edrov\u00e9m kv\u011btin\u00e1\u010di s potiskem - bazalka\" alt=\" Kv\u011btiny a bylinky v pap\u00edrov\u00e9m kv\u011btin\u00e1\u010di s potiskem - bazalka\" src=\"http:\/\/predmetyreklamni.eu\/vyrobce\/wp-content\/uploads\/Basil-in-a-Promo-Paper-Bag.jpg\" width=\"200\" height=\"200\" srcset=\"https:\/\/predmetyreklamni.eu\/vyrobce\/wp-content\/uploads\/Basil-in-a-Promo-Paper-Bag.jpg 200w, https:\/\/predmetyreklamni.eu\/vyrobce\/wp-content\/uploads\/Basil-in-a-Promo-Paper-Bag-150x150.jpg 150w\" sizes=\"(max-width: 200px) 100vw, 200px\" \/><\/a>Bazalka v pap\u00edrov\u00e9m kv\u011btin\u00e1\u010di s potiskem, kter\u00fd je zevnit\u0159 opat\u0159en hlin\u00edkovou membr\u00e1nou. Kr\u00e1sn\u00fd troj\u00faheln\u00edkov\u00fd kv\u011btin\u00e1\u010d se sem\u00ednky bazalky bude dokonal\u00fdm d\u00e1rkem a dekorac\u00ed.<br \/>\n<strong>Minim\u00e1ln\u00ed obj.:<\/strong>\u00a05000 ks<br \/>\n<strong>Cena<\/strong>: 13.90 K\u010d\/ks (p\u0159i odb\u011bru 5000 ks)<br \/>\n<strong>Rozm\u011bry<\/strong>:\u00a042 x 34 x 40 cm<br \/>\n<strong>Potisk<\/strong>: na zak\u00e1zku<br \/>\n<strong>Balen\u00ed<\/strong>: 112 ks v kartonu<br \/>\n<strong>Cena<\/strong>:\u00a0<a title=\"ZASLAT POPT\u00c1VKU\" href=\"mailto:info@predmetyreklamni.eu\">ZASLAT POPT\u00c1VKU\u00a0<\/a><\/p>\n<h2 style=\"text-align: justify;\">Kv\u011btiny a bylinky v pap\u00edrov\u00e9m kv\u011btin\u00e1\u010di s potiskem &#8211;\u00a0<span style=\"color: #000000; font-weight: bold;\">Calliopsis (<\/span><span style=\"color: #000000; font-weight: bold;\">kr\u00e1snoo\u010dko)<\/span><\/h2>\n<p style=\"text-align: justify;\"><a href=\"http:\/\/predmetyreklamni.eu\/vyrobce\/wp-content\/uploads\/Promo-Paper-Bag-with-Calliopsis.jpg\"><img decoding=\"async\" loading=\"lazy\" class=\"alignleft size-full wp-image-1489\" title=\"Kv\u011btiny a bylinky v pap\u00edrov\u00e9m kv\u011btin\u00e1\u010di s potiskem - Calliopsis (kr\u00e1snoo\u010dko)\" alt=\"Kv\u011btiny a bylinky v pap\u00edrov\u00e9m kv\u011btin\u00e1\u010di s potiskem - Calliopsis (kr\u00e1snoo\u010dko)\" src=\"http:\/\/predmetyreklamni.eu\/vyrobce\/wp-content\/uploads\/Promo-Paper-Bag-with-Calliopsis.jpg\" width=\"200\" height=\"200\" srcset=\"https:\/\/predmetyreklamni.eu\/vyrobce\/wp-content\/uploads\/Promo-Paper-Bag-with-Calliopsis.jpg 200w, https:\/\/predmetyreklamni.eu\/vyrobce\/wp-content\/uploads\/Promo-Paper-Bag-with-Calliopsis-150x150.jpg 150w\" sizes=\"(max-width: 200px) 100vw, 200px\" \/><\/a>Kr\u00e1snoo\u010dko v pap\u00edrov\u00e9m kv\u011btin\u00e1\u010di s potiskem, kter\u00fd je zevnit\u0159 opat\u0159en hlin\u00edkovou membr\u00e1nou. Kr\u00e1sn\u00fd troj\u00faheln\u00edkov\u00fd kv\u011btin\u00e1\u010d se sem\u00ednky kr\u00e1snoo\u010dka bude dokonal\u00fdm d\u00e1rkem a dekorac\u00ed.<br \/>\n<strong>Minim\u00e1ln\u00ed obj.:<\/strong>\u00a05000 ks<br \/>\n<strong>Cena<\/strong>: 13.90 K\u010d\/ks (p\u0159i odb\u011bru 5000 ks)<br \/>\n<strong>Rozm\u011bry<\/strong>:\u00a042 x 34 x 40 cm<br \/>\n<strong>Potisk<\/strong>: na zak\u00e1zku<br \/>\n<strong>Balen\u00ed<\/strong>: 112 ks v kartonu<br \/>\n<strong>Cena<\/strong>:\u00a0<a title=\"ZASLAT POPT\u00c1VKU\" href=\"mailto:info@predmetyreklamni.eu\">ZASLAT POPT\u00c1VKU\u00a0<\/a><\/p>\n<h2 style=\"text-align: justify;\">Kv\u011btiny a bylinky v pap\u00edrov\u00e9m s\u00e1\u010dku s potiskem &#8211;\u00a0slune\u010dnice<\/h2>\n<p style=\"text-align: justify;\"><a href=\"http:\/\/predmetyreklamni.eu\/vyrobce\/wp-content\/uploads\/mini_flower1.jpg\"><img decoding=\"async\" loading=\"lazy\" class=\"alignleft size-full wp-image-1492\" title=\"Kv\u011btiny a bylinky v pap\u00edrov\u00e9m s\u00e1\u010dku s potiskem - slune\u010dnice\" alt=\"Kv\u011btiny a bylinky v pap\u00edrov\u00e9m s\u00e1\u010dku s potiskem - slune\u010dnice\" src=\"http:\/\/predmetyreklamni.eu\/vyrobce\/wp-content\/uploads\/mini_flower1.jpg\" width=\"240\" height=\"240\" srcset=\"https:\/\/predmetyreklamni.eu\/vyrobce\/wp-content\/uploads\/mini_flower1.jpg 240w, https:\/\/predmetyreklamni.eu\/vyrobce\/wp-content\/uploads\/mini_flower1-150x150.jpg 150w\" sizes=\"(max-width: 240px) 100vw, 240px\" \/><\/a>Baleno v pap\u00edrov\u00e9m s\u00e1\u010dku z recyklovan\u00e9ho pap\u00edru spole\u010dn\u011b se sem\u00ednky slune\u010dnice. Kv\u011btiny a bylinky v s\u00e1\u010dku m\u016f\u017eete opat\u0159it vlastn\u00edm origin\u00e1ln\u00edm potiskem. Mini slune\u010dnice v s\u00e1\u010dku s potiskem je kr\u00e1sn\u00fd d\u00e1rek a dekorace.<br \/>\n<strong>Minim\u00e1ln\u00ed obj.:<\/strong>\u00a05000 ks<br \/>\n<strong>Cena<\/strong>: 13.90 K\u010d\/ks (p\u0159i odb\u011bru 5000 ks)<br \/>\n<strong>Rozm\u011bry<\/strong>: 51 x 40 x 48\u00a0cm<br \/>\n<strong>Potisk<\/strong>: na zak\u00e1zku<br \/>\n<strong>Balen\u00ed<\/strong>: 96 ks v kartonu<br \/>\n<strong>Cena<\/strong>:\u00a0<a title=\"ZASLAT POPT\u00c1VKU\" href=\"mailto:info@predmetyreklamni.eu\">ZASLAT POPT\u00c1VKU\u00a0<\/a><\/p>\n<h2 style=\"text-align: justify;\">Kv\u011btiny a bylinky v pap\u00edrov\u00e9m s\u00e1\u010dku s potiskem &#8211;\u00a0levandule<\/h2>\n<p style=\"text-align: justify;\"><a href=\"http:\/\/predmetyreklamni.eu\/vyrobce\/wp-content\/uploads\/Lavender-in-a-Custom-Paper-Bag.jpg\"><img decoding=\"async\" loading=\"lazy\" class=\"alignleft size-full wp-image-1494\" title=\"Kv\u011btiny a bylinky v pap\u00edrov\u00e9m s\u00e1\u010dku s potiskem - levandule\" alt=\"Kv\u011btiny a bylinky v pap\u00edrov\u00e9m s\u00e1\u010dku s potiskem - levandule\" src=\"http:\/\/predmetyreklamni.eu\/vyrobce\/wp-content\/uploads\/Lavender-in-a-Custom-Paper-Bag.jpg\" width=\"200\" height=\"200\" srcset=\"https:\/\/predmetyreklamni.eu\/vyrobce\/wp-content\/uploads\/Lavender-in-a-Custom-Paper-Bag.jpg 200w, https:\/\/predmetyreklamni.eu\/vyrobce\/wp-content\/uploads\/Lavender-in-a-Custom-Paper-Bag-150x150.jpg 150w\" sizes=\"(max-width: 200px) 100vw, 200px\" \/><\/a>Baleno v pap\u00edrov\u00e9m s\u00e1\u010dku z recyklovan\u00e9ho pap\u00edru spole\u010dn\u011b se sem\u00ednky levandule. Kv\u011btiny a bylinky v s\u00e1\u010dku m\u016f\u017eete opat\u0159it vlastn\u00edm origin\u00e1ln\u00edm potiskem. Levandule v s\u00e1\u010dku s potiskem dle Va\u0161eho n\u00e1vrhu je kr\u00e1sn\u00fd d\u00e1rek a dekorace.<br \/>\n<strong>Minim\u00e1ln\u00ed obj.:<\/strong>\u00a05000 ks<br \/>\n<strong>Cena<\/strong>: 13.90 K\u010d\/ks (p\u0159i odb\u011bru 5000 ks)<br \/>\n<strong>Rozm\u011bry<\/strong>: 51 x 40 x 48\u00a0cm<br \/>\n<strong>Potisk<\/strong>: na zak\u00e1zku<br \/>\n<strong>Balen\u00ed<\/strong>: 96 ks v kartonu<br \/>\n<strong>Cena<\/strong>:\u00a0<a title=\"ZASLAT POPT\u00c1VKU\" href=\"mailto:info@predmetyreklamni.eu\">ZASLAT POPT\u00c1VKU\u00a0<\/a><\/p>\n<h2 style=\"text-align: justify;\">Kv\u011btiny a bylinky v pap\u00edrov\u00e9m s\u00e1\u010dku s potiskem &#8211;\u00a0bazalka<\/h2>\n<p style=\"text-align: justify;\"><a href=\"http:\/\/predmetyreklamni.eu\/vyrobce\/wp-content\/uploads\/Basil-in-a-Promo-Paper-Bag1.jpg\"><img decoding=\"async\" loading=\"lazy\" class=\"alignleft size-full wp-image-1496\" title=\"Kv\u011btiny a bylinky v pap\u00edrov\u00e9m s\u00e1\u010dku s potiskem - bazalka\" alt=\"Kv\u011btiny a bylinky v pap\u00edrov\u00e9m s\u00e1\u010dku s potiskem - bazalka\" src=\"http:\/\/predmetyreklamni.eu\/vyrobce\/wp-content\/uploads\/Basil-in-a-Promo-Paper-Bag1.jpg\" width=\"200\" height=\"200\" srcset=\"https:\/\/predmetyreklamni.eu\/vyrobce\/wp-content\/uploads\/Basil-in-a-Promo-Paper-Bag1.jpg 200w, https:\/\/predmetyreklamni.eu\/vyrobce\/wp-content\/uploads\/Basil-in-a-Promo-Paper-Bag1-150x150.jpg 150w\" sizes=\"(max-width: 200px) 100vw, 200px\" \/><\/a>Baleno v pap\u00edrov\u00e9m s\u00e1\u010dku z recyklovan\u00e9ho pap\u00edru spole\u010dn\u011b se sem\u00ednky bazalky. Kv\u011btiny a bylinky v s\u00e1\u010dku, kter\u00fd m\u016f\u017eete opat\u0159it vlastn\u00edm origin\u00e1ln\u00edm potiskem. Bazalka v s\u00e1\u010dku s potiskem dle Va\u0161eho n\u00e1vrhu je kr\u00e1sn\u00fd d\u00e1rek a dekorace.<br \/>\n<strong>Minim\u00e1ln\u00ed obj.:<\/strong>\u00a05000 ks<br \/>\n<strong>Cena<\/strong>: 13.90 K\u010d\/ks (p\u0159i odb\u011bru 5000 ks)<br \/>\n<strong>Rozm\u011bry<\/strong>: 51 x 40 x 48\u00a0cm<br \/>\n<strong>Potisk<\/strong>: na zak\u00e1zku<br \/>\n<strong>Balen\u00ed<\/strong>: 96 ks v kartonu<br \/>\n<strong>Cena<\/strong>:\u00a0<a title=\"ZASLAT POPT\u00c1VKU\" href=\"mailto:info@predmetyreklamni.eu\">ZASLAT POPT\u00c1VKU\u00a0<\/a><\/p>\n<h2 style=\"text-align: justify;\">Kv\u011btiny a bylinky v pap\u00edrov\u00e9m s\u00e1\u010dku s potiskem &#8211;\u00a0m\u00e1ta<\/h2>\n<p style=\"text-align: justify;\"><a href=\"http:\/\/predmetyreklamni.eu\/vyrobce\/wp-content\/uploads\/Promo-Bag-with-Mint.jpg\"><img decoding=\"async\" loading=\"lazy\" class=\"alignleft size-full wp-image-1498\" title=\"Kv\u011btiny a bylinky v pap\u00edrov\u00e9m s\u00e1\u010dku s potiskem - m\u00e1ta\" alt=\"Kv\u011btiny a bylinky v pap\u00edrov\u00e9m s\u00e1\u010dku s potiskem - m\u00e1ta\" src=\"http:\/\/predmetyreklamni.eu\/vyrobce\/wp-content\/uploads\/Promo-Bag-with-Mint.jpg\" width=\"200\" height=\"200\" srcset=\"https:\/\/predmetyreklamni.eu\/vyrobce\/wp-content\/uploads\/Promo-Bag-with-Mint.jpg 200w, https:\/\/predmetyreklamni.eu\/vyrobce\/wp-content\/uploads\/Promo-Bag-with-Mint-150x150.jpg 150w\" sizes=\"(max-width: 200px) 100vw, 200px\" \/><\/a>Baleno v pap\u00edrov\u00e9m s\u00e1\u010dku z recyklovan\u00e9ho pap\u00edru spole\u010dn\u011b se sem\u00ednky m\u00e1ty. Kv\u011btiny a bylinky v s\u00e1\u010dku, kter\u00fd m\u016f\u017eete opat\u0159it vlastn\u00edm origin\u00e1ln\u00edm potiskem. M\u00e1ta v s\u00e1\u010dku s potiskem dle Va\u0161eho n\u00e1vrhu je kr\u00e1sn\u00fd d\u00e1rek a dekorace.<br \/>\n<strong>Minim\u00e1ln\u00ed obj.:<\/strong>\u00a05000 ks<br \/>\n<strong>Cena<\/strong>: 13.90 K\u010d\/ks (p\u0159i odb\u011bru 5000 ks)<br \/>\n<strong>Rozm\u011bry<\/strong>: 51 x 40 x 48\u00a0cm<br \/>\n<strong>Potisk<\/strong>: na zak\u00e1zku<br \/>\n<strong>Balen\u00ed<\/strong>: 96 ks v kartonu<br \/>\n<strong>Cena<\/strong>:\u00a0<a title=\"ZASLAT POPT\u00c1VKU\" href=\"mailto:info@predmetyreklamni.eu\">ZASLAT POPT\u00c1VKU\u00a0<\/a><\/p>\n<h2 style=\"text-align: justify;\">Kv\u011btiny a bylinky v pap\u00edrov\u00e9 d\u00e1rkov\u00e9 karti\u010dce s potiskem &#8211; motiv l\u00e1ska<\/h2>\n<p style=\"text-align: justify;\"><a href=\"http:\/\/predmetyreklamni.eu\/vyrobce\/wp-content\/uploads\/Love-Theme-Promo-Paper-Card-Plant.jpg\"><img decoding=\"async\" loading=\"lazy\" class=\"alignleft size-full wp-image-1503\" title=\"Kv\u011btiny a bylinky v pap\u00edrov\u00e9 d\u00e1rkov\u00e9 karti\u010dce s potiskem - motiv l\u00e1ska\" alt=\"Kv\u011btiny a bylinky v pap\u00edrov\u00e9 d\u00e1rkov\u00e9 karti\u010dce s potiskem - motiv l\u00e1ska\" src=\"http:\/\/predmetyreklamni.eu\/vyrobce\/wp-content\/uploads\/Love-Theme-Promo-Paper-Card-Plant.jpg\" width=\"200\" height=\"200\" srcset=\"https:\/\/predmetyreklamni.eu\/vyrobce\/wp-content\/uploads\/Love-Theme-Promo-Paper-Card-Plant.jpg 200w, https:\/\/predmetyreklamni.eu\/vyrobce\/wp-content\/uploads\/Love-Theme-Promo-Paper-Card-Plant-150x150.jpg 150w\" sizes=\"(max-width: 200px) 100vw, 200px\" \/><\/a>V pap\u00edrov\u00e9 d\u00e1rkov\u00e9 karti\u010dce s hlin\u00edkovou membr\u00e1nou jako kv\u011btin\u00e1\u010d pro kv\u011btiny nebo bylinky. D\u00e1rkov\u00e9 karti\u010dky mohou b\u00fdt s jak\u00fdmkoliv potiskem. Kv\u011btiny a bylinky v d\u00e1rkov\u00e9 karti\u010dce m\u016f\u017eete opat\u0159it potiskem Va\u0161\u00ed zna\u010dky a m\u00edt tak origin\u00e1ln\u00ed reklamn\u00ed p\u0159edm\u011bt.<br \/>\n<strong>Minim\u00e1ln\u00ed obj.:<\/strong>\u00a01000 ks<br \/>\n<strong>Cena<\/strong>: 12.90 K\u010d\/ks (p\u0159i odb\u011bru 5000 ks)<br \/>\n<strong>Rozm\u011bry<\/strong>: 30 x 26 x 21 cm<br \/>\n<strong>Potisk<\/strong>: na zak\u00e1zku<br \/>\n<strong>Balen\u00ed<\/strong>: 48ks v kartonu<br \/>\n<strong>Cena<\/strong>:\u00a0<a title=\"ZASLAT POPT\u00c1VKU\" href=\"mailto:info@predmetyreklamni.eu\">ZASLAT POPT\u00c1VKU\u00a0<\/a><\/p>\n<h2 style=\"text-align: justify;\">Kv\u011btiny a bylinky v pap\u00edrov\u00e9 d\u00e1rkov\u00e9 karti\u010dce s potiskem &#8211; v\u00e1no\u010dn\u00ed motiv<\/h2>\n<p style=\"text-align: justify;\"><a href=\"http:\/\/predmetyreklamni.eu\/vyrobce\/wp-content\/uploads\/Christmas-Flower-in-a-Promo-Paper-Card.jpg\"><img decoding=\"async\" loading=\"lazy\" class=\"alignleft size-full wp-image-1504\" title=\"Kv\u011btiny a bylinky v pap\u00edrov\u00e9 d\u00e1rkov\u00e9 karti\u010dce s potiskem - v\u00e1no\u010dn\u00ed motiv\" alt=\"Kv\u011btiny a bylinky v pap\u00edrov\u00e9 d\u00e1rkov\u00e9 karti\u010dce s potiskem - v\u00e1no\u010dn\u00ed motiv\" src=\"http:\/\/predmetyreklamni.eu\/vyrobce\/wp-content\/uploads\/Christmas-Flower-in-a-Promo-Paper-Card.jpg\" width=\"200\" height=\"200\" srcset=\"https:\/\/predmetyreklamni.eu\/vyrobce\/wp-content\/uploads\/Christmas-Flower-in-a-Promo-Paper-Card.jpg 200w, https:\/\/predmetyreklamni.eu\/vyrobce\/wp-content\/uploads\/Christmas-Flower-in-a-Promo-Paper-Card-150x150.jpg 150w\" sizes=\"(max-width: 200px) 100vw, 200px\" \/><\/a>V d\u00e1rkov\u00e9 karti\u010dce s hlin\u00edkovou membr\u00e1nou jako kv\u011btin\u00e1\u010d pro kv\u011btiny nebo bylinky. D\u00e1rkov\u00e9 karti\u010dky mohou b\u00fdt s jak\u00fdmkoliv potiskem. Kv\u011btiny a bylinky v d\u00e1rkov\u00e9 karti\u010dce m\u016f\u017eete opat\u0159it potiskem Va\u0161\u00ed zna\u010dky a m\u00edt tak origin\u00e1ln\u00ed reklamn\u00ed p\u0159edm\u011bt.<br \/>\n<strong>Minim\u00e1ln\u00ed obj.:<\/strong>\u00a01000 ks<br \/>\n<strong>Cena<\/strong>: 12.90 K\u010d\/ks (p\u0159i odb\u011bru 5000 ks)<br \/>\n<strong>Rozm\u011bry<\/strong>: 30 x 26 x 21 cm<br \/>\n<strong>Potisk<\/strong>: na zak\u00e1zku<br \/>\n<strong>Balen\u00ed<\/strong>: 48ks v kartonu<br \/>\n<strong>Cena<\/strong>:\u00a0<a title=\"ZASLAT POPT\u00c1VKU\" href=\"mailto:info@predmetyreklamni.eu\">ZASLAT POPT\u00c1VKU\u00a0<\/a><\/p>\n<h2 style=\"text-align: justify;\">Kv\u011btiny a bylinky v pap\u00edrov\u00e9 d\u00e1rkov\u00e9 karti\u010dce s potiskem &#8211; Halloween motiv<\/h2>\n<p style=\"text-align: justify;\"><a href=\"http:\/\/predmetyreklamni.eu\/vyrobce\/wp-content\/uploads\/Halloween-Theme-Promo-Card-Plant.jpg\"><img decoding=\"async\" loading=\"lazy\" class=\"alignleft size-full wp-image-1505\" title=\"Kv\u011btiny a bylinky v pap\u00edrov\u00e9 d\u00e1rkov\u00e9 karti\u010dce s potiskem - Halloween motiv\" alt=\"Kv\u011btiny a bylinky v pap\u00edrov\u00e9 d\u00e1rkov\u00e9 karti\u010dce s potiskem - Halloween motiv\" src=\"http:\/\/predmetyreklamni.eu\/vyrobce\/wp-content\/uploads\/Halloween-Theme-Promo-Card-Plant.jpg\" width=\"200\" height=\"200\" srcset=\"https:\/\/predmetyreklamni.eu\/vyrobce\/wp-content\/uploads\/Halloween-Theme-Promo-Card-Plant.jpg 200w, https:\/\/predmetyreklamni.eu\/vyrobce\/wp-content\/uploads\/Halloween-Theme-Promo-Card-Plant-150x150.jpg 150w\" sizes=\"(max-width: 200px) 100vw, 200px\" \/><\/a>V d\u00e1rkov\u00e9 karti\u010dce s hlin\u00edkovou membr\u00e1nou jako kv\u011btin\u00e1\u010d pro kv\u011btiny nebo bylinky. D\u00e1rkov\u00e9 karti\u010dky mohou b\u00fdt s jak\u00fdmkoliv potiskem. Kv\u011btiny a bylinky v d\u00e1rkov\u00e9 karti\u010dce m\u016f\u017eete opat\u0159it potiskem Va\u0161\u00ed zna\u010dky a m\u00edt tak origin\u00e1ln\u00ed reklamn\u00ed p\u0159edm\u011bt.<br \/>\n<strong>Minim\u00e1ln\u00ed obj.:<\/strong>\u00a01000 ks<br \/>\n<strong>Cena<\/strong>: 12.90 K\u010d\/ks (p\u0159i odb\u011bru 5000 ks)<br \/>\n<strong>Rozm\u011bry<\/strong>: 30 x 26 x 21 cm<br \/>\n<strong>Potisk<\/strong>: na zak\u00e1zku<br \/>\n<strong>Balen\u00ed<\/strong>: 48ks v kartonu<br \/>\n<strong>Cena<\/strong>:\u00a0<a title=\"ZASLAT POPT\u00c1VKU\" href=\"mailto:info@predmetyreklamni.eu\">ZASLAT POPT\u00c1VKU\u00a0<\/a><\/p>\n<p style=\"text-align: justify;\">Chcete si nechat vyrobit vlastn\u00ed kv\u011btiny a bylinky v pap\u00edrov\u00e9m s\u00e1\u010dku, kv\u011btin\u00e1\u010dku \u010di d\u00e1rkov\u00e9 pap\u00edrov\u00e9 karti\u010dce s potiskem? Kontaktujte n\u00e1s pro cenovou nab\u00eddku na emailu:<a href=\"mailto:info@predmetyreklamni.eu\">\u00a0info@predmetyreklamni.eu<\/a><\/p>\n<p style=\"text-align: justify;\"><strong>Do cenov\u00e9 popt\u00e1vky pros\u00edm uve\u010fte pot\u0159ebn\u00e9 informace pro cenovou nab\u00eddku jako<\/strong>: mno\u017estv\u00ed, velikost, barevn\u00e9 proveden\u00ed nebo kombinaci barev, dobu dod\u00e1n\u00ed. V\u0161echny tyto informace n\u00e1m pomohou k rychlej\u0161\u00edmu zpracov\u00e1n\u00ed cenov\u00e9 nab\u00eddky pr\u00e1v\u011b pro V\u00e1s.<\/p>\n<p>T\u011b\u0161\u00edme se na spolupr\u00e1ci! Team Gifts Service<\/p>\n","protected":false},"excerpt":{"rendered":"<p>KV\u011aTINY A BYLINKY V PAP\u00cdROV\u00c9M OBALU S POTISKEM Kv\u011btiny a bylinky v pap\u00edrov\u00e9m obalu s vlastn\u00edm potiskem Kv\u011btiny a bylinky v pap\u00edrov\u00e9m obalu s vlastn\u00edm potiskem jsou perfektn\u00edm reklamn\u00edm p\u0159edm\u011btem, kter\u00fd pot\u011b\u0161\u00ed ka\u017ed\u00e9ho a nav\u00edc darujete kousek p\u0159\u00edrody. A kdo &hellip; <a href=\"https:\/\/predmetyreklamni.eu\/vyrobce\/sk\/kvetiny-a-bylinky-v-papirovem-obalu-s-potiskem\/\">Continue reading <span class=\"meta-nav\">&rarr;<\/span><\/a><\/p>\n","protected":false},"author":1,"featured_media":0,"parent":0,"menu_order":16,"comment_status":"closed","ping_status":"closed","template":"sidebar-page.php","meta":[],"_links":{"self":[{"href":"https:\/\/predmetyreklamni.eu\/vyrobce\/sk\/wp-json\/wp\/v2\/pages\/1476"}],"collection":[{"href":"https:\/\/predmetyreklamni.eu\/vyrobce\/sk\/wp-json\/wp\/v2\/pages"}],"about":[{"href":"https:\/\/predmetyreklamni.eu\/vyrobce\/sk\/wp-json\/wp\/v2\/types\/page"}],"author":[{"embeddable":true,"href":"https:\/\/predmetyreklamni.eu\/vyrobce\/sk\/wp-json\/wp\/v2\/users\/1"}],"replies":[{"embeddable":true,"href":"https:\/\/predmetyreklamni.eu\/vyrobce\/sk\/wp-json\/wp\/v2\/comments?post=1476"}],"version-history":[{"count":27,"href":"https:\/\/predmetyreklamni.eu\/vyrobce\/sk\/wp-json\/wp\/v2\/pages\/1476\/revisions"}],"predecessor-version":[{"id":2886,"href":"https:\/\/predmetyreklamni.eu\/vyrobce\/sk\/wp-json\/wp\/v2\/pages\/1476\/revisions\/2886"}],"wp:attachment":[{"href":"https:\/\/predmetyreklamni.eu\/vyrobce\/sk\/wp-json\/wp\/v2\/media?parent=1476"}],"curies":[{"name":"wp","href":"https:\/\/api.w.org\/{rel}","templated":true}]}}