{"id":1524,"date":"2013-07-25T11:25:36","date_gmt":"2013-07-25T11:25:36","guid":{"rendered":"http:\/\/predmetyreklamni.eu\/vyrobce\/?page_id=1524"},"modified":"2014-03-12T13:52:04","modified_gmt":"2014-03-12T13:52:04","slug":"kvetiny-a-bylinky-v-plastovem-obalu-s-potiskem","status":"publish","type":"page","link":"https:\/\/predmetyreklamni.eu\/vyrobce\/sk\/kvetiny-a-bylinky-v-plastovem-obalu-s-potiskem\/","title":{"rendered":"Kv\u011btiny a bylinky v plastov\u00e9m obalu s potiskem"},"content":{"rendered":"<h1 style=\"text-align: justify;\">KV\u011aTINY A BYLINKY V PLASTOV\u00c9M OBALU S POTISKEM<\/h1>\n<h2 style=\"text-align: justify;\">Kv\u011btiny a bylinky v plastov\u00e9m obalu s potiskem<\/h2>\n<p style=\"text-align: justify;\">Nab\u00edz\u00edme kv\u011btiny a bylinky v plastov\u00e9m obalu jako kel\u00edmek, plechovka \u010di miska. Tyto v\u0161echny obaly nav\u00edc m\u016f\u017eeme opat\u0159it potiskem dle Va\u0161eho n\u00e1vrhu. Kv\u011btiny a bylinky v plastov\u00e9m obalu jsou perfektn\u00ed reklamn\u00ed p\u0159edm\u011bt. Darujte sv\u00fdm klient\u016fm, obchodn\u00edm partner\u016fm \u010di z\u00e1kazn\u00edk\u016fm kv\u011btiny a bylinky v plastov\u00e9m obalu a odm\u011b\u0148te je kouskem p\u0159\u00edrody. N\u00ed\u017ee V\u00e1m p\u0159edstav\u00edme varianty zpracov\u00e1n\u00ed, jak mohou kv\u011btiny a bylinky v plastov\u00e9m obalu vypadat. Pokud v nab\u00eddce nenalezli kv\u011btiny nebo bylinky, kter\u00e9 byste pot\u0159ebovali pro svou reklamn\u00ed kampa\u0148, nev\u00e1hejte n\u00e1s <a title=\"info@predmetyreklamni.eu\" href=\"mailto:info@predmetyreklamni.eu\">kontaktovat<\/a>.<\/p>\n<h2 style=\"text-align: justify;\">Kv\u011btiny a bylinky v plastov\u00e9 plechovce s potiskem &#8211; tymi\u00e1n<\/h2>\n<p style=\"text-align: justify;\"><a href=\"http:\/\/predmetyreklamni.eu\/vyrobce\/wp-content\/uploads\/Thyme-in-a-Promo-Plastic-Can.jpg\"><img decoding=\"async\" loading=\"lazy\" class=\"alignleft size-full wp-image-1537\" title=\"Kv\u011btiny a bylinky v plastov\u00e9 plechovce s potiskem - tymi\u00e1n\" alt=\"Kv\u011btiny a bylinky v plastov\u00e9 plechovce s potiskem - tymi\u00e1n\" src=\"http:\/\/predmetyreklamni.eu\/vyrobce\/wp-content\/uploads\/Thyme-in-a-Promo-Plastic-Can.jpg\" width=\"200\" height=\"200\" srcset=\"https:\/\/predmetyreklamni.eu\/vyrobce\/wp-content\/uploads\/Thyme-in-a-Promo-Plastic-Can.jpg 200w, https:\/\/predmetyreklamni.eu\/vyrobce\/wp-content\/uploads\/Thyme-in-a-Promo-Plastic-Can-150x150.jpg 150w\" sizes=\"(max-width: 200px) 100vw, 200px\" \/><\/a>Jednodu\u0161e otev\u0159ete plechovku a postupujte dle pokyn\u016f na zadn\u00ed stran\u011b plechovky a ji\u017e brzy V\u00e1m vyroste skute\u010dn\u00fd tymi\u00e1n. Bylinky v plastov\u00e9 plechovce s potiskem jsou origin\u00e1ln\u00ed reklamn\u00ed p\u0159edm\u011bt.<br \/>\n<strong>Minim\u00e1ln\u00ed obj.:<\/strong>\u00a01000 ks<br \/>\n<strong>Cena<\/strong>: 15.90 K\u010d\/ks\u00a0(p\u0159i odb\u011bru 1000 ks)<br \/>\n<strong>Rozm\u011bry<\/strong>: \u00d8\u00a05.5 x 8cm<br \/>\n<strong>Potisk<\/strong>: na zak\u00e1zku<br \/>\n<strong>Cena<\/strong>:\u00a0<a title=\"ZASLAT POPT\u00c1VKU\" href=\"mailto:info@predmetyreklamni.eu\">ZASLAT POPT\u00c1VKU\u00a0<\/a><\/p>\n<h2 style=\"text-align: justify;\">Kv\u011btiny a bylinky v plastov\u00e9 plechovce s potiskem &#8211; slune\u010dnice<\/h2>\n<p style=\"text-align: justify;\"><a href=\"http:\/\/predmetyreklamni.eu\/vyrobce\/wp-content\/uploads\/Promo-plastic-Can-with-Sunflower.jpg\"><img decoding=\"async\" loading=\"lazy\" class=\"alignleft size-full wp-image-1539\" title=\"Kv\u011btiny a bylinky v plastov\u00e9 plechovce s potiskem - slune\u010dnice\" alt=\"Kv\u011btiny a bylinky v plastov\u00e9 plechovce s potiskem - slune\u010dnice\" src=\"http:\/\/predmetyreklamni.eu\/vyrobce\/wp-content\/uploads\/Promo-plastic-Can-with-Sunflower.jpg\" width=\"200\" height=\"200\" srcset=\"https:\/\/predmetyreklamni.eu\/vyrobce\/wp-content\/uploads\/Promo-plastic-Can-with-Sunflower.jpg 200w, https:\/\/predmetyreklamni.eu\/vyrobce\/wp-content\/uploads\/Promo-plastic-Can-with-Sunflower-150x150.jpg 150w\" sizes=\"(max-width: 200px) 100vw, 200px\" \/><\/a><\/p>\n<p style=\"text-align: justify;\">Jednodu\u0161e otev\u0159ete plechovku a postupujte dle pokyn\u016f na zadn\u00ed stran\u011b plechovky a ji\u017e brzy V\u00e1m vyroste skute\u010dn\u00e1 slune\u010dnice. Kv\u011btiny v plastov\u00e9 plechovce s potiskem jsou origin\u00e1ln\u00ed reklamn\u00ed p\u0159edm\u011bt.<br \/>\n<strong>Minim\u00e1ln\u00ed obj.:<\/strong>\u00a01000 ks<br \/>\n<strong>Cena<\/strong>: 15.90 K\u010d\/ks\u00a0(p\u0159i odb\u011bru 1000 ks)<br \/>\n<strong>Rozm\u011bry<\/strong>: \u00d8\u00a05.5 x 8cm<br \/>\n<strong>Potisk<\/strong>: na zak\u00e1zku<br \/>\n<strong>Cena<\/strong>:\u00a0<a title=\"ZASLAT POPT\u00c1VKU\" href=\"mailto:info@predmetyreklamni.eu\">ZASLAT POPT\u00c1VKU\u00a0<\/a><\/p>\n<h2 style=\"text-align: justify;\">Kv\u011btiny a bylinky v plastov\u00e9 plechovce s potiskem &#8211; v\u00e1no\u010dn\u00ed hv\u011bzda<\/h2>\n<p style=\"text-align: justify;\"><a href=\"http:\/\/predmetyreklamni.eu\/vyrobce\/wp-content\/uploads\/Christmas-Flower-and-Tree-in-Promo-Plastic-Can.jpg\"><img decoding=\"async\" loading=\"lazy\" class=\"alignleft size-full wp-image-1540\" title=\"Kv\u011btiny a bylinky v plastov\u00e9 plechovce s potiskem - v\u00e1no\u010dn\u00ed hv\u011bzda\" alt=\"Kv\u011btiny a bylinky v plastov\u00e9 plechovce s potiskem - v\u00e1no\u010dn\u00ed hv\u011bzda\" src=\"http:\/\/predmetyreklamni.eu\/vyrobce\/wp-content\/uploads\/Christmas-Flower-and-Tree-in-Promo-Plastic-Can.jpg\" width=\"200\" height=\"200\" srcset=\"https:\/\/predmetyreklamni.eu\/vyrobce\/wp-content\/uploads\/Christmas-Flower-and-Tree-in-Promo-Plastic-Can.jpg 200w, https:\/\/predmetyreklamni.eu\/vyrobce\/wp-content\/uploads\/Christmas-Flower-and-Tree-in-Promo-Plastic-Can-150x150.jpg 150w\" sizes=\"(max-width: 200px) 100vw, 200px\" \/><\/a><\/p>\n<p style=\"text-align: justify;\">Jednodu\u0161e otev\u0159ete plechovku a postupujte dle pokyn\u016f na zadn\u00ed stran\u011b plechovky a ji\u017e brzy V\u00e1m vyroste skute\u010dn\u00e1 v\u00e1no\u010dn\u00ed hv\u011bzda. Kv\u011btiny v plastov\u00e9 plechovce s potiskem jsou origin\u00e1ln\u00ed reklamn\u00ed p\u0159edm\u011bt.<br \/>\n<strong>Minim\u00e1ln\u00ed obj.:<\/strong>\u00a01000 ks<br \/>\n<strong>Cena<\/strong>: 15.90 K\u010d\/ks\u00a0(p\u0159i odb\u011bru 1000 ks)<br \/>\n<strong>Rozm\u011bry<\/strong>: \u00d8\u00a05.5 x 8cm<br \/>\n<strong>Potisk<\/strong>: na zak\u00e1zku<br \/>\n<strong>Cena<\/strong>:\u00a0<a title=\"ZASLAT POPT\u00c1VKU\" href=\"mailto:info@predmetyreklamni.eu\">ZASLAT POPT\u00c1VKU\u00a0<\/a><\/p>\n<h2 style=\"text-align: justify;\">Kv\u011btiny a bylinky v plastov\u00e9 misce s potiskem &#8211; m\u00e1ta<\/h2>\n<p style=\"text-align: justify;\"><a href=\"http:\/\/predmetyreklamni.eu\/vyrobce\/wp-content\/uploads\/Promo-Plastic-Basin-with-Mint.jpg\"><img decoding=\"async\" loading=\"lazy\" class=\"alignleft size-full wp-image-1542\" title=\"Kv\u011btiny a bylinky v plastov\u00e9 misce s potiskem - m\u00e1ta\" alt=\"Kv\u011btiny a bylinky v plastov\u00e9 misce s potiskem - m\u00e1ta\" src=\"http:\/\/predmetyreklamni.eu\/vyrobce\/wp-content\/uploads\/Promo-Plastic-Basin-with-Mint.jpg\" width=\"200\" height=\"200\" srcset=\"https:\/\/predmetyreklamni.eu\/vyrobce\/wp-content\/uploads\/Promo-Plastic-Basin-with-Mint.jpg 200w, https:\/\/predmetyreklamni.eu\/vyrobce\/wp-content\/uploads\/Promo-Plastic-Basin-with-Mint-150x150.jpg 150w\" sizes=\"(max-width: 200px) 100vw, 200px\" \/><\/a>Nechte si zabalit kv\u011btiny a bylinky do obd\u00e9ln\u00edkov\u00e9 plastov\u00e9 a ekologick\u00e9 rozlo\u017eiteln\u00e9 misky a nav\u00edc opat\u0159it vlastn\u00edm potiskem. M\u00e1ta v plastov\u00e9 misce s vlastn\u00edm potiskem.<br \/>\n<strong>Minim\u00e1ln\u00ed obj.:<\/strong>\u00a05000 ks<br \/>\n<strong>Cena<\/strong>: 19.90 K\u010d\/ks\u00a0(p\u0159i odb\u011bru 5000 ks)<br \/>\n<strong>Rozm\u011bry<\/strong>:\u00a048.5 x 40 x 28\u00a0cm<br \/>\n<strong>Balen\u00ed<\/strong>: 48 ks v kartonu<br \/>\n<strong>Potisk<\/strong>: na zak\u00e1zku<br \/>\n<strong>Cena<\/strong>:\u00a0<a title=\"ZASLAT POPT\u00c1VKU\" href=\"mailto:info@predmetyreklamni.eu\">ZASLAT POPT\u00c1VKU\u00a0<\/a><\/p>\n<h2 style=\"text-align: justify;\"><span style=\"color: #000000; font-weight: bold;\"><br \/>\nKv\u011btiny a bylinky v plastov\u00e9 misce s potiskem &#8211; bazalka<\/span><\/h2>\n<p style=\"text-align: justify;\"><a href=\"http:\/\/predmetyreklamni.eu\/vyrobce\/wp-content\/uploads\/Basil-in-Promo-Plastic-Basin.jpg\"><img decoding=\"async\" loading=\"lazy\" class=\"alignleft size-full wp-image-1544\" title=\"Kv\u011btiny a bylinky v plastov\u00e9 misce s potiskem - bazalka\" alt=\"Kv\u011btiny a bylinky v plastov\u00e9 misce s potiskem - bazalka\" src=\"http:\/\/predmetyreklamni.eu\/vyrobce\/wp-content\/uploads\/Basil-in-Promo-Plastic-Basin.jpg\" width=\"200\" height=\"200\" srcset=\"https:\/\/predmetyreklamni.eu\/vyrobce\/wp-content\/uploads\/Basil-in-Promo-Plastic-Basin.jpg 200w, https:\/\/predmetyreklamni.eu\/vyrobce\/wp-content\/uploads\/Basil-in-Promo-Plastic-Basin-150x150.jpg 150w\" sizes=\"(max-width: 200px) 100vw, 200px\" \/><\/a>Nechte si zabalit sem\u00ednka bazalky do obd\u00e9ln\u00edkov\u00e9 plastov\u00e9 a ekologick\u00e9 rozlo\u017eiteln\u00e9 misky a nav\u00edc opat\u0159it vlastn\u00edm potiskem. Bazalka v plastov\u00e9 misce s vlastn\u00edm potiskem.<br \/>\n<strong>Minim\u00e1ln\u00ed obj.:<\/strong>\u00a05000 ks<br \/>\n<strong>Cena<\/strong>: 19.90 K\u010d\/ks\u00a0(p\u0159i odb\u011bru 5000 ks)<br \/>\n<strong>Rozm\u011bry<\/strong>:\u00a048.5 x 40 x 28\u00a0cm<br \/>\n<strong>Balen\u00ed<\/strong>: 48 ks v kartonu<br \/>\n<strong>Potisk<\/strong>: na zak\u00e1zku<br \/>\n<strong>Cena<\/strong>:\u00a0<a title=\"ZASLAT POPT\u00c1VKU\" href=\"mailto:info@predmetyreklamni.eu\">ZASLAT POPT\u00c1VKU\u00a0<\/a><\/p>\n<h2 style=\"text-align: justify;\">Kv\u011btiny a bylinky v plastov\u00e9 misce s potiskem &#8211; jednoletka<\/h2>\n<p style=\"text-align: justify;\"><a href=\"http:\/\/predmetyreklamni.eu\/vyrobce\/wp-content\/uploads\/Plastic-Basin-Choisy.jpg\"><img decoding=\"async\" loading=\"lazy\" class=\"alignleft size-full wp-image-1555\" title=\"Kv\u011btiny a bylinky v plastov\u00e9 misce s potiskem - jednoletka\" alt=\"Kv\u011btiny a bylinky v plastov\u00e9 misce s potiskem - jednoletka\" src=\"http:\/\/predmetyreklamni.eu\/vyrobce\/wp-content\/uploads\/Plastic-Basin-Choisy.jpg\" width=\"200\" height=\"200\" srcset=\"https:\/\/predmetyreklamni.eu\/vyrobce\/wp-content\/uploads\/Plastic-Basin-Choisy.jpg 200w, https:\/\/predmetyreklamni.eu\/vyrobce\/wp-content\/uploads\/Plastic-Basin-Choisy-150x150.jpg 150w\" sizes=\"(max-width: 200px) 100vw, 200px\" \/><\/a>Nechte si zabalit sem\u00ednka kv\u011btiny do obd\u00e9ln\u00edkov\u00e9 plastov\u00e9 a ekologick\u00e9 rozlo\u017eiteln\u00e9 misky a nav\u00edc opat\u0159it vlastn\u00edm potiskem. Jednoletka v plastov\u00e9 misce s vlastn\u00edm potiskem.<br \/>\n<strong>Minim\u00e1ln\u00ed obj.:<\/strong>\u00a05000 ks<br \/>\n<strong>Cena<\/strong>: 19.90 K\u010d\/ks\u00a0(p\u0159i odb\u011bru 5000 ks)<br \/>\n<strong>Rozm\u011bry<\/strong>:\u00a048.5 x 40 x 28\u00a0cm<br \/>\n<strong>Balen\u00ed<\/strong>: 48 ks v kartonu<br \/>\n<strong>Potisk<\/strong>: na zak\u00e1zku<br \/>\n<strong>Cena<\/strong>:\u00a0<a title=\"ZASLAT POPT\u00c1VKU\" href=\"mailto:info@predmetyreklamni.eu\">ZASLAT POPT\u00c1VKU\u00a0<\/a><\/p>\n<h2 style=\"text-align: justify;\">\u00a0<span style=\"color: #000000; font-weight: bold;\">Kv\u011btiny a bylinky v plastov\u00e9 misce s potiskem &#8211; mace\u0161ka<\/span><\/h2>\n<p style=\"text-align: justify;\"><a href=\"http:\/\/predmetyreklamni.eu\/vyrobce\/wp-content\/uploads\/Pansy-in-Promotional-Plastic-Basin.jpg\"><img decoding=\"async\" loading=\"lazy\" class=\"alignleft size-full wp-image-1546\" title=\"Kv\u011btiny a bylinky v plastov\u00e9 misce s potiskem - mace\u0161ka\" alt=\"Kv\u011btiny a bylinky v plastov\u00e9 misce s potiskem - mace\u0161ka\" src=\"http:\/\/predmetyreklamni.eu\/vyrobce\/wp-content\/uploads\/Pansy-in-Promotional-Plastic-Basin.jpg\" width=\"200\" height=\"200\" srcset=\"https:\/\/predmetyreklamni.eu\/vyrobce\/wp-content\/uploads\/Pansy-in-Promotional-Plastic-Basin.jpg 200w, https:\/\/predmetyreklamni.eu\/vyrobce\/wp-content\/uploads\/Pansy-in-Promotional-Plastic-Basin-150x150.jpg 150w\" sizes=\"(max-width: 200px) 100vw, 200px\" \/><\/a>Nechte si zabalit sem\u00ednka do obd\u00e9ln\u00edkov\u00e9 plastov\u00e9 a ekologick\u00e9 rozlo\u017eiteln\u00e9 misky a nav\u00edc opat\u0159it vlastn\u00edm potiskem a brzy V\u00e1m vyroste opravdov\u00e1 mace\u0161ka. Bazalka v plastov\u00e9 misce s vlastn\u00edm potiskem.<br \/>\n<strong>Minim\u00e1ln\u00ed obj.:<\/strong>\u00a05000 ks<br \/>\n<strong>Cena<\/strong>: 19.90 K\u010d\/ks\u00a0(p\u0159i odb\u011bru 5000 ks)<br \/>\n<strong>Rozm\u011bry<\/strong>:\u00a048.5 x 40 x 28\u00a0cm<br \/>\n<strong>Balen\u00ed<\/strong>: 48 ks v kartonu<br \/>\n<strong>Potisk<\/strong>: na zak\u00e1zku<br \/>\n<strong>Cena<\/strong>:\u00a0<a title=\"ZASLAT POPT\u00c1VKU\" href=\"mailto:info@predmetyreklamni.eu\">ZASLAT POPT\u00c1VKU\u00a0<\/a><\/p>\n<h2 style=\"text-align: justify;\">Kv\u011btiny a bylinky v plastov\u00e9m kel\u00edmku s potiskem &#8211; zvone\u010dek<\/h2>\n<p style=\"text-align: justify;\"><a href=\"http:\/\/predmetyreklamni.eu\/vyrobce\/wp-content\/uploads\/Promo-Plastic-Basin-Campanula.jpg\"><img decoding=\"async\" loading=\"lazy\" class=\"alignleft size-full wp-image-1548\" title=\"Kv\u011btiny a bylinky v plastov\u00e9m kel\u00edmku s potiskem - zvone\u010dek\" alt=\"Kv\u011btiny a bylinky v plastov\u00e9m kel\u00edmku s potiskem - zvone\u010dek\" src=\"http:\/\/predmetyreklamni.eu\/vyrobce\/wp-content\/uploads\/Promo-Plastic-Basin-Campanula.jpg\" width=\"200\" height=\"200\" srcset=\"https:\/\/predmetyreklamni.eu\/vyrobce\/wp-content\/uploads\/Promo-Plastic-Basin-Campanula.jpg 200w, https:\/\/predmetyreklamni.eu\/vyrobce\/wp-content\/uploads\/Promo-Plastic-Basin-Campanula-150x150.jpg 150w\" sizes=\"(max-width: 200px) 100vw, 200px\" \/><\/a>Nechte si zabalit sem\u00ednka kv\u011btiny nebo bylinky do plastov\u00e9ho, ekologicky rozlo\u017eiteln\u00e9ho kel\u00edmku, opat\u0159it vlastn\u00edm potiskem a darujte sv\u00fdm obchodn\u00edm partner\u016fm \u010di klient\u016fm zvone\u010dek.<br \/>\n<strong>Minim\u00e1ln\u00ed obj.:<\/strong>\u00a05000 ks<br \/>\n<strong>Cena<\/strong>: 19.90 K\u010d\/ks\u00a0(p\u0159i odb\u011bru 5000 ks)<br \/>\n<strong>Rozm\u011bry<\/strong>:\u00a047.5 x 47.5 x 32.5 cm<br \/>\n<strong>Balen\u00ed<\/strong>: 48 ks v kartonu<br \/>\n<strong>Potisk<\/strong>: na zak\u00e1zku<br \/>\n<strong>Cena<\/strong>:\u00a0<a title=\"ZASLAT POPT\u00c1VKU\" href=\"mailto:info@predmetyreklamni.eu\">ZASLAT POPT\u00c1VKU\u00a0<\/a><\/p>\n<h2 style=\"text-align: justify;\">Kv\u011btiny a bylinky v plastov\u00e9m kel\u00edmku s<span style=\"color: #000000; font-weight: bold;\">potiskem &#8211; m\u011bs\u00ed\u010dek<\/span><\/h2>\n<p style=\"text-align: justify;\"><a href=\"http:\/\/predmetyreklamni.eu\/vyrobce\/wp-content\/uploads\/Calendula-In-Plastic-Basin.jpg\"><img decoding=\"async\" loading=\"lazy\" class=\"alignleft size-full wp-image-1550\" title=\"Kv\u011btiny a bylinky v plastov\u00e9m kel\u00edmku s potiskem - m\u011bs\u00ed\u010dek\" alt=\"Kv\u011btiny a bylinky v plastov\u00e9m kel\u00edmku s potiskem - m\u011bs\u00ed\u010dek\" src=\"http:\/\/predmetyreklamni.eu\/vyrobce\/wp-content\/uploads\/Calendula-In-Plastic-Basin.jpg\" width=\"200\" height=\"200\" srcset=\"https:\/\/predmetyreklamni.eu\/vyrobce\/wp-content\/uploads\/Calendula-In-Plastic-Basin.jpg 200w, https:\/\/predmetyreklamni.eu\/vyrobce\/wp-content\/uploads\/Calendula-In-Plastic-Basin-150x150.jpg 150w\" sizes=\"(max-width: 200px) 100vw, 200px\" \/><\/a>Nechte si zabalit sem\u00ednka kv\u011btiny nebo bylinky do plastov\u00e9ho, ekologicky rozlo\u017eiteln\u00e9ho kel\u00edmku, opat\u0159it vlastn\u00edm potiskem a darujte sv\u00fdm obchodn\u00edm partner\u016fm \u010di klient\u016fm zvone\u010dek.<br \/>\n<strong>Minim\u00e1ln\u00ed obj.:<\/strong>\u00a05000 ks<br \/>\n<strong>Cena<\/strong>: 19.90 K\u010d\/ks\u00a0(p\u0159i odb\u011bru 5000 ks)<br \/>\n<strong>Rozm\u011bry<\/strong>:\u00a047.5 x 47.5 x 32.5 cm<br \/>\n<strong>Balen\u00ed<\/strong>: 48 ks v kartonu<br \/>\n<strong>Potisk<\/strong>: na zak\u00e1zku<br \/>\n<strong>Cena<\/strong>:\u00a0<a title=\"ZASLAT POPT\u00c1VKU\" href=\"mailto:info@predmetyreklamni.eu\">ZASLAT POPT\u00c1VKU\u00a0<\/a><\/p>\n<p style=\"text-align: justify;\">Chcete si nechat vyrobit kv\u011btiny a bylinky v plastov\u00e9m obalu a s vlastn\u00edm potiskem? Kontaktujte n\u00e1s pro cenovou nab\u00eddku na emailu:<a href=\"mailto:info@predmetyreklamni.eu\">\u00a0info@predmetyreklamni.eu<\/a><\/p>\n<p style=\"text-align: justify;\"><strong>Do cenov\u00e9 popt\u00e1vky pros\u00edm uve\u010fte pot\u0159ebn\u00e9 informace pro cenovou nab\u00eddku jako<\/strong>: mno\u017estv\u00ed, velikost, barevn\u00e9 proveden\u00ed nebo kombinaci barev, dobu dod\u00e1n\u00ed. V\u0161echny tyto informace n\u00e1m pomohou k rychlej\u0161\u00edmu zpracov\u00e1n\u00ed cenov\u00e9 nab\u00eddky pr\u00e1v\u011b pro V\u00e1s.<\/p>\n<p style=\"text-align: justify;\">T\u011b\u0161\u00edme se na spolupr\u00e1ci! Team Gifts Service<\/p>\n","protected":false},"excerpt":{"rendered":"<p>KV\u011aTINY A BYLINKY V PLASTOV\u00c9M OBALU S POTISKEM Kv\u011btiny a bylinky v plastov\u00e9m obalu s potiskem Nab\u00edz\u00edme kv\u011btiny a bylinky v plastov\u00e9m obalu jako kel\u00edmek, plechovka \u010di miska. Tyto v\u0161echny obaly nav\u00edc m\u016f\u017eeme opat\u0159it potiskem dle Va\u0161eho n\u00e1vrhu. Kv\u011btiny a &hellip; <a href=\"https:\/\/predmetyreklamni.eu\/vyrobce\/sk\/kvetiny-a-bylinky-v-plastovem-obalu-s-potiskem\/\">Continue reading <span class=\"meta-nav\">&rarr;<\/span><\/a><\/p>\n","protected":false},"author":1,"featured_media":0,"parent":0,"menu_order":16,"comment_status":"closed","ping_status":"open","template":"sidebar-page.php","meta":[],"_links":{"self":[{"href":"https:\/\/predmetyreklamni.eu\/vyrobce\/sk\/wp-json\/wp\/v2\/pages\/1524"}],"collection":[{"href":"https:\/\/predmetyreklamni.eu\/vyrobce\/sk\/wp-json\/wp\/v2\/pages"}],"about":[{"href":"https:\/\/predmetyreklamni.eu\/vyrobce\/sk\/wp-json\/wp\/v2\/types\/page"}],"author":[{"embeddable":true,"href":"https:\/\/predmetyreklamni.eu\/vyrobce\/sk\/wp-json\/wp\/v2\/users\/1"}],"replies":[{"embeddable":true,"href":"https:\/\/predmetyreklamni.eu\/vyrobce\/sk\/wp-json\/wp\/v2\/comments?post=1524"}],"version-history":[{"count":23,"href":"https:\/\/predmetyreklamni.eu\/vyrobce\/sk\/wp-json\/wp\/v2\/pages\/1524\/revisions"}],"predecessor-version":[{"id":1526,"href":"https:\/\/predmetyreklamni.eu\/vyrobce\/sk\/wp-json\/wp\/v2\/pages\/1524\/revisions\/1526"}],"wp:attachment":[{"href":"https:\/\/predmetyreklamni.eu\/vyrobce\/sk\/wp-json\/wp\/v2\/media?parent=1524"}],"curies":[{"name":"wp","href":"https:\/\/api.w.org\/{rel}","templated":true}]}}