{"id":1629,"date":"2013-09-11T19:12:01","date_gmt":"2013-09-11T19:12:01","guid":{"rendered":"http:\/\/predmetyreklamni.eu\/vyrobce\/?page_id=1629"},"modified":"2014-03-12T14:36:51","modified_gmt":"2014-03-12T14:36:51","slug":"rostlinky-ovoce-a-zelenina-v-papirovem-obalu-s-potiskem","status":"publish","type":"page","link":"https:\/\/predmetyreklamni.eu\/vyrobce\/sk\/rostlinky-ovoce-a-zelenina-v-papirovem-obalu-s-potiskem\/","title":{"rendered":"Rostlinky ovoce a zelenina v pap\u00edrov\u00e9m obalu s potiskem"},"content":{"rendered":"<h1 style=\"text-align: justify;\">ROSTLINKY OVOCE A ZELENINA V PAP\u00cdROV\u00c9M OBALU S POTISKEM<\/h1>\n<h2 style=\"text-align: justify;\">Nab\u00edz\u00edme rostlinky ovoce a zelenina v pap\u00edrov\u00e9m obalu s potiskem<\/h2>\n<p style=\"text-align: justify;\">Rostlinky ovoce a zelenina v pap\u00edrov\u00e9m obalu s potiskem jsou ekologick\u00fdm p\u0159edm\u011btem, kter\u00fdm m\u016f\u017eete snad propagovat svou firmu nebo obdarovat sv\u00e9 klienty a z\u00e1kazn\u00edky. Rostlinky jsou um\u00edst\u011bny v pap\u00edrov\u00e9m obalu, kter\u00fd m\u016f\u017ee b\u00fdt na zak\u00e1zku opat\u0159en potiskem loga, zna\u010dky \u010di jin\u00fdm reklamn\u00edm sd\u011blen\u00edm. Z\u00e1le\u017e\u00ed jen na V\u00e1s. N\u00ed\u017ee V\u00e1m p\u0159edstav\u00edme p\u0159\u00edklady, jak mohou rostlinky ovoce a zelenina v pap\u00edrov\u00e9m obalu s potiskem vypadat. Nena\u0161li jste pr\u00e1v\u011b sv\u016fj druh rostlinky, kter\u00fdm chcete svoj\u00ed firmu propagovat? Nevad\u00ed! Sta\u010d\u00ed napsat popt\u00e1vku nebo n\u00e1m zavolat.<\/p>\n<h2 style=\"text-align: justify;\">Rostlinky ovoce a zelenina v pap\u00edrov\u00e9m obalu s potiskem &#8211; mini raj\u010de<\/h2>\n<p style=\"text-align: justify;\"><a href=\"http:\/\/predmetyreklamni.eu\/vyrobce\/wp-content\/uploads\/Tomato-in-a-Paper-Bag2.jpg\"><img decoding=\"async\" loading=\"lazy\" class=\"alignleft size-full wp-image-1636\" title=\"Rostlinky ovoce a zelenina v pap\u00edrov\u00e9m obalu s potiskem - mini raj\u010de\" alt=\"Rostlinky ovoce a zelenina v pap\u00edrov\u00e9m obalu s potiskem - mini raj\u010de\" src=\"http:\/\/predmetyreklamni.eu\/vyrobce\/wp-content\/uploads\/Tomato-in-a-Paper-Bag2.jpg\" width=\"200\" height=\"200\" srcset=\"https:\/\/predmetyreklamni.eu\/vyrobce\/wp-content\/uploads\/Tomato-in-a-Paper-Bag2.jpg 200w, https:\/\/predmetyreklamni.eu\/vyrobce\/wp-content\/uploads\/Tomato-in-a-Paper-Bag2-150x150.jpg 150w\" sizes=\"(max-width: 200px) 100vw, 200px\" \/><\/a>Baleno v pap\u00edrov\u00e9m obalu z recyklovan\u00e9ho pap\u00edru spole\u010dn\u011b se sem\u00ednky mini raj\u010dete. Rostlinky ovoce a zelenina v pap\u00edrov\u00e9m obalu m\u016f\u017eete opat\u0159it vlastn\u00edm origin\u00e1ln\u00edm potiskem. Mini raj\u010de v obalu s potiskem je kr\u00e1sn\u00fd d\u00e1rek a dekorace.<br \/>\n<strong>Minim\u00e1ln\u00ed obj.:<\/strong>\u00a05000 ks<br \/>\n<strong>Cena<\/strong>: 13.90 K\u010d\/ks (p\u0159i odb\u011bru 5000 ks)<br \/>\n<strong>Rozm\u011bry<\/strong>: 51 x 40 x 48\u00a0cm<br \/>\n<strong>Potisk<\/strong>: na zak\u00e1zku<br \/>\n<strong>Balen\u00ed<\/strong>: 96 ks v kartonu<br \/>\n<strong>Cena<\/strong>:\u00a0<a title=\"ZASLAT POPT\u00c1VKU\" href=\"mailto:info@predmetyreklamni.eu\">ZASLAT POPT\u00c1VKU\u00a0<\/a><\/p>\n<h2 style=\"text-align: justify;\">Rostlinky ovoce a zelenina v pap\u00edrov\u00e9 obalu s potiskem &#8211; jahody<\/h2>\n<p style=\"text-align: justify;\"><a href=\"http:\/\/predmetyreklamni.eu\/vyrobce\/wp-content\/uploads\/mini-plants-with-print1.jpg\"><img decoding=\"async\" loading=\"lazy\" class=\"alignleft size-full wp-image-1639\" title=\"Rostlinky ovoce a zelenina v pap\u00edrov\u00e9 obalu s potiskem - jahody\" alt=\"Rostlinky ovoce a zelenina v pap\u00edrov\u00e9 obalu s potiskem - jahody\" src=\"http:\/\/predmetyreklamni.eu\/vyrobce\/wp-content\/uploads\/mini-plants-with-print1.jpg\" width=\"240\" height=\"240\" srcset=\"https:\/\/predmetyreklamni.eu\/vyrobce\/wp-content\/uploads\/mini-plants-with-print1.jpg 240w, https:\/\/predmetyreklamni.eu\/vyrobce\/wp-content\/uploads\/mini-plants-with-print1-150x150.jpg 150w\" sizes=\"(max-width: 240px) 100vw, 240px\" \/><\/a><\/p>\n<p style=\"text-align: justify;\">Baleno v pap\u00edrov\u00e9m obalu z recyklovan\u00e9ho pap\u00edru spole\u010dn\u011b se sem\u00ednky jahody. Rostlinky ovoce a zelenina v pap\u00edrov\u00e9m obalu m\u016f\u017eete opat\u0159it vlastn\u00edm logem, zna\u010dkou nebo jin\u00fdm reklamn\u00edm sd\u011blen\u00edm. Sem\u00ednka jahody v obalu s potiskem je kr\u00e1sn\u00fd d\u00e1rek a dekorace.<br \/>\n<strong>Minim\u00e1ln\u00ed obj.:<\/strong>\u00a05000 ks<br \/>\n<strong>Cena<\/strong>: 13.90 K\u010d\/ks (p\u0159i odb\u011bru 5000 ks)<br \/>\n<strong>Rozm\u011bry<\/strong>: 51 x 40 x 48\u00a0cm<br \/>\n<strong>Potisk<\/strong>: na zak\u00e1zku<br \/>\n<strong>Balen\u00ed<\/strong>: 96 ks v kartonu<br \/>\n<strong>Cena<\/strong>:\u00a0<a title=\"ZASLAT POPT\u00c1VKU\" href=\"mailto:info@predmetyreklamni.eu\">ZASLAT POPT\u00c1VKU\u00a0<\/a><\/p>\n<h2 style=\"text-align: justify;\">Rostlinky ovoce a zelenina v pap\u00edrov\u00e9m kv\u011btin\u00e1\u010di s potiskem &#8211; jahody<\/h2>\n<p style=\"text-align: justify;\"><a href=\"http:\/\/predmetyreklamni.eu\/vyrobce\/wp-content\/uploads\/Strawberries-in-a-triangular-paper-bag.jpg\"><img decoding=\"async\" loading=\"lazy\" class=\"alignleft size-full wp-image-1642\" title=\"Rostlinky ovoce a zelenina v pap\u00edrov\u00e9m kv\u011btin\u00e1\u010di s potiskem - jahody\" alt=\"Rostlinky ovoce a zelenina v pap\u00edrov\u00e9m kv\u011btin\u00e1\u010di s potiskem - jahody\" src=\"http:\/\/predmetyreklamni.eu\/vyrobce\/wp-content\/uploads\/Strawberries-in-a-triangular-paper-bag.jpg\" width=\"200\" height=\"200\" srcset=\"https:\/\/predmetyreklamni.eu\/vyrobce\/wp-content\/uploads\/Strawberries-in-a-triangular-paper-bag.jpg 200w, https:\/\/predmetyreklamni.eu\/vyrobce\/wp-content\/uploads\/Strawberries-in-a-triangular-paper-bag-150x150.jpg 150w\" sizes=\"(max-width: 200px) 100vw, 200px\" \/><\/a><\/p>\n<p style=\"text-align: justify;\">Jahody v pap\u00edrov\u00e9m kv\u011btin\u00e1\u010di s potiskem, kter\u00fd je zevnit\u0159 opat\u0159en hlin\u00edkovou membr\u00e1nou. Kr\u00e1sn\u00fd troj\u00faheln\u00edkov\u00fd kv\u011btin\u00e1\u010d se sem\u00ednky jahody bude dokonal\u00fdm d\u00e1rkem a dekorac\u00ed.<br \/>\n<strong>Minim\u00e1ln\u00ed obj.:<\/strong>\u00a05000 ks<br \/>\n<strong>Cena<\/strong>: 13.90 K\u010d\/ks (p\u0159i odb\u011bru 5000 ks)<br \/>\n<strong>Rozm\u011bry<\/strong>:\u00a042 x 34 x 40 cm<br \/>\n<strong>Potisk<\/strong>: na zak\u00e1zku<br \/>\n<strong>Balen\u00ed<\/strong>: 112 ks v kartonu<br \/>\n<strong>Cena<\/strong>:\u00a0<a title=\"ZASLAT POPT\u00c1VKU\" href=\"mailto:info@predmetyreklamni.eu\">ZASLAT POPT\u00c1VKU\u00a0<\/a><\/p>\n<p style=\"text-align: justify;\">Chcete si nechat vyrobit vlastn\u00ed rostlinky ovoce a zelenina v pap\u00edrov\u00e9m obalu a s vlastn\u00edm potiskem na zak\u00e1zku? Kontaktujte n\u00e1s pro cenovou nab\u00eddku na emailu:<a href=\"mailto:info@predmetyreklamni.eu\">\u00a0info@predmetyreklamni.eu<\/a><\/p>\n<p style=\"text-align: justify;\"><strong>Do cenov\u00e9 popt\u00e1vky pros\u00edm uve\u010fte pot\u0159ebn\u00e9 informace pro cenovou nab\u00eddku jako<\/strong>: mno\u017estv\u00ed, velikost, barevn\u00e9 proveden\u00ed nebo kombinaci barev, dobu dod\u00e1n\u00ed. V\u0161echny tyto informace n\u00e1m pomohou k rychlej\u0161\u00edmu zpracov\u00e1n\u00ed cenov\u00e9 nab\u00eddky pr\u00e1v\u011b pro V\u00e1s.<\/p>\n<p>T\u011b\u0161\u00edme se na spolupr\u00e1ci! Team Gifts Service<\/p>\n","protected":false},"excerpt":{"rendered":"<p>ROSTLINKY OVOCE A ZELENINA V PAP\u00cdROV\u00c9M OBALU S POTISKEM Nab\u00edz\u00edme rostlinky ovoce a zelenina v pap\u00edrov\u00e9m obalu s potiskem Rostlinky ovoce a zelenina v pap\u00edrov\u00e9m obalu s potiskem jsou ekologick\u00fdm p\u0159edm\u011btem, kter\u00fdm m\u016f\u017eete snad propagovat svou firmu nebo obdarovat sv\u00e9 &hellip; <a href=\"https:\/\/predmetyreklamni.eu\/vyrobce\/sk\/rostlinky-ovoce-a-zelenina-v-papirovem-obalu-s-potiskem\/\">Continue reading <span class=\"meta-nav\">&rarr;<\/span><\/a><\/p>\n","protected":false},"author":1,"featured_media":0,"parent":0,"menu_order":16,"comment_status":"closed","ping_status":"open","template":"sidebar-page.php","meta":[],"_links":{"self":[{"href":"https:\/\/predmetyreklamni.eu\/vyrobce\/sk\/wp-json\/wp\/v2\/pages\/1629"}],"collection":[{"href":"https:\/\/predmetyreklamni.eu\/vyrobce\/sk\/wp-json\/wp\/v2\/pages"}],"about":[{"href":"https:\/\/predmetyreklamni.eu\/vyrobce\/sk\/wp-json\/wp\/v2\/types\/page"}],"author":[{"embeddable":true,"href":"https:\/\/predmetyreklamni.eu\/vyrobce\/sk\/wp-json\/wp\/v2\/users\/1"}],"replies":[{"embeddable":true,"href":"https:\/\/predmetyreklamni.eu\/vyrobce\/sk\/wp-json\/wp\/v2\/comments?post=1629"}],"version-history":[{"count":10,"href":"https:\/\/predmetyreklamni.eu\/vyrobce\/sk\/wp-json\/wp\/v2\/pages\/1629\/revisions"}],"predecessor-version":[{"id":2893,"href":"https:\/\/predmetyreklamni.eu\/vyrobce\/sk\/wp-json\/wp\/v2\/pages\/1629\/revisions\/2893"}],"wp:attachment":[{"href":"https:\/\/predmetyreklamni.eu\/vyrobce\/sk\/wp-json\/wp\/v2\/media?parent=1629"}],"curies":[{"name":"wp","href":"https:\/\/api.w.org\/{rel}","templated":true}]}}