{"id":1669,"date":"2013-09-13T09:12:15","date_gmt":"2013-09-13T09:12:15","guid":{"rendered":"http:\/\/predmetyreklamni.eu\/vyrobce\/?page_id=1669"},"modified":"2020-04-21T06:04:45","modified_gmt":"2020-04-21T06:04:45","slug":"reklamni-predmety-vyroba","status":"publish","type":"page","link":"https:\/\/predmetyreklamni.eu\/vyrobce\/sk\/reklamni-predmety-vyroba\/","title":{"rendered":"Reklamn\u00ed p\u0159edm\u011bty v\u00fdroba"},"content":{"rendered":"<h1 style=\"text-align: justify;\">REKLAMN\u00cd P\u0158EDM\u011aTY V\u00ddROBA<\/h1>\n<h2 style=\"text-align: justify;\">Reklamn\u00ed p\u0159edm\u011bty v\u00fdroba &#8211; video na\u0161ich realizac\u00ed<\/h2>\n<p style=\"text-align: justify;\">P\u0159ipravili jsme pro V\u00e1s tuto str\u00e1nku, abyste snadn\u011bji z\u00edskali p\u0159edstavu o tom, jak mohou vypadat t\u0159eba i ty Va\u0161e reklamn\u00ed p\u0159edm\u011bty. V\u00fdroba pro na\u0161e klienty prob\u00edh\u00e1 p\u0159esn\u011b dle jejich zad\u00e1n\u00ed a proto m\u016f\u017eete nab\u00eddnout reklamn\u00ed p\u0159edm\u011bty zcela dle Va\u0161ich p\u0159edstav. N\u00ed\u017ee naleznete video n\u011bkolika na\u0161ich reklamn\u00edch p\u0159edm\u011bt\u016f, kter\u00e9 jsme vyr\u00e1b\u011bli na zak\u00e1zku pro na\u0161e klienty.<\/p>\n<h2 style=\"text-align: justify;\">Reklamn\u00ed p\u0159edm\u011bty v\u00fdroba &#8211; reklamn\u00ed \u010dist\u00edc\u00ed had\u0159\u00edky z mikrovl\u00e1kna<\/h2>\n<p style=\"text-align: justify;\">V\u00edce informac\u00ed o produktu reklamn\u00ed \u010dist\u00edc\u00ed had\u0159\u00edky z mikrovl\u00e1kna si m\u016f\u017eete p\u0159e\u010d\u00edst na na\u0161ich str\u00e1nk\u00e1ch specializovan\u00fdch na reklamn\u00ed \u010dist\u00edc\u00ed had\u0159\u00edky <a href=\"http:\/\/hadrik.cz\/\" target=\"_blank\">ZDE<\/a>. Reklamn\u00ed \u010dist\u00edc\u00ed had\u0159\u00edky z mikrovl\u00e1kna jsou praktick\u00e9 reklamn\u00ed p\u0159edm\u011bty, kter\u00e9 maj\u00ed mnoho variant zpracov\u00e1n\u00ed. Zaujala V\u00e1s v\u00fdroba a chcete vlastn\u00ed reklamn\u00ed \u010dist\u00edc\u00ed had\u0159\u00edky? Kontaktujte n\u00e1s pro cenovou nab\u00eddku na <a href=\"mailto:info@predmetyreklamni.eu\">info@predmetyreklamni.eu<\/a><\/p>\n<p style=\"text-align: justify;\"><iframe loading=\"lazy\" src=\"\/\/www.youtube.com\/embed\/tkR7dsmS8xE\" height=\"300\" width=\"440\" allowfullscreen=\"\" frameborder=\"0\"><\/iframe><\/p>\n<h2 style=\"text-align: justify;\">Reklamn\u00ed p\u0159edm\u011bty v\u00fdroba\u00a0<span style=\"color: #000000; font-weight: bold; text-align: justify;\">&#8211; silikonov\u00e9 hodinky<\/span><\/h2>\n<p style=\"text-align: justify;\">V\u00edce informac\u00ed o produktu silikonov\u00e9 hodinky naleznete na na\u0161ich str\u00e1nk\u00e1ch zam\u011b\u0159en\u00fdch na silikonov\u00e9 hodinky <a href=\"http:\/\/www.silikonovehodinky.biz\/\" target=\"_blank\">ZDE<\/a>.\u00a0Reklamn\u00ed silikonov\u00e9 hodinky na zak\u00e1zku jsou origin\u00e1ln\u00ed a m\u00f3dn\u00ed reklamn\u00ed p\u0159edm\u011bt a jejich v\u00fdroba nen\u00ed cenov\u011b n\u00e1ro\u010dn\u00e1.\u00a0Kontaktujte n\u00e1s pro cenovou nab\u00eddku na\u00a0<a href=\"mailto:info@predmetyreklamni.eu\">info@predmetyreklamni.eu<\/a><\/p>\n<p style=\"text-align: justify;\"><iframe loading=\"lazy\" src=\"\/\/www.youtube.com\/embed\/XJ7V7JDmkyI\" height=\"300\" width=\"440\" allowfullscreen=\"\" frameborder=\"0\"><\/iframe><\/p>\n<h2 style=\"text-align: justify;\">Reklamn\u00ed p\u0159edm\u011bty v\u00fdroba\u00a0<span style=\"color: #000000; font-weight: bold; text-align: justify;\">&#8211; \u0161\u0148\u016frky na krk s potiskem na zak\u00e1zku<\/span><\/h2>\n<p style=\"text-align: justify;\">V\u00edce informac\u00ed o produktu \u0161\u0148\u016frky na krk s potiskem na zak\u00e1zku si m\u016f\u017eete p\u0159e\u010d\u00edst na na\u0161ich str\u00e1nk\u00e1ch specializovan\u00fdch na tento p\u0159edm\u011bt <a href=\"http:\/\/www.snurky.eu\/\" target=\"_blank\">ZDE<\/a>. Reklamn\u00ed \u0161\u0148\u016frky na krk s potiskem, tkan\u00e9 lanyardy, silikonov\u00e9 \u0161\u0148\u016frky a mnoho dal\u0161\u00edch variant.\u00a0Kontaktujte n\u00e1s pro cenovou nab\u00eddku na\u00a0<a href=\"mailto:info@predmetyreklamni.eu\">info@predmetyreklamni.eu<\/a><\/p>\n<p style=\"text-align: justify;\"><iframe loading=\"lazy\" src=\"\/\/www.youtube.com\/embed\/k4xMySFi254\" height=\"300\" width=\"440\" allowfullscreen=\"\" frameborder=\"0\"><\/iframe><\/p>\n<h2 style=\"text-align: justify;\">Reklamn\u00ed p\u0159edm\u011bty v\u00fdroba<span style=\"color: #000000; font-weight: bold; text-align: justify;\">\u00a0&#8211; reklamn\u00ed pouzdra na elektroniku na zak\u00e1zku<\/span><\/h2>\n<p style=\"text-align: justify;\">V\u00edce informac\u00ed o produktu pouzdra na elektroniku na zak\u00e1zku a zhl\u00e9dnout na\u0161\u00ed nab\u00eddku si m\u016f\u017eete na na\u0161ich str\u00e1nk\u00e1ch zam\u011b\u0159en\u00fdch na reklamn\u00ed pouzdra na elektroniku <a href=\"http:\/\/www.pouzdra.eu\/\" target=\"_blank\">ZDE<\/a>. Silikonov\u00e1, neoprenov\u00e1, ko\u017een\u00e1 reklamn\u00ed pouzdra na elektroniku pro V\u00e1s vyrob\u00edme na zak\u00e1zku.\u00a0Kontaktujte n\u00e1s pro cenovou nab\u00eddku na\u00a0<a href=\"mailto:info@predmetyreklamni.eu\">info@predmetyreklamni.eu<\/a><\/p>\n<p style=\"text-align: justify;\"><iframe loading=\"lazy\" src=\"\/\/www.youtube.com\/embed\/o_SIhsU3b70\" height=\"300\" width=\"440\" allowfullscreen=\"\" frameborder=\"0\"><\/iframe><\/p>\n<h2 style=\"text-align: justify;\">Reklamn\u00ed p\u0159edm\u011bty v\u00fdroba<span style=\"color: #000000; font-weight: bold; text-align: justify;\">\u00a0&#8211; reklamn\u00ed karabinky na zak\u00e1zku<\/span><\/h2>\n<p style=\"text-align: justify;\">V\u00edce informac\u00ed o produktu reklamn\u00ed karabinky na zak\u00e1zku a na\u0161\u00ed kompletn\u00ed nab\u00eddku si m\u016f\u017eete otev\u0159\u00edt na na\u0161ich specializovan\u00fdch str\u00e1nk\u00e1ch <a href=\"http:\/\/karabinky.cz\/\" target=\"_blank\">ZDE<\/a>. Reklamn\u00ed karabinky v mnoha barv\u00e1ch, velikostech a tvarech pro V\u00e1s vyrob\u00edme na zak\u00e1zku.\u00a0Kontaktujte n\u00e1s pro cenovou nab\u00eddku na\u00a0<a href=\"mailto:info@predmetyreklamni.eu\">info@predmetyreklamni.eu<\/a><\/p>\n<p><iframe loading=\"lazy\" src=\"\/\/www.youtube.com\/embed\/Ulq2xAUSmC0\" height=\"300\" width=\"440\" allowfullscreen=\"\" frameborder=\"0\"><\/iframe><\/p>\n<h2 style=\"text-align: justify;\">Reklamn\u00ed p\u0159edm\u011bty v\u00fdroba<span style=\"color: #000000; font-weight: bold; text-align: justify;\">\u00a0&#8211; reklamn\u00ed ply\u0161ov\u00e9 hra\u010dky na zak\u00e1zku<\/span><\/h2>\n<p style=\"text-align: justify;\">V\u00edce informac\u00ed o produktu reklamn\u00ed ply\u0161ov\u00e9 hra\u010dky na zak\u00e1zku a na\u0161\u00ed kompletn\u00ed nab\u00eddku naleznete na na\u0161ich specializovan\u00fdch str\u00e1nk\u00e1ch produktu ply\u0161ov\u00e9 hra\u010dky na zak\u00e1zku <a href=\"http:\/\/hracky-plysove.cz\/\" target=\"_blank\">ZDE<\/a>. \u00a0Reklamn\u00ed ply\u0161ov\u00e9 hra\u010dky jsou st\u00e1lic\u00ed mezi reklamn\u00ed p\u0159edm\u011bty. Jsou st\u00e1le obl\u00edben\u00e9 a \u017e\u00e1dan\u00e9.\u00a0Kontaktujte n\u00e1s pro cenovou nab\u00eddku na\u00a0<a href=\"mailto:info@predmetyreklamni.eu\">info@predmetyreklamni.eu<\/a><\/p>\n<p><iframe loading=\"lazy\" src=\"\/\/www.youtube.com\/embed\/PgrQMvFQ3KE\" height=\"300\" width=\"440\" allowfullscreen=\"\" frameborder=\"0\"><\/iframe><\/p>\n<h2 style=\"text-align: justify;\">Reklamn\u00ed p\u0159edm\u011bty v\u00fdroba<span style=\"color: #000000; font-weight: bold; text-align: justify;\">\u00a0&#8211; reklamn\u00ed v\u011bj\u00ed\u0159e na zak\u00e1zku<\/span><\/h2>\n<p style=\"text-align: justify;\">V\u00edce informac\u00ed o produktu reklamn\u00ed v\u011bj\u00ed\u0159e na zak\u00e1zku a na\u0161\u00ed kompletn\u00ed nab\u00eddku a informace o produktech naleznete na na\u0161ich specializovan\u00fdch str\u00e1nk\u00e1ch <a href=\"http:\/\/vejir-vejire.cz\/\" target=\"_blank\">ZDE<\/a>. Reklamn\u00ed l\u00e1tkov\u00e9, pap\u00edrov\u00e9, plastov\u00e9, d\u0159ev\u011bn\u00e9 v\u011bj\u00ed\u0159e vyrob\u00edme na zak\u00e1zku dle Va\u0161eho zad\u00e1n\u00ed.\u00a0Kontaktujte n\u00e1s pro cenovou nab\u00eddku na\u00a0<a href=\"mailto:info@predmetyreklamni.eu\">info@predmetyreklamni.eu<\/a><\/p>\n<p><iframe loading=\"lazy\" src=\"\/\/www.youtube.com\/embed\/QRggBRFMyJs\" height=\"300\" width=\"440\" allowfullscreen=\"\" frameborder=\"0\"><\/iframe><\/p>\n<h2 style=\"text-align: justify;\">Reklamn\u00ed p\u0159edm\u011bty v\u00fdroba &#8211; silikonov\u00e9 n\u00e1ramky na zak\u00e1zku<\/h2>\n<p style=\"text-align: justify;\">V\u00edce informac\u00ed o produktu silikonov\u00e9 n\u00e1ramky na zak\u00e1zku a na\u0161\u00ed kompletn\u00ed nab\u00eddku naleznete na na\u0161ich specializovan\u00fdch str\u00e1nk\u00e1ch v\u011bnovan\u00fdch pouze produktu silikonov\u00e9 n\u00e1ramky na zak\u00e1zku <a href=\"http:\/\/gumove-naramky.cz\/\" target=\"_blank\">ZDE<\/a>. \u00a0Silikonov\u00e9 n\u00e1ramky a jejich v\u00fdroba na zak\u00e1zku nab\u00edz\u00ed \u0161irok\u00e9 mo\u017enosti zpracov\u00e1n\u00ed &#8211; potisk, ra\u017ebu, 3D, popisovateln\u00e9 silikonov\u00e9 n\u00e1ramky, slap silikonov\u00e9 n\u00e1ramky, silikonov\u00e9 n\u00e1ramky z\u00e1\u0159\u00edc\u00ed ve tm\u011b, UV silikonov\u00e9 n\u00e1ramky a mnoho dal\u0161\u00edch.\u00a0Kontaktujte n\u00e1s pro cenovou nab\u00eddku na\u00a0<a href=\"mailto:info@predmetyreklamni.eu\">info@predmetyreklamni.eu<\/a><\/p>\n<p><iframe loading=\"lazy\" src=\"\/\/www.youtube.com\/embed\/L0g2fyX0L_k\" height=\"300\" width=\"440\" allowfullscreen=\"\" frameborder=\"0\"><\/iframe><\/p>\n<h2 style=\"text-align: justify;\">Reklamn\u00ed p\u0159edm\u011bty v\u00fdroba &#8211; ekologick\u00e9 ta\u0161ky na zak\u00e1zku<\/h2>\n<p style=\"text-align: justify;\">V\u00edce informac\u00ed o produktu ekologick\u00e9 ta\u0161ky na zak\u00e1zku, kompletn\u00ed nab\u00eddku produkt\u016f naleznete na na\u0161ich str\u00e1nk\u00e1ch specializovan\u00fdch na p\u0159edm\u011bt reklamn\u00ed eko ta\u0161ky <a href=\"http:\/\/www.eko-tasky.eu\/\" target=\"_blank\">ZDE<\/a>. Pap\u00edrov\u00e9, l\u00e1tkov\u00e9 nebo PVC ekologick\u00e9 ta\u0161ky na zak\u00e1zku. Dal\u0161\u00edm na\u0161\u00edm produktem jsou tak\u00e9 ekologick\u00e9 kosmetick\u00e9 ta\u0161ky.\u00a0Kontaktujte n\u00e1s pro cenovou nab\u00eddku na\u00a0<a href=\"mailto:info@predmetyreklamni.eu\">info@predmetyreklamni.eu<\/a><\/p>\n<p><iframe loading=\"lazy\" src=\"\/\/www.youtube.com\/embed\/OFarMKfRxq4\" height=\"300\" width=\"440\" allowfullscreen=\"\" frameborder=\"0\"><\/iframe><\/p>\n<h2 style=\"text-align: justify;\">Reklamn\u00ed p\u0159edm\u011bty v\u00fdroba &#8211; v\u016fn\u011b do auta na zak\u00e1zku, reklamn\u00ed von\u00edtka<\/h2>\n<p style=\"text-align: justify;\">V\u00edce informac\u00ed o produktu v\u016fn\u011b do auta na zak\u00e1zku, na\u0161\u00ed nab\u00eddku produkt\u016f a dal\u0161\u00ed zaj\u00edmav\u00e9 informace o produktu naleznete na na\u0161ich specializovan\u00fdch str\u00e1nk\u00e1ch <a href=\"http:\/\/vune-do-auta.cz\/\" target=\"_blank\">ZDE<\/a>. Plastov\u00e1 \u010di pap\u00edrov\u00e1 von\u00edtka do auta v r\u016fzn\u00fdch tvarech a velikostech.\u00a0Kontaktujte n\u00e1s pro cenovou nab\u00eddku na\u00a0<a href=\"mailto:info@predmetyreklamni.eu\">info@predmetyreklamni.eu<\/a><\/p>\n<p><iframe loading=\"lazy\" src=\"\/\/www.youtube.com\/embed\/FRkQYGwvHLA\" height=\"300\" width=\"440\" allowfullscreen=\"\" frameborder=\"0\"><\/iframe><\/p>\n<h2 style=\"text-align: justify;\">Reklamn\u00ed p\u0159edm\u011bty v\u00fdroba &#8211; reklamn\u00ed v\u011btrn\u00edky na zak\u00e1zku, s potiskem<\/h2>\n<p style=\"text-align: justify;\">V\u00edce informac\u00ed o produktu reklamn\u00ed v\u011btrn\u00edky, na\u0161\u00ed kompletn\u00ed nab\u00eddku a mo\u017enosti, kter\u00e9 nab\u00edz\u00ed reklamn\u00ed v\u011btrn\u00edky na zak\u00e1zku naleznete na na\u0161ich specializovan\u00fdch str\u00e1nk\u00e1ch <a href=\"http:\/\/reklamni-vetrniky.cz\/\" target=\"_blank\">ZDE<\/a>. Reklamn\u00ed v\u011btrn\u00edky plastov\u00e9 pap\u00edrov\u00e9 v r\u016fzn\u00fdch designech, barv\u00e1ch a velikostech.\u00a0Kontaktujte n\u00e1s pro cenovou nab\u00eddku na\u00a0<a href=\"mailto:info@predmetyreklamni.eu\">info@predmetyreklamni.eu<\/a><\/p>\n<p><iframe loading=\"lazy\" src=\"\/\/www.youtube.com\/embed\/uuyBWuScGlE\" height=\"300\" width=\"440\" allowfullscreen=\"\" frameborder=\"0\"><\/iframe><\/p>\n<h2 style=\"text-align: justify;\">Reklamn\u00ed p\u0159edm\u011bty v\u00fdroba &#8211; reklamn\u00ed kaleidoskopy a krasohledy na zak\u00e1zku<\/h2>\n<p style=\"text-align: justify;\">V\u00edce informac\u00ed o produktu reklamn\u00ed kaleidoskopy a krasohledy, nab\u00eddku produkt\u016f a a dal\u0161\u00ed informace naleznete na na\u0161ich specializovan\u00fdch str\u00e1nk\u00e1ch <a href=\"http:\/\/kaleidoskopy.cz\/\" target=\"_blank\">ZDE<\/a>. Reklamn\u00ed kaleidoskopy v r\u016fzn\u00fdch designech, barv\u00e1ch a velikostech.\u00a0Kontaktujte n\u00e1s pro cenovou nab\u00eddku na\u00a0<a href=\"mailto:info@predmetyreklamni.eu\">info@predmetyreklamni.eu<\/a><\/p>\n<p><iframe loading=\"lazy\" src=\"\/\/www.youtube.com\/embed\/lnFCCSNZ1gM\" height=\"300\" width=\"440\" allowfullscreen=\"\" frameborder=\"0\"><\/iframe><\/p>\n<h2 style=\"text-align: justify;\">Reklamn\u00ed p\u0159edm\u011bty v\u00fdroba &#8211; reklamn\u00ed p\u0159es\u00fdpac\u00ed hodiny zak\u00e1zku<\/h2>\n<p style=\"text-align: justify;\">V\u00edce informac\u00ed o produktu reklamn\u00ed p\u0159es\u00fdpac\u00ed hodiny, na\u0161\u00ed nab\u00eddku produkt\u016f a dal\u0161\u00ed zaj\u00edmav\u00e9 informace m\u016f\u017eete zhl\u00e9dnout na na\u0161ich specializovan\u00fdch str\u00e1nk\u00e1ch <a href=\"http:\/\/presypaci-hodiny.cz\/\" target=\"_blank\">ZDE<\/a>. Reklamn\u00ed p\u0159es\u00fdpac\u00ed hodiny v r\u016fzn\u00fdch designech, barv\u00e1ch a velikostech.\u00a0Kontaktujte n\u00e1s pro cenovou nab\u00eddku na\u00a0<a href=\"mailto:info@predmetyreklamni.eu\">info@predmetyreklamni.eu<\/a><\/p>\n<p><iframe loading=\"lazy\" src=\"\/\/www.youtube.com\/embed\/OVXfCIf_KuU\" height=\"300\" width=\"440\" allowfullscreen=\"\" frameborder=\"0\"><\/iframe><\/p>\n<h2 style=\"text-align: justify;\">Reklamn\u00ed p\u0159edm\u011bty v\u00fdroba &#8211; reklamn\u00ed n\u00e1plasti s logem na zak\u00e1zku<\/h2>\n<p style=\"text-align: justify;\">V\u00edce informac\u00ed o produktu reklamn\u00ed n\u00e1plasti, nab\u00eddku na\u0161ich produkt\u016f a dal\u0161\u00ed informace k v\u00fdrob\u011b reklamn\u00ed n\u00e1plasti s logem na zak\u00e1zku naleznete na na\u0161ich specializovan\u00fdch str\u00e1nk\u00e1ch <a href=\"http:\/\/naplasti.com\/\" target=\"_blank\">ZDE<\/a>. Reklamn\u00ed n\u00e1plasti na zak\u00e1zku v r\u016fzn\u00fdch designech, barv\u00e1ch a velikostech.\u00a0\u00a0Kontaktujte n\u00e1s pro cenovou nab\u00eddku na\u00a0<a href=\"mailto:info@predmetyreklamni.eu\">info@predmetyreklamni.eu<\/a>.<\/p>\n<p><iframe loading=\"lazy\" src=\"\/\/www.youtube.com\/embed\/pwk_Axewb_I\" height=\"300\" width=\"440\" allowfullscreen=\"\" frameborder=\"0\"><\/iframe><\/p>\n","protected":false},"excerpt":{"rendered":"<p>REKLAMN\u00cd P\u0158EDM\u011aTY V\u00ddROBA Reklamn\u00ed p\u0159edm\u011bty v\u00fdroba &#8211; video na\u0161ich realizac\u00ed P\u0159ipravili jsme pro V\u00e1s tuto str\u00e1nku, abyste snadn\u011bji z\u00edskali p\u0159edstavu o tom, jak mohou vypadat t\u0159eba i ty Va\u0161e reklamn\u00ed p\u0159edm\u011bty. V\u00fdroba pro na\u0161e klienty prob\u00edh\u00e1 p\u0159esn\u011b dle jejich zad\u00e1n\u00ed &hellip; <a href=\"https:\/\/predmetyreklamni.eu\/vyrobce\/sk\/reklamni-predmety-vyroba\/\">Continue reading <span class=\"meta-nav\">&rarr;<\/span><\/a><\/p>\n","protected":false},"author":1,"featured_media":0,"parent":0,"menu_order":4,"comment_status":"closed","ping_status":"closed","template":"sidebar-page.php","meta":[],"_links":{"self":[{"href":"https:\/\/predmetyreklamni.eu\/vyrobce\/sk\/wp-json\/wp\/v2\/pages\/1669"}],"collection":[{"href":"https:\/\/predmetyreklamni.eu\/vyrobce\/sk\/wp-json\/wp\/v2\/pages"}],"about":[{"href":"https:\/\/predmetyreklamni.eu\/vyrobce\/sk\/wp-json\/wp\/v2\/types\/page"}],"author":[{"embeddable":true,"href":"https:\/\/predmetyreklamni.eu\/vyrobce\/sk\/wp-json\/wp\/v2\/users\/1"}],"replies":[{"embeddable":true,"href":"https:\/\/predmetyreklamni.eu\/vyrobce\/sk\/wp-json\/wp\/v2\/comments?post=1669"}],"version-history":[{"count":75,"href":"https:\/\/predmetyreklamni.eu\/vyrobce\/sk\/wp-json\/wp\/v2\/pages\/1669\/revisions"}],"predecessor-version":[{"id":4283,"href":"https:\/\/predmetyreklamni.eu\/vyrobce\/sk\/wp-json\/wp\/v2\/pages\/1669\/revisions\/4283"}],"wp:attachment":[{"href":"https:\/\/predmetyreklamni.eu\/vyrobce\/sk\/wp-json\/wp\/v2\/media?parent=1669"}],"curies":[{"name":"wp","href":"https:\/\/api.w.org\/{rel}","templated":true}]}}