{"id":1780,"date":"2013-09-26T12:16:53","date_gmt":"2013-09-26T12:16:53","guid":{"rendered":"http:\/\/predmetyreklamni.eu\/vyrobce\/?page_id=1780"},"modified":"2020-04-21T06:04:45","modified_gmt":"2020-04-21T06:04:45","slug":"kvetouci-caje-na-zakazku","status":"publish","type":"page","link":"https:\/\/predmetyreklamni.eu\/vyrobce\/sk\/kvetouci-caje-na-zakazku\/","title":{"rendered":"Kvetouc\u00ed \u010daje na zak\u00e1zku"},"content":{"rendered":"<h1><span style=\"color: #000000; font-weight: bold;\">KVETOUC\u00cd \u010cAJE NA ZAK\u00c1ZKU<\/span><\/h1>\n<h2>Co jsou vlastn\u011b kvetouc\u00ed \u010daje?<\/h2>\n<p style=\"text-align: justify;\"><a href=\"http:\/\/predmetyreklamni.eu\/vyrobce\/wp-content\/uploads\/Kvetouc\u00ed-\u010daje-na-zak\u00e1zku-jako-reklamn\u00ed-p\u0159edm\u011bt.jpg\"><img decoding=\"async\" loading=\"lazy\" class=\"alignleft size-full wp-image-1794\" title=\"Kvetouc\u00ed \u010daje na zak\u00e1zku jako reklamn\u00ed p\u0159edm\u011bt\" alt=\"Kvetouc\u00ed \u010daje na zak\u00e1zku jako reklamn\u00ed p\u0159edm\u011bt\" src=\"http:\/\/predmetyreklamni.eu\/vyrobce\/wp-content\/uploads\/Kvetouc\u00ed-\u010daje-na-zak\u00e1zku-jako-reklamn\u00ed-p\u0159edm\u011bt.jpg\" width=\"256\" height=\"197\" \/><\/a>Kvetouc\u00ed \u010daje\u00a0jsou \u010daje pevn\u011b sv\u00e1zan\u00e9 do kuli\u010dky, kter\u00e1 se po um\u00edst\u011bn\u00ed do hork\u00e9 vody kr\u00e1sn\u011b rozvine a odhal\u00ed kv\u011bt nebo kouzelnou vazbu \u010dajov\u00fdch l\u00edstk\u016f. Nab\u00edz\u00edme\u00a0kvetouc\u00ed \u010daje\u00a0mnoha typ\u016f v\u010detn\u011b koule, houby nebo srd\u00ed\u010dka a velk\u00e9ho v\u00fdb\u011bru dal\u0161\u00edch tvar\u016f.\u00a0Kvetouc\u00ed \u010daje se vyr\u00e1b\u00ed z \u010dern\u00e9ho, zelen\u00e9ho nebo b\u00edl\u00e9ho \u010daje. Kv\u011btina, kter\u00e1 se skr\u00fdv\u00e1 uvnit\u0159 vazby, m\u016f\u017ee b\u00fdt t\u0159eba pivo\u0148ka, lilie, ibi\u0161ek, m\u011bs\u00ed\u010dek, chrysant\u00e9ma nebo r\u016f\u017ee.<\/p>\n<p style=\"text-align: justify;\"><div class=\"aio-button-right\"><div class=\"aio-pulse\"><a href=\"http:\/\/predmetyreklamni.eu\/vyrobce\/reklamni-kvetinove-caje\/\" class=\"aio-blue\" title=\"KV\u011aTINOV\u00c9 \u010cAJE NAB\u00cdDKA &gt;&gt;&gt;\">KV\u011aTINOV\u00c9 \u010cAJE NAB\u00cdDKA &gt;&gt;&gt;<\/a><\/div><\/div><\/p>\n<p><em>\u010cajov\u00e9 l\u00edstky i kv\u011bty a n\u00e1lev z nich jsou velice zdrav\u00e9!<\/em><\/p>\n<h2>Kvetouc\u00ed \u010daje na zak\u00e1zku jako reklamn\u00ed p\u0159edm\u011bt<\/h2>\n<p style=\"text-align: justify;\">Uka\u017ete sv\u00fdm zam\u011bstnanc\u016fm, z\u00e1kazn\u00edk\u016f, klient\u016fm \u010di obchodn\u00edm partner\u016fm, jak mysl\u00edte na jejich zdrav\u00ed a v\u011bnujte jim kvetouc\u00ed \u010daje, kter\u00e9 pro V\u00e1s na zak\u00e1zku nech\u00e1me dodat. Kvetouc\u00ed \u010daje jsou kr\u00e1sn\u00e9, zdrav\u00e9, chutn\u00e9. Kvetouc\u00ed \u010daje mohou b\u00fdt na zak\u00e1zku opat\u0159eny obalem, na kter\u00fd dle Va\u0161eho vlastn\u00edho designu. Nab\u00edz\u00edme t\u00e9\u017e kvetouc\u00ed \u010daje na zak\u00e1zku v d\u00e1rkov\u00fdch balen\u00edch \u010di kazet\u00e1ch. D\u00edky na\u0161\u00ed unik\u00e1tn\u00ed nab\u00eddce z\u00edsk\u00e1te reklamn\u00ed d\u00e1rek a p\u0159edm\u011bt, kter\u00fd ka\u017ed\u00e9ho pot\u011b\u0161\u00ed. Vyberte si z na\u0161\u00ed nab\u00eddky sv\u00e9 kvetouc\u00ed \u010daje &#8211; <a title=\"Reklamn\u00ed kvetouc\u00ed \u010daje na zak\u00e1zku\" href=\"http:\/\/predmetyreklamni.eu\/vyrobce\/kvetouci-caje-na-zakazku\/kvetinove-caje-na-zakazku-nabidka\/\" target=\"_blank\">NAB\u00cdDKA<\/a>.<\/p>\n<h2>Kvetouc\u00ed \u010daje historie<\/h2>\n<p style=\"text-align: justify;\">Kvetouc\u00ed \u010daje a jejich v\u00fdroba\u00a0je star\u00fdm zvykem. Kombinuje p\u0159\u00ednos bylinek s kr\u00e1sn\u00fdm <a href=\"http:\/\/predmetyreklamni.eu\/vyrobce\/wp-content\/uploads\/Kvetouc\u00ed-\u010daje-historie.jpg\"><img decoding=\"async\" loading=\"lazy\" class=\"size-full wp-image-1790 alignright\" title=\"Kvetouc\u00ed \u010daje historie\" alt=\"Kvetouc\u00ed \u010daje historie\" src=\"http:\/\/predmetyreklamni.eu\/vyrobce\/wp-content\/uploads\/Kvetouc\u00ed-\u010daje-historie.jpg\" width=\"152\" height=\"166\" \/><\/a>vizu\u00e1ln\u00edm efektem a pot\u011b\u0161en\u00edm, kter\u00e9 n\u00e1m p\u0159in\u00e1\u0161\u00ed pozorov\u00e1n\u00ed rozv\u00edjej\u00edc\u00edho se kv\u011btu. Jasm\u00ednov\u00e9\u00a0kvetouc\u00ed \u010daje\u00a0jsou jedny z nejobl\u00edben\u011bj\u0161\u00edch, jejich mal\u00e1 poup\u00e1tka vytv\u00e1\u0159\u00ed p\u0159ekr\u00e1snou pod\u00edvanou a uvol\u0148uj\u00ed omamnou a l\u00e9\u010divou v\u016fni. Kvetouc\u00ed \u010daje a um\u011bn\u00ed je vyr\u00e1b\u011bt je starou tradic\u00ed, kter\u00e9 se v \u010c\u00edn\u011b p\u0159ed\u00e1valo z generace na generaci a zaji\u0161\u0165ovalo tomu, kdo ho ovl\u00e1dal, mnoho respektu.<\/p>\n<p style=\"text-align: justify;\">Kvetouc\u00ed \u010daje a jeho v\u00e1z\u00e1n\u00ed se datuje u\u017e v d\u00e1vn\u00fdch dob\u00e1ch. Obnoven\u00ed tohoto zvyku p\u0159i\u0161lo vlastn\u011b docela ned\u00e1vno. Renesance pro kvetouc\u00ed \u010daje\u00a0za\u010dala v \u010c\u00edn\u011b v osmdes\u00e1t\u00fdch letech dvac\u00e1t\u00e9ho stolet\u00ed. Kvetouc\u00ed \u010daje\u00a0si rychle z\u00edskaly mnoho obliby ve Spojen\u00fdch st\u00e1tech, Kanad\u011b, Evrop\u011b i Asii. \u010c\u00edm d\u00e1l v\u00edce pij\u00e1k\u016f \u010daje je p\u0159itahov\u00e1no zaj\u00edmavou okouzluj\u00edc\u00ed alternativou, kterou\u00a0kvetouc\u00ed \u010daje\u00a0nab\u00edz\u00ed. P\u016fvodn\u011b byly\u00a0kvetouc\u00ed \u010daje\u00a0zn\u00e1m\u00e9 t\u0159eba i jako um\u011bleck\u00fd \u010daj, ru\u010dn\u00ed \u010daj, speci\u00e1ln\u00ed \u010d\u00ednsk\u00fd \u010daj apod.<\/p>\n<h2>Pro\u010d p\u00edt a darovat kvetouc\u00ed \u010daje na zak\u00e1zku<\/h2>\n<p style=\"text-align: justify;\"><a href=\"http:\/\/predmetyreklamni.eu\/vyrobce\/wp-content\/uploads\/Pro\u010d-p\u00edt-a-darovat-kvetouc\u00ed-\u010daje-na-zak\u00e1zku.jpg\"><img decoding=\"async\" loading=\"lazy\" class=\"alignleft size-full wp-image-1786\" title=\"Pro\u010d p\u00edt a darovat kvetouc\u00ed \u010daje na zak\u00e1zku\" alt=\"Pro\u010d p\u00edt a darovat kvetouc\u00ed \u010daje na zak\u00e1zku\" src=\"http:\/\/predmetyreklamni.eu\/vyrobce\/wp-content\/uploads\/Pro\u010d-p\u00edt-a-darovat-kvetouc\u00ed-\u010daje-na-zak\u00e1zku.jpg\" width=\"200\" height=\"260\" \/><\/a>Kvetouc\u00ed \u010daje a jeho pit\u00ed je jednoduch\u00fd zp\u016fsob jak dodr\u017eovat zdrav\u00fd \u017eivotn\u00ed styl. Kvetouc\u00ed \u010daje v kombinaci se zdravou stravou a cvi\u010den\u00edm V\u00e1s u\u010din\u00ed siln\u011bj\u0161\u00ed a fit. \u00a0Kvetouc\u00ed \u010daje toti\u017e p\u0159isp\u00edvaj\u00edc\u00ed nejen t\u00edm, \u017ee jsou sou\u010d\u00e1st\u00ed ka\u017ed\u00e9 zdrav\u00e9 v\u00fd\u017eivy, ale i p\u0159\u00edmo podporuj\u00ed V\u00e1s imunitn\u00ed syst\u00e9m.\u00a0\u00a0Kvetouc\u00ed \u010daje a jejich pravideln\u00e9 pit\u00ed je pova\u017eov\u00e1no za skv\u011bl\u00fd zp\u016fsob jak se preventivn\u011b pos\u00edlit proti ch\u0159ipce \u010di nachlazen\u00ed.\u00a0Dokonce existuj\u00ed v\u011bdeck\u00e9 studie ukazuj\u00edc\u00ed, \u017ee kvetouc\u00ed \u010daje a jejich pravideln\u00e1 konzumace\u00a0vede ke sn\u00ed\u017een\u00ed rizika rakoviny. A i proto proto pijte kvetouc\u00ed \u010daje pro V\u00e1\u0161 dlouhodob\u00fd dobr\u00fd zdravotn\u00ed stav.<\/p>\n<ul>\n<li><em>Kvetouc\u00ed \u010daje podporuj\u00ed imunitn\u00ed syst\u00e9m.<\/em><\/li>\n<li><em>Kvetouc\u00ed \u010daje obsahuj\u00ed polyfenoly, kter\u00e9 br\u00e1n\u00ed vytvo\u0159en\u00ed n\u011bkter\u00fdch typ\u016f rakovin.<\/em><\/li>\n<li><em>Kvetouc\u00ed \u010daje zklid\u0148uj\u00ed \u017ealudek a tr\u00e1vic\u00ed syst\u00e9m.<\/em><\/li>\n<li><em>Kvetouc\u00ed \u010daje omezuj\u00ed hladinu cukru v krvi.<\/em><\/li>\n<li><em>Kvetouc\u00ed \u010daje sni\u017euj\u00ed cholesterol<\/em><\/li>\n<li><em>Kvetouc\u00ed \u010daje obsahuj\u00ed m\u00e9n\u011b kofeinu ne\u017e k\u00e1va a p\u0159itom jsou podobn\u011b povzbuzuj\u00edc\u00ed.<\/em><\/li>\n<li><em>Kvetouc\u00ed \u010daje obsahuj\u00ed vysok\u00e1 mno\u017estv\u00ed antioxidant\u016f.<\/em><\/li>\n<li><em>Kvetouc\u00ed \u010daje mohou zjem\u0148ovat vr\u00e1sky a br\u00e1nit jejich vzniku.<\/em><\/li>\n<li><em>Kvetouc\u00ed \u010daje pozitivn\u011b p\u016fsob\u00ed na k\u016f\u017ei a ple\u0165.<\/em><\/li>\n<\/ul>\n<div>\n<p style=\"text-align: justify;\">Zaujala V\u00e1s na\u0161e nab\u00eddka a chcete propagovat svou firmu pomoc\u00ed kvetouc\u00edho \u010daje? Kontaktujte n\u00e1s pro pro v\u00edce informac\u00ed cenovou nab\u00eddku na emailu:<a href=\"mailto:info@predmetyreklamni.eu\">\u00a0info@predmetyreklamni.eu<\/a><\/p>\n<p><strong>Do cenov\u00e9 popt\u00e1vky pros\u00edm uve\u010fte pot\u0159ebn\u00e9 informace pro cenovou nab\u00eddku jako<\/strong>: mno\u017estv\u00ed, materi\u00e1l, velikost, barevn\u00e9 proveden\u00ed nebo kombinaci barev, dobu dod\u00e1n\u00ed. V\u0161echny tyto informace n\u00e1m pomohou k rychlej\u0161\u00edmu zpracov\u00e1n\u00ed cenov\u00e9 nab\u00eddky pr\u00e1v\u011b pro V\u00e1s.<\/p>\n<p>T\u011b\u0161\u00edme se na spolupr\u00e1ci! Team Gifts Service<\/p>\n<\/div>\n<p>_________________________________________________________________________<\/p>\n<p>Available languages:<\/p>\n<p><a title=\"Promotinal Blooming tea\" href=\"http:\/\/www.blooming-tea.biz\/\" target=\"_blank\">Blooming tea<\/a>\u00a0\u00a0<a title=\"Rekl\u00e1m vir\u00e1gz\u00f3 te\u00e1k\" href=\"http:\/\/viragzo-tea.hu\/\" target=\"_blank\">Rekl\u00e1m vir\u00e1gz\u00f3 te\u00e1k<\/a>\u00a0\u00a0<a title=\"Bl\u00fctentee \" href=\"http:\/\/www.blumen-tee.de\/\" target=\"_blank\">Bl\u00fctentee<\/a>\u00a0\u00a0<a title=\"Kwitn\u0105ca herbata\" href=\"http:\/\/www.kwitnaca-herbata.pl\/\" target=\"_blank\">Kwitn\u0105ca herbata<\/a>\u00a0\u00a0<a title=\"Ceai blooming artizanal\" href=\"http:\/\/www.ceaiuri-artizanale.ro\/\" target=\"_blank\">Ceai blooming artizanal<\/a><\/p>\n","protected":false},"excerpt":{"rendered":"<p>KVETOUC\u00cd \u010cAJE NA ZAK\u00c1ZKU Co jsou vlastn\u011b kvetouc\u00ed \u010daje? Kvetouc\u00ed \u010daje\u00a0jsou \u010daje pevn\u011b sv\u00e1zan\u00e9 do kuli\u010dky, kter\u00e1 se po um\u00edst\u011bn\u00ed do hork\u00e9 vody kr\u00e1sn\u011b rozvine a odhal\u00ed kv\u011bt nebo kouzelnou vazbu \u010dajov\u00fdch l\u00edstk\u016f. Nab\u00edz\u00edme\u00a0kvetouc\u00ed \u010daje\u00a0mnoha typ\u016f v\u010detn\u011b koule, houby nebo &hellip; <a href=\"https:\/\/predmetyreklamni.eu\/vyrobce\/sk\/kvetouci-caje-na-zakazku\/\">Continue reading <span class=\"meta-nav\">&rarr;<\/span><\/a><\/p>\n","protected":false},"author":1,"featured_media":0,"parent":0,"menu_order":10,"comment_status":"closed","ping_status":"closed","template":"sidebar-page.php","meta":[],"_links":{"self":[{"href":"https:\/\/predmetyreklamni.eu\/vyrobce\/sk\/wp-json\/wp\/v2\/pages\/1780"}],"collection":[{"href":"https:\/\/predmetyreklamni.eu\/vyrobce\/sk\/wp-json\/wp\/v2\/pages"}],"about":[{"href":"https:\/\/predmetyreklamni.eu\/vyrobce\/sk\/wp-json\/wp\/v2\/types\/page"}],"author":[{"embeddable":true,"href":"https:\/\/predmetyreklamni.eu\/vyrobce\/sk\/wp-json\/wp\/v2\/users\/1"}],"replies":[{"embeddable":true,"href":"https:\/\/predmetyreklamni.eu\/vyrobce\/sk\/wp-json\/wp\/v2\/comments?post=1780"}],"version-history":[{"count":32,"href":"https:\/\/predmetyreklamni.eu\/vyrobce\/sk\/wp-json\/wp\/v2\/pages\/1780\/revisions"}],"predecessor-version":[{"id":4174,"href":"https:\/\/predmetyreklamni.eu\/vyrobce\/sk\/wp-json\/wp\/v2\/pages\/1780\/revisions\/4174"}],"wp:attachment":[{"href":"https:\/\/predmetyreklamni.eu\/vyrobce\/sk\/wp-json\/wp\/v2\/media?parent=1780"}],"curies":[{"name":"wp","href":"https:\/\/api.w.org\/{rel}","templated":true}]}}