{"id":18,"date":"2013-03-19T14:30:35","date_gmt":"2013-03-19T14:30:35","guid":{"rendered":"http:\/\/predmetyreklamni.eu\/vyrobce\/?page_id=18"},"modified":"2020-04-21T06:04:45","modified_gmt":"2020-04-21T06:04:45","slug":"darkove-magnetky-na-zakazku","status":"publish","type":"page","link":"https:\/\/predmetyreklamni.eu\/vyrobce\/sk\/darkove-magnetky-na-zakazku\/","title":{"rendered":"D\u00e1rkov\u00e9 magnetky na zak\u00e1zku"},"content":{"rendered":"<h1 style=\"text-align: justify;\">D\u00c1RKOV\u00c9 MAGNETKY NA ZAK\u00c1ZKU<\/h1>\n<h2 style=\"text-align: justify;\">D\u00e1rkov\u00e9 magnetky na zak\u00e1zku<\/h2>\n<p style=\"text-align: justify;\">Pokud chcete sv\u00e9 z\u00e1kazn\u00edky a obchodn\u00ed partnery oslovit n\u011b\u010d\u00edm netradi\u010dn\u00edm, pak d\u00e1rkov\u00e9 magnetky, kter\u00e9 V\u00e1m na zak\u00e1zku vyrob\u00edme jsou tou spr\u00e1vnou volbou. D\u00e1rkov\u00e9 magnetky jsou nen\u00e1padn\u00fdm a \u00fa\u010dinn\u00fdm reklamn\u00edm n\u00e1strojem. D\u00e1rkov\u00e9 magnetky V\u00e1m vyrob\u00edme na zak\u00e1zku p\u0159esn\u011b dle Va\u0161eho n\u00e1vrhu, tak\u017ee pomoc\u00ed d\u00e1rkov\u00e9 magnetky m\u016f\u017eete vyj\u00e1d\u0159it postoj firmy \u010di c\u00edle Va\u0161\u00ed spole\u010dnosti. Fantazii se meze t\u00e9m\u011b\u0159 nekladou a Vy si m\u016f\u017eete nechat na zak\u00e1zku vyrobit d\u00e1rkov\u00e9 magnetky, kter\u00e9 budou p\u0159esn\u011b vystihovat Va\u0161\u00ed spole\u010dnost.<\/p>\n<p style=\"text-align: justify;\">D\u00e1rkov\u00e9 magnetky na zak\u00e1zku obvykle nesou jm\u00e9no, logo firmy, slogan \u010di nab\u00edzen\u00e9 slu\u017eby. V z\u00e1vislosti na Va\u0161em rozpo\u010dtu je nutn\u00e9 zvolit vhodn\u00fd materi\u00e1l, velikost a barevnosti d\u00e1rkov\u00e9 magnetky. N\u00ed\u017ee se V\u00e1m pokus\u00edme p\u0159edstavit n\u011bkolik p\u0159\u00edklad\u016f d\u00e1rkov\u00e9 magnetky, kterou jsme na zak\u00e1zku vyr\u00e1b\u011bli.<\/p>\n<h2 style=\"text-align: justify;\">D\u00e1rkov\u00e9 lenticul\u00e1rn\u00ed magnetky s otv\u00edr\u00e1kem na zak\u00e1zku<\/h2>\n<p style=\"text-align: justify;\">D\u00e1rkov\u00e9 magnetky jsou na zak\u00e1zku vyrobeny s 3D lenticul\u00e1rn\u00edm povrchem, magnetem na zadn\u00ed stran\u011b a tak\u00e9 kovov\u00fdm otv\u00edr\u00e1kem lahv\u00ed. D\u00e1rkov\u00e9 magnetky pro milovn\u00edky lahvov\u00e9ho piva, kte\u0159\u00ed Va\u0161e logo \u010di slogan uvid\u00ed u ka\u017ed\u00e9ho otv\u00edr\u00e1n\u00ed l\u00e1hve.<\/p>\n<p style=\"text-align: justify;\"><a href=\"http:\/\/predmetyreklamni.eu\/vyrobce\/wp-content\/uploads\/D\u00e1rkov\u00e1-lenticul\u00e1rn\u00ed-magnetka-s-otv\u00edr\u00e1kem.jpg\"><img decoding=\"async\" loading=\"lazy\" class=\"size-thumbnail wp-image-138   alignleft\" title=\"D\u00e1rkov\u00e1 lenticul\u00e1rn\u00ed magnetka s otv\u00edr\u00e1kem\" alt=\"D\u00e1rkov\u00e1 lenticul\u00e1rn\u00ed magnetka s otv\u00edr\u00e1kem\" src=\"http:\/\/predmetyreklamni.eu\/vyrobce\/wp-content\/uploads\/D\u00e1rkov\u00e1-lenticul\u00e1rn\u00ed-magnetka-s-otv\u00edr\u00e1kem-150x150.jpg\" width=\"150\" height=\"150\" srcset=\"https:\/\/predmetyreklamni.eu\/vyrobce\/wp-content\/uploads\/D\u00e1rkov\u00e1-lenticul\u00e1rn\u00ed-magnetka-s-otv\u00edr\u00e1kem-150x150.jpg 150w, https:\/\/predmetyreklamni.eu\/vyrobce\/wp-content\/uploads\/D\u00e1rkov\u00e1-lenticul\u00e1rn\u00ed-magnetka-s-otv\u00edr\u00e1kem.jpg 200w\" sizes=\"(max-width: 150px) 100vw, 150px\" \/><\/a><\/p>\n<p style=\"text-align: justify;\"><span style=\"color: #000000; text-align: justify;\"><strong><br \/>\nMateri\u00e1l<\/strong>: lenticul\u00e1rn\u00ed obr\u00e1zek, kov a magnet<br \/>\n<\/span><span style=\"color: #000000; text-align: justify;\"><strong>Rozm\u011bry\u00a0<\/strong>: \u00d8\u00a05.8cm (velikost a tvar na zak\u00e1zku\u00fa<br \/>\n<\/span><strong>Potisk<\/strong>:\u00a0na zak\u00e1zku dle Pantone\u00a9 vzorn\u00edku<br \/>\n<strong>Min objedn\u00e1vka<\/strong>: 1000ks<br \/>\n<strong>Cena<\/strong>:\u00a0<a title=\"ZASLAT POPT\u00c1VKU\" href=\"mailto:info@predmetyreklamni.eu\">ZASLAT POPT\u00c1VKU\u00a0<\/a><\/p>\n<h2 style=\"text-align: justify;\"><\/h2>\n<h2 style=\"text-align: justify;\">D\u00e1rkov\u00e9 magnetky \u00a0z\u00e1lo\u017eky do kn\u00ed\u017eky magnetick\u00e9<\/h2>\n<p style=\"text-align: justify;\">D\u00e1rkov\u00e9 magnetky jako magnetick\u00e9 z\u00e1lo\u017eky do kn\u00ed\u017eky, kter\u00e9 obepnout str\u00e1nku knihy, katalogu nebo je m\u016f\u017eete prost\u011b jen p\u0159ipnout na let\u00e1k, vizitku. \u0160koly, knihovny, studovny mohou m\u00edt Va\u0161e d\u00e1rkov\u00e9 magnetky spolu s logem Va\u0161\u00ed firmy. D\u00e1rkov\u00e9 magnetky jsou origin\u00e1ln\u00edm d\u00e1rkem.<\/p>\n<p style=\"text-align: justify;\"><a href=\"http:\/\/predmetyreklamni.eu\/vyrobce\/wp-content\/uploads\/D\u00e1rkov\u00e9-magnetky-z\u00e1lo\u017eka-do-kn\u00ed\u017eky-magnetick\u00e1.jpg\"><img decoding=\"async\" loading=\"lazy\" class=\"size-thumbnail wp-image-144 alignleft\" title=\"D\u00e1rkov\u00e9 magnetky v\u00fdrobce\" alt=\"D\u00e1rkov\u00e9 magnetky v\u00fdrobce\" src=\"http:\/\/predmetyreklamni.eu\/vyrobce\/wp-content\/uploads\/D\u00e1rkov\u00e9-magnetky-z\u00e1lo\u017eka-do-kn\u00ed\u017eky-magnetick\u00e1-150x150.jpg\" width=\"150\" height=\"150\" srcset=\"https:\/\/predmetyreklamni.eu\/vyrobce\/wp-content\/uploads\/D\u00e1rkov\u00e9-magnetky-z\u00e1lo\u017eka-do-kn\u00ed\u017eky-magnetick\u00e1-150x150.jpg 150w, https:\/\/predmetyreklamni.eu\/vyrobce\/wp-content\/uploads\/D\u00e1rkov\u00e9-magnetky-z\u00e1lo\u017eka-do-kn\u00ed\u017eky-magnetick\u00e1.jpg 200w\" sizes=\"(max-width: 150px) 100vw, 150px\" \/><\/a><\/p>\n<p style=\"text-align: justify;\"><strong>Materi\u00e1l<\/strong>: laminovan\u00fd pap\u00edr a magnet (0.5-1.5mm)<br \/>\n<strong>Rozm\u011bry<\/strong>: 4x24cm (velikost a tvar na zak\u00e1zku)<br \/>\n<strong>Potisk<\/strong>:\u00a0na zak\u00e1zku dle Pantone\u00a9 vzorn\u00edku<br \/>\n<strong>Min objedn\u00e1vka<\/strong>: 500ks<br \/>\n<strong>Cena<\/strong>:\u00a0<a title=\"ZASLAT POPT\u00c1VKU\" href=\"mailto:info@predmetyreklamni.eu\">ZASLAT POPT\u00c1VKU\u00a0<\/a><\/p>\n<h2 style=\"text-align: justify;\"><strong>D\u00e1rkov\u00e9 magnetky s pozn\u00e1mkov\u00fdm blo\u010dkem<br \/>\n<\/strong><\/h2>\n<p style=\"text-align: justify;\">D\u00e1rkov\u00e9 magnetky s pozn\u00e1mkov\u00fdm blo\u010dkem, kdy magnetka i blo\u010dek m\u016f\u017ee b\u00fdt na zak\u00e1zku jak\u00e9hokoliv tvaru. D\u00e1rkov\u00e9 magnetky mohou b\u00fdt samoz\u0159ejm\u011b opat\u0159eny potiskem dle Va\u0161eho zad\u00e1n\u00ed. Tyto d\u00e1rkov\u00e9 magnetky s pozn\u00e1mkov\u00fdm blo\u010dkem a malou tu\u017ekou jsou velice obl\u00edben\u00fd reklamn\u00ed p\u0159edm\u011bt.<\/p>\n<p style=\"text-align: justify;\"><a href=\"http:\/\/predmetyreklamni.eu\/vyrobce\/wp-content\/uploads\/D\u00e1rkov\u00e9-magnetky-s-pozn\u00e1mkov\u00fdm-blo\u010dkem.jpg\"><img decoding=\"async\" loading=\"lazy\" class=\"size-thumbnail wp-image-148 alignleft\" title=\"D\u00e1rkov\u00e9 magnetky s pozn\u00e1mkov\u00fdm blo\u010dkem\" alt=\"D\u00e1rkov\u00e9 magnetky s pozn\u00e1mkov\u00fdm blo\u010dkem\" src=\"http:\/\/predmetyreklamni.eu\/vyrobce\/wp-content\/uploads\/D\u00e1rkov\u00e9-magnetky-s-pozn\u00e1mkov\u00fdm-blo\u010dkem-150x150.jpg\" width=\"150\" height=\"150\" srcset=\"https:\/\/predmetyreklamni.eu\/vyrobce\/wp-content\/uploads\/D\u00e1rkov\u00e9-magnetky-s-pozn\u00e1mkov\u00fdm-blo\u010dkem-150x150.jpg 150w, https:\/\/predmetyreklamni.eu\/vyrobce\/wp-content\/uploads\/D\u00e1rkov\u00e9-magnetky-s-pozn\u00e1mkov\u00fdm-blo\u010dkem.jpg 200w\" sizes=\"(max-width: 150px) 100vw, 150px\" \/><\/a><\/p>\n<p style=\"text-align: justify;\"><strong>Materi\u00e1l<\/strong>: pap\u00edr, laminovan\u00fd pap\u00edr nebo pap\u00edr zalit\u00fd prysky\u0159ic\u00ed<br \/>\n<strong>Rozm\u011bry<\/strong>:\u00a014x10cm\u00a0a magnet (0.5-1.5mm) (velikost a tvar na zak\u00e1zku)<br \/>\n<strong>Potisk<\/strong>:\u00a0na zak\u00e1zku dle Pantone\u00a9 vzorn\u00edku<br \/>\n<strong>Min objedn\u00e1vka<\/strong>: 1000ks<br \/>\n<strong>Cena<\/strong>:\u00a0<a title=\"ZASLAT POPT\u00c1VKU\" href=\"mailto:info@predmetyreklamni.eu\">ZASLAT POPT\u00c1VKU\u00a0<\/a><\/p>\n<h2 style=\"text-align: justify;\">D\u00e1rkov\u00e9 magnetky s foto r\u00e1me\u010dkem<\/h2>\n<p style=\"text-align: justify;\">Pro v\u00fdrobu d\u00e1rkov\u00e9 magnetky s foto r\u00e1me\u010dkem lze pou\u017e\u00edt pap\u00edr zalit\u00fd prysky\u0159ic\u00ed nebo PVC. Oba tyto materi\u00e1ly mohou b\u00fdt poti\u0161t\u011bny logem \u010di zna\u010dkou firmy, sloganem nebo informacemi. D\u00e1rkov\u00e9 magnetky s foto r\u00e1me\u010dkem jsou perfektn\u00ed reklamn\u00ed p\u0159edm\u011bt, kter\u00fd p\u0159ed\u00e1 pot\u0159ebn\u00e9 informace z\u00e1kazn\u00edkovi a z\u00e1rove\u0148 jej upot\u0159eb\u00ed jako r\u00e1me\u010dek pro fotografii.<\/p>\n<p style=\"text-align: justify;\"><a href=\"http:\/\/predmetyreklamni.eu\/vyrobce\/wp-content\/uploads\/D\u00e1rkov\u00e9-magnetky-s-fotor\u00e1me\u010dkem.jpg\"><img decoding=\"async\" loading=\"lazy\" class=\"size-thumbnail wp-image-152 alignleft\" title=\"D\u00e1rkov\u00e9 magnetky s fotor\u00e1me\u010dkem\" alt=\"D\u00e1rkov\u00e9 magnetky s fotor\u00e1me\u010dkem\" src=\"http:\/\/predmetyreklamni.eu\/vyrobce\/wp-content\/uploads\/D\u00e1rkov\u00e9-magnetky-s-fotor\u00e1me\u010dkem-150x150.jpg\" width=\"150\" height=\"150\" srcset=\"https:\/\/predmetyreklamni.eu\/vyrobce\/wp-content\/uploads\/D\u00e1rkov\u00e9-magnetky-s-fotor\u00e1me\u010dkem-150x150.jpg 150w, https:\/\/predmetyreklamni.eu\/vyrobce\/wp-content\/uploads\/D\u00e1rkov\u00e9-magnetky-s-fotor\u00e1me\u010dkem.jpg 200w\" sizes=\"(max-width: 150px) 100vw, 150px\" \/><\/a><\/p>\n<p style=\"text-align: justify;\"><strong>Materi\u00e1l<\/strong>: laminovan\u00fd pap\u00edr nebo zalit\u00fd prysky\u0159ic\u00ed (0.5-1.5mm), p\u0159i PVC libovoln\u00e1 s\u00edla<br \/>\n<strong>Rozm\u011bry<\/strong>: 10 x 17cm (velikost s tvar na zak\u00e1zku)<br \/>\n<strong>Potisk<\/strong>:\u00a0na zak\u00e1zku dle Pantone\u00a9 vzorn\u00edku<br \/>\n<strong>Min objedn\u00e1vka<\/strong>: 1000ks<br \/>\n<strong>Cena<\/strong>:\u00a0<a title=\"ZASLAT POPT\u00c1VKU\" href=\"mailto:info@predmetyreklamni.eu\">ZASLAT POPT\u00c1VKU\u00a0<\/a><\/p>\n<h2 style=\"text-align: justify;\">D\u00e1rkov\u00e9 magnetky popisovac\u00ed tabule s tu\u017ekou<\/h2>\n<p style=\"text-align: justify;\">D\u00e1rkov\u00e9 magnetky mohou b\u00fdt ve form\u011b mini magnetick\u00e9 popisovac\u00ed tabule s tu\u017ekou a gumou. Tyto tenk\u00e9 a lehk\u00e9 d\u00e1rkov\u00e9 magnetky jsou jednodu\u0161\u0161\u00ed variantou, pokud chcete pozn\u00e1mkov\u00e9 magnetky. D\u00e1rkov\u00e9 magnetky popisovac\u00ed tabule s tu\u017ekou a gumou jsou velmi dob\u0159e a vyu\u017eiteln\u00e9 v kancel\u00e1\u0159\u00edch i dom\u00e1cnostech. Povrch psac\u00ed \u010d\u00e1sti d\u00e1rkov\u00e9 magnetky je laminov\u00e1n PP.<\/p>\n<p style=\"text-align: justify;\"><a href=\"http:\/\/predmetyreklamni.eu\/vyrobce\/wp-content\/uploads\/D\u00e1rkov\u00e9-magnetky-popisovac\u00ed-tabule-s-tu\u017ekou.jpg\"><img decoding=\"async\" loading=\"lazy\" class=\"alignleft size-thumbnail wp-image-155\" title=\"D\u00e1rkov\u00e9 magnetky popisovac\u00ed tabule s tu\u017ekou\" alt=\"D\u00e1rkov\u00e9 magnetky popisovac\u00ed tabule s tu\u017ekou\" src=\"http:\/\/predmetyreklamni.eu\/vyrobce\/wp-content\/uploads\/D\u00e1rkov\u00e9-magnetky-popisovac\u00ed-tabule-s-tu\u017ekou-150x150.jpg\" width=\"150\" height=\"150\" srcset=\"https:\/\/predmetyreklamni.eu\/vyrobce\/wp-content\/uploads\/D\u00e1rkov\u00e9-magnetky-popisovac\u00ed-tabule-s-tu\u017ekou-150x150.jpg 150w, https:\/\/predmetyreklamni.eu\/vyrobce\/wp-content\/uploads\/D\u00e1rkov\u00e9-magnetky-popisovac\u00ed-tabule-s-tu\u017ekou.jpg 200w\" sizes=\"(max-width: 150px) 100vw, 150px\" \/><\/a> <strong>Materi\u00e1l<\/strong>: laminovan\u00fd pap\u00edr nebo zalit\u00fd prysky\u0159ic\u00ed (0.5-1.5mm)<br \/>\n<strong>Rozm\u011bry<\/strong>: 20x25cm (velikost s tvar na zak\u00e1zku)<br \/>\n<strong>Potisk<\/strong>:\u00a0na zak\u00e1zku dle Pantone\u00a9 vzorn\u00edku<br \/>\n<strong>Min objedn\u00e1vka<\/strong>: 1000ks<br \/>\n<strong>Cena<\/strong>:\u00a0<a title=\"ZASLAT POPT\u00c1VKU\" href=\"mailto:info@predmetyreklamni.eu\">ZASLAT POPT\u00c1VKU\u00a0<\/a><\/p>\n<p style=\"text-align: justify;\">Chcete si nechat vyrobit vlastn\u00ed reklamn\u00ed magnetky? Kontaktujte n\u00e1s pro cenovou nab\u00eddku na emailu:<a href=\"mailto:info@predmetyreklamni.eu\">\u00a0info@predmetyreklamni.eu<\/a><\/p>\n<p style=\"text-align: justify;\"><strong>Do cenov\u00e9 popt\u00e1vky pros\u00edm uve\u010fte pot\u0159ebn\u00e9 informace pro cenovou nab\u00eddku jako<\/strong>: mno\u017estv\u00ed, materi\u00e1l, velikost reklamn\u00ed magnetky, barevn\u00e9 proveden\u00ed nebo kombinaci barev, dobu dod\u00e1n\u00ed. V\u0161echny tyto informace n\u00e1m pomohou k rychlej\u0161\u00edmu zpracov\u00e1n\u00ed cenov\u00e9 nab\u00eddky pr\u00e1v\u011b pro V\u00e1s.<\/p>\n<p style=\"text-align: justify;\">T\u011b\u0161\u00edme se na spolupr\u00e1ci! Team Gifts Service<\/p>\n","protected":false},"excerpt":{"rendered":"<p>D\u00c1RKOV\u00c9 MAGNETKY NA ZAK\u00c1ZKU D\u00e1rkov\u00e9 magnetky na zak\u00e1zku Pokud chcete sv\u00e9 z\u00e1kazn\u00edky a obchodn\u00ed partnery oslovit n\u011b\u010d\u00edm netradi\u010dn\u00edm, pak d\u00e1rkov\u00e9 magnetky, kter\u00e9 V\u00e1m na zak\u00e1zku vyrob\u00edme jsou tou spr\u00e1vnou volbou. D\u00e1rkov\u00e9 magnetky jsou nen\u00e1padn\u00fdm a \u00fa\u010dinn\u00fdm reklamn\u00edm n\u00e1strojem. D\u00e1rkov\u00e9 magnetky &hellip; <a href=\"https:\/\/predmetyreklamni.eu\/vyrobce\/sk\/darkove-magnetky-na-zakazku\/\">Continue reading <span class=\"meta-nav\">&rarr;<\/span><\/a><\/p>\n","protected":false},"author":1,"featured_media":0,"parent":0,"menu_order":11,"comment_status":"closed","ping_status":"closed","template":"sidebar-page.php","meta":[],"_links":{"self":[{"href":"https:\/\/predmetyreklamni.eu\/vyrobce\/sk\/wp-json\/wp\/v2\/pages\/18"}],"collection":[{"href":"https:\/\/predmetyreklamni.eu\/vyrobce\/sk\/wp-json\/wp\/v2\/pages"}],"about":[{"href":"https:\/\/predmetyreklamni.eu\/vyrobce\/sk\/wp-json\/wp\/v2\/types\/page"}],"author":[{"embeddable":true,"href":"https:\/\/predmetyreklamni.eu\/vyrobce\/sk\/wp-json\/wp\/v2\/users\/1"}],"replies":[{"embeddable":true,"href":"https:\/\/predmetyreklamni.eu\/vyrobce\/sk\/wp-json\/wp\/v2\/comments?post=18"}],"version-history":[{"count":30,"href":"https:\/\/predmetyreklamni.eu\/vyrobce\/sk\/wp-json\/wp\/v2\/pages\/18\/revisions"}],"predecessor-version":[{"id":113,"href":"https:\/\/predmetyreklamni.eu\/vyrobce\/sk\/wp-json\/wp\/v2\/pages\/18\/revisions\/113"}],"wp:attachment":[{"href":"https:\/\/predmetyreklamni.eu\/vyrobce\/sk\/wp-json\/wp\/v2\/media?parent=18"}],"curies":[{"name":"wp","href":"https:\/\/api.w.org\/{rel}","templated":true}]}}