{"id":1851,"date":"2013-09-26T18:53:41","date_gmt":"2013-09-26T18:53:41","guid":{"rendered":"http:\/\/predmetyreklamni.eu\/vyrobce\/?page_id=1851"},"modified":"2020-04-21T06:04:45","modified_gmt":"2020-04-21T06:04:45","slug":"kvetinove-caje-darkove-sety-a-baleni-s-potiskem","status":"publish","type":"page","link":"https:\/\/predmetyreklamni.eu\/vyrobce\/sk\/kvetinove-caje-darkove-sety-a-baleni-s-potiskem\/","title":{"rendered":"Kv\u011btinov\u00e9 \u010daje d\u00e1rkov\u00e9 sety a balen\u00ed s potiskem"},"content":{"rendered":"<h1>KV\u011aTINOV\u00c9 \u010cAJE A D\u00c1RKOV\u00c9 SETY A BALEN\u00cd S POTISKEM<\/h1>\n<h2>D\u00e1rkov\u00e9 sety a balen\u00ed s potiskem na zak\u00e1zku pro Va\u0161e kv\u011btinov\u00e9 \u010daje<\/h2>\n<p style=\"text-align: justify;\">Na\u0161e spole\u010dnost V\u00e1m krom\u011b skv\u011bl\u00e9ho n\u00e1poje z kv\u011btinov\u00e9ho \u010daje\u00a0a pot\u011bchy oka nab\u00edz\u00ed tak\u00e9 skv\u011blou reklamn\u00ed p\u0159\u00edle\u017eitost. D\u00e1rkov\u00e9 balen\u00ed\u00a0pro kv\u011btinov\u00e9 \u010daje\u00a0m\u016f\u017ee b\u00fdt ozna\u010deno Va\u0161\u00edm logem, aby se tak ka\u017ed\u00fd kus kv\u011btinov\u00e9ho \u010daje\u00a0stal Va\u0161\u00ed reklamou. Kv\u011btinov\u00e9 \u010daje tak budou skv\u011bl\u00fd reklamn\u00ed d\u00e1rek vhodn\u00fd pro ka\u017edou p\u0159\u00edle\u017eitost. Jednotliv\u00e9 balen\u00ed kv\u011btinov\u00e9ho \u010daje m\u016f\u017ee b\u00fdt opat\u0159eno potiskem dle Va\u0161eho zad\u00e1n\u00ed. Vyberte si z n\u00e1sleduj\u00edc\u00ed nab\u00eddky bal\u00edc\u00edch materi\u00e1l\u016f pro Va\u0161e\u00a0kv\u011btinov\u00e9 \u010daje. M\u016f\u017eete si tak\u00e9 zvolit kolik kus\u016f bude obsahovat balen\u00ed kv\u011btinov\u00e9ho \u010daje.<\/p>\n<h2 style=\"text-align: justify;\">Kv\u011btinov\u00e9 \u010daje vakuov\u00e9 aluminiov\u00e9 balen\u00ed<\/h2>\n<p><a href=\"http:\/\/predmetyreklamni.eu\/vyrobce\/wp-content\/uploads\/Kv\u011btinov\u00e9-\u010daje-vakuov\u00e9-aluminiov\u00e9-balen\u00ed.jpg\"><img decoding=\"async\" loading=\"lazy\" class=\"alignleft  wp-image-1857\" title=\"Kv\u011btinov\u00e9 \u010daje vakuov\u00e9 aluminiov\u00e9 balen\u00ed\" alt=\"Kv\u011btinov\u00e9 \u010daje vakuov\u00e9 aluminiov\u00e9 balen\u00ed\" src=\"http:\/\/predmetyreklamni.eu\/vyrobce\/wp-content\/uploads\/Kv\u011btinov\u00e9-\u010daje-vakuov\u00e9-aluminiov\u00e9-balen\u00ed.jpg\" width=\"240\" height=\"159\" \/><\/a><\/p>\n<p style=\"text-align: justify;\">Balen\u00ed pro kv\u011btinov\u00e9 \u010daje je vakuov\u00e9 v aluminiov\u00e9 f\u00f3lii. Toto balen\u00ed\u00a0umo\u017e\u0148uje zachovat p\u016fvodn\u00ed chu\u0165 i v\u016fni a Vy tak budete moci vychutnat \u010derstvost a jemn\u00e9 nuance kv\u011btinov\u00e9ho \u010daje.\u00a0\u00a0Kv\u011btinov\u00e9 \u010daje\u00a0jsou skv\u011bl\u00fd drobn\u00fd d\u00e1rek a reklamn\u00ed p\u0159edm\u011bt, kter\u00fd zaru\u010den\u011b nikoho neuraz\u00ed.<\/p>\n<h2>Kv\u011btinov\u00e9 \u010daje vakuov\u00e9 pr\u016fhledn\u00e9 balen\u00ed<\/h2>\n<p style=\"text-align: justify;\"><a href=\"http:\/\/predmetyreklamni.eu\/vyrobce\/wp-content\/uploads\/Kv\u011btinov\u00e9-\u010daje-vakuov\u00e9-pr\u016fhledn\u00e9-balen\u00ed.jpg\"><img decoding=\"async\" loading=\"lazy\" class=\"alignleft  wp-image-1859\" title=\"Kv\u011btinov\u00e9 \u010daje vakuov\u00e9 pr\u016fhledn\u00e9 balen\u00ed\" alt=\"Kv\u011btinov\u00e9 \u010daje vakuov\u00e9 pr\u016fhledn\u00e9 balen\u00ed\" src=\"http:\/\/predmetyreklamni.eu\/vyrobce\/wp-content\/uploads\/Kv\u011btinov\u00e9-\u010daje-vakuov\u00e9-pr\u016fhledn\u00e9-balen\u00ed.jpg\" width=\"240\" height=\"180\" \/><\/a><\/p>\n<p style=\"text-align: justify;\">Va\u0161e kv\u011btinov\u00e9 \u010daje budou v tomto p\u0159\u00edpad\u011b chr\u00e1n\u011bny pomoc\u00ed vakuov\u00e9ho pr\u016fhledn\u00e9ho balen\u00ed. Toto balen\u00ed takt\u00e9\u017e umo\u017e\u0148uje zachovat p\u016fvodn\u00ed chu\u0165 i v\u016fni kv\u011btinov\u00e9ho \u010daje po dlouhou dobu. D\u00edky tomuto pr\u016fhledn\u00e9mu balen\u00ed\u00a0nikomu neunikne V\u00e1\u0161 skv\u011bl\u00fd n\u00e1pad darovat kv\u011btinov\u00e9 \u010daje.<\/p>\n<p>&nbsp;<\/p>\n<h2>\u00a0<span style=\"color: #000000; font-weight: bold;\">Kv\u011btinov\u00e9 \u010daje balen\u00ed s vlastn\u00edm potiskem<\/span><\/h2>\n<p style=\"text-align: justify;\"><a href=\"http:\/\/predmetyreklamni.eu\/vyrobce\/wp-content\/uploads\/Kv\u011btinov\u00e9-\u010daje-balen\u00ed-s-vlastn\u00edm-potiskem.jpg\"><img decoding=\"async\" loading=\"lazy\" class=\"alignleft  wp-image-1861\" title=\"Kv\u011btinov\u00e9 \u010daje balen\u00ed s vlastn\u00edm potiskem\" alt=\"Kv\u011btinov\u00e9 \u010daje balen\u00ed s vlastn\u00edm potiskem\" src=\"http:\/\/predmetyreklamni.eu\/vyrobce\/wp-content\/uploads\/Kv\u011btinov\u00e9-\u010daje-balen\u00ed-s-vlastn\u00edm-potiskem-300x225.jpg\" width=\"240\" height=\"180\" srcset=\"https:\/\/predmetyreklamni.eu\/vyrobce\/wp-content\/uploads\/Kv\u011btinov\u00e9-\u010daje-balen\u00ed-s-vlastn\u00edm-potiskem-300x225.jpg 300w, https:\/\/predmetyreklamni.eu\/vyrobce\/wp-content\/uploads\/Kv\u011btinov\u00e9-\u010daje-balen\u00ed-s-vlastn\u00edm-potiskem-400x300.jpg 400w, https:\/\/predmetyreklamni.eu\/vyrobce\/wp-content\/uploads\/Kv\u011btinov\u00e9-\u010daje-balen\u00ed-s-vlastn\u00edm-potiskem.jpg 420w\" sizes=\"(max-width: 240px) 100vw, 240px\" \/><\/a>Toto balen\u00ed pro Va\u0161e kv\u011btinov\u00e9 \u010daje nen\u00ed vakuov\u00e9 ov\u0161em umo\u017e\u0148uje opat\u0159it obal vlastn\u00edm potiskem dle Va\u0161eho n\u00e1vrhu. Vyu\u017eijte t\u00e9to skv\u011bl\u00e9 p\u0159\u00edle\u017eitosti a propaguje svoj\u00ed firmu. Nechte si opat\u0159it balen\u00ed kv\u011btinov\u00e9ho \u010daje vlastn\u00edm potiskem a z\u00edsk\u00e1te perfektn\u00ed a origin\u00e1ln\u00ed reklamn\u00ed p\u0159edm\u011bt pro Va\u0161\u00ed reklamn\u00ed kampa\u0148. Va\u0161i potencion\u00e1ln\u00ed z\u00e1kazn\u00edci tento d\u00e1rek jist\u011b ocen\u00ed.<\/p>\n<h2 style=\"text-align: justify;\">Kv\u011btinov\u00e9 \u010daje d\u00e1rkov\u00e9 sety<\/h2>\n<p style=\"text-align: justify;\">Prav\u00ed milovn\u00edci \u010daje v\u00ed, \u017ee kv\u011btinov\u00e9 \u010daje\u00a0mohou nab\u00eddnout jednu z nejslad\u0161\u00edch a nejjednodu\u0161\u0161\u00edch \u017eivotn\u00edch radost\u00ed.\u00a0Kv\u011btinov\u00e9 \u010daje\u00a0jsou skv\u011bl\u00fd reklamn\u00ed p\u0159edm\u011bt, kter\u00fd um\u00ed p\u0159it\u00e1hnout lidi, kte\u0159\u00ed um\u00ed ocenit v\u00fdborn\u00fd \u010daj. Nab\u00edz\u00edme proto tak\u00e9 d\u00e1rkov\u00e9 sety, kter\u00e9 obsahuj\u00ed kv\u011btinov\u00e9 \u010daje. Tyto d\u00e1rkov\u00e9 sety, jist\u011b upoutaj\u00ed pozornost a nab\u00eddnou v\u00fdb\u011br z kv\u011btinov\u00fdch \u010daj\u016f.<\/p>\n<h2 style=\"text-align: justify;\">Kv\u011btinov\u00e9 \u010daje d\u00e1rkov\u00e9 sety s potiskem<\/h2>\n<p style=\"text-align: justify;\"><a href=\"http:\/\/predmetyreklamni.eu\/vyrobce\/wp-content\/uploads\/Kv\u011btinov\u00e9-\u010daje-d\u00e1rkov\u00e9-sety-s-potiskem.jpg\"><img decoding=\"async\" loading=\"lazy\" class=\"alignleft  wp-image-1863\" title=\"Kv\u011btinov\u00e9 \u010daje d\u00e1rkov\u00e9 sety s potiskem\" alt=\"Kv\u011btinov\u00e9 \u010daje d\u00e1rkov\u00e9 sety s potiskem\" src=\"http:\/\/predmetyreklamni.eu\/vyrobce\/wp-content\/uploads\/Kv\u011btinov\u00e9-\u010daje-d\u00e1rkov\u00e9-sety-s-potiskem.jpg\" width=\"240\" height=\"180\" \/><\/a>Tyto d\u00e1rkov\u00e9 sety obsahuj\u00ed kv\u011btinov\u00e9 \u010daje jednoho druhu v po\u010dtu 10 ks a jednu sklen\u011bnou konvici. Tato konvice je vyrobena z jasn\u011b \u010dir\u00e9ho tvrzen\u00e9ho skla, co\u017e umo\u017en\u00ed vychutnat si pohled na rozv\u00edjej\u00edc\u00ed kv\u011btinov\u00e9 \u010daje. D\u00e1rkov\u00e9 sety kv\u011btinov\u00e9 \u010daje jsou perfektn\u00edm v\u00e1no\u010dn\u00edm d\u00e1rkem pro klienty, zam\u011bstnance \u010di obchodn\u00ed partnery.<br \/>\n<strong>Minim\u00e1ln\u00ed obj<\/strong>.: 300 ks<br \/>\n<strong>Cena<\/strong>:\u00a0<a href=\"mailto:info@predmetyreklamni.eu\">ZASLAT POPT\u00c1VKU<\/a><\/p>\n<p><span style=\"color: #000000; font-weight: bold;\">Kv\u011btinov\u00e9 \u010daje d\u00e1rkov\u00e9 sety v krabici s potiskem<\/span><\/p>\n<p><a href=\"http:\/\/predmetyreklamni.eu\/vyrobce\/wp-content\/uploads\/Kv\u011btinov\u00e9-\u010daje-d\u00e1rkov\u00e9-sety-v-krabici-s-potiskem.jpg\"><img decoding=\"async\" loading=\"lazy\" class=\"wp-image-1865 alignright\" title=\"Kv\u011btinov\u00e9 \u010daje d\u00e1rkov\u00e9 sety v krabici s potiskem\" alt=\"Kv\u011btinov\u00e9 \u010daje d\u00e1rkov\u00e9 sety v krabici s potiskem\" src=\"http:\/\/predmetyreklamni.eu\/vyrobce\/wp-content\/uploads\/Kv\u011btinov\u00e9-\u010daje-d\u00e1rkov\u00e9-sety-v-krabici-s-potiskem-300x227.jpg\" width=\"240\" height=\"182\" srcset=\"https:\/\/predmetyreklamni.eu\/vyrobce\/wp-content\/uploads\/Kv\u011btinov\u00e9-\u010daje-d\u00e1rkov\u00e9-sety-v-krabici-s-potiskem-300x227.jpg 300w, https:\/\/predmetyreklamni.eu\/vyrobce\/wp-content\/uploads\/Kv\u011btinov\u00e9-\u010daje-d\u00e1rkov\u00e9-sety-v-krabici-s-potiskem-394x300.jpg 394w, https:\/\/predmetyreklamni.eu\/vyrobce\/wp-content\/uploads\/Kv\u011btinov\u00e9-\u010daje-d\u00e1rkov\u00e9-sety-v-krabici-s-potiskem.jpg 945w\" sizes=\"(max-width: 240px) 100vw, 240px\" \/><\/a><\/p>\n<p style=\"text-align: justify;\">Tyto d\u00e1rkov\u00e9 sety obsahuj\u00ed r\u016fzn\u00e9 kv\u011btinov\u00e9 \u010daje v po\u010dtu 9 ks, kter\u00e9 jsou um\u00edst\u011bny v d\u00e1rkov\u00e9 d\u0159ev\u011bn\u00e9 krabi\u010dce. V\u00edko d\u00e1rkov\u00e9 krabi\u010dky m\u016f\u017ee b\u00fdt opat\u0159eno logem, a to bu\u010f potiskem nebo m\u016f\u017ee b\u00fdt vyryto laserem. D\u00e1rkov\u00e9 krabi\u010dky na kv\u011btinov\u00e9 \u010daje jsou \u010dtvercov\u00e9ho tvaru. D\u00e1rkov\u00e9 sety kv\u011btinov\u00e9ho \u010daje s potiskem se jist\u011b stanou nepostradateln\u00fdm prvkem Va\u0161\u00ed firemn\u00ed propagace.<br \/>\n<strong>Minim\u00e1ln\u00ed obj<\/strong>.: 300 ks<br \/>\n<strong>Cena<\/strong>:\u00a0<a href=\"mailto:info@predmetyreklamni.eu\">ZASLAT POPT\u00c1VKU<\/a><\/p>\n<p style=\"text-align: justify;\">Zaujala V\u00e1s na\u0161e nab\u00eddka? Kontaktujte n\u00e1s pro pro v\u00edce informac\u00ed a cenovou nab\u00eddku na emailu:<a href=\"mailto:info@predmetyreklamni.eu\">\u00a0info@predmetyreklamni.eu<\/a><\/p>\n<p style=\"text-align: justify;\">T\u011b\u0161\u00edme se na spolupr\u00e1ci! Team Gifts Service<\/p>\n","protected":false},"excerpt":{"rendered":"<p>KV\u011aTINOV\u00c9 \u010cAJE A D\u00c1RKOV\u00c9 SETY A BALEN\u00cd S POTISKEM D\u00e1rkov\u00e9 sety a balen\u00ed s potiskem na zak\u00e1zku pro Va\u0161e kv\u011btinov\u00e9 \u010daje Na\u0161e spole\u010dnost V\u00e1m krom\u011b skv\u011bl\u00e9ho n\u00e1poje z kv\u011btinov\u00e9ho \u010daje\u00a0a pot\u011bchy oka nab\u00edz\u00ed tak\u00e9 skv\u011blou reklamn\u00ed p\u0159\u00edle\u017eitost. D\u00e1rkov\u00e9 balen\u00ed\u00a0pro kv\u011btinov\u00e9 &hellip; <a href=\"https:\/\/predmetyreklamni.eu\/vyrobce\/sk\/kvetinove-caje-darkove-sety-a-baleni-s-potiskem\/\">Continue reading <span class=\"meta-nav\">&rarr;<\/span><\/a><\/p>\n","protected":false},"author":1,"featured_media":0,"parent":0,"menu_order":10,"comment_status":"closed","ping_status":"closed","template":"sidebar-page.php","meta":[],"_links":{"self":[{"href":"https:\/\/predmetyreklamni.eu\/vyrobce\/sk\/wp-json\/wp\/v2\/pages\/1851"}],"collection":[{"href":"https:\/\/predmetyreklamni.eu\/vyrobce\/sk\/wp-json\/wp\/v2\/pages"}],"about":[{"href":"https:\/\/predmetyreklamni.eu\/vyrobce\/sk\/wp-json\/wp\/v2\/types\/page"}],"author":[{"embeddable":true,"href":"https:\/\/predmetyreklamni.eu\/vyrobce\/sk\/wp-json\/wp\/v2\/users\/1"}],"replies":[{"embeddable":true,"href":"https:\/\/predmetyreklamni.eu\/vyrobce\/sk\/wp-json\/wp\/v2\/comments?post=1851"}],"version-history":[{"count":16,"href":"https:\/\/predmetyreklamni.eu\/vyrobce\/sk\/wp-json\/wp\/v2\/pages\/1851\/revisions"}],"predecessor-version":[{"id":4233,"href":"https:\/\/predmetyreklamni.eu\/vyrobce\/sk\/wp-json\/wp\/v2\/pages\/1851\/revisions\/4233"}],"wp:attachment":[{"href":"https:\/\/predmetyreklamni.eu\/vyrobce\/sk\/wp-json\/wp\/v2\/media?parent=1851"}],"curies":[{"name":"wp","href":"https:\/\/api.w.org\/{rel}","templated":true}]}}