{"id":2182,"date":"2013-10-11T13:43:12","date_gmt":"2013-10-11T13:43:12","guid":{"rendered":"http:\/\/predmetyreklamni.eu\/vyrobce\/?page_id=2182"},"modified":"2021-01-14T09:58:16","modified_gmt":"2021-01-14T09:58:16","slug":"reklamni-plasticke-samolepky","status":"publish","type":"page","link":"https:\/\/predmetyreklamni.eu\/vyrobce\/sk\/reklamni-plasticke-samolepky\/","title":{"rendered":"Reklamn\u00ed plastick\u00e9 samolepky"},"content":{"rendered":"<h1 style=\"text-align: justify;\">REKLAMN\u00cd PLASTICK\u00c9 SAMOLEPKY<\/h1>\n<h2 style=\"text-align: justify;\">Pro\u010d zvolit reklamn\u00ed plastick\u00e9 samolepky na zak\u00e1zku?<\/h2>\n<p style=\"text-align: justify;\">Reklamn\u00ed plastick\u00e9 samolepky na zak\u00e1zku vyu\u017eijete k polepov\u00e1n\u00ed libovoln\u00fdch p\u0159edm\u011bt\u016f, kter\u00e9 maj\u00ed nesav\u00fd a rovn\u00fd povrch. Doporu\u010dujeme odmastit v\u0161echny povrchy, na kter\u00e9 chcete reklamn\u00ed plastick\u00e9 samolepky nalepit. Pomoc\u00ed reklamn\u00ed plastick\u00e9 samolepky d\u00e1te t\u011bmto p\u0159edm\u011bt\u016fm nov\u00fd a netradi\u010dn\u00ed vzhled.<\/p>\n<ul style=\"text-align: justify;\">\n<li>atraktivn\u00ed a reprezentativn\u00ed vzhled<\/li>\n<li>rychl\u00e9 pou\u017eit\u00ed<\/li>\n<li>efektivn\u00ed propagace zna\u010dky<\/li>\n<li>libovoln\u00e9 tvary<\/li>\n<li>materi\u00e1ly s r\u016fzn\u00fdmi efekty<\/li>\n<li>n\u00edzk\u00e1 cena<\/li>\n<li>dlouh\u00e1 \u017eivotnost<\/li>\n<\/ul>\n<h2 style=\"text-align: justify;\">Reklamn\u00ed plastick\u00e9 samolepky na zak\u00e1zku video realizac\u00ed<\/h2>\n<p style=\"text-align: justify;\"><iframe loading=\"lazy\" src=\"\/\/www.youtube.com\/embed\/N02O_cKHV_A\" width=\"440\" height=\"300\" frameborder=\"0\"><\/iframe><\/p>\n<div style=\"text-align: justify;\"><\/div>\n<h2 style=\"text-align: justify;\">Reklamn\u00ed plastick\u00e9 samolepky firemn\u00ed loga<\/h2>\n<p style=\"text-align: justify;\">Reklamn\u00ed plastick\u00e9 samolepky mohou n\u00e9st firemn\u00ed loga a zna\u010dky. Reklamn\u00ed plastick\u00e9 samolepky na zak\u00e1zku V\u00e1m pomohou zv\u00fd\u0161it pov\u011bdom\u00ed o zna\u010dce a Vy se tak d\u00edky tomu m\u016f\u017eete prosadit na trhu. Firemn\u00ed loga na reklamn\u00ed plastick\u00e9 samolepky mohou b\u00fdt realizov\u00e1na jako plastick\u00e9 etikety pravideln\u00fdch tvaru, tvarovan\u00e9 plastick\u00e9 etikety nebo odd\u011blen\u00e9 plastick\u00e9 3D n\u00e1pisy a loga. Reklamn\u00ed plastick\u00e9 samolepky na zak\u00e1zku nab\u00edz\u00ed zpracov\u00e1n\u00ed bez limit\u016f na barvu, tvar a materi\u00e1l. D\u00edky UV st\u00e1losti barev nab\u00edz\u00ed tak\u00e9 dlouhou \u017eivotnost.<\/p>\n<p style=\"text-align: justify;\"><a href=\"http:\/\/predmetyreklamni.eu\/vyrobce\/wp-content\/uploads\/3D-samoplepky-firemn\u00ed-loga-v\u00fdrobce.jpg\"><img decoding=\"async\" loading=\"lazy\" class=\"alignleft size-full wp-image-2646\" title=\"3D logoprinty od v\u00fdrobce\" src=\"http:\/\/predmetyreklamni.eu\/vyrobce\/wp-content\/uploads\/3D-samoplepky-firemn\u00ed-loga-v\u00fdrobce.jpg\" alt=\"3D logoprinty od v\u00fdrobce\" width=\"499\" height=\"142\" srcset=\"https:\/\/predmetyreklamni.eu\/vyrobce\/wp-content\/uploads\/3D-samoplepky-firemn\u00ed-loga-v\u00fdrobce.jpg 499w, https:\/\/predmetyreklamni.eu\/vyrobce\/wp-content\/uploads\/3D-samoplepky-firemn\u00ed-loga-v\u00fdrobce-300x85.jpg 300w\" sizes=\"(max-width: 499px) 100vw, 499px\" \/><\/a><\/p>\n<p style=\"text-align: justify;\"><strong>Materi\u00e1l<\/strong>: b\u00edl\u00e9, barevn\u00e9, metalick\u00e9, karbonov\u00e9 f\u00f3lie s potiskem nebo na zak\u00e1zku dle zad\u00e1n\u00ed a zalit\u00ed epoxidovou prysky\u0159ic\u00ed (barvy dle Pantone\u00ae)<br \/>\n<strong>Potisk<\/strong>: digit\u00e1ln\u00ed tisk, s\u00edtotisk\u00a0(barvy dle Pantone\u00ae)<br \/>\n<strong>Rozm\u011bry a tvary<\/strong>: na zak\u00e1zku<br \/>\n<strong>Cena<\/strong>: <a href=\"mailto:info@predmetyreklamni.eu\">ZASLAT POPT\u00c1VKU<\/a><\/p>\n<h2 style=\"text-align: justify;\">Reklamn\u00ed plastick\u00e9 samolepky ve tvaru kole\u010dko<\/h2>\n<p style=\"text-align: justify;\">Reklamn\u00ed plastick\u00e9 samolepky na zak\u00e1zku ve tvaru kole\u010dko jsou rychl\u00fdm a jednoduch\u00fdm zp\u016fsobem jak ozna\u010dit nap\u0159\u00edklad sv\u00e9 reklamn\u00ed p\u0159edm\u011bty firemn\u00edm logem. Tyto plastick\u00e9 samolepky ve tvaru kole\u010dko vyu\u017eijete nap\u0159\u00edklad p\u0159i servisu elektroniky. Reklamn\u00ed kole\u010dko jednodu\u0161e nalep\u00edte na servisovan\u00fd p\u0159\u00edstroj a Va\u0161e logo maj\u00ed z\u00e1kazn\u00edci st\u00e1le na o\u010d\u00edch a pot\u0159ebn\u00fd kontakt v\u017edy po ruce.<\/p>\n<p style=\"text-align: justify;\"><a href=\"http:\/\/predmetyreklamni.eu\/vyrobce\/wp-content\/uploads\/Bez-n\u00e1zvu1.jpg\"><img decoding=\"async\" loading=\"lazy\" class=\"alignleft  wp-image-2647\" title=\"3D samolepky kole\u010dko na zak\u00e1zku\" src=\"http:\/\/predmetyreklamni.eu\/vyrobce\/wp-content\/uploads\/Bez-n\u00e1zvu1.jpg\" alt=\"3D samolepky kole\u010dko na zak\u00e1zku\" width=\"512\" height=\"197\" srcset=\"https:\/\/predmetyreklamni.eu\/vyrobce\/wp-content\/uploads\/Bez-n\u00e1zvu1.jpg 640w, https:\/\/predmetyreklamni.eu\/vyrobce\/wp-content\/uploads\/Bez-n\u00e1zvu1-300x115.jpg 300w, https:\/\/predmetyreklamni.eu\/vyrobce\/wp-content\/uploads\/Bez-n\u00e1zvu1-500x192.jpg 500w\" sizes=\"(max-width: 512px) 100vw, 512px\" \/><\/a><\/p>\n<p style=\"text-align: justify;\"><strong>Materi\u00e1l<\/strong>: b\u00edl\u00e9, barevn\u00e9, metalick\u00e9, karbonov\u00e9 f\u00f3lie s potiskem nebo na zak\u00e1zku dle zad\u00e1n\u00ed a zalit\u00ed epoxidovou prysky\u0159ic\u00ed (barvy dle Pantone\u00ae)<br \/>\n<strong>Potisk<\/strong>: digit\u00e1ln\u00ed tisk, s\u00edtotisk\u00a0(barvy dle Pantone\u00ae)<br \/>\n<strong>Rozm\u011bry a tvary<\/strong>: na zak\u00e1zku<br \/>\n<strong>Cena<\/strong>:\u00a0<a href=\"mailto:info@predmetyreklamni.eu\">ZASLAT POPT\u00c1VKU<\/a><\/p>\n<h2 style=\"text-align: justify;\">Reklamn\u00ed plastick\u00e9 samolepky n\u00e1pisy a p\u00edsmena<\/h2>\n<p style=\"text-align: justify;\">Na zak\u00e1zku pro V\u00e1s vyrob\u00edme reklamn\u00ed plastick\u00e9 samolepky jako n\u00e1pisy a p\u00edsmena v jak\u00e9mkoliv fontu a velikosti nebo dle Va\u0161eho grafick\u00e9ho zad\u00e1n\u00ed. Reklamn\u00ed plastick\u00e9 n\u00e1pisy a p\u00edsmena pat\u0159\u00ed mezi efektn\u00ed zp\u016fsoby jak propagovat sv\u00e9 logo a zna\u010dku. N\u00e1pisy a p\u00edsmena m\u016f\u017eete jednodu\u0161e nalepit nap\u0159\u00edklad na firemn\u00ed auta. \u00a0Samolepky n\u00e1pisy a p\u00edsmena na zak\u00e1zku maj\u00ed \u0161irok\u00e9 vyu\u017eit\u00ed v oblasti propagace firmy. Reklamn\u00ed plastick\u00e9 samolepky n\u00e1pisy a p\u00edsmena jsou vyr\u00e1b\u011bna jednobarevn\u00e1 ov\u0161em na zak\u00e1zku je lze samoz\u0159ejm\u011b opat\u0159it potiskem.<\/p>\n<p style=\"text-align: justify;\"><a href=\"http:\/\/predmetyreklamni.eu\/vyrobce\/wp-content\/uploads\/3D-samolepky-n\u00e1pisy-a-p\u00edsmena-na-zak\u00e1zku.jpg\"><img decoding=\"async\" loading=\"lazy\" class=\"alignleft  wp-image-2649\" title=\"3D samolepky n\u00e1pisy a p\u00edsmena na zak\u00e1zku\" src=\"http:\/\/predmetyreklamni.eu\/vyrobce\/wp-content\/uploads\/3D-samolepky-n\u00e1pisy-a-p\u00edsmena-na-zak\u00e1zku.jpg\" alt=\"3D samolepky n\u00e1pisy a p\u00edsmena na zak\u00e1zku\" width=\"491\" height=\"164\" srcset=\"https:\/\/predmetyreklamni.eu\/vyrobce\/wp-content\/uploads\/3D-samolepky-n\u00e1pisy-a-p\u00edsmena-na-zak\u00e1zku.jpg 546w, https:\/\/predmetyreklamni.eu\/vyrobce\/wp-content\/uploads\/3D-samolepky-n\u00e1pisy-a-p\u00edsmena-na-zak\u00e1zku-300x100.jpg 300w, https:\/\/predmetyreklamni.eu\/vyrobce\/wp-content\/uploads\/3D-samolepky-n\u00e1pisy-a-p\u00edsmena-na-zak\u00e1zku-500x166.jpg 500w\" sizes=\"(max-width: 491px) 100vw, 491px\" \/><\/a><\/p>\n<p style=\"text-align: justify;\"><strong>Materi\u00e1l<\/strong>: b\u00edl\u00e9, barevn\u00e9, metalick\u00e9, karbonov\u00e9 f\u00f3lie s potiskem nebo na zak\u00e1zku dle zad\u00e1n\u00ed a zalit\u00ed epoxidovou prysky\u0159ic\u00ed (barvy dle Pantone\u00ae)<br \/>\n<strong>Potisk<\/strong>: digit\u00e1ln\u00ed tisk, s\u00edtotisk\u00a0(barvy dle Pantone\u00ae)<br \/>\n<strong>Rozm\u011bry a tvary<\/strong>: na zak\u00e1zku<br \/>\n<strong>Cena<\/strong>:\u00a0<a href=\"mailto:info@predmetyreklamni.eu\">ZASLAT POPT\u00c1VKU<\/a><\/p>\n<h2 style=\"text-align: justify;\">Reklamn\u00ed plastick\u00e9 samolepky obr\u00e1zky<\/h2>\n<p style=\"text-align: justify;\">P\u0159i v\u00fdrob\u011b reklamn\u00ed plastick\u00e9 samolepky neexistuj\u00ed t\u00e9m\u011b\u0159 \u017e\u00e1dn\u00e9 limity v barevnosti, tvaru a velikosti. Na zak\u00e1zku vyrob\u00edme plastick\u00e9 samolepky s obr\u00e1zky, logy dle Va\u0161ich grafick\u00fdch podklad\u016f. Sv\u00e9 reklamn\u00ed plastick\u00e9 samolepky na zak\u00e1zku pak m\u016f\u017eete nalepit ,na v\u0161echny rovn\u00e9, a nesav\u00e9 povrchy a propagovat tak svou zna\u010dku, logo, produkt nebo sportovn\u00ed klub.<\/p>\n<p style=\"text-align: justify;\"><a href=\"http:\/\/predmetyreklamni.eu\/vyrobce\/wp-content\/uploads\/3D-barevn\u00e9-samolepky-na-zak\u00e1zku.jpg\"><img decoding=\"async\" loading=\"lazy\" class=\"alignleft  wp-image-2676\" title=\"3D barevn\u00e9 samolepky na zak\u00e1zku\" src=\"http:\/\/predmetyreklamni.eu\/vyrobce\/wp-content\/uploads\/3D-barevn\u00e9-samolepky-na-zak\u00e1zku.jpg\" alt=\"3D barevn\u00e9 samolepky na zak\u00e1zku\" width=\"514\" height=\"186\" srcset=\"https:\/\/predmetyreklamni.eu\/vyrobce\/wp-content\/uploads\/3D-barevn\u00e9-samolepky-na-zak\u00e1zku.jpg 634w, https:\/\/predmetyreklamni.eu\/vyrobce\/wp-content\/uploads\/3D-barevn\u00e9-samolepky-na-zak\u00e1zku-300x108.jpg 300w, https:\/\/predmetyreklamni.eu\/vyrobce\/wp-content\/uploads\/3D-barevn\u00e9-samolepky-na-zak\u00e1zku-500x181.jpg 500w\" sizes=\"(max-width: 514px) 100vw, 514px\" \/><\/a><\/p>\n<p style=\"text-align: justify;\"><strong>Materi\u00e1l<\/strong>: b\u00edl\u00e9, barevn\u00e9, metalick\u00e9, karbonov\u00e9 f\u00f3lie s potiskem nebo na zak\u00e1zku dle zad\u00e1n\u00ed a zalit\u00ed epoxidovou prysky\u0159ic\u00ed (barvy dle Pantone\u00ae)<br \/>\n<strong>Potisk<\/strong>: digit\u00e1ln\u00ed tisk, s\u00edtotisk\u00a0(barvy dle Pantone\u00ae)<br \/>\n<strong>Rozm\u011bry a tvary<\/strong>: na zak\u00e1zku<br \/>\n<strong>Cena<\/strong>:\u00a0<a href=\"mailto:info@predmetyreklamni.eu\">ZASLAT POPT\u00c1VKU<\/a><\/p>\n<h2 style=\"text-align: justify;\">Reklamn\u00ed metalick\u00e9 plastick\u00e9 samolepky<\/h2>\n<p style=\"text-align: justify;\">Metalick\u00e9 plastick\u00e9 samolepky na zak\u00e1zku maj\u00ed velmi vysok\u00fd efekt a zaujmou ka\u017ed\u00e9ho. Reklamn\u00ed metalick\u00e9 plastick\u00e9 samolepky mohou m\u00edt na zak\u00e1zku r\u016fzn\u00e9 tvary a mohou b\u00fdt opat\u0159eny potiskem. Reklamn\u00ed metalick\u00e9 plastick\u00e9 samolepky pro Va\u0161e firemn\u00ed loga, n\u00e1pisy, www adresy, plastick\u00e9 samolepky ve tvaru kole\u010dka a dal\u0161\u00ed. Metalick\u00e9 plastick\u00e9 samolepky maj\u00ed dlouhou \u017eivotnost a budou V\u00e1s propagovat i n\u011bkolik let.<\/p>\n<p style=\"text-align: justify;\"><a href=\"http:\/\/predmetyreklamni.eu\/vyrobce\/wp-content\/uploads\/3D-metalick\u00e9-samolepky-na-zak\u00e1zku.jpg\"><img decoding=\"async\" loading=\"lazy\" class=\"alignleft  wp-image-2684\" title=\"3D metalick\u00e9 samolepky na zak\u00e1zku\" src=\"http:\/\/predmetyreklamni.eu\/vyrobce\/wp-content\/uploads\/3D-metalick\u00e9-samolepky-na-zak\u00e1zku.jpg\" alt=\"3D metalick\u00e9 samolepky na zak\u00e1zku\" width=\"517\" height=\"139\" srcset=\"https:\/\/predmetyreklamni.eu\/vyrobce\/wp-content\/uploads\/3D-metalick\u00e9-samolepky-na-zak\u00e1zku.jpg 638w, https:\/\/predmetyreklamni.eu\/vyrobce\/wp-content\/uploads\/3D-metalick\u00e9-samolepky-na-zak\u00e1zku-300x80.jpg 300w, https:\/\/predmetyreklamni.eu\/vyrobce\/wp-content\/uploads\/3D-metalick\u00e9-samolepky-na-zak\u00e1zku-500x134.jpg 500w\" sizes=\"(max-width: 517px) 100vw, 517px\" \/><\/a><\/p>\n<p style=\"text-align: justify;\"><strong>Materi\u00e1l<\/strong>: metalick\u00e9 s potiskem dle zad\u00e1n\u00ed a zalit\u00ed epoxidovou prysky\u0159ic\u00ed, barvy dle vzorn\u00edku v\u00fdrobce (v z\u00e1kladn\u00ed nab\u00eddce barvy s metalickou \u00fapravou: zlat\u00e1, st\u0159\u00edbrn\u00e1, \u017elut\u00e1, oran\u017eov\u00e1, sv\u011btle a tmav\u011b fialov\u00e1, \u010derven\u00e1, sv\u011btle a tmav\u011b modr\u00e1, zelen\u00e1, \u010dern\u00e1) nebo na zak\u00e1zku<br \/>\n<strong>Potisk<\/strong>: s\u00edtotisk nebo i digit\u00e1ln\u00ed tisk (barvy dle Pantone\u00ae)<br \/>\n<strong>Rozm\u011bry a tvary<\/strong>: na zak\u00e1zku<br \/>\n<strong>Cena<\/strong>:\u00a0<a href=\"mailto:info@predmetyreklamni.eu\">ZASLAT POPT\u00c1VKU<\/a><\/p>\n<h2>Kovov\u00e9 metalick\u00e9 3d plastick\u00e9 n\u00e1lepky na auto.<\/h2>\n<p>Metalick\u00e9 3d n\u00e1lepky se nej\u010dast\u011bji pou\u017e\u00edvaj\u00ed pro polepy aut. Stejnou technologi\u00ed pou\u017e\u00edvaj\u00ed i v\u00fdrobci aut pro vyzna\u010den\u00ed modelu auta. Nap\u0159\u00edklad TDI nebo 4&#215;4 vzadu na voze. Stejnou technologii b\u00fdv\u00e1 vyroben i znak vozu.<\/p>\n<p>Metalick\u00e9 n\u00e1lepky jsou ur\u010deny pro vnit\u0159n\u00ed i vn\u011bj\u0161\u00ed prost\u0159ed\u00ed jsou UV stabiln\u00ed a maj\u00ed vzhled evokuj\u00edc\u00ed luxus.<\/p>\n<p>Jsou p\u0159edur\u010deny pro budov\u00e1n\u00ed \/ propagaci zna\u010dky decentn\u00edm zp\u016fsobem<\/p>\n<div id=\"attachment_4782\" style=\"width: 594px\" class=\"wp-caption alignleft\"><a href=\"http:\/\/predmetyreklamni.eu\/vyrobce\/wp-content\/uploads\/20210114145252.png\"><img aria-describedby=\"caption-attachment-4782\" decoding=\"async\" loading=\"lazy\" class=\"size-large wp-image-4782\" src=\"http:\/\/predmetyreklamni.eu\/vyrobce\/wp-content\/uploads\/20210114145252-1024x518.png\" alt=\"Kovov\u00e9 metalick\u00e9 3d plastick\u00e9 n\u00e1lepky na auto.\" width=\"584\" height=\"295\" srcset=\"https:\/\/predmetyreklamni.eu\/vyrobce\/wp-content\/uploads\/20210114145252-1024x518.png 1024w, https:\/\/predmetyreklamni.eu\/vyrobce\/wp-content\/uploads\/20210114145252-300x152.png 300w, https:\/\/predmetyreklamni.eu\/vyrobce\/wp-content\/uploads\/20210114145252-768x389.png 768w, https:\/\/predmetyreklamni.eu\/vyrobce\/wp-content\/uploads\/20210114145252-500x253.png 500w, https:\/\/predmetyreklamni.eu\/vyrobce\/wp-content\/uploads\/20210114145252.png 1120w\" sizes=\"(max-width: 584px) 100vw, 584px\" \/><\/a><p id=\"caption-attachment-4782\" class=\"wp-caption-text\">Kovov\u00e9 metalick\u00e9 3d plastick\u00e9 n\u00e1lepky na auto.<\/p><\/div>\n<div id=\"attachment_4783\" style=\"width: 594px\" class=\"wp-caption alignleft\"><a class=\"3d plastick\u00e1 zna\u010dka na auto samolepka\" href=\"http:\/\/predmetyreklamni.eu\/vyrobce\/wp-content\/uploads\/20210114145308.png\" rel=\"3d plastick\u00e1 zna\u010dka na auto samolepka\"><img aria-describedby=\"caption-attachment-4783\" decoding=\"async\" loading=\"lazy\" class=\"3d plastick\u00e1 zna\u010dka na auto samolepka wp-image-4783 size-large\" title=\"3d plastick\u00e1 zna\u010dka na auto samolepka\" src=\"http:\/\/predmetyreklamni.eu\/vyrobce\/wp-content\/uploads\/20210114145308-1024x543.png\" alt=\"3d plastick\u00e1 zna\u010dka na auto samolepka\" width=\"584\" height=\"310\" srcset=\"https:\/\/predmetyreklamni.eu\/vyrobce\/wp-content\/uploads\/20210114145308-1024x543.png 1024w, https:\/\/predmetyreklamni.eu\/vyrobce\/wp-content\/uploads\/20210114145308-300x159.png 300w, https:\/\/predmetyreklamni.eu\/vyrobce\/wp-content\/uploads\/20210114145308-768x407.png 768w, https:\/\/predmetyreklamni.eu\/vyrobce\/wp-content\/uploads\/20210114145308-500x265.png 500w, https:\/\/predmetyreklamni.eu\/vyrobce\/wp-content\/uploads\/20210114145308.png 1123w\" sizes=\"(max-width: 584px) 100vw, 584px\" \/><\/a><p id=\"caption-attachment-4783\" class=\"wp-caption-text\">3d plastick\u00e1 zna\u010dka na auto samolepka<\/p><\/div>\n<div id=\"attachment_4784\" style=\"width: 594px\" class=\"wp-caption alignleft\"><a class=\"3d platick\u00e1 kovov\u00e1 reliefn\u00ed samolepka \" href=\"http:\/\/predmetyreklamni.eu\/vyrobce\/wp-content\/uploads\/20210114145359.png\" rel=\"3d platick\u00e1 kovov\u00e1 reliefn\u00ed samolepka \"><img aria-describedby=\"caption-attachment-4784\" decoding=\"async\" loading=\"lazy\" class=\"3d platick\u00e1 kovov\u00e1 reliefn\u00ed samolepka  wp-image-4784 size-large\" title=\"3d platick\u00e1 kovov\u00e1 reliefn\u00ed samolepka \" src=\"http:\/\/predmetyreklamni.eu\/vyrobce\/wp-content\/uploads\/20210114145359-1024x303.png\" alt=\"3d platick\u00e1 kovov\u00e1 reliefn\u00ed samolepka \" width=\"584\" height=\"173\" srcset=\"https:\/\/predmetyreklamni.eu\/vyrobce\/wp-content\/uploads\/20210114145359-1024x303.png 1024w, https:\/\/predmetyreklamni.eu\/vyrobce\/wp-content\/uploads\/20210114145359-300x89.png 300w, https:\/\/predmetyreklamni.eu\/vyrobce\/wp-content\/uploads\/20210114145359-768x227.png 768w, https:\/\/predmetyreklamni.eu\/vyrobce\/wp-content\/uploads\/20210114145359-500x148.png 500w, https:\/\/predmetyreklamni.eu\/vyrobce\/wp-content\/uploads\/20210114145359.png 1083w\" sizes=\"(max-width: 584px) 100vw, 584px\" \/><\/a><p id=\"caption-attachment-4784\" class=\"wp-caption-text\">3d platick\u00e1 kovov\u00e1 reliefn\u00ed samolepka<\/p><\/div>\n<h2 style=\"text-align: justify;\">Speci\u00e1ln\u00ed reklamn\u00ed samolepky z PVC<\/h2>\n<p style=\"text-align: justify;\">Na zak\u00e1zku pro V\u00e1s vyrob\u00edme tak\u00e9 speci\u00e1ln\u00ed reklamn\u00ed samolepky z materi\u00e1lu PVC, kter\u00e9 mohou b\u00fdt tak\u00e9 s 3D efektem, r\u016fzn\u00fdch barv\u00e1ch a nap\u0159\u00edklad opat\u0159eny logem \u010di zna\u010dkou Va\u0161\u00ed firmy.<\/p>\n<p style=\"text-align: justify;\"><a href=\"http:\/\/predmetyreklamni.eu\/vyrobce\/wp-content\/uploads\/IMAG1060.jpg\"><img decoding=\"async\" loading=\"lazy\" class=\"alignleft  wp-image-2693\" title=\"Speci\u00e1ln\u00ed 3D samolepky z PVC na zak\u00e1zku\" src=\"http:\/\/predmetyreklamni.eu\/vyrobce\/wp-content\/uploads\/IMAG1060.jpg\" alt=\"Speci\u00e1ln\u00ed 3D samolepky z PVC na zak\u00e1zku\" width=\"510\" height=\"193\" srcset=\"https:\/\/predmetyreklamni.eu\/vyrobce\/wp-content\/uploads\/IMAG1060.jpg 638w, https:\/\/predmetyreklamni.eu\/vyrobce\/wp-content\/uploads\/IMAG1060-300x113.jpg 300w, https:\/\/predmetyreklamni.eu\/vyrobce\/wp-content\/uploads\/IMAG1060-500x188.jpg 500w\" sizes=\"(max-width: 510px) 100vw, 510px\" \/><\/a><\/p>\n<p style=\"text-align: justify;\"><strong>Materi\u00e1l<\/strong>: samolepic\u00ed f\u00f3lie a PVC f\u00f3lie<br \/>\n<strong>Potisk<\/strong>: s\u00edtotisk nebo i digit\u00e1ln\u00ed tisk (barvy dle Pantone\u00ae)<br \/>\n<strong>Rozm\u011bry a tvary<\/strong>: na zak\u00e1zku<br \/>\n<strong>Cena<\/strong>:\u00a0<a href=\"mailto:info@predmetyreklamni.eu\">ZASLAT POPT\u00c1VKU<\/a><\/p>\n<h2 style=\"text-align: justify;\">Speci\u00e1ln\u00ed reklamn\u00ed samolepky<\/h2>\n<p style=\"text-align: justify;\">Tyto speci\u00e1ln\u00ed reklamn\u00ed samolepky na zak\u00e1zku z r\u016fzn\u00fdch materi\u00e1l\u016f maj\u00ed vysokou odolnost a dlouhou \u017eivotnost, jeliko\u017e se vyu\u017e\u00edvaj\u00ed k polepen\u00ed aut \u010di motorek. Tyto speci\u00e1ln\u00ed reklamn\u00ed samolepky z mohou z r\u016fzn\u00fdch materi\u00e1l\u016f jako PVC, vinyl \u010di kov a mohou b\u00fdt v r\u016fzn\u00fdch barv\u00e1ch a jak\u00e9mkoliv tvaru.<\/p>\n<p style=\"text-align: justify;\">\u00a0<a href=\"http:\/\/predmetyreklamni.eu\/vyrobce\/wp-content\/uploads\/IMAG1071.jpg\"><img decoding=\"async\" loading=\"lazy\" class=\"alignleft  wp-image-2697\" title=\"Reklamn\u00ed 3D samolepky na auto a motorku na zak\u00e1zku\" src=\"http:\/\/predmetyreklamni.eu\/vyrobce\/wp-content\/uploads\/IMAG1071.jpg\" alt=\"Reklamn\u00ed 3D samolepky na auto a motorku na zak\u00e1zku\" width=\"538\" height=\"166\" srcset=\"https:\/\/predmetyreklamni.eu\/vyrobce\/wp-content\/uploads\/IMAG1071.jpg 598w, https:\/\/predmetyreklamni.eu\/vyrobce\/wp-content\/uploads\/IMAG1071-300x92.jpg 300w, https:\/\/predmetyreklamni.eu\/vyrobce\/wp-content\/uploads\/IMAG1071-500x153.jpg 500w\" sizes=\"(max-width: 538px) 100vw, 538px\" \/><\/a><\/p>\n<p style=\"text-align: justify;\"><strong>Materi\u00e1l<\/strong>: samolepic\u00ed f\u00f3lie s PVC, s vinylem, s kovem (chrom, zinek,&#8230;)<br \/>\n<strong>Potisk<\/strong>: s\u00edtotisk nebo i digit\u00e1ln\u00ed tisk (barvy dle Pantone\u00ae)<br \/>\n<strong>Rozm\u011bry a tvary<\/strong>: na zak\u00e1zku<br \/>\n<strong>Cena<\/strong>:\u00a0<a href=\"mailto:info@predmetyreklamni.eu\">ZASLAT POPT\u00c1VKU<\/a><\/p>\n<h2 style=\"text-align: justify;\">Dal\u0161\u00ed reklamn\u00ed samolepky na zak\u00e1zku<\/h2>\n<p style=\"text-align: justify;\">Na zak\u00e1zku pro V\u00e1s vyrob\u00edme i jin\u00e9 druhy reklamn\u00ed samolepky jako jsou samolepky s hologramem na zak\u00e1zku, textiln\u00ed a tkan\u00e9 samolepky a dal\u0161\u00ed. Napi\u0161te n\u00e1m a my se V\u00e1m ozveme s cenovou nab\u00eddkou.<\/p>\n<h2 style=\"text-align: justify;\">Reklamn\u00ed plastick\u00e9 samolepky v\u00fdhody<\/h2>\n<p style=\"text-align: justify;\">Reklamn\u00ed plastick\u00e9 samolepky se snadno nalep\u00ed t\u00e9m\u011b\u0159 na v\u0161echny nesav\u00e9 a hladk\u00e9 p\u0159edm\u011bty. Pot\u0159ebujete rychle ozna\u010dit reklamn\u00ed p\u0159edm\u011bty? Nechte si vyrobit reklamn\u00ed plastick\u00e9 samolepky a rychle, levn\u011b a snadno opat\u0159\u00edte d\u00e1rkov\u00e9 p\u0159edm\u011bty Va\u0161\u00edm logem. Plastick\u00e9 samolepky jsou hojn\u011b vyu\u017e\u00edv\u00e1ny pro automobily, elektroniku, sportovn\u00ed pot\u0159eby a dal\u0161\u00ed.<\/p>\n<p style=\"text-align: justify;\">Zaujala V\u00e1s na\u0161e nab\u00eddka a chcete propagovat svou firmu a zna\u010dku pomoc\u00ed reklamn\u00ed 3D plastick\u00e9 samolepky na zak\u00e1zku?\u00a0Nev\u00e1hejte n\u00e1s kontaktovat pro cenovou nab\u00eddku na emailu:\u00a0<a title=\"info@predmetyreklamni.eu\" href=\"mailto:info@predmetyreklamni.eu\">info@predmetyreklamni.eu<\/a><\/p>\n<p style=\"text-align: justify;\"><strong>Do cenov\u00e9 popt\u00e1vky pros\u00edm uve\u010fte pot\u0159ebn\u00e9 informace pro cenovou nab\u00eddku jako<\/strong>: mno\u017estv\u00ed, velikost, barevn\u00e9 proveden\u00ed nebo kombinaci barev, dobu dod\u00e1n\u00ed. V\u0161echny tyto informace n\u00e1m pomohou k rychlej\u0161\u00edmu zpracov\u00e1n\u00ed cenov\u00e9 nab\u00eddky pr\u00e1v\u011b pro V\u00e1s.<\/p>\n<p style=\"text-align: justify;\">T\u011b\u0161\u00edme se na spolupr\u00e1ci! Team Gifts Service<\/p>\n<p style=\"text-align: justify;\">_________________________________________________________________________<\/p>\n<p style=\"text-align: justify;\">Available languages:<\/p>\n<p style=\"text-align: justify;\"><a title=\"Custom made 3D stickers\" href=\"http:\/\/promotional-custom.co.uk\/promotional-stickers\/\" target=\"_blank\" rel=\"noopener noreferrer\">EN &#8211; Custom made 3D stickerts<\/a><br \/>\n<a title=\"GE - 3D Werbeaufkleber\" href=\"http:\/\/www.aufkleber-produzent.de\/werbe-etiketten-und-aufkleber\/\" target=\"_blank\" rel=\"noopener noreferrer\"> GE &#8211; 3D Werbeaufkleber<\/a><br \/>\n<a title=\"PL - Reklamowe plastikowe naklejki 3D\" href=\"http:\/\/www.naklejki.net.pl\/\" target=\"_blank\" rel=\"noopener noreferrer\">PL &#8211;\u00a0Reklamowe plastikowe naklejki 3D<\/a><br \/>\n<a title=\"HU - 3D rekl\u00e1m matric\u00e1k\" href=\"http:\/\/reklam-matricak.hu\/\" target=\"_blank\" rel=\"noopener noreferrer\">HU &#8211; 3D rekl\u00e1m matric\u00e1k<\/a><br \/>\n<a title=\"Autocolante 3D personalizate\" href=\"http:\/\/autocolante-personalizate.ro\/\" target=\"_blank\" rel=\"noopener noreferrer\">RO &#8211;\u00a0Autocolante 3D personalizate<br \/>\n<\/a><a title=\"Lenticulares promocionales\/ pegatinas 3D\" href=\"http:\/\/pegatinas-promocionales.es\/\" target=\"_blank\" rel=\"noopener noreferrer\"> ES &#8211;\u00a0Lenticulares promocionales\/ pegatinas 3D<\/a><\/p>\n","protected":false},"excerpt":{"rendered":"<p>REKLAMN\u00cd PLASTICK\u00c9 SAMOLEPKY Pro\u010d zvolit reklamn\u00ed plastick\u00e9 samolepky na zak\u00e1zku? Reklamn\u00ed plastick\u00e9 samolepky na zak\u00e1zku vyu\u017eijete k polepov\u00e1n\u00ed libovoln\u00fdch p\u0159edm\u011bt\u016f, kter\u00e9 maj\u00ed nesav\u00fd a rovn\u00fd povrch. Doporu\u010dujeme odmastit v\u0161echny povrchy, na kter\u00e9 chcete reklamn\u00ed plastick\u00e9 samolepky nalepit. Pomoc\u00ed reklamn\u00ed plastick\u00e9 &hellip; <a href=\"https:\/\/predmetyreklamni.eu\/vyrobce\/sk\/reklamni-plasticke-samolepky\/\">Continue reading <span class=\"meta-nav\">&rarr;<\/span><\/a><\/p>\n","protected":false},"author":1,"featured_media":0,"parent":0,"menu_order":13,"comment_status":"closed","ping_status":"closed","template":"sidebar-page.php","meta":[],"_links":{"self":[{"href":"https:\/\/predmetyreklamni.eu\/vyrobce\/sk\/wp-json\/wp\/v2\/pages\/2182"}],"collection":[{"href":"https:\/\/predmetyreklamni.eu\/vyrobce\/sk\/wp-json\/wp\/v2\/pages"}],"about":[{"href":"https:\/\/predmetyreklamni.eu\/vyrobce\/sk\/wp-json\/wp\/v2\/types\/page"}],"author":[{"embeddable":true,"href":"https:\/\/predmetyreklamni.eu\/vyrobce\/sk\/wp-json\/wp\/v2\/users\/1"}],"replies":[{"embeddable":true,"href":"https:\/\/predmetyreklamni.eu\/vyrobce\/sk\/wp-json\/wp\/v2\/comments?post=2182"}],"version-history":[{"count":52,"href":"https:\/\/predmetyreklamni.eu\/vyrobce\/sk\/wp-json\/wp\/v2\/pages\/2182\/revisions"}],"predecessor-version":[{"id":4785,"href":"https:\/\/predmetyreklamni.eu\/vyrobce\/sk\/wp-json\/wp\/v2\/pages\/2182\/revisions\/4785"}],"wp:attachment":[{"href":"https:\/\/predmetyreklamni.eu\/vyrobce\/sk\/wp-json\/wp\/v2\/media?parent=2182"}],"curies":[{"name":"wp","href":"https:\/\/api.w.org\/{rel}","templated":true}]}}