{"id":2184,"date":"2013-10-11T13:45:36","date_gmt":"2013-10-11T13:45:36","guid":{"rendered":"http:\/\/predmetyreklamni.eu\/vyrobce\/?page_id=2184"},"modified":"2020-12-29T20:38:50","modified_gmt":"2020-12-29T20:38:50","slug":"epoxidove-samolepky-na-zakazku","status":"publish","type":"page","link":"https:\/\/predmetyreklamni.eu\/vyrobce\/sk\/epoxidove-samolepky-na-zakazku\/","title":{"rendered":"Epoxidov\u00e9 samolepky na zak\u00e1zku"},"content":{"rendered":"<h1>EPOXIDOV\u00c9 SAMOLEPKY NA ZAK\u00c1ZKU<\/h1>\n<h2>Epoxidov\u00e9 samolepky na zak\u00e1zku<\/h2>\n<p>N\u00ed\u017ee V\u00e1m p\u0159edstav\u00edme jak\u00e9 materi\u00e1ly a druhy potisk\u016f se vyu\u017e\u00edvaj\u00ed p\u0159i v\u00fdrob\u011b epoxidov\u00e9 samolepky na zak\u00e1zku. Z\u00e1le\u017e\u00ed jen na V\u00e1s jak efektn\u00ed epoxidov\u00e9 samolepky na zak\u00e1zku chcete. Pomoc\u00ed epoxidov\u00e9 samolepky na zak\u00e1zku m\u016f\u017eete zv\u00fd\u0161it pov\u011bdom\u00ed a Va\u0161\u00ed firm\u011b, propagovat produkt, d\u00e1t najevo sympatie sportovn\u00edmu t\u00fdmu nebo zna\u010dce. Epoxidov\u00e9 samolepky na zak\u00e1zku sta\u010d\u00ed um\u00edstit na rovn\u00e9 a nesav\u00e9 povrchy jako auta, motocykly, okna, v\u00fdlohy, zrcadla nebo na sv\u00e9 produkty.<\/p>\n<div id=\"attachment_4778\" style=\"width: 594px\" class=\"wp-caption alignleft\"><a href=\"http:\/\/predmetyreklamni.eu\/vyrobce\/wp-content\/uploads\/Layout-1.jpg\"><img aria-describedby=\"caption-attachment-4778\" decoding=\"async\" loading=\"lazy\" class=\"size-large wp-image-4778\" src=\"http:\/\/predmetyreklamni.eu\/vyrobce\/wp-content\/uploads\/Layout-1-1024x789.jpg\" alt=\"p\u0159iklad realizace 3d epoxidov\u00e9 plastick\u00e9 n\u00e1leky\" width=\"584\" height=\"450\" srcset=\"https:\/\/predmetyreklamni.eu\/vyrobce\/wp-content\/uploads\/Layout-1-1024x789.jpg 1024w, https:\/\/predmetyreklamni.eu\/vyrobce\/wp-content\/uploads\/Layout-1-300x231.jpg 300w, https:\/\/predmetyreklamni.eu\/vyrobce\/wp-content\/uploads\/Layout-1-768x592.jpg 768w, https:\/\/predmetyreklamni.eu\/vyrobce\/wp-content\/uploads\/Layout-1-389x300.jpg 389w\" sizes=\"(max-width: 584px) 100vw, 584px\" \/><\/a><p id=\"caption-attachment-4778\" class=\"wp-caption-text\">P\u0159\u00edklad realizace 3d epoxidov\u00e9 plastick\u00e9 n\u00e1lepky<\/p><\/div>\n<h2>Epoxidov\u00e9 samolepky z b\u00edl\u00e9 f\u00f3lie na zak\u00e1zku<\/h2>\n<p style=\"text-align: justify;\">Pro v\u00fdrobu epoxidov\u00e9 samolepky s potiskem na zak\u00e1zku se jako z\u00e1kladn\u00edho materi\u00e1lu vyu\u017e\u00edv\u00e1 b\u00edl\u00e9 f\u00f3lie. Samolepky z b\u00edl\u00e9 f\u00f3lie pat\u0159\u00ed k nejlevn\u011bj\u0161\u00ed variant\u011b a z\u00e1rove\u0148 nab\u00edz\u00ed velmi kvalitn\u00ed v\u00fdsledek p\u0159i potisku, jeliko\u017e se vyu\u017e\u00edv\u00e1 digit\u00e1ln\u00ed technologie s vysok\u00fdm rozli\u0161en\u00edm. Epoxidov\u00e9 samolepky jejich\u017e z\u00e1kladem je b\u00edl\u00e1 f\u00f3lie lze na zak\u00e1zku opat\u0159it potiskem v jak\u00e9koliv Pantone\u00ae\u00a0barv\u011b. Limity nejsou tak\u00e9 na velikosti a tvary. B\u00edl\u00e9 f\u00f3lie pro v\u00fdrobu epoxidov\u00e9 samolepky na zak\u00e1zku jsou standardn\u011b s \u010dir\u00fdm lepidlem.<\/p>\n<p><a href=\"http:\/\/predmetyreklamni.eu\/vyrobce\/wp-content\/uploads\/3D-samolepky-z-b\u00edl\u00e9-f\u00f3lie-s-potiskem.jpg\"><img decoding=\"async\" loading=\"lazy\" class=\"alignleft  wp-image-2712\" title=\"3D samolepky z b\u00edl\u00e9 f\u00f3lie s potiskem\" src=\"http:\/\/predmetyreklamni.eu\/vyrobce\/wp-content\/uploads\/3D-samolepky-z-b\u00edl\u00e9-f\u00f3lie-s-potiskem.jpg\" alt=\"3D samolepky z b\u00edl\u00e9 f\u00f3lie s potiskem\" width=\"525\" height=\"141\" srcset=\"https:\/\/predmetyreklamni.eu\/vyrobce\/wp-content\/uploads\/3D-samolepky-z-b\u00edl\u00e9-f\u00f3lie-s-potiskem.jpg 583w, https:\/\/predmetyreklamni.eu\/vyrobce\/wp-content\/uploads\/3D-samolepky-z-b\u00edl\u00e9-f\u00f3lie-s-potiskem-300x80.jpg 300w, https:\/\/predmetyreklamni.eu\/vyrobce\/wp-content\/uploads\/3D-samolepky-z-b\u00edl\u00e9-f\u00f3lie-s-potiskem-500x134.jpg 500w\" sizes=\"(max-width: 525px) 100vw, 525px\" \/><\/a><\/p>\n<h2>Epoxidov\u00e9 samolepky z barevn\u00e9 f\u00f3lie na zak\u00e1zku<\/h2>\n<p style=\"text-align: justify;\">Dal\u0161\u00ed variantou pro v\u00fdrobu epoxidov\u00e9 samolepky jsou barevn\u00e9 f\u00f3lie, kter\u00e9 mohou b\u00fdt na zak\u00e1zku ve v\u0161ech\u00a0Pantone\u00ae barv\u00e1ch. Barevn\u00e9 epoxidov\u00e9 f\u00f3lie se na zak\u00e1zku daj\u00ed opat\u0159it potiskem takt\u00e9\u017e v jak\u00e9koliv\u00a0Pantone\u00ae barv\u011b a to pomoc\u00ed s\u00edtotisku nebo digit\u00e1ln\u00edho potisku. Zvolen\u00e1 technologie z\u00e1le\u017e\u00ed na barv\u011b f\u00f3lie, barv\u011b potisku a tak\u00e9 na n\u00e1ro\u010dnosti potisku.\u00a0Barevn\u00e9 f\u00f3lie pro v\u00fdrobu epoxidov\u00e9 samolepky na zak\u00e1zku jsou standardn\u011b s \u010dir\u00fdm lepidlem.<\/p>\n<p><a href=\"http:\/\/predmetyreklamni.eu\/vyrobce\/wp-content\/uploads\/3D-samolepky-na-zak\u00e1zku-z-barevn\u00e9-f\u00f3lie.jpg\"><img decoding=\"async\" loading=\"lazy\" class=\"alignleft  wp-image-2707\" title=\"3D samolepky na zak\u00e1zku z barevn\u00e9 f\u00f3lie\" src=\"http:\/\/predmetyreklamni.eu\/vyrobce\/wp-content\/uploads\/3D-samolepky-na-zak\u00e1zku-z-barevn\u00e9-f\u00f3lie.jpg\" alt=\"3D samolepky na zak\u00e1zku z barevn\u00e9 f\u00f3lie\" width=\"508\" height=\"148\" srcset=\"https:\/\/predmetyreklamni.eu\/vyrobce\/wp-content\/uploads\/3D-samolepky-na-zak\u00e1zku-z-barevn\u00e9-f\u00f3lie.jpg 635w, https:\/\/predmetyreklamni.eu\/vyrobce\/wp-content\/uploads\/3D-samolepky-na-zak\u00e1zku-z-barevn\u00e9-f\u00f3lie-300x87.jpg 300w, https:\/\/predmetyreklamni.eu\/vyrobce\/wp-content\/uploads\/3D-samolepky-na-zak\u00e1zku-z-barevn\u00e9-f\u00f3lie-500x145.jpg 500w\" sizes=\"(max-width: 508px) 100vw, 508px\" \/><\/a><\/p>\n<h2>Epoxidov\u00e9 samolepky z metalick\u00e9 f\u00f3lie na zak\u00e1zku<\/h2>\n<p style=\"text-align: justify;\">Mezi velice obl\u00edben\u00e9 a vzhledov\u011b efektn\u00ed pat\u0159\u00ed epoxidov\u00e9 samolepky na zak\u00e1zku z metalick\u00e9 f\u00f3lie. V na\u0161\u00ed z\u00e1kladn\u00ed nab\u00eddce naleznete\u00a0barvy s metalickou \u00fapravou: zlat\u00e1, st\u0159\u00edbrn\u00e1, \u017elut\u00e1, oran\u017eov\u00e1, sv\u011btle a tmav\u011b fialov\u00e1, \u010derven\u00e1, sv\u011btle a tmav\u011b modr\u00e1, zelen\u00e1, \u010dern\u00e1. Na zak\u00e1zku lze vyrobit epoxidov\u00e9 samolepky z metalick\u00e9 f\u00f3lie dle zad\u00e1n\u00ed klienta a lze je tak\u00e9 opat\u0159it potiskem. Pro potisk metalick\u00e9 f\u00f3lie se op\u011bt vyu\u017e\u00edv\u00e1 s\u00edtotisku nebo digit\u00e1ln\u00edho tisku.<\/p>\n<p><a href=\"http:\/\/predmetyreklamni.eu\/vyrobce\/wp-content\/uploads\/3D-metalick\u00e9-samolepky-na-zak\u00e1zku1.jpg\"><img decoding=\"async\" loading=\"lazy\" class=\"alignleft  wp-image-2708\" title=\"3D samolepky z metalick\u00e9 f\u00f3lie na zak\u00e1zku\" src=\"http:\/\/predmetyreklamni.eu\/vyrobce\/wp-content\/uploads\/3D-metalick\u00e9-samolepky-na-zak\u00e1zku1.jpg\" alt=\"3D samolepky z metalick\u00e9 f\u00f3lie na zak\u00e1zku\" width=\"510\" height=\"137\" srcset=\"https:\/\/predmetyreklamni.eu\/vyrobce\/wp-content\/uploads\/3D-metalick\u00e9-samolepky-na-zak\u00e1zku1.jpg 638w, https:\/\/predmetyreklamni.eu\/vyrobce\/wp-content\/uploads\/3D-metalick\u00e9-samolepky-na-zak\u00e1zku1-300x80.jpg 300w, https:\/\/predmetyreklamni.eu\/vyrobce\/wp-content\/uploads\/3D-metalick\u00e9-samolepky-na-zak\u00e1zku1-500x134.jpg 500w\" sizes=\"(max-width: 510px) 100vw, 510px\" \/><\/a><\/p>\n<h2>Epoxidov\u00e9 samolepky z karbonov\u00e9 f\u00f3lie na zak\u00e1zku<\/h2>\n<p style=\"text-align: justify;\">Chcete-li na zak\u00e1zku vyrobit epoxidov\u00e9 samolepky s 3D efektem, doporu\u010dujeme zvolit karbonov\u00e9 f\u00f3lie. Tyto karbonov\u00e9 f\u00f3lie m\u00e1 v\u00fdrobce standardn\u011b k dispozici v z\u00e1kladn\u00edch barv\u00e1ch v leskl\u00fdch \u010di matn\u00fdch variant\u00e1ch. Na zak\u00e1zku lze vyrobit epoxidov\u00e9 samolepky z karbonov\u00e9 f\u00f3lie dle zad\u00e1n\u00ed klienta. P\u0159i potisku doporu\u010dujeme karbonov\u00e9 f\u00f3lie jako prvn\u00ed podkladovou vrstvu a dal\u0161\u00ed \u010dirou f\u00f3lii s potiskem jako druhou vrstvu. Vzniknou tak velice poutav\u00e9 dvouvrstv\u00e9 epoxidov\u00e9 samolepky, kter\u00e9 zajist\u00e9 zaujmou pozornost. Vzorn\u00edk k dispozici.<\/p>\n<p><a href=\"http:\/\/predmetyreklamni.eu\/vyrobce\/wp-content\/uploads\/3D-samolepky-na-zak\u00e1zku-z-karbonov\u00e9-f\u00f3lie.jpg\"><img decoding=\"async\" loading=\"lazy\" class=\"alignleft  wp-image-2709\" title=\"3D samolepky na zak\u00e1zku z karbonov\u00e9 f\u00f3lie\" src=\"http:\/\/predmetyreklamni.eu\/vyrobce\/wp-content\/uploads\/3D-samolepky-na-zak\u00e1zku-z-karbonov\u00e9-f\u00f3lie.jpg\" alt=\"3D samolepky na zak\u00e1zku z karbonov\u00e9 f\u00f3lie\" width=\"534\" height=\"131\" srcset=\"https:\/\/predmetyreklamni.eu\/vyrobce\/wp-content\/uploads\/3D-samolepky-na-zak\u00e1zku-z-karbonov\u00e9-f\u00f3lie.jpg 741w, https:\/\/predmetyreklamni.eu\/vyrobce\/wp-content\/uploads\/3D-samolepky-na-zak\u00e1zku-z-karbonov\u00e9-f\u00f3lie-300x74.jpg 300w, https:\/\/predmetyreklamni.eu\/vyrobce\/wp-content\/uploads\/3D-samolepky-na-zak\u00e1zku-z-karbonov\u00e9-f\u00f3lie-500x123.jpg 500w\" sizes=\"(max-width: 534px) 100vw, 534px\" \/><\/a><\/p>\n<h2>Epoxidov\u00e9 samolepky ze speci\u00e1ln\u00ed 3D f\u00f3lie na zak\u00e1zku<\/h2>\n<p style=\"text-align: justify;\">Pro v\u00fdrobu epoxidov\u00e9 samolepky na zak\u00e1zku lze pou\u017e\u00edt z nab\u00eddky v\u00fdrobce celou \u0159adu dal\u0161\u00edch f\u00f3li\u00ed s 3D efektem. Tyto speci\u00e1ln\u00ed f\u00f3lie s 3D efektem se daj\u00ed na zak\u00e1zku potisknout a vyu\u017e\u00edvaj\u00ed se pro v\u00fdrobu dvouvrstv\u00e9 epoxidov\u00e9 samolepky. 3D f\u00f3lie jsou vysoce efektn\u00ed a zaujmou pozornost \u00a0a Vy tak m\u016f\u017eete s jejich pomoc\u00ed propagovat sv\u00e9 internetov\u00e9 str\u00e1nky, restauraci, produkt, zna\u010dku nebo potencion\u00e1ln\u00edm z\u00e1kazn\u00edk\u016fm sd\u011blit pot\u0159ebn\u00e9 kontaktn\u00ed \u00fadaje jako telefon, webov\u00e9 str\u00e1nky nebo email. Vzorn\u00edk k dispozici.<\/p>\n<p><a href=\"http:\/\/predmetyreklamni.eu\/vyrobce\/wp-content\/uploads\/samolepky-na-zak\u00e1zku-ze-speci\u00e1ln\u00ed-3D-f\u00f3lie.jpg\"><img decoding=\"async\" loading=\"lazy\" class=\"alignleft  wp-image-2710\" title=\"samolepky na zak\u00e1zku ze speci\u00e1ln\u00ed 3D f\u00f3lie\" src=\"http:\/\/predmetyreklamni.eu\/vyrobce\/wp-content\/uploads\/samolepky-na-zak\u00e1zku-ze-speci\u00e1ln\u00ed-3D-f\u00f3lie.jpg\" alt=\"samolepky na zak\u00e1zku ze speci\u00e1ln\u00ed 3D f\u00f3lie\" width=\"539\" height=\"141\" srcset=\"https:\/\/predmetyreklamni.eu\/vyrobce\/wp-content\/uploads\/samolepky-na-zak\u00e1zku-ze-speci\u00e1ln\u00ed-3D-f\u00f3lie.jpg 599w, https:\/\/predmetyreklamni.eu\/vyrobce\/wp-content\/uploads\/samolepky-na-zak\u00e1zku-ze-speci\u00e1ln\u00ed-3D-f\u00f3lie-300x78.jpg 300w, https:\/\/predmetyreklamni.eu\/vyrobce\/wp-content\/uploads\/samolepky-na-zak\u00e1zku-ze-speci\u00e1ln\u00ed-3D-f\u00f3lie-500x131.jpg 500w\" sizes=\"(max-width: 539px) 100vw, 539px\" \/><\/a><\/p>\n<h2>Epoxidov\u00e9 samolepky z f\u00f3lie imitace chromu a \u0161kr\u00e1ban\u00e9ho hlin\u00edku<\/h2>\n<p style=\"text-align: justify;\">Dal\u0161\u00ed velice obl\u00edben\u00e9 a efektn\u00ed jsou epoxidov\u00e9 samolepky na zak\u00e1zku z f\u00f3lie imitace chromu a \u0161kr\u00e1ban\u00e9ho hlin\u00edku. D\u00edky t\u00e9to f\u00f3lii dostanou Va\u0161e epoxidov\u00e9 samolepky kovov\u00fd a luxusn\u00ed vzhled. Tyto f\u00f3lie je takt\u00e9\u017e mo\u017eno na zak\u00e1zku opat\u0159it potiskem a slou\u017e\u00ed pro v\u00fdrobu dvouvrstv\u00e9 epoxidov\u00e9 samolepky.\u00a0Vzorn\u00edk k dispozici.<\/p>\n<p><a href=\"http:\/\/predmetyreklamni.eu\/vyrobce\/wp-content\/uploads\/epoxidov\u00e9-samolepky-z-chromov\u00e9-f\u00f3lie-na-zak\u00e1zku.jpg\"><img decoding=\"async\" loading=\"lazy\" class=\"alignleft size-full wp-image-2725\" title=\"epoxidov\u00e9 samolepky z chromov\u00e9 f\u00f3lie na zak\u00e1zku\" src=\"http:\/\/predmetyreklamni.eu\/vyrobce\/wp-content\/uploads\/epoxidov\u00e9-samolepky-z-chromov\u00e9-f\u00f3lie-na-zak\u00e1zku.jpg\" alt=\"epoxidov\u00e9 samolepky z chromov\u00e9 f\u00f3lie na zak\u00e1zku\" width=\"534\" height=\"162\" srcset=\"https:\/\/predmetyreklamni.eu\/vyrobce\/wp-content\/uploads\/epoxidov\u00e9-samolepky-z-chromov\u00e9-f\u00f3lie-na-zak\u00e1zku.jpg 534w, https:\/\/predmetyreklamni.eu\/vyrobce\/wp-content\/uploads\/epoxidov\u00e9-samolepky-z-chromov\u00e9-f\u00f3lie-na-zak\u00e1zku-300x91.jpg 300w, https:\/\/predmetyreklamni.eu\/vyrobce\/wp-content\/uploads\/epoxidov\u00e9-samolepky-z-chromov\u00e9-f\u00f3lie-na-zak\u00e1zku-500x151.jpg 500w\" sizes=\"(max-width: 534px) 100vw, 534px\" \/><\/a><\/p>\n<h2>Epoxidov\u00e9 samolepky na zak\u00e1zku a jejich v\u00fdhody<\/h2>\n<p style=\"text-align: justify;\">Epoxidov\u00e9 samolepky na zak\u00e1zku p\u0159itahuj\u00ed pozornost a jsou skv\u011bl\u00e1 volba k propagaci, a\u0165 u\u017e jste velk\u00e1 nebo mal\u00e1 spole\u010dnost, neziskov\u00e1 organizace, sportovn\u00ed klub nebo restaurace. Sta\u010d\u00ed spr\u00e1vn\u011b zvolen\u00e9 barvy a tvar a epoxidov\u00e9 samolepky na zak\u00e1zku u\u017e ud\u011blaj\u00ed pr\u00e1ci za V\u00e1s. Epoxidov\u00e9 samolepky m\u016f\u017eete nalepit na propaga\u010dn\u00ed materi\u00e1ly a\u0165 u\u017e jsou to katalogy \u010di reklamn\u00ed p\u0159edm\u011bty, auta, zrcadla, skla, v\u00fdlohy. vstupn\u00ed dve\u0159e a dal\u0161\u00ed vhodn\u00e9 plochy. Epoxidov\u00e9 samolepky na zak\u00e1zku jsou velice odoln\u00e9 v\u016f\u010di slunci \u010di de\u0161ti a jsou proto vhodn\u00e9 na venkovn\u00ed i vnit\u0159n\u00ed pou\u017eit\u00ed.<\/p>\n<p style=\"text-align: justify;\">Zaujala V\u00e1s na\u0161e nab\u00eddka a chcete propagovat svou firmu a zna\u010dku pomoc\u00ed reklamn\u00ed epoxidov\u00e9 samolepky na zak\u00e1zku?\u00a0Nev\u00e1hejte n\u00e1s kontaktovat pro cenovou nab\u00eddku na emailu:\u00a0<a title=\"info@predmetyreklamni.eu\" href=\"mailto:info@predmetyreklamni.eu\">info@predmetyreklamni.eu<\/a><\/p>\n<p style=\"text-align: justify;\"><strong>Do cenov\u00e9 popt\u00e1vky pros\u00edm uve\u010fte pot\u0159ebn\u00e9 informace pro cenovou nab\u00eddku jako<\/strong>: mno\u017estv\u00ed, velikost, barevn\u00e9 proveden\u00ed nebo kombinaci barev, dobu dod\u00e1n\u00ed. V\u0161echny tyto informace n\u00e1m pomohou k rychlej\u0161\u00edmu zpracov\u00e1n\u00ed cenov\u00e9 nab\u00eddky pr\u00e1v\u011b pro V\u00e1s.<\/p>\n<p style=\"text-align: justify;\">T\u011b\u0161\u00edme se na spolupr\u00e1ci! Team Gifts Service<\/p>\n","protected":false},"excerpt":{"rendered":"<p>EPOXIDOV\u00c9 SAMOLEPKY NA ZAK\u00c1ZKU Epoxidov\u00e9 samolepky na zak\u00e1zku N\u00ed\u017ee V\u00e1m p\u0159edstav\u00edme jak\u00e9 materi\u00e1ly a druhy potisk\u016f se vyu\u017e\u00edvaj\u00ed p\u0159i v\u00fdrob\u011b epoxidov\u00e9 samolepky na zak\u00e1zku. Z\u00e1le\u017e\u00ed jen na V\u00e1s jak efektn\u00ed epoxidov\u00e9 samolepky na zak\u00e1zku chcete. Pomoc\u00ed epoxidov\u00e9 samolepky na zak\u00e1zku &hellip; <a href=\"https:\/\/predmetyreklamni.eu\/vyrobce\/sk\/epoxidove-samolepky-na-zakazku\/\">Continue reading <span class=\"meta-nav\">&rarr;<\/span><\/a><\/p>\n","protected":false},"author":1,"featured_media":0,"parent":0,"menu_order":13,"comment_status":"closed","ping_status":"closed","template":"sidebar-page.php","meta":[],"_links":{"self":[{"href":"https:\/\/predmetyreklamni.eu\/vyrobce\/sk\/wp-json\/wp\/v2\/pages\/2184"}],"collection":[{"href":"https:\/\/predmetyreklamni.eu\/vyrobce\/sk\/wp-json\/wp\/v2\/pages"}],"about":[{"href":"https:\/\/predmetyreklamni.eu\/vyrobce\/sk\/wp-json\/wp\/v2\/types\/page"}],"author":[{"embeddable":true,"href":"https:\/\/predmetyreklamni.eu\/vyrobce\/sk\/wp-json\/wp\/v2\/users\/1"}],"replies":[{"embeddable":true,"href":"https:\/\/predmetyreklamni.eu\/vyrobce\/sk\/wp-json\/wp\/v2\/comments?post=2184"}],"version-history":[{"count":25,"href":"https:\/\/predmetyreklamni.eu\/vyrobce\/sk\/wp-json\/wp\/v2\/pages\/2184\/revisions"}],"predecessor-version":[{"id":4779,"href":"https:\/\/predmetyreklamni.eu\/vyrobce\/sk\/wp-json\/wp\/v2\/pages\/2184\/revisions\/4779"}],"wp:attachment":[{"href":"https:\/\/predmetyreklamni.eu\/vyrobce\/sk\/wp-json\/wp\/v2\/media?parent=2184"}],"curies":[{"name":"wp","href":"https:\/\/api.w.org\/{rel}","templated":true}]}}