{"id":2190,"date":"2013-10-11T13:49:51","date_gmt":"2013-10-11T13:49:51","guid":{"rendered":"http:\/\/predmetyreklamni.eu\/vyrobce\/?page_id=2190"},"modified":"2021-05-24T21:43:35","modified_gmt":"2021-05-24T21:43:35","slug":"3d-samolepky-vyrobce","status":"publish","type":"page","link":"https:\/\/predmetyreklamni.eu\/vyrobce\/sk\/3d-samolepky-vyrobce\/","title":{"rendered":"3D samolepky v\u00fdrobce"},"content":{"rendered":"<h1>V\u00ddROBCE 3D SAMOLEPKY<\/h1>\n<h2>3D samolepky p\u0159\u00edmo od v\u00fdrobce za v\u00fdhodn\u00e9 ceny<\/h2>\n<p style=\"text-align: justify;\">Jsme profesion\u00e1ln\u00ed v\u00fdrobce 3D samolepky, a proto jsme schopni vyrobit na zak\u00e1zku jak\u00e9koliv 3D samolepky dle zad\u00e1n\u00ed klienta. Vzhledem k tomu, \u017ee jsme p\u0159\u00edm\u00fd z\u00e1stupce v\u00fdrobce 3D samolepky, zam\u011b\u0159ujeme se na firemn\u00ed klientelu a velk\u00e9 objemy v \u0159\u00e1du stovek nikoliv na koncov\u00e9 z\u00e1kazn\u00edky a tedy kusovou v\u00fdrobu 3D samolepky. Z pozice p\u0159\u00edm\u00e9ho z\u00e1stupce v\u00fdrobce pro 3D samolepky, V\u00e1m m\u016f\u017eeme nab\u00eddnout individu\u00e1ln\u00ed p\u0159\u00edstup, kvalitn\u00ed produkty a v\u00fdhodn\u00e9 ceny.<\/p>\n<h2>Materi\u00e1ly v\u00fdrobce pro 3D samolepky<\/h2>\n<p style=\"text-align: justify;\"><a href=\"http:\/\/predmetyreklamni.eu\/vyrobce\/wp-content\/uploads\/plastick\u00e9-samolepky-v\u00fdroba.jpg\"><img decoding=\"async\" loading=\"lazy\" class=\"alignleft  wp-image-2747\" title=\"plastick\u00e9 samolepky v\u00fdroba\" alt=\"plastick\u00e9 samolepky v\u00fdroba\" src=\"http:\/\/predmetyreklamni.eu\/vyrobce\/wp-content\/uploads\/plastick\u00e9-samolepky-v\u00fdroba.jpg\" width=\"176\" height=\"174\" \/><\/a><\/p>\n<p style=\"text-align: justify;\">V\u00fdrobce p\u0159i v\u00fdrob\u011b 3D samolepky vyu\u017e\u00edv\u00e1 kvalitn\u00edch f\u00f3li\u00ed s lepidlem o \u017eivotnosti v pr\u016fm\u011bru 4 roky, kdy p\u0159i venkovn\u00edm vyu\u017eit\u00ed se tato doba m\u016f\u017ee i zkr\u00e1tit. Jak u\u017e bylo zm\u00edn\u011bno na na\u0161ich str\u00e1nk\u00e1ch, mezi nej\u010dast\u011bji vyu\u017e\u00edvan\u00fdm pat\u0159\u00ed b\u00edl\u00e1 f\u00f3lie a na p\u0159\u00e1n\u00ed z\u00e1kazn\u00edka lze pou\u017e\u00edt nap\u0159\u00edklad barevn\u00e9, metalick\u00e9, karbonov\u00e9, chromov\u00e9 nebo dal\u0161\u00ed speci\u00e1ln\u00ed f\u00f3lie s 3D efektem.<\/p>\n<h2>Potisk 3D samolepky od v\u00fdrobce<\/h2>\n<p style=\"text-align: justify;\">Proces v\u00fdroby 3D samolepky v\u00fdrobce v\u017edy p\u0159izp\u016fsob\u00ed, tak aby vyhov\u011bl zad\u00e1n\u00ed klienta a doc\u00edlil tak fin\u00e1ln\u00ed 3D samolepky, kter\u00e1 bude p\u0159esn\u011b odpov\u00eddat po\u017eadavk\u016fm klienta. Pro potisk 3D samolepky v\u00fdrobce vyu\u017e\u00edv\u00e1 v\u00fdhradn\u011b technologie digit\u00e1ln\u00ed potisku s vysok\u00fdm rozli\u0161en\u00edm nebo s\u00edtotisku. Zvolen\u00e1 technologie z\u00e1le\u017e\u00ed na barv\u011b podkladov\u00e9 f\u00f3lie a tak\u00e9 na n\u00e1ro\u010dnosti a barevnosti grafiky.\u00a0Ve\u0161ker\u00e9 barvy, kter\u00e9 v\u00fdrobce pou\u017e\u00edv\u00e1 pro v\u00fdrobu 3D samolepky jsou odoln\u00e9 v\u016f\u010di UV z\u00e1\u0159en\u00ed a maj\u00ed dlouhou \u017eivotnost i v p\u0159\u00edpad\u011b venkovn\u00edho vyu\u017eit\u00ed.<\/p>\n<p><a href=\"http:\/\/predmetyreklamni.eu\/vyrobce\/wp-content\/uploads\/3D-samolepky-s-potiskem.jpg\"><img decoding=\"async\" loading=\"lazy\" class=\"alignleft  wp-image-2741\" title=\"3D samolepky s potiskem\" alt=\"3D samolepky s potiskem\" src=\"http:\/\/predmetyreklamni.eu\/vyrobce\/wp-content\/uploads\/3D-samolepky-s-potiskem.jpg\" width=\"250\" height=\"250\" srcset=\"https:\/\/predmetyreklamni.eu\/vyrobce\/wp-content\/uploads\/3D-samolepky-s-potiskem.jpg 250w, https:\/\/predmetyreklamni.eu\/vyrobce\/wp-content\/uploads\/3D-samolepky-s-potiskem-150x150.jpg 150w\" sizes=\"(max-width: 250px) 100vw, 250px\" \/><\/a><\/p>\n<p><a href=\"http:\/\/predmetyreklamni.eu\/vyrobce\/wp-content\/uploads\/3D-samolepky-v\u00fdroba.jpg\"><img decoding=\"async\" loading=\"lazy\" class=\"alignleft  wp-image-2742\" title=\"3D samolepky v\u00fdroba\" alt=\"3D samolepky v\u00fdroba\" src=\"http:\/\/predmetyreklamni.eu\/vyrobce\/wp-content\/uploads\/3D-samolepky-v\u00fdroba.jpg\" width=\"250\" height=\"250\" srcset=\"https:\/\/predmetyreklamni.eu\/vyrobce\/wp-content\/uploads\/3D-samolepky-v\u00fdroba.jpg 250w, https:\/\/predmetyreklamni.eu\/vyrobce\/wp-content\/uploads\/3D-samolepky-v\u00fdroba-150x150.jpg 150w\" sizes=\"(max-width: 250px) 100vw, 250px\" \/><\/a><\/p>\n<p>&nbsp;<\/p>\n<p>&nbsp;<\/p>\n<p>&nbsp;<\/p>\n<p>&nbsp;<\/p>\n<p>&nbsp;<\/p>\n<p>&nbsp;<\/p>\n<h2>O\u0159ez a nast\u0159\u00edh\u00e1n\u00ed 3D samolepky od v\u00fdrobce<\/h2>\n<p style=\"text-align: justify;\">Pomoc\u00ed modern\u00edch technologi\u00ed m\u016f\u017ee v\u00fdrobce snad vyrobit 3D samolepky nejr\u016fzn\u011bj\u0161\u00edch tvar\u016f od jednoduch\u00fdch z\u00e1kladn\u00edch tvar\u016f p\u0159es p\u00edsmena a\u017e po slo\u017eitou speci\u00e1ln\u00ed dekorativn\u00ed grafiku.\u00a03D samolepky v\u00fdrobce obvykle tiskne na v\u011bt\u0161\u00ed archy, ze kter\u00fdch se pak st\u0159\u00edhaj\u00ed jednotliv\u00e9 samolepky. V\u0161e z\u00e1le\u017e\u00ed na zad\u00e1n\u00ed klienta a tak\u00e9 jeho finan\u010dn\u00edm rozpo\u010dtu. 3D samolepky m\u016f\u017ee v\u00fdrobce dodat nenast\u0159\u00edhan\u00e9 na archu \u010di nast\u0159\u00edhan\u00e9 a nebo i jednotliv\u011b zabalen\u00e9.<\/p>\n<p><a href=\"http:\/\/predmetyreklamni.eu\/vyrobce\/wp-content\/uploads\/v\u00fdroba-3D-samolepek-na-zak\u00e1zku.jpg\"><img decoding=\"async\" loading=\"lazy\" class=\"alignleft size-full wp-image-2754\" alt=\"v\u00fdroba 3D samolepek na zak\u00e1zku\" src=\"http:\/\/predmetyreklamni.eu\/vyrobce\/wp-content\/uploads\/v\u00fdroba-3D-samolepek-na-zak\u00e1zku.jpg\" width=\"250\" height=\"250\" srcset=\"https:\/\/predmetyreklamni.eu\/vyrobce\/wp-content\/uploads\/v\u00fdroba-3D-samolepek-na-zak\u00e1zku.jpg 250w, https:\/\/predmetyreklamni.eu\/vyrobce\/wp-content\/uploads\/v\u00fdroba-3D-samolepek-na-zak\u00e1zku-150x150.jpg 150w\" sizes=\"(max-width: 250px) 100vw, 250px\" \/><\/a><\/p>\n<p><a href=\"http:\/\/predmetyreklamni.eu\/vyrobce\/wp-content\/uploads\/plastick\u00e9-samolepky-od-v\u00fdrobce.jpg\"><img decoding=\"async\" loading=\"lazy\" class=\"alignleft size-full wp-image-2755\" alt=\"plastick\u00e9 samolepky od v\u00fdrobce\" src=\"http:\/\/predmetyreklamni.eu\/vyrobce\/wp-content\/uploads\/plastick\u00e9-samolepky-od-v\u00fdrobce.jpg\" width=\"250\" height=\"250\" srcset=\"https:\/\/predmetyreklamni.eu\/vyrobce\/wp-content\/uploads\/plastick\u00e9-samolepky-od-v\u00fdrobce.jpg 250w, https:\/\/predmetyreklamni.eu\/vyrobce\/wp-content\/uploads\/plastick\u00e9-samolepky-od-v\u00fdrobce-150x150.jpg 150w\" sizes=\"(max-width: 250px) 100vw, 250px\" \/><\/a><\/p>\n<h2>Grafick\u00e9 podklady pro v\u00fdrobce 3D samolepky<\/h2>\n<p>Pro rychl\u00e9 a tak\u00e9 snadn\u00e9 zpracov\u00e1n\u00ed 3D samolepky u v\u00fdrobce je nutn\u00e9 dodat grafick\u00e9 podklady, kter\u00e9 jsou nutn\u00e9 pro v\u00fdrobu. Co mus\u00ed obsahovat grafick\u00e9 podklady:<\/p>\n<ul>\n<li>rozm\u011bry samolepky<\/li>\n<li>jasn\u011b definovan\u00fd o\u0159ez samolepky<\/li>\n<li>ide\u00e1ln\u00ed form\u00e1t PDF v k\u0159ivk\u00e1ch<\/li>\n<li>ve\u0161ker\u00e9 barvy vydefinovan\u00e9 dle Pantone\u00ae<\/li>\n<li>p\u00edsmo v k\u0159ivk\u00e1ch a p\u0159\u00edpadn\u011b n\u00e1zev Fontu<\/li>\n<li>loga a grafika v k\u0159ivk\u00e1ch<\/li>\n<\/ul>\n<div>\n<div>\n<p style=\"text-align: justify;\">Zaujala V\u00e1s na\u0161e nab\u00eddka a chcete propagovat svou firmu a zna\u010dku pomoc\u00ed 3D samolepky p\u0159\u00edmo od v\u00fdrobce?\u00a0Nev\u00e1hejte n\u00e1s kontaktovat pro cenovou nab\u00eddku na emailu:\u00a0<a title=\"info@predmetyreklamni.eu\" href=\"mailto:info@predmetyreklamni.eu\">info@predmetyreklamni.eu<\/a><\/p>\n<p style=\"text-align: justify;\"><strong>Do cenov\u00e9 popt\u00e1vky pros\u00edm uve\u010fte pot\u0159ebn\u00e9 informace pro cenovou nab\u00eddku jako<\/strong>: mno\u017estv\u00ed, velikost, barevn\u00e9 proveden\u00ed nebo kombinaci barev, dobu dod\u00e1n\u00ed. V\u0161echny tyto informace n\u00e1m pomohou k rychlej\u0161\u00edmu zpracov\u00e1n\u00ed cenov\u00e9 nab\u00eddky pr\u00e1v\u011b pro V\u00e1s.<\/p>\n<p style=\"text-align: justify;\">T\u011b\u0161\u00edme se na spolupr\u00e1ci! Team Gifts Service<\/p>\n<\/div>\n<\/div>\n","protected":false},"excerpt":{"rendered":"<p>V\u00ddROBCE 3D SAMOLEPKY 3D samolepky p\u0159\u00edmo od v\u00fdrobce za v\u00fdhodn\u00e9 ceny Jsme profesion\u00e1ln\u00ed v\u00fdrobce 3D samolepky, a proto jsme schopni vyrobit na zak\u00e1zku jak\u00e9koliv 3D samolepky dle zad\u00e1n\u00ed klienta. Vzhledem k tomu, \u017ee jsme p\u0159\u00edm\u00fd z\u00e1stupce v\u00fdrobce 3D samolepky, zam\u011b\u0159ujeme &hellip; <a href=\"https:\/\/predmetyreklamni.eu\/vyrobce\/sk\/3d-samolepky-vyrobce\/\">Continue reading <span class=\"meta-nav\">&rarr;<\/span><\/a><\/p>\n","protected":false},"author":1,"featured_media":0,"parent":0,"menu_order":13,"comment_status":"closed","ping_status":"closed","template":"sidebar-page.php","meta":[],"_links":{"self":[{"href":"https:\/\/predmetyreklamni.eu\/vyrobce\/sk\/wp-json\/wp\/v2\/pages\/2190"}],"collection":[{"href":"https:\/\/predmetyreklamni.eu\/vyrobce\/sk\/wp-json\/wp\/v2\/pages"}],"about":[{"href":"https:\/\/predmetyreklamni.eu\/vyrobce\/sk\/wp-json\/wp\/v2\/types\/page"}],"author":[{"embeddable":true,"href":"https:\/\/predmetyreklamni.eu\/vyrobce\/sk\/wp-json\/wp\/v2\/users\/1"}],"replies":[{"embeddable":true,"href":"https:\/\/predmetyreklamni.eu\/vyrobce\/sk\/wp-json\/wp\/v2\/comments?post=2190"}],"version-history":[{"count":19,"href":"https:\/\/predmetyreklamni.eu\/vyrobce\/sk\/wp-json\/wp\/v2\/pages\/2190\/revisions"}],"predecessor-version":[{"id":2756,"href":"https:\/\/predmetyreklamni.eu\/vyrobce\/sk\/wp-json\/wp\/v2\/pages\/2190\/revisions\/2756"}],"wp:attachment":[{"href":"https:\/\/predmetyreklamni.eu\/vyrobce\/sk\/wp-json\/wp\/v2\/media?parent=2190"}],"curies":[{"name":"wp","href":"https:\/\/api.w.org\/{rel}","templated":true}]}}