{"id":2278,"date":"2013-11-26T12:57:32","date_gmt":"2013-11-26T12:57:32","guid":{"rendered":"http:\/\/predmetyreklamni.eu\/vyrobce\/?page_id=2278"},"modified":"2020-04-21T06:04:45","modified_gmt":"2020-04-21T06:04:45","slug":"antistresove-micky-na-zakazku","status":"publish","type":"page","link":"https:\/\/predmetyreklamni.eu\/vyrobce\/sk\/antistresove-micky-na-zakazku\/","title":{"rendered":"Antistresov\u00e9 m\u00ed\u010dky na zak\u00e1zku"},"content":{"rendered":"<h1 style=\"text-align: justify;\">ANTISTRESOV\u00c9 M\u00cd\u010cKY NA ZAK\u00c1ZKU<\/h1>\n<h2 style=\"text-align: justify;\">Reklamn\u00ed antistresov\u00e9 m\u00ed\u010dky na zak\u00e1zku pro Va\u0161\u00ed propagaci!<\/h2>\n<p style=\"text-align: justify;\"><a href=\"http:\/\/predmetyreklamni.eu\/vyrobce\/wp-content\/uploads\/antistresov\u00e9-m\u00ed\u010dky-dodavatel.jpg\"><img decoding=\"async\" loading=\"lazy\" class=\"alignright\" title=\"Antistresov\u00e9 m\u00ed\u010dky dodavatel\" alt=\"Antistresov\u00e9 m\u00ed\u010dky dodavatel\" src=\"http:\/\/predmetyreklamni.eu\/vyrobce\/wp-content\/uploads\/antistresov\u00e9-m\u00ed\u010dky-dodavatel-300x300.jpg\" width=\"240\" height=\"240\" \/><\/a>Antistresov\u00e9 m\u00ed\u010dky na zak\u00e1zku pat\u0159\u00ed mezi obl\u00edben\u00e9 reklamn\u00ed p\u0159edm\u011bty a nab\u00edz\u00ed celou \u0159adu zpracov\u00e1n\u00ed. Reklamn\u00ed antistresov\u00e9 m\u00ed\u010dky jsou hrav\u00e9, barevn\u00e9, nab\u00edz\u00ed m\u00edsto pro potisk Va\u0161\u00edm logem, sloganem \u010di zna\u010dkou a nejsou cenov\u011b n\u00e1ro\u010dn\u00e9. A pr\u00e1v\u011b z t\u011bchto d\u016fvod\u016f i my Gifts Service &#8211; specialista na reklamn\u00ed p\u0159edm\u011bty na zak\u00e1zku nab\u00edz\u00edme antistresov\u00e9 m\u00ed\u010dky. Pomoc\u00ed p\u0159edm\u011btu antistresov\u00e9 m\u00ed\u010dky se m\u016f\u017ee propagovat ka\u017ed\u00e1 firma bez rozd\u00edlu specializace \u010di zam\u011b\u0159en\u00ed na trhu. Vytvo\u0159te unik\u00e1tn\u00ed reklamn\u00ed d\u00e1rek pro sv\u00e9 z\u00e1kazn\u00edky \u010di obchodn\u00ed klienty a darujte jim antistresov\u00e9 m\u00ed\u010dky.<\/p>\n<h2 style=\"text-align: justify;\">Antistresov\u00e9 m\u00ed\u010dky na zak\u00e1zku nab\u00eddka<\/h2>\n<p style=\"text-align: justify;\">N\u00ed\u017ee V\u00e1m p\u0159edstav\u00edme p\u0159edstav\u00edme n\u011bkter\u00e9 antistresov\u00e9 m\u00ed\u010dky a mo\u017en\u00e1 inspirujeme i V\u00e1s a budete propagovat svou firmu pomoc\u00ed p\u0159edm\u011btu antistresov\u00e9 m\u00ed\u010dky a to nav\u00edc efektivn\u011b a stylov\u011b.<\/p>\n<h2 style=\"text-align: justify;\">Antistresov\u00e9 m\u00ed\u010dky na zak\u00e1zku Smiley<\/h2>\n<p style=\"text-align: justify;\"><a href=\"http:\/\/predmetyreklamni.eu\/vyrobce\/wp-content\/uploads\/mjD5EkFVxm1LR74DOrVaOig.jpg\"><img decoding=\"async\" loading=\"lazy\" class=\"alignleft\" title=\"Antistresov\u00e9 m\u00ed\u010dky Smile v\u00fdrobce\" alt=\"Antistresov\u00e9 m\u00ed\u010dky Smile v\u00fdrobce\" src=\"http:\/\/predmetyreklamni.eu\/vyrobce\/wp-content\/uploads\/mjD5EkFVxm1LR74DOrVaOig.jpg\" width=\"275\" height=\"274\" \/><\/a>Antistresov\u00e9 m\u00ed\u010dky Smiley pat\u0159\u00ed mezi klasiku a zajist\u00e9 je jako d\u00e1rek ocen\u00ed ka\u017ed\u00fd z\u00e1kazn\u00edk nebo obchodn\u00ed partner. Antistresov\u00e9 m\u00ed\u010dky Smiley mohou b\u00fdt na zak\u00e1zku v z\u00e1kladn\u00edch barv\u00e1ch:\u00a0\u017elut\u00e1, oran\u017eov\u00e1, r\u016f\u017eov\u00e1, \u010derven\u00e1, zelen\u00e1, modr\u00e1.<\/p>\n<p style=\"text-align: justify;\"><strong>Materi\u00e1l<\/strong>: PU (polyuretan)<br \/>\n<strong>Rozm\u011bry<\/strong>:\u00a0\u00d8 6.5 cm<br \/>\n<strong>Hmotnost<\/strong>: cca 22g<br \/>\n<strong>Min. objedn\u00e1vka<\/strong>:\u00a0100 ks<br \/>\n<strong>Cena<\/strong>: \u00a0ji\u017e od 14.90,- K\u010d\/ks*<br \/>\n<a title=\"ZASLAT POPT\u00c1VKU\" href=\"mailto:info@predmetyreklamni.eu\">ZASLAT POPT\u00c1VKU\u00a0<\/a><\/p>\n<h2 style=\"text-align: justify;\">Antistresov\u00e9 m\u00ed\u010dky na zak\u00e1zku bez potisku<\/h2>\n<p style=\"text-align: justify;\"><a href=\"http:\/\/predmetyreklamni.eu\/vyrobce\/wp-content\/uploads\/GS-AB003.jpg\"><img decoding=\"async\" loading=\"lazy\" class=\"alignleft\" title=\"Antistresov\u00e9 m\u00ed\u010dky bez potisku dodavatel\" alt=\"Antistresov\u00e9 m\u00ed\u010dky bez potisku dodavatel\" src=\"http:\/\/predmetyreklamni.eu\/vyrobce\/wp-content\/uploads\/GS-AB003-300x259.jpg\" width=\"270\" height=\"233\" \/><\/a>Antistresov\u00e9 m\u00ed\u010dky bez potisku nab\u00edz\u00edme v z\u00e1kladn\u00edch barv\u00e1ch.: b\u00edl\u00e1, \u017elut\u00e1, oran\u017eov\u00e1, r\u016f\u017eov\u00e1, \u010derven\u00e1, fialov\u00e1, sv\u011btle modr\u00e1, modr\u00e1, sv\u011btle zelen\u00e1, zelen\u00e1, \u010dern\u00e1. \u00a0Antistresov\u00e9 m\u00ed\u010dky bez potisku jako d\u00e1rek pro sv\u00e9 klienty.<\/p>\n<p style=\"padding-left: 300px; text-align: justify;\"><strong>Materi\u00e1l<\/strong>: PU (polyuretan)<br \/>\n<strong>Rozm\u011bry<\/strong>:\u00a0\u00d8 6.5 cm<br \/>\n<strong>Hmotnost<\/strong>: cca 22g<br \/>\n<strong>Min. objedn\u00e1vka:<\/strong>\u00a0100 ks<br \/>\n<strong>Cena<\/strong>: \u00a0ji\u017e od 14.90,- K\u010d\/ks*<br \/>\n<a title=\"ZASLAT POPT\u00c1VKU\" href=\"mailto:info@predmetyreklamni.eu\">ZASLAT POPT\u00c1VKU\u00a0<\/a><\/p>\n<h2 style=\"text-align: justify;\">Antistresov\u00e9 p\u0159edm\u011bty na zak\u00e1zku s potiskem<\/h2>\n<p style=\"text-align: justify;\"><a href=\"http:\/\/predmetyreklamni.eu\/vyrobce\/wp-content\/uploads\/antistresov\u00e9-reklamn\u00ed-p\u0159edm\u011bty-na-zak\u00e1zku.jpg\"><img decoding=\"async\" loading=\"lazy\" class=\"alignleft\" title=\"Antistresov\u00e9 reklamn\u00ed p\u0159edm\u011bty v\u00fdrobce\" alt=\"Antistresov\u00e9 reklamn\u00ed p\u0159edm\u011bty v\u00fdrobce\" src=\"http:\/\/predmetyreklamni.eu\/vyrobce\/wp-content\/uploads\/antistresov\u00e9-reklamn\u00ed-p\u0159edm\u011bty-na-zak\u00e1zku-300x280.jpg\" width=\"270\" height=\"252\" \/><\/a>Na zak\u00e1zku V\u00e1m t\u00e9\u017e vyrob\u00edme antistresov\u00e9 reklamn\u00ed p\u0159edm\u011bty v r\u016fzn\u00fdch tvarech, barv\u00e1ch, velikostech a s potiskem dle Va\u0161eho zad\u00e1n\u00ed. Antistresov\u00e9 reklamn\u00ed p\u0159edm\u011bty pro efektivn\u00ed propagaci Va\u0161\u00ed zna\u010dky.<\/p>\n<p style=\"text-align: justify;\"><strong>Materi\u00e1l<\/strong>: PU (polyuretan), PVC<br \/>\n<strong>Rozm\u011bry<\/strong>:\u00a0na zak\u00e1zku<br \/>\n<strong>Potisk<\/strong>: tamp\u00f3nov\u00fd potisk, transfer potisk<br \/>\n<strong>Min. objedn\u00e1vka<\/strong>:\u00a01000 ks<br \/>\n<strong>Cena<\/strong>: \u00a0ji\u017e od 24.90,- K\u010d\/ks*<br \/>\n<a title=\"ZASLAT POPT\u00c1VKU\" href=\"mailto:info@predmetyreklamni.eu\">ZASLAT POPT\u00c1VKU\u00a0<\/a><\/p>\n<div id=\"attachment_4554\" style=\"width: 266px\" class=\"wp-caption alignleft\"><a href=\"http:\/\/predmetyreklamni.eu\/vyrobce\/wp-content\/uploads\/tla\u010d\u00edtko.jpg\"><img aria-describedby=\"caption-attachment-4554\" decoding=\"async\" loading=\"lazy\" class=\"wp-image-4554  \" title=\"Zakazkov\u00e1 v\u00fdroba antistresoveho p\u0159edm\u011btu\" alt=\"Zakazkov\u00e1 v\u00fdroba antistresoveho p\u0159edm\u011btu\" src=\"http:\/\/predmetyreklamni.eu\/vyrobce\/wp-content\/uploads\/tla\u010d\u00edtko-300x209.jpg\" width=\"256\" height=\"178\" srcset=\"https:\/\/predmetyreklamni.eu\/vyrobce\/wp-content\/uploads\/tla\u010d\u00edtko-300x209.jpg 300w, https:\/\/predmetyreklamni.eu\/vyrobce\/wp-content\/uploads\/tla\u010d\u00edtko-1024x715.jpg 1024w, https:\/\/predmetyreklamni.eu\/vyrobce\/wp-content\/uploads\/tla\u010d\u00edtko-429x300.jpg 429w, https:\/\/predmetyreklamni.eu\/vyrobce\/wp-content\/uploads\/tla\u010d\u00edtko.jpg 1253w\" sizes=\"(max-width: 256px) 100vw, 256px\" \/><\/a><p id=\"caption-attachment-4554\" class=\"wp-caption-text\">Zakazkov\u00e1 v\u00fdroba antistresoveho p\u0159edm\u011btu<\/p><\/div>\n<div id=\"attachment_4555\" style=\"width: 171px\" class=\"wp-caption alignright\"><a href=\"http:\/\/predmetyreklamni.eu\/vyrobce\/wp-content\/uploads\/QQ\u56fe\u724720150822120148.jpg\"><img aria-describedby=\"caption-attachment-4555\" decoding=\"async\" loading=\"lazy\" class=\"wp-image-4555  \" title=\"zakazkov\u00fd tvar antistresoveho p\u0159edmetu\" alt=\"zakazkov\u00fd tvar antistresoveho p\u0159edmetu\" src=\"http:\/\/predmetyreklamni.eu\/vyrobce\/wp-content\/uploads\/QQ\u56fe\u724720150822120148-225x300.jpg\" width=\"161\" height=\"213\" \/><\/a><p id=\"caption-attachment-4555\" class=\"wp-caption-text\">zakazkov\u00fd tvar antistresoveho p\u0159edmetu<\/p><\/div>\n<h2><span style=\"color: #000000; font-weight: bold;\">Zakazkov\u00e1 v\u00fdroba antistresoveho p\u0159edm\u011btu<\/span><\/h2>\n<p>V\u00fdroba z\u00e1kazkov\u00e1ho tvaru\u00a0antistresoveho p\u0159edm\u011btu\u00a0je mozna od 3000 ks. Nejprve se tvar odkomunikuje na \u00farovni technick\u00e9ho v\u00fdkresu pak se vyvzoruje 3D vzorek z tvrd\u00e9ho plastu. Pokud je tento vzorek schv\u00e1len vyrob\u00ed se forma, kter\u00e1 je na cel\u00e9 v\u00fdrob\u011b nejn\u00e1kladn\u011bj\u0161\u00ed.<\/p>\n<p>Tento postup eliminuje nedorozum\u011bn\u00ed a i kdy\u017e je zdlouhav\u011bj\u0161\u00ed tak je pro realizaci ten nejvhodn\u011bj\u0161\u00ed.<\/p>\n<p><a title=\"ZASLAT POPT\u00c1VKU\" href=\"mailto:info@predmetyreklamni.eu\">ZASLAT POPT\u00c1VKU\u00a0<\/a><\/p>\n<h2 style=\"text-align: justify;\"><\/h2>\n<h2 style=\"text-align: justify;\">Antistresov\u00e9 m\u00ed\u010dky materi\u00e1ly na zak\u00e1zku<\/h2>\n<p style=\"text-align: justify;\">P\u0159i v\u00fdrob\u011b p\u0159edm\u011btu antistresov\u00e9 m\u00ed\u010dky na zak\u00e1zku se t\u00e9m\u011b\u0159 v\u00fdhradn\u011b pou\u017e\u00edv\u00e1 materi\u00e1l polyuretan.\u00a0Polyuretan\u00a0je\u00a0polymer, kter\u00fd se vyr\u00e1b\u00ed polyadic\u00ed diizokyan\u00e1t\u016f a dvoj &#8211; nebo v\u00edcesytn\u00fdch\u00a0alkohol\u016f\u00a0za vzniku karbam\u00e1tov\u00e9 (uretanov\u00e9) vazby a je hojn\u011b vyu\u017e\u00edv\u00e1n ve v\u0161ech pr\u016fmyslov\u00fdch odv\u011btv\u00edch. Polyuretan se pou\u017e\u00edv\u00e1 k v\u00fdrob\u011b m\u011bkk\u00fdch p\u011bnov\u00fdch m\u00ed\u010dk\u016f. Dal\u0161\u00ed materi\u00e1l pro v\u00fdrobu p\u0159edm\u011btu antistresov\u00e9 m\u00ed\u010dky na zak\u00e1zku je PVC.<\/p>\n<h2 style=\"text-align: justify;\">Antistresov\u00e9 m\u00ed\u010dky na zak\u00e1zku potisk<\/h2>\n<p style=\"text-align: justify;\">Pro potisk p\u0159edm\u011btu antistresov\u00e9 m\u00ed\u010dky na zak\u00e1zku se vyu\u017e\u00edvaj\u00ed dv\u011b z\u00e1kladn\u00ed metody. Prvn\u00ed a tak\u00e9 nej\u010dast\u011bji vyu\u017e\u00edvanou je tamp\u00f3nov\u00fd potisk, co\u017e je proces p\u0159i kter\u00e9m se 2D obr\u00e1zky p\u0159en\u00e1\u0161\u00ed na 3D p\u0159edm\u011bty. Druhou metodou pro potisk p\u0159edm\u011btu antistresov\u00e9 m\u00ed\u010dky je transfer potisk.<\/p>\n<p style=\"text-align: justify;\">*\u00a0uveden\u00e9 ceny:\u00a0neobsahuj\u00ed DPH 21%, jsou platn\u00e9 p\u0159i odb\u011bru 1000 ks a v p\u0159\u00edpad\u011b v\u00fdroby antistresov\u00fdch reklamn\u00edch p\u0159edm\u011bt\u016f na zak\u00e1zku neobsahuj\u00ed p\u0159\u00edpravu v\u00fdroby<\/p>\n<p style=\"text-align: justify;\">Zaujala V\u00e1s na\u0161e nab\u00eddka a chcete propagovat svou firmu a zna\u010dku pomoc\u00ed p\u0159edm\u011btu antistresov\u00e9 m\u00ed\u010dky na zak\u00e1zku? Nev\u00e1hejte n\u00e1s kontaktovat pro cenovou nab\u00eddku na emailu:\u00a0<a title=\"info@predmetyreklamni.eu\" href=\"mailto:info@predmetyreklamni.eu\">info@predmetyreklamni.eu<\/a><\/p>\n<p style=\"text-align: justify;\"><strong>Do cenov\u00e9 popt\u00e1vky pros\u00edm uve\u010fte pot\u0159ebn\u00e9 informace pro cenovou nab\u00eddku jako<\/strong>: mno\u017estv\u00ed, velikost, barevn\u00e9 proveden\u00ed nebo kombinaci barev, dobu dod\u00e1n\u00ed. V\u0161echny tyto informace n\u00e1m pomohou k rychlej\u0161\u00edmu zpracov\u00e1n\u00ed cenov\u00e9 nab\u00eddky pr\u00e1v\u011b pro V\u00e1s.<\/p>\n<p style=\"text-align: justify;\">T\u011b\u0161\u00edme se na spolupr\u00e1ci! Team Gifts Service<\/p>\n","protected":false},"excerpt":{"rendered":"<p>ANTISTRESOV\u00c9 M\u00cd\u010cKY NA ZAK\u00c1ZKU Reklamn\u00ed antistresov\u00e9 m\u00ed\u010dky na zak\u00e1zku pro Va\u0161\u00ed propagaci! Antistresov\u00e9 m\u00ed\u010dky na zak\u00e1zku pat\u0159\u00ed mezi obl\u00edben\u00e9 reklamn\u00ed p\u0159edm\u011bty a nab\u00edz\u00ed celou \u0159adu zpracov\u00e1n\u00ed. Reklamn\u00ed antistresov\u00e9 m\u00ed\u010dky jsou hrav\u00e9, barevn\u00e9, nab\u00edz\u00ed m\u00edsto pro potisk Va\u0161\u00edm logem, sloganem \u010di &hellip; <a href=\"https:\/\/predmetyreklamni.eu\/vyrobce\/sk\/antistresove-micky-na-zakazku\/\">Continue reading <span class=\"meta-nav\">&rarr;<\/span><\/a><\/p>\n","protected":false},"author":1,"featured_media":0,"parent":0,"menu_order":7,"comment_status":"closed","ping_status":"closed","template":"sidebar-page.php","meta":[],"_links":{"self":[{"href":"https:\/\/predmetyreklamni.eu\/vyrobce\/sk\/wp-json\/wp\/v2\/pages\/2278"}],"collection":[{"href":"https:\/\/predmetyreklamni.eu\/vyrobce\/sk\/wp-json\/wp\/v2\/pages"}],"about":[{"href":"https:\/\/predmetyreklamni.eu\/vyrobce\/sk\/wp-json\/wp\/v2\/types\/page"}],"author":[{"embeddable":true,"href":"https:\/\/predmetyreklamni.eu\/vyrobce\/sk\/wp-json\/wp\/v2\/users\/1"}],"replies":[{"embeddable":true,"href":"https:\/\/predmetyreklamni.eu\/vyrobce\/sk\/wp-json\/wp\/v2\/comments?post=2278"}],"version-history":[{"count":32,"href":"https:\/\/predmetyreklamni.eu\/vyrobce\/sk\/wp-json\/wp\/v2\/pages\/2278\/revisions"}],"predecessor-version":[{"id":4553,"href":"https:\/\/predmetyreklamni.eu\/vyrobce\/sk\/wp-json\/wp\/v2\/pages\/2278\/revisions\/4553"}],"wp:attachment":[{"href":"https:\/\/predmetyreklamni.eu\/vyrobce\/sk\/wp-json\/wp\/v2\/media?parent=2278"}],"curies":[{"name":"wp","href":"https:\/\/api.w.org\/{rel}","templated":true}]}}