{"id":29,"date":"2013-03-20T10:22:34","date_gmt":"2013-03-20T10:22:34","guid":{"rendered":"http:\/\/predmetyreklamni.eu\/vyrobce\/?page_id=29"},"modified":"2020-04-21T06:04:45","modified_gmt":"2020-04-21T06:04:45","slug":"reklamni-predmety-dodavatel","status":"publish","type":"page","link":"https:\/\/predmetyreklamni.eu\/vyrobce\/sk\/reklamni-predmety-dodavatel\/","title":{"rendered":"Reklamn\u00ed p\u0159edm\u011bty dodavatel"},"content":{"rendered":"<h1 style=\"text-align: justify;\">REKLAMN\u00cd P\u0158EDM\u011aTY DODAVATEL &#8211; pobo\u010dka Praha<\/h1>\n<h2 style=\"text-align: justify;\">Reklamn\u00ed p\u0159edm\u011bty dodavatel &#8211; pobo\u010dka Praha<\/h2>\n<p style=\"text-align: justify;\"><a href=\"http:\/\/predmetyreklamni.eu\/vyrobce\/wp-content\/uploads\/website-logo-2.png\"><img decoding=\"async\" loading=\"lazy\" class=\"size-thumbnail wp-image-160 alignleft\" title=\"Gifts Service\" alt=\"Gifts Service\" src=\"http:\/\/predmetyreklamni.eu\/vyrobce\/wp-content\/uploads\/website-logo-2-150x83.png\" width=\"150\" height=\"83\" \/><\/a><\/p>\n<p style=\"text-align: justify;\"><strong>Jsme spolehliv\u00fd, kvalitn\u00ed a levn\u00fd dodavatel pro Va\u0161e reklamn\u00ed p\u0159edm\u011bty. Na\u0161\u00ed hlavn\u00ed \u010dinnost\u00ed je zak\u00e1zkov\u00e1 v\u00fdroba reklamn\u00edch p\u0159edm\u011bt\u016f dle zad\u00e1n\u00ed z\u00e1kazn\u00edka. Na\u0161e firma je na trhu v oboru reklamn\u00ed p\u0159edm\u011bty od roku 2003 a disponuje pobo\u010dkami Praha v \u010cesk\u00e9 republice, d\u00e1le v N\u011bmecku, Polsku, Ma\u010farsku, Rumunsku, \u010c\u00edn\u011b a Hong Kongu.<\/strong><\/p>\n<p style=\"text-align: justify;\">Nev\u00e1hejte n\u00e1s kontaktovat pro cenovou nab\u00eddku na <a title=\"reklamn\u00ed p\u0159edm\u011bty v\u00fdrobce kontakt\" href=\"mailto:info@predmetyreklamni.eu\">info@predmetyreklamni.eu<\/a>. V p\u0159\u00edpad\u011b z\u00e1jmu o vzorek reklamn\u00edho p\u0159edm\u011btu z na\u0161eho sortimentu, V\u00e1m jej r\u00e1di nez\u00e1vazn\u011b \u00a0za\u0161leme po\u0161tou na adresu.<\/p>\n<p style=\"text-align: justify;\">M\u016f\u017eete n\u00e1s kontaktovat pomoc\u00ed kontaktn\u00edho formul\u00e1\u0159e n\u00ed\u017ee nebo na kontaktech uveden\u00fdch pod n\u00edm.<\/p>\n<h2>Reklamn\u00ed p\u0159edm\u011bty dodavatel pobo\u010dka Praha<\/h2>\n<p><strong>Kontaktn\u00ed \u00fadaje\/s\u00eddlo:<br \/>\n<\/strong>Prvn\u00ed exportn\u00ed\/importn\u00ed s.r.o.<br \/>\nRumunsk\u00e1 27\/14<br \/>\n120 00 Praha 2<br \/>\nI\u010c: 27621499<br \/>\nDI\u010c: CZ27621499<br \/>\nSpole\u010dnost je zaps\u00e1na v obchodn\u00edm rejst\u0159\u00edku u rejst\u0159\u00edkov\u00e9ho soudu v\u00a0Praze odd\u00edl C, vlo\u017eka 119499<br \/>\n<strong>Telefon<\/strong>\u00a0: \u00a0 \u00a0 \u00a0 \u00a0 \u00a0 \u00a0 \u00a0+420 603 333 309<br \/>\nEmail:\u00a0<a href=\"mailto:info@predmetyreklamni.eu\">info@predmetyreklamni.eu<\/a><\/p>\n<p><strong>Naskenovat n\u00e1\u0161 kontakt a ulo\u017eit<\/strong><\/p>\n<p><a href=\"http:\/\/www.qrcode-generator.de\" rel=\"nofollow\"><img decoding=\"async\" alt=\"www.qrcode-generator.de\" src=\"https:\/\/chart.googleapis.com\/chart?cht=qr&amp;chl=REKLAMNI%20PREDMETY%20VYROBCE%0ATelephone%3A%20%2B420%20257%20533%20973%0AMobile%20Phone%3A%20%2B420%20603%20333%20309%0AE-mail%3Ainfo%40predmetyreklamni.eu%0AAddress%3A%0APrvni%20exportni%2Fimportni%20s.r.o.%0ARumunska%2027%2F14%0A120%2000%20%20Praha%202&amp;chs=180x180&amp;choe=UTF-8&amp;chld=L|2\" \/><\/a><\/p>\n<p>Nev\u00e1hejte kontaktovat n\u00e1\u0161 team!<\/p>\n<p>Za formaln\u00ed spr\u00e1vnost str\u00e1nek a uveden\u00ed v\u0161ech povinn\u00fdch n\u00e1le\u017eitost\u00ed odpov\u00edd\u00e1:<br \/>\nALL Service telel s.r.o.<br \/>\nP\u0161en\u010d\u00edkova 674\/24<br \/>\n142 00 Praha 4<br \/>\nI\u010c: 25933566<br \/>\nDI\u010c: CZ25933566<\/p>\n<p>Obchodn\u00ed rejst\u0159\u00edk veden\u00fd M\u011bstsk\u00fdm soudem v Praze odd. C, vlo\u017eka 98846<\/p>\n<p style=\"text-align: justify;\">[contact-form-7 id=&#8220;4&#8243; title=&#8220;Contact form 1&#8243;]<\/p>\n<h2><\/h2>\n","protected":false},"excerpt":{"rendered":"<p>REKLAMN\u00cd P\u0158EDM\u011aTY DODAVATEL &#8211; pobo\u010dka Praha Reklamn\u00ed p\u0159edm\u011bty dodavatel &#8211; pobo\u010dka Praha Jsme spolehliv\u00fd, kvalitn\u00ed a levn\u00fd dodavatel pro Va\u0161e reklamn\u00ed p\u0159edm\u011bty. Na\u0161\u00ed hlavn\u00ed \u010dinnost\u00ed je zak\u00e1zkov\u00e1 v\u00fdroba reklamn\u00edch p\u0159edm\u011bt\u016f dle zad\u00e1n\u00ed z\u00e1kazn\u00edka. Na\u0161e firma je na trhu v oboru &hellip; <a href=\"https:\/\/predmetyreklamni.eu\/vyrobce\/sk\/reklamni-predmety-dodavatel\/\">Continue reading <span class=\"meta-nav\">&rarr;<\/span><\/a><\/p>\n","protected":false},"author":1,"featured_media":0,"parent":0,"menu_order":5,"comment_status":"closed","ping_status":"closed","template":"sidebar-page.php","meta":[],"_links":{"self":[{"href":"https:\/\/predmetyreklamni.eu\/vyrobce\/sk\/wp-json\/wp\/v2\/pages\/29"}],"collection":[{"href":"https:\/\/predmetyreklamni.eu\/vyrobce\/sk\/wp-json\/wp\/v2\/pages"}],"about":[{"href":"https:\/\/predmetyreklamni.eu\/vyrobce\/sk\/wp-json\/wp\/v2\/types\/page"}],"author":[{"embeddable":true,"href":"https:\/\/predmetyreklamni.eu\/vyrobce\/sk\/wp-json\/wp\/v2\/users\/1"}],"replies":[{"embeddable":true,"href":"https:\/\/predmetyreklamni.eu\/vyrobce\/sk\/wp-json\/wp\/v2\/comments?post=29"}],"version-history":[{"count":46,"href":"https:\/\/predmetyreklamni.eu\/vyrobce\/sk\/wp-json\/wp\/v2\/pages\/29\/revisions"}],"predecessor-version":[{"id":4595,"href":"https:\/\/predmetyreklamni.eu\/vyrobce\/sk\/wp-json\/wp\/v2\/pages\/29\/revisions\/4595"}],"wp:attachment":[{"href":"https:\/\/predmetyreklamni.eu\/vyrobce\/sk\/wp-json\/wp\/v2\/media?parent=29"}],"curies":[{"name":"wp","href":"https:\/\/api.w.org\/{rel}","templated":true}]}}