{"id":3033,"date":"2014-03-14T13:53:37","date_gmt":"2014-03-14T13:53:37","guid":{"rendered":"http:\/\/predmetyreklamni.eu\/vyrobce\/?page_id=3033"},"modified":"2020-04-21T06:04:14","modified_gmt":"2020-04-21T06:04:14","slug":"reklamni-magnetky-vyrobce","status":"publish","type":"page","link":"https:\/\/predmetyreklamni.eu\/vyrobce\/sk\/reklamni-magnetky-vyrobce\/","title":{"rendered":"Reklamn\u00ed magnetky v\u00fdrobce"},"content":{"rendered":"<h1>REKLAMN\u00cd MAGNETKY V\u00ddROBCE<\/h1>\n<h2>Reklamn\u00ed magnetky p\u0159\u00edmo od v\u00fdrobce za skv\u011bl\u00e9 ceny<\/h2>\n<p style=\"text-align: justify;\">Jsme spolehliv\u00fd a levn\u00fd p\u0159\u00edm\u00fd z\u00e1stupce v\u00fdrobce reklamn\u00ed magnetky. D\u00edky tomuto postaven\u00ed V\u00e1m m\u016f\u017eeme nab\u00eddnout v\u00fdhodn\u00e9 ceny. Na\u0161e firma nejedn\u00e1 p\u0159es agenty. Na\u0161i kmenov\u00fd zam\u011bstnanci jednaj\u00ed p\u0159\u00edmo s v\u00fdrobcem. Vzhledem k tomu, \u017ee m\u00e1me p\u0159\u00edm\u00e9 vazby na v\u00fdrobce reklamn\u00ed magnetky nab\u00edz\u00edme bezkonkuren\u010dn\u00ed ceny a kvalitn\u00ed produkty. Na\u0161e firma disponuje vlastn\u00ed pobo\u010dkou a vlastn\u00edmi zam\u011bstnanci p\u0159\u00edmo v zemi v\u00fdrobce reklamn\u00ed magnetky a tak m\u00e1me cel\u00fd v\u00fdrobn\u00ed proces pod kontrolou.<\/p>\n<p style=\"text-align: justify;\"><a href=\"http:\/\/predmetyreklamni.eu\/vyrobce\/wp-content\/uploads\/reklamn\u00ed-magnetky-zak\u00e1zkov\u00e1-v\u00fdroba.jpg\"><img decoding=\"async\" loading=\"lazy\" class=\"alignleft  wp-image-3157\" title=\"reklamn\u00ed magnetky zak\u00e1zkov\u00e1 v\u00fdroba\" alt=\"reklamn\u00ed magnetky zak\u00e1zkov\u00e1 v\u00fdroba\" src=\"http:\/\/predmetyreklamni.eu\/vyrobce\/wp-content\/uploads\/reklamn\u00ed-magnetky-zak\u00e1zkov\u00e1-v\u00fdroba.jpg\" width=\"155\" height=\"112\" \/><\/a><a href=\"http:\/\/predmetyreklamni.eu\/vyrobce\/wp-content\/uploads\/magnetky-na-lednici-v\u00fdrobce.jpg\"><img decoding=\"async\" loading=\"lazy\" class=\"alignleft  wp-image-3159\" title=\"magnetky na lednici v\u00fdrobce\" alt=\"magnetky na lednici v\u00fdrobce\" src=\"http:\/\/predmetyreklamni.eu\/vyrobce\/wp-content\/uploads\/magnetky-na-lednici-v\u00fdrobce.jpg\" width=\"155\" height=\"112\" \/><\/a><a href=\"http:\/\/predmetyreklamni.eu\/vyrobce\/wp-content\/uploads\/keramick\u00e9-magnetky-v\u00fdrobce.jpg\"><img decoding=\"async\" loading=\"lazy\" class=\"alignleft  wp-image-3161\" title=\"keramick\u00e9 magnetky v\u00fdrobce\" alt=\"keramick\u00e9 magnetky v\u00fdrobce\" src=\"http:\/\/predmetyreklamni.eu\/vyrobce\/wp-content\/uploads\/keramick\u00e9-magnetky-v\u00fdrobce.jpg\" width=\"155\" height=\"112\" \/><\/a><\/p>\n<h2>Kontrola kvality p\u0159\u00edmo u v\u00fdrobce reklamn\u00ed magnetky<\/h2>\n<p style=\"text-align: justify;\">Jednou z nejd\u016fle\u017eit\u011bj\u0161\u00edch v\u011bc\u00ed je fyzick\u00e9 zaji\u0161t\u011bn\u00ed kontroly kvality p\u0159\u00edmo u v\u00fdrobce\u00a0reklamn\u00ed magnetky p\u0159i p\u0159ej\u00edm\u00e1n\u00ed zak\u00e1zky. To d\u00edky na\u0161emu zastoupen\u00ed v \u010c\u00edn\u011b nen\u00ed nejmen\u0161\u00ed probl\u00e9m. Ujist\u00edme se, \u017ee V\u00e1mi objednan\u00e9\u00a0reklamn\u00ed magnetky dosahuj\u00ed nejp\u0159\u00edsn\u011bj\u0161\u00edch krit\u00e9ri\u00ed jakosti!\u00a0Je pro n\u00e1s samoz\u0159ejmost\u00ed se ujistit, \u017ee vyroben\u00e9 reklamn\u00ed p\u0159edm\u011bty v\u00fdrobce zhotovil dle po\u017eadavk\u016f a dosahuj\u00ed nejvy\u0161\u0161\u00ed kvality p\u0159ed t\u00edm, ne\u017e p\u0159evedeme Va\u0161e pen\u00edze. Na p\u0159\u00e1n\u00ed z\u00e1kazn\u00edka je t\u00e9\u017e mo\u017en\u00e9 si vy\u017e\u00e1dat vzorek vyroben\u00e9 reklamn\u00ed magnetky od v\u00fdrobce a zaslat pro kontrolu kvality. V tomto p\u0159\u00edpad\u011b je nutn\u00e9 po\u010d\u00edtat s prodlou\u017een\u00edm dod\u00e1vky zbo\u017e\u00ed.<\/p>\n<h2>Reklamn\u00ed magnetky materi\u00e1ly v\u00fdrobce<\/h2>\n<p style=\"text-align: justify;\">V\u00fdrobce reklamn\u00ed magnetky pou\u017e\u00edv\u00e1 z\u00e1sadn\u011b materi\u00e1ly dle zad\u00e1n\u00ed klienta. P\u0159i v\u00fdrob\u011b reklamn\u00ed magnetky se nej\u010dast\u011bji pou\u017e\u00edvaj\u00ed materi\u00e1ly jako silikon, pvc, pap\u00edr \u010di polyresin a samoz\u0159ejm\u011b magnetick\u00e9 materi\u00e1ly. V\u00fdrobce reklamn\u00ed magnetky vyu\u017e\u00edv\u00e1 z\u00e1sadn\u011b netoxick\u00e9 materi\u00e1ly, kvalitn\u00ed barvy k potisku a modern\u00ed technologie. V\u00fdrobce reklamn\u00ed magnetky zam\u011bstn\u00e1v\u00e1 pln\u011b kvalifikovan\u00fd person\u00e1l. V\u0161echny tyto prvky vedou k tomu, \u017ee v\u00fdrobce dod\u00e1 reklamn\u00ed magnetky p\u0159esn\u011b dle Va\u0161eho zad\u00e1n\u00ed.<\/p>\n<p><a href=\"http:\/\/predmetyreklamni.eu\/vyrobce\/wp-content\/uploads\/magnety-na-auto-v\u00fdrobce.jpg\"><img decoding=\"async\" loading=\"lazy\" class=\"alignleft  wp-image-3168\" title=\"magnety na auto v\u00fdrobce\" alt=\"magnety na auto v\u00fdrobce\" src=\"http:\/\/predmetyreklamni.eu\/vyrobce\/wp-content\/uploads\/magnety-na-auto-v\u00fdrobce.jpg\" width=\"155\" height=\"112\" \/><\/a><\/p>\n<p><a href=\"http:\/\/predmetyreklamni.eu\/vyrobce\/wp-content\/uploads\/silikonov\u00e9-magnetky-dodavatel.jpg\"><img decoding=\"async\" loading=\"lazy\" class=\"alignleft  wp-image-3172\" title=\"silikonov\u00e9 magnetky dodavatel\" alt=\"silikonov\u00e9 magnetky dodavatel\" src=\"http:\/\/predmetyreklamni.eu\/vyrobce\/wp-content\/uploads\/silikonov\u00e9-magnetky-dodavatel.jpg\" width=\"155\" height=\"112\" \/><\/a><\/p>\n<p><a href=\"http:\/\/predmetyreklamni.eu\/vyrobce\/wp-content\/uploads\/d\u00e1rkov\u00e9-magnetky-zak\u00e1zkov\u00e1-v\u00fdroba.jpg\"><img decoding=\"async\" loading=\"lazy\" class=\"alignleft  wp-image-3174\" title=\"d\u00e1rkov\u00e9 magnetky zak\u00e1zkov\u00e1 v\u00fdroba\" alt=\"d\u00e1rkov\u00e9 magnetky zak\u00e1zkov\u00e1 v\u00fdroba\" src=\"http:\/\/predmetyreklamni.eu\/vyrobce\/wp-content\/uploads\/d\u00e1rkov\u00e9-magnetky-zak\u00e1zkov\u00e1-v\u00fdroba.jpg\" width=\"155\" height=\"112\" \/><\/a><\/p>\n<p style=\"text-align: justify;\">Jsme dob\u0159e zaveden\u00e1, spolehliv\u00e1, profesion\u00e1ln\u00ed firma, kter\u00e1 nab\u00edz\u00ed sv\u00fdm z\u00e1kazn\u00edk\u016fm d\u00edky p\u0159\u00edm\u00fdm vazb\u00e1m na v\u00fdrobce \u0161irok\u00e9 mo\u017enosti zpracov\u00e1n\u00ed materi\u00e1l\u016f a ve fin\u00e1le tedy reklamn\u00ed magnetky dle zad\u00e1n\u00ed klienta. Nab\u00edz\u00edme reklamn\u00ed magnetky na lednici, d\u00e1rkov\u00e9 magnetky, speci\u00e1ln\u00ed magnetky s p\u0159\u00edslu\u0161enstv\u00edm nebo magnety na auto. V\u0161em na\u0161im klient\u016fm se sna\u017e\u00edme vyj\u00edt vst\u0159\u00edc a spokojen\u00fd z\u00e1kazn\u00edk je pro n\u00e1s prioritou.<\/p>\n<p>Chcete zajistit v\u00fdrobu reklamn\u00ed magnetky p\u0159\u00edmo u v\u00fdrobce? Kontaktujte n\u00e1s pro cenovou nab\u00eddku na emailu:<a href=\"mailto:info@predmetyreklamni.eu\">\u00a0info@predmetyreklamni.eu<\/a><\/p>\n","protected":false},"excerpt":{"rendered":"<p>REKLAMN\u00cd MAGNETKY V\u00ddROBCE Reklamn\u00ed magnetky p\u0159\u00edmo od v\u00fdrobce za skv\u011bl\u00e9 ceny Jsme spolehliv\u00fd a levn\u00fd p\u0159\u00edm\u00fd z\u00e1stupce v\u00fdrobce reklamn\u00ed magnetky. D\u00edky tomuto postaven\u00ed V\u00e1m m\u016f\u017eeme nab\u00eddnout v\u00fdhodn\u00e9 ceny. Na\u0161e firma nejedn\u00e1 p\u0159es agenty. Na\u0161i kmenov\u00fd zam\u011bstnanci jednaj\u00ed p\u0159\u00edmo s v\u00fdrobcem. &hellip; <a href=\"https:\/\/predmetyreklamni.eu\/vyrobce\/sk\/reklamni-magnetky-vyrobce\/\">Continue reading <span class=\"meta-nav\">&rarr;<\/span><\/a><\/p>\n","protected":false},"author":1,"featured_media":0,"parent":0,"menu_order":11,"comment_status":"closed","ping_status":"closed","template":"sidebar-page.php","meta":[],"_links":{"self":[{"href":"https:\/\/predmetyreklamni.eu\/vyrobce\/sk\/wp-json\/wp\/v2\/pages\/3033"}],"collection":[{"href":"https:\/\/predmetyreklamni.eu\/vyrobce\/sk\/wp-json\/wp\/v2\/pages"}],"about":[{"href":"https:\/\/predmetyreklamni.eu\/vyrobce\/sk\/wp-json\/wp\/v2\/types\/page"}],"author":[{"embeddable":true,"href":"https:\/\/predmetyreklamni.eu\/vyrobce\/sk\/wp-json\/wp\/v2\/users\/1"}],"replies":[{"embeddable":true,"href":"https:\/\/predmetyreklamni.eu\/vyrobce\/sk\/wp-json\/wp\/v2\/comments?post=3033"}],"version-history":[{"count":22,"href":"https:\/\/predmetyreklamni.eu\/vyrobce\/sk\/wp-json\/wp\/v2\/pages\/3033\/revisions"}],"predecessor-version":[{"id":3177,"href":"https:\/\/predmetyreklamni.eu\/vyrobce\/sk\/wp-json\/wp\/v2\/pages\/3033\/revisions\/3177"}],"wp:attachment":[{"href":"https:\/\/predmetyreklamni.eu\/vyrobce\/sk\/wp-json\/wp\/v2\/media?parent=3033"}],"curies":[{"name":"wp","href":"https:\/\/api.w.org\/{rel}","templated":true}]}}