{"id":3094,"date":"2014-03-17T12:46:43","date_gmt":"2014-03-17T12:46:43","guid":{"rendered":"http:\/\/predmetyreklamni.eu\/vyrobce\/?page_id=3094"},"modified":"2014-10-09T18:30:39","modified_gmt":"2014-10-09T18:30:39","slug":"reklamni-sladkosti-na-zakazku","status":"publish","type":"page","link":"https:\/\/predmetyreklamni.eu\/vyrobce\/sk\/reklamni-sladkosti-na-zakazku\/","title":{"rendered":"Reklamn\u00ed sladkosti na zak\u00e1zku"},"content":{"rendered":"<h1>REKLAMN\u00cd SLADKOSTI NA ZAK\u00c1ZKU<\/h1>\n<h2>Sladkosti na zak\u00e1zku jako reklamn\u00ed p\u0159edm\u011bt<\/h2>\n<p style=\"text-align: justify;\"><strong>V\u00edtejte na str\u00e1nk\u00e1ch, kde se dozv\u00edte v\u00edce o reklamn\u00edm p\u0159edm\u011btu sladkosti na zak\u00e1zku a mo\u017en\u00e1 V\u00e1m budeme inspirac\u00ed k realizaci vlastn\u00edch reklamn\u00edch sladkosti a budete s jejich pomoc\u00ed propagovat svou zna\u010dku \u010di produkt.<\/strong><\/p>\n<p style=\"text-align: justify;\">Reklamn\u00ed sladkosti na zak\u00e1zku pat\u0159\u00ed mezi dal\u0161\u00ed obl\u00edben\u00e9 reklamn\u00ed d\u00e1rky, kter\u00e9 pro V\u00e1s na zak\u00e1zku m\u016f\u017eeme nechat vyrobit. Reklamn\u00ed sladkosti na zak\u00e1zku mohou b\u00fdt v mnoha podob\u00e1ch a my se V\u00e1m pokus\u00edme na t\u011bchto str\u00e1nk\u00e1ch p\u0159ibl\u00ed\u017eit ty z\u00e1kladn\u00ed jako jsou reklamn\u00ed bonb\u00f3ny, lipo, \u017eel\u00e9, medv\u00eddci, \u017ev\u00fdka\u010dky, barevn\u00e9 pastilky, mentolov\u00e9 pastilky, dra\u017e\u00e9, l\u00edz\u00e1tka, \u010dokol\u00e1dov\u00e9 bonb\u00f3ny, \u010dokol\u00e1dov\u00e9 tabulky, luxusn\u00ed d\u00e1rkov\u00e1 \u010dokol\u00e1dov\u00e1 balen\u00ed, su\u0161enky, adventn\u00ed \u010dokol\u00e1dov\u00e9 kalend\u00e1\u0159e a mnoho dal\u0161\u00edho.<\/p>\n<h2>Reklamn\u00ed sladkosti na zak\u00e1zku nab\u00eddka<\/h2>\n<p><em>Klikn\u011bte pro v\u00edce informac\u00ed<\/em><\/p>\n<div id=\"attachment_3182\" style=\"width: 145px\" class=\"wp-caption alignleft\"><a href=\"http:\/\/predmetyreklamni.eu\/vyrobce\/reklamni-bonbony-na-zakazku\/\" target=\"_blank\"><img aria-describedby=\"caption-attachment-3182\" decoding=\"async\" loading=\"lazy\" class=\"hover \" title=\"reklamn\u00ed bonb\u00f3ny v\u00fdrobce\" alt=\"reklamn\u00ed bonb\u00f3ny v\u00fdrobce\" src=\"http:\/\/predmetyreklamni.eu\/vyrobce\/wp-content\/uploads\/reklamn\u00ed-bonb\u00f3ny-v\u00fdrobce-150x150.jpg\" width=\"135\" height=\"135\" \/><\/a><p id=\"caption-attachment-3182\" class=\"wp-caption-text\">BONB\u00d3NY<\/p><\/div>\n<div id=\"attachment_3286\" style=\"width: 145px\" class=\"wp-caption alignleft\"><a href=\"http:\/\/predmetyreklamni.eu\/vyrobce\/reklamni-lizatka-na-zakazku\/\" target=\"_blank\"><img aria-describedby=\"caption-attachment-3286\" decoding=\"async\" loading=\"lazy\" class=\"hover   \" title=\"reklamn\u00ed l\u00edz\u00e1tka v\u00fdrobce\" alt=\"reklamn\u00ed l\u00edz\u00e1tka v\u00fdrobce\" src=\"http:\/\/predmetyreklamni.eu\/vyrobce\/wp-content\/uploads\/reklamn\u00ed-l\u00edz\u00e1tka-v\u00fdrobce-150x150.jpg\" width=\"135\" height=\"135\" \/><\/a><p id=\"caption-attachment-3286\" class=\"wp-caption-text\">L\u00cdZ\u00c1TKA<\/p><\/div>\n<div id=\"attachment_3275\" style=\"width: 145px\" class=\"wp-caption alignleft\"><a href=\"http:\/\/predmetyreklamni.eu\/vyrobce\/adventni-kalendare-na-zakazku\/\" target=\"_blank\"><img aria-describedby=\"caption-attachment-3275\" decoding=\"async\" loading=\"lazy\" class=\"hover   \" title=\"\u010doko adventn\u00ed kalend\u00e1\u0159e v\u00fdrobce\" alt=\"\u010doko adventn\u00ed kalend\u00e1\u0159e v\u00fdrobce\" src=\"http:\/\/predmetyreklamni.eu\/vyrobce\/wp-content\/uploads\/\u010doko-adventn\u00ed-kalend\u00e1\u0159e-v\u00fdrobce-150x150.jpg\" width=\"135\" height=\"135\" \/><\/a><p id=\"caption-attachment-3275\" class=\"wp-caption-text\">\u010cOKO KALEND\u00c1\u0158<\/p><\/div>\n<p>&nbsp;<\/p>\n<p>&nbsp;<\/p>\n<p>&nbsp;<\/p>\n<p>&nbsp;<\/p>\n<p>&nbsp;<\/p>\n<div id=\"attachment_3372\" style=\"width: 145px\" class=\"wp-caption alignleft\"><a href=\"http:\/\/predmetyreklamni.eu\/vyrobce\/reklamni-susenky-na-zakazku\/\" target=\"_blank\"><img aria-describedby=\"caption-attachment-3372\" decoding=\"async\" loading=\"lazy\" class=\"hover \" title=\"reklamn\u00ed su\u0161enky zak\u00e1zkov\u00e1 v\u00fdroba\" alt=\"reklamn\u00ed su\u0161enky zak\u00e1zkov\u00e1 v\u00fdroba\" src=\"http:\/\/predmetyreklamni.eu\/vyrobce\/wp-content\/uploads\/reklamn\u00ed-su\u0161enky-zak\u00e1zkov\u00e1-v\u00fdroba-150x150.jpg\" width=\"135\" height=\"135\" \/><\/a><p id=\"caption-attachment-3372\" class=\"wp-caption-text\">SU\u0160ENKY<\/p><\/div>\n<div id=\"attachment_3443\" style=\"width: 145px\" class=\"wp-caption alignleft\"><a href=\"http:\/\/predmetyreklamni.eu\/vyrobce\/reklamni-cokolada-na-zakazku\/\" target=\"_blank\"><img aria-describedby=\"caption-attachment-3443\" decoding=\"async\" loading=\"lazy\" class=\"hover \" title=\"reklamn\u00ed \u010dokol\u00e1da zak\u00e1zkov\u00e1 v\u00fdroba\" alt=\"reklamn\u00ed \u010dokol\u00e1da zak\u00e1zkov\u00e1 v\u00fdroba\" src=\"http:\/\/predmetyreklamni.eu\/vyrobce\/wp-content\/uploads\/reklamn\u00ed-\u010dokol\u00e1da-zak\u00e1zkov\u00e1-v\u00fdroba-150x150.jpg\" width=\"135\" height=\"135\" \/><\/a><p id=\"caption-attachment-3443\" class=\"wp-caption-text\">\u010cOKOL\u00c1DA<\/p><\/div>\n<div id=\"attachment_3498\" style=\"width: 145px\" class=\"wp-caption alignleft\"><a href=\"http:\/\/predmetyreklamni.eu\/vyrobce\/reklamni-zvykacky-na-zakazku\/\" target=\"_blank\"><img aria-describedby=\"caption-attachment-3498\" decoding=\"async\" loading=\"lazy\" class=\"hover    \" title=\"reklamn\u00ed \u017ev\u00fdka\u010dky, pastilky zak\u00e1zkov\u00e1 v\u00fdroba\" alt=\"reklamn\u00ed \u017ev\u00fdka\u010dky, pastilky zak\u00e1zkov\u00e1 v\u00fdroba\" src=\"http:\/\/predmetyreklamni.eu\/vyrobce\/wp-content\/uploads\/reklamn\u00ed-\u017ev\u00fdka\u010dky-pastilky-zak\u00e1zkov\u00e1-v\u00fdroba-150x150.jpg\" width=\"135\" height=\"135\" \/><\/a><p id=\"caption-attachment-3498\" class=\"wp-caption-text\">\u017dV\u00ddKA\u010cKY,&#8230;<\/p><\/div>\n<p>&nbsp;<\/p>\n<p>&nbsp;<\/p>\n<p>&nbsp;<\/p>\n<p>&nbsp;<\/p>\n<p>&nbsp;<\/p>\n<h2>Reklamn\u00ed sladkosti na zak\u00e1zku v\u00fdhody<\/h2>\n<p style=\"text-align: justify;\">Reklamn\u00ed sladkost na zak\u00e1zku a jejich obaly nab\u00edz\u00ed pom\u011brn\u011b velkou plochu pro potisk logem, zna\u010dkou nebo sloganem. Obalov\u00e9 materi\u00e1ly pro reklamn\u00ed sladkost na zak\u00e1zku dovoluj\u00ed potisk ve v\u0161ech Pantone\u00ae barv\u00e1ch, co\u017e zaru\u010duje, \u017ee Va\u0161e reklamn\u00ed sladkosti na zak\u00e1zku budou barevn\u00e9 a atraktivn\u00ed.<\/p>\n<ul>\n<li>atraktivn\u00ed a reprezentativn\u00ed vzhled<\/li>\n<li>efektivn\u00ed propagace zna\u010dky<\/li>\n<li>\u0161irok\u00e9 vyu\u017eit\u00ed ve v\u0161ech oblastech podnik\u00e1n\u00ed<\/li>\n<li>\u0161irok\u00e1 nab\u00eddka produkt\u016f<\/li>\n<li>v\u00fdhodn\u00e1 cena p\u0159i velk\u00fdch objemech<\/li>\n<\/ul>\n<h2>Reklamn\u00ed sladkosti na zak\u00e1zku vyu\u017eit\u00ed<\/h2>\n<p style=\"text-align: justify;\">Reklamn\u00ed sladkosti na zak\u00e1zku vyu\u017eijete pro svou propagaci a\u0165 u\u017e jste men\u0161\u00ed firma, PR, medi\u00e1ln\u00ed, reklamn\u00ed agentura, podnik\u00e1te v hotelnictv\u00ed, gastronomii, jste telekomunika\u010dn\u00ed nebo farmaceutick\u00e1 spole\u010dnost nebo jste nap\u0159\u00edklad leteck\u00e1 spole\u010dnost. Reklamn\u00ed sladkosti na zak\u00e1zku p\u0159esn\u011b dle Va\u0161eho zad\u00e1n\u00ed nab\u00edz\u00ed opravdu \u0161irok\u00e9 vyu\u017eit\u00ed a Vy tak s jejich pomoc\u00ed m\u016f\u017eete darovat sv\u00fdm z\u00e1kazn\u00edk\u016fm malou sladkou pozornost s logem firmy, n\u00e1zvem produktu nebo po\u0159\u00e1dan\u00e9 akce, kontaktn\u00edmi informacemi nebo jin\u00fdm sd\u011blen\u00edm, kter\u00e9 pova\u017eujete za d\u016fle\u017eit\u00e9 p\u0159i propagaci firmy.<\/p>\n<h2 style=\"text-align: justify;\">Kvalitn\u00ed reklamn\u00ed sladkosti na zak\u00e1zku od prov\u011b\u0159en\u00fdch v\u00fdrobc\u016f<\/h2>\n<p style=\"text-align: justify;\">Na\u0161e firma zastupuje pouze prov\u011b\u0159en\u00e9 v\u00fdrobce, kte\u0159\u00ed p\u0159i v\u00fdrob\u011b reklamn\u00edch sladkost\u00ed na zak\u00e1zku vyu\u017e\u00edvaj\u00ed jen kvalitn\u00ed suroviny a tak\u00e9 je kvalitn\u011b zpracov\u00e1vaj\u00ed. V\u00fdrobce reklamn\u00edch sladkosti vlastn\u00ed certifik\u00e1ty zaji\u0161\u0165uj\u00edc\u00ed nejvy\u0161\u0161\u00ed \u00farove\u0148 kvality produkovan\u00fdch v\u00fdrobk\u016f a jejich bezpe\u010dnosti. To v\u0161e d\u00e1v\u00e1 z\u00e1kazn\u00edk\u016fm jistotu, \u017ee reklamn\u00ed sladkosti na zak\u00e1zku od t\u011bchto v\u00fdrobc\u016f budou t\u00e9 nejvy\u0161\u0161\u00ed kvality a naprosto bezpe\u010dn\u00e9.<\/p>\n<p style=\"text-align: justify;\">Zaujala V\u00e1s na\u0161e nab\u00eddka a chcete propagovat svou firmu a zna\u010dku pomoc\u00ed reklamn\u00edch sladkost\u00ed na zak\u00e1zku?\u00a0Nev\u00e1hejte n\u00e1s kontaktovat pro cenovou nab\u00eddku na emailu:\u00a0<a title=\"info@predmetyreklamni.eu\" href=\"mailto:info@predmetyreklamni.eu\">info@predmetyreklamni.eu<\/a><\/p>\n<p style=\"text-align: justify;\">T\u011b\u0161\u00edme se na spolupr\u00e1ci! Team Gifts Service<\/p>\n","protected":false},"excerpt":{"rendered":"<p>REKLAMN\u00cd SLADKOSTI NA ZAK\u00c1ZKU Sladkosti na zak\u00e1zku jako reklamn\u00ed p\u0159edm\u011bt V\u00edtejte na str\u00e1nk\u00e1ch, kde se dozv\u00edte v\u00edce o reklamn\u00edm p\u0159edm\u011btu sladkosti na zak\u00e1zku a mo\u017en\u00e1 V\u00e1m budeme inspirac\u00ed k realizaci vlastn\u00edch reklamn\u00edch sladkosti a budete s jejich pomoc\u00ed propagovat svou &hellip; <a href=\"https:\/\/predmetyreklamni.eu\/vyrobce\/sk\/reklamni-sladkosti-na-zakazku\/\">Continue reading <span class=\"meta-nav\">&rarr;<\/span><\/a><\/p>\n","protected":false},"author":1,"featured_media":0,"parent":0,"menu_order":26,"comment_status":"closed","ping_status":"open","template":"sidebar-page.php","meta":[],"_links":{"self":[{"href":"https:\/\/predmetyreklamni.eu\/vyrobce\/sk\/wp-json\/wp\/v2\/pages\/3094"}],"collection":[{"href":"https:\/\/predmetyreklamni.eu\/vyrobce\/sk\/wp-json\/wp\/v2\/pages"}],"about":[{"href":"https:\/\/predmetyreklamni.eu\/vyrobce\/sk\/wp-json\/wp\/v2\/types\/page"}],"author":[{"embeddable":true,"href":"https:\/\/predmetyreklamni.eu\/vyrobce\/sk\/wp-json\/wp\/v2\/users\/1"}],"replies":[{"embeddable":true,"href":"https:\/\/predmetyreklamni.eu\/vyrobce\/sk\/wp-json\/wp\/v2\/comments?post=3094"}],"version-history":[{"count":28,"href":"https:\/\/predmetyreklamni.eu\/vyrobce\/sk\/wp-json\/wp\/v2\/pages\/3094\/revisions"}],"predecessor-version":[{"id":4187,"href":"https:\/\/predmetyreklamni.eu\/vyrobce\/sk\/wp-json\/wp\/v2\/pages\/3094\/revisions\/4187"}],"wp:attachment":[{"href":"https:\/\/predmetyreklamni.eu\/vyrobce\/sk\/wp-json\/wp\/v2\/media?parent=3094"}],"curies":[{"name":"wp","href":"https:\/\/api.w.org\/{rel}","templated":true}]}}