{"id":3100,"date":"2014-03-17T12:49:46","date_gmt":"2014-03-17T12:49:46","guid":{"rendered":"http:\/\/predmetyreklamni.eu\/vyrobce\/?page_id=3100"},"modified":"2014-04-08T22:14:28","modified_gmt":"2014-04-08T22:14:28","slug":"reklamni-bonbony-na-zakazku","status":"publish","type":"page","link":"https:\/\/predmetyreklamni.eu\/vyrobce\/sk\/reklamni-bonbony-na-zakazku\/","title":{"rendered":"Reklamn\u00ed bonb\u00f3ny na zak\u00e1zku"},"content":{"rendered":"<h1>REKLAMN\u00cd BONB\u00d3NY NA ZAK\u00c1ZKU<\/h1>\n<h2>Bonb\u00f3ny na zak\u00e1zku jako reklamn\u00ed d\u00e1rek pro Va\u0161e klienty<\/h2>\n<p style=\"text-align: justify;\">Reklamn\u00ed bonb\u00f3ny na zak\u00e1zku mohou b\u00fdt v r\u016fzn\u00fdch podob\u00e1ch a z\u00e1le\u017e\u00ed jen na V\u00e1s, zda chcete sv\u00fdm z\u00e1kazn\u00edk\u016fm v\u011bnovat tvrd\u00e9 sladk\u00e9 \u010di mentolov\u00e9 bonb\u00f3ny, \u017eel\u00e9, \u017ev\u00fdka\u010dky, sladk\u00e9 \u010di mentolov\u00e9 bonb\u00f3ny typu tic tac&#8230; Nab\u00edz\u00edme opravdu \u0161irokou nab\u00eddku t\u011bchto produkt\u016f. Na zak\u00e1zku pro V\u00e1s vyrob\u00edme reklamn\u00ed bonb\u00f3ny v nejr\u016fzn\u011bj\u0161\u00edch podob\u00e1ch, v obalech s potiskem dle Va\u0161eho zad\u00e1n\u00ed. Bonb\u00f3ny na zak\u00e1zku nap\u0159\u00edklad s Va\u0161\u00edm logem jsou skv\u011bl\u00e9 jako reklamn\u00ed nebo upom\u00ednkov\u00fd p\u0159edm\u011bt.<\/p>\n<h2 style=\"text-align: justify;\">Reklamn\u00ed bonb\u00f3ny na zak\u00e1zku nab\u00eddka<\/h2>\n<p style=\"text-align: justify;\">Na zak\u00e1zku pro V\u00e1s vyrob\u00edme r\u016fzn\u00e9 druhy. Mezi nejobl\u00edben\u011bj\u0161\u00ed reklamn\u00ed bonb\u00f3ny pat\u0159\u00ed klasick\u00e9 tvrd\u00e9 ovocn\u00e9 nebo mentolov\u00e9 bonb\u00f3ny, tvrd\u00e9 ovocn\u00e9 bonb\u00f3ny s n\u00e1pln\u00ed, reklamn\u00ed \u017eel\u00e9 v cukru a reklamn\u00ed \u017eel\u00e9 obecn\u011b zn\u00e1m\u00e9 jako reklamn\u00ed \u017eel\u00e9 medv\u00eddci.<\/p>\n<h2>Reklamn\u00ed bonb\u00f3ny na zak\u00e1zku &#8211; MINI<\/h2>\n<p>Mal\u00e9 reklamn\u00ed bonb\u00f3ny MINI jsou na zak\u00e1zku balen\u00e9 v jednovrstv\u00e9m obalu, kter\u00fd m\u016f\u017ee b\u00fdt opat\u0159en potiskem. Mal\u00e9 tvrd\u00e9 reklamn\u00ed bonb\u00f3ny bez n\u00e1pln\u011b.<\/p>\n<p><strong><a href=\"http:\/\/predmetyreklamni.eu\/vyrobce\/wp-content\/uploads\/reklamn\u00ed-bonb\u00f3ny-mini-dodavatel.jpg\"><img decoding=\"async\" loading=\"lazy\" class=\"alignleft  wp-image-3201\" title=\"reklamn\u00ed bonb\u00f3ny mini dodavatel\" alt=\"reklamn\u00ed bonb\u00f3ny mini dodavatel\" src=\"http:\/\/predmetyreklamni.eu\/vyrobce\/wp-content\/uploads\/reklamn\u00ed-bonb\u00f3ny-mini-dodavatel-300x260.jpg\" width=\"240\" height=\"208\" srcset=\"https:\/\/predmetyreklamni.eu\/vyrobce\/wp-content\/uploads\/reklamn\u00ed-bonb\u00f3ny-mini-dodavatel-300x260.jpg 300w, https:\/\/predmetyreklamni.eu\/vyrobce\/wp-content\/uploads\/reklamn\u00ed-bonb\u00f3ny-mini-dodavatel-345x300.jpg 345w, https:\/\/predmetyreklamni.eu\/vyrobce\/wp-content\/uploads\/reklamn\u00ed-bonb\u00f3ny-mini-dodavatel.jpg 854w\" sizes=\"(max-width: 240px) 100vw, 240px\" \/><\/a><\/strong><\/p>\n<p><strong>Min. objedn\u00e1vka:<\/strong>\u00a050kg\/druh<br \/>\n<strong>Hmotnost<\/strong>: 1.5g\/ks<br \/>\n<strong>Ks na 1 kg<\/strong>: cca 667ks<br \/>\n<strong>Obal<\/strong>: ma\u0161li\u010dka &#8211;\u00a0transparentn\u00ed, b\u00edl\u00fd, s potiskem<br \/>\n<strong>P\u0159\u00edchut\u011b<\/strong>: ovoce, mint (bez n\u00e1pln\u011b)<br \/>\n<strong>Potisk obalu<\/strong>: na zak\u00e1zku<br \/>\n<strong>Optim\u00e1ln\u00ed velikost loga<\/strong>: 15x15mm<br \/>\n<strong>Balen\u00ed<\/strong>: <a href=\"http:\/\/predmetyreklamni.eu\/vyrobce\/reklamni-sladkosti-s-potiskem\/\" target=\"_blank\">V\u00cdCE INFO ZDE<\/a><br \/>\n<strong>Cena<\/strong>:\u00a0<a title=\"ZASLAT POPT\u00c1VKU\" href=\"mailto:info@predmetyreklamni.eu\">ZASLAT POPT\u00c1VKU\u00a0<\/a><\/p>\n<p>&nbsp;<\/p>\n<h2><strong>Reklamn\u00ed bonb\u00f3ny na zak\u00e1zku &#8211; KLASIC\/MAXI<\/strong><\/h2>\n<p>Sladk\u00e9 reklamn\u00ed bonb\u00f3ny pro Va\u0161\u00ed propagaci. Reklamn\u00ed bonb\u00f3ny KLASIC nebo MAXI na zak\u00e1zku v jednovrstv\u00e9m obalu s potiskem. Reklamn\u00ed bonb\u00f3ny na zak\u00e1zku perfektn\u00ed pro recepce hotel\u016f, firem.<\/p>\n<p><a href=\"http:\/\/predmetyreklamni.eu\/vyrobce\/wp-content\/uploads\/reklamn\u00ed-bonb\u00f3ny-3g-dodavatel.jpg\"><img decoding=\"async\" loading=\"lazy\" class=\"alignleft  wp-image-3204\" title=\"reklamn\u00ed bonb\u00f3ny 3g dodavatel\" alt=\"reklamn\u00ed bonb\u00f3ny 3g dodavatel\" src=\"http:\/\/predmetyreklamni.eu\/vyrobce\/wp-content\/uploads\/reklamn\u00ed-bonb\u00f3ny-3g-dodavatel-300x283.jpg\" width=\"240\" height=\"226\" srcset=\"https:\/\/predmetyreklamni.eu\/vyrobce\/wp-content\/uploads\/reklamn\u00ed-bonb\u00f3ny-3g-dodavatel-300x283.jpg 300w, https:\/\/predmetyreklamni.eu\/vyrobce\/wp-content\/uploads\/reklamn\u00ed-bonb\u00f3ny-3g-dodavatel-317x300.jpg 317w, https:\/\/predmetyreklamni.eu\/vyrobce\/wp-content\/uploads\/reklamn\u00ed-bonb\u00f3ny-3g-dodavatel.jpg 816w\" sizes=\"(max-width: 240px) 100vw, 240px\" \/><\/a><\/p>\n<p><strong>Min. objedn\u00e1vka:<\/strong>\u00a050kg\/druh<br \/>\n<strong>Hmotnost<\/strong>: 3g\/6g\/ks<br \/>\n<strong>Ks na 1 kg<\/strong>: 3g cca 282ks\/6g cca 167ks<br \/>\n<strong>Obal<\/strong>: ma\u0161li\u010dka &#8211;\u00a0transparentn\u00ed, b\u00edl\u00fd, s potiskem<br \/>\n<strong>P\u0159\u00edchut\u011b<\/strong>: ovoce, mint, \u0161umiv\u00e9 (bez n\u00e1pln\u011b)<br \/>\n<strong>Potisk obalu<\/strong>: na zak\u00e1zku<br \/>\n<strong>Optim\u00e1ln\u00ed velikost loga<\/strong>: 20x20mm\/24x24mm<br \/>\n<strong>Balen\u00ed<\/strong>:\u00a0<a href=\"http:\/\/predmetyreklamni.eu\/vyrobce\/reklamni-sladkosti-s-potiskem\/\" target=\"_blank\">V\u00cdCE INFO ZDE<\/a><br \/>\n<strong>Cena<\/strong>:\u00a0<a title=\"ZASLAT POPT\u00c1VKU\" href=\"mailto:info@predmetyreklamni.eu\">ZASLAT POPT\u00c1VKU\u00a0<\/a><\/p>\n<p>&nbsp;<\/p>\n<h2>Reklamn\u00ed bonb\u00f3ny na zak\u00e1zku &#8211; MAXI DELUXE<\/h2>\n<p style=\"text-align: justify;\">Reklamn\u00ed bonb\u00f3ny mohou b\u00fdt v r\u016fzn\u00fdch p\u0159\u00edchut\u00edch a obsahuj\u00ed \u0161\u0165avnatou n\u00e1pl\u0148. Velk\u00e9 reklamn\u00ed bonb\u00f3ny MAXI DELUXE jsou na zak\u00e1zku baleny v jednovrstv\u00e9m obalu, kter\u00fd m\u016f\u017ee b\u00fdt v r\u016fzn\u00fdch barv\u00e1ch a opat\u0159en grafikou dle Va\u0161eho n\u00e1vrhu.<\/p>\n<p><strong><a href=\"http:\/\/predmetyreklamni.eu\/vyrobce\/wp-content\/uploads\/reklamn\u00ed-bonb\u00f3ny-s-n\u00e1pln\u00ed-v\u00fdrobce.jpg\"><img decoding=\"async\" loading=\"lazy\" class=\"alignleft  wp-image-3210\" title=\"reklamn\u00ed bonb\u00f3ny s n\u00e1pln\u00ed v\u00fdrobce\" alt=\"reklamn\u00ed bonb\u00f3ny s n\u00e1pln\u00ed v\u00fdrobce\" src=\"http:\/\/predmetyreklamni.eu\/vyrobce\/wp-content\/uploads\/reklamn\u00ed-bonb\u00f3ny-s-n\u00e1pln\u00ed-v\u00fdrobce-293x300.jpg\" width=\"234\" height=\"240\" srcset=\"https:\/\/predmetyreklamni.eu\/vyrobce\/wp-content\/uploads\/reklamn\u00ed-bonb\u00f3ny-s-n\u00e1pln\u00ed-v\u00fdrobce-293x300.jpg 293w, https:\/\/predmetyreklamni.eu\/vyrobce\/wp-content\/uploads\/reklamn\u00ed-bonb\u00f3ny-s-n\u00e1pln\u00ed-v\u00fdrobce.jpg 782w\" sizes=\"(max-width: 234px) 100vw, 234px\" \/><\/a>Min. objedn\u00e1vka:<\/strong>\u00a025kg\/druh<br \/>\n<strong>Hmotnost<\/strong>: 6g\/ks<br \/>\n<strong>Ks na 1 kg<\/strong>: cca 170ks<br \/>\n<strong>Obal<\/strong>: ma\u0161li\u010dka &#8211;\u00a0transparentn\u00ed, b\u00edl\u00fd, metalick\u00fd, s potiskem<br \/>\n<strong>P\u0159\u00edchut\u011b<\/strong>: ovoce, mint, \u0161umiv\u00e9 (s n\u00e1pln\u00ed)<br \/>\n<strong>Potisk obalu<\/strong>: na zak\u00e1zku<br \/>\n<strong>Optim\u00e1ln\u00ed velikost loga<\/strong>: 24x24mm<br \/>\n<strong>Balen\u00ed<\/strong>:\u00a0<a href=\"http:\/\/predmetyreklamni.eu\/vyrobce\/reklamni-sladkosti-s-potiskem\/\" target=\"_blank\">V\u00cdCE INFO ZDE<\/a><br \/>\n<strong>Cena<\/strong>:\u00a0<a title=\"ZASLAT POPT\u00c1VKU\" href=\"mailto:info@predmetyreklamni.eu\">ZASLAT POPT\u00c1VKU\u00a0<\/a><\/p>\n<p>&nbsp;<\/p>\n<h2>Reklamn\u00ed ovocn\u00e9 bonb\u00f3ny na zak\u00e1zku FLOW balen\u00ed<\/h2>\n<p style=\"text-align: justify;\">Tyto reklamn\u00ed ovocn\u00e9 bonb\u00f3ny ve FLOW balen\u00ed zaru\u010duj\u00ed dlouhou \u017eivotnost a tak\u00e9 jsou vysoce hygienick\u00e9. Reklamn\u00ed ovocn\u00e9 bonb\u00f3ny na zak\u00e1zku ve FLOW balen\u00ed s r\u016fzn\u00fdm potiskem.<\/p>\n<p style=\"text-align: justify;\"><a href=\"http:\/\/predmetyreklamni.eu\/vyrobce\/wp-content\/uploads\/Ovocn\u00e9-bonb\u00f3ny-FLOW-balen\u00ed-dodavatel.jpg\"><img decoding=\"async\" loading=\"lazy\" class=\"alignleft  wp-image-3216\" title=\"Ovocn\u00e9 bonb\u00f3ny FLOW balen\u00ed dodavatel\" alt=\"Ovocn\u00e9 bonb\u00f3ny FLOW balen\u00ed dodavatel\" src=\"http:\/\/predmetyreklamni.eu\/vyrobce\/wp-content\/uploads\/Ovocn\u00e9-bonb\u00f3ny-FLOW-balen\u00ed-dodavatel-300x277.jpg\" width=\"240\" height=\"222\" srcset=\"https:\/\/predmetyreklamni.eu\/vyrobce\/wp-content\/uploads\/Ovocn\u00e9-bonb\u00f3ny-FLOW-balen\u00ed-dodavatel-300x277.jpg 300w, https:\/\/predmetyreklamni.eu\/vyrobce\/wp-content\/uploads\/Ovocn\u00e9-bonb\u00f3ny-FLOW-balen\u00ed-dodavatel-324x300.jpg 324w, https:\/\/predmetyreklamni.eu\/vyrobce\/wp-content\/uploads\/Ovocn\u00e9-bonb\u00f3ny-FLOW-balen\u00ed-dodavatel.jpg 328w\" sizes=\"(max-width: 240px) 100vw, 240px\" \/><\/a><\/p>\n<p><strong>Mi<\/strong><strong>n. objedn\u00e1vka:<\/strong>\u00a050kg\/druh<br \/>\n<strong>Hmotnost<\/strong>: 3g\/5gks<br \/>\n<strong>Rozm\u011bry<\/strong>: 50x30mm<br \/>\n<strong>Ks na 1 kg<\/strong>: 3g cca 400ks\/5g cca 275ks<br \/>\n<strong>Obal<\/strong>: flow &#8211; transparentn\u00ed, b\u00edl\u00fd, metalick\u00fd, s potiskem<br \/>\n<strong>P\u0159\u00edchut\u011b<\/strong>: ovoce (bez n\u00e1pln\u011b)<br \/>\n<strong>Potisk obalu<\/strong>: na zak\u00e1zku<br \/>\n<strong>Balen\u00ed<\/strong>:\u00a0<a href=\"http:\/\/predmetyreklamni.eu\/vyrobce\/reklamni-sladkosti-s-potiskem\/\" target=\"_blank\">V\u00cdCE INFO ZDE<\/a><br \/>\n<strong>Cena<\/strong>:\u00a0<a title=\"ZASLAT POPT\u00c1VKU\" href=\"mailto:info@predmetyreklamni.eu\">ZASLAT POPT\u00c1VKU\u00a0<\/a><\/p>\n<h2>Reklamn\u00ed mentolov\u00e9 bonb\u00f3ny na zak\u00e1zku FLOW balen\u00ed<\/h2>\n<p style=\"text-align: justify;\">Mentolov\u00e9 bonb\u00f3ny jsou skv\u011bl\u00fd reklamn\u00ed a d\u00e1rkov\u00fd p\u0159edm\u011bt, kter\u00fd se hod\u00ed do hotel\u016f, restaurac\u00ed, na recepce spole\u010dnost\u00ed. Reklamn\u00ed mentolov\u00e9 bonb\u00f3ny na zak\u00e1zku ve FLOW balen\u00ed jsou naprosto hygienick\u00e9 a dlouho vydr\u017e\u00ed.<\/p>\n<p><strong><a href=\"http:\/\/predmetyreklamni.eu\/vyrobce\/wp-content\/uploads\/reklamn\u00ed-bonb\u00f3ny-mint-v\u00fdrobce.jpg\"><img decoding=\"async\" loading=\"lazy\" class=\"alignleft  wp-image-3218\" title=\"reklamn\u00ed bonb\u00f3ny mint v\u00fdrobce\" alt=\"reklamn\u00ed bonb\u00f3ny mint v\u00fdrobce\" src=\"http:\/\/predmetyreklamni.eu\/vyrobce\/wp-content\/uploads\/reklamn\u00ed-bonb\u00f3ny-mint-v\u00fdrobce-300x279.jpg\" width=\"240\" height=\"223\" srcset=\"https:\/\/predmetyreklamni.eu\/vyrobce\/wp-content\/uploads\/reklamn\u00ed-bonb\u00f3ny-mint-v\u00fdrobce-300x279.jpg 300w, https:\/\/predmetyreklamni.eu\/vyrobce\/wp-content\/uploads\/reklamn\u00ed-bonb\u00f3ny-mint-v\u00fdrobce-321x300.jpg 321w, https:\/\/predmetyreklamni.eu\/vyrobce\/wp-content\/uploads\/reklamn\u00ed-bonb\u00f3ny-mint-v\u00fdrobce.jpg 327w\" sizes=\"(max-width: 240px) 100vw, 240px\" \/><\/a><\/strong><\/p>\n<p><strong>Min. objedn\u00e1vka:<\/strong>\u00a025kg\/druh<br \/>\n<strong>Hmotnost<\/strong>: 2.8g\/ks<br \/>\n<strong>Rozm\u011bry<\/strong>: 50x27mm<br \/>\n<strong>Ks na 1 kg<\/strong>: cca 350ks<br \/>\n<strong>Obal<\/strong>: flow &#8211; transparentn\u00ed, b\u00edl\u00fd, metalick\u00fd, s potiskem<br \/>\n<strong>P\u0159\u00edchut\u011b<\/strong>: mint<br \/>\n<strong>Potisk obalu<\/strong>: na zak\u00e1zku<br \/>\n<strong>Balen\u00ed<\/strong>:\u00a0<a href=\"http:\/\/predmetyreklamni.eu\/vyrobce\/reklamni-sladkosti-s-potiskem\/\" target=\"_blank\">V\u00cdCE INFO ZDE<\/a><br \/>\n<strong>Cena<\/strong>:\u00a0<a title=\"ZASLAT POPT\u00c1VKU\" href=\"mailto:info@predmetyreklamni.eu\">ZASLAT POPT\u00c1VKU\u00a0<\/a><\/p>\n<p>&nbsp;<\/p>\n<h2>Reklamn\u00ed bonb\u00f3ny \u017eel\u00e9 v cukru na zak\u00e1zku<\/h2>\n<p style=\"text-align: justify;\">Reklamn\u00ed bonb\u00f3ny v podob\u011b \u017eel\u00e9 v cukru pro V\u00e1s na zak\u00e1zku vyrob\u00edme v obalech a s potiskem dle Va\u0161eho zad\u00e1n\u00ed. Obdarujte sv\u00e9 klienty, z\u00e1kazn\u00edky malou reklamn\u00ed sladkost\u00ed \u017eel\u00e9 v cukru.<\/p>\n<p><strong><a href=\"http:\/\/predmetyreklamni.eu\/vyrobce\/wp-content\/uploads\/Reklamn\u00ed-bonb\u00f3ny-\u017eel\u00e9-v-cukru-dodavatel.jpg\"><img decoding=\"async\" loading=\"lazy\" class=\"alignleft  wp-image-3226\" title=\"Reklamn\u00ed bonb\u00f3ny \u017eel\u00e9 v cukru dodavatel\" alt=\"Reklamn\u00ed bonb\u00f3ny \u017eel\u00e9 v cukru dodavatel\" src=\"http:\/\/predmetyreklamni.eu\/vyrobce\/wp-content\/uploads\/Reklamn\u00ed-bonb\u00f3ny-\u017eel\u00e9-v-cukru-dodavatel-300x274.jpg\" width=\"240\" height=\"219\" srcset=\"https:\/\/predmetyreklamni.eu\/vyrobce\/wp-content\/uploads\/Reklamn\u00ed-bonb\u00f3ny-\u017eel\u00e9-v-cukru-dodavatel-300x274.jpg 300w, https:\/\/predmetyreklamni.eu\/vyrobce\/wp-content\/uploads\/Reklamn\u00ed-bonb\u00f3ny-\u017eel\u00e9-v-cukru-dodavatel-327x300.jpg 327w, https:\/\/predmetyreklamni.eu\/vyrobce\/wp-content\/uploads\/Reklamn\u00ed-bonb\u00f3ny-\u017eel\u00e9-v-cukru-dodavatel.jpg 343w\" sizes=\"(max-width: 240px) 100vw, 240px\" \/><\/a>Mi<\/strong><strong>n. objedn\u00e1vka: <\/strong>\u00a025kg\/druh<br \/>\n<strong>Hmotnost<\/strong>: 12g\/ks<br \/>\n<strong>Rozm\u011bry<\/strong>: 50x30mm<br \/>\n<strong>Ks na 1 kg<\/strong>: 85ks<br \/>\n<strong>Obal<\/strong>: flow &#8211; transparentn\u00ed, b\u00edl\u00fd, metalick\u00fd, s potiskem<br \/>\n<strong>P\u0159\u00edchut\u011b<\/strong>:\u00a0pomeran\u010d , citron , jahoda , ostru\u017eina , malina , ananas , kiwi v cukru<br \/>\n<strong>Potisk obalu<\/strong>: na zak\u00e1zku<br \/>\n<strong>Balen\u00ed<\/strong>:\u00a0<a href=\"http:\/\/predmetyreklamni.eu\/vyrobce\/reklamni-sladkosti-s-potiskem\/\" target=\"_blank\">V\u00cdCE INFO ZDE<\/a><br \/>\n<strong>Cena<\/strong>:\u00a0<a title=\"ZASLAT POPT\u00c1VKU\" href=\"mailto:info@predmetyreklamni.eu\">ZASLAT POPT\u00c1VKU\u00a0<\/a><\/p>\n<h2>Reklamn\u00ed bonb\u00f3ny medv\u00eddci na zak\u00e1zku<\/h2>\n<p style=\"text-align: justify;\">Reklamn\u00ed bonb\u00f3ny medv\u00eddci mohou b\u00fdt na zak\u00e1zku v r\u016fzn\u00fdch obalech &#8211; klasick\u00fd obd\u00e9ln\u00edkov\u00fd nebo ve tvaru pyramidy. Reklamn\u00ed medv\u00eddci pot\u011b\u0161\u00ed ka\u017ed\u00e9ho z\u00e1kazn\u00edka nebo klienta a\u0165 u\u017e podnik\u00e1te v oblasti slu\u017eeb nebo pr\u016fmyslu.<\/p>\n<p><a href=\"http:\/\/predmetyreklamni.eu\/vyrobce\/wp-content\/uploads\/reklamn\u00ed-\u017eel\u00e9-medv\u00eddci-na-zak\u00e1zku.jpg\"><img decoding=\"async\" loading=\"lazy\" class=\"alignleft  wp-image-3239\" title=\"reklamn\u00ed \u017eel\u00e9 medv\u00eddci na zak\u00e1zku\" alt=\"reklamn\u00ed \u017eel\u00e9 medv\u00eddci na zak\u00e1zku\" src=\"http:\/\/predmetyreklamni.eu\/vyrobce\/wp-content\/uploads\/reklamn\u00ed-\u017eel\u00e9-medv\u00eddci-na-zak\u00e1zku-300x278.jpg\" width=\"243\" height=\"225\" srcset=\"https:\/\/predmetyreklamni.eu\/vyrobce\/wp-content\/uploads\/reklamn\u00ed-\u017eel\u00e9-medv\u00eddci-na-zak\u00e1zku-300x278.jpg 300w, https:\/\/predmetyreklamni.eu\/vyrobce\/wp-content\/uploads\/reklamn\u00ed-\u017eel\u00e9-medv\u00eddci-na-zak\u00e1zku-322x300.jpg 322w, https:\/\/predmetyreklamni.eu\/vyrobce\/wp-content\/uploads\/reklamn\u00ed-\u017eel\u00e9-medv\u00eddci-na-zak\u00e1zku.jpg 352w\" sizes=\"(max-width: 243px) 100vw, 243px\" \/><\/a><\/p>\n<p><strong>Mi<\/strong><strong>n. objedn\u00e1vka:\u00a0<\/strong>\u00a05000ks<br \/>\n<strong>Hmotnost<\/strong>: balen\u00ed 15g\/20g<br \/>\n<strong>Rozm\u011bry<\/strong>: pyramida 70x70x70mm, obd\u00e9ln\u00edk\u00a070x75mm<br \/>\n<strong>Obal<\/strong>: pyramida, obd\u00e9ln\u00edk &#8211; transparentn\u00ed, b\u00edl\u00fd, metalick\u00fd, s potiskem<br \/>\n<strong>P\u0159\u00edchut\u011b<\/strong>:\u00a0pomeran\u010d , citron , jahoda , ostru\u017eina , malina , ananas , kiwi v cukru<br \/>\n<strong>Potisk obalu<\/strong>: na zak\u00e1zku<br \/>\n<strong>Cena<\/strong>:\u00a0<a title=\"ZASLAT POPT\u00c1VKU\" href=\"mailto:info@predmetyreklamni.eu\">ZASLAT POPT\u00c1VKU\u00a0<\/a><\/p>\n<p>Chcete si nechat vyrobit vlastn\u00ed reklamn\u00ed bonb\u00f3ny na zak\u00e1zku? Kontaktujte n\u00e1s pro cenovou nab\u00eddku na emailu:<a href=\"mailto:info@predmetyreklamni.eu\">\u00a0info@predmetyreklamni.eu<\/a><\/p>\n<p style=\"text-align: justify;\"><strong>Do cenov\u00e9 popt\u00e1vky pros\u00edm uve\u010fte pot\u0159ebn\u00e9 informace pro cenovou nab\u00eddku jako<\/strong>: mno\u017estv\u00ed, dobu dod\u00e1n\u00ed, druh bonb\u00f3nu + hmotnost, druh obalu a barevnost potisku. V\u0161echny tyto informace n\u00e1m pomohou k rychlej\u0161\u00edmu zpracov\u00e1n\u00ed cenov\u00e9 nab\u00eddky pr\u00e1v\u011b pro V\u00e1s.<\/p>\n<p>T\u011b\u0161\u00edme se na spolupr\u00e1ci! Team Gifts Service<\/p>\n","protected":false},"excerpt":{"rendered":"<p>REKLAMN\u00cd BONB\u00d3NY NA ZAK\u00c1ZKU Bonb\u00f3ny na zak\u00e1zku jako reklamn\u00ed d\u00e1rek pro Va\u0161e klienty Reklamn\u00ed bonb\u00f3ny na zak\u00e1zku mohou b\u00fdt v r\u016fzn\u00fdch podob\u00e1ch a z\u00e1le\u017e\u00ed jen na V\u00e1s, zda chcete sv\u00fdm z\u00e1kazn\u00edk\u016fm v\u011bnovat tvrd\u00e9 sladk\u00e9 \u010di mentolov\u00e9 bonb\u00f3ny, \u017eel\u00e9, \u017ev\u00fdka\u010dky, sladk\u00e9 &hellip; <a href=\"https:\/\/predmetyreklamni.eu\/vyrobce\/sk\/reklamni-bonbony-na-zakazku\/\">Continue reading <span class=\"meta-nav\">&rarr;<\/span><\/a><\/p>\n","protected":false},"author":1,"featured_media":0,"parent":0,"menu_order":26,"comment_status":"closed","ping_status":"open","template":"sidebar-page.php","meta":[],"_links":{"self":[{"href":"https:\/\/predmetyreklamni.eu\/vyrobce\/sk\/wp-json\/wp\/v2\/pages\/3100"}],"collection":[{"href":"https:\/\/predmetyreklamni.eu\/vyrobce\/sk\/wp-json\/wp\/v2\/pages"}],"about":[{"href":"https:\/\/predmetyreklamni.eu\/vyrobce\/sk\/wp-json\/wp\/v2\/types\/page"}],"author":[{"embeddable":true,"href":"https:\/\/predmetyreklamni.eu\/vyrobce\/sk\/wp-json\/wp\/v2\/users\/1"}],"replies":[{"embeddable":true,"href":"https:\/\/predmetyreklamni.eu\/vyrobce\/sk\/wp-json\/wp\/v2\/comments?post=3100"}],"version-history":[{"count":42,"href":"https:\/\/predmetyreklamni.eu\/vyrobce\/sk\/wp-json\/wp\/v2\/pages\/3100\/revisions"}],"predecessor-version":[{"id":3582,"href":"https:\/\/predmetyreklamni.eu\/vyrobce\/sk\/wp-json\/wp\/v2\/pages\/3100\/revisions\/3582"}],"wp:attachment":[{"href":"https:\/\/predmetyreklamni.eu\/vyrobce\/sk\/wp-json\/wp\/v2\/media?parent=3100"}],"curies":[{"name":"wp","href":"https:\/\/api.w.org\/{rel}","templated":true}]}}