{"id":3244,"date":"2014-03-19T10:49:08","date_gmt":"2014-03-19T10:49:08","guid":{"rendered":"http:\/\/predmetyreklamni.eu\/vyrobce\/?page_id=3244"},"modified":"2020-08-27T09:29:39","modified_gmt":"2020-08-27T09:29:39","slug":"adventni-kalendare-na-zakazku","status":"publish","type":"page","link":"https:\/\/predmetyreklamni.eu\/vyrobce\/sk\/adventni-kalendare-na-zakazku\/","title":{"rendered":"Adventn\u00ed kalend\u00e1\u0159e na zak\u00e1zku"},"content":{"rendered":"<h1>ADVENTN\u00cd KALEND\u00c1\u0158E NA ZAK\u00c1ZKU<\/h1>\n<h2>Adventn\u00ed kalend\u00e1\u0159e na zak\u00e1zku jako reklamn\u00ed d\u00e1rek pro klienty<\/h2>\n<p style=\"text-align: justify;\">Ka\u017ed\u00fd rok p\u0159ed V\u00e1noci hled\u00e1te vhodn\u00fd reklamn\u00ed d\u00e1rek a z\u00e1rove\u0148 reklamn\u00ed p\u0159edm\u011bt, pro sv\u00e9 klientky a z\u00e1kazn\u00edky, &nbsp;kter\u00fd se zaru\u010den\u011b dostane do dom\u00e1cnost\u00ed? Reklamn\u00ed adventn\u00ed kalend\u00e1\u0159e jsou skv\u011blou volbou. Adventn\u00ed kalend\u00e1\u0159e na zak\u00e1zku jsou reklamn\u00ed p\u0159edm\u011bt p\u0159edev\u0161\u00edm pro rodi\u010de, kte\u0159\u00ed ocen\u00ed tento d\u00e1rek pro sv\u00e9 d\u011bti. Pomoc\u00ed reklamn\u00edho adventn\u00edho kalend\u00e1\u0159e m\u016f\u017eete propagovat svou firmu nebo produkt a s jeho pomoc\u00ed m\u016f\u017eete zv\u00fd\u0161it pov\u011bdom\u00ed o zna\u010dce.<\/p>\n<h2>Reklamn\u00ed adventn\u00ed kalend\u00e1\u0159 na zak\u00e1zku MINI<\/h2>\n<p style=\"text-align: justify;\">Tyto mal\u00e9 reklamn\u00ed adventn\u00ed kalend\u00e1\u0159e budou perfektn\u00edm d\u00e1rkem pro Va\u0161e klienty nebo z\u00e1kazn\u00edky v dob\u011b v\u00e1no\u010dn\u00ed. Kone\u010dn\u00e1 cena adventn\u00edho kalend\u00e1\u0159e se odv\u00edj\u00ed od po\u010dtu kus\u016f, barevnosti potisku a term\u00ednu dod\u00e1n\u00ed.<\/p>\n<p><a href=\"http:\/\/predmetyreklamni.eu\/vyrobce\/wp-content\/uploads\/mal\u00e9-reklamn\u00ed-adventn\u00ed-kalend\u00e1\u0159e-dodavatel.jpg\"><img decoding=\"async\" loading=\"lazy\" class=\"alignleft  wp-image-3255\" title=\"mal\u00e9 reklamn\u00ed adventn\u00ed kalend\u00e1\u0159e dodavatel\" alt=\"mal\u00e9 reklamn\u00ed adventn\u00ed kalend\u00e1\u0159e dodavatel\" src=\"http:\/\/predmetyreklamni.eu\/vyrobce\/wp-content\/uploads\/mal\u00e9-reklamn\u00ed-adventn\u00ed-kalend\u00e1\u0159e-dodavatel.jpg\" width=\"240\" height=\"237\"><\/a><br>\n<strong>Min. objedn\u00e1vka:<\/strong>&nbsp;100ks\/druh<br>\n<strong>Hmotnost<\/strong>: 50g balen\u00ed (24ks v balen\u00ed)<br>\n<strong>Rozm\u011bry<\/strong>:&nbsp;197x284x10mm (nebo na zak\u00e1zku)<br>\n<strong>\u010cokol\u00e1da<\/strong>: ml\u00e9\u010dn\u00e1, ho\u0159k\u00e1<br>\n<strong>Potisk obalu<\/strong>: na zak\u00e1zku<br>\n<strong>Cena<\/strong>:&nbsp;<a title=\"ZASLAT POPT\u00c1VKU\" href=\"mailto:info@predmetyreklamni.eu\">ZASLAT POPT\u00c1VKU&nbsp;<\/a><\/p>\n<p>&nbsp;<\/p>\n<h2>Reklamn\u00ed adventn\u00ed kalend\u00e1\u0159e na zak\u00e1zku STANDARD<\/h2>\n<p style=\"text-align: justify;\">St\u0159edn\u011b velk\u00e9 reklamn\u00ed adventn\u00ed kalend\u00e1\u0159e m\u016f\u017eete v\u011bnovat sv\u00fdm z\u00e1kazn\u00edk\u016fm nebo klient\u016fm jako v\u00e1no\u010dn\u00ed d\u00e1rek. Tyto sladk\u00e9 reklamn\u00ed p\u0159edm\u011bty v podob\u011b adventn\u00edho kalend\u00e1\u0159e jist\u011b &nbsp;pot\u011b\u0161\u00ed. Kone\u010dn\u00e1 cena adventn\u00edho kalend\u00e1\u0159e se odv\u00edj\u00ed od po\u010dtu kus\u016f, barevnosti potisku a term\u00ednu dod\u00e1n\u00ed.<\/p>\n<p><a href=\"http:\/\/predmetyreklamni.eu\/vyrobce\/wp-content\/uploads\/zak\u00e1zkov\u00e1-v\u00fdroba-adventn\u00edho-kalend\u00e1\u0159e.jpg\"><img decoding=\"async\" loading=\"lazy\" class=\"alignleft  wp-image-3260\" title=\"zak\u00e1zkov\u00e1 v\u00fdroba adventn\u00edho kalend\u00e1\u0159e\" alt=\"zak\u00e1zkov\u00e1 v\u00fdroba adventn\u00edho kalend\u00e1\u0159e\" src=\"http:\/\/predmetyreklamni.eu\/vyrobce\/wp-content\/uploads\/zak\u00e1zkov\u00e1-v\u00fdroba-adventn\u00edho-kalend\u00e1\u0159e-277x300.jpg\" width=\"249\" height=\"270\" srcset=\"https:\/\/predmetyreklamni.eu\/vyrobce\/wp-content\/uploads\/zak\u00e1zkov\u00e1-v\u00fdroba-adventn\u00edho-kalend\u00e1\u0159e-277x300.jpg 277w, https:\/\/predmetyreklamni.eu\/vyrobce\/wp-content\/uploads\/zak\u00e1zkov\u00e1-v\u00fdroba-adventn\u00edho-kalend\u00e1\u0159e.jpg 340w\" sizes=\"(max-width: 249px) 100vw, 249px\" \/><\/a><\/p>\n<p><strong><br>\nMin. objedn\u00e1vka:<\/strong>&nbsp;100ks\/druh<br>\n<strong>Hmotnost<\/strong>: 50g balen\u00ed (24ks v balen\u00ed)<br>\n<strong>Rozm\u011bry<\/strong>:&nbsp;250x345x10mm (nebo na zak\u00e1zku)<br>\n<strong>\u010cokol\u00e1da<\/strong>: ml\u00e9\u010dn\u00e1, ho\u0159k\u00e1<br>\n<strong>Potisk obalu<\/strong>: na zak\u00e1zku<br>\n<strong>Cena<\/strong>:&nbsp;<a title=\"ZASLAT POPT\u00c1VKU\" href=\"mailto:info@predmetyreklamni.eu\">ZASLAT POPT\u00c1VKU&nbsp;<\/a><\/p>\n<p>&nbsp;<\/p>\n<h2>Reklamn\u00ed adventn\u00ed kalend\u00e1\u0159e na zak\u00e1zku PREMIUM<\/h2>\n<p style=\"text-align: justify;\">Reklamn\u00ed adventn\u00ed kalend\u00e1\u0159e budou perfektn\u00edm d\u00e1rkem pro Va\u0161e z\u00e1kazn\u00edky a klienty v obdob\u00ed V\u00e1noc. Obal reklamn\u00edho adventn\u00edho kalend\u00e1\u0159e m\u016f\u017eete na zak\u00e1zku opat\u0159it vlastn\u00edm potiskem nap\u0159\u00edklad logem \u010di jinou grafikou. \u010cokol\u00e1dky reklamn\u00edho kalend\u00e1\u0159e PREMIUM mohou b\u00fdt na zak\u00e1zku baleny jednotliv\u011b v aluminiov\u00e9 f\u00f3lii ve st\u0159\u00edbrn\u00e9 nebo zlat\u00e9 barv\u011b.&nbsp;Kone\u010dn\u00e1 cena adventn\u00edho kalend\u00e1\u0159e se odv\u00edj\u00ed od po\u010dtu kus\u016f, barevnosti potisku, term\u00ednu dod\u00e1n\u00ed a zda m\u00e1te z\u00e1jem o zabalen\u00ed bonb\u00f3n\u016f jednotliv\u011b.<\/p>\n<p><strong><a href=\"http:\/\/predmetyreklamni.eu\/vyrobce\/wp-content\/uploads\/zak\u00e1zkov\u00e1-v\u00fdroba-\u010dokol\u00e1dov\u00e9ho-adventn\u00edho-kalend\u00e1\u0159e.jpg\"><img decoding=\"async\" loading=\"lazy\" class=\"alignleft  wp-image-3269\" title=\"zak\u00e1zkov\u00e1 v\u00fdroba \u010dokol\u00e1dov\u00e9ho adventn\u00edho kalend\u00e1\u0159e\" alt=\"zak\u00e1zkov\u00e1 v\u00fdroba \u010dokol\u00e1dov\u00e9ho adventn\u00edho kalend\u00e1\u0159e\" src=\"http:\/\/predmetyreklamni.eu\/vyrobce\/wp-content\/uploads\/zak\u00e1zkov\u00e1-v\u00fdroba-\u010dokol\u00e1dov\u00e9ho-adventn\u00edho-kalend\u00e1\u0159e-300x286.jpg\" width=\"243\" height=\"231\" srcset=\"https:\/\/predmetyreklamni.eu\/vyrobce\/wp-content\/uploads\/zak\u00e1zkov\u00e1-v\u00fdroba-\u010dokol\u00e1dov\u00e9ho-adventn\u00edho-kalend\u00e1\u0159e-300x286.jpg 300w, https:\/\/predmetyreklamni.eu\/vyrobce\/wp-content\/uploads\/zak\u00e1zkov\u00e1-v\u00fdroba-\u010dokol\u00e1dov\u00e9ho-adventn\u00edho-kalend\u00e1\u0159e.jpg 321w\" sizes=\"(max-width: 243px) 100vw, 243px\" \/><\/a><br>\nMin. objedn\u00e1vka:<\/strong>&nbsp;100ks\/druh<br>\n<strong>Hmotnost<\/strong>: 50g\/120g balen\u00ed (24ks v balen\u00ed)<br>\n<strong>Rozm\u011bry<\/strong>: 269x372x11mm&nbsp;&nbsp;(nebo na zak\u00e1zku)<br>\n<strong>Balen\u00ed bonb\u00f3n\u016f<\/strong>: bez obalu, aluminiov\u00e1 f\u00f3li\u00e9 ve st\u0159\u00edbrn\u00e9 nebo zlat\u00e9 barv\u011b.<br>\n<strong>\u010cokol\u00e1da<\/strong>: ml\u00e9\u010dn\u00e1, ho\u0159k\u00e1<br>\n<strong>Potisk obalu<\/strong>: na zak\u00e1zku<br>\n<strong>Cena<\/strong>:&nbsp;<a title=\"ZASLAT POPT\u00c1VKU\" href=\"mailto:info@predmetyreklamni.eu\">ZASLAT POPT\u00c1VKU<\/a><\/p>\n<p>&nbsp;<\/p>\n<h2>Reklamn\u00ed adventn\u00ed kalend\u00e1\u0159e z kvalitn\u00ed \u010dokol\u00e1dy na zak\u00e1zku<\/h2>\n<p style=\"text-align: justify;\"><a href=\"http:\/\/predmetyreklamni.eu\/vyrobce\/wp-content\/uploads\/\u010dokol\u00e1dov\u00e9-reklamn\u00ed-p\u0159edm\u011bty-v\u00fdrobce.jpg\"><img decoding=\"async\" loading=\"lazy\" class=\"alignleft  wp-image-3265\" title=\"\u010dokol\u00e1dov\u00e9 reklamn\u00ed p\u0159edm\u011bty v\u00fdrobce\" alt=\"\u010dokol\u00e1dov\u00e9 reklamn\u00ed p\u0159edm\u011bty v\u00fdrobce\" src=\"http:\/\/predmetyreklamni.eu\/vyrobce\/wp-content\/uploads\/\u010dokol\u00e1dov\u00e9-reklamn\u00ed-p\u0159edm\u011bty-v\u00fdrobce-150x150.jpg\" width=\"120\" height=\"120\" srcset=\"https:\/\/predmetyreklamni.eu\/vyrobce\/wp-content\/uploads\/\u010dokol\u00e1dov\u00e9-reklamn\u00ed-p\u0159edm\u011bty-v\u00fdrobce-150x150.jpg 150w, https:\/\/predmetyreklamni.eu\/vyrobce\/wp-content\/uploads\/\u010dokol\u00e1dov\u00e9-reklamn\u00ed-p\u0159edm\u011bty-v\u00fdrobce.jpg 170w\" sizes=\"(max-width: 120px) 100vw, 120px\" \/><\/a>\u010cokol\u00e1da pro v\u0161echny reklamn\u00ed adventn\u00ed kalend\u00e1\u0159e je vyrobena z kvalitn\u00edho kakaa, kter\u00e1 poch\u00e1z\u00ed od spole\u010dnosti&nbsp;BARRY CALLEBAUT, kter\u00e1 je jedn\u00edm ze sv\u011btov\u00fdch l\u00eddr\u016f mezi v\u00fdrobci kakaov\u00fdch a \u010dokol\u00e1dov\u00fdch produkt\u016f. Tato firma disponuje z\u00e1vody po cel\u00e9m sv\u011bt\u011b a je z\u00e1rukou kvality.&nbsp;Pro reklamn\u00ed adventn\u00ed kalend\u00e1\u0159e si m\u016f\u017eete vybrat \u010dokol\u00e1dky ho\u0159k\u00e9, ml\u00e9\u010dn\u00e9, dezertov\u00e9.<\/p>\n<h2>Reklamn\u00ed adventn\u00ed kalend\u00e1\u0159e potisk na zak\u00e1zku<\/h2>\n<p>Adventn\u00ed kalend\u00e1\u0159e mohou b\u00fdt na zak\u00e1zku v r\u016fzn\u00fdch velikostech a tak\u00e9 jejich obal m\u016f\u017ee b\u00fdt opat\u0159en potiskem. Obaly pro adventn\u00ed kalend\u00e1\u0159e jsou vyrobeny z pap\u00edru a pro jejich potisk se pou\u017e\u00edv\u00e1 digit\u00e1ln\u00ed nebo offsetov\u00e1 technologie.\n<\/p><p style=\"text-align: justify;\">Zaujala V\u00e1s na\u0161e nab\u00eddka a chcete si nechat vyrobit vlastn\u00ed reklamn\u00ed \u010dokol\u00e1dov\u00e9 adventn\u00ed kalend\u00e1\u0159e? Kontaktujte n\u00e1s pro cenovou nab\u00eddku na emailu:<a href=\"mailto:info@predmetyreklamni.eu\">&nbsp;info@predmetyreklamni.eu<\/a><\/p>\n<p style=\"text-align: justify;\"><strong>Do cenov\u00e9 popt\u00e1vky pros\u00edm uve\u010fte pot\u0159ebn\u00e9 informace pro cenovou nab\u00eddku jako<\/strong>: mno\u017estv\u00ed, dobu dod\u00e1n\u00ed, druh adventn\u00edho kalend\u00e1\u0159e, barevnost potisku. V\u0161echny tyto informace n\u00e1m pomohou k rychlej\u0161\u00edmu zpracov\u00e1n\u00ed cenov\u00e9 nab\u00eddky pr\u00e1v\u011b pro V\u00e1s.<\/p>\n<p style=\"text-align: justify;\">T\u011b\u0161\u00edme se na spolupr\u00e1ci! Team Gifts Service<\/p>\n\n\n<figure class=\"wp-block-image\"><img decoding=\"async\" loading=\"lazy\" width=\"609\" height=\"460\" src=\"http:\/\/predmetyreklamni.eu\/vyrobce\/wp-content\/uploads\/afx2274.jpg\" alt=\"reklmn\u00ed adventni kalend\u00e1\u0159 na zak\u00e1zku \" class=\"wp-image-4756\" srcset=\"https:\/\/predmetyreklamni.eu\/vyrobce\/wp-content\/uploads\/afx2274.jpg 609w, https:\/\/predmetyreklamni.eu\/vyrobce\/wp-content\/uploads\/afx2274-300x227.jpg 300w, https:\/\/predmetyreklamni.eu\/vyrobce\/wp-content\/uploads\/afx2274-397x300.jpg 397w\" sizes=\"(max-width: 609px) 100vw, 609px\" \/><figcaption>reklmn\u00ed adventni kalend\u00e1\u0159 na zak\u00e1zku <\/figcaption><\/figure>\n\n\n\n<h2 class=\"wp-block-heading\"><\/h2>\n","protected":false},"excerpt":{"rendered":"<p>ADVENTN\u00cd KALEND\u00c1\u0158E NA ZAK\u00c1ZKU Adventn\u00ed kalend\u00e1\u0159e na zak\u00e1zku jako reklamn\u00ed d\u00e1rek pro klienty Ka\u017ed\u00fd rok p\u0159ed V\u00e1noci hled\u00e1te vhodn\u00fd reklamn\u00ed d\u00e1rek a z\u00e1rove\u0148 reklamn\u00ed p\u0159edm\u011bt, pro sv\u00e9 klientky a z\u00e1kazn\u00edky, &nbsp;kter\u00fd se zaru\u010den\u011b dostane do dom\u00e1cnost\u00ed? Reklamn\u00ed adventn\u00ed kalend\u00e1\u0159e jsou &hellip; <a href=\"https:\/\/predmetyreklamni.eu\/vyrobce\/sk\/adventni-kalendare-na-zakazku\/\">Continue reading <span class=\"meta-nav\">&rarr;<\/span><\/a><\/p>\n","protected":false},"author":1,"featured_media":0,"parent":0,"menu_order":26,"comment_status":"closed","ping_status":"open","template":"sidebar-page.php","meta":[],"_links":{"self":[{"href":"https:\/\/predmetyreklamni.eu\/vyrobce\/sk\/wp-json\/wp\/v2\/pages\/3244"}],"collection":[{"href":"https:\/\/predmetyreklamni.eu\/vyrobce\/sk\/wp-json\/wp\/v2\/pages"}],"about":[{"href":"https:\/\/predmetyreklamni.eu\/vyrobce\/sk\/wp-json\/wp\/v2\/types\/page"}],"author":[{"embeddable":true,"href":"https:\/\/predmetyreklamni.eu\/vyrobce\/sk\/wp-json\/wp\/v2\/users\/1"}],"replies":[{"embeddable":true,"href":"https:\/\/predmetyreklamni.eu\/vyrobce\/sk\/wp-json\/wp\/v2\/comments?post=3244"}],"version-history":[{"count":25,"href":"https:\/\/predmetyreklamni.eu\/vyrobce\/sk\/wp-json\/wp\/v2\/pages\/3244\/revisions"}],"predecessor-version":[{"id":4757,"href":"https:\/\/predmetyreklamni.eu\/vyrobce\/sk\/wp-json\/wp\/v2\/pages\/3244\/revisions\/4757"}],"wp:attachment":[{"href":"https:\/\/predmetyreklamni.eu\/vyrobce\/sk\/wp-json\/wp\/v2\/media?parent=3244"}],"curies":[{"name":"wp","href":"https:\/\/api.w.org\/{rel}","templated":true}]}}