{"id":3357,"date":"2014-03-21T19:38:58","date_gmt":"2014-03-21T19:38:58","guid":{"rendered":"http:\/\/predmetyreklamni.eu\/vyrobce\/?page_id=3357"},"modified":"2014-04-08T15:20:21","modified_gmt":"2014-04-08T15:20:21","slug":"reklamni-zvykacky-na-zakazku","status":"publish","type":"page","link":"https:\/\/predmetyreklamni.eu\/vyrobce\/sk\/reklamni-zvykacky-na-zakazku\/","title":{"rendered":"Reklamn\u00ed \u017ev\u00fdka\u010dky na zak\u00e1zku"},"content":{"rendered":"<h1>REKLAMN\u00cd \u017dV\u00ddKA\u010cKY, PASTILKY A DRA\u017d\u00c9 NA ZAK\u00c1ZKU<\/h1>\n<h2>Reklamn\u00ed \u017ev\u00fdka\u010dky, pastilky nebo dra\u017e\u00e9 na zak\u00e1zku v r\u016fzn\u00fdch obalech s potiskem<\/h2>\n<p style=\"text-align: justify;\">Reklamn\u00ed \u017ev\u00fdka\u010dky, barevn\u00e9 pastilky a dra\u017e\u00e9 mohou b\u00fdt baleny v r\u016fzn\u00fdch obalech a v\u0161echny tato obaly mohou b\u00fdt na zak\u00e1zku poti\u0161t\u011bny Va\u0161\u00edm logem, zna\u010dkou, sloganem, n\u00e1zvem m\u011bsta, produktu. Tyto reklamn\u00ed sladkosti jako \u017ev\u00fdka\u010dky, pastilky a dra\u017e\u00e9 V\u00e1m tak pomohou p\u0159i propagaci a V\u00e1\u0161 marketingov\u00fd projekt se stane efektivn\u011bj\u0161\u00ed. Reklamn\u00ed \u017ev\u00fdka\u010dky, pastilky a dra\u017e\u00e9 V\u00e1m na zak\u00e1zku zabal\u00edme do pap\u00edrov\u00fdch (pap\u00edrov\u00e9 krabi\u010dky), plastov\u00fdch (plastov\u00e9 s\u00e1\u010dky, plastov\u00e9 krabi\u010dky, plastov\u00e9 tuby), plechov\u00fdch obal\u016f (plechov\u00e9 clic clac krabi\u010dky, klasick\u00e9 plechov\u00e9 krabi\u010dky) nebo do blistr\u016f.<\/p>\n<h2 style=\"text-align: justify;\">Reklamn\u00ed \u017ev\u00fdka\u010dky, pastilky a dra\u017e\u00e9 v pap\u00edrov\u00e9 krabi\u010dce na zak\u00e1zku<\/h2>\n<p>Tyto pap\u00edrov\u00e9 reklamn\u00ed krabi\u010dky mohou na zak\u00e1zku obsahovat mentolov\u00e9 ov\u00e1ln\u00e9 pastilky, ovocn\u00e9 nebo mentolov\u00e9 dra\u017e\u00e9 typu tic tac, \u017eel\u00e9 nebo \u017ev\u00fdka\u010dky. Reklamn\u00ed pap\u00edrov\u00e9 krabi\u010dky mohou b\u00fdt opat\u0159eny potiskem dle Va\u0161eho n\u00e1vrhu.<\/p>\n<p><strong><a href=\"http:\/\/predmetyreklamni.eu\/vyrobce\/wp-content\/uploads\/reklamn\u00ed-pastilky-v-pap\u00edrov\u00e9-krabi\u010dce-s-potiskem.jpg\"><img decoding=\"async\" loading=\"lazy\" class=\"alignleft  wp-image-3522\" title=\"reklamn\u00ed pastilky v pap\u00edrov\u00e9 krabi\u010dce s potiskem\" alt=\"reklamn\u00ed pastilky v pap\u00edrov\u00e9 krabi\u010dce s potiskem\" src=\"http:\/\/predmetyreklamni.eu\/vyrobce\/wp-content\/uploads\/reklamn\u00ed-pastilky-v-pap\u00edrov\u00e9-krabi\u010dce-s-potiskem-300x292.jpg\" width=\"240\" height=\"234\" srcset=\"https:\/\/predmetyreklamni.eu\/vyrobce\/wp-content\/uploads\/reklamn\u00ed-pastilky-v-pap\u00edrov\u00e9-krabi\u010dce-s-potiskem-300x292.jpg 300w, https:\/\/predmetyreklamni.eu\/vyrobce\/wp-content\/uploads\/reklamn\u00ed-pastilky-v-pap\u00edrov\u00e9-krabi\u010dce-s-potiskem-307x300.jpg 307w, https:\/\/predmetyreklamni.eu\/vyrobce\/wp-content\/uploads\/reklamn\u00ed-pastilky-v-pap\u00edrov\u00e9-krabi\u010dce-s-potiskem.jpg 330w\" sizes=\"(max-width: 240px) 100vw, 240px\" \/><\/a>Min. objedn\u00e1vka:<\/strong>\u00a01000ks<br \/>\n<strong>Hmotnost obsah<\/strong>:<br \/>\n30g &#8211;\u00a0mentolov\u00e9 ov\u00e1ln\u00e9 pastilky<br \/>\n25g &#8211; dra\u017e\u00e9 \u00a0tic tac &#8211; ovocn\u00e9 nebo mentolov\u00e9<br \/>\n20g &#8211; \u017eel\u00e9 typu jelly jelly<br \/>\n18g &#8211; \u017ev\u00fdka\u010dky<br \/>\n<strong>Rozm\u011bry<\/strong>: 50x50x18mm<br \/>\n<strong>Obal<\/strong>: pap\u00edrov\u00e1 krabi\u010dka<br \/>\n<strong>Potisk obalu<\/strong>: na zak\u00e1zku<br \/>\n<strong>Cena<\/strong>:\u00a0<a href=\"mailto:info@predmetyreklamni.eu\">ZASLAT POPT\u00c1VKU<\/a><\/p>\n<p>&nbsp;<\/p>\n<h2>Reklamn\u00ed mentolov\u00e9 pastilky v plastov\u00e9m obalu na zak\u00e1zku<\/h2>\n<p style=\"text-align: justify;\">Mal\u00e9 reklamn\u00ed mentolov\u00e9 pastilky mohou b\u00fdt v plastov\u00e9m ploch\u00e9m z\u00e1sobn\u00ed\u010dku, kter\u00fd m\u016f\u017ee b\u00fdt poti\u0161t\u011bn logem, zna\u010dkou nebo nap\u0159\u00edklad kontaktn\u00edmi informacemi. Reklamn\u00ed mentolov\u00e9 pastilky jsou bez cukru a balen\u00ed je mal\u00fdch rozm\u011br\u016f a snadno se vejde do kabelky a jsou perfektn\u00edm osv\u011b\u017een\u00edm na cesty.<\/p>\n<p style=\"text-align: justify;\"><a href=\"http:\/\/predmetyreklamni.eu\/vyrobce\/wp-content\/uploads\/mentolov\u00e9-pastilky-v-plastov\u00e9-krabi\u010dce-s-potiskem.jpg\"><img decoding=\"async\" loading=\"lazy\" class=\"alignleft  wp-image-3510\" title=\"mentolov\u00e9 pastilky v plastov\u00e9 krabi\u010dce s potiskem\" alt=\"mentolov\u00e9 pastilky v plastov\u00e9 krabi\u010dce s potiskem\" src=\"http:\/\/predmetyreklamni.eu\/vyrobce\/wp-content\/uploads\/mentolov\u00e9-pastilky-v-plastov\u00e9-krabi\u010dce-s-potiskem-300x292.jpg\" width=\"240\" height=\"234\" srcset=\"https:\/\/predmetyreklamni.eu\/vyrobce\/wp-content\/uploads\/mentolov\u00e9-pastilky-v-plastov\u00e9-krabi\u010dce-s-potiskem-300x292.jpg 300w, https:\/\/predmetyreklamni.eu\/vyrobce\/wp-content\/uploads\/mentolov\u00e9-pastilky-v-plastov\u00e9-krabi\u010dce-s-potiskem-307x300.jpg 307w, https:\/\/predmetyreklamni.eu\/vyrobce\/wp-content\/uploads\/mentolov\u00e9-pastilky-v-plastov\u00e9-krabi\u010dce-s-potiskem.jpg 330w\" sizes=\"(max-width: 240px) 100vw, 240px\" \/><\/a><strong><br \/>\nMin. objedn\u00e1vka:<\/strong>\u00a0500ks<br \/>\n<strong>Hmotnost obsah: <\/strong>8g, celkem cca 50ks\/balen\u00ed<br \/>\n<strong>Rozm\u011bry<\/strong>: kole\u010dko\u00a0\u00d8 70mm, obd\u00e9ln\u00edk 78x48mm<br \/>\n<strong>Obal<\/strong>: plast. kole\u010dko, obd\u00e9ln\u00edk, transparentn\u00ed nebo barevn\u00fd s potiskem<br \/>\n<strong>P\u0159\u00edchut\u011b<\/strong>: mini mentolov\u00e1 pastilky<br \/>\n<strong>Potisk obalu<\/strong>: na zak\u00e1zku<br \/>\n<strong>Cena<\/strong>:\u00a0<a href=\"mailto:info@predmetyreklamni.eu\">ZASLAT POPT\u00c1VKU<\/a><\/p>\n<h2 style=\"text-align: justify;\">Reklamn\u00ed \u017ev\u00fdka\u010dky, dra\u017e\u00e9 v plastov\u00e9m s\u00e1\u010dku na zak\u00e1zku<\/h2>\n<p style=\"text-align: justify;\">Reklamn\u00ed \u017ev\u00fdka\u010dky \u010di sladk\u00e9 dra\u017e\u00e9 v mal\u00e9m plastov\u00e9m s\u00e1\u010dku s potiskem na zak\u00e1zku. V tomto plastov\u00e9m s\u00e1\u010dku m\u016f\u017ee b\u00fdt na zak\u00e1zku jednotliv\u011b zabalen 1 nebo 2 kusy \u017ev\u00fdka\u010dky \u010di mentolov\u00e9 pastilky. Mal\u00e9 reklamn\u00ed osv\u011b\u017een\u00ed v podob\u011b \u017ev\u00fdka\u010dky \u010di pastilky v plastov\u00e9m s\u00e1\u010dku se hod\u00ed na veletrhy, v\u00fdstavy, do ordinac\u00ed, na recepce firem nebo hotel\u016f.<\/p>\n<p style=\"text-align: justify;\"><strong><a href=\"http:\/\/predmetyreklamni.eu\/vyrobce\/wp-content\/uploads\/reklamn\u00ed-\u017ev\u00fdka\u010dky-v-plastov\u00e9m-s\u00e1\u010dku-s-potiskem.jpg\"><img decoding=\"async\" loading=\"lazy\" class=\"alignleft  wp-image-3524\" title=\"reklamn\u00ed \u017ev\u00fdka\u010dky v plastov\u00e9m s\u00e1\u010dku s potiskem\" alt=\"reklamn\u00ed \u017ev\u00fdka\u010dky v plastov\u00e9m s\u00e1\u010dku s potiskem\" src=\"http:\/\/predmetyreklamni.eu\/vyrobce\/wp-content\/uploads\/reklamn\u00ed-\u017ev\u00fdka\u010dky-v-plastov\u00e9m-s\u00e1\u010dku-s-potiskem-300x292.jpg\" width=\"240\" height=\"234\" srcset=\"https:\/\/predmetyreklamni.eu\/vyrobce\/wp-content\/uploads\/reklamn\u00ed-\u017ev\u00fdka\u010dky-v-plastov\u00e9m-s\u00e1\u010dku-s-potiskem-300x292.jpg 300w, https:\/\/predmetyreklamni.eu\/vyrobce\/wp-content\/uploads\/reklamn\u00ed-\u017ev\u00fdka\u010dky-v-plastov\u00e9m-s\u00e1\u010dku-s-potiskem-307x300.jpg 307w, https:\/\/predmetyreklamni.eu\/vyrobce\/wp-content\/uploads\/reklamn\u00ed-\u017ev\u00fdka\u010dky-v-plastov\u00e9m-s\u00e1\u010dku-s-potiskem.jpg 330w\" sizes=\"(max-width: 240px) 100vw, 240px\" \/><\/a>Min. objedn\u00e1vka:<\/strong>\u00a05000ks<br \/>\n<strong>Obsah<\/strong>: 1-2ks\/balen\u00ed<br \/>\n<strong>Rozm\u011bry<\/strong>: flow pack 72x60mm, kole\u010dko\u00a0\u00d8 57mm, \u010dtverec 57x57mm<br \/>\n<strong>Obal<\/strong>: plastov\u00fd obal &#8211; kole\u010dko, obd\u00e9ln\u00edk, \u00a0flow pack &#8211; b\u00edl\u00fd, transparentn\u00ed nebo barevn\u00fd s potiskem<br \/>\n<strong>P\u0159\u00edchut\u011b<\/strong>: ov\u00e1ln\u00e9, kulat\u00e9 mentolov\u00e9 pastilky, \u017ev\u00fdka\u010dka bez cukru<br \/>\n<strong>Potisk obalu<\/strong>: na zak\u00e1zku<br \/>\n<strong>Cena<\/strong>:\u00a0<a href=\"mailto:info@predmetyreklamni.eu\">ZASLAT POPT\u00c1VKU<\/a><\/p>\n<h2 style=\"text-align: justify;\">Reklamn\u00ed \u017ev\u00fdka\u010dky, pastilky a dra\u017e\u00e9 v clic clac na zak\u00e1zku<\/h2>\n<p style=\"text-align: justify;\">Reklamn\u00ed \u017ev\u00fdka\u010dky, mentolov\u00e9 nebo sladk\u00e9 dra\u017e\u00e9 \u010di pastilky mohou b\u00fdt na zak\u00e1zku v plechov\u00e9 krabi\u010dce clic clac, kter\u00e1 m\u016f\u017ee b\u00fdt poti\u0161t\u011bna sloganem nebo logem Va\u0161\u00ed firmy. D\u00e1rkov\u00fd osv\u011b\u017euj\u00edc\u00ed nebo sladk\u00fd reklamn\u00ed p\u0159edm\u011bt, kter\u00fd m\u016f\u017ee b\u00fdt sou\u010d\u00e1st\u00ed Va\u0161\u00ed kampan\u011b na propagaci zna\u010dky, ud\u00e1losti nebo produktu.<\/p>\n<p style=\"text-align: justify;\"><a href=\"http:\/\/predmetyreklamni.eu\/vyrobce\/wp-content\/uploads\/reklamn\u00ed-dra\u017e\u00e9-v-clic-clac-s-potiskem.jpg\"><img decoding=\"async\" loading=\"lazy\" class=\"alignleft  wp-image-3520\" title=\"reklamn\u00ed dra\u017e\u00e9 v clic clac s potiskem\" alt=\"reklamn\u00ed dra\u017e\u00e9 v clic clac s potiskem\" src=\"http:\/\/predmetyreklamni.eu\/vyrobce\/wp-content\/uploads\/reklamn\u00ed-dra\u017e\u00e9-v-clic-clac-s-potiskem-300x292.jpg\" width=\"240\" height=\"234\" srcset=\"https:\/\/predmetyreklamni.eu\/vyrobce\/wp-content\/uploads\/reklamn\u00ed-dra\u017e\u00e9-v-clic-clac-s-potiskem-300x292.jpg 300w, https:\/\/predmetyreklamni.eu\/vyrobce\/wp-content\/uploads\/reklamn\u00ed-dra\u017e\u00e9-v-clic-clac-s-potiskem-307x300.jpg 307w, https:\/\/predmetyreklamni.eu\/vyrobce\/wp-content\/uploads\/reklamn\u00ed-dra\u017e\u00e9-v-clic-clac-s-potiskem.jpg 330w\" sizes=\"(max-width: 240px) 100vw, 240px\" \/><\/a><\/p>\n<p><strong>Min. objedn\u00e1vka:<\/strong>\u00a0250\/250\/200ks<br \/>\n<strong>Velikost<\/strong>: mal\u00e1\/st\u0159edn\u00ed\/velk\u00e1<br \/>\n<strong>Hmotnost obsah: <\/strong>5g\/12-14g\/25g<br \/>\n<strong>Rozm\u011bry:<\/strong>\u00d835x11mm\/\u00d845x16mm\/\u00d854x20mm<br \/>\n<strong>Obal<\/strong>: plechov\u00e1 clic clac krabi\u010dka b\u00edl\u00e1, st\u0159\u00edbrn\u00e1 s potiskem<br \/>\n<strong>P\u0159\u00edchut\u011b<\/strong>:\u00a0mentolov\u00e9 ov\u00e1ln\u00e9 pastilky,\u00a0dra\u017e\u00e9 tic tac &#8211; ovocn\u00e9 nebo mentolov\u00e9,\u00a0\u017eel\u00e9 typu jelly jelly,\u00a0\u017ev\u00fdka\u010dky,\u00a0mini mentolov\u00e9 pastilky<br \/>\n<strong>Potisk krabi\u010dky<\/strong>: digit\u00e1ln\u00ed tisk na zak\u00e1zku<br \/>\n<strong>Cena<\/strong>:<a href=\"http:\/\/predmetyreklamni.eu\/vyrobce\/wp-content\/uploads\/Reklamn%C3%AD-%C4%8Dokol%C3%A1dov%C3%A1-kostka-na-zak%C3%A1zku.jpg\">\u00a0<\/a><a href=\"mailto:info@predmetyreklamni.eu\">ZASLAT POPT\u00c1VKU<\/a><\/p>\n<h2>Reklamn\u00ed pastilky a dra\u017e\u00e9 v plechov\u00e9 krabi\u010dce na zak\u00e1zku<\/h2>\n<p style=\"text-align: justify;\">\u017dv\u00fdka\u010dky, ovocn\u00e9 \u010di mentolov\u00e9 potahovan\u00e9 pastilky a dra\u017e\u00e9 mohou b\u00fdt na zak\u00e1zku v reklamn\u00ed plechov\u00e9 krabi\u010dce s potiskem na zak\u00e1zku. Plechov\u00e9 krabi\u010dky v r\u016fzn\u00fdch velikostech s Va\u0161\u00edm logem budou perfektn\u00ed reklamn\u00ed p\u0159edm\u011bt pro Va\u0161e z\u00e1kazn\u00edky.<\/p>\n<p style=\"text-align: justify;\"><a href=\"http:\/\/predmetyreklamni.eu\/vyrobce\/wp-content\/uploads\/potahovan\u00e9-pastilky-v-plechov\u00e9-krabi\u010dce-s-potiskem.jpg\"><img decoding=\"async\" loading=\"lazy\" class=\"alignleft  wp-image-3532\" title=\"potahovan\u00e9 pastilky v plechov\u00e9 krabi\u010dce s potiskem\" alt=\"potahovan\u00e9 pastilky v plechov\u00e9 krabi\u010dce s potiskem\" src=\"http:\/\/predmetyreklamni.eu\/vyrobce\/wp-content\/uploads\/potahovan\u00e9-pastilky-v-plechov\u00e9-krabi\u010dce-s-potiskem-300x292.jpg\" width=\"240\" height=\"234\" srcset=\"https:\/\/predmetyreklamni.eu\/vyrobce\/wp-content\/uploads\/potahovan\u00e9-pastilky-v-plechov\u00e9-krabi\u010dce-s-potiskem-300x292.jpg 300w, https:\/\/predmetyreklamni.eu\/vyrobce\/wp-content\/uploads\/potahovan\u00e9-pastilky-v-plechov\u00e9-krabi\u010dce-s-potiskem-307x300.jpg 307w, https:\/\/predmetyreklamni.eu\/vyrobce\/wp-content\/uploads\/potahovan\u00e9-pastilky-v-plechov\u00e9-krabi\u010dce-s-potiskem.jpg 330w\" sizes=\"(max-width: 240px) 100vw, 240px\" \/><\/a><\/p>\n<p><strong>Min. objedn\u00e1vka:<\/strong>\u00a0200\/100ks<br \/>\n<strong>Velikost<\/strong>: mal\u00e1\/velk\u00e1<br \/>\n<strong>Hmotnost obsah: <\/strong>15-20g\/65g<br \/>\n<strong>Rozm\u011bry:\u00a0<\/strong>64x50x18mm\/92x62x24mm<br \/>\n<strong>Obal<\/strong>: plechov\u00e1 krabi\u010dka b\u00edl\u00e1, \u010dern\u00e1, st\u0159\u00edbrn\u00e1 s potiskem<br \/>\n<strong>P\u0159\u00edchut\u011b<\/strong>:\u00a0mentolov\u00e9 ov\u00e1ln\u00e9 pastilky,\u00a0dra\u017e\u00e9 tic tac &#8211; ovocn\u00e9 nebo mentolov\u00e9,\u00a0\u017eel\u00e9 typu jelly jelly,\u00a0\u017ev\u00fdka\u010dky, mini mentolov\u00e9 pastilky<br \/>\n<strong>Potisk krabi\u010dky<\/strong>: digit\u00e1ln\u00ed tisk na zak\u00e1zku<br \/>\n<strong>Cena<\/strong>:<a href=\"http:\/\/predmetyreklamni.eu\/vyrobce\/wp-content\/uploads\/Reklamn%C3%AD-%C4%8Dokol%C3%A1dov%C3%A1-kostka-na-zak%C3%A1zku.jpg\">\u00a0<\/a><a href=\"mailto:info@predmetyreklamni.eu\">ZASLAT POPT\u00c1VKU<\/a><\/p>\n<h2>Reklamn\u00ed \u017ev\u00fdka\u010dky, pastilky ve st\u0159\u00edbrn\u00e9 krabi\u010dce na zak\u00e1zku<\/h2>\n<p style=\"text-align: justify;\">\u017dv\u00fdka\u010dky, potahovan\u00e9 ovocn\u00e9 nebo mentolov\u00e9 pastilky, mini mentolov\u00e9 pastilky, jelly jelly bonb\u00f3nky, mentolov\u00e9 ov\u00e1ln\u00e9 dra\u017e\u00e9 ale tak\u00e9 \u010dokol\u00e1dov\u00e9 lentilky mohou b\u00fdt na zak\u00e1zku ve st\u0159\u00edbrn\u00e9 plechov\u00e9 krabi\u010dce nap\u0159\u00edklad ve tvaru triangle, ov\u00e1l nebo tri\u010dko. St\u0159\u00edbrn\u00e9 krabi\u010dky se sladkostmi mohou b\u00fdt na zak\u00e1zku digit\u00e1ln\u011b poti\u0161t\u011bny.<\/p>\n<p><a href=\"http:\/\/predmetyreklamni.eu\/vyrobce\/wp-content\/uploads\/reklamn\u00ed-dra\u017e\u00e9-ve-st\u0159\u00edbrn\u00e9-krabi\u010dce-s-potiskem.jpg\"><img decoding=\"async\" loading=\"lazy\" class=\"alignleft  wp-image-3535\" title=\"reklamn\u00ed dra\u017e\u00e9 ve st\u0159\u00edbrn\u00e9 krabi\u010dce s potiskem\" alt=\"reklamn\u00ed dra\u017e\u00e9 ve st\u0159\u00edbrn\u00e9 krabi\u010dce s potiskem\" src=\"http:\/\/predmetyreklamni.eu\/vyrobce\/wp-content\/uploads\/reklamn\u00ed-dra\u017e\u00e9-ve-st\u0159\u00edbrn\u00e9-krabi\u010dce-s-potiskem-300x292.jpg\" width=\"240\" height=\"234\" srcset=\"https:\/\/predmetyreklamni.eu\/vyrobce\/wp-content\/uploads\/reklamn\u00ed-dra\u017e\u00e9-ve-st\u0159\u00edbrn\u00e9-krabi\u010dce-s-potiskem-300x292.jpg 300w, https:\/\/predmetyreklamni.eu\/vyrobce\/wp-content\/uploads\/reklamn\u00ed-dra\u017e\u00e9-ve-st\u0159\u00edbrn\u00e9-krabi\u010dce-s-potiskem-307x300.jpg 307w, https:\/\/predmetyreklamni.eu\/vyrobce\/wp-content\/uploads\/reklamn\u00ed-dra\u017e\u00e9-ve-st\u0159\u00edbrn\u00e9-krabi\u010dce-s-potiskem.jpg 330w\" sizes=\"(max-width: 240px) 100vw, 240px\" \/><\/a><strong>Min. objedn\u00e1vka:<\/strong>\u00a0500\/200\/200ks<br \/>\n<strong>Velikost<\/strong>: triangle\/ov\u00e1l\/tri\u010dko<br \/>\n<strong>Hmotnost obsah: <\/strong>18\/20\/18g<br \/>\n<strong>Rozm\u011bry:\u00a0<\/strong>55x55x55x16mm\/64x45x20mm\/60x 65x16mm<br \/>\n<strong>Obal<\/strong>: plechov\u00e1 krabi\u010dka st\u0159\u00edbrn\u00e1 s potiskem<br \/>\n<strong>P\u0159\u00edchut\u011b<\/strong>:\u00a0mentolov\u00e9 ov\u00e1ln\u00e9 pastilky,\u00a0dra\u017e\u00e9 tic tac &#8211; ovocn\u00e9 nebo mentolov\u00e9,\u00a0\u017eel\u00e9 typu jelly jelly,\u00a0\u017ev\u00fdka\u010dky, mini mentolov\u00e9 pastilky<br \/>\n<strong>Potisk krabi\u010dky<\/strong>: digit\u00e1ln\u00ed tisk na zak\u00e1zku<br \/>\n<strong>Cena<\/strong>:<a href=\"http:\/\/predmetyreklamni.eu\/vyrobce\/wp-content\/uploads\/Reklamn%C3%AD-%C4%8Dokol%C3%A1dov%C3%A1-kostka-na-zak%C3%A1zku.jpg\">\u00a0<\/a><a href=\"mailto:info@predmetyreklamni.eu\">ZASLAT POPT\u00c1VKU<\/a><\/p>\n<h2>Reklamn\u00ed \u017ev\u00fdka\u010dky v blistru na zak\u00e1zku<\/h2>\n<p style=\"text-align: justify;\">Reklamn\u00ed \u017ev\u00fdka\u010dky mohou b\u00fdt na zak\u00e1zku vyrobeny v klasick\u00e9m blistru, kter\u00fd zn\u00e1me v\u0161ichni. Tento blistr je um\u00edst\u011bn v pap\u00edrov\u00e9 obalu, kter\u00fd m\u016f\u017ee b\u00fdt poti\u0161t\u011bn v designu firemn\u00edho loga, maskota. Reklamn\u00ed \u017ev\u00fdka\u010dky v blistru na zak\u00e1zku jsou perfektn\u00ed osv\u011b\u017euj\u00edc\u00ed reklamn\u00ed d\u00e1rek pro z\u00e1kazn\u00edky \u010di obchodn\u00ed klienty.<\/p>\n<p style=\"text-align: justify;\"><a href=\"http:\/\/predmetyreklamni.eu\/vyrobce\/wp-content\/uploads\/reklamn\u00ed-\u017ev\u00fdka\u010dky-v-blistru-s-potiskem.jpg\"><img decoding=\"async\" loading=\"lazy\" class=\"alignleft  wp-image-3540\" title=\"reklamn\u00ed \u017ev\u00fdka\u010dky v blistru s potiskem\" alt=\"reklamn\u00ed \u017ev\u00fdka\u010dky v blistru s potiskem\" src=\"http:\/\/predmetyreklamni.eu\/vyrobce\/wp-content\/uploads\/reklamn\u00ed-\u017ev\u00fdka\u010dky-v-blistru-s-potiskem-300x292.jpg\" width=\"240\" height=\"234\" srcset=\"https:\/\/predmetyreklamni.eu\/vyrobce\/wp-content\/uploads\/reklamn\u00ed-\u017ev\u00fdka\u010dky-v-blistru-s-potiskem-300x292.jpg 300w, https:\/\/predmetyreklamni.eu\/vyrobce\/wp-content\/uploads\/reklamn\u00ed-\u017ev\u00fdka\u010dky-v-blistru-s-potiskem-307x300.jpg 307w, https:\/\/predmetyreklamni.eu\/vyrobce\/wp-content\/uploads\/reklamn\u00ed-\u017ev\u00fdka\u010dky-v-blistru-s-potiskem.jpg 330w\" sizes=\"(max-width: 240px) 100vw, 240px\" \/><\/a><strong><br \/>\nMin. objedn\u00e1vka:<\/strong>\u00a01000ks<br \/>\n<strong>Obsah<\/strong>: 6\/12ks balen\u00ed<br \/>\n<strong>Rozm\u011bry<\/strong>:\u00a060x64x8mm\/58x116x8mm<br \/>\n<strong>Obal<\/strong>: blistr v pap\u00edrov\u00e9m p\u0159ebalu<br \/>\n<strong>P\u0159\u00edchut\u011b<\/strong>: \u017ev\u00fdka\u010dka bez cukru<br \/>\n<strong>Potisk obalu<\/strong>: na zak\u00e1zku<br \/>\n<strong>Cena<\/strong>:<a href=\"http:\/\/predmetyreklamni.eu\/vyrobce\/wp-content\/uploads\/Reklamn%C3%AD-%C4%8Dokol%C3%A1dov%C3%A1-kostka-na-zak%C3%A1zku.jpg\">\u00a0<\/a><a href=\"mailto:info@predmetyreklamni.eu\">ZASLAT POPT\u00c1VKU<\/a><\/p>\n<p>&nbsp;<\/p>\n<h2>Reklamn\u00ed potahovan\u00e9 pastilky v blistru na zak\u00e1zku<\/h2>\n<p style=\"text-align: justify;\">Reklamn\u00ed potahovan\u00e9 pastilky v ovocn\u00e9, mentolov\u00e9 p\u0159\u00edchuti nebo mini mentolov\u00e9 pastilky bez cukru. Reklamn\u00ed potahovan\u00e9 pastilky v klasick\u00e9 blistru po 18, 24 nebo 36 v balen\u00ed. Darujte sv\u00fdm z\u00e1kazn\u00edk\u016fm ovocn\u00e9 nebo mentolov\u00e9 osv\u011b\u017een\u00ed. Blistr je v pap\u00edrov\u00e9m p\u0159ebalu, kter\u00fd m\u016f\u017ee b\u00fdt na zak\u00e1zku opat\u0159en informacemi pro z\u00e1kazn\u00edky, logem nebo jinou grafikou dle Va\u0161eho zad\u00e1n\u00ed.<\/p>\n<p><a href=\"http:\/\/predmetyreklamni.eu\/vyrobce\/wp-content\/uploads\/reklamn\u00ed-pastilky-v-blistru-od-v\u00fdrobce.jpg\"><img decoding=\"async\" loading=\"lazy\" class=\"alignleft  wp-image-3542\" title=\"reklamn\u00ed pastilky v blistru od v\u00fdrobce\" alt=\"reklamn\u00ed pastilky v blistru od v\u00fdrobce\" src=\"http:\/\/predmetyreklamni.eu\/vyrobce\/wp-content\/uploads\/reklamn\u00ed-pastilky-v-blistru-od-v\u00fdrobce-300x292.jpg\" width=\"240\" height=\"234\" srcset=\"https:\/\/predmetyreklamni.eu\/vyrobce\/wp-content\/uploads\/reklamn\u00ed-pastilky-v-blistru-od-v\u00fdrobce-300x292.jpg 300w, https:\/\/predmetyreklamni.eu\/vyrobce\/wp-content\/uploads\/reklamn\u00ed-pastilky-v-blistru-od-v\u00fdrobce-307x300.jpg 307w, https:\/\/predmetyreklamni.eu\/vyrobce\/wp-content\/uploads\/reklamn\u00ed-pastilky-v-blistru-od-v\u00fdrobce.jpg 330w\" sizes=\"(max-width: 240px) 100vw, 240px\" \/><\/a><strong><br \/>\nMin. objedn\u00e1vka:<\/strong>\u00a01000ks<br \/>\n<strong>Obsah<\/strong>: 18\/24\/36ks balen\u00ed<br \/>\n<strong>Rozm\u011bry<\/strong>: 85x62x8mm\/88x85x8mm\/97x65x20mm<br \/>\n<strong>Obal<\/strong>: blistr v pap\u00edrov\u00e9m p\u0159ebalu<br \/>\n<strong>P\u0159\u00edchut\u011b<\/strong>:\u00a0pastilky tic tac &#8211; ovocn\u00e9 nebo mentolov\u00e9,\u00a0mini mentolov\u00e9 pastilky bez cukru<br \/>\n<strong>Potisk obalu<\/strong>: na zak\u00e1zku<br \/>\n<strong>Cena<\/strong>:<a href=\"http:\/\/predmetyreklamni.eu\/vyrobce\/wp-content\/uploads\/Reklamn%C3%AD-%C4%8Dokol%C3%A1dov%C3%A1-kostka-na-zak%C3%A1zku.jpg\">\u00a0<\/a><a href=\"mailto:info@predmetyreklamni.eu\">ZASLAT POPT\u00c1VKU<\/a><\/p>\n<p>&nbsp;<\/p>\n<h2>Reklamn\u00ed \u017ev\u00fdka\u010dky, pastilky v plastov\u00e9m obalu na zak\u00e1zku<\/h2>\n<p style=\"text-align: justify;\">Reklamn\u00ed \u017ev\u00fdka\u010dky nebo pastilky mohou b\u00fdt na zak\u00e1zku plastov\u00e9m obalu, kter\u00fd m\u016f\u017ee m\u00edt r\u016fzn\u00e9 podoby jako plastov\u00e9 krychli\u010dky, klasick\u00e9 plastov\u00e9 krabi\u010dky s klipem nebo plastov\u00e9 fresh boxy. Tyto plastov\u00e9 obaly mohou b\u00fdt na zak\u00e1zku opat\u0159eny potiskem a Vy tak sv\u00fdm z\u00e1kazn\u00edk\u016fm darujete ovocn\u00e9 nebo mentolov\u00e9 osv\u011b\u017een\u00ed s logem nebo sloganem firmy.<\/p>\n<p><strong><a href=\"http:\/\/predmetyreklamni.eu\/vyrobce\/wp-content\/uploads\/\u017ev\u00fdka\u010dky-a-pastilky-v-plastov\u00e9m-obalu-s-potiskem.jpg\"><img decoding=\"async\" loading=\"lazy\" class=\"alignleft  wp-image-3550\" title=\"\u017ev\u00fdka\u010dky a pastilky v plastov\u00e9m obalu s potiskem\" alt=\"\u017ev\u00fdka\u010dky a pastilky v plastov\u00e9m obalu s potiskem\" src=\"http:\/\/predmetyreklamni.eu\/vyrobce\/wp-content\/uploads\/\u017ev\u00fdka\u010dky-a-pastilky-v-plastov\u00e9m-obalu-s-potiskem-300x277.jpg\" width=\"240\" height=\"222\" srcset=\"https:\/\/predmetyreklamni.eu\/vyrobce\/wp-content\/uploads\/\u017ev\u00fdka\u010dky-a-pastilky-v-plastov\u00e9m-obalu-s-potiskem-300x277.jpg 300w, https:\/\/predmetyreklamni.eu\/vyrobce\/wp-content\/uploads\/\u017ev\u00fdka\u010dky-a-pastilky-v-plastov\u00e9m-obalu-s-potiskem-324x300.jpg 324w, https:\/\/predmetyreklamni.eu\/vyrobce\/wp-content\/uploads\/\u017ev\u00fdka\u010dky-a-pastilky-v-plastov\u00e9m-obalu-s-potiskem.jpg 332w\" sizes=\"(max-width: 240px) 100vw, 240px\" \/><\/a>Min. objedn\u00e1vka:<\/strong>\u00a0500\/500\/200ks<br \/>\n<strong>Velikost<\/strong>: krychle\/tic tac s klipem\/fresh box<br \/>\n<strong>Hmotnost obsah: <\/strong>20-25\/15\/50g<strong><\/strong><br \/>\n<strong>Rozm\u011bry:\u00a0<\/strong>33x33x35mm\/58x40x15mm\/\u00d850x70mm<br \/>\n<strong>Obal<\/strong>: plastov\u00e1 krabi\u010dka b\u00edl\u00e1 nebo transparentn\u00ed s potiskem<br \/>\n<strong>P\u0159\u00edchut\u011b<\/strong>: pastilky tic tac &#8211; ovocn\u00e9 nebo mentolov\u00e9,\u00a0\u017eel\u00e9 typu jelly jelly,\u00a0\u017ev\u00fdka\u010dky<br \/>\n<strong>Potisk krabi\u010dky<\/strong>: na zak\u00e1zku<br \/>\n<strong>Cena<\/strong>:<a href=\"http:\/\/predmetyreklamni.eu\/vyrobce\/wp-content\/uploads\/Reklamn%C3%AD-%C4%8Dokol%C3%A1dov%C3%A1-kostka-na-zak%C3%A1zku.jpg\">\u00a0<\/a><a href=\"mailto:info@predmetyreklamni.eu\">ZASLAT POPT\u00c1VKU<\/a><\/p>\n<h2><\/h2>\n<p style=\"text-align: justify;\">Chcete si nechat vyrobit vlastn\u00ed reklamn\u00ed \u017ev\u00fdka\u010dky, pastilky a dra\u017e\u00e9 na zak\u00e1zku? Kontaktujte n\u00e1s pro cenovou nab\u00eddku na emailu:<a href=\"mailto:info@predmetyreklamni.eu\">\u00a0info@predmetyreklamni.eu<\/a><\/p>\n<p style=\"text-align: justify;\"><strong>Do cenov\u00e9 popt\u00e1vky pros\u00edm uve\u010fte pot\u0159ebn\u00e9 informace pro cenovou nab\u00eddku jako<\/strong>: mno\u017estv\u00ed, dobu dod\u00e1n\u00ed, druh, druh obalu a barevnost potisku. V\u0161echny tyto informace n\u00e1m pomohou k rychlej\u0161\u00edmu zpracov\u00e1n\u00ed cenov\u00e9 nab\u00eddky pr\u00e1v\u011b pro V\u00e1s.<\/p>\n<p style=\"text-align: justify;\">T\u011b\u0161\u00edme se na spolupr\u00e1ci! Team Gifts Service<\/p>\n","protected":false},"excerpt":{"rendered":"<p>REKLAMN\u00cd \u017dV\u00ddKA\u010cKY, PASTILKY A DRA\u017d\u00c9 NA ZAK\u00c1ZKU Reklamn\u00ed \u017ev\u00fdka\u010dky, pastilky nebo dra\u017e\u00e9 na zak\u00e1zku v r\u016fzn\u00fdch obalech s potiskem Reklamn\u00ed \u017ev\u00fdka\u010dky, barevn\u00e9 pastilky a dra\u017e\u00e9 mohou b\u00fdt baleny v r\u016fzn\u00fdch obalech a v\u0161echny tato obaly mohou b\u00fdt na zak\u00e1zku poti\u0161t\u011bny &hellip; <a href=\"https:\/\/predmetyreklamni.eu\/vyrobce\/sk\/reklamni-zvykacky-na-zakazku\/\">Continue reading <span class=\"meta-nav\">&rarr;<\/span><\/a><\/p>\n","protected":false},"author":1,"featured_media":0,"parent":0,"menu_order":26,"comment_status":"closed","ping_status":"open","template":"sidebar-page.php","meta":[],"_links":{"self":[{"href":"https:\/\/predmetyreklamni.eu\/vyrobce\/sk\/wp-json\/wp\/v2\/pages\/3357"}],"collection":[{"href":"https:\/\/predmetyreklamni.eu\/vyrobce\/sk\/wp-json\/wp\/v2\/pages"}],"about":[{"href":"https:\/\/predmetyreklamni.eu\/vyrobce\/sk\/wp-json\/wp\/v2\/types\/page"}],"author":[{"embeddable":true,"href":"https:\/\/predmetyreklamni.eu\/vyrobce\/sk\/wp-json\/wp\/v2\/users\/1"}],"replies":[{"embeddable":true,"href":"https:\/\/predmetyreklamni.eu\/vyrobce\/sk\/wp-json\/wp\/v2\/comments?post=3357"}],"version-history":[{"count":49,"href":"https:\/\/predmetyreklamni.eu\/vyrobce\/sk\/wp-json\/wp\/v2\/pages\/3357\/revisions"}],"predecessor-version":[{"id":3545,"href":"https:\/\/predmetyreklamni.eu\/vyrobce\/sk\/wp-json\/wp\/v2\/pages\/3357\/revisions\/3545"}],"wp:attachment":[{"href":"https:\/\/predmetyreklamni.eu\/vyrobce\/sk\/wp-json\/wp\/v2\/media?parent=3357"}],"curies":[{"name":"wp","href":"https:\/\/api.w.org\/{rel}","templated":true}]}}