{"id":3400,"date":"2014-03-24T12:13:48","date_gmt":"2014-03-24T12:13:48","guid":{"rendered":"http:\/\/predmetyreklamni.eu\/vyrobce\/?page_id=3400"},"modified":"2016-03-14T20:11:31","modified_gmt":"2016-03-14T20:11:31","slug":"reklamni-termopolstarky-na-zakazku","status":"publish","type":"page","link":"https:\/\/predmetyreklamni.eu\/vyrobce\/sk\/reklamni-termopolstarky-na-zakazku\/","title":{"rendered":"Reklamn\u00ed termopol\u0161t\u00e1\u0159ky na zak\u00e1zku"},"content":{"rendered":"<h1 style=\"text-align: justify;\">REKLAMN\u00cd TERMOPOL\u0160T\u00c1\u0158KY NA ZAK\u00c1ZKU<\/h1>\n<h2 style=\"text-align: justify;\">Reklamn\u00ed termopol\u0161t\u00e1rky na zak\u00e1zku k propagaci zna\u010dky<\/h2>\n<p style=\"text-align: justify;\">Na t\u011bchto str\u00e1nk\u00e1ch si V\u00e1m dovol\u00edme p\u0159ibl\u00ed\u017eit jeden z na\u0161ich dal\u0161\u00edch reklamn\u00edch p\u0159edm\u011bt\u016f,\u00a0kter\u00fd pro V\u00e1s m\u016f\u017eeme na zak\u00e1zku nechat vyrobit. Jedn\u00e1 se o reklamn\u00ed termopol\u0161t\u00e1\u0159ky s h\u0159ejiv\u00fdm nebo chlad\u00edc\u00edm \u00fa\u010dinkem, kter\u00e9 mohou b\u00fdt poti\u0161t\u011bny logem, sloganem, n\u00e1zvem propagovan\u00e9ho produktu nebo jinou grafikou dle Va\u0161eho zad\u00e1n\u00ed.<\/p>\n<h2 style=\"text-align: justify;\">Reklamn\u00ed termopol\u0161t\u00e1\u0159ky na zak\u00e1zku nab\u00eddka<\/h2>\n<p style=\"text-align: justify;\">Reklamn\u00ed termopol\u0161t\u00e1\u0159ky mohou b\u00fdt zak\u00e1zku chladiv\u00e9 nebo h\u0159ejiv\u00e9. Chladiv\u00e9 i h\u0159ejiv\u00e9 termopol\u0161t\u00e1\u0159ky je mo\u017eno opakovan\u011b vr\u00e1tit do p\u016fvodn\u00edho stavu a pou\u017e\u00edvat opakovan\u011b a st\u00e1le dokola, co\u017e z nich \u010din\u00ed velice praktick\u00fd a trval\u00fd reklamn\u00ed p\u0159edm\u011bt.<\/p>\n<p style=\"text-align: justify;\"><em>Klikn\u011bte pro v\u00edce informac\u00ed<\/em><\/p>\n<div id=\"attachment_3683\" style=\"width: 229px\" class=\"wp-caption alignleft\"><a href=\"http:\/\/predmetyreklamni.eu\/vyrobce\/chladici-polstarky-na-zakazku\/\" target=\"_blank\"><img aria-describedby=\"caption-attachment-3683\" decoding=\"async\" loading=\"lazy\" class=\"hover        \" title=\"chladiv\u00e9 pol\u0161t\u00e1\u0159ky s potiskem\" alt=\"chladiv\u00e9 pol\u0161t\u00e1\u0159ky s potiskem\" src=\"http:\/\/predmetyreklamni.eu\/vyrobce\/wp-content\/uploads\/chladiv\u00e9-pol\u0161t\u00e1\u0159ky-s-potiskem-300x300.jpg\" width=\"219\" height=\"219\" \/><\/a><p id=\"caption-attachment-3683\" class=\"wp-caption-text\">CHLADIV\u00c9 COLD POL\u0160T\u00c1\u0158KY<\/p><\/div>\n<div id=\"attachment_3684\" style=\"width: 229px\" class=\"wp-caption alignleft\"><a href=\"http:\/\/predmetyreklamni.eu\/vyrobce\/hrejive-polstarky-s-potiskem\/\" target=\"_blank\"><img aria-describedby=\"caption-attachment-3684\" decoding=\"async\" loading=\"lazy\" class=\"hover      \" title=\"h\u0159ejiv\u00e9 pol\u0161t\u00e1\u0159ky na zak\u00e1zku\" alt=\"h\u0159ejiv\u00e9 pol\u0161t\u00e1\u0159ky na zak\u00e1zku\" src=\"http:\/\/predmetyreklamni.eu\/vyrobce\/wp-content\/uploads\/h\u0159ejiv\u00e9-pol\u0161t\u00e1\u0159ky-na-zak\u00e1zku-300x300.jpg\" width=\"219\" height=\"219\" \/><\/a><p id=\"caption-attachment-3684\" class=\"wp-caption-text\">H\u0158EJIV\u00c9 HOT POL\u0160T\u00c1\u0158KY<\/p><\/div>\n<h2 style=\"text-align: justify;\">Reklamn\u00ed termopol\u0161t\u00e1\u0159ky na zak\u00e1zku v\u00fdhody<\/h2>\n<ul style=\"text-align: justify;\">\n<li>praktick\u00fd reklamn\u00ed d\u00e1rek<\/li>\n<li>r\u016fzn\u00e9 tvary a barvy na zak\u00e1zku<\/li>\n<li>jednoduch\u00e9 a nav\u00edc opakovan\u00e9 pou\u017eit\u00ed<\/li>\n<li>\u0161irok\u00e9 vyu\u017e\u00edt\u00ed<\/li>\n<li>atraktivn\u00ed a reprezentativn\u00ed vzhled<\/li>\n<li>velk\u00e1 plocha na potisk a jeho snadn\u00e1 realizace<\/li>\n<li>bezpe\u010dn\u00e9 pro d\u011bti a dosp\u011bl\u00e9<\/li>\n<li>snadn\u00e9 skladov\u00e1n\u00ed s minimem n\u00e1rok\u016f na prostor a prost\u0159ed\u00ed<\/li>\n<\/ul>\n<h2 style=\"text-align: justify;\">Reklamn\u00ed termopol\u0161t\u00e1\u0159ky na zak\u00e1zku &#8211; propaga\u010dn\u00ed video<\/h2>\n<p style=\"text-align: justify;\">Na tomto videu m\u016f\u017eete vid\u011bt, jak jednodu\u0161e se h\u0159ejiv\u00e9 termopol\u0161t\u00e1\u0159ky aktivuj\u00ed. Va\u0161e ruce pak budou zah\u0159\u00edvat po dobu p\u0159ibli\u017en\u011b 30 minut.<\/p>\n<p style=\"text-align: justify;\"><iframe loading=\"lazy\" src=\"\/\/www.youtube.com\/embed\/3TkDZ4NJDZ4\" height=\"300\" width=\"440\" allowfullscreen=\"\" frameborder=\"0\"><\/iframe><\/p>\n<h2 style=\"text-align: justify;\">Co jsou vlastn\u011b reklamn\u00ed termopol\u0161t\u00e1\u0159ky na zak\u00e1zku<\/h2>\n<p style=\"text-align: justify;\">Reklamn\u00ed chladiv\u00e9 nebo h\u0159ejiv\u00e9 termopol\u0161t\u00e1\u0159ky na zak\u00e1zku jsou\u00a0s\u00e1\u010dky z pevn\u00e9ho PVC s chemickou l\u00e1tkou (voda, s\u016fl, adhezivn\u00ed slo\u017eky), ve kter\u00e9 je vlo\u017een kovov\u00fd pl\u00ed\u0161ek slou\u017e\u00edc\u00ed k aktivaci chemick\u00e9ho procesu. Prohnut\u00edm \u010di prokliknut\u00edm (nesm\u00ed se l\u00e1mat!) pl\u00ed\u0161ku se spust\u00ed \u0159et\u011bzov\u00e1 reakce. Ta m\u011bn\u00ed tekutinu uvnit\u0159 termopol\u0161t\u00e1\u0159k\u016f v b\u00edlou postupn\u011b tuhnouc\u00ed hmotu. H\u0159ejiv\u00e9 reklamn\u00ed termopol\u0161t\u00e1\u0159ky b\u011bhem n\u011bkolika sekund vyvinou teplotu p\u0159ibli\u017en\u011b 55\u00b0C. H\u0159ejiv\u00e9 ani chladiv\u00e9 s\u00e1\u010dky se nesm\u00ed p\u0159ikl\u00e1dat p\u0159\u00edmo na k\u016f\u017ei (doporu\u010dujeme obalit l\u00e1tkou). Reklamn\u00ed termopol\u0161t\u00e1\u0159ky\u00a0vyd\u00e1vaj\u00ed intenzivn\u00ed teplo nebo chlad a p\u0159\u00edm\u00fd kontakt s poko\u017ekou by mohl zp\u016fsobit jej\u00ed defekt.\u00a0\u00a0V tuh\u00e9 podob\u011b nedoporu\u010dujeme dlouhodob\u00e9 skladov\u00e1n\u00ed pol\u0161t\u00e1\u0159ku.<\/p>\n<h2 style=\"text-align: justify;\">Jak funguj\u00ed reklamn\u00ed termopol\u0161t\u00e1\u0159ky na zak\u00e1zku?<\/h2>\n<p style=\"text-align: justify;\">Reklamn\u00ed termopol\u0161t\u00e1rky na zak\u00e1zku obsahuj\u00ed \u010dirou r\u016fzn\u011b barevnou tekutinu a kovov\u00fd pl\u00ed\u0161ek. Prohnut\u00edm \u010di prokliknut\u00edm kovov\u00e9ho pl\u00ed\u0161ku vyvol\u00e1me reakci, p\u0159i kter\u00e9 se za\u010dne uvol\u0148ovat teplo (a\u017e 55\u00b0C) a tekutina se za\u010dne prom\u011b\u0148ovat v nepr\u016fhlednou hmotu. Takto tepl\u00fd \u010di chladn\u00fd vydr\u017e\u00ed pol\u0161t\u00e1\u0159ek a\u017e 30 minut.<\/p>\n<p style=\"text-align: justify;\">Reklamn\u00ed termopol\u0161t\u00e1\u0159ky a jejich funkce je obnoviteln\u00e1 pova\u0159en\u00edm v hork\u00e9 vod\u011b v rychlovarn\u00e9 konvici \u010di hrnci\u00a0a\u017e do \u00fapln\u00e9ho rozpu\u0161t\u011bn\u00ed tuh\u00e9 l\u00e1tky na kapalinu.\u00a0Op\u011btovn\u00e9 pou\u017eit\u00ed je mo\u017en\u00e9 do celkov\u00e9ho vy\u010derp\u00e1n\u00ed chemick\u00e9 reakce. Se zvy\u0161uj\u00edc\u00edm se po\u010dtem aktivac\u00ed ztr\u00e1c\u00ed reklamn\u00ed termopol\u0161t\u00e1\u0159ky kapacitu. Tento proces m\u016f\u017eete opakovat a\u017e 1000x. Kdy\u017e budete pol\u0161t\u00e1\u0159ek vyva\u0159ovat, dejte na dno konvice kus l\u00e1tky, aby se V\u00e1m nep\u0159ichytil na dn\u011b.<\/p>\n<p style=\"text-align: justify;\"><em style=\"color: #000000;\">Technick\u00e9 informace:<\/em><\/p>\n<ul style=\"text-align: justify;\">\n<li><em style=\"color: #000000;\">pol\u0161t\u00e1\u0159ky v\u00fdhradn\u011b vyva\u0159ujte ve vod\u011b! Nesm\u00edte je va\u0159it v mikrovln\u00e9 troub\u011b, nebo papi\u0148\u00e1ku<\/em><\/li>\n<li><em style=\"color: #000000;\">tekutina nen\u00ed pitn\u00e1 a m\u016f\u017ee b\u00fdt jedovat\u00e1<\/em><\/li>\n<li><em style=\"color: #000000;\">nedoporu\u010dujeme d\u011btem do t\u0159\u00ed let<\/em><\/li>\n<li><em style=\"color: #000000;\">materi\u00e1l: odoln\u00e9 PVC<\/em><\/li>\n<\/ul>\n<h2 style=\"text-align: justify;\">Zak\u00e1zkov\u00e9 oh\u0159\u00edva\u010de reklamn\u00ed<\/h2>\n<div id=\"attachment_4563\" style=\"width: 219px\" class=\"wp-caption alignleft\"><a href=\"http:\/\/predmetyreklamni.eu\/vyrobce\/wp-content\/uploads\/OG031_.jpg\"><img aria-describedby=\"caption-attachment-4563\" decoding=\"async\" loading=\"lazy\" class=\" wp-image-4563    \" title=\"Zak\u00e1zkov\u00e9 oh\u0159\u00edva\u010de reklamn\u00ed\" alt=\"Zak\u00e1zkov\u00e9 oh\u0159\u00edva\u010de reklamn\u00ed\" src=\"http:\/\/predmetyreklamni.eu\/vyrobce\/wp-content\/uploads\/OG031_-258x300.jpg\" width=\"209\" height=\"243\" srcset=\"https:\/\/predmetyreklamni.eu\/vyrobce\/wp-content\/uploads\/OG031_-258x300.jpg 258w, https:\/\/predmetyreklamni.eu\/vyrobce\/wp-content\/uploads\/OG031_.jpg 466w\" sizes=\"(max-width: 209px) 100vw, 209px\" \/><\/a><p id=\"caption-attachment-4563\" class=\"wp-caption-text\">Zak\u00e1zkov\u00e9 oh\u0159\u00edva\u010de reklamn\u00ed<\/p><\/div>\n<div id=\"attachment_4562\" style=\"width: 253px\" class=\"wp-caption alignleft\"><a href=\"http:\/\/predmetyreklamni.eu\/vyrobce\/wp-content\/uploads\/Bez-n\u00e1zvu2.jpg\"><img aria-describedby=\"caption-attachment-4562\" decoding=\"async\" loading=\"lazy\" class=\"wp-image-4562 \" title=\"Reklamn\u00ed oh\u0159\u00edva\u010d d\u011btsk\u00fdch j\u00eddel\" alt=\"Reklamn\u00ed oh\u0159\u00edva\u010d d\u011btsk\u00fdch j\u00eddel\" src=\"http:\/\/predmetyreklamni.eu\/vyrobce\/wp-content\/uploads\/Bez-n\u00e1zvu2-300x298.jpg\" width=\"243\" height=\"241\" srcset=\"https:\/\/predmetyreklamni.eu\/vyrobce\/wp-content\/uploads\/Bez-n\u00e1zvu2-300x298.jpg 300w, https:\/\/predmetyreklamni.eu\/vyrobce\/wp-content\/uploads\/Bez-n\u00e1zvu2-150x150.jpg 150w, https:\/\/predmetyreklamni.eu\/vyrobce\/wp-content\/uploads\/Bez-n\u00e1zvu2-301x300.jpg 301w, https:\/\/predmetyreklamni.eu\/vyrobce\/wp-content\/uploads\/Bez-n\u00e1zvu2.jpg 850w\" sizes=\"(max-width: 243px) 100vw, 243px\" \/><\/a><p id=\"caption-attachment-4562\" class=\"wp-caption-text\">Reklamn\u00ed oh\u0159\u00edva\u010d d\u011btsk\u00fdch j\u00eddel<\/p><\/div>\n<p>&nbsp;<\/p>\n<p>&nbsp;<\/p>\n<p>&nbsp;<\/p>\n<p>&nbsp;<\/p>\n<p>&nbsp;<\/p>\n<p>&nbsp;<\/p>\n<p>&nbsp;<\/p>\n<p><span style=\"font-weight: 300; text-align: justify;\">Reklamn\u00ed oh\u0159\u00edva\u010de v zak\u00e1zkov\u00e9m tvaru pom\u00e1haj\u00ed vytv\u00e1\u0159et reklamn\u00ed p\u0159em\u011bty s vysokou vn\u00edmanou hodnotou. Na obr\u00e1zku vid\u00edte zak\u00e1zkov\u00fd oh\u0159\u00edva\u010d, kter\u00fd ocen\u00ed ka\u017ed\u00e1 matka, kter\u00e1 na del\u0161\u00ed prochazce \u0159e\u0161\u00ed probl\u00e9m jak oh\u0159\u00e1t sv\u00e9mu potomkovi j\u00eddlo. S t\u00edmto oh\u0159\u00edva\u010dem nen\u00ed pak odkaz\u00e1na na ochotu kav\u00e1ren, nebo restaurac\u00ed a nemn\u00ed limitov\u00e1na dobou kdy jej\u00ed ratolest je t\u0159eba nakrmit.<\/span><\/p>\n<h2 style=\"text-align: justify;\"><\/h2>\n<h2 style=\"text-align: justify;\">Reklamn\u00ed termopol\u0161t\u00e1\u0159ky na zak\u00e1zku a jejich vyu\u017eit\u00ed<\/h2>\n<p><span style=\"font-weight: 300; text-align: justify;\">Reklamn\u00ed termopol\u0161t\u00e1\u0159ky na zak\u00e1zku maj\u00ed \u0161irok\u00e9 mo\u017enosti vyu\u017eit\u00ed v\u0161ude, kde je pot\u0159eba zah\u0159\u00e1t \u010di ochladit. Reklamn\u00ed h\u0159ejiv\u00e9 termopol\u0161t\u00e1\u0159ky na zak\u00e1zku m\u00edrn\u00ed bolest sval\u016f, kloub\u016f, p\u00e1te\u0159e, b\u0159icha,\u00a0menstrua\u010dn\u00ed\u00a0bolesti\u00a0a podobn\u011b. Chladiv\u00e9 reklamn\u00ed termopol\u0161t\u00e1\u0159ky nap\u0159\u00edklad pom\u00e1haj\u00ed m\u00edrnit bolesti zub\u016f, redukovat otoky a v\u00fdrony, pom\u00e1haj\u00ed p\u0159i migr\u00e9n\u00e1ch, m\u00edrn\u00ed projevy po bodnut\u00ed hmyzem.Reklamn\u00ed termopol\u0161\u00e1\u0159ky na zak\u00e1zku si najdou vyu\u017eit\u00ed tak\u00e9 p\u0159i sportu. Nap\u0159\u00edklad na hor\u00e1ch na svahu, na dlouh\u00fdch proch\u00e1zk\u00e1ch se psem nebo hokejov\u00e9m z\u00e1pase.<\/span><\/p>\n<p style=\"text-align: justify;\">Zaujala V\u00e1s na\u0161e nab\u00eddka a chcete na zak\u00e1zku vyrobit pro svou firmu reklamn\u00ed termopol\u0161t\u00e1\u0159ky na zak\u00e1zku? Nev\u00e1hejte n\u00e1s kontaktovat pro cenovou nab\u00eddku na emailu:\u00a0<a title=\"info@predmetyreklamni.eu\" href=\"mailto:info@predmetyreklamni.eu\">info@predmetyreklamni.eu<\/a><\/p>\n<p style=\"text-align: justify;\"><strong>Do cenov\u00e9 popt\u00e1vky pros\u00edm uve\u010fte pot\u0159ebn\u00e9 informace pro cenovou nab\u00eddku jako<\/strong>: mno\u017estv\u00ed, dobu dod\u00e1n\u00ed,\u00a0tvar, rozm\u011bry, barevnost potisku. V\u0161echny tyto informace n\u00e1m pomohou k rychlej\u0161\u00edmu zpracov\u00e1n\u00ed cenov\u00e9 nab\u00eddky pr\u00e1v\u011b pro V\u00e1s.<\/p>\n<p style=\"text-align: justify;\">T\u011b\u0161\u00edme se na spolupr\u00e1ci! Team Gifts Service<\/p>\n<p style=\"text-align: justify;\">_________________________________________________________________________<\/p>\n<p style=\"text-align: justify;\">Available languages:<\/p>\n<p style=\"text-align: justify;\"><a title=\"Promotional Hand Warmers\" href=\"http:\/\/www.hand-warmers.biz\/\" target=\"_blank\">EN &#8211; Hand Warmers &#8211; Heat Pack <\/a><a title=\"Ogrzewacz reklamowy\" href=\"http:\/\/www.ogrzewacze-kieszonkowe.pl\/\" target=\"_blank\">PL &#8211;\u00a0Ogrzewacz reklamowy<\/a> <a title=\"Werbemittel Taschenw\u00e4rmer\" href=\"http:\/\/www.hand-waermer.com\/\" target=\"_blank\">GE &#8211;\u00a0Werbemittel Taschenw\u00e4rmer <\/a><a title=\"Rekl\u00e1m k\u00e9zmeleg\u00edt\u0151k\" href=\"http:\/\/kezmelegitok.hu\/\" target=\"_blank\">HU &#8211;\u00a0Rekl\u00e1m k\u00e9zmeleg\u00edt\u0151k<\/a> <a title=\"Incalzitoare maini promotionale\" href=\"http:\/\/incalzitoare-maini.ro\/\" target=\"_blank\">RO &#8211;\u00a0Incalzitoare maini promotionale<\/a><\/p>\n","protected":false},"excerpt":{"rendered":"<p>REKLAMN\u00cd TERMOPOL\u0160T\u00c1\u0158KY NA ZAK\u00c1ZKU Reklamn\u00ed termopol\u0161t\u00e1rky na zak\u00e1zku k propagaci zna\u010dky Na t\u011bchto str\u00e1nk\u00e1ch si V\u00e1m dovol\u00edme p\u0159ibl\u00ed\u017eit jeden z na\u0161ich dal\u0161\u00edch reklamn\u00edch p\u0159edm\u011bt\u016f,\u00a0kter\u00fd pro V\u00e1s m\u016f\u017eeme na zak\u00e1zku nechat vyrobit. Jedn\u00e1 se o reklamn\u00ed termopol\u0161t\u00e1\u0159ky s h\u0159ejiv\u00fdm nebo chlad\u00edc\u00edm &hellip; <a href=\"https:\/\/predmetyreklamni.eu\/vyrobce\/sk\/reklamni-termopolstarky-na-zakazku\/\">Continue reading <span class=\"meta-nav\">&rarr;<\/span><\/a><\/p>\n","protected":false},"author":1,"featured_media":0,"parent":0,"menu_order":27,"comment_status":"closed","ping_status":"open","template":"sidebar-page.php","meta":[],"_links":{"self":[{"href":"https:\/\/predmetyreklamni.eu\/vyrobce\/sk\/wp-json\/wp\/v2\/pages\/3400"}],"collection":[{"href":"https:\/\/predmetyreklamni.eu\/vyrobce\/sk\/wp-json\/wp\/v2\/pages"}],"about":[{"href":"https:\/\/predmetyreklamni.eu\/vyrobce\/sk\/wp-json\/wp\/v2\/types\/page"}],"author":[{"embeddable":true,"href":"https:\/\/predmetyreklamni.eu\/vyrobce\/sk\/wp-json\/wp\/v2\/users\/1"}],"replies":[{"embeddable":true,"href":"https:\/\/predmetyreklamni.eu\/vyrobce\/sk\/wp-json\/wp\/v2\/comments?post=3400"}],"version-history":[{"count":39,"href":"https:\/\/predmetyreklamni.eu\/vyrobce\/sk\/wp-json\/wp\/v2\/pages\/3400\/revisions"}],"predecessor-version":[{"id":4570,"href":"https:\/\/predmetyreklamni.eu\/vyrobce\/sk\/wp-json\/wp\/v2\/pages\/3400\/revisions\/4570"}],"wp:attachment":[{"href":"https:\/\/predmetyreklamni.eu\/vyrobce\/sk\/wp-json\/wp\/v2\/media?parent=3400"}],"curies":[{"name":"wp","href":"https:\/\/api.w.org\/{rel}","templated":true}]}}