{"id":3402,"date":"2014-03-24T12:14:50","date_gmt":"2014-03-24T12:14:50","guid":{"rendered":"http:\/\/predmetyreklamni.eu\/vyrobce\/?page_id=3402"},"modified":"2014-05-13T19:10:26","modified_gmt":"2014-05-13T19:10:26","slug":"hrejive-polstarky-s-potiskem","status":"publish","type":"page","link":"https:\/\/predmetyreklamni.eu\/vyrobce\/sk\/hrejive-polstarky-s-potiskem\/","title":{"rendered":"H\u0159ejiv\u00e9 pol\u0161t\u00e1\u0159ky s potiskem"},"content":{"rendered":"<h1 style=\"text-align: justify;\">H\u0158EJIV\u00c9 POL\u0160T\u00c1\u0158KY S POTISKEM<\/h1>\n<h2 style=\"text-align: justify;\">H\u0159ejiv\u00e9 pol\u0161t\u00e1\u0159ky s logem \u010di jin\u00fdm potiskem<\/h2>\n<p style=\"text-align: justify;\">H\u0159ejiv\u00e9 pol\u0161t\u00e1\u0159ky s potiskem jsou efektivn\u00edm prost\u0159edkem pro zviditeln\u011bn\u00ed Va\u0161\u00ed zna\u010dky nebo firmy, proto\u017ee nab\u00edz\u00ed velkou plochu pro propagaci a Vy je tak m\u016f\u017eete snadno nechat opat\u0159it firemn\u00edm potiskem &#8211; logem, sloganem, n\u00e1zvem produktu nebo kontaktn\u00edmi informacemi. Va\u0161e unik\u00e1tn\u00ed h\u0159ejiv\u00e9 pol\u0161t\u00e1\u0159ky s potiskem pak budou neoceniteln\u00fdm spole\u010dn\u00edkem v\u0161ech obdarovan\u00fdch nap\u0159\u00edklad p\u0159i venkovn\u00edch aktivit\u00e1ch v zimn\u00edm obdob\u00ed nebo pod stanem v letn\u00edm obdob\u00ed.<\/p>\n<h2 style=\"text-align: justify;\">H\u0159ejiv\u00e9 pol\u0161t\u00e1\u0159ky s potiskem nab\u00eddka<\/h2>\n<ul>\n<li>r\u016fzn\u00e9 tvary a velikosti<\/li>\n<li>r\u016fzn\u00e9 barvy tekutiny<\/li>\n<li>tamponov\u00fd potisk v r\u016fzn\u00fdch barv\u00e1ch<\/li>\n<li>zdravotn\u011b nez\u00e1vadn\u00e9 a spl\u0148uj\u00ed normy CE<\/li>\n<li>skv\u011bl\u00e9 pro zimn\u00ed reklamn\u00ed kampa\u0148<\/li>\n<\/ul>\n<p style=\"text-align: justify;\">N\u00ed\u017ee V\u00e1m p\u0159edstav\u00edme p\u0159edstav\u00edme n\u011bkter\u00e9 h\u0159ejiv\u00e9 pol\u0161t\u00e1\u0159ky s potiskem a mo\u017en\u00e1 inspirujeme i V\u00e1s a h\u0159ejiv\u00e9 pol\u0161t\u00e1\u0159ky s firemn\u00edm potiskem se stanou sou\u010d\u00e1st\u00ed propaga\u010dn\u00ed kampan\u011b Va\u0161\u00ed firmy.<\/p>\n<h2 style=\"text-align: justify;\">H\u0159ejiv\u00e9 pol\u0161t\u00e1\u0159ky s vlastn\u00edm potiskem<\/h2>\n<p style=\"text-align: justify;\">H\u0159ejiv\u00e9 pol\u0161t\u00e1\u0159ky s potiskem dle Va\u0161eho zad\u00e1n\u00ed. D\u00edky nim m\u016f\u017eete propagovat svou zna\u010dku, produkt \u010di hotel. H\u0159ejiv\u00e9 pol\u0161t\u00e1\u0159ky nab\u00edz\u00ed velkou plochu a proto se jednodu\u0161e opat\u0159\u00ed t\u00e9m\u011b\u0159 jak\u00fdmkoliv potiskem.<\/p>\n<p style=\"text-align: justify;\"><a href=\"http:\/\/predmetyreklamni.eu\/vyrobce\/wp-content\/uploads\/reklamn\u00ed-h\u0159ejiv\u00e9-pol\u0161t\u00e1\u0159ky-s-potiskem1.jpg\"><img decoding=\"async\" loading=\"lazy\" class=\"alignleft  wp-image-3719\" title=\"reklamn\u00ed h\u0159ejiv\u00e9 pol\u0161t\u00e1\u0159ky s potiskem\" alt=\"reklamn\u00ed h\u0159ejiv\u00e9 pol\u0161t\u00e1\u0159ky s potiskem\" src=\"http:\/\/predmetyreklamni.eu\/vyrobce\/wp-content\/uploads\/reklamn\u00ed-h\u0159ejiv\u00e9-pol\u0161t\u00e1\u0159ky-s-potiskem1-300x300.jpg\" width=\"195\" height=\"195\" srcset=\"https:\/\/predmetyreklamni.eu\/vyrobce\/wp-content\/uploads\/reklamn\u00ed-h\u0159ejiv\u00e9-pol\u0161t\u00e1\u0159ky-s-potiskem1-300x300.jpg 300w, https:\/\/predmetyreklamni.eu\/vyrobce\/wp-content\/uploads\/reklamn\u00ed-h\u0159ejiv\u00e9-pol\u0161t\u00e1\u0159ky-s-potiskem1-150x150.jpg 150w, https:\/\/predmetyreklamni.eu\/vyrobce\/wp-content\/uploads\/reklamn\u00ed-h\u0159ejiv\u00e9-pol\u0161t\u00e1\u0159ky-s-potiskem1.jpg 360w\" sizes=\"(max-width: 195px) 100vw, 195px\" \/><\/a><br \/>\n<strong>Polo\u017eka \u010d.:\u00a0<\/strong>GS-HP 001<br \/>\n<strong>Materi\u00e1l<\/strong>: PVC s\u00e1\u010dek s netoxickou tekutinou <strong>Rozm\u011bry<\/strong>: 10x10cm (nebo na zak\u00e1zku)<br \/>\n<strong>Min. objedn\u00e1vka<\/strong>: 500 ks<br \/>\n<strong>Potisk<\/strong>: na zak\u00e1zku<br \/>\n<strong>Cena<\/strong>: \u00a0<a title=\"ZASLAT POPT\u00c1VKU\" href=\"mailto:info@predmetyreklamni.eu\">ZASLAT POPT\u00c1VKU\u00a0<\/a><\/p>\n<h2 style=\"text-align: justify;\">H\u0159ejiv\u00e9 pol\u0161t\u00e1\u0159ky s potiskem v\u00e1no\u010dn\u00ed stromek<\/h2>\n<p style=\"text-align: justify;\">H\u0159ejiv\u00e9 pol\u0161t\u00e1\u0159ky mohou b\u00fdt ve tvaru v\u00e1no\u010dn\u00ed stromek a opat\u0159en\u00e9 potiskem dle Va\u0161eho zad\u00e1n\u00ed. H\u0159ejiv\u00e9 pol\u0161t\u00e1\u0159ky s potiskem budou p\u011bkn\u00fd reklamn\u00ed d\u00e1rek pro Va\u0161e z\u00e1kazn\u00edky pod v\u00e1no\u010dn\u00ed strome\u010dek.<\/p>\n<p style=\"text-align: justify;\"><strong><a href=\"http:\/\/predmetyreklamni.eu\/vyrobce\/wp-content\/uploads\/h\u0159ejiv\u00e9-pol\u0161t\u00e1\u0159ky-zak\u00e1zkov\u00e1-v\u00fdroba.jpg\"><img decoding=\"async\" loading=\"lazy\" class=\"alignleft size-full wp-image-3735\" title=\"h\u0159ejiv\u00e9 pol\u0161t\u00e1\u0159ky zak\u00e1zkov\u00e1 v\u00fdroba\" alt=\"h\u0159ejiv\u00e9 pol\u0161t\u00e1\u0159ky zak\u00e1zkov\u00e1 v\u00fdroba\" src=\"http:\/\/predmetyreklamni.eu\/vyrobce\/wp-content\/uploads\/h\u0159ejiv\u00e9-pol\u0161t\u00e1\u0159ky-zak\u00e1zkov\u00e1-v\u00fdroba.jpg\" width=\"195\" height=\"195\" srcset=\"https:\/\/predmetyreklamni.eu\/vyrobce\/wp-content\/uploads\/h\u0159ejiv\u00e9-pol\u0161t\u00e1\u0159ky-zak\u00e1zkov\u00e1-v\u00fdroba.jpg 195w, https:\/\/predmetyreklamni.eu\/vyrobce\/wp-content\/uploads\/h\u0159ejiv\u00e9-pol\u0161t\u00e1\u0159ky-zak\u00e1zkov\u00e1-v\u00fdroba-150x150.jpg 150w\" sizes=\"(max-width: 195px) 100vw, 195px\" \/><\/a><\/strong><\/p>\n<p style=\"text-align: justify;\"><strong><br \/>\nPolo\u017eka \u010d.:\u00a0<\/strong>GS-HP 002<br \/>\n<strong>Materi\u00e1l<\/strong>: PVC s\u00e1\u010dek s netoxickou tekutinou<br \/>\n<strong>Rozm\u011bry<\/strong>: 11x11cm (nebo na zak\u00e1zku)<br \/>\n<strong>Min. objedn\u00e1vka<\/strong>: 500 ks<br \/>\n<strong>Potisk<\/strong>: na zak\u00e1zku<br \/>\n<strong>Cena<\/strong>: \u00a0<a title=\"ZASLAT POPT\u00c1VKU\" href=\"mailto:info@predmetyreklamni.eu\">ZASLAT POPT\u00c1VKU\u00a0<\/a><\/p>\n<h2 style=\"text-align: justify;\">H\u0159ejiv\u00e9 pol\u0161t\u00e1\u0159ky s firemn\u00edm potiskem<\/h2>\n<p style=\"text-align: justify;\">H\u0159ejiv\u00e9 pol\u0161t\u00e1\u0159ky s firemn\u00edm potiskem budou perfektn\u00edm prost\u0159edkem k propagaci zna\u010dky a firmy. H\u0159ejiv\u00e9 pol\u0161t\u00e1\u0159ky s firemn\u00edm potiskem budou efektivn\u011b zvy\u0161ovat pov\u011bdom\u00ed a Va\u0161\u00ed firm\u011b a Vy tak m\u016f\u017eete z\u00edskat nov\u00e9 potencion\u00e1ln\u00ed z\u00e1kazn\u00edky.<\/p>\n<p style=\"text-align: justify;\"><strong><a href=\"http:\/\/predmetyreklamni.eu\/vyrobce\/wp-content\/uploads\/firemn\u00ed-h\u0159ejiv\u00e9-pol\u0161t\u00e1\u0159ky-zak\u00e1zkov\u00e1-v\u00fdroba.jpg\"><img decoding=\"async\" loading=\"lazy\" class=\"alignleft  wp-image-3738\" title=\"firemn\u00ed h\u0159ejiv\u00e9 pol\u0161t\u00e1\u0159ky zak\u00e1zkov\u00e1 v\u00fdroba\" alt=\"firemn\u00ed h\u0159ejiv\u00e9 pol\u0161t\u00e1\u0159ky zak\u00e1zkov\u00e1 v\u00fdroba\" src=\"http:\/\/predmetyreklamni.eu\/vyrobce\/wp-content\/uploads\/firemn\u00ed-h\u0159ejiv\u00e9-pol\u0161t\u00e1\u0159ky-zak\u00e1zkov\u00e1-v\u00fdroba-300x300.jpg\" width=\"195\" height=\"195\" srcset=\"https:\/\/predmetyreklamni.eu\/vyrobce\/wp-content\/uploads\/firemn\u00ed-h\u0159ejiv\u00e9-pol\u0161t\u00e1\u0159ky-zak\u00e1zkov\u00e1-v\u00fdroba-300x300.jpg 300w, https:\/\/predmetyreklamni.eu\/vyrobce\/wp-content\/uploads\/firemn\u00ed-h\u0159ejiv\u00e9-pol\u0161t\u00e1\u0159ky-zak\u00e1zkov\u00e1-v\u00fdroba-150x150.jpg 150w, https:\/\/predmetyreklamni.eu\/vyrobce\/wp-content\/uploads\/firemn\u00ed-h\u0159ejiv\u00e9-pol\u0161t\u00e1\u0159ky-zak\u00e1zkov\u00e1-v\u00fdroba.jpg 360w\" sizes=\"(max-width: 195px) 100vw, 195px\" \/><\/a><\/strong><\/p>\n<p style=\"text-align: justify;\"><strong><br \/>\nPolo\u017eka \u010d.:\u00a0<\/strong>GS-HP 003<br \/>\n<strong>Materi\u00e1l<\/strong>: PVC s\u00e1\u010dek s netoxickou tekutinou<br \/>\n<strong>Rozm\u011bry<\/strong>: 10x7cm (nebo na zak\u00e1zku)<br \/>\n<strong>Min. objedn\u00e1vka<\/strong>: 500 ks<br \/>\n<strong>Potisk<\/strong>: na zak\u00e1zku<br \/>\n<strong>Cena<\/strong>: \u00a0<a title=\"ZASLAT POPT\u00c1VKU\" href=\"mailto:info@predmetyreklamni.eu\">ZASLAT POPT\u00c1VKU\u00a0<\/a><\/p>\n<h2 style=\"text-align: justify;\">H\u0159ejiv\u00e9 pol\u0161t\u00e1\u0159ky kl\u00ed\u010denka s potiskem<\/h2>\n<p style=\"text-align: justify;\">Mal\u00e9 h\u0159ejiv\u00e9 pol\u0161t\u00e1\u0159ky s krou\u017ekem poslou\u017e\u00ed jako p\u011bkn\u00e1 kl\u00ed\u010denka a nav\u00edc pokud bude opat\u0159ena potiskem, m\u00e1te reklamn\u00ed p\u0159edm\u011bt, kter\u00fd budou m\u00edt Va\u0161i z\u00e1kazn\u00edci st\u00e1le p\u0159i sob\u011b. Praktick\u00e9 h\u0159ejiv\u00e9 pol\u0161t\u00e1\u0159ky kl\u00ed\u010denka s potiskem zah\u0159ej\u00ed v chladn\u00fdch dnech.<\/p>\n<p><strong><a href=\"http:\/\/predmetyreklamni.eu\/vyrobce\/wp-content\/uploads\/h\u0159ejiv\u00e9-pol\u0161t\u00e1\u0159ky-kl\u00ed\u010denka-v\u00fdrobce.jpg\"><img decoding=\"async\" loading=\"lazy\" class=\"alignleft  wp-image-3741\" title=\"h\u0159ejiv\u00e9 pol\u0161t\u00e1\u0159ky kl\u00ed\u010denka v\u00fdrobce\" alt=\"h\u0159ejiv\u00e9 pol\u0161t\u00e1\u0159ky kl\u00ed\u010denka v\u00fdrobce\" src=\"http:\/\/predmetyreklamni.eu\/vyrobce\/wp-content\/uploads\/h\u0159ejiv\u00e9-pol\u0161t\u00e1\u0159ky-kl\u00ed\u010denka-v\u00fdrobce-300x300.jpg\" width=\"195\" height=\"195\" srcset=\"https:\/\/predmetyreklamni.eu\/vyrobce\/wp-content\/uploads\/h\u0159ejiv\u00e9-pol\u0161t\u00e1\u0159ky-kl\u00ed\u010denka-v\u00fdrobce-300x300.jpg 300w, https:\/\/predmetyreklamni.eu\/vyrobce\/wp-content\/uploads\/h\u0159ejiv\u00e9-pol\u0161t\u00e1\u0159ky-kl\u00ed\u010denka-v\u00fdrobce-150x150.jpg 150w, https:\/\/predmetyreklamni.eu\/vyrobce\/wp-content\/uploads\/h\u0159ejiv\u00e9-pol\u0161t\u00e1\u0159ky-kl\u00ed\u010denka-v\u00fdrobce.jpg 360w\" sizes=\"(max-width: 195px) 100vw, 195px\" \/><\/a><br \/>\nPolo\u017eka \u010d.:\u00a0<\/strong>GS-HP 004<br \/>\n<strong>Materi\u00e1l<\/strong>: PVC s\u00e1\u010dek s netoxickou tekutinou<br \/>\n<strong>Rozm\u011bry<\/strong>: 6x6cm (nebo na zak\u00e1zku)<br \/>\n<strong>Min. objedn\u00e1vka<\/strong>: 500 ks<br \/>\n<strong>Potisk<\/strong>: na zak\u00e1zku<br \/>\n<strong>Cena<\/strong>: \u00a0<a title=\"ZASLAT POPT\u00c1VKU\" href=\"mailto:info@predmetyreklamni.eu\">ZASLAT POPT\u00c1VKU<\/a><\/p>\n<p>&nbsp;<\/p>\n<h2>Velk\u00e9 h\u0159ejiv\u00e9 pol\u0161t\u00e1\u0159ky s potiskem<\/h2>\n<p style=\"text-align: justify;\">Tyto velk\u00e9 h\u0159ejiv\u00e9 pol\u0161t\u00e1\u0159ky nab\u00edz\u00ed velkou plochu a proto je snadno opat\u0159\u00edte jak\u00fdmkoliv potiskem ale i n\u00e1vodem k pou\u017eit\u00ed. Velk\u00e9 h\u0159ejiv\u00e9 pol\u0161t\u00e1\u0159ky s potiskem ocen\u00ed jako reklamn\u00ed p\u0159edm\u011bt t\u00e9m\u011b\u0159 ka\u017ed\u00fd. Pol\u0161t\u00e1\u0159ky vyza\u0159uj\u00ed h\u0159ejiv\u00e9 teplo, kter\u00e9 tlum\u00ed bolesti zad, menstrua\u010dn\u00ed bolesti, bolesti \u0161\u00edje a dal\u0161\u00ed.<\/p>\n<p><strong><a href=\"http:\/\/predmetyreklamni.eu\/vyrobce\/wp-content\/uploads\/velk\u00e9-h\u0159ejiv\u00e9-pol\u0161t\u00e1\u0159ky-v\u00fdrobce.jpg\"><img decoding=\"async\" loading=\"lazy\" class=\"alignleft  wp-image-3749\" title=\"velk\u00e9 h\u0159ejiv\u00e9 pol\u0161t\u00e1\u0159ky v\u00fdrobce\" alt=\"velk\u00e9 h\u0159ejiv\u00e9 pol\u0161t\u00e1\u0159ky v\u00fdrobce\" src=\"http:\/\/predmetyreklamni.eu\/vyrobce\/wp-content\/uploads\/velk\u00e9-h\u0159ejiv\u00e9-pol\u0161t\u00e1\u0159ky-v\u00fdrobce-300x300.jpg\" width=\"195\" height=\"195\" srcset=\"https:\/\/predmetyreklamni.eu\/vyrobce\/wp-content\/uploads\/velk\u00e9-h\u0159ejiv\u00e9-pol\u0161t\u00e1\u0159ky-v\u00fdrobce-300x300.jpg 300w, https:\/\/predmetyreklamni.eu\/vyrobce\/wp-content\/uploads\/velk\u00e9-h\u0159ejiv\u00e9-pol\u0161t\u00e1\u0159ky-v\u00fdrobce-150x150.jpg 150w, https:\/\/predmetyreklamni.eu\/vyrobce\/wp-content\/uploads\/velk\u00e9-h\u0159ejiv\u00e9-pol\u0161t\u00e1\u0159ky-v\u00fdrobce.jpg 360w\" sizes=\"(max-width: 195px) 100vw, 195px\" \/><\/a><br \/>\nPolo\u017eka \u010d.:\u00a0<\/strong>GS-HP 005<br \/>\n<strong>Materi\u00e1l<\/strong>: PVC s\u00e1\u010dek s netoxickou tekutinou<br \/>\n<strong>Rozm\u011bry<\/strong>: 19x29cm (nebo na zak\u00e1zku)<br \/>\n<strong>Min. objedn\u00e1vka<\/strong>: 500 ks<br \/>\n<strong>Potisk<\/strong>: na zak\u00e1zku<br \/>\n<strong>Cena<\/strong>: \u00a0<a title=\"ZASLAT POPT\u00c1VKU\" href=\"mailto:info@predmetyreklamni.eu\">ZASLAT POPT\u00c1VKU\u00a0<\/a><\/p>\n<h2>H\u0159ejiv\u00e9 pol\u0161t\u00e1\u0159ky s potiskem a hv\u011bzdi\u010dkami v tekutin\u011b<\/h2>\n<p style=\"text-align: justify;\">H\u0159ejiv\u00e9 pol\u0161t\u00e1\u0159ky pro V\u00e1s vyrob\u00edme v r\u016fzn\u00fdch tvarech a velikostech nap\u0159\u00edklad ve tvaru hv\u011bzdi\u010dky a opat\u0159\u00edme potiskem. H\u0159ejiv\u00e9 pol\u0161t\u00e1\u0159ky s potiskem mohou b\u00fdt nav\u00edc vybaveny t\u0159eba velice efektn\u00edmi hv\u011bzdi\u010dkami v tekutin\u011b.<\/p>\n<p><strong><a href=\"http:\/\/predmetyreklamni.eu\/vyrobce\/wp-content\/uploads\/h\u0159ejiv\u00e9-pol\u0161t\u00e1\u0159ky-s-v-tekutin\u011b-v\u00fdrobce.jpg\"><img decoding=\"async\" loading=\"lazy\" class=\"alignleft  wp-image-3747\" title=\"h\u0159ejiv\u00e9 pol\u0161t\u00e1\u0159ky s hv\u011bzdi\u010dkami v tekutin\u011b v\u00fdrobce\" alt=\"h\u0159ejiv\u00e9 pol\u0161t\u00e1\u0159ky s hv\u011bzdi\u010dkami v tekutin\u011b v\u00fdrobce\" src=\"http:\/\/predmetyreklamni.eu\/vyrobce\/wp-content\/uploads\/h\u0159ejiv\u00e9-pol\u0161t\u00e1\u0159ky-s-v-tekutin\u011b-v\u00fdrobce-295x300.jpg\" width=\"195\" height=\"195\" \/><\/a><br \/>\nPolo\u017eka \u010d.:\u00a0<\/strong>GS-HP 006<br \/>\n<strong>Materi\u00e1l<\/strong>: PVC s\u00e1\u010dek s netoxickou tekutinou a hv\u011bzdi\u010dkami<br \/>\n<strong>Rozm\u011bry<\/strong>: 12x12cm (nebo na zak\u00e1zku)<br \/>\n<strong>Min. objedn\u00e1vka<\/strong>: 500 ks<br \/>\n<strong>Potisk<\/strong>: na zak\u00e1zku<br \/>\n<strong>Cena<\/strong>: \u00a0<a title=\"ZASLAT POPT\u00c1VKU\" href=\"mailto:info@predmetyreklamni.eu\">ZASLAT POPT\u00c1VKU<\/a><\/p>\n<p>&nbsp;<\/p>\n<h2>H\u0159ejiv\u00e9 pol\u0161t\u00e1\u0159ky s potiskem a jejich balen\u00ed<\/h2>\n<p style=\"text-align: justify;\">H\u0159ejiv\u00e9 pol\u0161t\u00e1\u0159ky s potiskem jsou standardn\u011b baleny v pr\u016fhledn\u00fdch PP s\u00e1\u010dc\u00edch. H\u0159ejiv\u00e9 pol\u0161t\u00e1\u0159ky mohou b\u00fdt za p\u0159\u00edplatek zabaleny a dod\u00e1ny nap\u0159\u00edklad v d\u00e1rkov\u00fdch pap\u00edrov\u00fdch krabi\u010dk\u00e1ch nebo PP s\u00e1\u010dc\u00edch s potiskem. Z\u00e1le\u017e\u00ed na Va\u0161em zad\u00e1n\u00ed a tak\u00e9 finan\u010dn\u00edm rozpo\u010dtu.<\/p>\n<p style=\"text-align: justify;\">Zaujala V\u00e1s na\u0161e nab\u00eddce a chcete si nechat vyrobit vlastn\u00ed h\u0159ejiv\u00e9 pol\u0161t\u00e1\u0159ky s potiskem? Kontaktujte n\u00e1s pro cenovou nab\u00eddku na emailu:<a href=\"mailto:info@predmetyreklamni.eu\">\u00a0info@predmetyreklamni.eu<\/a><\/p>\n<p style=\"text-align: justify;\"><strong>Do cenov\u00e9 popt\u00e1vky pros\u00edm uve\u010fte pot\u0159ebn\u00e9 informace pro cenovou nab\u00eddku jako<\/strong>: mno\u017estv\u00ed, dobu dod\u00e1n\u00ed, tvar, velikost a barevnost potisku. V\u0161echny tyto informace n\u00e1m pomohou k rychlej\u0161\u00edmu zpracov\u00e1n\u00ed cenov\u00e9 nab\u00eddky pr\u00e1v\u011b pro V\u00e1s.<\/p>\n<p style=\"text-align: justify;\">T\u011b\u0161\u00edme se na spolupr\u00e1ci! Team Gifts Service<\/p>\n","protected":false},"excerpt":{"rendered":"<p>H\u0158EJIV\u00c9 POL\u0160T\u00c1\u0158KY S POTISKEM H\u0159ejiv\u00e9 pol\u0161t\u00e1\u0159ky s logem \u010di jin\u00fdm potiskem H\u0159ejiv\u00e9 pol\u0161t\u00e1\u0159ky s potiskem jsou efektivn\u00edm prost\u0159edkem pro zviditeln\u011bn\u00ed Va\u0161\u00ed zna\u010dky nebo firmy, proto\u017ee nab\u00edz\u00ed velkou plochu pro propagaci a Vy je tak m\u016f\u017eete snadno nechat opat\u0159it firemn\u00edm potiskem &hellip; <a href=\"https:\/\/predmetyreklamni.eu\/vyrobce\/sk\/hrejive-polstarky-s-potiskem\/\">Continue reading <span class=\"meta-nav\">&rarr;<\/span><\/a><\/p>\n","protected":false},"author":1,"featured_media":0,"parent":0,"menu_order":27,"comment_status":"closed","ping_status":"open","template":"sidebar-page.php","meta":[],"_links":{"self":[{"href":"https:\/\/predmetyreklamni.eu\/vyrobce\/sk\/wp-json\/wp\/v2\/pages\/3402"}],"collection":[{"href":"https:\/\/predmetyreklamni.eu\/vyrobce\/sk\/wp-json\/wp\/v2\/pages"}],"about":[{"href":"https:\/\/predmetyreklamni.eu\/vyrobce\/sk\/wp-json\/wp\/v2\/types\/page"}],"author":[{"embeddable":true,"href":"https:\/\/predmetyreklamni.eu\/vyrobce\/sk\/wp-json\/wp\/v2\/users\/1"}],"replies":[{"embeddable":true,"href":"https:\/\/predmetyreklamni.eu\/vyrobce\/sk\/wp-json\/wp\/v2\/comments?post=3402"}],"version-history":[{"count":23,"href":"https:\/\/predmetyreklamni.eu\/vyrobce\/sk\/wp-json\/wp\/v2\/pages\/3402\/revisions"}],"predecessor-version":[{"id":3763,"href":"https:\/\/predmetyreklamni.eu\/vyrobce\/sk\/wp-json\/wp\/v2\/pages\/3402\/revisions\/3763"}],"wp:attachment":[{"href":"https:\/\/predmetyreklamni.eu\/vyrobce\/sk\/wp-json\/wp\/v2\/media?parent=3402"}],"curies":[{"name":"wp","href":"https:\/\/api.w.org\/{rel}","templated":true}]}}