{"id":382,"date":"2013-03-28T19:35:37","date_gmt":"2013-03-28T19:35:37","guid":{"rendered":"http:\/\/predmetyreklamni.eu\/vyrobce\/?page_id=382"},"modified":"2020-04-21T06:04:45","modified_gmt":"2020-04-21T06:04:45","slug":"hawaii-vence-velkoobchod","status":"publish","type":"page","link":"https:\/\/predmetyreklamni.eu\/vyrobce\/sk\/hawaii-vence-velkoobchod\/","title":{"rendered":"Havajsk\u00e9 v\u011bnce velkoobchod"},"content":{"rendered":"<h1>HAVAJSK\u00c9 V\u011aNCE VELKOOBCHOD<\/h1>\n<h2>Havajsk\u00e9 v\u011bnce velkoobchod<\/h2>\n<p style=\"text-align: justify;\">Pot\u0159ebujete havajsk\u00e9 v\u011bnce velkoobchodn\u011b, rychle a bez potisku? Vybran\u00e9 druhy havajsk\u00e9 v\u011bnce m\u00e1me k dispozici skladem. Havajsk\u00e9 v\u011bnce v barv\u00e1ch r\u016f\u017eov\u00e1, zelen\u00e1, modr\u00e1 a \u010derven\u00e1, oran\u017eov\u00e1 jsou p\u0159ipraveny k okam\u017eit\u00e9mu odesl\u00e1n\u00ed. Tyto havajsk\u00e9 v\u011bnce jsou bez potisku. N\u00e1\u0161 velkoobchod m\u00e1 skladem\u00a0havajsk\u00e9 v\u011bnce v neomezen\u00e9m mno\u017estv\u00ed, nev\u00e1hejte n\u00e1s kontaktovat. Na\u0161e havajsk\u00e9 v\u011bnce jsou z kvalitn\u00edch materi\u00e1l\u016f.<\/p>\n<p style=\"text-align: justify;\">N\u00e1\u0161 velkoobchod pro havajsk\u00e9 v\u011bnce zastupuje p\u0159\u00edmo v\u00fdrobce, tak\u017ee pokud chcete dodat nadm\u011brn\u00e9 velkoobchodn\u00ed mno\u017estv\u00ed, nen\u00ed to pro n\u00e1s \u017e\u00e1dn\u00fd probl\u00e9m. Tyto havajsk\u00e9 v\u011bnce pro V\u00e1s m\u016f\u017eeme nechat vyrobit v jak\u00e9koliv barv\u011b a mno\u017estv\u00ed. Nen\u00ed probl\u00e9m tyto havajsk\u00e9 v\u011bnce na zak\u00e1zku opat\u0159it potiskem.<\/p>\n<h2>Havajsk\u00e9 v\u011bnce velkoobchod &#8211; skladem<\/h2>\n<p>Havajsk\u00e9 v\u011bnce m\u00e1 n\u00e1\u0161 velkoobchod skladem v barv\u00e1ch &#8211; r\u016f\u017eov\u00e1, zelen\u00e1, modr\u00e1, \u010derven\u00e1, oran\u017eov\u00e1<\/p>\n<p><a href=\"http:\/\/predmetyreklamni.eu\/vyrobce\/wp-content\/uploads\/DSCF2125.jpg\"><img decoding=\"async\" loading=\"lazy\" class=\"alignleft size-thumbnail wp-image-386\" title=\"Hawaii v\u011bnce modr\u00e9 velkoobchod\" alt=\"Hawaii v\u011bnce modr\u00e9 velkoobchod\" src=\"http:\/\/predmetyreklamni.eu\/vyrobce\/wp-content\/uploads\/DSCF2125-150x150.jpg\" width=\"150\" height=\"150\" \/><\/a><\/p>\n<p><a href=\"http:\/\/predmetyreklamni.eu\/vyrobce\/wp-content\/uploads\/DSCF2126.jpg\"><img decoding=\"async\" loading=\"lazy\" class=\"alignleft size-thumbnail wp-image-387\" title=\"Hawaii v\u011bnce oran\u017eov\u00e9 velkoobchod Praha\" alt=\"Hawaii v\u011bnce oran\u017eov\u00e9 velkoobchod Praha\" src=\"http:\/\/predmetyreklamni.eu\/vyrobce\/wp-content\/uploads\/DSCF2126-150x150.jpg\" width=\"150\" height=\"150\" \/><\/a><\/p>\n<p><a href=\"http:\/\/predmetyreklamni.eu\/vyrobce\/wp-content\/uploads\/DSCF2127.jpg\"><img decoding=\"async\" loading=\"lazy\" class=\"alignleft size-thumbnail wp-image-387\" title=\"Hawaii v\u011bnce r\u016f\u017eov\u00e9 velkoobchod\" alt=\"Hawaii v\u011bnce r\u016f\u017eov\u00e9 velkoobchod\" src=\"http:\/\/predmetyreklamni.eu\/vyrobce\/wp-content\/uploads\/DSCF2127-150x150.jpg\" width=\"150\" height=\"150\" \/><\/a>\u00a0\u00a0<a href=\"http:\/\/predmetyreklamni.eu\/vyrobce\/wp-content\/uploads\/DSCF2128.jpg\"><img decoding=\"async\" loading=\"lazy\" class=\"size-thumbnail wp-image-389 alignleft\" title=\"Hawaii v\u011bnce zelen\u00e9 - velkoobchod\" alt=\"Hawaii v\u011bnce zelen\u00e9 - velkoobchod\" src=\"http:\/\/predmetyreklamni.eu\/vyrobce\/wp-content\/uploads\/DSCF2128-150x150.jpg\" width=\"150\" height=\"150\" \/><\/a><a href=\"http:\/\/predmetyreklamni.eu\/vyrobce\/wp-content\/uploads\/DSCF2515.jpg\"><img decoding=\"async\" loading=\"lazy\" class=\"size-thumbnail wp-image-389 alignleft\" title=\"Havajsk\u00e9 v\u011bnce \u010derven\u00e9 velkoobchod \" alt=\"Havajsk\u00e9 v\u011bnce \u010derven\u00e9 velkoobchod \" src=\"http:\/\/predmetyreklamni.eu\/vyrobce\/wp-content\/uploads\/DSCF2515-150x150.jpg\" width=\"150\" height=\"150\" \/><\/a><\/p>\n<p>&nbsp;<\/p>\n<p>&nbsp;<\/p>\n<p>&nbsp;<\/p>\n<p>Havajsk\u00e9 v\u011bnce obvod: 92cm<\/p>\n<h2>Havajsk\u00e9 v\u011bnce velkoobchodn\u00ed cen\u00edk<\/h2>\n<p>Minim\u00e1ln\u00ed objedn\u00e1vka 50 kus\u016f. Nab\u00edz\u00edme mno\u017estevn\u00ed slevy a individu\u00e1ln\u00ed p\u0159\u00edstup.\u00a0Nev\u00e1hejte n\u00e1s\u00a0<a href=\"mailto:info@predmetyreklamni.eu\">kontaktovat<\/a><\/p>\n<p>[ultimatetables 2 \/]<\/p>\n<p>* uveden\u00e9 ceny neobsahuj\u00ed DPH 21%<\/p>\n<p style=\"text-align: justify;\">Pot\u0159ebuje zn\u00e1t cenu pro jin\u00e9 mno\u017estv\u00ed ? Kontaktujte n\u00e1\u0161\u00a0<a title=\"hawaii v\u011bnce velkoobchod\" href=\"mailto:info@predmetyreklamni.eu\">VELKOOBCHOD<\/a>.<\/p>\n<p style=\"text-align: justify;\">Pro objedn\u00e1vku pou\u017eijte, pros\u00edm, objedn\u00e1vkov\u00fd formul\u00e1\u0159 n\u00ed\u017ee. D\u011bkujeme!<br \/>\nDo objedn\u00e1vky pros\u00edm uve\u010fte:<br \/>\n1. jm\u00e9no a p\u0159\u00edjmen\u00ed<br \/>\n2. adresa doru\u010den\u00ed<br \/>\n3. po\u010det kus\u016f jednotliv\u00fdch barev<br \/>\n4. kontaktn\u00ed telefon (nejl\u00e9pe mobiln\u00ed telefon)<br \/>\n5. p\u0159i n\u00e1kupu na fakturu uve\u010fte faktura\u010dn\u00ed \u00fadaje.<\/p>\n<p><strong>Objedn\u00e1vky zas\u00edl\u00e1me:<\/strong><br \/>\nBAL\u00cdK DO RUKY \u00a0DO 10kg \u2013 DOB\u00cdRKA \u2013 170,- K\u010d v\u010detn\u011b DPH<br \/>\nnad 10kg dle cen\u00edku na\u0161eho p\u0159epravce<\/p>\n<p>BAL\u00cdK DO RUKY DO 10kg \u2013 PLATBA P\u0158EDEM NA \u00da\u010cET \u2013 130,- K\u010d v\u010detn\u011b DPH<br \/>\nnad 10kg dle cen\u00edku na\u0161eho p\u0159epravce<\/p>\n<p>P\u0159i platb\u011b p\u0159edem na \u00fa\u010det V\u00e1m bude zasl\u00e1na z\u00e1lohov\u00e1 faktura. Zbo\u017e\u00ed odes\u00edl\u00e1me po p\u0159ips\u00e1n\u00ed pen\u011bz na n\u00e1\u0161 \u00fa\u010det.<\/p>\n<p><strong>OBJEDN\u00c1VKOV\u00dd FORMUL\u00c1\u0158<\/strong><\/p>\n<p>[contact-form-7 id=&#8220;398&#8243; title=&#8220;Objedn\u00e1vka&#8220;]<\/p>\n<p><strong>Havajsk\u00e9 v\u011bnce maloobchod<\/strong><\/p>\n<p>Pokud m\u00e1te z\u00e1jem o kusov\u00fd prodej havajsk\u00e9 v\u011bnce, nav\u0161tivte n\u00e1s internetov\u00fd obchod <a title=\"Havajsk\u00e9 v\u011bnce maloobchod\" href=\"http:\/\/vymitac.cz\/cs\/119-dekorace-na-party-\" target=\"_blank\">Modern\u00ed design &#8211; vym\u00edta\u010d v\u0161ednosti<\/a>, kde m\u016f\u017eete zakoupit havajsk\u00e9 v\u011bnce ji\u017e od 2ks.<br \/>\n<a title=\"Havajsk\u00e9 v\u011bnce \u010derven\u00e9\" href=\"http:\/\/vymitac.cz\/cs\/dekorace-na-party-\/1225-hawaii-venec-cerveny.html\" target=\"_blank\">Havajsk\u00e9 v\u011bnce \u010derven\u00e9<\/a><br \/>\n<a title=\"Havajsk\u00e9 v\u011bnce modr\u00e9\" href=\"http:\/\/vymitac.cz\/cs\/dekorace-na-party-\/1224-hawaisky-venec-modry.html\" target=\"_blank\">Havajsk\u00e9 v\u011bnce modr\u00e9<\/a><br \/>\n<a title=\"Havajsk\u00e9 v\u011bnce r\u016f\u017eov\u00e9\" href=\"http:\/\/vymitac.cz\/cs\/dekorace-na-party-\/1223-hawaii-venec-ruzovy.html\" target=\"_blank\">Havajsk\u00e9 v\u011bnce\u00a0r\u016f\u017eov\u00e9<\/a><br \/>\n<a title=\"Havajsk\u00e9 v\u011bnce zelen\u00e9\" href=\"http:\/\/vymitac.cz\/cs\/dekorace-na-party-\/1222-havajsky-venec-zeleny.html\" target=\"_blank\">Havajsk\u00e9 v\u011bnce\u00a0zelen\u00e9<br \/>\n<\/a><a title=\"Havajsk\u00e9 v\u011bnce oran\u017eov\u00e9\" href=\"http:\/\/vymitac.cz\/cs\/dekorace-na-party-\/1226-hawaii-venec-oranzovy.html\" target=\"_blank\">Havajsk\u00e9 v\u011bnce oran\u017eov\u00e9\u00a0<\/a><\/p>\n","protected":false},"excerpt":{"rendered":"<p>HAVAJSK\u00c9 V\u011aNCE VELKOOBCHOD Havajsk\u00e9 v\u011bnce velkoobchod Pot\u0159ebujete havajsk\u00e9 v\u011bnce velkoobchodn\u011b, rychle a bez potisku? Vybran\u00e9 druhy havajsk\u00e9 v\u011bnce m\u00e1me k dispozici skladem. Havajsk\u00e9 v\u011bnce v barv\u00e1ch r\u016f\u017eov\u00e1, zelen\u00e1, modr\u00e1 a \u010derven\u00e1, oran\u017eov\u00e1 jsou p\u0159ipraveny k okam\u017eit\u00e9mu odesl\u00e1n\u00ed. Tyto havajsk\u00e9 v\u011bnce &hellip; <a href=\"https:\/\/predmetyreklamni.eu\/vyrobce\/sk\/hawaii-vence-velkoobchod\/\">Continue reading <span class=\"meta-nav\">&rarr;<\/span><\/a><\/p>\n","protected":false},"author":1,"featured_media":0,"parent":0,"menu_order":9,"comment_status":"closed","ping_status":"closed","template":"sidebar-page.php","meta":[],"_links":{"self":[{"href":"https:\/\/predmetyreklamni.eu\/vyrobce\/sk\/wp-json\/wp\/v2\/pages\/382"}],"collection":[{"href":"https:\/\/predmetyreklamni.eu\/vyrobce\/sk\/wp-json\/wp\/v2\/pages"}],"about":[{"href":"https:\/\/predmetyreklamni.eu\/vyrobce\/sk\/wp-json\/wp\/v2\/types\/page"}],"author":[{"embeddable":true,"href":"https:\/\/predmetyreklamni.eu\/vyrobce\/sk\/wp-json\/wp\/v2\/users\/1"}],"replies":[{"embeddable":true,"href":"https:\/\/predmetyreklamni.eu\/vyrobce\/sk\/wp-json\/wp\/v2\/comments?post=382"}],"version-history":[{"count":41,"href":"https:\/\/predmetyreklamni.eu\/vyrobce\/sk\/wp-json\/wp\/v2\/pages\/382\/revisions"}],"predecessor-version":[{"id":384,"href":"https:\/\/predmetyreklamni.eu\/vyrobce\/sk\/wp-json\/wp\/v2\/pages\/382\/revisions\/384"}],"wp:attachment":[{"href":"https:\/\/predmetyreklamni.eu\/vyrobce\/sk\/wp-json\/wp\/v2\/media?parent=382"}],"curies":[{"name":"wp","href":"https:\/\/api.w.org\/{rel}","templated":true}]}}