{"id":3879,"date":"2014-08-05T20:11:35","date_gmt":"2014-08-05T20:11:35","guid":{"rendered":"http:\/\/predmetyreklamni.eu\/vyrobce\/?page_id=3879"},"modified":"2014-08-05T20:18:50","modified_gmt":"2014-08-05T20:18:50","slug":"reklamni-placky-a-buttony-na-zakazku","status":"publish","type":"page","link":"https:\/\/predmetyreklamni.eu\/vyrobce\/sk\/reklamni-placky-a-buttony-na-zakazku\/","title":{"rendered":"Reklamn\u00ed placky a buttony na zak\u00e1zku"},"content":{"rendered":"<p>Reklamn\u00ed placky a buttony na zak\u00e1zku<\/p>\n","protected":false},"excerpt":{"rendered":"<p>Reklamn\u00ed placky a buttony na zak\u00e1zku<\/p>\n","protected":false},"author":1,"featured_media":0,"parent":0,"menu_order":29,"comment_status":"closed","ping_status":"open","template":"sidebar-page.php","meta":[],"_links":{"self":[{"href":"https:\/\/predmetyreklamni.eu\/vyrobce\/sk\/wp-json\/wp\/v2\/pages\/3879"}],"collection":[{"href":"https:\/\/predmetyreklamni.eu\/vyrobce\/sk\/wp-json\/wp\/v2\/pages"}],"about":[{"href":"https:\/\/predmetyreklamni.eu\/vyrobce\/sk\/wp-json\/wp\/v2\/types\/page"}],"author":[{"embeddable":true,"href":"https:\/\/predmetyreklamni.eu\/vyrobce\/sk\/wp-json\/wp\/v2\/users\/1"}],"replies":[{"embeddable":true,"href":"https:\/\/predmetyreklamni.eu\/vyrobce\/sk\/wp-json\/wp\/v2\/comments?post=3879"}],"version-history":[{"count":1,"href":"https:\/\/predmetyreklamni.eu\/vyrobce\/sk\/wp-json\/wp\/v2\/pages\/3879\/revisions"}],"predecessor-version":[{"id":3880,"href":"https:\/\/predmetyreklamni.eu\/vyrobce\/sk\/wp-json\/wp\/v2\/pages\/3879\/revisions\/3880"}],"wp:attachment":[{"href":"https:\/\/predmetyreklamni.eu\/vyrobce\/sk\/wp-json\/wp\/v2\/media?parent=3879"}],"curies":[{"name":"wp","href":"https:\/\/api.w.org\/{rel}","templated":true}]}}