{"id":3918,"date":"2014-09-09T20:23:07","date_gmt":"2014-09-09T20:23:07","guid":{"rendered":"http:\/\/predmetyreklamni.eu\/vyrobce\/?page_id=3918"},"modified":"2020-04-21T06:04:45","modified_gmt":"2020-04-21T06:04:45","slug":"gifts-service-dodaci-lhuty-a-zpusoby-platby","status":"publish","type":"page","link":"https:\/\/predmetyreklamni.eu\/vyrobce\/sk\/gifts-service-dodaci-lhuty-a-zpusoby-platby\/","title":{"rendered":"Gifts Service &#8211; dodac\u00ed lh\u016fty a zp\u016fsoby platby"},"content":{"rendered":"<h1 style=\"text-align: justify;\">GIFTS SERVICE DODAC\u00cd LH\u016eTY A ZP\u016eSOBY PLATBY<\/h1>\n<h2 style=\"text-align: justify;\">Gifts Service &#8211; dodac\u00ed lh\u016fty<\/h2>\n<p style=\"text-align: justify;\">Dodac\u00ed lh\u016fta p\u0159i zak\u00e1zkov\u00e9 v\u00fdrob\u011b reklamn\u00edch p\u0159edm\u011bt\u016f se odv\u00edj\u00ed od povahy zbo\u017e\u00ed a po\u017eadavk\u016fm z\u00e1kazn\u00edka. Dodac\u00ed lh\u016fta, pokud nebylo dohodnuto jinak, za\u010d\u00edn\u00e1 b\u011b\u017eet dnem z\u00e1vazn\u00e9 objedn\u00e1vky, p\u0159ips\u00e1n\u00ed\u00a0z\u00e1lohy 50% z celkov\u00e9 ceny zak\u00e1zky na n\u00e1\u0161 \u00fa\u010det, dod\u00e1n\u00ed a schv\u00e1len\u00ed grafick\u00fdch podklad\u016f pro v\u00fdrobu<\/p>\n<ul style=\"text-align: justify;\">\n<li>expres &#8211; 10 dn\u00ed<\/li>\n<li>standard &#8211; 19 dn\u00ed<\/li>\n<li>economy &#8211; 59 dn\u00ed<\/li>\n<\/ul>\n<h2 style=\"text-align: justify;\">Gifts Service &#8211; typy dopravy a doba dopravy<\/h2>\n<p style=\"text-align: justify;\">Doba dopravy znamen\u00e1 doprava ji\u017e vyroben\u00e9ho zbo\u017e\u00ed do na\u0161\u00ed kancel\u00e1\u0159e. Doba se m\u016f\u017ee prodlou\u017eit p\u0159i celn\u00edm \u0159\u00edzen\u00ed. Celkov\u00e1 cena zak\u00e1zky je kalkulov\u00e1na s dopravou do na\u0161\u00ed kancel\u00e1\u0159e.<\/p>\n<ul style=\"text-align: justify;\">\n<li>leteck\u00e1 expres &#8211; 5 dn\u00ed\u00a0(+ 2000,- K\u010d za ka\u017ed\u00fd kg)<\/li>\n<li>leteck\u00e1 standard &#8211; 10 dn\u00ed<\/li>\n<li>lodn\u00ed doprava &#8211; p\u0159ibli\u017en\u011b 59 dn\u00ed ( zbo\u017e\u00ed, jeho\u017e cena za kg je ni\u017e\u0161\u00ed ne\u017e 200,- K\u010d, je p\u0159edur\u010deno pro lodn\u00ed dopravu)<\/li>\n<\/ul>\n<p><a href=\"http:\/\/predmetyreklamni.eu\/vyrobce\/wp-content\/uploads\/doprava-gifts-service.png\"><img decoding=\"async\" loading=\"lazy\" class=\"alignleft size-full wp-image-3935\" alt=\"doprava gifts service\" src=\"http:\/\/predmetyreklamni.eu\/vyrobce\/wp-content\/uploads\/doprava-gifts-service.png\" width=\"849\" height=\"153\" srcset=\"https:\/\/predmetyreklamni.eu\/vyrobce\/wp-content\/uploads\/doprava-gifts-service.png 849w, https:\/\/predmetyreklamni.eu\/vyrobce\/wp-content\/uploads\/doprava-gifts-service-300x54.png 300w, https:\/\/predmetyreklamni.eu\/vyrobce\/wp-content\/uploads\/doprava-gifts-service-500x90.png 500w\" sizes=\"(max-width: 849px) 100vw, 849px\" \/><\/a><\/p>\n<h2 style=\"text-align: justify;\">Gifts Service &#8211; doprava zbo\u017e\u00ed k z\u00e1kazn\u00edkovi<\/h2>\n<p style=\"text-align: justify;\">Zbo\u017e\u00ed m\u016f\u017ee b\u00fdt doru\u010deno na V\u00e1mi ur\u010den\u00e9 m\u00edsto neprodlen\u011b po p\u0159\u00edchodu do \u010cesk\u00e9 republiky a celn\u00edm odbaven\u00ed. Zbo\u017e\u00ed rozes\u00edl\u00e1me prost\u0159ednictv\u00edm \u010cesk\u00e9 po\u0161ty nebo GLS.\u00a0P\u0159i velk\u00fdch objemech lze sjednat na\u0161\u00ed vlastn\u00ed dopravu.<\/p>\n<p style=\"text-align: justify;\">Doprava do Va\u0161\u00ed kancel\u00e1\u0159e nen\u00ed zahrnuta v cen\u011b zak\u00e1zky. Pro kalkulaci ceny dopravy do Va\u0161\u00ed kancel\u00e1\u0159e\u00a0vych\u00e1z\u00edme z platn\u00fdch cen\u00edk\u016f na\u0161ich smluvn\u00edch p\u0159epravc\u016f. P\u0159i velk\u00fdch objemech lze sjednat na\u0161\u00ed vlastn\u00ed dopravu.<\/p>\n<p>[ultimatetables 6 \/]<\/p>\n<h2 style=\"text-align: justify;\">Gifts Service &#8211; zp\u016fsoby platby<\/h2>\n<p style=\"text-align: justify;\">Z\u00e1kazn\u00edk\u016fm, pokud nebylo dohodnuto jinak, bude po potvrzen\u00ed objedn\u00e1vky vystavena z\u00e1lohov\u00e1 faktura na 50% z celkov\u00e9 ceny zak\u00e1zky. Zaplacen\u00ed t\u00e9to z\u00e1lohy je nutn\u00e9 pro zah\u00e1jen\u00ed v\u00fdroby. Do\u00fa\u010dtov\u00e1n\u00ed bude provedeno p\u0159ed doru\u010den\u00edm kompletn\u00ed zak\u00e1zky. Platby p\u0159ij\u00edm\u00e1me bankovn\u00edm p\u0159evodem. Po domluv\u011b je mo\u017en\u00e9 do\u00fa\u010dtov\u00e1n\u00ed 50% ceny zak\u00e1zky na dob\u00edrku spole\u010dn\u011b s dod\u00e1vkou zbo\u017e\u00ed.<\/p>\n<h2 style=\"text-align: justify;\">Gifts Service &#8211; tolerance technick\u00e9 specifikace<\/h2>\n<p style=\"text-align: justify;\">Z\u00e1kazn\u00edci budou t\u00e9\u017e po\u017e\u00e1d\u00e1ni o schv\u00e1len\u00ed n\u00e1sleduj\u00edc\u00ed tolerance k zadan\u00e9 technick\u00e9 specifikaci produktu.<\/p>\n<p style=\"text-align: justify;\">[ultimatetables 5 \/]<\/p>\n<p style=\"text-align: justify;\">* individu\u00e1ln\u00ed dohoda se z\u00e1kazn\u00edkem<\/p>\n<h2 style=\"text-align: justify;\">Ceny na str\u00e1nk\u00e1ch Gifts Service<\/h2>\n<p style=\"text-align: justify;\">Ve\u0161ker\u00e9 ceny uveden\u00e9 na na\u0161ich str\u00e1nk\u00e1ch neobsahuj\u00ed DPH.<\/p>\n<h2 style=\"text-align: justify;\">Loga a zna\u010dky na str\u00e1nk\u00e1ch Gifts Service<\/h2>\n<p style=\"text-align: justify;\">V\u0161echny loga a zna\u010dky nesouc\u00ed ochrann\u00e9 zn\u00e1mky, kter\u00e9 jsou zobrazeny na obr\u00e1zc\u00edch uveden\u00fdch na na\u0161ich str\u00e1nk\u00e1ch maj\u00ed pouze referen\u010dn\u00ed nebo ilustra\u010dn\u00ed \u00fa\u010del. \u00a0Loga, zna\u010dky \u010di jin\u00e9 ochrann\u00e9 zn\u00e1mky jsou majetkem p\u0159\u00edslu\u0161n\u00fdch vlastn\u00edk\u016f a na\u0161e firma nen\u00ed opr\u00e1vn\u011bna prod\u00e1vat zbo\u017e\u00ed nesouc\u00ed takov\u00e9 ochrann\u00e9 zn\u00e1mky.<\/p>\n","protected":false},"excerpt":{"rendered":"<p>GIFTS SERVICE DODAC\u00cd LH\u016eTY A ZP\u016eSOBY PLATBY Gifts Service &#8211; dodac\u00ed lh\u016fty Dodac\u00ed lh\u016fta p\u0159i zak\u00e1zkov\u00e9 v\u00fdrob\u011b reklamn\u00edch p\u0159edm\u011bt\u016f se odv\u00edj\u00ed od povahy zbo\u017e\u00ed a po\u017eadavk\u016fm z\u00e1kazn\u00edka. Dodac\u00ed lh\u016fta, pokud nebylo dohodnuto jinak, za\u010d\u00edn\u00e1 b\u011b\u017eet dnem z\u00e1vazn\u00e9 objedn\u00e1vky, p\u0159ips\u00e1n\u00ed\u00a0z\u00e1lohy 50% &hellip; <a href=\"https:\/\/predmetyreklamni.eu\/vyrobce\/sk\/gifts-service-dodaci-lhuty-a-zpusoby-platby\/\">Continue reading <span class=\"meta-nav\">&rarr;<\/span><\/a><\/p>\n","protected":false},"author":1,"featured_media":0,"parent":0,"menu_order":6,"comment_status":"closed","ping_status":"closed","template":"sidebar-page.php","meta":[],"_links":{"self":[{"href":"https:\/\/predmetyreklamni.eu\/vyrobce\/sk\/wp-json\/wp\/v2\/pages\/3918"}],"collection":[{"href":"https:\/\/predmetyreklamni.eu\/vyrobce\/sk\/wp-json\/wp\/v2\/pages"}],"about":[{"href":"https:\/\/predmetyreklamni.eu\/vyrobce\/sk\/wp-json\/wp\/v2\/types\/page"}],"author":[{"embeddable":true,"href":"https:\/\/predmetyreklamni.eu\/vyrobce\/sk\/wp-json\/wp\/v2\/users\/1"}],"replies":[{"embeddable":true,"href":"https:\/\/predmetyreklamni.eu\/vyrobce\/sk\/wp-json\/wp\/v2\/comments?post=3918"}],"version-history":[{"count":18,"href":"https:\/\/predmetyreklamni.eu\/vyrobce\/sk\/wp-json\/wp\/v2\/pages\/3918\/revisions"}],"predecessor-version":[{"id":4027,"href":"https:\/\/predmetyreklamni.eu\/vyrobce\/sk\/wp-json\/wp\/v2\/pages\/3918\/revisions\/4027"}],"wp:attachment":[{"href":"https:\/\/predmetyreklamni.eu\/vyrobce\/sk\/wp-json\/wp\/v2\/media?parent=3918"}],"curies":[{"name":"wp","href":"https:\/\/api.w.org\/{rel}","templated":true}]}}