{"id":442,"date":"2013-03-29T10:30:21","date_gmt":"2013-03-29T10:30:21","guid":{"rendered":"http:\/\/predmetyreklamni.eu\/vyrobce\/?page_id=442"},"modified":"2014-03-12T13:29:39","modified_gmt":"2014-03-12T13:29:39","slug":"reklamni-slunecniky-na-zakazku","status":"publish","type":"page","link":"https:\/\/predmetyreklamni.eu\/vyrobce\/sk\/reklamni-slunecniky-na-zakazku\/","title":{"rendered":"Reklamn\u00ed slune\u010dn\u00edky na zak\u00e1zku"},"content":{"rendered":"<h1>REKLAMN\u00cd SLUNE\u010cN\u00cdKY NA ZAK\u00c1ZKU<\/h1>\n<h2>Reklamn\u00ed slune\u010dn\u00edky na zak\u00e1zku<\/h2>\n<p style=\"text-align: justify;\">Dlouhotrvaj\u00edc\u00edm trendem jsou v na\u0161\u00ed zemi venkovn\u00ed reklamn\u00ed slune\u010dn\u00edky na zak\u00e1zku, kter\u00e9 V\u00e1s ochr\u00e1n\u00ed p\u0159ed sluncem a Vy si m\u016f\u017eete v klidu pod ochranou\u00a0slune\u010dn\u00edku u\u017e\u00edt l\u00e9to bez \u00fajmy na zdrav\u00ed. Slune\u010dn\u00edky u\u017e d\u00e1vno nejsou jen ochranou p\u0159ed v\u0161udyp\u0159\u00edtomn\u00fdm a p\u0159es l\u00e9to mnohdy dot\u011brn\u00fdm sluncem, ale st\u00e1le \u010dast\u011bji se st\u00e1vaj\u00ed n\u00e1strojem pro reklamu a zviditeln\u011bn\u00ed spole\u010dnost\u00ed. Je jen na V\u00e1s, zda se i Vy p\u0159ipoj\u00edte mezi firmy, kter\u00e9 reklamn\u00ed slune\u010dn\u00edky na zak\u00e1zku vyu\u017e\u00edvaj\u00ed jako prost\u0159edek pro reklamu.<\/p>\n<h2 style=\"text-align: justify;\">Reklamn\u00ed slune\u010dn\u00edky materi\u00e1ly a potisk na zak\u00e1zku<\/h2>\n<p style=\"text-align: justify;\">Mezi nej\u010dast\u011bji pou\u017e\u00edvan\u00e9 a doporu\u010dovan\u00e9 materi\u00e1ly pro reklamn\u00ed slune\u010dn\u00edky na zak\u00e1zku pat\u0159\u00ed p\u0159edev\u0161\u00edm polyester. Ov\u0161em je mo\u017en\u00e9 pro reklamn\u00ed slune\u010dn\u00edky pou\u017e\u00edt p\u0159esn\u011b ty materi\u00e1ly, kter\u00e9 chcete jako nap\u0159\u00edklad bavlna, nylon. Reklamn\u00ed slune\u010dn\u00edky m\u016f\u017eeme na zak\u00e1zku vyrobit v jak\u00e9koliv barv\u011b, kombinaci barev \u010di opat\u0159it je potiskem na zak\u00e1zku. Potisk na reklamn\u00ed slune\u010dn\u00edky na zak\u00e1zku se vytv\u00e1\u0159\u00ed pomoc\u00ed s\u00edtotisku nebo digit\u00e1ln\u00edho tisku.<\/p>\n<h2 style=\"text-align: justify;\">Pl\u00e1\u017eov\u00e9 reklamn\u00ed slune\u010dn\u00edky na zak\u00e1zku<\/h2>\n<p>Reklamn\u00ed pl\u00e1\u017eov\u00e9 slune\u010dn\u00edky V\u00e1m vyrob\u00edme na zak\u00e1zku v jak\u00e9koliv barv\u011b nebo s potiskem. Pl\u00e1\u017eov\u00e9 reklamn\u00ed slune\u010dn\u00edky na zak\u00e1zku s logem \u010di zna\u010dkou.<br \/>\n<strong>Konstrukce<\/strong>: ocel nebo tvrzeny plast, teleskopick\u00e1 ty\u010d<br \/>\n<strong>P\u0159\u00edslu\u0161enstv\u00ed<\/strong>: \u00a0podstavec z plastu (plniteln\u00fd p\u00edskem nebo vodou) nebo kol\u00edk, obal s poutkem na no\u0161en\u00ed p\u0159es rameno.<br \/>\nN\u00ed\u017ee uveden\u00e9 tvary a rozm\u011bry jsou pouze orienta\u010dn\u00ed. Jedn\u00e1 se o zak\u00e1zkovou v\u00fdrobu a rozm\u011bry si m\u016f\u017ee ur\u010dit z\u00e1kazn\u00edk.<\/p>\n<p><a href=\"http:\/\/predmetyreklamni.eu\/vyrobce\/wp-content\/uploads\/Reklamn\u00ed-pl\u00e1\u017eov\u00e9-slune\u010dn\u00edky-na-zak\u00e1zku1.jpg\"><img decoding=\"async\" loading=\"lazy\" class=\"aligncenter size-full wp-image-571\" title=\"Reklamn\u00ed pl\u00e1\u017eov\u00e9 slune\u010dn\u00edky na zak\u00e1zku\" alt=\"Reklamn\u00ed pl\u00e1\u017eov\u00e9 slune\u010dn\u00edky na zak\u00e1zku\" src=\"http:\/\/predmetyreklamni.eu\/vyrobce\/wp-content\/uploads\/Reklamn\u00ed-pl\u00e1\u017eov\u00e9-slune\u010dn\u00edky-na-zak\u00e1zku1.jpg\" width=\"587\" height=\"510\" srcset=\"https:\/\/predmetyreklamni.eu\/vyrobce\/wp-content\/uploads\/Reklamn\u00ed-pl\u00e1\u017eov\u00e9-slune\u010dn\u00edky-na-zak\u00e1zku1.jpg 587w, https:\/\/predmetyreklamni.eu\/vyrobce\/wp-content\/uploads\/Reklamn\u00ed-pl\u00e1\u017eov\u00e9-slune\u010dn\u00edky-na-zak\u00e1zku1-300x260.jpg 300w, https:\/\/predmetyreklamni.eu\/vyrobce\/wp-content\/uploads\/Reklamn\u00ed-pl\u00e1\u017eov\u00e9-slune\u010dn\u00edky-na-zak\u00e1zku1-345x300.jpg 345w\" sizes=\"(max-width: 587px) 100vw, 587px\" \/><\/a><\/p>\n<h2>Reklamn\u00ed slune\u010dn\u00edky na zak\u00e1zku &#8211; hranat\u00e9<\/h2>\n<p>Reklamn\u00ed slune\u010dn\u00edky vyrob\u00edme na zak\u00e1zku hranat\u00e9ho tvaru a opat\u0159\u00edme potiskem. Reklamn\u00ed slune\u010dn\u00edky na zak\u00e1zku hranat\u00e9 s logem \u010di zna\u010dkou.<br \/>\n<strong>Konstrukce<\/strong>: hlin\u00edk<br \/>\n<strong>P\u0159\u00edslu\u0161enstv\u00ed<\/strong>: kovov\u00fd podstavec ur\u010den\u00fd k zat\u00ed\u017een\u00ed betonov\u00fdmi dla\u017edicemi, jin\u00fd na zak\u00e1zku vyroben\u00fd podstavec ( \u017eula, ocel,&#8230;)<br \/>\n<strong>Otev\u00edr\u00e1n\u00ed<\/strong>: kli\u010dka, kladka, teleskopick\u00e1 ty\u010d<br \/>\nN\u00ed\u017ee uveden\u00e9 tvary a rozm\u011bry jsou pouze orienta\u010dn\u00ed. Jedn\u00e1 se o zak\u00e1zkovou v\u00fdrobu a rozm\u011bry si m\u016f\u017ee ur\u010dit z\u00e1kazn\u00edk.<br \/>\n<strong>Cena<\/strong>:\u00a0<a title=\"ZASLAT POPT\u00c1VKU\" href=\"mailto:info@predmetyreklamni.eu\">ZASLAT POPT\u00c1VKU\u00a0<\/a><\/p>\n<p><a href=\"http:\/\/predmetyreklamni.eu\/vyrobce\/wp-content\/uploads\/reklamn\u00ed-slune\u010dn\u00edky-na-zak\u00e1zku-hranat\u00e9_1.jpg\"><img decoding=\"async\" loading=\"lazy\" class=\"aligncenter size-full wp-image-575\" title=\"reklamn\u00ed slune\u010dn\u00edky na zak\u00e1zku hranat\u00e9\" alt=\"reklamn\u00ed slune\u010dn\u00edky na zak\u00e1zku hranat\u00e9\" src=\"http:\/\/predmetyreklamni.eu\/vyrobce\/wp-content\/uploads\/reklamn\u00ed-slune\u010dn\u00edky-na-zak\u00e1zku-hranat\u00e9_1.jpg\" width=\"618\" height=\"531\" srcset=\"https:\/\/predmetyreklamni.eu\/vyrobce\/wp-content\/uploads\/reklamn\u00ed-slune\u010dn\u00edky-na-zak\u00e1zku-hranat\u00e9_1.jpg 618w, https:\/\/predmetyreklamni.eu\/vyrobce\/wp-content\/uploads\/reklamn\u00ed-slune\u010dn\u00edky-na-zak\u00e1zku-hranat\u00e9_1-300x257.jpg 300w, https:\/\/predmetyreklamni.eu\/vyrobce\/wp-content\/uploads\/reklamn\u00ed-slune\u010dn\u00edky-na-zak\u00e1zku-hranat\u00e9_1-349x300.jpg 349w\" sizes=\"(max-width: 618px) 100vw, 618px\" \/><\/a><\/p>\n<h2>Reklamn\u00ed slune\u010dn\u00edky na zak\u00e1zku kulat\u00e9<\/h2>\n<p>Reklamn\u00ed slune\u010dn\u00edky vyrob\u00edme na zak\u00e1zku kulat\u00e9ho tvaru a opat\u0159\u00edme celoplo\u0161n\u00fdm potiskem. Reklamn\u00ed slune\u010dn\u00edky na zak\u00e1zku kulat\u00e9 s logem \u010di zna\u010dkou.<br \/>\n<strong>Konstrukce<\/strong>: hlin\u00edk<br \/>\n<strong>P\u0159\u00edslu\u0161enstv\u00ed<\/strong>: kovov\u00fd podstavec ur\u010den\u00fd k zat\u00ed\u017een\u00ed betonov\u00fdmi dla\u017edicemi, jin\u00fd na zak\u00e1zku vyroben\u00fd podstavec ( \u017eula, ocel,&#8230;)<br \/>\n<strong>Otev\u00edr\u00e1n\u00ed<\/strong>: kli\u010dka, kladka, teleskopick\u00e1 ty\u010d<br \/>\nN\u00ed\u017ee uveden\u00e9 tvary a rozm\u011bry jsou pouze orienta\u010dn\u00ed. Jedn\u00e1 se o zak\u00e1zkovou v\u00fdrobu a rozm\u011bry si m\u016f\u017ee ur\u010dit z\u00e1kazn\u00edk.<br \/>\n<strong>Cena<\/strong>:\u00a0<a title=\"ZASLAT POPT\u00c1VKU\" href=\"mailto:info@predmetyreklamni.eu\">ZASLAT POPT\u00c1VKU\u00a0<\/a><\/p>\n<p><a href=\"http:\/\/predmetyreklamni.eu\/vyrobce\/wp-content\/uploads\/Reklamn\u00ed-slune\u010dn\u00edky-na-zak\u00e1zku-kulat\u00e9.jpg\"><img decoding=\"async\" loading=\"lazy\" class=\"aligncenter size-full wp-image-560\" title=\"Reklamn\u00ed slune\u010dn\u00edky na zak\u00e1zku kulat\u00e9\" alt=\"Reklamn\u00ed slune\u010dn\u00edky na zak\u00e1zku kulat\u00e9\" src=\"http:\/\/predmetyreklamni.eu\/vyrobce\/wp-content\/uploads\/Reklamn\u00ed-slune\u010dn\u00edky-na-zak\u00e1zku-kulat\u00e9.jpg\" width=\"629\" height=\"567\" srcset=\"https:\/\/predmetyreklamni.eu\/vyrobce\/wp-content\/uploads\/Reklamn\u00ed-slune\u010dn\u00edky-na-zak\u00e1zku-kulat\u00e9.jpg 629w, https:\/\/predmetyreklamni.eu\/vyrobce\/wp-content\/uploads\/Reklamn\u00ed-slune\u010dn\u00edky-na-zak\u00e1zku-kulat\u00e9-300x270.jpg 300w, https:\/\/predmetyreklamni.eu\/vyrobce\/wp-content\/uploads\/Reklamn\u00ed-slune\u010dn\u00edky-na-zak\u00e1zku-kulat\u00e9-332x300.jpg 332w\" sizes=\"(max-width: 629px) 100vw, 629px\" \/><\/a><\/p>\n<h2>\u00a0Reklamn\u00ed slune\u010dn\u00edky s bo\u010dn\u00ed nohou na zak\u00e1zku<\/h2>\n<p>Vyrob\u00edme pro V\u00e1s na zak\u00e1zku atypick\u00e9 reklamn\u00ed slune\u010dn\u00edky s bo\u010dn\u00ed nohou nebo jin\u00e9 speci\u00e1ln\u00ed slune\u010dn\u00edky dle Va\u0161eho n\u00e1vrhu. Tyto reklamn\u00ed slunen\u010d\u00edky s bo\u010dn\u00ed nohou na zak\u00e1zku lze opat\u0159it potiskem.<br \/>\n<strong>Konstrukce<\/strong>: hlin\u00edk<br \/>\n<strong>P\u0159\u00edslu\u0161enstv\u00ed<\/strong>: kovov\u00fd podstavec ur\u010den\u00fd k zat\u00ed\u017een\u00ed betonov\u00fdmi dla\u017edicemi, jin\u00fd na zak\u00e1zku vyroben\u00fd podstavec ( \u017eula, ocel,&#8230;)<br \/>\n<strong>Otev\u00edr\u00e1n\u00ed<\/strong>: kli\u010dka<br \/>\nN\u00ed\u017ee uveden\u00e9 rozm\u011bry jsou pouze orienta\u010dn\u00ed. Jedn\u00e1 se o zak\u00e1zkovou v\u00fdrobu a rozm\u011bry si m\u016f\u017ee ur\u010dit z\u00e1kazn\u00edk.<br \/>\nN\u00ed\u017ee uveden\u00e9 tvary a rozm\u011bry jsou pouze orienta\u010dn\u00ed. Jedn\u00e1 se o zak\u00e1zkovou v\u00fdrobu a rozm\u011bry si m\u016f\u017ee ur\u010dit z\u00e1kazn\u00edk.<br \/>\n<strong>Cena<\/strong>:\u00a0<a title=\"ZASLAT POPT\u00c1VKU\" href=\"mailto:info@predmetyreklamni.eu\">ZASLAT POPT\u00c1VKU\u00a0<\/a><\/p>\n<p><a href=\"http:\/\/predmetyreklamni.eu\/vyrobce\/wp-content\/uploads\/reklamn\u00ed-slune\u010dn\u00edky-na-zak\u00e1zku-s-bo\u010dn\u00ed-nohou_1.jpg\"><img decoding=\"async\" loading=\"lazy\" class=\"aligncenter size-full wp-image-577\" title=\"reklamn\u00ed slune\u010dn\u00edky na zak\u00e1zku s bo\u010dn\u00ed nohou\" alt=\"reklamn\u00ed slune\u010dn\u00edky na zak\u00e1zku s bo\u010dn\u00ed nohou\" src=\"http:\/\/predmetyreklamni.eu\/vyrobce\/wp-content\/uploads\/reklamn\u00ed-slune\u010dn\u00edky-na-zak\u00e1zku-s-bo\u010dn\u00ed-nohou_1.jpg\" width=\"594\" height=\"509\" srcset=\"https:\/\/predmetyreklamni.eu\/vyrobce\/wp-content\/uploads\/reklamn\u00ed-slune\u010dn\u00edky-na-zak\u00e1zku-s-bo\u010dn\u00ed-nohou_1.jpg 594w, https:\/\/predmetyreklamni.eu\/vyrobce\/wp-content\/uploads\/reklamn\u00ed-slune\u010dn\u00edky-na-zak\u00e1zku-s-bo\u010dn\u00ed-nohou_1-300x257.jpg 300w, https:\/\/predmetyreklamni.eu\/vyrobce\/wp-content\/uploads\/reklamn\u00ed-slune\u010dn\u00edky-na-zak\u00e1zku-s-bo\u010dn\u00ed-nohou_1-350x300.jpg 350w\" sizes=\"(max-width: 594px) 100vw, 594px\" \/><\/a><\/p>\n<h2>Reklamn\u00ed slune\u010dn\u00edky na zak\u00e1zku d\u0159ev\u011bn\u00e9 z imitace d\u0159eva<\/h2>\n<p>Reklamn\u00ed slune\u010dn\u00edky V\u00e1m vyrob\u00edme na zak\u00e1zku v jak\u00e9koliv velikosti a tvaru. Reklamn\u00ed slune\u010dn\u00edky d\u0159ev\u011bn\u00e9 jsou na zak\u00e1zku vyrobeny z imitace d\u0159eva. Tyto reklamn\u00ed slune\u010dn\u00edky d\u0159ev\u011bn\u00e9 z imitace d\u0159eva lze samoz\u0159ejm\u011b na zak\u00e1zku opat\u0159it potiskem.<br \/>\n<strong>Konstrukce<\/strong>: hlin\u00edk a imitace d\u0159eva<br \/>\n<strong>P\u0159\u00edslu\u0161enstv\u00ed<\/strong>: kovov\u00fd podstavec ur\u010den\u00fd k zat\u00ed\u017een\u00ed betonov\u00fdmi dla\u017edicemi, jin\u00fd na zak\u00e1zku vyroben\u00fd podstavec ( \u017eula, ocel,&#8230;)<br \/>\n<strong>Otev\u00edr\u00e1n\u00ed<\/strong>:\u00a0kli\u010dka, kladka, teleskopick\u00e1 ty\u010d<br \/>\nN\u00ed\u017ee uveden\u00e9 tvary jsou pouze orienta\u010dn\u00ed. Jedn\u00e1 se o zak\u00e1zkovou v\u00fdrobu a rozm\u011bry si m\u016f\u017ee ur\u010dit z\u00e1kazn\u00edk.<br \/>\n<strong>Cena<\/strong>:<a title=\"ZASLAT POPT\u00c1VKU\" href=\"mailto:info@predmetyreklamni.eu\">ZASLAT POPT\u00c1VKU\u00a0<\/a><\/p>\n<p><a href=\"http:\/\/predmetyreklamni.eu\/vyrobce\/wp-content\/uploads\/reklamn\u00ed-slune\u010dn\u00edky-d\u0159ev\u011bn\u00e9-imitace-d\u0159eva.jpg\"><img decoding=\"async\" loading=\"lazy\" class=\"aligncenter size-full wp-image-580\" title=\"reklamn\u00ed slune\u010dn\u00edky d\u0159ev\u011bn\u00e9 imitace d\u0159eva\" alt=\"reklamn\u00ed slune\u010dn\u00edky d\u0159ev\u011bn\u00e9 imitace d\u0159eva\" src=\"http:\/\/predmetyreklamni.eu\/vyrobce\/wp-content\/uploads\/reklamn\u00ed-slune\u010dn\u00edky-d\u0159ev\u011bn\u00e9-imitace-d\u0159eva.jpg\" width=\"627\" height=\"554\" srcset=\"https:\/\/predmetyreklamni.eu\/vyrobce\/wp-content\/uploads\/reklamn\u00ed-slune\u010dn\u00edky-d\u0159ev\u011bn\u00e9-imitace-d\u0159eva.jpg 627w, https:\/\/predmetyreklamni.eu\/vyrobce\/wp-content\/uploads\/reklamn\u00ed-slune\u010dn\u00edky-d\u0159ev\u011bn\u00e9-imitace-d\u0159eva-300x265.jpg 300w, https:\/\/predmetyreklamni.eu\/vyrobce\/wp-content\/uploads\/reklamn\u00ed-slune\u010dn\u00edky-d\u0159ev\u011bn\u00e9-imitace-d\u0159eva-339x300.jpg 339w\" sizes=\"(max-width: 627px) 100vw, 627px\" \/><\/a><\/p>\n<p style=\"text-align: justify;\">Pokud si chcete nechat vyrobit reklamn\u00ed slune\u010dn\u00edky na zak\u00e1zku, p\u0159i v\u00fdb\u011bru doporu\u010dujeme zv\u00e1\u017eit, do jak\u00fdch m\u00edst chcete slune\u010dn\u00edky\u00a0um\u00edstit nebo komu by m\u011bly slou\u017eit. Tzv. reklamn\u00ed gastro\u00a0slune\u010dn\u00edky na zak\u00e1zku \u2013 to jsou reklamn\u00ed\u00a0slune\u010dn\u00edky pou\u017e\u00edvan\u00e9 v kav\u00e1rn\u00e1ch, restaurac\u00edch, hotelech atp. maj\u00ed na rozd\u00edl od b\u011b\u017en\u00fdch zahradn\u00edch \u010di pl\u00e1\u017eov\u00fdch zes\u00edlenou konstrukci.<br \/>\nMen\u0161\u00ed pl\u00e1\u017eov\u00e9 \u010di zahradn\u00ed reklamn\u00ed\u00a0slune\u010dn\u00edky na zak\u00e1zku posta\u010d\u00ed pro mal\u00fd prostor, mal\u00fdm\u00a0slune\u010dn\u00edkem bez probl\u00e9m\u016f zast\u00edn\u00edte t\u0159eba balkon nebo terasu. Mal\u00fd\u00a0slune\u010dn\u00edk\u00a0lehce unese jedna osoba.<br \/>\nVelk\u00e9 reklamn\u00ed\u00a0slune\u010dn\u00edky na zak\u00e1zku se hod\u00ed do zahradn\u00edch restaurac\u00ed, na velk\u00e9 terasy, do hotel\u016f atp. Pou\u017e\u00edvaj\u00ed se na zakryt\u00ed stolu, aby stolovn\u00edci nebyli obt\u011b\u017eov\u00e1ni nadm\u011brn\u00fdm horkem a p\u0159\u00edm\u00fdm sluncem.<br \/>\nNa zak\u00e1zku V\u00e1m m\u016f\u017eeme t\u00e9\u017e nechat vyrobit reklamn\u00ed slune\u010dn\u00edky velkoplo\u0161n\u00e9, kde reklamn\u00ed potisk m\u016f\u017ee b\u00fdt um\u00edst\u011bn na vol\u00e1nu nebo na plo\u0161e\u00a0slune\u010dn\u00edku. Tyto reklamn\u00ed \u00a0slune\u010dn\u00edky na zak\u00e1zku\u00a0jsou hodn\u011b t\u011b\u017ek\u00e9, proto je zapot\u0159eb\u00ed p\u0159i jeho manipulaci\u00a0v\u00edce osob. Reklamn\u00ed slune\u010dn\u00edky velkoplo\u0161n\u00e9 mohou b\u00fdt na zak\u00e1zku vybaveny d\u00e1lkov\u00fdm ovl\u00e1d\u00e1n\u00edm pro snadn\u011bj\u0161\u00ed manipulaci p\u0159i jeho vytahov\u00e1n\u00ed a zatahov\u00e1n\u00ed.<\/p>\n<p style=\"text-align: justify;\">Chcete si nechat vyrobit vlastn\u00ed reklamn\u00ed slune\u010dn\u00edky na zak\u00e1zku? Kontaktujte n\u00e1s pro cenovou nab\u00eddku na emailu:<a href=\"mailto:info@predmetyreklamni.eu\">\u00a0info@predmetyreklamni.eu<\/a><\/p>\n<p style=\"text-align: justify;\"><strong>Do cenov\u00e9 popt\u00e1vky pros\u00edm uve\u010fte pot\u0159ebn\u00e9 informace pro cenovou nab\u00eddku jako<\/strong>: mno\u017estv\u00ed, materi\u00e1l, velikost reklamn\u00edho slune\u010dn\u00edku, barevn\u00e9 proveden\u00ed nebo kombinaci barev, dobu dod\u00e1n\u00ed. V\u0161echny tyto informace n\u00e1m pomohou k rychlej\u0161\u00edmu zpracov\u00e1n\u00ed cenov\u00e9 nab\u00eddky pr\u00e1v\u011b pro V\u00e1s.<\/p>\n<p>T\u011b\u0161\u00edme se na spolupr\u00e1ci! Team Gifts Service<\/p>\n","protected":false},"excerpt":{"rendered":"<p>REKLAMN\u00cd SLUNE\u010cN\u00cdKY NA ZAK\u00c1ZKU Reklamn\u00ed slune\u010dn\u00edky na zak\u00e1zku Dlouhotrvaj\u00edc\u00edm trendem jsou v na\u0161\u00ed zemi venkovn\u00ed reklamn\u00ed slune\u010dn\u00edky na zak\u00e1zku, kter\u00e9 V\u00e1s ochr\u00e1n\u00ed p\u0159ed sluncem a Vy si m\u016f\u017eete v klidu pod ochranou\u00a0slune\u010dn\u00edku u\u017e\u00edt l\u00e9to bez \u00fajmy na zdrav\u00ed. Slune\u010dn\u00edky u\u017e &hellip; <a href=\"https:\/\/predmetyreklamni.eu\/vyrobce\/sk\/reklamni-slunecniky-na-zakazku\/\">Continue reading <span class=\"meta-nav\">&rarr;<\/span><\/a><\/p>\n","protected":false},"author":1,"featured_media":0,"parent":0,"menu_order":23,"comment_status":"closed","ping_status":"open","template":"sidebar-page.php","meta":[],"_links":{"self":[{"href":"https:\/\/predmetyreklamni.eu\/vyrobce\/sk\/wp-json\/wp\/v2\/pages\/442"}],"collection":[{"href":"https:\/\/predmetyreklamni.eu\/vyrobce\/sk\/wp-json\/wp\/v2\/pages"}],"about":[{"href":"https:\/\/predmetyreklamni.eu\/vyrobce\/sk\/wp-json\/wp\/v2\/types\/page"}],"author":[{"embeddable":true,"href":"https:\/\/predmetyreklamni.eu\/vyrobce\/sk\/wp-json\/wp\/v2\/users\/1"}],"replies":[{"embeddable":true,"href":"https:\/\/predmetyreklamni.eu\/vyrobce\/sk\/wp-json\/wp\/v2\/comments?post=442"}],"version-history":[{"count":38,"href":"https:\/\/predmetyreklamni.eu\/vyrobce\/sk\/wp-json\/wp\/v2\/pages\/442\/revisions"}],"predecessor-version":[{"id":2882,"href":"https:\/\/predmetyreklamni.eu\/vyrobce\/sk\/wp-json\/wp\/v2\/pages\/442\/revisions\/2882"}],"wp:attachment":[{"href":"https:\/\/predmetyreklamni.eu\/vyrobce\/sk\/wp-json\/wp\/v2\/media?parent=442"}],"curies":[{"name":"wp","href":"https:\/\/api.w.org\/{rel}","templated":true}]}}