{"id":4424,"date":"2015-08-05T11:07:11","date_gmt":"2015-08-05T11:07:11","guid":{"rendered":"http:\/\/predmetyreklamni.eu\/vyrobce\/?page_id=4424"},"modified":"2015-08-05T11:09:44","modified_gmt":"2015-08-05T11:09:44","slug":"silikonove-hodinky-s-brandingem","status":"publish","type":"page","link":"https:\/\/predmetyreklamni.eu\/vyrobce\/sk\/silikonove-hodinky-s-brandingem\/","title":{"rendered":"Silikonov\u00e9 hodinky s brandingem"},"content":{"rendered":"<h1 style=\"text-align: justify;\">SILIKONOV\u00c9 HODINKY S BRANDINGEM<\/h1>\n<h2 style=\"text-align: justify;\">Silikonov\u00e9 hodinky s brandingem za skv\u011bl\u00e9 ceny<\/h2>\n<p style=\"text-align: justify;\"><a href=\"http:\/\/predmetyreklamni.eu\/vyrobce\/wp-content\/uploads\/designov\u00e9-silikonov\u00e9-hodinky-na-zak\u00e1zku.jpg\"><img decoding=\"async\" loading=\"lazy\" class=\"alignleft size-medium wp-image-4391\" alt=\"promo silikonov\u00e9 hodinky s brandingem\" src=\"http:\/\/predmetyreklamni.eu\/vyrobce\/wp-content\/uploads\/designov\u00e9-silikonov\u00e9-hodinky-na-zak\u00e1zku-300x300.jpg\" width=\"300\" height=\"300\" srcset=\"https:\/\/predmetyreklamni.eu\/vyrobce\/wp-content\/uploads\/designov\u00e9-silikonov\u00e9-hodinky-na-zak\u00e1zku-300x300.jpg 300w, https:\/\/predmetyreklamni.eu\/vyrobce\/wp-content\/uploads\/designov\u00e9-silikonov\u00e9-hodinky-na-zak\u00e1zku-150x150.jpg 150w, https:\/\/predmetyreklamni.eu\/vyrobce\/wp-content\/uploads\/designov\u00e9-silikonov\u00e9-hodinky-na-zak\u00e1zku.jpg 399w\" sizes=\"(max-width: 300px) 100vw, 300px\" \/><\/a>Hled\u00e1te vhodn\u00fd d\u00e1rek pro sv\u00e9 klienty nap\u0159\u00edklad p\u0159i v pr\u016fb\u011bhu po\u0159\u00e1dan\u00e9 sportovn\u00ed propaga\u010dn\u00ed akce? Silikonov\u00e9 hodinky s brandingem na zak\u00e1zku jsou skv\u011bl\u00fdm d\u00e1rkem. Silikonov\u00e9 hodinky m\u016f\u017eete nechat vyrobit na zak\u00e1zku v jak\u00e9koliv barv\u011b. Silikonov\u00e9 hodinky s brandingem jsou m\u00f3dn\u00ed styl a Vy se pomoc\u00ed n\u011bho m\u016f\u017eete propagovat. Velice trendov\u00fd je tak\u00e9 velk\u00fd analogov\u00fd cifern\u00edk. Silikonov\u00e9 hodinky s brandingem na zak\u00e1zku jsou vhodn\u00e9 pro d\u011bti i dosp\u011bl\u00e9.<\/p>\n<h2 style=\"text-align: justify;\">Silikonov\u00e9 hodinky s brandingem od n\u00e1s<\/h2>\n<p style=\"text-align: justify;\"><strong>Polo\u017eka \u010d.:\u00a0<\/strong>GS-SW004<br \/>\n<strong>Materi\u00e1l<\/strong>: 100% silikon, strojek Quartz<br \/>\n<strong>Potisk<\/strong>: potisk p\u00e1sku \u2013 s\u00edtotisk, laser<br \/>\nV\u0161echny barvy k dispozici \u2013 dle Pantone\u00ae\u00a0vzorn\u00edku<br \/>\nStandardn\u00ed velikost sed\u00ed ka\u017ed\u00e9mu, vym\u011bniteln\u00e1 baterie,\u00a0<strong><br \/>\n<\/strong><strong>Minim\u00e1ln\u00ed objedn\u00e1vka:<\/strong>\u00a0100ks pro tento design ve skladov\u00e9 z\u00e1sob\u011b a 500ks p\u0159i zak\u00e1zkov\u00e9 v\u00fdrob\u011b<br \/>\n<strong>Cena<\/strong>:\u00a0<a title=\"ZASLAT POPT\u00c1VKU\" href=\"mailto:info@predmetyreklamni.eu\">ZASLAT POPT\u00c1VKU<\/a><\/p>\n","protected":false},"excerpt":{"rendered":"<p>SILIKONOV\u00c9 HODINKY S BRANDINGEM Silikonov\u00e9 hodinky s brandingem za skv\u011bl\u00e9 ceny Hled\u00e1te vhodn\u00fd d\u00e1rek pro sv\u00e9 klienty nap\u0159\u00edklad p\u0159i v pr\u016fb\u011bhu po\u0159\u00e1dan\u00e9 sportovn\u00ed propaga\u010dn\u00ed akce? Silikonov\u00e9 hodinky s brandingem na zak\u00e1zku jsou skv\u011bl\u00fdm d\u00e1rkem. Silikonov\u00e9 hodinky m\u016f\u017eete nechat vyrobit na &hellip; <a href=\"https:\/\/predmetyreklamni.eu\/vyrobce\/sk\/silikonove-hodinky-s-brandingem\/\">Continue reading <span class=\"meta-nav\">&rarr;<\/span><\/a><\/p>\n","protected":false},"author":1,"featured_media":0,"parent":0,"menu_order":31,"comment_status":"closed","ping_status":"open","template":"sidebar-page.php","meta":[],"_links":{"self":[{"href":"https:\/\/predmetyreklamni.eu\/vyrobce\/sk\/wp-json\/wp\/v2\/pages\/4424"}],"collection":[{"href":"https:\/\/predmetyreklamni.eu\/vyrobce\/sk\/wp-json\/wp\/v2\/pages"}],"about":[{"href":"https:\/\/predmetyreklamni.eu\/vyrobce\/sk\/wp-json\/wp\/v2\/types\/page"}],"author":[{"embeddable":true,"href":"https:\/\/predmetyreklamni.eu\/vyrobce\/sk\/wp-json\/wp\/v2\/users\/1"}],"replies":[{"embeddable":true,"href":"https:\/\/predmetyreklamni.eu\/vyrobce\/sk\/wp-json\/wp\/v2\/comments?post=4424"}],"version-history":[{"count":3,"href":"https:\/\/predmetyreklamni.eu\/vyrobce\/sk\/wp-json\/wp\/v2\/pages\/4424\/revisions"}],"predecessor-version":[{"id":4429,"href":"https:\/\/predmetyreklamni.eu\/vyrobce\/sk\/wp-json\/wp\/v2\/pages\/4424\/revisions\/4429"}],"wp:attachment":[{"href":"https:\/\/predmetyreklamni.eu\/vyrobce\/sk\/wp-json\/wp\/v2\/media?parent=4424"}],"curies":[{"name":"wp","href":"https:\/\/api.w.org\/{rel}","templated":true}]}}