{"id":4435,"date":"2015-08-05T18:28:29","date_gmt":"2015-08-05T18:28:29","guid":{"rendered":"http:\/\/predmetyreklamni.eu\/vyrobce\/?page_id=4435"},"modified":"2015-08-05T18:31:49","modified_gmt":"2015-08-05T18:31:49","slug":"zakazkove-silikonove-hodinky","status":"publish","type":"page","link":"https:\/\/predmetyreklamni.eu\/vyrobce\/sk\/zakazkove-silikonove-hodinky\/","title":{"rendered":"Zak\u00e1zkov\u00e9 silikonov\u00e9 hodinky"},"content":{"rendered":"<h1 style=\"text-align: justify;\">ZAK\u00c1ZKOV\u00c9 SILIKONOV\u00c9 HODINKY<\/h1>\n<h2 style=\"text-align: justify;\">Zak\u00e1zkov\u00e9 silikonov\u00e9 hodinky k propagaci zna\u010dky<\/h2>\n<p style=\"text-align: justify;\"><a href=\"http:\/\/predmetyreklamni.eu\/vyrobce\/wp-content\/uploads\/luxusn\u00ed-silikonov\u00e9-hodinky-na-zak\u00e1zku.jpg\"><img decoding=\"async\" loading=\"lazy\" class=\"alignleft size-medium wp-image-4379\" alt=\"reklamn\u00ed silikonov\u00e9 hodinky s potiskem\" src=\"http:\/\/predmetyreklamni.eu\/vyrobce\/wp-content\/uploads\/luxusn\u00ed-silikonov\u00e9-hodinky-na-zak\u00e1zku-300x300.jpg\" width=\"300\" height=\"300\" srcset=\"https:\/\/predmetyreklamni.eu\/vyrobce\/wp-content\/uploads\/luxusn\u00ed-silikonov\u00e9-hodinky-na-zak\u00e1zku-300x300.jpg 300w, https:\/\/predmetyreklamni.eu\/vyrobce\/wp-content\/uploads\/luxusn\u00ed-silikonov\u00e9-hodinky-na-zak\u00e1zku-150x150.jpg 150w, https:\/\/predmetyreklamni.eu\/vyrobce\/wp-content\/uploads\/luxusn\u00ed-silikonov\u00e9-hodinky-na-zak\u00e1zku.jpg 400w\" sizes=\"(max-width: 300px) 100vw, 300px\" \/><\/a>Zak\u00e1zkov\u00e9 silikonov\u00e9 hodinky jsou velmi popul\u00e1rn\u00ed reklamn\u00ed p\u0159edm\u011bt po cel\u00e9m sv\u011bte. Zak\u00e1zkov\u00e9 silikonov\u00e9 hodinky vyjad\u0159uj\u00ed jsou stylov\u00e9 a nav\u00edc praktick\u00e9. Zak\u00e1zkov\u00e9 silikonov\u00e9 hodinky jsou nejlep\u0161\u00edm darem a prvkem pro zvy\u0161ov\u00e1n\u00ed pov\u011bdom\u00ed o firm\u011b, zna\u010dce \u010di konkr\u00e9tn\u00edm projektu, proto\u017ee hodinky v dne\u0161n\u00ed dob\u011b nos\u00ed na ruce t\u00e9m\u011b\u0159 ka\u017ed\u00fd. Na\u0161e zak\u00e1zkov\u00e9 silikonov\u00e9 hodinky maj\u00ed velmi neot\u0159el\u00fd design a je vhodn\u00fd pro propagaci na sportovn\u00edch ud\u00e1lostech a jin\u00fdch propaga\u010dn\u00edch akc\u00edch. Zak\u00e1zkov\u00e9 silikonov\u00e9 hodinky budou jist\u011b sou\u010d\u00e1st\u00ed \u00fasp\u011b\u0161n\u00e9 marketingov\u00e9 kampan\u011b.<\/p>\n<h2 style=\"text-align: justify;\">Zak\u00e1zkov\u011b vyroben\u00e9 silikonov\u00e9 hodinky od n\u00e1s<\/h2>\n<p style=\"text-align: justify;\">Tyto zak\u00e1zkov\u00e9 silikonov\u00e9 hodinky jsou odoln\u00e9 v\u016f\u010di vod\u011b. Jejich sv\u011btl\u00e1 barva a jednoduch\u00fd design jist\u011b ohrom\u00ed ka\u017ed\u00e9ho z\u00e1kazn\u00edka nebo obchodn\u00edho partnera. Vytvo\u0159te si vlastn\u00ed design na zak\u00e1zkov\u00e9 silikonov\u00e9 hodinky a nechte si je u n\u00e1s vyrobit dle vlastn\u00edho po\u017eadavku.<\/p>\n<p style=\"text-align: justify;\"><strong>Polo\u017eka \u010d:\u00a0<\/strong>GS-SW009<br \/>\n<strong>Materi\u00e1l:<\/strong>\u00a0100% silikon,strojek Quartz<br \/>\n<strong>Potisk<\/strong>: potisk p\u00e1sku \u2013 s\u00edtotisk, laser<br \/>\nV\u0161echny barvy k dispozici \u2013 dle Pantone\u00ae\u00a0vzorn\u00edku<br \/>\nStandardn\u00ed velikost sed\u00ed ka\u017ed\u00e9mu<br \/>\nHodinovka\/ Minutovka\/Sekundovka\/Ukazatel datumu voliteln\u00fd, displej voliteln\u00fd<br \/>\n<strong>Minim\u00e1ln\u00ed objedn\u00e1vka:<\/strong>\u00a0100ks pro tento design ve skladov\u00e9 z\u00e1sob\u011b a 500ks p\u0159i zak\u00e1zkov\u00e9 v\u00fdrob\u011b<br \/>\n<strong>Cena<\/strong>:\u00a0<a title=\"ZASLAT POPT\u00c1VKU\" href=\"mailto:info@predmetyreklamni.eu\">ZASLAT POPT\u00c1VKU<\/a><\/p>\n","protected":false},"excerpt":{"rendered":"<p>ZAK\u00c1ZKOV\u00c9 SILIKONOV\u00c9 HODINKY Zak\u00e1zkov\u00e9 silikonov\u00e9 hodinky k propagaci zna\u010dky Zak\u00e1zkov\u00e9 silikonov\u00e9 hodinky jsou velmi popul\u00e1rn\u00ed reklamn\u00ed p\u0159edm\u011bt po cel\u00e9m sv\u011bte. Zak\u00e1zkov\u00e9 silikonov\u00e9 hodinky vyjad\u0159uj\u00ed jsou stylov\u00e9 a nav\u00edc praktick\u00e9. Zak\u00e1zkov\u00e9 silikonov\u00e9 hodinky jsou nejlep\u0161\u00edm darem a prvkem pro zvy\u0161ov\u00e1n\u00ed pov\u011bdom\u00ed &hellip; <a href=\"https:\/\/predmetyreklamni.eu\/vyrobce\/sk\/zakazkove-silikonove-hodinky\/\">Continue reading <span class=\"meta-nav\">&rarr;<\/span><\/a><\/p>\n","protected":false},"author":1,"featured_media":0,"parent":0,"menu_order":31,"comment_status":"closed","ping_status":"open","template":"sidebar-page.php","meta":[],"_links":{"self":[{"href":"https:\/\/predmetyreklamni.eu\/vyrobce\/sk\/wp-json\/wp\/v2\/pages\/4435"}],"collection":[{"href":"https:\/\/predmetyreklamni.eu\/vyrobce\/sk\/wp-json\/wp\/v2\/pages"}],"about":[{"href":"https:\/\/predmetyreklamni.eu\/vyrobce\/sk\/wp-json\/wp\/v2\/types\/page"}],"author":[{"embeddable":true,"href":"https:\/\/predmetyreklamni.eu\/vyrobce\/sk\/wp-json\/wp\/v2\/users\/1"}],"replies":[{"embeddable":true,"href":"https:\/\/predmetyreklamni.eu\/vyrobce\/sk\/wp-json\/wp\/v2\/comments?post=4435"}],"version-history":[{"count":2,"href":"https:\/\/predmetyreklamni.eu\/vyrobce\/sk\/wp-json\/wp\/v2\/pages\/4435\/revisions"}],"predecessor-version":[{"id":4438,"href":"https:\/\/predmetyreklamni.eu\/vyrobce\/sk\/wp-json\/wp\/v2\/pages\/4435\/revisions\/4438"}],"wp:attachment":[{"href":"https:\/\/predmetyreklamni.eu\/vyrobce\/sk\/wp-json\/wp\/v2\/media?parent=4435"}],"curies":[{"name":"wp","href":"https:\/\/api.w.org\/{rel}","templated":true}]}}