{"id":4499,"date":"2016-02-23T17:42:18","date_gmt":"2016-02-23T17:42:18","guid":{"rendered":"http:\/\/predmetyreklamni.eu\/vyrobce\/?page_id=4499"},"modified":"2016-03-03T12:07:47","modified_gmt":"2016-03-03T12:07:47","slug":"reklamni-kava-na-zakazku","status":"publish","type":"page","link":"https:\/\/predmetyreklamni.eu\/vyrobce\/sk\/reklamni-kava-na-zakazku\/","title":{"rendered":"Reklamn\u00ed k\u00e1va na zak\u00e1zku"},"content":{"rendered":"<h1 style=\"text-align: justify;\">REKLAMN\u00cd K\u00c1VA NA ZAK\u00c1ZKU<\/h1>\n<h2 style=\"text-align: justify;\">K\u00e1va na zak\u00e1zku jako perfektn\u00ed reklamn\u00ed d\u00e1rek<\/h2>\n<p style=\"text-align: justify;\">Ve spolupr\u00e1ci s jednou z na\u0161ich \u010desk\u00fdch nejstar\u0161\u00edch rodinn\u00fdch pra\u017e\u00edren s tradic\u00ed v\u00edce ne\u017e 20 let jsme p\u0159ipravili nab\u00eddku reklamn\u00edch k\u00e1v.<\/p>\n<h2 style=\"text-align: justify;\"><span style=\"color: #333333; font-style: normal; line-height: 24.375px;\">Nab\u00eddka reklamn\u00ed k\u00e1vy na zak\u00e1zku<\/span><\/h2>\n<p style=\"text-align: justify;\"><a href=\"http:\/\/predmetyreklamni.eu\/vyrobce\/wp-content\/uploads\/reklamn\u00ed-k\u00e1va-z-pra\u017e\u00edrny.jpg\"><img decoding=\"async\" loading=\"lazy\" class=\"alignleft  wp-image-4519\" title=\"reklamn\u00ed k\u00e1va z pra\u017e\u00edrny\" alt=\"reklamn\u00ed k\u00e1va z pra\u017e\u00edrny\" src=\"http:\/\/predmetyreklamni.eu\/vyrobce\/wp-content\/uploads\/reklamn\u00ed-k\u00e1va-z-pra\u017e\u00edrny-300x232.jpg\" width=\"270\" height=\"209\" srcset=\"https:\/\/predmetyreklamni.eu\/vyrobce\/wp-content\/uploads\/reklamn\u00ed-k\u00e1va-z-pra\u017e\u00edrny-300x232.jpg 300w, https:\/\/predmetyreklamni.eu\/vyrobce\/wp-content\/uploads\/reklamn\u00ed-k\u00e1va-z-pra\u017e\u00edrny-387x300.jpg 387w, https:\/\/predmetyreklamni.eu\/vyrobce\/wp-content\/uploads\/reklamn\u00ed-k\u00e1va-z-pra\u017e\u00edrny.jpg 620w\" sizes=\"(max-width: 270px) 100vw, 270px\" \/><\/a><\/p>\n<p>K dispozici je cel\u00e9 portfolio t\u00e9to pra\u017e\u00edrny, kter\u00e9 naleznete na odkazu n\u00ed\u017ee.\u00a0Je mo\u017en\u00e9 volit zak\u00e1zkov\u00e9 gram\u00e1\u017ee, origin\u00e1ln\u00ed obaly, k\u00e1vu zrnkovou i mletou.<\/p>\n<p><div class=\"aio-button-right\"><div class=\"aio-pulse\"><a target=\"_blank\" href=\"http:\/\/eva-s.eu\/cs\/245-prazena-zrnkova-a-mleta-kava\" class=\"aio-brown\" title=\"REKLAMN\u00cd K\u00c1VA NAB\u00cdDKA &gt;&gt;&gt;\">REKLAMN\u00cd K\u00c1VA NAB\u00cdDKA &gt;&gt;&gt;<\/a><\/div><\/div>.<\/p>\n<h2 style=\"text-align: justify;\">Reklamn\u00ed k\u00e1va na zak\u00e1zku je m\u00f3dn\u00ed reklamn\u00ed d\u00e1rek<\/h2>\n<p style=\"text-align: justify;\">Pra\u017e\u00edrna sama nevznikla d\u00edky m\u00f3dn\u00ed k\u00e1vov\u00e9 vln\u011b, ale \u010derp\u00e1 z v\u00edce ne\u017e 20-ti let\u00e9 zku\u0161enosti. Naopak d\u00edky modern\u00ed k\u00e1vov\u00e9 kultu\u0159e se reklamn\u00ed k\u00e1va jev\u00ed jako ide\u00e1ln\u00ed d\u00e1rek zejm\u00e9na do b2b sektoru a je tradi\u010dn\u00edm otev\u00edra\u010dem zav\u0159en\u00fdch dve\u0159\u00ed.\u00a0Reklamn\u00ed k\u00e1va na zak\u00e1zku je i tradi\u010dn\u00ed d\u00e1rek.\u00a0Spolu s bonboni\u00e9rou a lahv\u00ed rumu je k\u00e1va d\u00e1rkem jeho\u017e tradice sah\u00e1 opravdu daleko.<\/p>\n<p style=\"text-align: justify;\">V sou\u010dasn\u00e9 dob\u011b m\u016f\u017eete zaznamenat n\u00e1r\u016fst pou\u017e\u00edv\u00e1n\u00ed automatick\u00fdch k\u00e1vovar\u016f na zrnkovou k\u00e1vu, kter\u00e9 najdete v ka\u017ed\u00e9 kancel\u00e1\u0159i. Tento trend je z\u0159ejm\u00fd tak\u00e9 v dom\u00e1cnostech. Proto je reklamn\u00ed k\u00e1va d\u00e1rek, kter\u00fd ud\u011bl\u00e1 radost a neskon\u010d\u00ed v ko\u0161i nebo v prachu \u0161upl\u00edku tak jako mnoho jin\u00fdch reklamn\u00edch p\u0159edm\u011bt\u016f. Celkov\u011b lze tak\u00e9 zaznamenat popularitu a n\u00e1r\u016fst k\u00e1vov\u00e9 kultury a v\u0161eho co se to\u010d\u00ed kolem konzumace k\u00e1vy.<\/p>\n<h2 style=\"text-align: justify;\">Kvalitn\u00ed a \u010derstv\u00e1 reklamn\u00ed k\u00e1va na zak\u00e1zku<\/h2>\n<p style=\"text-align: justify;\"><a href=\"http:\/\/predmetyreklamni.eu\/vyrobce\/wp-content\/uploads\/\u010derstv\u00e1-pra\u017een\u00e1-k\u00e1va-jako-reklamn\u00ed-d\u00e1rek.jpg\"><img decoding=\"async\" loading=\"lazy\" class=\"alignleft size-medium wp-image-4535\" alt=\"\u010derstv\u00e1 pra\u017een\u00e1 k\u00e1va jako reklamn\u00ed d\u00e1rek\" src=\"http:\/\/predmetyreklamni.eu\/vyrobce\/wp-content\/uploads\/\u010derstv\u00e1-pra\u017een\u00e1-k\u00e1va-jako-reklamn\u00ed-d\u00e1rek-300x195.jpg\" width=\"300\" height=\"195\" srcset=\"https:\/\/predmetyreklamni.eu\/vyrobce\/wp-content\/uploads\/\u010derstv\u00e1-pra\u017een\u00e1-k\u00e1va-jako-reklamn\u00ed-d\u00e1rek-300x195.jpg 300w, https:\/\/predmetyreklamni.eu\/vyrobce\/wp-content\/uploads\/\u010derstv\u00e1-pra\u017een\u00e1-k\u00e1va-jako-reklamn\u00ed-d\u00e1rek-461x300.jpg 461w, https:\/\/predmetyreklamni.eu\/vyrobce\/wp-content\/uploads\/\u010derstv\u00e1-pra\u017een\u00e1-k\u00e1va-jako-reklamn\u00ed-d\u00e1rek.jpg 592w\" sizes=\"(max-width: 300px) 100vw, 300px\" \/><\/a><br \/>\nN\u00e1mi dod\u00e1van\u00e1 reklamn\u00ed k\u00e1va je v\u017edy pra\u017eena a balena bezprost\u0159edn\u011b p\u0159ed expedic\u00ed a jej\u00ed \u010derstvost je t\u00edm garantov\u00e1na. Kvalitn\u00ed a \u010derstv\u00e1 pra\u017een\u00e1 zrnkov\u00e1 \u010di mlet\u00e1 k\u00e1va na zak\u00e1zku zajist\u00e9 pot\u011b\u0161\u00ed ka\u017ed\u00e9ho klienta a z\u00e1kazn\u00edka.<\/p>\n<p style=\"text-align: justify;\">Zaujala V\u00e1s na\u0161e nab\u00eddka a chcete propagovat svou firmu a zna\u010dku pomoc\u00ed reklamn\u00ed k\u00e1vy na zak\u00e1zku?\u00a0Nev\u00e1hejte n\u00e1s kontaktovat pro cenovou nab\u00eddku na emailu:\u00a0<a title=\"info@predmetyreklamni.eu\" href=\"mailto:info@predmetyreklamni.eu\">info@predmetyreklamni.eu<\/a><\/p>\n<p style=\"text-align: justify;\">T\u011b\u0161\u00edme se na spolupr\u00e1ci! Team Gifts Service<\/p>\n","protected":false},"excerpt":{"rendered":"<p>REKLAMN\u00cd K\u00c1VA NA ZAK\u00c1ZKU K\u00e1va na zak\u00e1zku jako perfektn\u00ed reklamn\u00ed d\u00e1rek Ve spolupr\u00e1ci s jednou z na\u0161ich \u010desk\u00fdch nejstar\u0161\u00edch rodinn\u00fdch pra\u017e\u00edren s tradic\u00ed v\u00edce ne\u017e 20 let jsme p\u0159ipravili nab\u00eddku reklamn\u00edch k\u00e1v. Nab\u00eddka reklamn\u00ed k\u00e1vy na zak\u00e1zku K dispozici je &hellip; <a href=\"https:\/\/predmetyreklamni.eu\/vyrobce\/sk\/reklamni-kava-na-zakazku\/\">Continue reading <span class=\"meta-nav\">&rarr;<\/span><\/a><\/p>\n","protected":false},"author":1,"featured_media":0,"parent":0,"menu_order":33,"comment_status":"closed","ping_status":"open","template":"sidebar-page.php","meta":[],"_links":{"self":[{"href":"https:\/\/predmetyreklamni.eu\/vyrobce\/sk\/wp-json\/wp\/v2\/pages\/4499"}],"collection":[{"href":"https:\/\/predmetyreklamni.eu\/vyrobce\/sk\/wp-json\/wp\/v2\/pages"}],"about":[{"href":"https:\/\/predmetyreklamni.eu\/vyrobce\/sk\/wp-json\/wp\/v2\/types\/page"}],"author":[{"embeddable":true,"href":"https:\/\/predmetyreklamni.eu\/vyrobce\/sk\/wp-json\/wp\/v2\/users\/1"}],"replies":[{"embeddable":true,"href":"https:\/\/predmetyreklamni.eu\/vyrobce\/sk\/wp-json\/wp\/v2\/comments?post=4499"}],"version-history":[{"count":20,"href":"https:\/\/predmetyreklamni.eu\/vyrobce\/sk\/wp-json\/wp\/v2\/pages\/4499\/revisions"}],"predecessor-version":[{"id":4511,"href":"https:\/\/predmetyreklamni.eu\/vyrobce\/sk\/wp-json\/wp\/v2\/pages\/4499\/revisions\/4511"}],"wp:attachment":[{"href":"https:\/\/predmetyreklamni.eu\/vyrobce\/sk\/wp-json\/wp\/v2\/media?parent=4499"}],"curies":[{"name":"wp","href":"https:\/\/api.w.org\/{rel}","templated":true}]}}