{"id":4600,"date":"2017-01-13T09:32:34","date_gmt":"2017-01-13T09:32:34","guid":{"rendered":"http:\/\/predmetyreklamni.eu\/vyrobce\/?page_id=4600"},"modified":"2017-01-16T20:25:04","modified_gmt":"2017-01-16T20:25:04","slug":"reklamni-bezpecnostni-obal-na-platebni-karty","status":"publish","type":"page","link":"https:\/\/predmetyreklamni.eu\/vyrobce\/sk\/reklamni-bezpecnostni-obal-na-platebni-karty\/","title":{"rendered":"Reklamn\u00ed bezpe\u010dnostn\u00ed obaly na platebn\u00ed karty"},"content":{"rendered":"<h1 style=\"text-align: justify;\"><span style=\"color: #888888;\">REKLAMN\u00cd BEZPE\u010cNOSTN\u00cd OBALY NA PLATEBN\u00cd KARTY<\/span><\/h1>\n<h2 style=\"text-align: justify;\">Ochrann\u00e9 bezpe\u010dnostn\u00ed obaly na platebn\u00ed karty je praktick\u00fd reklamn\u00ed d\u00e1rek<\/h2>\n<p style=\"text-align: justify;\"><img decoding=\"async\" loading=\"lazy\" class=\"alignleft size-medium wp-image-4630\" title=\"bezpe\u010dnostn\u00ed obaly na platebn\u00ed karty na zak\u00e1zku\" alt=\"bezpe\u010dnostn\u00ed obaly na platebn\u00ed karty na zak\u00e1zku\" src=\"http:\/\/predmetyreklamni.eu\/vyrobce\/wp-content\/uploads\/bezpe\u010dnostn\u00ed-obaly-na-platebn\u00ed-karty-na-zak\u00e1zku-300x300.jpg\" width=\"300\" height=\"300\" srcset=\"https:\/\/predmetyreklamni.eu\/vyrobce\/wp-content\/uploads\/bezpe\u010dnostn\u00ed-obaly-na-platebn\u00ed-karty-na-zak\u00e1zku-300x300.jpg 300w, https:\/\/predmetyreklamni.eu\/vyrobce\/wp-content\/uploads\/bezpe\u010dnostn\u00ed-obaly-na-platebn\u00ed-karty-na-zak\u00e1zku-150x150.jpg 150w, https:\/\/predmetyreklamni.eu\/vyrobce\/wp-content\/uploads\/bezpe\u010dnostn\u00ed-obaly-na-platebn\u00ed-karty-na-zak\u00e1zku.jpg 350w\" sizes=\"(max-width: 300px) 100vw, 300px\" \/>Do na\u0161eho \u0161irok\u00e9ho portfolia jsem zahrnuli tak\u00e9 reklamn\u00ed bezpe\u010dnostn\u00ed ochrann\u00e9 obaly na platebn\u00ed karty, kter\u00e9 dok\u00e1\u017e\u00ed st\u00ednit technologii RFID (identifikace r\u00e1diov\u00e9 frekvence). Nab\u00eddn\u011bte sv\u00fdm z\u00e1kazn\u00edk\u016fm praktick\u00e9 pomocn\u00edky a ochr\u00e1nce jejich financ\u00ed.\u00a0Reklamn\u00ed bezpe\u010dnostn\u00ed obaly jsou perfektn\u00edm d\u00e1rkem, jeliko\u017e jsou praktick\u00e9 a obdarovan\u00fd jej jist\u011b neulo\u017e\u00ed do \u0161upl\u00edku a bude jej pou\u017e\u00edvat \u0159adu let. Bezpe\u010dnostn\u00ed obaly nab\u00edz\u00ed pom\u011brn\u011b velkou plochu na potisk a proto jej m\u016f\u017eete opat\u0159it reklamn\u00edm sd\u011blen\u00edm, informacemi \u010di obr\u00e1zkem po cel\u00e9 jeho plo\u0161e. Reklamn\u00ed potisk pak bude na o\u010d\u00edch nejen Va\u0161eho v\u011brn\u00e9ho z\u00e1kazn\u00edka \u010di klienta ale i jeho bl\u00edzk\u00e9ho okol\u00ed.<\/p>\n<p style=\"text-align: justify;\"><div class=\"aio-button-right\"><div class=\"aio-pulse\"><a href=\"http:\/\/predmetyreklamni.eu\/vyrobce\/ochranna-rfid-pouzdra-na-zakazku\/\" class=\"aio-orange\" title=\"REKLAMN\u00cd RFID OBALY NAB\u00cdDKA &gt;&gt;&gt;\">REKLAMN\u00cd RFID OBALY NAB\u00cdDKA &gt;&gt;&gt;<\/a><\/div><\/div><\/p>\n<h2 style=\"text-align: justify;\">Reklamn\u00ed bezpe\u010dnostn\u00ed obaly na platebn\u00ed karty je prevence, kter\u00e1 se vyplat\u00ed<\/h2>\n<p style=\"text-align: justify;\">Od doby zaveden\u00ed bezkontaktn\u00edch platebn\u00edch karet s technologi\u00ed RFID ka\u017ed\u00fdm rokem v\u00fdrazn\u011b stoup\u00e1 riziko kr\u00e1de\u017ee finan\u010dn\u00edch prost\u0159edk\u016f. Dejte sv\u00fdm z\u00e1kazn\u00edk\u016fm najevo, \u017ee dr\u017e\u00edte krok s technologiemi a prezentujte se jako firma, kter\u00e9 z\u00e1le\u017e\u00ed na bezpe\u010dnosti finan\u010dn\u00edch prost\u0159edk\u016f a osobn\u00edch \u00fadaj\u016f sv\u00fdch klient\u016f. Bezpe\u010dnostn\u00ed obaly mohou b\u00fdt vyrobeny nejen na platebn\u00ed karty ale i pasy \u010di ID karty. \u00a0Bezpe\u010dnostn\u00ed obaly na platebn\u00ed karty jsou tedy perfektn\u00ed volbou mezi reklamn\u00edmi p\u0159edm\u011bty &#8211; poskytuj\u00ed tak\u00e9 pom\u011brn\u011b velkou plochu pro potisk, co\u017e je v p\u0159\u00edpad\u011b reklamn\u00edch p\u0159edm\u011bt\u016f jednou z nejv\u011bt\u0161\u00edch p\u0159ednost\u00ed.<\/p>\n<p style=\"text-align: justify;\"><em>Nav\u00edc reklamn\u00ed bezpe\u010dnostn\u00ed obaly na platebn\u00ed karty kombinuj\u00ed mechanickou ochranu proti po\u0161kozen\u00ed karty ohybem a z\u00e1rove\u0148 blokuj\u00edc\u00ed RFID\/NFC komunikaci s bezkontaktn\u00ed kartou.<\/em><\/p>\n<h2 style=\"text-align: justify;\">Jak vlastn\u011b funguj\u00ed reklamn\u00ed bezpe\u010dnostn\u00ed obaly na platebn\u00ed karty?<\/h2>\n<p style=\"text-align: justify;\">Kovovo\u00fd prvek\/desti\u010dka vlo\u017een\u00fd do obalu na principu absorpce RFID vln. Kovov\u00e1 desti\u010dka absorbuje 95% energie RFID vln na frekvenc\u00edch 125 kHz a 13.56MHz tak, \u017ee \u010dip v bezkontaktn\u00ed kart\u011b nem\u00e1 dostatek energie odpov\u011bd\u011bt na \u017e\u00e1dost \u010dtec\u00edho za\u0159\u00edzen\u00ed.<\/p>\n<p style=\"text-align: justify;\">Funkci reklamn\u00edho bezpe\u010dnostn\u00edho obalu na karty zamezuj\u00edc\u00ed komunikaci s bezkontaktn\u00ed kartou m\u016f\u017eete otestovat kdekoli v obchod\u011b nebo mobiln\u00edm telefonem vybaven\u00fdm NFC \u010dtec\u00edm za\u0159\u00edzen\u00edm a pat\u0159i\u010dn\u00fdm software.<\/p>\n<h2 style=\"text-align: justify;\">Reklamn\u00ed\u00a0obaly na platebn\u00ed karty pro bezpe\u010dnost sv\u00fdch klient\u016f<\/h2>\n<p style=\"text-align: justify;\">Chra\u0148te sv\u00e9 z\u00e1kazn\u00edky a klienty p\u0159ed nenechav\u00fdmi podvodn\u00edky. Po\u0159i\u010fte jim obaly na platebn\u00ed karty nav\u00edc s reklamn\u00edch potiskem!<\/p>\n<p style=\"text-align: justify;\"><img decoding=\"async\" loading=\"lazy\" class=\"size-medium wp-image-4641 alignright\" style=\"color: #333333; font-style: normal; font-weight: 300;\" alt=\"propaga\u010dn\u00ed bezpe\u010dnostn\u00ed rfid pouzdra\" src=\"http:\/\/predmetyreklamni.eu\/vyrobce\/wp-content\/uploads\/propaga\u010dn\u00ed-bezpe\u010dnostn\u00ed-rfid-pouzdra-297x300.jpg\" width=\"297\" height=\"300\" srcset=\"https:\/\/predmetyreklamni.eu\/vyrobce\/wp-content\/uploads\/propaga\u010dn\u00ed-bezpe\u010dnostn\u00ed-rfid-pouzdra-297x300.jpg 297w, https:\/\/predmetyreklamni.eu\/vyrobce\/wp-content\/uploads\/propaga\u010dn\u00ed-bezpe\u010dnostn\u00ed-rfid-pouzdra.jpg 589w\" sizes=\"(max-width: 297px) 100vw, 297px\" \/>Sta\u010d\u00ed aby podvodn\u00edk byl vybaven mobiln\u00ed \u010dte\u010dkou stejnou, kterou nach\u00e1z\u00edte na pultech obchod\u016f. Jen pro vy\u0161\u0161\u00ed efektivitu upravenou pro del\u0161\u00ed dosah.\u00a0Nen\u00ed pak nic jednodu\u0161\u0161\u00edho ne\u017e proj\u00edt davem nebo v MHD bez Va\u0161eho v\u011bdom\u00ed \u010di n\u00e1padn\u00e9ho chov\u00e1n\u00ed automaticky na\u010d\u00edst Va\u0161\u00ed platebn\u00ed kartu, kter\u00e1 je v kabelce nebo pen\u011b\u017eence a zaplatit do limitu, kter\u00fd m\u00e1te nastaven\u00fd bez PINu. Obvykle to b\u00fdv\u00e1 500,- K\u010d na transakci.\u00a0Je evidentn\u00ed, \u017ee p\u0159i po\u010dtu bezkontaktn\u00edch karet, kter\u00e9 jsou zhusta roz\u0161\u00ed\u0159eny je motivace a potencion\u00e1ln\u00ed zisk lupi\u010d\u016f velmi vysok\u00fd. Proto se ochrana a st\u00edn\u011bn\u00ed platebn\u00edch karet\u00a0 jev\u00ed jako velmi rozumn\u00fd krok.<\/p>\n<p style=\"text-align: justify;\">Zaujala V\u00e1s na\u0161e nab\u00eddka a chcete propagovat svou firmu a zna\u010dku pomoc\u00ed bezpe\u010dnostn\u00edho obalu na platebn\u00ed karty?\u00a0Nev\u00e1hejte n\u00e1s kontaktovat pro cenovou nab\u00eddku na emailu:\u00a0<a title=\"info@predmetyreklamni.eu\" href=\"mailto:info@predmetyreklamni.eu\">info@predmetyreklamni.eu<\/a><\/p>\n<p style=\"text-align: justify;\"><strong>Do cenov\u00e9 popt\u00e1vky pros\u00edm uve\u010fte pot\u0159ebn\u00e9 informace pro cenovou nab\u00eddku jako<\/strong>: mno\u017estv\u00ed, barevn\u00e9 proveden\u00ed nebo kombinaci barev, dobu dod\u00e1n\u00ed. V\u0161echny tyto informace n\u00e1m pomohou k rychlej\u0161\u00edmu zpracov\u00e1n\u00ed cenov\u00e9 nab\u00eddky pr\u00e1v\u011b pro V\u00e1s.<\/p>\n<p style=\"text-align: justify;\">T\u011b\u0161\u00edme se na spolupr\u00e1ci! Team Gifts Service<\/p>\n","protected":false},"excerpt":{"rendered":"<p>REKLAMN\u00cd BEZPE\u010cNOSTN\u00cd OBALY NA PLATEBN\u00cd KARTY Ochrann\u00e9 bezpe\u010dnostn\u00ed obaly na platebn\u00ed karty je praktick\u00fd reklamn\u00ed d\u00e1rek Do na\u0161eho \u0161irok\u00e9ho portfolia jsem zahrnuli tak\u00e9 reklamn\u00ed bezpe\u010dnostn\u00ed ochrann\u00e9 obaly na platebn\u00ed karty, kter\u00e9 dok\u00e1\u017e\u00ed st\u00ednit technologii RFID (identifikace r\u00e1diov\u00e9 frekvence). Nab\u00eddn\u011bte sv\u00fdm &hellip; <a href=\"https:\/\/predmetyreklamni.eu\/vyrobce\/sk\/reklamni-bezpecnostni-obal-na-platebni-karty\/\">Continue reading <span class=\"meta-nav\">&rarr;<\/span><\/a><\/p>\n","protected":false},"author":1,"featured_media":0,"parent":0,"menu_order":34,"comment_status":"closed","ping_status":"open","template":"sidebar-page.php","meta":[],"_links":{"self":[{"href":"https:\/\/predmetyreklamni.eu\/vyrobce\/sk\/wp-json\/wp\/v2\/pages\/4600"}],"collection":[{"href":"https:\/\/predmetyreklamni.eu\/vyrobce\/sk\/wp-json\/wp\/v2\/pages"}],"about":[{"href":"https:\/\/predmetyreklamni.eu\/vyrobce\/sk\/wp-json\/wp\/v2\/types\/page"}],"author":[{"embeddable":true,"href":"https:\/\/predmetyreklamni.eu\/vyrobce\/sk\/wp-json\/wp\/v2\/users\/1"}],"replies":[{"embeddable":true,"href":"https:\/\/predmetyreklamni.eu\/vyrobce\/sk\/wp-json\/wp\/v2\/comments?post=4600"}],"version-history":[{"count":33,"href":"https:\/\/predmetyreklamni.eu\/vyrobce\/sk\/wp-json\/wp\/v2\/pages\/4600\/revisions"}],"predecessor-version":[{"id":4649,"href":"https:\/\/predmetyreklamni.eu\/vyrobce\/sk\/wp-json\/wp\/v2\/pages\/4600\/revisions\/4649"}],"wp:attachment":[{"href":"https:\/\/predmetyreklamni.eu\/vyrobce\/sk\/wp-json\/wp\/v2\/media?parent=4600"}],"curies":[{"name":"wp","href":"https:\/\/api.w.org\/{rel}","templated":true}]}}