{"id":587,"date":"2013-04-06T19:54:07","date_gmt":"2013-04-06T19:54:07","guid":{"rendered":"http:\/\/predmetyreklamni.eu\/vyrobce\/?page_id=587"},"modified":"2016-09-18T11:08:30","modified_gmt":"2016-09-18T11:08:30","slug":"reklamni-skladaci-lehatka-na-zakazku","status":"publish","type":"page","link":"https:\/\/predmetyreklamni.eu\/vyrobce\/sk\/reklamni-skladaci-lehatka-na-zakazku\/","title":{"rendered":"Reklamn\u00ed skl\u00e1dac\u00ed leh\u00e1tka na zak\u00e1zku"},"content":{"rendered":"<h1 style=\"text-align: justify;\">REKLAMN\u00cd SKL\u00c1DAC\u00cd LEH\u00c1TKA NA ZAK\u00c1ZKU<\/h1>\n<h2 style=\"text-align: justify;\">Reklamn\u00ed skl\u00e1dac\u00ed leh\u00e1tka na zak\u00e1zku<\/h2>\n<p style=\"text-align: justify;\">Reklamn\u00ed skl\u00e1dac\u00ed leh\u00e1tka s potiskem na zak\u00e1zku m\u016f\u017eete naj\u00edt p\u0159edev\u0161\u00edm v horsk\u00fdch \u010di p\u0159\u00edmo\u0159sk\u00fdch st\u0159edisc\u00edch. Reklamn\u00ed skl\u00e1dac\u00ed leh\u00e1tka s potiskem loga \u010di zna\u010dky si nech\u00e1vaj\u00ed na zak\u00e1zku vyrobit t\u00e9\u017e kav\u00e1rny, restaurace, hotely \u010di jin\u00e1 za\u0159\u00edzen\u00ed, kde se skl\u00e1dac\u00ed leh\u00e1tka pou\u017e\u00edvaj\u00ed k relaxaci. Nechat si vyrobit reklamn\u00ed skl\u00e1dac\u00ed leh\u00e1tka na zak\u00e1zku je dlouhodob\u00e1 a efektivn\u00ed investice do reklamy. Vyrob\u00edme pro V\u00e1s reklamn\u00ed skl\u00e1dac\u00ed leh\u00e1tka na zak\u00e1zku v jak\u00e9koliv barv\u011b a s potiskem. Skl\u00e1dac\u00ed leh\u00e1tka mohou b\u00fdt nap\u0159\u00edklad ve firemn\u00ed barv\u011b.\u00a0N\u00ed\u017ee V\u00e1m p\u0159edstav\u00edme jak\u00e9 mo\u017enosti jsou p\u0159i v\u00fdrob\u011b p\u0159edm\u011btu reklamn\u00ed skl\u00e1dac\u00ed leh\u00e1tka na zak\u00e1zku.<\/p>\n<h2 style=\"text-align: justify;\">Reklamn\u00ed skl\u00e1dac\u00ed leh\u00e1tka d\u0159ev\u011bn\u00e1 na zak\u00e1zku<\/h2>\n<p style=\"text-align: justify;\">D\u0159ev\u011bn\u00e1 reklamn\u00ed skl\u00e1dac\u00ed leh\u00e1tka na zak\u00e1zku jsou velice pohodln\u00e9 a najdou uplatn\u011bn\u00ed v horsk\u00fdch \u010di p\u0159\u00edmo\u0159sk\u00fdch st\u0159edisc\u00edch, kav\u00e1rn\u00e1ch \u010di hotelech u baz\u00e9nu. D\u0159ev\u011bn\u00e1 skl\u00e1dac\u00ed leh\u00e1tka mohou b\u00fdt na zak\u00e1zku v jak\u00e9koliv barv\u011b a s potiskem. Tyto d\u0159ev\u011bn\u00e1 skl\u00e1dac\u00ed leh\u00e1tka p\u016fsob\u00ed luxusn\u00edm dojmem.<\/p>\n<p style=\"text-align: justify;\"><a href=\"http:\/\/predmetyreklamni.eu\/vyrobce\/wp-content\/uploads\/reklamn\u00ed-skl\u00e1dac\u00ed-\u017eidle-na-zak\u00e1zku-d\u0159ev\u011bn\u00e1.jpg\"><img decoding=\"async\" loading=\"lazy\" class=\" wp-image-692 alignleft\" title=\"reklamn\u00ed skl\u00e1dac\u00ed leh\u00e1tka na zak\u00e1zku d\u0159ev\u011bn\u00e1\" alt=\"reklamn\u00ed skl\u00e1dac\u00ed leh\u00e1tka na zak\u00e1zku d\u0159ev\u011bn\u00e1\" src=\"http:\/\/predmetyreklamni.eu\/vyrobce\/wp-content\/uploads\/reklamn\u00ed-skl\u00e1dac\u00ed-\u017eidle-na-zak\u00e1zku-d\u0159ev\u011bn\u00e1-300x300.jpg\" width=\"210\" height=\"210\" srcset=\"https:\/\/predmetyreklamni.eu\/vyrobce\/wp-content\/uploads\/reklamn\u00ed-skl\u00e1dac\u00ed-\u017eidle-na-zak\u00e1zku-d\u0159ev\u011bn\u00e1-300x300.jpg 300w, https:\/\/predmetyreklamni.eu\/vyrobce\/wp-content\/uploads\/reklamn\u00ed-skl\u00e1dac\u00ed-\u017eidle-na-zak\u00e1zku-d\u0159ev\u011bn\u00e1-150x150.jpg 150w, https:\/\/predmetyreklamni.eu\/vyrobce\/wp-content\/uploads\/reklamn\u00ed-skl\u00e1dac\u00ed-\u017eidle-na-zak\u00e1zku-d\u0159ev\u011bn\u00e1.jpg 580w\" sizes=\"(max-width: 210px) 100vw, 210px\" \/><\/a><strong>Materi\u00e1l<\/strong>: polyester, s\u00ed\u0165ovina, netkan\u00e1 textilie,\u00a0bavlna, pl\u00e1tno<br \/>\n<strong>Konstrukce<\/strong>: d\u0159evo<br \/>\n<strong>Rozm\u011bry<\/strong>:\u00a0105 x 55 x 85cm (velikost na zak\u00e1zku)<br \/>\n<strong>Nosnost<\/strong>: 125kg<br \/>\n<strong>Min. objedn\u00e1vka<\/strong>: 20ks<br \/>\n<strong>Barva<\/strong>: na zak\u00e1zku<br \/>\n<strong>Potisk<\/strong>: na zak\u00e1zku<br \/>\n<strong>Cena<\/strong>: ji\u017e od 890,-\/ks*\u00a0<a title=\"ZASLAT POPT\u00c1VKU\" href=\"mailto:info@predmetyreklamni.eu\">ZASLAT POPT\u00c1VKU\u00a0<\/a><\/p>\n<h2 style=\"text-align: justify;\">Pl\u00e1\u017eov\u00e1 reklamn\u00ed skl\u00e1dac\u00ed leh\u00e1tka na zak\u00e1zku<\/h2>\n<p style=\"text-align: justify;\">Reklamn\u00ed pl\u00e1\u017eov\u00e1 skl\u00e1dac\u00ed leh\u00e1tka na zak\u00e1zku m\u016f\u017eete um\u00edstit do pl\u00e1\u017eov\u00e9ho baru, k hotelov\u00e9mu baz\u00e9nu. Reklamn\u00ed pl\u00e1\u017eov\u00e1 skl\u00e1dac\u00ed leh\u00e1tka na zak\u00e1zku jsou omyvateln\u00e9 a maj\u00ed vysokou \u017eivotnost a odolnost a z\u00e1rove\u0148 jsou pohodln\u00e9. Na tyto pl\u00e1\u017eov\u00e1 reklamn\u00ed leh\u00e1tka lze na zak\u00e1zku opat\u0159it potisk.<\/p>\n<p style=\"text-align: justify;\"><a style=\"font-style: normal; font-weight: 300; line-height: 24.375px; text-decoration: underline;\" href=\"http:\/\/predmetyreklamni.eu\/vyrobce\/wp-content\/uploads\/reklamn\u00ed-pl\u00e1\u017eov\u00e9-\u017eidle-na-zak\u00e1zku.jpg\"><img decoding=\"async\" loading=\"lazy\" class=\"size-full wp-image-718 alignleft\" style=\"border-color: #bbbbbb; background: #eeeeee;\" title=\"reklamn\u00ed pl\u00e1\u017eov\u00e1 leht\u00e1ka v\u00fdrobce\" alt=\"reklamn\u00ed pl\u00e1\u017eov\u00e1 leht\u00e1ka v\u00fdrobce\" src=\"http:\/\/predmetyreklamni.eu\/vyrobce\/wp-content\/uploads\/reklamn\u00ed-pl\u00e1\u017eov\u00e9-\u017eidle-na-zak\u00e1zku.jpg\" width=\"200\" height=\"200\" srcset=\"https:\/\/predmetyreklamni.eu\/vyrobce\/wp-content\/uploads\/reklamn\u00ed-pl\u00e1\u017eov\u00e9-\u017eidle-na-zak\u00e1zku.jpg 200w, https:\/\/predmetyreklamni.eu\/vyrobce\/wp-content\/uploads\/reklamn\u00ed-pl\u00e1\u017eov\u00e9-\u017eidle-na-zak\u00e1zku-150x150.jpg 150w\" sizes=\"(max-width: 200px) 100vw, 200px\" \/><\/a><\/p>\n<p style=\"text-align: justify;\"><strong>Materi\u00e1l<\/strong>:\u00a0polyester, s\u00ed\u0165ovina, netkan\u00e1 textilie,\u00a0bavlna, pl\u00e1tno<br \/>\n<strong>Konstrukce<\/strong>: hlin\u00edk, lakovan\u00fd kov (pr\u00e1\u0161kov\u00e1n\u00ed)<br \/>\n<strong>Rozm\u011bry<\/strong><span style=\"font-weight: 300;\">:\u00a0105 x 58 x 87cm (rozm\u011br na zak\u00e1zku)<br \/>\n<\/span><strong>Nosnost<\/strong><span style=\"font-weight: 300;\">: 125kg<br \/>\n<\/span><strong>Min. objedn\u00e1vka<\/strong><span style=\"font-weight: 300;\">: 20ks<br \/>\n<\/span><strong>P\u0159\u00edslu\u0161enstv\u00ed<\/strong><span style=\"font-weight: 300;\">: pol\u0161t\u00e1\u0159ek, s\u00ed\u0165ov\u00fd dr\u017e\u00e1k<br \/>\n<\/span><strong>Barva<\/strong><span style=\"font-weight: 300;\">: na zak\u00e1zku<br \/>\n<\/span><strong>Potisk<\/strong><span style=\"font-weight: 300;\">: na zak\u00e1zku<br \/>\n<\/span><strong>Cena<\/strong><span style=\"font-weight: 300;\">: ji\u017e od 890,-\/ks*\u00a0<\/span><a style=\"font-weight: 300;\" title=\"ZASLAT POPT\u00c1VKU\" href=\"mailto:info@predmetyreklamni.eu\">ZASLAT POPT\u00c1VKU\u00a0<\/a><\/p>\n<h2 style=\"text-align: justify;\">Reklamn\u00ed skl\u00e1dac\u00ed l\u00e1tkov\u00e1 leh\u00e1tka pro dva na zak\u00e1zku<\/h2>\n<p style=\"text-align: justify;\">Skl\u00e1dac\u00ed l\u00e1tkov\u00e1 leh\u00e1tka mohou b\u00fdt na zak\u00e1zku t\u00e9\u017e vyrobena pro dva. Tato l\u00e1tkov\u00e1 skl\u00e1dac\u00ed leh\u00e1tka jsou opravdu perfektn\u00ed zp\u016fsob jak efektivn\u011b a vkusn\u011b propagovat svoj\u00ed zna\u010dku. Reklamn\u00ed skl\u00e1dac\u00ed l\u00e1tkov\u00e1 leh\u00e1tka m\u016f\u017eete um\u00edstit ke kav\u00e1rn\u011b, k hotelov\u00e9mu baru. Tato skl\u00e1dac\u00ed l\u00e1tkov\u00e1 leh\u00e1tka pro dva se budou skv\u011ble vyj\u00edmat na ka\u017ed\u00e9m m\u00edst\u011b. Na zak\u00e1zku mohou b\u00fdt tyto reklamn\u00ed skl\u00e1dac\u00ed leh\u00e1tka opat\u0159ena potiskem.<\/p>\n<p style=\"text-align: justify;\"><a href=\"http:\/\/predmetyreklamni.eu\/vyrobce\/wp-content\/uploads\/reklamn\u00ed-skl\u00e1dac\u00ed-l\u00e1tkov\u00e1-\u017eidle-pro-dva-na-zak\u00e1zku.jpg\"><img decoding=\"async\" loading=\"lazy\" class=\"size-full wp-image-707 alignleft\" title=\"reklamn\u00ed skl\u00e1dac\u00ed l\u00e1tkov\u00e1 \u017eidle pro dva na zak\u00e1zku\" alt=\"reklamn\u00ed skl\u00e1dac\u00ed l\u00e1tkov\u00e1 \u017eidle pro dva na zak\u00e1zku\" src=\"http:\/\/predmetyreklamni.eu\/vyrobce\/wp-content\/uploads\/reklamn\u00ed-skl\u00e1dac\u00ed-l\u00e1tkov\u00e1-\u017eidle-pro-dva-na-zak\u00e1zku.jpg\" width=\"269\" height=\"290\" \/><\/a><\/p>\n<p style=\"text-align: justify;\"><strong>Materi\u00e1l<\/strong>: polyester, s\u00ed\u0165ovina, netkan\u00e1 textilie,\u00a0bavlna, pl\u00e1tno<br \/>\n<strong>Konstrukce<\/strong>: hlin\u00edk, lakovan\u00fd kov (pr\u00e1\u0161kov\u00e1n\u00ed), d\u0159evo<br \/>\n<strong>Rozm\u011bry<\/strong>: 97 x 120 x 90.5cm\u00a0(rozm\u011br na zak\u00e1zku)<br \/>\n<strong>Nosnost<\/strong>: 220kg<br \/>\n<strong>Min. objedn\u00e1vka<\/strong>: 20ks<br \/>\n<strong>P\u0159\u00edslu\u0161enstv\u00ed<\/strong>: pol\u0161t\u00e1\u0159ek, s\u00ed\u0165ov\u00fd dr\u017e\u00e1k<br \/>\n<strong>Barva<\/strong>: na zak\u00e1zku<br \/>\n<strong>Potisk<\/strong>: na zak\u00e1zku<br \/>\n<strong>Cena<\/strong>: ji\u017e od 1190,-\/ks*<br \/>\n<a title=\"ZASLAT POPT\u00c1VKU\" href=\"mailto:info@predmetyreklamni.eu\">ZASLAT POPT\u00c1VKU\u00a0<\/a><\/p>\n<h2 style=\"text-align: justify;\">Reklamn\u00ed skl\u00e1dac\u00ed pl\u00e1\u017eov\u00e1 sed\u00e1tka na zak\u00e1zku<\/h2>\n<p style=\"text-align: justify;\">Tato reklamn\u00ed skl\u00e1dac\u00ed pl\u00e1\u017eov\u00e1 sed\u00e1tka na zak\u00e1zku jsou velice praktick\u00e1 a obl\u00edben\u00e1. Reklamn\u00ed skl\u00e1dac\u00ed pl\u00e1\u017eov\u00e1 sed\u00e1tka jsou na zak\u00e1zku vyr\u00e1b\u011bna v n\u011bkolika variant\u00e1ch a mohou b\u00fdt vyrobena v jak\u00e9koliv barv\u011b a tak\u00e9 opat\u0159ena potiskem loga \u010di zna\u010dky.<\/p>\n<p style=\"text-align: justify;\"><a href=\"http:\/\/predmetyreklamni.eu\/vyrobce\/wp-content\/uploads\/reklamn\u00ed-skl\u00e1dac\u00ed-pl\u00e1\u017eov\u00e9-sed\u00e1tko-na-zak\u00e1zku.jpg\"><img decoding=\"async\" loading=\"lazy\" class=\"size-full wp-image-712 alignleft\" title=\"reklamn\u00ed skl\u00e1dac\u00ed pl\u00e1\u017eov\u00e9 sed\u00e1tko na zak\u00e1zku\" alt=\"reklamn\u00ed skl\u00e1dac\u00ed pl\u00e1\u017eov\u00e9 sed\u00e1tko na zak\u00e1zku\" src=\"http:\/\/predmetyreklamni.eu\/vyrobce\/wp-content\/uploads\/reklamn\u00ed-skl\u00e1dac\u00ed-pl\u00e1\u017eov\u00e9-sed\u00e1tko-na-zak\u00e1zku.jpg\" width=\"218\" height=\"220\" srcset=\"https:\/\/predmetyreklamni.eu\/vyrobce\/wp-content\/uploads\/reklamn\u00ed-skl\u00e1dac\u00ed-pl\u00e1\u017eov\u00e9-sed\u00e1tko-na-zak\u00e1zku.jpg 218w, https:\/\/predmetyreklamni.eu\/vyrobce\/wp-content\/uploads\/reklamn\u00ed-skl\u00e1dac\u00ed-pl\u00e1\u017eov\u00e9-sed\u00e1tko-na-zak\u00e1zku-150x150.jpg 150w\" sizes=\"(max-width: 218px) 100vw, 218px\" \/><\/a><\/p>\n<p style=\"text-align: justify;\"><strong>Materi\u00e1l<\/strong>: polyester, s\u00ed\u0165ovina, netkan\u00e1 textilie,\u00a0bavlna, pl\u00e1tno<br \/>\n<strong>Konstrukce<\/strong>: hlin\u00edk, lakovan\u00fd kov (pr\u00e1\u0161kov\u00e1n\u00ed), d\u0159evo, plast<br \/>\n<strong>Rozm\u011bry<\/strong>: 68 \u00a0x 38 x 59cm\u00a0(rozm\u011br na zak\u00e1zku)<br \/>\n<strong>Nosnost<\/strong>: 220kg<br \/>\n<strong>Min. objedn\u00e1vka<\/strong>: 20ks<br \/>\n<strong>Barva<\/strong>: na zak\u00e1zku<br \/>\n<strong>Potisk<\/strong>: na zak\u00e1zku<br \/>\n<strong>Cena<\/strong>: ji\u017e od 590,-\/ks*<br \/>\n<a title=\"ZASLAT POPT\u00c1VKU\" href=\"mailto:info@predmetyreklamni.eu\">ZASLAT POPT\u00c1VKU\u00a0<\/a><\/p>\n<p style=\"text-align: justify;\">* Ve\u0161ker\u00e9 ceny pro reklamn\u00ed skl\u00e1dac\u00ed leh\u00e1tka na zak\u00e1zku jsou uvedeny bez DPH a jsou pouze orienta\u010dn\u00ed. P\u0159i cenov\u00e9 nab\u00eddce v\u017edy z\u00e1le\u017e\u00ed na proveden\u00ed, materi\u00e1lech a po\u010dtu kus\u016f. Nev\u00e1hejte n\u00e1s proto kontaktovat s konkr\u00e9tn\u00ed cenou popt\u00e1vkou a my ji pro V\u00e1s r\u00e1di zpracujeme.<\/p>\n<h2 style=\"text-align: justify;\">Reklamn\u00ed skl\u00e1dac\u00ed leh\u00e1tka na zak\u00e1zku materi\u00e1ly<\/h2>\n<p style=\"text-align: justify;\">Pro v\u00fdrobu p\u0159edm\u011btu reklamn\u00ed skl\u00e1dac\u00ed leh\u00e1tka se v\u011bt\u0161inou pou\u017e\u00edvaj\u00ed n\u00e1sleduj\u00edc\u00ed materi\u00e1ly. Pro v\u00fdrobu konstrukce se nej\u010dast\u011bji vyu\u017e\u00edv\u00e1 d\u0159evo, hlin\u00edk, lakovan\u00fd kov \u010di tvrzen\u00fd plast. Pro sedac\u00ed \u010d\u00e1st leh\u00e1tka se pom\u011brn\u011b \u010dasto vyu\u017e\u00edvaj\u00ed materi\u00e1ly polyester, s\u00ed\u0165ovina, netkan\u00e1 textilie, pl\u00e1tno nebo na zak\u00e1zku i bavlna. Pokud si chcete nechat na zak\u00e1zku vyrobit reklamn\u00ed skl\u00e1dac\u00ed leh\u00e1tka, je to jist\u011b dobr\u00e1 volba jak zv\u00fd\u0161it pov\u011bdom\u00ed o Va\u0161\u00ed zna\u010dce. Ov\u0161em p\u0159ed zad\u00e1n\u00edm zak\u00e1zky je nutn\u00e9 se zamyslet, kam chcete sv\u00e1 reklamn\u00ed skl\u00e1dac\u00ed leh\u00e1tka um\u00edstit. Nap\u0159\u00edklad pro pl\u00e1\u017eov\u00e1 reklamn\u00ed leh\u00e1tka jsou doporu\u010dov\u00e1ny materi\u00e1ly plast, hlin\u00edk \u010di lakovan\u00fd plast, a to p\u0159edev\u0161\u00edm z d\u016fvodu \u017eivotnosti, jeliko\u017e d\u0159ev\u011bn\u00e1 leh\u00e1tka se p\u0159\u00edli\u0161 nesnesou se slanou vodou. To sam\u00e9 plat\u00ed i pro materi\u00e1ly pro sedac\u00ed \u010d\u00e1st, kdy pokud reklamn\u00ed leh\u00e1tka p\u0159ich\u00e1zej\u00ed do styku se slanou vodou, sluncem je lep\u0161\u00ed volit polyester, s\u00ed\u0165ovinu. Samoz\u0159ejm\u011b reklamn\u00ed leh\u00e1tka vyrob\u00edme na zak\u00e1zku dle Va\u0161eho p\u0159\u00e1n\u00ed. Zcela pln\u00edme zad\u00e1n\u00ed z\u00e1kazn\u00edka.<\/p>\n<p style=\"text-align: justify;\">Chcete si nechat vyrobit vlastn\u00ed reklamn\u00ed skl\u00e1dac\u00ed leh\u00e1tka na zak\u00e1zku? Kontaktujte n\u00e1s pro cenovou nab\u00eddku na emailu:<a href=\"mailto:info@predmetyreklamni.eu\">\u00a0info@predmetyreklamni.eu<\/a><\/p>\n<p style=\"text-align: justify;\"><strong>Do cenov\u00e9 popt\u00e1vky pros\u00edm uve\u010fte pot\u0159ebn\u00e9 informace pro cenovou nab\u00eddku jako<\/strong>: mno\u017estv\u00ed, materi\u00e1l, velikost reklamn\u00edho leh\u00e1tka, barevn\u00e9 proveden\u00ed nebo kombinaci barev, dobu dod\u00e1n\u00ed. V\u0161echny tyto informace n\u00e1m pomohou k rychlej\u0161\u00edmu zpracov\u00e1n\u00ed cenov\u00e9 nab\u00eddky pr\u00e1v\u011b pro V\u00e1s.<\/p>\n<p style=\"text-align: justify;\">T\u011b\u0161\u00edme se na spolupr\u00e1ci! Team Gifts Service<\/p>\n","protected":false},"excerpt":{"rendered":"<p>REKLAMN\u00cd SKL\u00c1DAC\u00cd LEH\u00c1TKA NA ZAK\u00c1ZKU Reklamn\u00ed skl\u00e1dac\u00ed leh\u00e1tka na zak\u00e1zku Reklamn\u00ed skl\u00e1dac\u00ed leh\u00e1tka s potiskem na zak\u00e1zku m\u016f\u017eete naj\u00edt p\u0159edev\u0161\u00edm v horsk\u00fdch \u010di p\u0159\u00edmo\u0159sk\u00fdch st\u0159edisc\u00edch. Reklamn\u00ed skl\u00e1dac\u00ed leh\u00e1tka s potiskem loga \u010di zna\u010dky si nech\u00e1vaj\u00ed na zak\u00e1zku vyrobit t\u00e9\u017e kav\u00e1rny, &hellip; <a href=\"https:\/\/predmetyreklamni.eu\/vyrobce\/sk\/reklamni-skladaci-lehatka-na-zakazku\/\">Continue reading <span class=\"meta-nav\">&rarr;<\/span><\/a><\/p>\n","protected":false},"author":1,"featured_media":0,"parent":0,"menu_order":18,"comment_status":"closed","ping_status":"open","template":"sidebar-page.php","meta":[],"_links":{"self":[{"href":"https:\/\/predmetyreklamni.eu\/vyrobce\/sk\/wp-json\/wp\/v2\/pages\/587"}],"collection":[{"href":"https:\/\/predmetyreklamni.eu\/vyrobce\/sk\/wp-json\/wp\/v2\/pages"}],"about":[{"href":"https:\/\/predmetyreklamni.eu\/vyrobce\/sk\/wp-json\/wp\/v2\/types\/page"}],"author":[{"embeddable":true,"href":"https:\/\/predmetyreklamni.eu\/vyrobce\/sk\/wp-json\/wp\/v2\/users\/1"}],"replies":[{"embeddable":true,"href":"https:\/\/predmetyreklamni.eu\/vyrobce\/sk\/wp-json\/wp\/v2\/comments?post=587"}],"version-history":[{"count":59,"href":"https:\/\/predmetyreklamni.eu\/vyrobce\/sk\/wp-json\/wp\/v2\/pages\/587\/revisions"}],"predecessor-version":[{"id":4587,"href":"https:\/\/predmetyreklamni.eu\/vyrobce\/sk\/wp-json\/wp\/v2\/pages\/587\/revisions\/4587"}],"wp:attachment":[{"href":"https:\/\/predmetyreklamni.eu\/vyrobce\/sk\/wp-json\/wp\/v2\/media?parent=587"}],"curies":[{"name":"wp","href":"https:\/\/api.w.org\/{rel}","templated":true}]}}