{"id":7,"date":"2013-03-19T14:09:54","date_gmt":"2013-03-19T14:09:54","guid":{"rendered":"http:\/\/predmetyreklamni.eu\/vyrobce\/?page_id=7"},"modified":"2020-04-21T06:04:14","modified_gmt":"2020-04-21T06:04:14","slug":"reklamni-magnetky-na-zakazku","status":"publish","type":"page","link":"https:\/\/predmetyreklamni.eu\/vyrobce\/sk\/reklamni-magnetky-na-zakazku\/","title":{"rendered":"Reklamn\u00ed magnetky na zak\u00e1zku"},"content":{"rendered":"<h1 style=\"text-align: justify;\">REKLAMN\u00cd MAGNETKY, REKLAMN\u00cd MAGNETY NA ZAK\u00c1ZKU<\/h1>\n<h2 style=\"text-align: justify;\">Reklamn\u00ed magnetky, reklamn\u00ed magnety na zak\u00e1zku<\/h2>\n<p style=\"text-align: justify;\">Reklamn\u00ed magnety \u010di magnetky jsou u firem velice obl\u00edben\u00fd n\u00e1stroj propagace, takt\u00e9\u017e i u z\u00e1kazn\u00edk\u016f a koncov\u00fdch spot\u0159ebitel\u016f. Pomoc\u00ed p\u0159edm\u011btu reklamn\u00ed magnetky se toti\u017e m\u016f\u017eete dostat do velk\u00e9ho mno\u017estv\u00ed dom\u00e1cnost\u00ed a nav\u00edc na m\u00edsto, kter\u00e9 je velice frekventovan\u00e9. Reklamn\u00ed magnety jsou prost\u011b unik\u00e1tn\u00ed reklamn\u00ed p\u0159edm\u011bt, pomoc\u00ed kter\u00e9ho se dostane Va\u0161e spole\u010dnost do pov\u011bdom\u00ed lid\u00ed.<\/p>\n<h2 style=\"text-align: justify;\">Reklamn\u00ed magnetky na zak\u00e1zku nab\u00eddka<\/h2>\n<p style=\"text-align: justify;\"><em>Klikn\u011bte pro v\u00edce informac\u00ed<\/em><\/p>\n<div id=\"attachment_2989\" style=\"width: 226px\" class=\"wp-caption alignleft\"><a href=\"http:\/\/predmetyreklamni.eu\/vyrobce\/reklamni-magnetky-na-lednici\/\" target=\"_blank\"><img aria-describedby=\"caption-attachment-2989\" decoding=\"async\" loading=\"lazy\" class=\" hover \" title=\"reklamn\u00ed magnetky na zak\u00e1zku\" alt=\"reklamn\u00ed magnetky na zak\u00e1zku\" src=\"http:\/\/predmetyreklamni.eu\/vyrobce\/wp-content\/uploads\/reklamn\u00ed-magnetky-na-zak\u00e1zku-300x273.jpg\" width=\"216\" height=\"196\" \/><\/a><p id=\"caption-attachment-2989\" class=\"wp-caption-text\">KLASICK\u00c9 MAGNETKY<\/p><\/div>\n<div style=\"width: 226px\" class=\"wp-caption alignleft\"><a href=\"http:\/\/predmetyreklamni.eu\/vyrobce\/reklamni-magnety-na-auto\/\" target=\"_blank\"><img decoding=\"async\" loading=\"lazy\" class=\"hover  \" title=\"reklamn\u00ed magnety na auto \" alt=\"reklamn\u00ed magnety na auto \" src=\"http:\/\/predmetyreklamni.eu\/vyrobce\/wp-content\/uploads\/reklamn\u00ed-magnety-na-auto-300x283.jpg\" width=\"216\" height=\"203\" \/><\/a><p class=\"wp-caption-text\">MAGNETY NA AUTO<\/p><\/div>\n<div style=\"width: 215px\" class=\"wp-caption alignleft\"><a href=\"http:\/\/predmetyreklamni.eu\/vyrobce\/keramicke-reklamni-magnetky\/\" target=\"_blank\"><img decoding=\"async\" loading=\"lazy\" class=\"hover  \" title=\"polyresinov\u00e9 magnetky na zak\u00e1zku\" alt=\"polyresinov\u00e9 magnetky na zak\u00e1zku\" src=\"http:\/\/predmetyreklamni.eu\/vyrobce\/wp-content\/uploads\/polyresinov\u00e9-magnetky-na-zak\u00e1zku.jpg\" width=\"205\" height=\"208\" \/><\/a><p class=\"wp-caption-text\">KERAMICK\u00c9 MAGNETKY<\/p><\/div>\n<div id=\"attachment_2994\" style=\"width: 226px\" class=\"wp-caption alignleft\"><a href=\"http:\/\/predmetyreklamni.eu\/vyrobce\/darkove-magnetky-na-zakazku\/\" target=\"_blank\"><img aria-describedby=\"caption-attachment-2994\" decoding=\"async\" loading=\"lazy\" class=\"hover  \" title=\"speci\u00e1ln\u00ed magnetky na zak\u00e1zku\" alt=\"speci\u00e1ln\u00ed magnetky na zak\u00e1zku\" src=\"http:\/\/predmetyreklamni.eu\/vyrobce\/wp-content\/uploads\/speci\u00e1ln\u00ed-magnetky-na-zak\u00e1zku-300x268.jpg\" width=\"216\" height=\"193\" \/><\/a><p id=\"caption-attachment-2994\" class=\"wp-caption-text\">SPECI\u00c1LN\u00cd MAGNETKY<\/p><\/div>\n<h2 style=\"text-align: justify;\"><\/h2>\n<p style=\"text-align: justify;\"><span style=\"color: #000000; font-weight: bold;\">Reklamn\u00ed magnetky video<\/span><\/p>\n<p style=\"text-align: justify;\">Na tomto video m\u016f\u017eete vid\u011bt r\u016fzn\u00e9 druhy reklamn\u00edch magnetek.<br \/>\n<iframe loading=\"lazy\" src=\"https:\/\/www.youtube.com\/embed\/16AVeqVdkJs?feature=player_detailpage\" height=\"300\" width=\"440\" frameborder=\"0\"><\/iframe><\/p>\n<h2 style=\"text-align: justify;\">Reklamn\u00ed magnetky, magnety potisk na zak\u00e1zku<\/h2>\n<p style=\"text-align: justify;\">V z\u00e1vislosti na volb\u011b materi\u00e1lu lze m\u016f\u017eete na sv\u00e9 reklamn\u00ed magnetky um\u00edstit potisk. Reklamn\u00ed magnety m\u016f\u017eete opat\u0159it dv\u011bma druhy potisku &#8211; ofsetov\u00fd tisk (ur\u010den\u00fd pro plno barevn\u00fd (CMYK)\u00a0 potisk fotek a obr\u00e1zk\u016f)\u00a0nebo s\u00edtotisk ( ur\u010den\u00fd\u00a0pro jednoduch\u00e9 loga ti\u0161t\u011bn\u00e9 p\u0159\u00edmou barvou). Pot\u00e9 co na reklamn\u00ed magnetky um\u00edst\u00edme potisk (v tomto p\u0159\u00edkladu se jedn\u00e1 o poti\u0161t\u011bn\u00ed pap\u00edru) je mo\u017en\u00e9 jejich povrch d\u00e1le opat\u0159it prysky\u0159ic\u00ed, co\u017e vytvo\u0159\u00ed tzv. 3D efekt. D\u00e1le je mo\u017en\u00e9 reklamn\u00ed magnetky v\u010detn\u011b potisku doplnit ochranou vod\u011b odolnou f\u00f3li\u00ed a nebo dal\u0161\u00ed a velice obl\u00edbenou variantou je opat\u0159en\u00ed reklamn\u00ed magnetky po potisku lenticul\u00e1rn\u00edm efektem. Tyto reklamn\u00ed magnetky b\u00fdvaj\u00ed nakonec o tlou\u0161\u0165ce 0.5-1.0 mm.<\/p>\n<h2 style=\"text-align: justify;\">Reklamn\u00ed magnety, magnetky a materi\u00e1ly na zak\u00e1zku<\/h2>\n<p style=\"text-align: justify;\">Pro v\u00fdrobu reklamn\u00ed magnety se nej\u010dast\u011bji vol\u00ed materi\u00e1ly jako PVC &#8211; pro gumov\u00e9\u00a0magnetky, k\u0159\u00eddov\u00fd \u010di syntetick\u00fd pap\u00edr (ten se zal\u00e9v\u00e1 prysky\u0159ic\u00ed), akryl\u00e1t, prysky\u0159ice, polyresin, sklo \u010di \u017eelezo. Mezi nejjednodu\u0161\u0161\u00ed materi\u00e1ly pro v\u00fdrobu reklamn\u00ed magnetky pat\u0159\u00ed pap\u00edr ve spojen\u00ed s prysky\u0159ic\u00ed, \u010d\u00edm se dos\u00e1hne reklamn\u00ed magnetky s 3D efektem. Pro tyto reklamn\u00ed magnetky neexistuje pom\u011brn\u011b \u017e\u00e1dn\u00e9 velikostn\u00ed, tvarov\u00e9 \u010di barevn\u00e9 omezen\u00ed. To sam\u00e9 plat\u00ed pro reklamn\u00ed magnetky, pro kter\u00e9 zvol\u00edte materi\u00e1ly nap\u0159\u00edklad k\u0159\u00eddov\u00fd pap\u00edr pota\u017een\u00fd f\u00f3li\u00ed. Mezi dal\u0161\u00ed materi\u00e1ly pro v\u00fdrobu reklamn\u00ed magnetky pat\u0159\u00ed nap\u0159\u00edklad ply\u0161 \u010di samet. Ty se vyu\u017e\u00edvaj\u00ed p\u0159i v\u00fdrob\u011b reklamn\u00ed magnetky v podob\u011b ply\u0161ov\u00e9 zv\u00ed\u0159\u00e1tka, kter\u00e9 m\u00e1 um\u00edst\u011bn\u00e9 magnety v paci\u010dk\u00e1ch a dr\u017e\u00ed tak p\u0159ichycen\u00e9 na kovov\u00fdch p\u0159edm\u011btech. Dal\u0161\u00ed variantou jsou reklamn\u00ed magnetky s lenticul\u00e1rn\u00edm \u00a03D efektem a m\u011bn\u00edc\u00edm se obr\u00e1zkem. Tyto v\u0161echny varianty a dal\u0161\u00ed jsou mo\u017en\u00e9 na zak\u00e1zku vyrobit.<\/p>\n<h2 style=\"text-align: justify;\">Reklamn\u00ed magnetky tvary \u00a0a magnety na zak\u00e1zku<\/h2>\n<p style=\"text-align: justify;\">Reklamn\u00ed magnetky vyr\u00e1b\u00edme na zak\u00e1zku &#8211; tvary a barvy jsou na V\u00e1s. Tvary pro reklamn\u00ed magnetky nehraj\u00ed t\u00e9m\u011b\u0159 \u017e\u00e1dnou roli. \u00a0 Reklamn\u00ed magnetky mohou b\u00fdt bu\u010fto vybaveny magnetem po cel\u00e9 zadn\u00ed vrstv\u011b &#8211; tento zp\u016fsob se vyu\u017e\u00edv\u00e1 p\u0159edev\u0161\u00edm pro reklamn\u00ed magnetky zalit\u00e9 prysky\u0159ic\u00ed, pap\u00edrov\u00e9 magnetky s f\u00f3li\u00ed, \u017eelezn\u00e9 magnetky, reklamn\u00ed magnetky s lenticul\u00e1rn\u00edm efektem. Na zadn\u00ed stranu m\u016f\u017eete t\u00e9\u017e um\u00edstit dal\u0161\u00ed sd\u011blen\u00ed jako www str\u00e1nky, adresu \u010di telefon. Na reklamn\u00ed magnetky s polyresinu \u010di PVC (gumy) se um\u00eds\u0165uj\u00ed magnety men\u0161\u00ed a nejsou po cel\u00e9 zadn\u00ed stran\u011b reklamn\u00ed magnetky.<\/p>\n<p style=\"text-align: justify;\"><a href=\"http:\/\/predmetyreklamni.eu\/vyrobce\/wp-content\/uploads\/ply\u0161ov\u00e9-reklamn\u00ed-magnetky.jpg\"><img decoding=\"async\" loading=\"lazy\" class=\"alignleft\" title=\"ply\u0161ov\u00e9 reklamn\u00ed magnetky na zak\u00e1zku\" alt=\"ply\u0161ov\u00e9 reklamn\u00ed magnetky na zak\u00e1zku\" src=\"http:\/\/predmetyreklamni.eu\/vyrobce\/wp-content\/uploads\/ply\u0161ov\u00e9-reklamn\u00ed-magnetky-150x150.jpg\" width=\"150\" height=\"150\" \/><\/a><\/p>\n<p style=\"text-align: justify;\"><a href=\"http:\/\/predmetyreklamni.eu\/vyrobce\/wp-content\/uploads\/gumov\u00e9-reklamn\u00ed-magnetky.jpg\"><img decoding=\"async\" loading=\"lazy\" class=\"alignleft\" title=\"gumov\u00e9 reklamn\u00ed magnetky v\u00fdrobce\" alt=\"gumov\u00e9 reklamn\u00ed magnetky v\u00fdrobce\" src=\"http:\/\/predmetyreklamni.eu\/vyrobce\/wp-content\/uploads\/gumov\u00e9-reklamn\u00ed-magnetky-150x150.jpg\" width=\"150\" height=\"150\" \/><\/a><\/p>\n<p style=\"text-align: justify;\"><a href=\"http:\/\/predmetyreklamni.eu\/vyrobce\/wp-content\/uploads\/pap\u00edrov\u00e9-reklamn\u00ed-magnetky-s-f\u00f3li\u00ed.jpg\"><img decoding=\"async\" loading=\"lazy\" class=\"alignleft\" title=\"pap\u00edrov\u00e9 reklamn\u00ed magnetky v\u00fdroba\" alt=\"pap\u00edrov\u00e9 reklamn\u00ed magnetky v\u00fdroba\" src=\"http:\/\/predmetyreklamni.eu\/vyrobce\/wp-content\/uploads\/pap\u00edrov\u00e9-reklamn\u00ed-magnetky-s-f\u00f3li\u00ed-150x150.jpg\" width=\"150\" height=\"150\" \/><\/a><\/p>\n<p style=\"text-align: justify;\">Chcete si nechat vyrobit vlastn\u00ed reklamn\u00ed magnetky? Kontaktujte n\u00e1s pro cenovou nab\u00eddku na emailu:<a href=\"mailto:info@predmetyreklamni.eu\">\u00a0info@predmetyreklamni.eu<\/a><\/p>\n<p style=\"text-align: justify;\"><strong>Do cenov\u00e9 popt\u00e1vky pros\u00edm uve\u010fte pot\u0159ebn\u00e9 informace pro cenovou nab\u00eddku jako<\/strong>: mno\u017estv\u00ed, materi\u00e1l, velikost reklamn\u00ed magnetky, barevn\u00e9 proveden\u00ed nebo kombinaci barev, dobu dod\u00e1n\u00ed. V\u0161echny tyto informace n\u00e1m pomohou k rychlej\u0161\u00edmu zpracov\u00e1n\u00ed cenov\u00e9 nab\u00eddky pr\u00e1v\u011b pro V\u00e1s.<\/p>\n<p style=\"text-align: justify;\">T\u011b\u0161\u00edme se na spolupr\u00e1ci! Team Gifts Service<\/p>\n<p style=\"text-align: justify;\">Available languages:<\/p>\n<p style=\"text-align: justify;\"><a title=\"Custom made magnetic promotional gifts\" href=\"http:\/\/www.magnetic-stickers.biz\" target=\"_blank\">Custom made magnetic promotional gifts<\/a>\u00a0\u00a0<a title=\"Egyedi h\u0171t\u0151m\u00e1gnesek\" href=\"http:\/\/hutomagnesek-keszitese.hu\/\" target=\"_blank\">Egyedi h\u0171t\u0151m\u00e1gnesek<\/a>\u00a0\u00a0<a title=\"Magne\u021bi personaliza\u021bi\" href=\"http:\/\/www.frigider-magneti.ro\/\" target=\"_blank\">Magne\u021bi personaliza\u021bi<\/a><\/p>\n<p style=\"text-align: justify;\"><a style=\"text-align: justify;\" title=\"Magnet Aufkleber auf Bestellung\" href=\"http:\/\/www.aufkleber-produzent.de\" target=\"_blank\">Magnet Aufkleber auf Bestellung<\/a>\u00a0 \u00a0\u00a0<a title=\"Naklejki magnetyczne na zam\u00f3wienie\" href=\"http:\/\/www.naklejki.net.pl\/\" target=\"_blank\">Naklejki magnetyczne na zam\u00f3wienie<\/a><\/p>\n","protected":false},"excerpt":{"rendered":"<p>REKLAMN\u00cd MAGNETKY, REKLAMN\u00cd MAGNETY NA ZAK\u00c1ZKU Reklamn\u00ed magnetky, reklamn\u00ed magnety na zak\u00e1zku Reklamn\u00ed magnety \u010di magnetky jsou u firem velice obl\u00edben\u00fd n\u00e1stroj propagace, takt\u00e9\u017e i u z\u00e1kazn\u00edk\u016f a koncov\u00fdch spot\u0159ebitel\u016f. Pomoc\u00ed p\u0159edm\u011btu reklamn\u00ed magnetky se toti\u017e m\u016f\u017eete dostat do velk\u00e9ho &hellip; <a href=\"https:\/\/predmetyreklamni.eu\/vyrobce\/sk\/reklamni-magnetky-na-zakazku\/\">Continue reading <span class=\"meta-nav\">&rarr;<\/span><\/a><\/p>\n","protected":false},"author":1,"featured_media":0,"parent":0,"menu_order":11,"comment_status":"closed","ping_status":"closed","template":"sidebar-page.php","meta":[],"_links":{"self":[{"href":"https:\/\/predmetyreklamni.eu\/vyrobce\/sk\/wp-json\/wp\/v2\/pages\/7"}],"collection":[{"href":"https:\/\/predmetyreklamni.eu\/vyrobce\/sk\/wp-json\/wp\/v2\/pages"}],"about":[{"href":"https:\/\/predmetyreklamni.eu\/vyrobce\/sk\/wp-json\/wp\/v2\/types\/page"}],"author":[{"embeddable":true,"href":"https:\/\/predmetyreklamni.eu\/vyrobce\/sk\/wp-json\/wp\/v2\/users\/1"}],"replies":[{"embeddable":true,"href":"https:\/\/predmetyreklamni.eu\/vyrobce\/sk\/wp-json\/wp\/v2\/comments?post=7"}],"version-history":[{"count":86,"href":"https:\/\/predmetyreklamni.eu\/vyrobce\/sk\/wp-json\/wp\/v2\/pages\/7\/revisions"}],"predecessor-version":[{"id":24,"href":"https:\/\/predmetyreklamni.eu\/vyrobce\/sk\/wp-json\/wp\/v2\/pages\/7\/revisions\/24"}],"wp:attachment":[{"href":"https:\/\/predmetyreklamni.eu\/vyrobce\/sk\/wp-json\/wp\/v2\/media?parent=7"}],"curies":[{"name":"wp","href":"https:\/\/api.w.org\/{rel}","templated":true}]}}