{"id":899,"date":"2013-04-17T14:31:01","date_gmt":"2013-04-17T14:31:01","guid":{"rendered":"http:\/\/predmetyreklamni.eu\/vyrobce\/?page_id=899"},"modified":"2014-03-13T17:09:03","modified_gmt":"2014-03-13T17:09:03","slug":"vanocni-reklama-na-zakazku","status":"publish","type":"page","link":"https:\/\/predmetyreklamni.eu\/vyrobce\/sk\/vanocni-reklama-na-zakazku\/","title":{"rendered":"V\u00e1no\u010dn\u00ed reklama na zak\u00e1zku"},"content":{"rendered":"<h1>V\u00c1NO\u010cN\u00cd REKLAMA NA ZAK\u00c1ZKU<\/h1>\n<h2>V\u00e1no\u010dn\u00ed reklama na zak\u00e1zku<\/h2>\n<p style=\"text-align: justify;\">V\u00e1no\u010dn\u00ed \u010das je skv\u011bl\u00e1 p\u0159\u00edle\u017eitost, kdy m\u016f\u017ee reklama na zak\u00e1zku Va\u0161\u00ed spole\u010dnosti pomoci ke zviditeln\u011bn\u00ed. \u00a0V\u00e1noce jsou jako stvo\u0159en\u00e9 pro rozd\u00e1v\u00e1n\u00ed reklamn\u00edch p\u0159edm\u011bt\u016f a v\u00e1no\u010dn\u00ed reklama na zak\u00e1zku v podob\u011b v\u00e1no\u010dn\u00edch figurek, v\u00e1no\u010dn\u00edch pun\u010doch, v\u00e1no\u010dn\u00edch p\u0159\u00e1n\u00ed a podobn\u00fdch Va\u0161e z\u00e1kazn\u00edky \u010di obchodn\u00ed partnery jist\u011b pot\u011b\u0161\u00ed. Lid\u00e9 maj\u00ed v p\u0159edv\u00e1no\u010dn\u00edm shonu mnoho starost\u00ed a ka\u017ed\u00e1 mal\u00e1 pozornost jako v\u00e1no\u010dn\u00ed reklama na zak\u00e1zku jim ur\u010dit\u011b p\u0159ipomene, \u017ee Va\u0161e spole\u010dnosti o n\u011b stoj\u00ed.<\/p>\n<h2 style=\"text-align: justify;\">V\u00e1no\u010dn\u00ed reklama &#8211; v\u00e1no\u010dn\u00ed \u010depice na zak\u00e1zku<\/h2>\n<p style=\"text-align: justify;\">V\u00e1no\u010dn\u00ed reklama v podob\u011b v\u00e1no\u010dn\u00ed \u010depice na zak\u00e1zku je velice popul\u00e1rn\u00ed reklamn\u00ed p\u0159edm\u011bt d\u00edky sv\u00e9 cenov\u00e9 nen\u00e1ro\u010dnost\u00ed. V\u00e1no\u010dn\u00ed \u010depice na zak\u00e1zku mohou b\u00fdt v jak\u00e9koliv velikost, barv\u011b a s potiskem loga \u010di zna\u010dky. V\u00e1no\u010dn\u00ed \u010depice na zak\u00e1zku mohou b\u00fdt vyrobeny z r\u016fzn\u00fdch materi\u00e1l\u016f.<br \/>\n<strong>Min. objedn\u00e1vka<\/strong>: 500ks<br \/>\n<strong>Cena<\/strong>: 29,- K\u010d\/ks<br \/>\n<a title=\"ZASLAT POPT\u00c1VKU\" href=\"mailto:info@predmetyreklamni.eu\">ZASLAT POPT\u00c1VKU\u00a0<\/a><\/p>\n<p><a href=\"http:\/\/predmetyreklamni.eu\/vyrobce\/wp-content\/uploads\/v\u00e1no\u010dn\u00ed-reklama-v\u00e1no\u010dn\u00ed-\u010depice-s-potiskem-na-zak\u00e1zku.jpg\"><img decoding=\"async\" loading=\"lazy\" class=\"alignleft size-thumbnail wp-image-934\" title=\"v\u00e1no\u010dn\u00ed reklama - v\u00e1no\u010dn\u00ed \u010depice s potiskem na zak\u00e1zku\" alt=\"v\u00e1no\u010dn\u00ed reklama - v\u00e1no\u010dn\u00ed \u010depice s potiskem na zak\u00e1zku\" src=\"http:\/\/predmetyreklamni.eu\/vyrobce\/wp-content\/uploads\/v\u00e1no\u010dn\u00ed-reklama-v\u00e1no\u010dn\u00ed-\u010depice-s-potiskem-na-zak\u00e1zku-150x150.jpg\" width=\"150\" height=\"150\" \/><\/a><\/p>\n<p><a href=\"http:\/\/predmetyreklamni.eu\/vyrobce\/wp-content\/uploads\/v\u00e1no\u010dn\u00ed-reklama-v\u00e1no\u010dn\u00ed-\u010depice-na-zak\u00e1zku-s-flitry.jpg\"><img decoding=\"async\" loading=\"lazy\" class=\"alignleft size-thumbnail wp-image-935\" title=\"v\u00e1no\u010dn\u00ed reklama - v\u00e1no\u010dn\u00ed \u010depice na zak\u00e1zku s flitry\" alt=\"v\u00e1no\u010dn\u00ed reklama - v\u00e1no\u010dn\u00ed \u010depice na zak\u00e1zku s flitry\" src=\"http:\/\/predmetyreklamni.eu\/vyrobce\/wp-content\/uploads\/v\u00e1no\u010dn\u00ed-reklama-v\u00e1no\u010dn\u00ed-\u010depice-na-zak\u00e1zku-s-flitry-150x150.jpg\" width=\"150\" height=\"150\" srcset=\"https:\/\/predmetyreklamni.eu\/vyrobce\/wp-content\/uploads\/v\u00e1no\u010dn\u00ed-reklama-v\u00e1no\u010dn\u00ed-\u010depice-na-zak\u00e1zku-s-flitry-150x150.jpg 150w, https:\/\/predmetyreklamni.eu\/vyrobce\/wp-content\/uploads\/v\u00e1no\u010dn\u00ed-reklama-v\u00e1no\u010dn\u00ed-\u010depice-na-zak\u00e1zku-s-flitry-300x300.jpg 300w, https:\/\/predmetyreklamni.eu\/vyrobce\/wp-content\/uploads\/v\u00e1no\u010dn\u00ed-reklama-v\u00e1no\u010dn\u00ed-\u010depice-na-zak\u00e1zku-s-flitry.jpg 500w\" sizes=\"(max-width: 150px) 100vw, 150px\" \/><\/a><\/p>\n<p><a href=\"http:\/\/predmetyreklamni.eu\/vyrobce\/wp-content\/uploads\/v\u00e1no\u010dn\u00ed-reklama-v\u00e1no\u010dn\u00ed-\u010depice-s-prou\u017eky-na-zak\u00e1zku.jpg\"><img decoding=\"async\" loading=\"lazy\" class=\"alignleft size-thumbnail wp-image-936\" title=\"v\u00e1no\u010dn\u00ed reklama - v\u00e1no\u010dn\u00ed \u010depice s prou\u017eky na zak\u00e1zku\" alt=\"v\u00e1no\u010dn\u00ed reklama - v\u00e1no\u010dn\u00ed \u010depice s prou\u017eky na zak\u00e1zku\" src=\"http:\/\/predmetyreklamni.eu\/vyrobce\/wp-content\/uploads\/v\u00e1no\u010dn\u00ed-reklama-v\u00e1no\u010dn\u00ed-\u010depice-s-prou\u017eky-na-zak\u00e1zku-150x150.jpg\" width=\"150\" height=\"150\" \/><\/a><\/p>\n<p>&nbsp;<\/p>\n<p>&nbsp;<\/p>\n<p>&nbsp;<\/p>\n<p>&nbsp;<\/p>\n<p><a href=\"http:\/\/predmetyreklamni.eu\/vyrobce\/wp-content\/uploads\/v\u00e1no\u010dn\u00ed-reklama-v\u00e1no\u010dn\u00ed-\u010depice-s-logem-na-zak\u00e1zku.jpg\"><img decoding=\"async\" loading=\"lazy\" class=\"alignleft size-thumbnail wp-image-937\" title=\"v\u00e1no\u010dn\u00ed reklama - v\u00e1no\u010dn\u00ed \u010depice s logem na zak\u00e1zku\" alt=\"v\u00e1no\u010dn\u00ed reklama - v\u00e1no\u010dn\u00ed \u010depice s logem na zak\u00e1zku\" src=\"http:\/\/predmetyreklamni.eu\/vyrobce\/wp-content\/uploads\/v\u00e1no\u010dn\u00ed-reklama-v\u00e1no\u010dn\u00ed-\u010depice-s-logem-na-zak\u00e1zku-150x150.jpg\" width=\"150\" height=\"150\" srcset=\"https:\/\/predmetyreklamni.eu\/vyrobce\/wp-content\/uploads\/v\u00e1no\u010dn\u00ed-reklama-v\u00e1no\u010dn\u00ed-\u010depice-s-logem-na-zak\u00e1zku-150x150.jpg 150w, https:\/\/predmetyreklamni.eu\/vyrobce\/wp-content\/uploads\/v\u00e1no\u010dn\u00ed-reklama-v\u00e1no\u010dn\u00ed-\u010depice-s-logem-na-zak\u00e1zku.jpg 300w\" sizes=\"(max-width: 150px) 100vw, 150px\" \/><\/a><a href=\"http:\/\/predmetyreklamni.eu\/vyrobce\/wp-content\/uploads\/v\u00e1no\u010dn\u00ed-reklama-v\u00e1no\u010dn\u00ed-\u010depice-se-santou-na-zak\u00e1zkuk.jpg\"><img decoding=\"async\" loading=\"lazy\" class=\"alignleft size-thumbnail wp-image-938\" title=\"v\u00e1no\u010dn\u00ed reklama - v\u00e1no\u010dn\u00ed \u010depice se santou na zak\u00e1zku\" alt=\"v\u00e1no\u010dn\u00ed reklama - v\u00e1no\u010dn\u00ed \u010depice se santou na zak\u00e1zku\" src=\"http:\/\/predmetyreklamni.eu\/vyrobce\/wp-content\/uploads\/v\u00e1no\u010dn\u00ed-reklama-v\u00e1no\u010dn\u00ed-\u010depice-se-santou-na-zak\u00e1zkuk-150x150.jpg\" width=\"150\" height=\"150\" \/><\/a><a href=\"http:\/\/predmetyreklamni.eu\/vyrobce\/wp-content\/uploads\/v\u00e1no\u010dn\u00ed-reklama-v\u00e1no\u010dn\u00ed-\u010depice-na-zak\u00e1zku.jpg\"><img decoding=\"async\" loading=\"lazy\" class=\"alignleft size-thumbnail wp-image-939\" title=\"v\u00e1no\u010dn\u00ed reklama - v\u00e1no\u010dn\u00ed \u010depice na zak\u00e1zku\" alt=\"v\u00e1no\u010dn\u00ed reklama - v\u00e1no\u010dn\u00ed \u010depice na zak\u00e1zku\" src=\"http:\/\/predmetyreklamni.eu\/vyrobce\/wp-content\/uploads\/v\u00e1no\u010dn\u00ed-reklama-v\u00e1no\u010dn\u00ed-\u010depice-na-zak\u00e1zku-150x150.jpg\" width=\"150\" height=\"150\" \/><\/a><\/p>\n<p>&nbsp;<\/p>\n<p>&nbsp;<\/p>\n<p>&nbsp;<\/p>\n<h2>V\u00e1no\u010dn\u00ed reklama &#8211; v\u00e1no\u010dn\u00ed pun\u010dochy na zak\u00e1zku<\/h2>\n<p style=\"text-align: justify;\">V\u00e1no\u010dn\u00ed reklama v podob\u011b v\u00e1no\u010dn\u00ed pun\u010dochy na zak\u00e1zku\u00a0je pro Va\u0161i spole\u010dnost v\u00fdbornou mo\u017enost\u00ed jak p\u0159it\u00e1hnout nov\u00e9 z\u00e1kazn\u00edky. Kdy\u017e jim na za\u010d\u00e1tku v\u00e1no\u010dn\u00edho obdob\u00ed rozd\u00e1te p\u00e1r d\u00e1rk\u016f v podob\u011b v\u00e1no\u010dn\u00ed pun\u010dochy na zak\u00e1zku, bude Va\u0161e\u00a0v\u00e1no\u010dn\u00ed reklama\u00a0extr\u00e9mn\u011b \u00fa\u010dinn\u00e1. V\u00e1no\u010dn\u00ed pun\u010dochy mohou b\u00fdt na zak\u00e1zku v jak\u00e9koliv velikosti, barv\u011b s potiskem loga \u010di zna\u010dky.<br \/>\n<strong>Min. objedn\u00e1vka<\/strong>: 500ks<br \/>\n<strong>Cena<\/strong>: 39,- K\u010d\/ks<br \/>\n<a title=\"ZASLAT POPT\u00c1VKU\" href=\"mailto:info@predmetyreklamni.eu\">ZASLAT POPT\u00c1VKU\u00a0<\/a><\/p>\n<p style=\"text-align: justify;\"><a href=\"http:\/\/predmetyreklamni.eu\/vyrobce\/wp-content\/uploads\/v\u00e1no\u010dn\u00ed-reklama-v\u00e1no\u010dn\u00ed-pun\u010dochy-na-zak\u00e1zku-s-potiskem.jpg\"><img decoding=\"async\" loading=\"lazy\" class=\"alignleft size-thumbnail wp-image-946\" title=\"v\u00e1no\u010dn\u00ed reklama - v\u00e1no\u010dn\u00ed pun\u010dochy na zak\u00e1zku s potiskem\" alt=\"v\u00e1no\u010dn\u00ed reklama - v\u00e1no\u010dn\u00ed pun\u010dochy na zak\u00e1zku s potiskem\" src=\"http:\/\/predmetyreklamni.eu\/vyrobce\/wp-content\/uploads\/v\u00e1no\u010dn\u00ed-reklama-v\u00e1no\u010dn\u00ed-pun\u010dochy-na-zak\u00e1zku-s-potiskem-150x150.jpg\" width=\"150\" height=\"150\" \/><\/a><\/p>\n<p><a href=\"http:\/\/predmetyreklamni.eu\/vyrobce\/wp-content\/uploads\/v\u00e1no\u010dn\u00ed-reklama-v\u00e1no\u010dn\u00ed-pun\u010dochy-na-zak\u00e1zku.jpg\"><img decoding=\"async\" loading=\"lazy\" class=\"alignleft size-thumbnail wp-image-947\" title=\"v\u00e1no\u010dn\u00ed reklama - v\u00e1no\u010dn\u00ed pun\u010dochy na zak\u00e1zku\" alt=\"v\u00e1no\u010dn\u00ed reklama - v\u00e1no\u010dn\u00ed pun\u010dochy na zak\u00e1zku\" src=\"http:\/\/predmetyreklamni.eu\/vyrobce\/wp-content\/uploads\/v\u00e1no\u010dn\u00ed-reklama-v\u00e1no\u010dn\u00ed-pun\u010dochy-na-zak\u00e1zku-150x150.jpg\" width=\"150\" height=\"150\" srcset=\"https:\/\/predmetyreklamni.eu\/vyrobce\/wp-content\/uploads\/v\u00e1no\u010dn\u00ed-reklama-v\u00e1no\u010dn\u00ed-pun\u010dochy-na-zak\u00e1zku-150x150.jpg 150w, https:\/\/predmetyreklamni.eu\/vyrobce\/wp-content\/uploads\/v\u00e1no\u010dn\u00ed-reklama-v\u00e1no\u010dn\u00ed-pun\u010dochy-na-zak\u00e1zku.jpg 300w\" sizes=\"(max-width: 150px) 100vw, 150px\" \/><\/a><a href=\"http:\/\/predmetyreklamni.eu\/vyrobce\/wp-content\/uploads\/v\u00e1no\u010dn\u00ed-reklama-v\u00e1no\u010dn\u00ed-pun\u010dochy-s-logem-na-zak\u00e1zku.jpg\"><img decoding=\"async\" loading=\"lazy\" class=\"alignleft size-thumbnail wp-image-948\" title=\"v\u00e1no\u010dn\u00ed reklama - v\u00e1no\u010dn\u00ed pun\u010dochy s logem na zak\u00e1zku\" alt=\"v\u00e1no\u010dn\u00ed reklama - v\u00e1no\u010dn\u00ed pun\u010dochy s logem na zak\u00e1zku\" src=\"http:\/\/predmetyreklamni.eu\/vyrobce\/wp-content\/uploads\/v\u00e1no\u010dn\u00ed-reklama-v\u00e1no\u010dn\u00ed-pun\u010dochy-s-logem-na-zak\u00e1zku-150x150.jpg\" width=\"150\" height=\"150\" \/><\/a><\/p>\n<p>&nbsp;<\/p>\n<p>&nbsp;<\/p>\n<p>&nbsp;<\/p>\n<p>&nbsp;<\/p>\n<p><strong>***N\u011bkter\u00e9 v\u00e1no\u010dn\u00ed pun\u010dochy m\u00e1me skladem a Vy si je m\u016f\u017eete objednat \u00a0<a title=\"V\u00e1no\u010dn\u00ed pun\u010dochy maloobchod\" href=\"http:\/\/vymitac.cz\/cs\/80-vanocni-moderni-dekorace\" target=\"_blank\">ZDE<\/a>***<\/strong><\/p>\n<h2>V\u00e1no\u010dn\u00ed reklama &#8211; v\u00e1no\u010dn\u00ed n\u00e1pisy na zak\u00e1zku<\/h2>\n<p style=\"text-align: justify;\">Nab\u00edz\u00edme produkty z oblasti v\u00e1no\u010dn\u00ed reklama jako nap\u0159\u00edklad v\u00e1no\u010dn\u00ed z\u00e1v\u011bsn\u00e9 dekorace, v\u00e1no\u010dn\u00ed n\u00e1pisy. V\u00e1no\u010dn\u00ed reklama &#8211; v\u00e1no\u010dn\u00ed n\u00e1pisy na zak\u00e1zku se jako dekorace v dob\u011b V\u00e1noc k v\u00fdzdob\u011b kancel\u00e1\u0159e, domu, vstupn\u00edch hal.<br \/>\n<strong>Min. objedn\u00e1vka<\/strong>: 500ks<br \/>\n<strong>Cena<\/strong>: 59,- K\u010d\/ks<br \/>\n<a title=\"ZASLAT POPT\u00c1VKU\" href=\"mailto:info@predmetyreklamni.eu\">ZASLAT POPT\u00c1VKU\u00a0<\/a><\/p>\n<p style=\"text-align: justify;\"><a href=\"http:\/\/predmetyreklamni.eu\/vyrobce\/wp-content\/uploads\/v\u00e1no\u010dn\u00ed-reklama-v\u00e1no\u010dn\u00ed-n\u00e1pisy-na-zak\u00e1zku.jpg\"><img decoding=\"async\" loading=\"lazy\" class=\"alignleft size-thumbnail wp-image-952\" title=\"v\u00e1no\u010dn\u00ed reklama - v\u00e1no\u010dn\u00ed n\u00e1pisy na zak\u00e1zku\" alt=\"v\u00e1no\u010dn\u00ed reklama - v\u00e1no\u010dn\u00ed n\u00e1pisy na zak\u00e1zku\" src=\"http:\/\/predmetyreklamni.eu\/vyrobce\/wp-content\/uploads\/v\u00e1no\u010dn\u00ed-reklama-v\u00e1no\u010dn\u00ed-n\u00e1pisy-na-zak\u00e1zku-150x150.jpg\" width=\"150\" height=\"150\" \/><\/a><a href=\"http:\/\/predmetyreklamni.eu\/vyrobce\/wp-content\/uploads\/v\u00e1no\u010dn\u00ed-reklama-v\u00e1no\u010dn\u00ed-dekorace-na-zak\u00e1zku.jpg\"><img decoding=\"async\" loading=\"lazy\" class=\"alignleft size-thumbnail wp-image-953\" title=\"v\u00e1no\u010dn\u00ed reklama - v\u00e1no\u010dn\u00ed dekorace na zak\u00e1zku\" alt=\"v\u00e1no\u010dn\u00ed reklama - v\u00e1no\u010dn\u00ed dekorace na zak\u00e1zku\" src=\"http:\/\/predmetyreklamni.eu\/vyrobce\/wp-content\/uploads\/v\u00e1no\u010dn\u00ed-reklama-v\u00e1no\u010dn\u00ed-dekorace-na-zak\u00e1zku-150x150.jpg\" width=\"150\" height=\"150\" \/><\/a><a href=\"http:\/\/predmetyreklamni.eu\/vyrobce\/wp-content\/uploads\/v\u00e1no\u010dn\u00ed-reklama-v\u00e1no\u010dn\u00ed-dekora\u010dn\u00ed-n\u00e1pisy.jpg\"><img decoding=\"async\" loading=\"lazy\" class=\"alignleft size-thumbnail wp-image-955\" title=\"v\u00e1no\u010dn\u00ed reklama - v\u00e1no\u010dn\u00ed dekora\u010dn\u00ed n\u00e1pisy\" alt=\"v\u00e1no\u010dn\u00ed reklama - v\u00e1no\u010dn\u00ed dekora\u010dn\u00ed n\u00e1pisy\" src=\"http:\/\/predmetyreklamni.eu\/vyrobce\/wp-content\/uploads\/v\u00e1no\u010dn\u00ed-reklama-v\u00e1no\u010dn\u00ed-dekora\u010dn\u00ed-n\u00e1pisy-150x150.jpg\" width=\"150\" height=\"150\" srcset=\"https:\/\/predmetyreklamni.eu\/vyrobce\/wp-content\/uploads\/v\u00e1no\u010dn\u00ed-reklama-v\u00e1no\u010dn\u00ed-dekora\u010dn\u00ed-n\u00e1pisy-150x150.jpg 150w, https:\/\/predmetyreklamni.eu\/vyrobce\/wp-content\/uploads\/v\u00e1no\u010dn\u00ed-reklama-v\u00e1no\u010dn\u00ed-dekora\u010dn\u00ed-n\u00e1pisy.jpg 290w\" sizes=\"(max-width: 150px) 100vw, 150px\" \/><\/a><\/p>\n<h2>\u00a0V\u00e1no\u010dn\u00ed reklama &#8211; v\u00e1no\u010dn\u00ed figurky na zak\u00e1zku<\/h2>\n<p style=\"text-align: justify;\">V\u00e1no\u010dn\u00ed reklama\u00a0v m\u016f\u017ee m\u00edt podobu v\u00e1no\u010dn\u00ed figurky, kterou pro V\u00e1s nech\u00e1me vyrobit dle Va\u0161eho n\u00e1vrhu. V\u00e1no\u010dn\u00ed reklama v\u00e1no\u010dn\u00ed figurky mohou slou\u017eit jako dekorace v kancel\u00e1\u0159i \u010di doma. D\u00e1rek v podob\u011b v\u00e1no\u010dn\u00ed figurky na zak\u00e1zku jist\u011b pot\u011b\u0161\u00ed Va\u0161e z\u00e1kazn\u00edky i obchodn\u00ed partnery. V dob\u011b V\u00e1noc jsou v\u00e1no\u010dn\u00ed figurky velice obl\u00edben\u00e9 a my V\u00e1m nab\u00edz\u00edme jejich v\u00fdrobu na zak\u00e1zku. Z\u00e1le\u017e\u00ed jen na Va\u0161\u00ed fantazii.<br \/>\n<strong>Min. objedn\u00e1vka<\/strong>: 500ks<br \/>\n<strong>Cena<\/strong>: 99,- K\u010d\/ks<br \/>\n<a title=\"ZASLAT POPT\u00c1VKU\" href=\"mailto:info@predmetyreklamni.eu\">ZASLAT POPT\u00c1VKU\u00a0<\/a><\/p>\n<p style=\"text-align: justify;\"><a href=\"http:\/\/predmetyreklamni.eu\/vyrobce\/wp-content\/uploads\/v\u00e1no\u010dn\u00ed-reklama-v\u00e1no\u010dn\u00ed-figurky-santa-na-zak\u00e1zku1.jpg\"><img decoding=\"async\" loading=\"lazy\" class=\"alignleft size-thumbnail wp-image-963\" title=\"v\u00e1no\u010dn\u00ed reklama - v\u00e1no\u010dn\u00ed figurky santa na zak\u00e1zku\" alt=\"v\u00e1no\u010dn\u00ed reklama - v\u00e1no\u010dn\u00ed figurky santa na zak\u00e1zku\" src=\"http:\/\/predmetyreklamni.eu\/vyrobce\/wp-content\/uploads\/v\u00e1no\u010dn\u00ed-reklama-v\u00e1no\u010dn\u00ed-figurky-santa-na-zak\u00e1zku1-150x150.jpg\" width=\"150\" height=\"150\" \/><\/a><\/p>\n<p>\u00a0<a href=\"http:\/\/predmetyreklamni.eu\/vyrobce\/wp-content\/uploads\/v\u00e1no\u010dn\u00ed-reklama-v\u00e1no\u010dn\u00ed-figurky-sn\u011bhul\u00e1k-na-zak\u00e1zku.jpg\"><img decoding=\"async\" loading=\"lazy\" class=\"alignleft size-thumbnail wp-image-964\" title=\"v\u00e1no\u010dn\u00ed reklama - v\u00e1no\u010dn\u00ed figurky sn\u011bhul\u00e1k na zak\u00e1zku\" alt=\"v\u00e1no\u010dn\u00ed reklama - v\u00e1no\u010dn\u00ed figurky sn\u011bhul\u00e1k na zak\u00e1zku\" src=\"http:\/\/predmetyreklamni.eu\/vyrobce\/wp-content\/uploads\/v\u00e1no\u010dn\u00ed-reklama-v\u00e1no\u010dn\u00ed-figurky-sn\u011bhul\u00e1k-na-zak\u00e1zku-150x150.jpg\" width=\"150\" height=\"150\" srcset=\"https:\/\/predmetyreklamni.eu\/vyrobce\/wp-content\/uploads\/v\u00e1no\u010dn\u00ed-reklama-v\u00e1no\u010dn\u00ed-figurky-sn\u011bhul\u00e1k-na-zak\u00e1zku-150x150.jpg 150w, https:\/\/predmetyreklamni.eu\/vyrobce\/wp-content\/uploads\/v\u00e1no\u010dn\u00ed-reklama-v\u00e1no\u010dn\u00ed-figurky-sn\u011bhul\u00e1k-na-zak\u00e1zku.jpg 300w\" sizes=\"(max-width: 150px) 100vw, 150px\" \/><\/a><a href=\"http:\/\/predmetyreklamni.eu\/vyrobce\/wp-content\/uploads\/v\u00e1no\u010dn\u00ed-reklama-v\u00e1no\u010dn\u00ed-figurky-otec-v\u00e1noc.jpg\"><img decoding=\"async\" loading=\"lazy\" class=\"alignleft size-thumbnail wp-image-965\" title=\"v\u00e1no\u010dn\u00ed reklama - v\u00e1no\u010dn\u00ed figurky - otec v\u00e1noc\" alt=\"v\u00e1no\u010dn\u00ed reklama - v\u00e1no\u010dn\u00ed figurky - otec v\u00e1noc\" src=\"http:\/\/predmetyreklamni.eu\/vyrobce\/wp-content\/uploads\/v\u00e1no\u010dn\u00ed-reklama-v\u00e1no\u010dn\u00ed-figurky-otec-v\u00e1noc-150x150.jpg\" width=\"150\" height=\"150\" srcset=\"https:\/\/predmetyreklamni.eu\/vyrobce\/wp-content\/uploads\/v\u00e1no\u010dn\u00ed-reklama-v\u00e1no\u010dn\u00ed-figurky-otec-v\u00e1noc-150x150.jpg 150w, https:\/\/predmetyreklamni.eu\/vyrobce\/wp-content\/uploads\/v\u00e1no\u010dn\u00ed-reklama-v\u00e1no\u010dn\u00ed-figurky-otec-v\u00e1noc.jpg 300w\" sizes=\"(max-width: 150px) 100vw, 150px\" \/><\/a><\/p>\n<p>&nbsp;<\/p>\n<p>&nbsp;<\/p>\n<p>&nbsp;<\/p>\n<h2>V\u00e1no\u010dn\u00ed reklama &#8211; v\u00e1no\u010dn\u00ed kost\u00fdm Santa na zak\u00e1zku<\/h2>\n<p style=\"text-align: justify;\">Va\u0161e\u00a0v\u00e1no\u010dn\u00ed reklama\u00a0m\u016f\u017ee b\u00fdt na zak\u00e1zku dokonce v podob\u011b v\u00e1no\u010dn\u00ed kost\u00fdm Santa. <a href=\"http:\/\/predmetyreklamni.eu\/vyrobce\/wp-content\/uploads\/v\u00e1no\u010dn\u00ed-reklama-v\u00e1no\u010dn\u00ed-kost\u00fdm-santa-na-zak\u00e1zku.jpg\"><img decoding=\"async\" loading=\"lazy\" class=\"alignright  wp-image-968\" title=\"v\u00e1no\u010dn\u00ed reklama - v\u00e1no\u010dn\u00ed kost\u00fdm santa na zak\u00e1zku\" alt=\"v\u00e1no\u010dn\u00ed reklama - v\u00e1no\u010dn\u00ed kost\u00fdm santa na zak\u00e1zku\" src=\"http:\/\/predmetyreklamni.eu\/vyrobce\/wp-content\/uploads\/v\u00e1no\u010dn\u00ed-reklama-v\u00e1no\u010dn\u00ed-kost\u00fdm-santa-na-zak\u00e1zku.jpg\" width=\"173\" height=\"324\" srcset=\"https:\/\/predmetyreklamni.eu\/vyrobce\/wp-content\/uploads\/v\u00e1no\u010dn\u00ed-reklama-v\u00e1no\u010dn\u00ed-kost\u00fdm-santa-na-zak\u00e1zku.jpg 450w, https:\/\/predmetyreklamni.eu\/vyrobce\/wp-content\/uploads\/v\u00e1no\u010dn\u00ed-reklama-v\u00e1no\u010dn\u00ed-kost\u00fdm-santa-na-zak\u00e1zku-160x300.jpg 160w\" sizes=\"(max-width: 173px) 100vw, 173px\" \/><\/a>V\u00e1no\u010dn\u00ed kost\u00fdm Santa m\u016f\u017ee b\u00fdt na zak\u00e1zku pro mu\u017ee, ale i \u017eeny a d\u011bti. Nakupte si kost\u00fdm Santy ve v\u00fdborn\u00e9 kvalit\u011b a za n\u00edzkou cenu. Na v\u00e1no\u010dn\u00ed kost\u00fdm Santa m\u016f\u017eeme na zak\u00e1zku nechat natisknout nebo vy\u0161\u00edt firemn\u00ed logo.<br \/>\nSPECIFIKACE:<br \/>\n1. Design pro v\u00e1no\u010dn\u00ed kost\u00fdm Santa lze p\u0159izp\u016fsobit p\u0159\u00e1n\u00ed z\u00e1kazn\u00edka<br \/>\n2. M\u016f\u017eeme vy\u0161\u00edt nebo natisknout Va\u0161e firemn\u00ed logo p\u0159\u00edmo na kost\u00fdm.<br \/>\n3. V\u00e1no\u010dn\u00ed kost\u00fdm Santa zahrnuje \u010depici s vousy, kutnu a kalhoty.<br \/>\nZaujala V\u00e1s v\u00e1no\u010dn\u00ed reklama v podob\u011b v\u00e1no\u010dn\u00ed kost\u00fdm Santa na zak\u00e1zku?\u00a0<a title=\"Kontaktujte n\u00e1s\" href=\"mailto:info@predmetyreklamni.eu\">Kontaktujte n\u00e1s<\/a>\u00a0pro cenovou nab\u00eddku.<\/p>\n<p>&nbsp;<\/p>\n<p style=\"text-align: justify;\">S na\u0161\u00ed pomoc\u00ed u\u017e nebude v\u00e1no\u010dn\u00ed reklama no\u010dn\u00ed m\u016frou. Pom\u016f\u017eeme V\u00e1m na zak\u00e1zku vyrobit reklamn\u00ed p\u0159edm\u011bty a Va\u0161e origin\u00e1ln\u00ed v\u00e1no\u010dn\u00ed reklama jist\u011b ka\u017ed\u00e9ho pot\u011b\u0161\u00ed. Nechte si vyrobit v\u00e1no\u010dn\u00ed pun\u010dochy, \u010depice nebo t\u0159eba i kost\u00fdm Santy a nechte je opat\u0159it potiskem \u010di v\u00fd\u0161ivkou Va\u0161\u00ed zna\u010dky.<\/p>\n<p style=\"text-align: justify;\">Zaujala V\u00e1s v\u00e1no\u010dn\u00ed reklama na zak\u00e1zku a chcete si j\u00ed nechat vyrobit o obdarovat sv\u00e9 z\u00e1kazn\u00edky \u010di obchodn\u00ed partnery? Kontaktujte n\u00e1s pro cenovou nab\u00eddku na emailu:<a href=\"mailto:info@predmetyreklamni.eu\">\u00a0info@predmetyreklamni.eu<\/a><\/p>\n<p style=\"text-align: justify;\"><strong>Do cenov\u00e9 popt\u00e1vky pros\u00edm uve\u010fte pot\u0159ebn\u00e9 informace pro cenovou nab\u00eddku jako<\/strong>: mno\u017estv\u00ed, materi\u00e1l, tvar, barevn\u00e9 proveden\u00ed nebo kombinaci barev, dobu dod\u00e1n\u00ed. V\u0161echny tyto informace n\u00e1m pomohou k rychlej\u0161\u00edmu zpracov\u00e1n\u00ed cenov\u00e9 nab\u00eddky pr\u00e1v\u011b pro V\u00e1s.<\/p>\n<p style=\"text-align: justify;\">T\u011b\u0161\u00edme se na spolupr\u00e1ci! Team Gifts Service<\/p>\n","protected":false},"excerpt":{"rendered":"<p>V\u00c1NO\u010cN\u00cd REKLAMA NA ZAK\u00c1ZKU V\u00e1no\u010dn\u00ed reklama na zak\u00e1zku V\u00e1no\u010dn\u00ed \u010das je skv\u011bl\u00e1 p\u0159\u00edle\u017eitost, kdy m\u016f\u017ee reklama na zak\u00e1zku Va\u0161\u00ed spole\u010dnosti pomoci ke zviditeln\u011bn\u00ed. \u00a0V\u00e1noce jsou jako stvo\u0159en\u00e9 pro rozd\u00e1v\u00e1n\u00ed reklamn\u00edch p\u0159edm\u011bt\u016f a v\u00e1no\u010dn\u00ed reklama na zak\u00e1zku v podob\u011b v\u00e1no\u010dn\u00edch figurek, &hellip; <a href=\"https:\/\/predmetyreklamni.eu\/vyrobce\/sk\/vanocni-reklama-na-zakazku\/\">Continue reading <span class=\"meta-nav\">&rarr;<\/span><\/a><\/p>\n","protected":false},"author":1,"featured_media":0,"parent":0,"menu_order":20,"comment_status":"closed","ping_status":"open","template":"sidebar-page.php","meta":[],"_links":{"self":[{"href":"https:\/\/predmetyreklamni.eu\/vyrobce\/sk\/wp-json\/wp\/v2\/pages\/899"}],"collection":[{"href":"https:\/\/predmetyreklamni.eu\/vyrobce\/sk\/wp-json\/wp\/v2\/pages"}],"about":[{"href":"https:\/\/predmetyreklamni.eu\/vyrobce\/sk\/wp-json\/wp\/v2\/types\/page"}],"author":[{"embeddable":true,"href":"https:\/\/predmetyreklamni.eu\/vyrobce\/sk\/wp-json\/wp\/v2\/users\/1"}],"replies":[{"embeddable":true,"href":"https:\/\/predmetyreklamni.eu\/vyrobce\/sk\/wp-json\/wp\/v2\/comments?post=899"}],"version-history":[{"count":33,"href":"https:\/\/predmetyreklamni.eu\/vyrobce\/sk\/wp-json\/wp\/v2\/pages\/899\/revisions"}],"predecessor-version":[{"id":931,"href":"https:\/\/predmetyreklamni.eu\/vyrobce\/sk\/wp-json\/wp\/v2\/pages\/899\/revisions\/931"}],"wp:attachment":[{"href":"https:\/\/predmetyreklamni.eu\/vyrobce\/sk\/wp-json\/wp\/v2\/media?parent=899"}],"curies":[{"name":"wp","href":"https:\/\/api.w.org\/{rel}","templated":true}]}}