{"id":1125,"date":"2013-05-08T12:00:24","date_gmt":"2013-05-08T12:00:24","guid":{"rendered":"http:\/\/predmetyreklamni.eu\/vyrobce\/?page_id=1125"},"modified":"2014-03-13T17:55:40","modified_gmt":"2014-03-13T17:55:40","slug":"reflexni-reklama-na-zakazku","status":"publish","type":"page","link":"https:\/\/predmetyreklamni.eu\/vyrobce\/reflexni-reklama-na-zakazku\/","title":{"rendered":"Reflexn\u00ed reklama na zak\u00e1zku"},"content":{"rendered":"<h1 style=\"text-align: justify;\">REFLEXN\u00cd REKLAMA NA ZAK\u00c1ZKU<\/h1>\n<h2 style=\"text-align: justify;\">Reflexn\u00ed reklama na zak\u00e1zku<\/h2>\n<p style=\"text-align: justify;\"><strong>V\u00edtejte na na\u0161ich str\u00e1nk\u00e1ch, kde vl\u00e1dne reflexn\u00ed reklama, kterou V\u00e1m na zak\u00e1zku zhotov\u00edme v jak\u00e9koliv podob\u011b.<\/strong><\/p>\n<p style=\"text-align: justify;\"><a href=\"http:\/\/www.reflexni.eu\/wp-content\/uploads\/2013\/03\/reflexn\u00ed-reklama-na-zak\u00e1zku.jpg\"><img decoding=\"async\" loading=\"lazy\" class=\"alignleft\" title=\"reflexn\u00ed reklama na zak\u00e1zku\" alt=\"reflexn\u00ed reklama na zak\u00e1zku\" src=\"http:\/\/www.reflexni.eu\/wp-content\/uploads\/2013\/03\/reflexn\u00ed-reklama-na-zak\u00e1zku-300x184.jpg\" width=\"300\" height=\"184\" \/><\/a>Reflexn\u00ed reklama na zak\u00e1zku z reflexn\u00edch materi\u00e1l\u016f se vyu\u017e\u00edv\u00e1\u00a0na mnoha m\u00edstech a p\u0159i mnoha p\u0159\u00edle\u017eitostech. V\u0161ichni v\u00edme, jak nebezpe\u010dn\u00fd m\u016f\u017ee b\u00fdt jak\u00fdkoliv pohyb v doprav\u011b, ch\u016fze v noci na silnici. Je proto v podstat\u011b nezbytnost\u00ed se chr\u00e1nit p\u0159ed hrozbami, kter\u00fdm \u010del\u00edme ka\u017ed\u00fd den. V\u017edy\u0165 dopravn\u00ed nehody jsou v \u010cesku jeden z nej\u010dast\u011bj\u0161\u00edch d\u016fvod\u016f \u00famrt\u00ed \u010di zran\u011bn\u00ed! Nejlep\u0161\u00ed cestou jak \u010delit mo\u017en\u00e9mu nebezpe\u010d\u00ed je preventivn\u011b opat\u0159it oble\u010den\u00ed, zavazadla, t\u011blo nebo nap\u0159\u00edklad i kolo reflexn\u00edmi p\u00e1skami, prou\u017eky, p\u0159\u00edv\u011bsky, \u0161\u0148\u016frkami. Dal\u0161\u00ed variantou je pou\u017e\u00edv\u00e1n\u00ed reflexn\u00edho oble\u010den\u00ed jako jsou reflexn\u00ed vesty, reflexn\u00ed bundy \u010di reflexn\u00ed tri\u010dka. Ve\u0161ker\u00e1 tato reflexn\u00ed reklama, kterou V\u00e1m vyrob\u00edme na zak\u00e1zku m\u016f\u017ee chr\u00e1nit V\u00e1s, d\u011bti, zam\u011bstnance, z\u00e1kazn\u00edky p\u0159ed nebezpe\u010d\u00edm.<\/p>\n<div style=\"width: 250px\" class=\"wp-caption alignleft\"><a href=\"http:\/\/www.reflexni.eu\/reflexni-reklamni-predmety\/\" target=\"_blank\"><img decoding=\"async\" loading=\"lazy\" title=\"reflexn\u00ed reklama - reflexn\u00ed reklamn\u00ed p\u0159edm\u011bty na zak\u00e1zku\" alt=\"reflexn\u00ed reklama - reflexn\u00ed reklamn\u00ed p\u0159edm\u011bty na zak\u00e1zku\" src=\"http:\/\/www.reflexni.eu\/wp-content\/uploads\/2013\/03\/reflexn\u00ed-reklama-reflexn\u00ed-reklamn\u00ed-p\u0159edm\u011bty-na-zak\u00e1zku-300x253.jpg\" width=\"240\" height=\"202\" \/><\/a><p class=\"wp-caption-text\">REFLEXN\u00cd DROBNOSTI<\/p><\/div>\n<p style=\"text-align: justify;\">Tento druh reflexn\u00ed reklamy je velice obl\u00edben\u00fd a firmy si na zak\u00e1zku nech\u00e1vaj\u00ed vyr\u00e1b\u011bt reflexn\u00ed reklamn\u00ed p\u0159edm\u011bty jako\u00a0reflexn\u00ed \u0161\u0148\u016frky na krk,\u00a0reflexn\u00ed p\u00e1sky na ruku \u010di t\u011blo, reflexn\u00ed samolepky, reflexn\u00ed odznaky,\u00a0reflexn\u00ed p\u0159\u00edv\u011bsky a kl\u00ed\u010denky, reflexn\u00ed n\u00e1pisy na auto nebo\u00a0reflexn\u00ed upozorn\u011bn\u00ed.\u00a0Reflexn\u00ed reklama a reflexn\u00ed reklamn\u00ed p\u0159edm\u011bty mohou b\u00fdt na zak\u00e1zku jak\u00e9hokoliv tvaru a velikosti a samoz\u0159ejm\u011b mohou b\u00fdt opat\u0159eny logem \u010di sloganem firmy.<br \/>\n<a title=\"Reflexn\u00ed reklamn\u00ed p\u0159edm\u011bty\" href=\"http:\/\/www.reflexni.eu\/reflexni-reklamni-predmety\/\" target=\"_blank\">V\u00cdCE INFORMAC\u00cd ZDE\u00a0<\/a><\/p>\n<h2 style=\"text-align: justify;\"><a title=\"Reflexn\u00ed reklama - reflexn\u00ed tri\u010dka na zak\u00e1zku\" href=\"http:\/\/www.reflexni.eu\/reklamni-reflexni-tricka-na-zakazku\/\" target=\"_blank\">Reflexn\u00ed reklama &#8211; reflexn\u00ed tri\u010dka na zak\u00e1zku<\/a><\/h2>\n<div style=\"width: 250px\" class=\"wp-caption alignleft\"><a href=\"http:\/\/www.reflexni.eu\/reklamni-reflexni-tricka-na-zakazku\/\" target=\"_blank\"><img decoding=\"async\" loading=\"lazy\" title=\"reflexn\u00ed reklama - reflexn\u00ed reklamn\u00ed tri\u010dka na zak\u00e1zku\" alt=\"reflexn\u00ed reklama - reflexn\u00ed reklamn\u00ed tri\u010dka na zak\u00e1zku\" src=\"http:\/\/www.reflexni.eu\/wp-content\/uploads\/2013\/03\/reflexn\u00ed-reklama-reflexn\u00ed-reklamn\u00ed-tri\u010dka-na-zak\u00e1zku-300x300.jpg\" width=\"240\" height=\"240\" \/><\/a><p class=\"wp-caption-text\">REFLEXN\u00cd TRI\u010cKA<\/p><\/div>\n<p style=\"text-align: justify;\">Reflexn\u00ed tri\u010dka jsou velice praktick\u00e1 a nav\u00edc zvy\u0161uj\u00ed bezpe\u010dnost lid\u00ed, kte\u0159\u00ed ho maj\u00ed na sob\u011b. Reflexn\u00ed reklama v podob\u011b reflexn\u00ed tri\u010dka mohou b\u00fdt na zak\u00e1zku v jak\u00e9koliv barv\u011b a jsou dostupn\u00e9 v mnoha velikostech. Nav\u00edc m\u016f\u017eete reflexn\u00ed tri\u010dka na zak\u00e1zku opat\u0159it potiskem. Reflexn\u00ed tri\u010dka mohou b\u00fdt na zak\u00e1zku opat\u0159eny r\u016fzn\u00fdmi reflexn\u00edmi prvky jako p\u00e1sky nebo jin\u00e9 tvary.<br \/>\n<a title=\"Reflexn\u00ed tri\u010dka na zak\u00e1zku\" href=\"http:\/\/www.reflexni.eu\/reklamni-reflexni-tricka-na-zakazku\/\" target=\"_blank\">V\u00cdCE INFORMAC\u00cd ZDE\u00a0<\/a><\/p>\n<h2 style=\"text-align: justify;\"><a title=\"Reflexn\u00ed reklama - reflexn\u00ed bezpe\u010dnostn\u00ed vesty na zak\u00e1zku\" href=\"http:\/\/www.reflexni.eu\/bezpecnostni-a-reflexni-vesty-na-zakazku\/\" target=\"_blank\">Reflexn\u00ed reklama &#8211; reflexn\u00ed vesty na zak\u00e1zku<\/a><\/h2>\n<div style=\"width: 250px\" class=\"wp-caption alignleft\"><a href=\"http:\/\/www.reflexni.eu\/bezpecnostni-a-reflexni-vesty-na-zakazku\/\" target=\"_blank\"><img decoding=\"async\" loading=\"lazy\" title=\"reflexn\u00ed reklama - reflexn\u00ed vesty na zak\u00e1zku\" alt=\"reflexn\u00ed reklama - reflexn\u00ed vesty na zak\u00e1zku\" src=\"http:\/\/www.reflexni.eu\/wp-content\/uploads\/2013\/03\/reflexn\u00ed-reklama-reflexn\u00ed-vesty-na-zak\u00e1zku-300x300.jpg\" width=\"240\" height=\"240\" \/><\/a><p class=\"wp-caption-text\">REFLEXN\u00cd VESTY<\/p><\/div>\n<p style=\"text-align: justify;\">Nejjednodu\u0161\u0161\u00ed a proto nejpou\u017e\u00edvan\u011bj\u0161\u00ed reflexn\u00ed reklama jsou bezpe\u010dnostn\u00ed reflexn\u00ed vesty. Reflexn\u00ed vesty vyu\u017eij\u00ed \u0159idi\u010di, cyklist\u00e9, motorist\u00e9, chodci nebo i zam\u011bstnanci. Pomoc\u00ed reflexn\u00ed vesty chr\u00e1n\u00edte sebe i okol\u00ed. Reflexn\u00ed vesty mohou b\u00fdt na zak\u00e1zku v r\u016fzn\u00fdch barv\u00e1ch, stylech a velikostech. Na zak\u00e1zku mohou b\u00fdt opat\u0159eny r\u016fzn\u00fdmi reflexn\u00edmi prvky. Bezpochyby m\u016f\u017eete reflexn\u00ed vesty nechat na zak\u00e1zku opa\u0159it potiskem.<br \/>\n<a title=\"Reflexn\u00ed reklama - reflexn\u00ed bezpe\u010dnostn\u00ed vesty na zak\u00e1zku\" href=\"http:\/\/www.reflexni.eu\/bezpecnostni-a-reflexni-vesty-na-zakazku\/\" target=\"_blank\">V\u00cdCE INFORMAC\u00cd ZDE<\/a><\/p>\n<h2 style=\"text-align: justify;\"><a title=\"Reflexn\u00ed reklama - reflexn\u00ed bundy na zak\u00e1zku\" href=\"http:\/\/www.reflexni.eu\/reflexni-bundy\/\" target=\"_blank\">Reflexn\u00ed reklama &#8211; reflexn\u00ed bundy na zak\u00e1zku<\/a><\/h2>\n<div style=\"width: 250px\" class=\"wp-caption alignleft\"><a href=\"http:\/\/www.reflexni.eu\/reflexni-bundy\/\" target=\"_blank\"><img decoding=\"async\" loading=\"lazy\" title=\"reflexn\u00ed reklama - reflexn\u00ed bundy na zak\u00e1zku\" alt=\"reflexn\u00ed reklama - reflexn\u00ed bundy na zak\u00e1zku\" src=\"http:\/\/www.reflexni.eu\/wp-content\/uploads\/2013\/03\/reflexn\u00ed-reklama-reflexn\u00ed-bundy-na-zak\u00e1zku-300x300.jpg\" width=\"240\" height=\"240\" \/><\/a><p class=\"wp-caption-text\">REFLEXN\u00cd BUNDY<\/p><\/div>\n<p style=\"text-align: justify;\">Pomoc\u00ed reflexn\u00edch od\u011bv\u016f nap\u0159\u00edklad reflexn\u00ed bundy na zak\u00e1zku budete chr\u00e1nit Va\u0161e zam\u011bstnance i sebe p\u0159ed riziky a pracovn\u00edmi \u00farazy. Na zak\u00e1zku V\u00e1m vyrob\u00edme reflexn\u00ed bundy, kter\u00e9 nab\u00edz\u00edme v r\u016fzn\u00fdch typech, velikostech a barv\u00e1ch. Reflexn\u00ed bundy na zak\u00e1zku mohou b\u00fdt poti\u0161t\u011bny logem, n\u00e1zvem firmy, co\u017e je z\u00e1rove\u0148 reklama pro Va\u0161\u00ed firmu.<br \/>\n<a title=\"Reflexn\u00ed reklama - reflexn\u00ed bundy na zak\u00e1zku\" href=\"http:\/\/www.reflexni.eu\/reflexni-bundy\/\" target=\"_blank\">V\u00cdCE INFORMAC\u00cd ZDE<\/a><\/p>\n<p style=\"text-align: justify;\">Reflexn\u00ed reklama na zak\u00e1zku V\u00e1m pom\u016f\u017ee chr\u00e1nit sebe i sv\u00e9 okol\u00ed a vy s jej\u00ed pomoc\u00ed aktivn\u011b sni\u017eujete riziko jak\u00e9koliv nehody. S pomoc\u00ed p\u0159edm\u011bt\u016f z oblasti reflexn\u00ed reklama budete vid\u011bt a stanete se nep\u0159ehl\u00e9dnuteln\u00fdmi pro ostatn\u00ed \u00fa\u010dastn\u00edky silni\u010dn\u00edho provozu. Zajist\u011bte bezpe\u010d\u00ed V\u00e1s, Va\u0161ich d\u011bt\u00ed, zam\u011bstnanc\u016f, z\u00e1kazn\u00edk\u016f a v\u011bnujte u\u017eite\u010dn\u00e9 reklamn\u00ed p\u0159edm\u011bty, kter\u00e9 nav\u00edc \u0159\u00edkaj\u00ed, jak si obdarovan\u00fdch v\u00e1\u017e\u00edte. Reflexn\u00ed reklama na zak\u00e1zku je u\u017eite\u010dn\u00fd reklamn\u00ed p\u0159edm\u011bt.<\/p>\n<p style=\"text-align: justify;\"><a href=\"http:\/\/www.reflexni.eu\/wp-content\/uploads\/2013\/03\/reflexn\u00ed-reklama-p\u0159\u00edv\u011bsky-na-zak\u00e1zku.jpg\"><img decoding=\"async\" loading=\"lazy\" class=\"alignleft\" title=\"reflexn\u00ed reklama p\u0159\u00edv\u011bsky na zak\u00e1zku\" alt=\"reflexn\u00ed reklama p\u0159\u00edv\u011bsky na zak\u00e1zku\" src=\"http:\/\/www.reflexni.eu\/wp-content\/uploads\/2013\/03\/reflexn\u00ed-reklama-p\u0159\u00edv\u011bsky-na-zak\u00e1zku-300x225.jpg\" width=\"300\" height=\"225\" \/><\/a><\/p>\n<p style=\"text-align: justify;\">N\u00ed\u017ee V\u00e1m p\u0159edstav\u00edme mo\u017enosti jak\u00e9 nab\u00edz\u00ed reflexn\u00ed reklama na zak\u00e1zku. Existuje cel\u00e1 \u0159ada reflexn\u00edch reklamn\u00edch p\u0159edm\u011bt\u016f, kter\u00fdmi m\u016f\u017eete obdarovat sv\u00e9 z\u00e1kazn\u00edky nebo si prost\u011b nechat na zak\u00e1zku vyrobit reflexn\u00ed oble\u010den\u00ed pro sv\u00e9 zam\u011bstnance, kte\u0159\u00ed pracuj\u00ed v doprav\u011b, na stavb\u011b nebo na m\u00edstech se sn\u00ed\u017eenou viditelnosti.<\/p>\n<p style=\"text-align: justify;\">Zaujala V\u00e1s na\u0161e reflexn\u00ed reklama a chcete si nechat na zak\u00e1zku vyrobit reflexn\u00ed reklamn\u00ed p\u0159edm\u011bty p\u0159\u00edmo od v\u00fdrobce o obdarovat sv\u00e9 z\u00e1kazn\u00edky \u010di obchodn\u00ed partnery? Kontaktujte n\u00e1s pro cenovou nab\u00eddku na emailu:<a href=\"mailto:info@predmetyreklamni.eu\">\u00a0info@predmetyreklamni.eu<\/a><\/p>\n<p style=\"text-align: justify;\">T\u011b\u0161\u00edme se na spolupr\u00e1ci! Team Gifts Service<\/p>\n","protected":false},"excerpt":{"rendered":"<p>REFLEXN\u00cd REKLAMA NA ZAK\u00c1ZKU Reflexn\u00ed reklama na zak\u00e1zku V\u00edtejte na na\u0161ich str\u00e1nk\u00e1ch, kde vl\u00e1dne reflexn\u00ed reklama, kterou V\u00e1m na zak\u00e1zku zhotov\u00edme v jak\u00e9koliv podob\u011b. Reflexn\u00ed reklama na zak\u00e1zku z reflexn\u00edch materi\u00e1l\u016f se vyu\u017e\u00edv\u00e1\u00a0na mnoha m\u00edstech a p\u0159i mnoha p\u0159\u00edle\u017eitostech. V\u0161ichni &hellip; <a href=\"https:\/\/predmetyreklamni.eu\/vyrobce\/reflexni-reklama-na-zakazku\/\">Continue reading <span class=\"meta-nav\">&rarr;<\/span><\/a><\/p>\n","protected":false},"author":1,"featured_media":0,"parent":0,"menu_order":25,"comment_status":"closed","ping_status":"open","template":"sidebar-page.php","meta":[],"_links":{"self":[{"href":"https:\/\/predmetyreklamni.eu\/vyrobce\/wp-json\/wp\/v2\/pages\/1125"}],"collection":[{"href":"https:\/\/predmetyreklamni.eu\/vyrobce\/wp-json\/wp\/v2\/pages"}],"about":[{"href":"https:\/\/predmetyreklamni.eu\/vyrobce\/wp-json\/wp\/v2\/types\/page"}],"author":[{"embeddable":true,"href":"https:\/\/predmetyreklamni.eu\/vyrobce\/wp-json\/wp\/v2\/users\/1"}],"replies":[{"embeddable":true,"href":"https:\/\/predmetyreklamni.eu\/vyrobce\/wp-json\/wp\/v2\/comments?post=1125"}],"version-history":[{"count":7,"href":"https:\/\/predmetyreklamni.eu\/vyrobce\/wp-json\/wp\/v2\/pages\/1125\/revisions"}],"predecessor-version":[{"id":2972,"href":"https:\/\/predmetyreklamni.eu\/vyrobce\/wp-json\/wp\/v2\/pages\/1125\/revisions\/2972"}],"wp:attachment":[{"href":"https:\/\/predmetyreklamni.eu\/vyrobce\/wp-json\/wp\/v2\/media?parent=1125"}],"curies":[{"name":"wp","href":"https:\/\/api.w.org\/{rel}","templated":true}]}}