{"id":1133,"date":"2013-06-24T18:15:21","date_gmt":"2013-06-24T18:15:21","guid":{"rendered":"http:\/\/predmetyreklamni.eu\/vyrobce\/?page_id=1133"},"modified":"2020-04-21T06:04:15","modified_gmt":"2020-04-21T06:04:15","slug":"reklamni-plovouci-klicenky-na-zakazku","status":"publish","type":"page","link":"https:\/\/predmetyreklamni.eu\/vyrobce\/reklamni-plovouci-klicenky-na-zakazku\/","title":{"rendered":"Reklamn\u00ed plovouc\u00ed kl\u00ed\u010denky na zak\u00e1zku"},"content":{"rendered":"<h1>REKLAMN\u00cd PLOVOUC\u00cd KL\u00cd\u010cENKY NA ZAK\u00c1ZKU<\/h1>\n<h2>Vyrob\u00edme V\u00e1m na zak\u00e1zku reklamn\u00ed plovouc\u00ed kl\u00ed\u010denky<\/h2>\n<p style=\"text-align: justify;\">Reklamn\u00ed plovouc\u00ed kl\u00ed\u010denky se na zak\u00e1zku vyr\u00e1b\u00ed z materi\u00e1lu EVA, co\u017e je vysoce kvalitn\u00ed <a href=\"http:\/\/predmetyreklamni.eu\/vyrobce\/wp-content\/uploads\/promotional-floating-keychains-pendant.jpg\"><img decoding=\"async\" loading=\"lazy\" class=\"alignleft size-medium wp-image-1154\" title=\"Reklamn\u00ed plovouc\u00ed kl\u00ed\u010denky na zak\u00e1zku\" alt=\"Reklamn\u00ed plovouc\u00ed kl\u00ed\u010denky na zak\u00e1zku\" src=\"http:\/\/predmetyreklamni.eu\/vyrobce\/wp-content\/uploads\/promotional-floating-keychains-pendant-300x292.jpg\" width=\"300\" height=\"292\" srcset=\"https:\/\/predmetyreklamni.eu\/vyrobce\/wp-content\/uploads\/promotional-floating-keychains-pendant-300x292.jpg 300w, https:\/\/predmetyreklamni.eu\/vyrobce\/wp-content\/uploads\/promotional-floating-keychains-pendant-307x300.jpg 307w, https:\/\/predmetyreklamni.eu\/vyrobce\/wp-content\/uploads\/promotional-floating-keychains-pendant.jpg 400w\" sizes=\"(max-width: 300px) 100vw, 300px\" \/><\/a>guma, kter\u00e1 se vyzna\u010duje velice dobrou pru\u017enost\u00ed a\u017e do -50 \u2103. Tento materi\u00e1l\u00a0EVA je \u0161iroce vyu\u017e\u00edv\u00e1n p\u0159i v\u00fdrob\u011b plovouc\u00edch reklamn\u00edch p\u0159edm\u011bt\u016f. Je velice flexibiln\u00ed, m\u00e1 dobrou transparentnost, povrchov\u00fd lesk, chemickou st\u00e1lost, trvanlivost a hlavn\u011b je netoxick\u00fd. Reklamn\u00ed plovouc\u00ed kl\u00ed\u010denky jsou na zak\u00e1zku z tohoto materi\u00e1lu EVA vyr\u00e1b\u011bny tak\u00e9 proto, \u017ee materi\u00e1l je v\u00fdrobn\u011b tvarovateln\u00fd a m\u00e1 plnou st\u00e1lou barvu.<\/p>\n<p style=\"text-align: justify;\"><div class=\"aio-button-right\"><div class=\"aio-pulse\"><a href=\"http:\/\/predmetyreklamni.eu\/vyrobce\/eva-privesky-na-zakazku\/\" class=\"aio-blue\" title=\"PLOVOUC\u00cd KL\u00cd\u010cENKY NAB\u00cdDKA &gt;&gt;&gt;\">PLOVOUC\u00cd KL\u00cd\u010cENKY NAB\u00cdDKA &gt;&gt;&gt;<\/a><\/div><\/div><\/p>\n<p style=\"text-align: justify;\">Projd\u011bte si na\u0161\u00ed <a title=\"Reklamn\u00ed plovouc\u00ed kl\u00ed\u010denky nab\u00eddka na zak\u00e1zku\" href=\"http:\/\/predmetyreklamni.eu\/vyrobce\/reklamni-plovouci-klicenky-na-zakazku\/eva-privesky-na-zakazku\/\" target=\"_blank\">nab\u00eddku <\/a>a nechte si na zak\u00e1zku vyrobit firemn\u00ed reklamn\u00ed plovouc\u00ed kl\u00ed\u010denky, kter\u00fdmi obdarujete sv\u00e9 z\u00e1kazn\u00edky \u010di obchodn\u00ed partnery. Reklamn\u00ed plovouc\u00ed kl\u00ed\u010denky jsou skv\u011bl\u00e9 jak\u00e9 p\u0159\u00edv\u011bsek na kl\u00ed\u010de a nav\u00edc se d\u00edky plovouc\u00ed kl\u00ed\u010dence stanou kl\u00ed\u010de neutopiteln\u00e9. Reklamn\u00ed plovouc\u00ed kl\u00ed\u010denky lze vyrobit v jak\u00e9mkoliv tvaru, velikosti a barv\u011b nebo s potiskem a mohou proto b\u00fdt ve tvaru loga, zna\u010dky, erbu m\u011bsta&#8230;Origin\u00e1ln\u00ed a praktick\u00e9 reklamn\u00ed plovouc\u00ed kl\u00ed\u010denky budou propagovat Va\u0161i firmu, m\u011bsto, spole\u010dnost, hotel za V\u00e1s. Obdarujte z\u00e1kazn\u00edky kone\u010dn\u011b u\u017eite\u010dn\u00fdm a origin\u00e1ln\u00edm reklamn\u00edch p\u0159edm\u011btem &#8211; plovouc\u00ed reklamn\u00ed kl\u00ed\u010denky, kter\u00e9 pro V\u00e1s na zak\u00e1zku vyrob\u00edme, jsou jist\u011b skv\u011blou volbou. V\u017edy\u0165 kdo dnes nevlastn\u00ed alespo\u0148 mal\u00fd svazek kl\u00ed\u010d\u016f.<\/p>\n<h2>Plovouc\u00ed kl\u00ed\u010denky na zak\u00e1zku jako reklamn\u00ed p\u0159edm\u011bt<\/h2>\n<p style=\"text-align: justify;\">Plovouc\u00ed kl\u00ed\u010denky na zak\u00e1zku jsou perfektn\u00ed reklamn\u00ed p\u0159edm\u011bt, kter\u00fd bude skv\u011ble propagovat Va\u0161i firmu. Plovouc\u00ed kl\u00ed\u010denky asi nejv\u00edce ocen\u00ed spole\u010dnosti a firmy jejich\u017e obor se to\u010d\u00ed kolem vody. Reklamn\u00ed plovouc\u00ed kl\u00ed\u010denky jsou ide\u00e1ln\u00ed prost\u0159edek reklamy pro dealery jachet, vodn\u00edch sk\u00fatr\u016f, prodejce lod\u00ed \u010di jejich p\u016fj\u010dovny. Dal\u0161\u00ed uplatn\u011bn\u00ed najdou plovouc\u00ed kl\u00ed\u010denky v oblasti turismu nap\u0159\u00edklad jako p\u0159\u00edv\u011bsek na hotelov\u00e9 kl\u00ed\u010de. Reklamn\u00ed plovouc\u00ed kl\u00ed\u010denky maj\u00ed opravdu \u0161irok\u00e9 uplatn\u011bn\u00ed a d\u00edky nim m\u016f\u017eete vkusn\u011b propagovat sv\u00e9 podnik\u00e1n\u00ed.<\/p>\n<p style=\"text-align: justify;\">Reklamn\u00ed plovouc\u00ed kl\u00ed\u010denky vyroben\u00e9 na zak\u00e1zku daj\u00ed origin\u00e1ln\u00ed vzhled ka\u017ed\u00e9mu svazku kl\u00ed\u010d\u016f, a to p\u0159edev\u0161\u00edm d\u00edky tomu, \u017ee mohou b\u00fdt ve tvaru Va\u0161eho loga \u010di zna\u010dky, nech\u00e1te si tak na zak\u00e1zku vyrobit origin\u00e1ln\u00ed reklamn\u00ed plovouc\u00ed kl\u00ed\u010denky, kter\u00e9 budou propagovat jen V\u00e1s a Vy tak z\u00edsk\u00e1te unik\u00e1tn\u00ed reklamn\u00ed p\u0159edm\u011bt, kter\u00fd zajist\u00e9 oslov\u00ed c\u00edlov\u00fd segment.<\/p>\n<h2><a href=\"http:\/\/predmetyreklamni.eu\/vyrobce\/wp-content\/uploads\/GS-FK004.jpg\"><img decoding=\"async\" loading=\"lazy\" class=\"alignleft size-medium wp-image-1163\" title=\"Reklamn\u00ed plovouc\u00ed kl\u00ed\u010denky s potiskem na zak\u00e1zku\" alt=\"Reklamn\u00ed plovouc\u00ed kl\u00ed\u010denky s potiskem na zak\u00e1zku\" src=\"http:\/\/predmetyreklamni.eu\/vyrobce\/wp-content\/uploads\/GS-FK004-220x300.jpg\" width=\"220\" height=\"300\" srcset=\"https:\/\/predmetyreklamni.eu\/vyrobce\/wp-content\/uploads\/GS-FK004-220x300.jpg 220w, https:\/\/predmetyreklamni.eu\/vyrobce\/wp-content\/uploads\/GS-FK004.jpg 404w\" sizes=\"(max-width: 220px) 100vw, 220px\" \/><\/a>Reklamn\u00ed plovouc\u00ed kl\u00ed\u010denky na zak\u00e1zku s potiskem<\/h2>\n<p style=\"text-align: justify;\">Reklamn\u00ed plovouc\u00ed kl\u00ed\u010denky mohou b\u00fdt na zak\u00e1zku opat\u0159eny potiskem jedn\u00e9 \u010di v\u00edce barev. Pro potisk reklamn\u00ed plovouc\u00ed kl\u00ed\u010denky se vyu\u017e\u00edv\u00e1 metoda s\u00edtotisk. Materi\u00e1l EVA m\u00e1 v\u00fdborn\u00e9 vlastnosti pro potisk a proto maj\u00ed reklamn\u00ed kl\u00ed\u010denky pln\u00e9 a jasn\u00e9 barvy. Reklamn\u00ed kl\u00ed\u010denky lze na zak\u00e1zku vyrobit a opat\u0159it potiskem v jak\u00e9koliv Pantone barv\u011b. Uveden\u00e9 ceny zahrnuj\u00ed potisk jednou barvou a potisk ka\u017edou barvou nav\u00edc sebou nese dal\u0161\u00ed n\u00e1klady na tisk.<\/p>\n<h2>Reklamn\u00ed plovouc\u00ed kl\u00ed\u010denky ve tvarech na zak\u00e1zku<\/h2>\n<p style=\"text-align: justify;\">Reklamn\u00ed plovouc\u00ed kl\u00ed\u010denky z materi\u00e1lu EVA na zak\u00e1zku vyrob\u00edme v jak\u00e9mkoliv tvaru, co\u017e je opravdu nespornou v\u00fdhodou oproti ostatn\u00edm reklamn\u00ed p\u0159edm\u011bt\u016fm. Nechat si vytvo\u0159it reklamn\u00ed p\u0159edm\u011bt ve tvaru produktu, zna\u010dky, loga je t\u00edm nejlep\u0161\u00edm zp\u016fsobem propagace. Nev\u00e1hejte proto a kontaktujte n\u00e1s a nechte si vyrobit origin\u00e1ln\u00ed reklamn\u00ed p\u0159edm\u011bt, kter\u00fd oslov\u00ed \u0161irokou skupinu trhu.<\/p>\n<p style=\"text-align: justify;\">Chcete si nechat vyrobit vlastn\u00ed reklamn\u00ed plovouc\u00ed kl\u00ed\u010denky na zak\u00e1zku a s potiskem? Kontaktujte n\u00e1s pro cenovou nab\u00eddku na emailu:<a href=\"mailto:info@predmetyreklamni.eu\">\u00a0info@predmetyreklamni.eu<\/a><\/p>\n<p style=\"text-align: justify;\"><strong>Do cenov\u00e9 popt\u00e1vky pros\u00edm uve\u010fte pot\u0159ebn\u00e9 informace pro cenovou nab\u00eddku jako<\/strong>: mno\u017estv\u00ed, velikost, barevn\u00e9 proveden\u00ed nebo kombinaci barev, dobu dod\u00e1n\u00ed. V\u0161echny tyto informace n\u00e1m pomohou k rychlej\u0161\u00edmu zpracov\u00e1n\u00ed cenov\u00e9 nab\u00eddky pr\u00e1v\u011b pro V\u00e1s.<\/p>\n<p>T\u011b\u0161\u00edme se na spolupr\u00e1ci! Team Gifts Service<\/p>\n","protected":false},"excerpt":{"rendered":"<p>REKLAMN\u00cd PLOVOUC\u00cd KL\u00cd\u010cENKY NA ZAK\u00c1ZKU Vyrob\u00edme V\u00e1m na zak\u00e1zku reklamn\u00ed plovouc\u00ed kl\u00ed\u010denky Reklamn\u00ed plovouc\u00ed kl\u00ed\u010denky se na zak\u00e1zku vyr\u00e1b\u00ed z materi\u00e1lu EVA, co\u017e je vysoce kvalitn\u00ed guma, kter\u00e1 se vyzna\u010duje velice dobrou pru\u017enost\u00ed a\u017e do -50 \u2103. Tento materi\u00e1l\u00a0EVA je &hellip; <a href=\"https:\/\/predmetyreklamni.eu\/vyrobce\/reklamni-plovouci-klicenky-na-zakazku\/\">Continue reading <span class=\"meta-nav\">&rarr;<\/span><\/a><\/p>\n","protected":false},"author":1,"featured_media":0,"parent":0,"menu_order":14,"comment_status":"closed","ping_status":"closed","template":"sidebar-page.php","meta":[],"_links":{"self":[{"href":"https:\/\/predmetyreklamni.eu\/vyrobce\/wp-json\/wp\/v2\/pages\/1133"}],"collection":[{"href":"https:\/\/predmetyreklamni.eu\/vyrobce\/wp-json\/wp\/v2\/pages"}],"about":[{"href":"https:\/\/predmetyreklamni.eu\/vyrobce\/wp-json\/wp\/v2\/types\/page"}],"author":[{"embeddable":true,"href":"https:\/\/predmetyreklamni.eu\/vyrobce\/wp-json\/wp\/v2\/users\/1"}],"replies":[{"embeddable":true,"href":"https:\/\/predmetyreklamni.eu\/vyrobce\/wp-json\/wp\/v2\/comments?post=1133"}],"version-history":[{"count":34,"href":"https:\/\/predmetyreklamni.eu\/vyrobce\/wp-json\/wp\/v2\/pages\/1133\/revisions"}],"predecessor-version":[{"id":4179,"href":"https:\/\/predmetyreklamni.eu\/vyrobce\/wp-json\/wp\/v2\/pages\/1133\/revisions\/4179"}],"wp:attachment":[{"href":"https:\/\/predmetyreklamni.eu\/vyrobce\/wp-json\/wp\/v2\/media?parent=1133"}],"curies":[{"name":"wp","href":"https:\/\/api.w.org\/{rel}","templated":true}]}}