{"id":1141,"date":"2013-06-24T19:14:46","date_gmt":"2013-06-24T19:14:46","guid":{"rendered":"http:\/\/predmetyreklamni.eu\/vyrobce\/?page_id=1141"},"modified":"2020-04-21T06:04:15","modified_gmt":"2020-04-21T06:04:15","slug":"eva-privesky-na-zakazku","status":"publish","type":"page","link":"https:\/\/predmetyreklamni.eu\/vyrobce\/eva-privesky-na-zakazku\/","title":{"rendered":"Reklamn\u00ed EVA p\u0159\u00edv\u011bsky na zak\u00e1zku"},"content":{"rendered":"<h1>REKLAMN\u00cd EVA P\u0158\u00cdV\u011aSKY NA ZAK\u00c1ZKU<\/h1>\n<h2>Reklamn\u00ed EVA p\u0159\u00edv\u011bsky od n\u00e1s na zak\u00e1zku<\/h2>\n<p style=\"text-align: justify;\">EVA p\u0159\u00edv\u011bsky jsou perfektn\u00ed reklamn\u00ed p\u0159edm\u011bt, kter\u00fd bude jedine\u010dn\u011b propagovat Va\u0161\u00ed firmu. D\u00edky p\u0159edm\u011bt reklamn\u00ed EVA p\u0159\u00edv\u011bsky z\u00edsk\u00e1te pozornost sv\u00fdch z\u00e1kazn\u00edk\u016f a obchodn\u00edch partner\u016f. Reklamn\u00ed EVA p\u0159\u00edv\u011bsky na zak\u00e1zku nejsou n\u00e1kladn\u00fdm reklamn\u00edm p\u0159edm\u011btem, kter\u00fd pot\u011b\u0161\u00ed ka\u017ed\u00e9ho, proto\u017ee EVA p\u0159\u00edv\u011bsky jsou velice popul\u00e1rn\u00ed. Reklamn\u00ed EVA kl\u00ed\u010denky mohou nav\u00edc na zak\u00e1zku vyrobeny a\u017e v p\u011bti r\u016fznobarevn\u00fdch vrstv\u00e1ch, co\u017e z nich \u010din\u00ed velice p\u016fsobiv\u00fd reklamn\u00ed p\u0159edm\u011bt, kter\u00fd si jist\u011b obdarovan\u00fd s radost\u00ed p\u0159ipne na kl\u00ed\u010de a bude tak d\u011blat origin\u00e1ln\u00ed reklamu Va\u0161\u00ed firm\u011b, zna\u010dce, hotelu, m\u011bstu.<\/p>\n<h2>Reklamn\u00ed EVA p\u0159\u00edv\u011bsky na zak\u00e1zku nab\u00eddka<\/h2>\n<p style=\"text-align: justify;\"><a href=\"http:\/\/predmetyreklamni.eu\/vyrobce\/wp-content\/uploads\/advertising-eva-keychains-pendant.jpg\"><img decoding=\"async\" loading=\"lazy\" class=\"alignleft size-medium wp-image-1193\" title=\"Reklamn\u00ed EVA p\u0159\u00edv\u011bsky na zak\u00e1zku\" alt=\"Reklamn\u00ed EVA p\u0159\u00edv\u011bsky na zak\u00e1zku\" src=\"http:\/\/predmetyreklamni.eu\/vyrobce\/wp-content\/uploads\/advertising-eva-keychains-pendant-300x225.jpg\" width=\"300\" height=\"225\" srcset=\"https:\/\/predmetyreklamni.eu\/vyrobce\/wp-content\/uploads\/advertising-eva-keychains-pendant-300x225.jpg 300w, https:\/\/predmetyreklamni.eu\/vyrobce\/wp-content\/uploads\/advertising-eva-keychains-pendant.jpg 400w\" sizes=\"(max-width: 300px) 100vw, 300px\" \/><\/a>N\u00ed\u017ee V\u00e1m p\u0159edstav\u00edme v\u00fdb\u011br z na\u0161ich realizac\u00ed p\u0159edm\u011btu EVA p\u0159\u00edv\u011bsky, kter\u00e9 si u n\u00e1s z\u00e1kazn\u00edci nechali na zak\u00e1zku vyrobit. P\u0159edstavovan\u00e9 vzorky jsou pouze uk\u00e1zkov\u00e9 a samoz\u0159ejm\u011b pokud m\u00e1te jinou p\u0159edstavu, jak by m\u011bly vypadat pr\u00e1v\u011b ty Va\u0161e reklamn\u00ed EVA p\u0159\u00edv\u011bsky, nev\u00e1hejte n\u00e1s kontaktovat. Reklamn\u00ed EVA p\u0159\u00edv\u011bsky V\u00e1m na zak\u00e1zku vyrob\u00edme v jak\u00e9koliv barv\u011b, tvaru, velikost a opat\u0159\u00edme potiskem loga firmy, sloganem \u010di produktem, tak aby EVA p\u0159\u00edv\u011bsky splnily \u00fa\u010del, pro kter\u00fd jsou vyrobeny.<\/p>\n<p style=\"text-align: justify;\"><strong>Garantujeme n\u00edzk\u00e9 ceny a mno\u017estevn\u00ed slevy. <a title=\"Kontaktuje n\u00e1s\" href=\"mailto:info@predmetyreklamni.eu\">Kontaktujte n\u00e1s<\/a> pro cenovou nab\u00eddku.<\/strong><\/p>\n<h2 style=\"text-align: justify;\">Reklamn\u00ed EVA p\u0159\u00edv\u011bsky s potiskem na zak\u00e1zku<\/h2>\n<p><a href=\"http:\/\/predmetyreklamni.eu\/vyrobce\/wp-content\/uploads\/GS-FK001.jpg\"><img decoding=\"async\" loading=\"lazy\" class=\"alignleft  wp-image-1187\" title=\"Reklamn\u00ed EVA p\u0159\u00edv\u011bsky na zak\u00e1zku s potiskem\" alt=\"Reklamn\u00ed EVA p\u0159\u00edv\u011bsky na zak\u00e1zku s potiskem\" src=\"http:\/\/predmetyreklamni.eu\/vyrobce\/wp-content\/uploads\/GS-FK001-300x278.jpg\" width=\"240\" height=\"222\" srcset=\"https:\/\/predmetyreklamni.eu\/vyrobce\/wp-content\/uploads\/GS-FK001-300x278.jpg 300w, https:\/\/predmetyreklamni.eu\/vyrobce\/wp-content\/uploads\/GS-FK001-323x300.jpg 323w, https:\/\/predmetyreklamni.eu\/vyrobce\/wp-content\/uploads\/GS-FK001.jpg 600w\" sizes=\"(max-width: 240px) 100vw, 240px\" \/><\/a>Reklamn\u00ed EVA p\u0159\u00edv\u011bsky opat\u0159\u00edme jak\u00fdmkoliv potiskem a na zak\u00e1zku vyrob\u00edme v jak\u00e9mkoliv tvaru. Reklamn\u00ed EVA p\u0159\u00edv\u011bsky s potiskem jsou nen\u00e1kladn\u00fdm reklamn\u00edch p\u0159edm\u011btem na zak\u00e1zku, kter\u00fd je nav\u00edc origin\u00e1lem.<br \/>\n<strong style=\"text-align: justify;\">Rozm\u011bry<\/strong><span style=\"text-align: justify;\">: \u0161\u00ed\u0159ka 9mm, nebo na zak\u00e1zku<br \/>\n<\/span><strong style=\"text-align: justify;\">Polo\u017eka \u010d.:\u00a0<\/strong><span style=\"text-align: justify;\">GS-FK001<br \/>\n<\/span><strong style=\"text-align: justify;\">Materi\u00e1l<\/strong><span style=\"text-align: justify;\">: EVA<br \/>\n<\/span><strong style=\"text-align: justify;\">Potisk<\/strong><span style=\"text-align: justify;\">: s\u00edtotisk<br \/>\n<\/span><strong style=\"text-align: justify;\">Min. objedn\u00e1vka:<\/strong><span style=\"text-align: justify;\"> 1000 ks<br \/>\n<\/span><strong style=\"text-align: justify;\">Cena<\/strong><span style=\"text-align: justify;\">:\u00a0<\/span><a style=\"text-align: justify;\" title=\"ZASLAT POPT\u00c1VKU\" href=\"mailto:info@predmetyreklamni.eu\">ZASLAT POPT\u00c1VKU\u00a0<\/a><\/p>\n<h2 style=\"text-align: justify;\">Reklamn\u00ed EVA p\u0159\u00edv\u011bsky na zak\u00e1zku s logem<\/h2>\n<p><a href=\"http:\/\/predmetyreklamni.eu\/vyrobce\/wp-content\/uploads\/GS-FK002.jpg\"><img decoding=\"async\" loading=\"lazy\" class=\"alignleft  wp-image-1189\" title=\"Reklamn\u00ed EVA p\u0159\u00edv\u011bsky na zak\u00e1zku s logem\" alt=\"Reklamn\u00ed EVA p\u0159\u00edv\u011bsky na zak\u00e1zku s logem\" src=\"http:\/\/predmetyreklamni.eu\/vyrobce\/wp-content\/uploads\/GS-FK002-300x225.jpg\" width=\"240\" height=\"180\" srcset=\"https:\/\/predmetyreklamni.eu\/vyrobce\/wp-content\/uploads\/GS-FK002-300x225.jpg 300w, https:\/\/predmetyreklamni.eu\/vyrobce\/wp-content\/uploads\/GS-FK002-400x300.jpg 400w, https:\/\/predmetyreklamni.eu\/vyrobce\/wp-content\/uploads\/GS-FK002.jpg 600w\" sizes=\"(max-width: 240px) 100vw, 240px\" \/><\/a>Reklamn\u00ed p\u0159\u00edv\u011bsky z materi\u00e1lu EVA jsou velice p\u016fsobiv\u00fdm reklamn\u00edch p\u0159edm\u011btem, kter\u00fd nen\u00ed n\u00e1kladn\u00fd. Nav\u00edc reklamn\u00ed EVA p\u0159\u00edv\u011bsky m\u016f\u017eete na zak\u00e1zku nechat opat\u0159it logem firmy a propagovat tak sv\u016fj byznys.<br \/>\n<strong style=\"text-align: justify;\">Rozm\u011bry<\/strong><span style=\"text-align: justify;\">: \u0161\u00ed\u0159ka 9mm, nebo na zak\u00e1zku<br \/>\n<\/span><strong style=\"text-align: justify;\">Polo\u017eka \u010d.:\u00a0<\/strong><span style=\"text-align: justify;\">GS-FK002<br \/>\n<\/span><strong style=\"text-align: justify;\">Materi\u00e1l<\/strong><span style=\"text-align: justify;\">: EVA<br \/>\n<\/span><strong style=\"text-align: justify;\">Potisk<\/strong><span style=\"text-align: justify;\">: s\u00edtotisk<br \/>\n<\/span><strong style=\"text-align: justify;\">Min. objedn\u00e1vka:<\/strong><span style=\"text-align: justify;\">\u00a01000 ks<br \/>\n<\/span><strong style=\"text-align: justify;\">Cena<\/strong><span style=\"text-align: justify;\">:\u00a0<\/span><a style=\"text-align: justify;\" title=\"ZASLAT POPT\u00c1VKU\" href=\"mailto:info@predmetyreklamni.eu\">ZASLAT POPT\u00c1VKU\u00a0<\/a><\/p>\n<h2 style=\"text-align: justify;\">Poti\u0161t\u011bn\u00e9 reklamn\u00ed EVA p\u0159\u00edv\u011bsky na zak\u00e1zku<\/h2>\n<p style=\"text-align: justify;\"><a href=\"http:\/\/predmetyreklamni.eu\/vyrobce\/wp-content\/uploads\/GS-FK003.jpg\"><img decoding=\"async\" loading=\"lazy\" class=\"alignleft  wp-image-1191\" title=\"Poti\u0161t\u011bn\u00e9 reklamn\u00ed EVA p\u0159\u00edv\u011bsky na zak\u00e1zku\" alt=\"Poti\u0161t\u011bn\u00e9 reklamn\u00ed EVA p\u0159\u00edv\u011bsky na zak\u00e1zku\" src=\"http:\/\/predmetyreklamni.eu\/vyrobce\/wp-content\/uploads\/GS-FK003-300x294.jpg\" width=\"240\" height=\"235\" srcset=\"https:\/\/predmetyreklamni.eu\/vyrobce\/wp-content\/uploads\/GS-FK003-300x294.jpg 300w, https:\/\/predmetyreklamni.eu\/vyrobce\/wp-content\/uploads\/GS-FK003-305x300.jpg 305w, https:\/\/predmetyreklamni.eu\/vyrobce\/wp-content\/uploads\/GS-FK003.jpg 550w\" sizes=\"(max-width: 240px) 100vw, 240px\" \/><\/a>Poti\u0161t\u011bn\u00e9 reklamn\u00ed p\u0159\u00edv\u011bsky z plovouc\u00edho materi\u00e1lu EVA pro jsou origin\u00e1ln\u00ed reklamn\u00ed p\u0159edm\u011bt, kter\u00fd m\u016f\u017ee b\u00fdt poti\u0161t\u011bn a\u017e \u010dty\u0159mi barvami. EVA p\u0159\u00edv\u011bsky vyrob\u00edme na zak\u00e1zku nap\u0159\u00edklad ve tvaru produktu. Z\u00e1le\u017e\u00ed jen na Va\u0161\u00ed fantazii.<br \/>\n<strong>Rozm\u011bry<\/strong>: \u0161\u00ed\u0159ka 9mm, nebo na zak\u00e1zku<br \/>\n<strong>Polo\u017eka \u010d.:\u00a0<\/strong>GS-FK003<br \/>\n<strong>Materi\u00e1l<\/strong>: EVA<br \/>\n<strong>Potisk<\/strong>: s\u00edtotisk<br \/>\n<strong>Min. objedn\u00e1vka:<\/strong>\u00a01000 ks<br \/>\n<strong>Cena<\/strong>:\u00a0<a title=\"ZASLAT POPT\u00c1VKU\" href=\"mailto:info@predmetyreklamni.eu\">ZASLAT POPT\u00c1VKU\u00a0<\/a><\/p>\n<h2 style=\"text-align: justify;\">Reklamn\u00ed EVA p\u0159\u00edv\u011bsky na zak\u00e1zku s brandingem<\/h2>\n<p style=\"text-align: justify;\"><a href=\"http:\/\/predmetyreklamni.eu\/vyrobce\/wp-content\/uploads\/GS-FK0041.jpg\"><img decoding=\"async\" loading=\"lazy\" class=\"alignleft size-medium wp-image-1195\" title=\"Reklamn\u00ed EVA p\u0159\u00edv\u011bsky na zak\u00e1zku s brandingem\" alt=\"Reklamn\u00ed EVA p\u0159\u00edv\u011bsky na zak\u00e1zku s brandingem\" src=\"http:\/\/predmetyreklamni.eu\/vyrobce\/wp-content\/uploads\/GS-FK0041-220x300.jpg\" width=\"220\" height=\"300\" srcset=\"https:\/\/predmetyreklamni.eu\/vyrobce\/wp-content\/uploads\/GS-FK0041-220x300.jpg 220w, https:\/\/predmetyreklamni.eu\/vyrobce\/wp-content\/uploads\/GS-FK0041.jpg 404w\" sizes=\"(max-width: 220px) 100vw, 220px\" \/><\/a>Reklamn\u00ed EVA p\u0159\u00edv\u011bsky na zak\u00e1zku opat\u0159\u00edme brandingem dle Va\u0161eho n\u00e1vrhu. Reklamn\u00ed EVA p\u0159\u00edv\u011bsky jsou z naprosto netoxick\u00e9ho materi\u00e1lu, maj\u00ed dlouhou \u017eivotnost, vysokou barevnost a nav\u00edc vypadaj\u00ed skv\u011ble. Reklamn\u00ed EVA p\u0159\u00edv\u011bsky s brandingem na zak\u00e1zku jsou ide\u00e1ln\u00ed volbou p\u0159i v\u00fdb\u011bru origin\u00e1ln\u00edho reklamn\u00edho p\u0159edm\u011btu.<br \/>\n<strong>Rozm\u011bry<\/strong>: \u0161\u00ed\u0159ka 9mm nebo na zak\u00e1zku<br \/>\n<strong>Polo\u017eka \u010d.:\u00a0<\/strong>GS-FK004<br \/>\n<strong>Materi\u00e1l<\/strong>: EVA<br \/>\n<strong>Potisk<\/strong>: s\u00edtotisk<br \/>\n<strong>Min. objedn\u00e1vka:<\/strong>\u00a01000 ks<br \/>\n<strong>Cena<\/strong>:\u00a0<a title=\"ZASLAT POPT\u00c1VKU\" href=\"mailto:info@predmetyreklamni.eu\">ZASLAT POPT\u00c1VKU\u00a0<\/a><\/p>\n<p style=\"text-align: justify;\">Uveden\u00e9 ceny p\u0159edm\u011btu reklamn\u00ed EVA p\u0159\u00edv\u011bsky na zak\u00e1zku obsahuj\u00ed jednobarevn\u00fd a jednostrann\u00fd potisk. Kontaktujte n\u00e1s pros\u00edm pro cenovou kalkulaci na reklamn\u00ed EVA p\u0159\u00edv\u011bsky s v\u00edcebarevn\u00fdm potiskem. Reklamn\u00ed EVA p\u0159\u00edv\u011bsky se na zak\u00e1zku obvykle daj\u00ed potisknout \u010dty\u0159mi barvami. V p\u0159\u00edpad\u011b, \u017ee chcete vyrobit na zak\u00e1zku EVA p\u0159\u00edv\u011bsky s v\u00edcebarevn\u00fdm potiskem za\u0161lete n\u00e1m pros\u00edm grafick\u00e9 podklady a my mo\u017enosti zpracov\u00e1n\u00ed projedn\u00e1me s v\u00fdrobou. Grafick\u00e9 n\u00e1vrhy n\u00e1m zas\u00edlejte ide\u00e1ln\u011b v PDF. Minim\u00e1ln\u00ed objedn\u00e1vka pro v\u00fdrobu reklamn\u00edch EVA p\u0159\u00edv\u011bsk\u016f je 1000 ks a dodac\u00ed lh\u016fty pro tato mno\u017estv\u00ed se pohybuj\u00ed kolem 25 dn\u00ed.<\/p>\n<p>Chcete si nechat vyrobit reklamn\u00ed EVA p\u0159\u00edv\u011bsky na zak\u00e1zku? Kontaktujte n\u00e1s pro cenovou nab\u00eddku na emailu:<a href=\"mailto:info@predmetyreklamni.eu\">\u00a0info@predmetyreklamni.eu<\/a><\/p>\n<p><strong>Do cenov\u00e9 popt\u00e1vky pros\u00edm uve\u010fte pot\u0159ebn\u00e9 informace pro cenovou nab\u00eddku jako<\/strong>: mno\u017estv\u00ed, velikost, barevn\u00e9 proveden\u00ed nebo kombinaci barev, dobu dod\u00e1n\u00ed. V\u0161echny tyto informace n\u00e1m pomohou k rychlej\u0161\u00edmu zpracov\u00e1n\u00ed cenov\u00e9 nab\u00eddky pr\u00e1v\u011b pro V\u00e1s.<\/p>\n<p>T\u011b\u0161\u00edme se na spolupr\u00e1ci! Team Gifts Service<\/p>\n","protected":false},"excerpt":{"rendered":"<p>REKLAMN\u00cd EVA P\u0158\u00cdV\u011aSKY NA ZAK\u00c1ZKU Reklamn\u00ed EVA p\u0159\u00edv\u011bsky od n\u00e1s na zak\u00e1zku EVA p\u0159\u00edv\u011bsky jsou perfektn\u00ed reklamn\u00ed p\u0159edm\u011bt, kter\u00fd bude jedine\u010dn\u011b propagovat Va\u0161\u00ed firmu. D\u00edky p\u0159edm\u011bt reklamn\u00ed EVA p\u0159\u00edv\u011bsky z\u00edsk\u00e1te pozornost sv\u00fdch z\u00e1kazn\u00edk\u016f a obchodn\u00edch partner\u016f. Reklamn\u00ed EVA p\u0159\u00edv\u011bsky na &hellip; <a href=\"https:\/\/predmetyreklamni.eu\/vyrobce\/eva-privesky-na-zakazku\/\">Continue reading <span class=\"meta-nav\">&rarr;<\/span><\/a><\/p>\n","protected":false},"author":1,"featured_media":0,"parent":0,"menu_order":14,"comment_status":"closed","ping_status":"closed","template":"sidebar-page.php","meta":[],"_links":{"self":[{"href":"https:\/\/predmetyreklamni.eu\/vyrobce\/wp-json\/wp\/v2\/pages\/1141"}],"collection":[{"href":"https:\/\/predmetyreklamni.eu\/vyrobce\/wp-json\/wp\/v2\/pages"}],"about":[{"href":"https:\/\/predmetyreklamni.eu\/vyrobce\/wp-json\/wp\/v2\/types\/page"}],"author":[{"embeddable":true,"href":"https:\/\/predmetyreklamni.eu\/vyrobce\/wp-json\/wp\/v2\/users\/1"}],"replies":[{"embeddable":true,"href":"https:\/\/predmetyreklamni.eu\/vyrobce\/wp-json\/wp\/v2\/comments?post=1141"}],"version-history":[{"count":23,"href":"https:\/\/predmetyreklamni.eu\/vyrobce\/wp-json\/wp\/v2\/pages\/1141\/revisions"}],"predecessor-version":[{"id":2829,"href":"https:\/\/predmetyreklamni.eu\/vyrobce\/wp-json\/wp\/v2\/pages\/1141\/revisions\/2829"}],"wp:attachment":[{"href":"https:\/\/predmetyreklamni.eu\/vyrobce\/wp-json\/wp\/v2\/media?parent=1141"}],"curies":[{"name":"wp","href":"https:\/\/api.w.org\/{rel}","templated":true}]}}