{"id":117,"date":"2013-03-21T15:36:36","date_gmt":"2013-03-21T15:36:36","guid":{"rendered":"http:\/\/predmetyreklamni.eu\/vyrobce\/?page_id=117"},"modified":"2020-04-21T06:04:14","modified_gmt":"2020-04-21T06:04:14","slug":"reklamni-magnetky-na-lednici","status":"publish","type":"page","link":"https:\/\/predmetyreklamni.eu\/vyrobce\/reklamni-magnetky-na-lednici\/","title":{"rendered":"Reklamn\u00ed magnetky na lednici na zak\u00e1zku"},"content":{"rendered":"<h1 style=\"text-align: justify;\">REKLAMN\u00cd MAGNETKY NA LEDNICI NA ZAK\u00c1ZKU<\/h1>\n<h2 style=\"text-align: justify;\">Reklamn\u00ed magnetky na lednici na zak\u00e1zku<\/h2>\n<p style=\"text-align: justify;\">Reklamn\u00ed magnetky na lednici m\u016f\u017eete naj\u00edt snad v ka\u017ed\u00e9 dom\u00e1cnosti. Reklamn\u00ed, d\u00e1rkov\u00e9 \u010di upom\u00ednkov\u00e9 magnetky na lednici jsou prost\u011b obl\u00edben\u00e9 a jsou tak sou\u010d\u00e1st\u00ed kuchyn\u011b stejn\u011b jako n\u00e1dob\u00ed. A\u010d se to nezd\u00e1 lednice je velice d\u016fle\u017eitou sou\u010d\u00e1st\u00ed ka\u017ed\u00e9 dom\u00e1cnosti a a okol\u00ed lednice a lednice sama je velice frekventovan\u00e9 m\u00edsto. Reklamn\u00ed magnetky slou\u017e\u00ed k p\u0159ip\u00edn\u00e1n\u00ed vzkaz\u016f, pohled\u016f nebo nap\u0159\u00edklad fotek na lednici. A pr\u00e1v\u011b z t\u011bchto d\u016fvod\u016f je jsou reklamn\u00ed magnetky na lednici velice dobrou volbou pro reklamn\u00ed p\u0159edm\u011bt. Reklamn\u00ed magnetky na lednici jsou ve srovn\u00e1n\u00ed s ostatn\u00edm reklamn\u00edmi p\u0159edm\u011bty pom\u011brn\u011b levnou z\u00e1le\u017eitost\u00ed a z\u00e1rove\u0148 jsou velice efektivn\u00ed. Dal\u0161\u00ed v\u00fdhodou reklamn\u00ed magnetky na lednici je jejich velikost a v\u00e1ha &#8211; to v\u0161e vede k n\u00edzk\u00fdm n\u00e1klad\u016fm na v\u00fdrobu a hlavn\u011b p\u0159epravu.<\/p>\n<h2 style=\"text-align: justify;\">3D reklamn\u00ed magnetky ze silikonu na lednici<\/h2>\n<p style=\"text-align: justify;\">Tyto 3D reklamn\u00ed magnetky na lednici jsou vyrobeny z kvalitn\u00edho silikonu, kter\u00e9 je odoln\u00e9 a vod\u011bodoln\u00e9. 3D reklamn\u00ed magnetky lze p\u0159ipnout na lednici \u010di jin\u00e9 kovov\u00e9 povrchy. 3D reklamn\u00ed magnetky pak mohou b\u00fdt opat\u0159eny nap\u0159\u00edklad logem firmy, kter\u00e9 bude vyryto do povrchu.<\/p>\n<p style=\"text-align: justify;\"><a href=\"http:\/\/predmetyreklamni.eu\/vyrobce\/wp-content\/uploads\/3D-reklamn\u00ed-mangetky-z-PVC-na-lednici.jpg\"><img decoding=\"async\" loading=\"lazy\" class=\"alignleft size-thumbnail wp-image-212\" title=\"3D reklamn\u00ed mangetky ze silikonu na lednici\" alt=\"3D reklamn\u00ed mangetky ze silikonu na lednici\" src=\"http:\/\/predmetyreklamni.eu\/vyrobce\/wp-content\/uploads\/3D-reklamn\u00ed-mangetky-z-PVC-na-lednici-150x150.jpg\" width=\"150\" height=\"150\" srcset=\"https:\/\/predmetyreklamni.eu\/vyrobce\/wp-content\/uploads\/3D-reklamn\u00ed-mangetky-z-PVC-na-lednici-150x150.jpg 150w, https:\/\/predmetyreklamni.eu\/vyrobce\/wp-content\/uploads\/3D-reklamn\u00ed-mangetky-z-PVC-na-lednici.jpg 200w\" sizes=\"(max-width: 150px) 100vw, 150px\" \/><\/a><strong><br \/>\nMateri\u00e1l:<\/strong>\u00a0silikon a magnet (0.5-1.5mm)<br \/>\n<strong>Rozm\u011bry: \u00a0<\/strong>velikost a tvar na zak\u00e1zku<br \/>\n<strong>Potisk:<\/strong>\u00a0na zak\u00e1zku dle Pantone\u00a9 vzorn\u00edku<br \/>\n<strong>Min objedn\u00e1vka:<\/strong>\u00a0500ks<br \/>\n<strong>Cena<\/strong>:\u00a0<a title=\"ZASLAT POPT\u00c1VKU\" href=\"mailto:info@predmetyreklamni.eu\">ZASLAT POPT\u00c1VKU\u00a0<\/a><\/p>\n<h2 style=\"text-align: justify;\">3D \u00a0lenticul\u00e1rn\u00ed reklamn\u00ed magnetky na lednici<\/h2>\n<p style=\"text-align: justify;\">3D lenticul\u00e1rn\u00ed reklamn\u00ed magnetky se vyr\u00e1b\u00ed pomoc\u00ed digit\u00e1ln\u00ed technologie, kter\u00e1 integruje dva obr\u00e1zky, kter\u00e9 se pokryj\u00ed lenticul\u00e1rn\u00ed deskou. Tyto 3D lenticul\u00e1rn\u00ed reklamn\u00ed magnetky d\u011bti miluj\u00ed a jsou origin\u00e1ln\u00ed reklamn\u00ed p\u0159edm\u011bt.<\/p>\n<p style=\"text-align: justify;\"><img decoding=\"async\" loading=\"lazy\" class=\"size-thumbnail wp-image-214 alignleft\" style=\"color: #333333; font-style: normal; line-height: 24px;\" title=\"lenticul\u00e1rn\u00ed reklamn\u00ed magnety na lednici\" alt=\"lenticul\u00e1rn\u00ed reklamn\u00ed magnety na lednici\" src=\"http:\/\/predmetyreklamni.eu\/vyrobce\/wp-content\/uploads\/lenticul\u00e1rn\u00ed-reklamn\u00ed-magnety1-150x150.jpg\" width=\"150\" height=\"150\" srcset=\"https:\/\/predmetyreklamni.eu\/vyrobce\/wp-content\/uploads\/lenticul\u00e1rn\u00ed-reklamn\u00ed-magnety1-150x150.jpg 150w, https:\/\/predmetyreklamni.eu\/vyrobce\/wp-content\/uploads\/lenticul\u00e1rn\u00ed-reklamn\u00ed-magnety1-300x300.jpg 300w, https:\/\/predmetyreklamni.eu\/vyrobce\/wp-content\/uploads\/lenticul\u00e1rn\u00ed-reklamn\u00ed-magnety1.jpg 500w\" sizes=\"(max-width: 150px) 100vw, 150px\" \/><\/p>\n<p style=\"text-align: justify;\"><strong>Materi\u00e1l: <\/strong>pap\u00edr, plastov\u00e1 lenticul\u00e1rn\u00ed deska, magnet<br \/>\n<strong>Rozm\u011bry<\/strong>:\u00a0<strong>\u00a0<\/strong>velikost a tvar na zak\u00e1zku<br \/>\n<strong>3D efekty<\/strong>: animace, morph, p\u0159ibl\u00ed\u017een\u00ed, p\u0159eklopen\u00ed<br \/>\n<strong>Min objedn\u00e1vka<\/strong>: 500ks<br \/>\n<strong>Cena<\/strong>:\u00a0<a title=\"ZASLAT POPT\u00c1VKU\" href=\"mailto:info@predmetyreklamni.eu\">ZASLAT POPT\u00c1VKU\u00a0<\/a><\/p>\n<h2 style=\"text-align: justify;\">Reklamn\u00ed pap\u00edrov\u00e9 foli\u00ed \u00a0pota\u017een\u00e9 magnetky na lednici<\/h2>\n<p style=\"text-align: justify;\">Reklamn\u00ed pap\u00edrov\u00e9 f\u00f3li\u00ed pota\u017een\u00e9 magnetky na lednici jsou velice tenk\u00e9 a potisk na pap\u00edr je velice kvalitn\u00ed a d\u00edky f\u00f3lii nevybledne. Reklamn\u00ed pap\u00edrov\u00e9 magnetky na lednici jsou cenov\u011b nen\u00e1ro\u010dn\u00e9 a maj\u00ed t\u00e9m\u011b\u0159 stejn\u00fd efekt jako magnety z n\u00e1kladn\u011bj\u0161\u00edch materi\u00e1l\u016f.<\/p>\n<h2 style=\"text-align: justify;\"><a href=\"http:\/\/predmetyreklamni.eu\/vyrobce\/wp-content\/uploads\/pap\u00edrov\u00e9-reklamn\u00ed-magnetky-s-f\u00f3li\u00ed1.jpg\"><img decoding=\"async\" loading=\"lazy\" class=\"alignleft size-thumbnail wp-image-221\" title=\"Reklamn\u00ed pap\u00edrov\u00e9 foli\u00ed  pota\u017een\u00e9 magnetky na lednici\" alt=\"Reklamn\u00ed pap\u00edrov\u00e9 foli\u00ed  pota\u017een\u00e9 magnetky na lednici\" src=\"http:\/\/predmetyreklamni.eu\/vyrobce\/wp-content\/uploads\/pap\u00edrov\u00e9-reklamn\u00ed-magnetky-s-f\u00f3li\u00ed1-150x150.jpg\" width=\"150\" height=\"150\" srcset=\"https:\/\/predmetyreklamni.eu\/vyrobce\/wp-content\/uploads\/pap\u00edrov\u00e9-reklamn\u00ed-magnetky-s-f\u00f3li\u00ed1-150x150.jpg 150w, https:\/\/predmetyreklamni.eu\/vyrobce\/wp-content\/uploads\/pap\u00edrov\u00e9-reklamn\u00ed-magnetky-s-f\u00f3li\u00ed1.jpg 200w\" sizes=\"(max-width: 150px) 100vw, 150px\" \/><\/a><\/h2>\n<p style=\"text-align: justify;\"><strong>Materi\u00e1l<\/strong>: pap\u00edr pota\u017een\u00fd f\u00f3li\u00ed a magnet (0.5-1.5mm)<br \/>\n<strong>Velikost<\/strong>:\u00a0velikost a tvar na zak\u00e1zku<br \/>\n<strong>Potisk<\/strong>: na zak\u00e1zku dle Pantone\u00a9 vzorn\u00edku<br \/>\n<strong>Min objedn\u00e1vka<\/strong>: 1000ks<br \/>\n<strong>Cena<\/strong>:\u00a0<a title=\"ZASLAT POPT\u00c1VKU\" href=\"mailto:info@predmetyreklamni.eu\">ZASLAT POPT\u00c1VKU\u00a0<\/a><\/p>\n<h2 style=\"text-align: justify;\">Akryl\u00e1tov\u00e9 reklamn\u00ed magnetky na lednici<\/h2>\n<p style=\"text-align: justify;\">Tyto akryl\u00e1tov\u00e9 reklamn\u00ed magnetky na lednici jsou na zak\u00e1zku vyrobeny i s teplom\u011brem. Obr\u00e1zek Austr\u00e1lie je vyti\u0161t\u011bn na vysoce kvalitn\u00ed k\u0159\u00eddov\u00fd pap\u00edr ve fotografick\u00e9 kvalit\u011b, kter\u00fd je zapu\u0161t\u011bn do akryl\u00e1tu. Cel\u00e1 akryl\u00e1tov\u00e1 mangetka na lednici pak m\u00e1 magnet na zadn\u00ed stran\u011b.<\/p>\n<p style=\"text-align: justify;\"><a href=\"http:\/\/predmetyreklamni.eu\/vyrobce\/wp-content\/uploads\/Akryl\u00e1tov\u00e9-reklamn\u00ed-magnetky-na-lednici.jpg\"><img decoding=\"async\" loading=\"lazy\" class=\"size-thumbnail wp-image-236 alignleft\" title=\"Akryl\u00e1tov\u00e9 reklamn\u00ed magnetky na lednici\" alt=\"Akryl\u00e1tov\u00e9 reklamn\u00ed magnetky na lednici\" src=\"http:\/\/predmetyreklamni.eu\/vyrobce\/wp-content\/uploads\/Akryl\u00e1tov\u00e9-reklamn\u00ed-magnetky-na-lednici-150x150.jpg\" width=\"150\" height=\"150\" srcset=\"https:\/\/predmetyreklamni.eu\/vyrobce\/wp-content\/uploads\/Akryl\u00e1tov\u00e9-reklamn\u00ed-magnetky-na-lednici-150x150.jpg 150w, https:\/\/predmetyreklamni.eu\/vyrobce\/wp-content\/uploads\/Akryl\u00e1tov\u00e9-reklamn\u00ed-magnetky-na-lednici.jpg 200w\" sizes=\"(max-width: 150px) 100vw, 150px\" \/><\/a><br \/>\n<strong>Materi\u00e1l<\/strong>: akryl\u00e1t, k\u0159\u00eddov\u00fd pap\u00edr, magnet\u00a0(0.5-1.5mm)<br \/>\n<strong>Velikost<\/strong>: 8.7&#215;7.8&#215;0.64cm\u00a0(mo\u017enost velikost i tvar na zak\u00e1zku)<br \/>\n<strong>Potisk<\/strong>: na zak\u00e1zku dle Pantone\u00a9 vzorn\u00edku<br \/>\n<strong>Min objedn\u00e1vka<\/strong>: 1000ks<br \/>\n<strong>Cena<\/strong>:\u00a0<a title=\"ZASLAT POPT\u00c1VKU\" href=\"mailto:info@predmetyreklamni.eu\">ZASLAT POPT\u00c1VKU\u00a0<\/a><\/p>\n<h2 style=\"text-align: justify;\"><span style=\"color: #000000; font-weight: bold;\">Plechov\u00e9 reklamn\u00ed magnetky na lednici<\/span><\/h2>\n<p style=\"text-align: justify;\">Tyto \u017eelezn\u00e9 nebo plechov\u00e9 reklamn\u00ed magnetky na lednici jsou velice obl\u00edben\u00e9 a dob\u0159e vypadaj\u00ed. Na plechov\u00e9 reklamn\u00ed magnetky lze tisknout plnou barvou jsou v\u00fdborn\u00e9 nap\u0159\u00edklad jako suven\u00fdr.Iron list magnet na ledni\u010dku nebo kovov\u00e9 magnet na ledni\u010dku lze vytisknout plnou barvou na plechu. Je to nejlep\u0161\u00ed volba suven\u00fdr\u016f.<\/p>\n<p style=\"text-align: justify;\"><a href=\"http:\/\/predmetyreklamni.eu\/vyrobce\/wp-content\/uploads\/\u017eelezn\u00e9-reklamn\u00ed-magnetky-na-lednici.jpg\"><img decoding=\"async\" loading=\"lazy\" class=\"size-thumbnail wp-image-239 alignleft\" title=\"plechov\u00e9 magnetky na lednici v\u00fdrobce\" alt=\"plechov\u00e9 magnetky na lednici v\u00fdrobce\" src=\"http:\/\/predmetyreklamni.eu\/vyrobce\/wp-content\/uploads\/\u017eelezn\u00e9-reklamn\u00ed-magnetky-na-lednici-150x150.jpg\" width=\"150\" height=\"150\" \/><\/a><br \/>\n<strong><strong>Materi\u00e1l<\/strong>: <\/strong>kov a magnet (0.5-1.5mm)<strong><br \/>\nRozm\u011bry<\/strong>: 4.5cm x 8cm (mo\u017enost velikost i tvar na zak\u00e1zku)<br \/>\n<strong>Potisk<\/strong>: na zak\u00e1zku dle Pantone\u00a9 vzorn\u00edku<br \/>\n<strong>Min objedn\u00e1vka<\/strong>: 500ks<br \/>\n<strong>Cena<\/strong>:\u00a0<a title=\"ZASLAT POPT\u00c1VKU\" href=\"mailto:info@predmetyreklamni.eu\">ZASLAT POPT\u00c1VKU\u00a0<\/a><\/p>\n<h2 style=\"text-align: justify;\">Reklamn\u00ed magnetky na lednici z polyresinu<\/h2>\n<p style=\"text-align: justify;\">Tyto reklamn\u00ed magnetky na lednici jsou vyrobeny z polyresinu. Reklamn\u00ed magnetky na lednici jsou 3D a jsou velice popul\u00e1rn\u00ed jako suven\u00fdry v cestovn\u00edm ruchu. Reklamn\u00ed magnetky na lednici z polyresinu zn\u00e1 a m\u00e1 doma snad ka\u017ed\u00fd.<\/p>\n<p style=\"text-align: justify;\"><a href=\"http:\/\/predmetyreklamni.eu\/vyrobce\/wp-content\/uploads\/reklamn\u00ed-magnetky-na-lednici-z-polyresinu.jpg\"><img decoding=\"async\" loading=\"lazy\" class=\"alignleft size-thumbnail wp-image-251\" title=\"reklamn\u00ed magnetky na lednici z polyresinu\" alt=\"reklamn\u00ed magnetky na lednici z polyresinu\" src=\"http:\/\/predmetyreklamni.eu\/vyrobce\/wp-content\/uploads\/reklamn\u00ed-magnetky-na-lednici-z-polyresinu-150x150.jpg\" width=\"150\" height=\"150\" srcset=\"https:\/\/predmetyreklamni.eu\/vyrobce\/wp-content\/uploads\/reklamn\u00ed-magnetky-na-lednici-z-polyresinu-150x150.jpg 150w, https:\/\/predmetyreklamni.eu\/vyrobce\/wp-content\/uploads\/reklamn\u00ed-magnetky-na-lednici-z-polyresinu.jpg 200w\" sizes=\"(max-width: 150px) 100vw, 150px\" \/><\/a><\/p>\n<p style=\"text-align: justify;\"><strong>Materi\u00e1l<\/strong>: polyresin a magnet\u00a0(0.5-1.5mm)<br \/>\n<strong>Rozm\u011bry<\/strong>: 6cm x 8cm (velikost i tvar na zak\u00e1zku)<br \/>\n<strong>Potisk<\/strong>: na zak\u00e1zku dle Pantone\u00a9 vzorn\u00edku<br \/>\n<strong>Min objedn\u00e1vka<\/strong>: 100ks<br \/>\n<strong>Cena<\/strong>:\u00a0<a title=\"ZASLAT POPT\u00c1VKU\" href=\"mailto:info@predmetyreklamni.eu\">ZASLAT POPT\u00c1VKU\u00a0<\/a><\/p>\n<h2 style=\"text-align: justify;\">Sklen\u011bn\u00e9 reklamn\u00ed magnetky na lednici<\/h2>\n<p style=\"text-align: justify;\">Sklen\u011bn\u00e9 reklamn\u00ed magnetky na lednici jsou vyrobny z \u010dist\u00e9ho k\u0159i\u0161\u0165\u00e1lu jsou velice obl\u00edben\u00e9 pro sv\u016fj p\u0159ita\u017eliv\u00fd vzhled. Sklen\u011bn\u00e9 reklamn\u00ed magnetky na lednici jsou k dispozici v ka\u017ed\u00fdch tvarech, velikostech a mohou b\u00fdt poti\u0161t\u011bny dle Va\u0161\u00ed p\u0159edlohy.<\/p>\n<p style=\"text-align: justify;\"><a href=\"http:\/\/predmetyreklamni.eu\/vyrobce\/wp-content\/uploads\/sklen\u011bn\u00e9-reklamn\u00ed-magnetky-na-lednici.jpg\"><img decoding=\"async\" loading=\"lazy\" class=\"size-thumbnail wp-image-255 alignleft\" title=\"sklen\u011bn\u00e9 reklamn\u00ed magnetky na lednici\" alt=\"sklen\u011bn\u00e9 reklamn\u00ed magnetky na lednici\" src=\"http:\/\/predmetyreklamni.eu\/vyrobce\/wp-content\/uploads\/sklen\u011bn\u00e9-reklamn\u00ed-magnetky-na-lednici-150x150.jpg\" width=\"150\" height=\"150\" srcset=\"https:\/\/predmetyreklamni.eu\/vyrobce\/wp-content\/uploads\/sklen\u011bn\u00e9-reklamn\u00ed-magnetky-na-lednici-150x150.jpg 150w, https:\/\/predmetyreklamni.eu\/vyrobce\/wp-content\/uploads\/sklen\u011bn\u00e9-reklamn\u00ed-magnetky-na-lednici-300x300.jpg 300w, https:\/\/predmetyreklamni.eu\/vyrobce\/wp-content\/uploads\/sklen\u011bn\u00e9-reklamn\u00ed-magnetky-na-lednici.jpg 400w\" sizes=\"(max-width: 150px) 100vw, 150px\" \/><\/a><\/p>\n<p style=\"text-align: justify;\"><strong>Materi\u00e1l<\/strong>: k\u0159i\u0161\u0165\u00e1lov\u00e9 sklo , poti\u0161t\u011bn\u00fd pap\u00edr a gumov\u00fd magnet<br \/>\n<strong>Rozm\u011bry<\/strong>: \u00d8\u00a04.5cm (tvar i velikost na zak\u00e1zku)<br \/>\n<strong>Potisk<\/strong>: na zak\u00e1zku dle Pantone\u00a9 vzorn\u00edku<br \/>\n<strong>Min objedn\u00e1ka<\/strong>: 1000ks<br \/>\n<strong>Cena<\/strong>:\u00a0<a title=\"ZASLAT POPT\u00c1VKU\" href=\"mailto:info@predmetyreklamni.eu\">ZASLAT POPT\u00c1VKU\u00a0<\/a><\/p>\n<h2 style=\"text-align: justify;\">Reklamn\u00ed magnetky na lednici materi\u00e1ly<\/h2>\n<p style=\"text-align: justify;\">Reklamn\u00ed magnetky na lednici mohou b\u00fdt vyrobeny z mnoha r\u016fzn\u00fdch materi\u00e1l\u016f &#8211; nej\u010dast\u011bji to je pap\u00edr, m\u011bkk\u00e9 PVC, prysky\u0159ice, akryl, sklo, polyresin \u010di kombinace t\u011bchto materi\u00e1l\u016f. Reklamn\u00ed magnetky na lednici mohou b\u00fdt na zak\u00e1zku vyrobeny v r\u016fzn\u00fdch tvarech, velikostech a barv\u00e1ch &#8211; z\u00e1le\u017e\u00ed jen na V\u00e1s. N\u00ed\u017ee se V\u00e1m pokus\u00edme p\u0159edstavit nej\u010dast\u011bji vyr\u00e1b\u011bn\u00e9 druhy reklamn\u00ed magnetky na lednici. Nechte se inspirovat a my pro V\u00e1s vyrob\u00edme \u00a0unik\u00e1tn\u00ed reklamn\u00ed magnetky na lednici, kter\u00e1 bude representovat jen Va\u0161\u00ed firmu.<\/p>\n<p style=\"text-align: justify;\">Chcete si nechat vyrobit vlastn\u00ed reklamn\u00ed magnetky? Kontaktujte n\u00e1s pro cenovou nab\u00eddku na emailu:<a href=\"mailto:info@predmetyreklamni.eu\">\u00a0info@predmetyreklamni.eu<\/a><\/p>\n<p style=\"text-align: justify;\"><strong>Do cenov\u00e9 popt\u00e1vky pros\u00edm uve\u010fte pot\u0159ebn\u00e9 informace pro cenovou nab\u00eddku jako<\/strong>: mno\u017estv\u00ed, materi\u00e1l, velikost reklamn\u00ed magnetky, barevn\u00e9 proveden\u00ed nebo kombinaci barev, dobu dod\u00e1n\u00ed. V\u0161echny tyto informace n\u00e1m pomohou k rychlej\u0161\u00edmu zpracov\u00e1n\u00ed cenov\u00e9 nab\u00eddky pr\u00e1v\u011b pro V\u00e1s.<\/p>\n<p style=\"text-align: justify;\">T\u011b\u0161\u00edme se na spolupr\u00e1ci! Team Gifts Service<\/p>\n","protected":false},"excerpt":{"rendered":"<p>REKLAMN\u00cd MAGNETKY NA LEDNICI NA ZAK\u00c1ZKU Reklamn\u00ed magnetky na lednici na zak\u00e1zku Reklamn\u00ed magnetky na lednici m\u016f\u017eete naj\u00edt snad v ka\u017ed\u00e9 dom\u00e1cnosti. Reklamn\u00ed, d\u00e1rkov\u00e9 \u010di upom\u00ednkov\u00e9 magnetky na lednici jsou prost\u011b obl\u00edben\u00e9 a jsou tak sou\u010d\u00e1st\u00ed kuchyn\u011b stejn\u011b jako n\u00e1dob\u00ed. &hellip; <a href=\"https:\/\/predmetyreklamni.eu\/vyrobce\/reklamni-magnetky-na-lednici\/\">Continue reading <span class=\"meta-nav\">&rarr;<\/span><\/a><\/p>\n","protected":false},"author":1,"featured_media":0,"parent":0,"menu_order":11,"comment_status":"closed","ping_status":"closed","template":"sidebar-page.php","meta":[],"_links":{"self":[{"href":"https:\/\/predmetyreklamni.eu\/vyrobce\/wp-json\/wp\/v2\/pages\/117"}],"collection":[{"href":"https:\/\/predmetyreklamni.eu\/vyrobce\/wp-json\/wp\/v2\/pages"}],"about":[{"href":"https:\/\/predmetyreklamni.eu\/vyrobce\/wp-json\/wp\/v2\/types\/page"}],"author":[{"embeddable":true,"href":"https:\/\/predmetyreklamni.eu\/vyrobce\/wp-json\/wp\/v2\/users\/1"}],"replies":[{"embeddable":true,"href":"https:\/\/predmetyreklamni.eu\/vyrobce\/wp-json\/wp\/v2\/comments?post=117"}],"version-history":[{"count":38,"href":"https:\/\/predmetyreklamni.eu\/vyrobce\/wp-json\/wp\/v2\/pages\/117\/revisions"}],"predecessor-version":[{"id":4232,"href":"https:\/\/predmetyreklamni.eu\/vyrobce\/wp-json\/wp\/v2\/pages\/117\/revisions\/4232"}],"wp:attachment":[{"href":"https:\/\/predmetyreklamni.eu\/vyrobce\/wp-json\/wp\/v2\/media?parent=117"}],"curies":[{"name":"wp","href":"https:\/\/api.w.org\/{rel}","templated":true}]}}