{"id":121,"date":"2013-03-21T17:31:08","date_gmt":"2013-03-21T17:31:08","guid":{"rendered":"http:\/\/predmetyreklamni.eu\/vyrobce\/?page_id=121"},"modified":"2020-04-21T06:04:14","modified_gmt":"2020-04-21T06:04:14","slug":"reklamni-magnety-na-auto","status":"publish","type":"page","link":"https:\/\/predmetyreklamni.eu\/vyrobce\/reklamni-magnety-na-auto\/","title":{"rendered":"Reklamn\u00ed magnety na auto na zak\u00e1zku"},"content":{"rendered":"<h1 style=\"text-align: justify;\">REKLAMN\u00cd MAGNETY NA AUTO NA ZAK\u00c1ZKU<\/h1>\n<h2 style=\"text-align: justify;\">Reklamn\u00ed magnety na auto na zak\u00e1zku<\/h2>\n<p style=\"text-align: justify;\">Reklamn\u00ed magnety na auto dvoj\u00edho druhu &#8211; reklamn\u00ed magnety na auto, slou\u017e\u00edc\u00ed k propagaci zna\u010dky \u010di firmy a magnety na auto vyjad\u0159uj\u00edc\u00ed osobn\u00ed n\u00e1zor, spole\u010denskou \u010di politickou p\u0159\u00edslu\u0161nost apod.\u00a0Reklamn\u00ed magnety na auto je velice efektivn\u00ed zp\u016fsob reklamy vzhledem k vysok\u00e9mu po\u010dtu aut a tak\u00e9 tomu, \u017ee se vyskytuj\u00ed prost\u011b v\u0161ude. Reklamn\u00ed magnety na auto mohou nap\u0159\u00edklad informovat i prob\u00edhaj\u00edc\u00ed spole\u010densk\u00fdch ud\u00e1lostech, mohou upozor\u0148ovat na soci\u00e1ln\u00ed probl\u00e9my, prevenci nebezpe\u010dn\u00fdch nemoc\u00ed apod. Dal\u0161\u00edm pom\u011brn\u011b obl\u00edben\u00fdm typem jsou reklamn\u00ed magnety na auto vyjad\u0159uj\u00edc\u00ed politickou p\u0159\u00edslu\u0161nost, preferovan\u00e9ho kandid\u00e1ta \u010di stranu. Typick\u00fdm p\u0159\u00edkladem m\u016f\u017ee b\u00fdt magnet na auto s &#8220;Vol\u00edm Karla&#8221;. Pomoc\u00ed p\u0159edm\u011btu reklamn\u00ed magnety na auto m\u016f\u017eete vyj\u00e1d\u0159it podporu sv\u00e9mu obl\u00edben\u00e9mu sportovn\u00edmu teamu.<\/p>\n<p style=\"text-align: justify;\">N\u00ed\u017ee V\u00e1m pro inspiraci p\u0159edstav\u00edme mo\u017enosti jak mohou vypadat nap\u0159\u00edklad ty Va\u0161e reklamn\u00ed magnety na auto. Reklamn\u00ed magnety na auto pro V\u00e1s vyrob\u00edme na zak\u00e1zku dle n\u00e1vrhu.<\/p>\n<h2 style=\"text-align: justify;\">Reklamn\u00ed magnety na auto stu\u017eka<\/h2>\n<p style=\"text-align: justify;\"><a href=\"http:\/\/predmetyreklamni.eu\/vyrobce\/wp-content\/uploads\/reklamn\u00ed-magnety-na-auto1.jpg\"><img decoding=\"async\" loading=\"lazy\" class=\"size-thumbnail wp-image-268 alignleft\" title=\"reklamn\u00ed magnety na auto stu\u017eka\" alt=\"reklamn\u00ed magnety na auto stu\u017eka\" src=\"http:\/\/predmetyreklamni.eu\/vyrobce\/wp-content\/uploads\/reklamn\u00ed-magnety-na-auto1-150x150.jpg\" width=\"150\" height=\"150\" \/><\/a>Tyto reklamn\u00ed magnety na auto ve tvaru stu\u017eka mohou vyjad\u0159ovat politickou \u010di spole\u010denskou p\u0159\u00edslu\u0161nost, podporovat boj proti nebezpe\u010dn\u00fdm nemocem, \u010di vyjad\u0159ovat \u010dlenstv\u00ed v ur\u010dit\u00e9 organizaci.<br \/>\n<strong style=\"text-align: justify;\">Rozm\u011bry<\/strong><span style=\"text-align: justify;\">: 10cm x 15cm (pop\u0159. velikost na zak\u00e1zku)<br \/>\n<\/span><strong style=\"text-align: justify;\">Materi\u00e1l<\/strong><span style=\"text-align: justify;\">: speci\u00e1ln\u00ed magnetick\u00fd materi\u00e1l &#8211; tlou\u0161\u0165ka 3mm<br \/>\n<\/span><strong style=\"text-align: justify;\">Potisk<\/strong><span style=\"text-align: justify;\">: barvy odoln\u00e9 proti UV z\u00e1\u0159en\u00ed<br \/>\n<\/span><strong style=\"text-align: justify;\">Cena<\/strong><span style=\"text-align: justify;\">:\u00a0<\/span><a style=\"text-align: justify;\" title=\"ZASLAT POPT\u00c1VKU\" href=\"mailto:info@predmetyreklamni.eu\">ZASLAT POPT\u00c1VKU\u00a0<\/a><\/p>\n<h2 style=\"text-align: justify;\">Reklamn\u00ed magnety na auto pro firmy<\/h2>\n<p style=\"text-align: justify;\"><a href=\"http:\/\/predmetyreklamni.eu\/vyrobce\/wp-content\/uploads\/Reklamn\u00ed-magnety-na-auto-propaga\u010dn\u00ed.jpg\"><img decoding=\"async\" loading=\"lazy\" class=\"size-thumbnail wp-image-273 alignleft\" title=\"Reklamn\u00ed magnety na auto propaga\u010dn\u00ed\" alt=\"Reklamn\u00ed magnety na auto propaga\u010dn\u00ed\" src=\"http:\/\/predmetyreklamni.eu\/vyrobce\/wp-content\/uploads\/Reklamn\u00ed-magnety-na-auto-propaga\u010dn\u00ed-150x150.jpg\" width=\"150\" height=\"150\" srcset=\"https:\/\/predmetyreklamni.eu\/vyrobce\/wp-content\/uploads\/Reklamn\u00ed-magnety-na-auto-propaga\u010dn\u00ed-150x150.jpg 150w, https:\/\/predmetyreklamni.eu\/vyrobce\/wp-content\/uploads\/Reklamn\u00ed-magnety-na-auto-propaga\u010dn\u00ed.jpg 200w\" sizes=\"(max-width: 150px) 100vw, 150px\" \/><\/a>Reklamn\u00ed magnety na auto jsou vhodn\u00e9 t\u00e9\u017e pro firmy, spole\u010dnosti, kter\u00e9 se cht\u011bj\u00ed propagovat a dostat do pov\u011bdom\u00ed lid\u00ed t\u00edmto zp\u016fsobem. Nechte si potisknout reklamn\u00ed magnety na auto sv\u00fdm logem \u010di sloganem.<br \/>\n<strong style=\"text-align: justify;\">Rozm\u011bry<\/strong><span style=\"text-align: justify;\">: 13.5 cm x 16 cm\u00a0(pop\u0159. velikost na zak\u00e1zku)<br \/>\n<\/span><strong style=\"text-align: justify;\">Materi\u00e1l<\/strong><span style=\"text-align: justify;\">: speci\u00e1ln\u00ed magnetick\u00fd materi\u00e1l &#8211; tlou\u0161\u0165ka 3mm<br \/>\n<\/span><strong style=\"text-align: justify;\">Potisk<\/strong><span style=\"text-align: justify;\">:\u00a0barvy odoln\u00e9 proti UV z\u00e1\u0159en\u00ed<br \/>\n<\/span><strong style=\"text-align: justify;\">Cena<\/strong><span style=\"text-align: justify;\">:\u00a0<\/span><a style=\"text-align: justify;\" title=\"ZASLAT POPT\u00c1VKU\" href=\"mailto:info@predmetyreklamni.eu\">ZASLAT POPT\u00c1VKU\u00a0<\/a><\/p>\n<h2 style=\"text-align: justify;\">\u00a0Reklamn\u00ed magnety na auto na zak\u00e1zku<\/h2>\n<p style=\"text-align: justify;\"><a href=\"http:\/\/predmetyreklamni.eu\/vyrobce\/wp-content\/uploads\/reklamn\u00ed-magnety-na-auto-na-zak\u00e1zku1.jpg\"><img decoding=\"async\" loading=\"lazy\" class=\"alignleft size-thumbnail wp-image-281\" title=\"reklamn\u00ed magnety na auto na zak\u00e1zku\" alt=\"reklamn\u00ed magnety na auto na zak\u00e1zku\" src=\"http:\/\/predmetyreklamni.eu\/vyrobce\/wp-content\/uploads\/reklamn\u00ed-magnety-na-auto-na-zak\u00e1zku1-150x150.jpg\" width=\"150\" height=\"150\" srcset=\"https:\/\/predmetyreklamni.eu\/vyrobce\/wp-content\/uploads\/reklamn\u00ed-magnety-na-auto-na-zak\u00e1zku1-150x150.jpg 150w, https:\/\/predmetyreklamni.eu\/vyrobce\/wp-content\/uploads\/reklamn\u00ed-magnety-na-auto-na-zak\u00e1zku1-300x300.jpg 300w, https:\/\/predmetyreklamni.eu\/vyrobce\/wp-content\/uploads\/reklamn\u00ed-magnety-na-auto-na-zak\u00e1zku1.jpg 500w\" sizes=\"(max-width: 150px) 100vw, 150px\" \/><\/a>Reklamn\u00ed magnety na auto toho typu b\u00fdvaj\u00ed bu\u010f \u010dtvercov\u00e9ho, obd\u00e9ln\u00edkov\u00e9ho nebo troj\u00faheln\u00edkov\u00e9ho tvaru. Tyto reklamn\u00ed magnety na auto mohou na zak\u00e1zku n\u00e9st jak\u00e9koliv ozn\u00e1men\u00ed \u010di upozorn\u011bn\u00ed a Vy je pak m\u016f\u017eete p\u0159itisknout na auta, kamiony, dod\u00e1vky bez jak\u00e9hokoliv po\u0161kozen\u00ed laku \u010di slo\u017eit\u00e9ho lepen\u00ed.<br \/>\n<strong style=\"text-align: justify;\">Rozm\u011bry<\/strong><span style=\"text-align: justify;\">: obd\u00e9ln\u00edk (7.6cm x 28cm &#8211; pop\u0159. velikost na zak\u00e1zku)<br \/>\n<\/span><strong style=\"text-align: justify;\">Materi\u00e1l<\/strong><span style=\"text-align: justify;\">: speci\u00e1ln\u00ed magnetick\u00fd materi\u00e1l &#8211; tlou\u0161\u0165ka 3mm<br \/>\n<\/span><strong style=\"text-align: justify;\">Potisk<\/strong><span style=\"text-align: justify;\">:\u00a0barvy odoln\u00e9 proti UV z\u00e1\u0159en\u00ed<br \/>\n<\/span><strong style=\"text-align: justify;\">Cena<\/strong><span style=\"text-align: justify;\">:\u00a0<\/span><a style=\"text-align: justify;\" title=\"ZASLAT POPT\u00c1VKU\" href=\"mailto:info@predmetyreklamni.eu\">ZASLAT POPT\u00c1VKU\u00a0<\/a><\/p>\n<h2 style=\"text-align: justify;\">Reklamn\u00ed magnety na auto na m\u00edru<\/h2>\n<p style=\"text-align: justify;\"><a href=\"http:\/\/predmetyreklamni.eu\/vyrobce\/wp-content\/uploads\/Reklamn\u00ed-magnety-na-auto-na-m\u00edru.jpg\"><img decoding=\"async\" loading=\"lazy\" class=\"alignleft size-thumbnail wp-image-282\" title=\"Reklamn\u00ed magnety na auto na m\u00edru\" alt=\"Reklamn\u00ed magnety na auto na m\u00edru\" src=\"http:\/\/predmetyreklamni.eu\/vyrobce\/wp-content\/uploads\/Reklamn\u00ed-magnety-na-auto-na-m\u00edru-150x150.jpg\" width=\"150\" height=\"150\" srcset=\"https:\/\/predmetyreklamni.eu\/vyrobce\/wp-content\/uploads\/Reklamn\u00ed-magnety-na-auto-na-m\u00edru-150x150.jpg 150w, https:\/\/predmetyreklamni.eu\/vyrobce\/wp-content\/uploads\/Reklamn\u00ed-magnety-na-auto-na-m\u00edru.jpg 200w\" sizes=\"(max-width: 150px) 100vw, 150px\" \/><\/a>Reklamn\u00ed magnety na auto mohou b\u00fdt na m\u00edru vyrobeny v jak\u00e9mkoliv tvaru. Tyto vykrajovan\u00e9 reklamn\u00ed magnety na auto jsou velice popul\u00e1rn\u00ed a Vy d\u00edky nim m\u016f\u017eete vyj\u00e1d\u0159it podporu nap\u0159\u00edklad obl\u00edben\u00e9mu sportovn\u00edmu teamu.<br \/>\n<strong style=\"text-align: justify;\">Rozm\u011bry<\/strong><span style=\"text-align: justify;\">: 20cm x 20cm (pop\u0159. velikost na zak\u00e1zku)<br \/>\n<\/span><strong style=\"text-align: justify;\">Materi\u00e1l<\/strong><span style=\"text-align: justify;\">: speci\u00e1ln\u00ed magnetick\u00fd materi\u00e1l &#8211; tlou\u0161\u0165ka 3mm<br \/>\n<\/span><strong style=\"text-align: justify;\">Potisk<\/strong><span style=\"text-align: justify;\">:\u00a0barvy odoln\u00e9 proti UV z\u00e1\u0159en\u00ed<br \/>\n<\/span><strong style=\"text-align: justify;\">Cena<\/strong><span style=\"text-align: justify;\">:\u00a0<\/span><a style=\"text-align: justify;\" title=\"ZASLAT POPT\u00c1VKU\" href=\"mailto:info@predmetyreklamni.eu\">ZASLAT POPT\u00c1VKU\u00a0<\/a><\/p>\n<h2 style=\"text-align: justify;\">Reklamn\u00ed magnety na auto od v\u00fdrobce<\/h2>\n<p style=\"text-align: justify;\"><a href=\"http:\/\/predmetyreklamni.eu\/vyrobce\/wp-content\/uploads\/Reklamn\u00ed-magnety-na-auto-od-v\u00fdrobce.jpg\"><img decoding=\"async\" loading=\"lazy\" class=\"alignleft size-thumbnail wp-image-287\" title=\"Reklamn\u00ed magnety na auto od v\u00fdrobce\" alt=\"Reklamn\u00ed magnety na auto od v\u00fdrobce\" src=\"http:\/\/predmetyreklamni.eu\/vyrobce\/wp-content\/uploads\/Reklamn\u00ed-magnety-na-auto-od-v\u00fdrobce-150x150.jpg\" width=\"150\" height=\"150\" srcset=\"https:\/\/predmetyreklamni.eu\/vyrobce\/wp-content\/uploads\/Reklamn\u00ed-magnety-na-auto-od-v\u00fdrobce-150x150.jpg 150w, https:\/\/predmetyreklamni.eu\/vyrobce\/wp-content\/uploads\/Reklamn\u00ed-magnety-na-auto-od-v\u00fdrobce.jpg 200w\" sizes=\"(max-width: 150px) 100vw, 150px\" \/><\/a>Reklamn\u00ed magnety na auto mohou b\u00fdt od v\u00fdrobce vyrobeny dle Va\u0161eho grafick\u00e9ho n\u00e1vrhu a poti\u0161t\u011bny kvalitn\u00edmi a odoln\u00fdmi barvami s jasn\u00fdmi k\u0159ivkami a p\u0159echody. Nechte si vyrobit vlastn\u00ed reklamn\u00ed magnety na auto od v\u00fdrobce a propagujte svoj\u00ed zna\u010dku, sportovn\u00ed t\u00fdm, \u0161kolu apod.<br \/>\n<strong>Rozm\u011bry<\/strong>: 25cm x 50cm \u00a0(pop\u0159. velikost na zak\u00e1zku)<br \/>\n<strong>Materi\u00e1l<\/strong>: speci\u00e1ln\u00ed magnetick\u00fd materi\u00e1l &#8211; tlou\u0161\u0165ka 3mm<br \/>\n<strong>Potisk<\/strong>:\u00a0barvy odoln\u00e9 proti UV z\u00e1\u0159en\u00ed<br \/>\n<strong>Cena<\/strong>:\u00a0<a title=\"ZASLAT POPT\u00c1VKU\" href=\"mailto:info@predmetyreklamni.eu\">ZASLAT POPT\u00c1VKU\u00a0<\/a><\/p>\n<h2 style=\"text-align: justify;\">Reklamn\u00ed magnety na auto materi\u00e1ly<\/h2>\n<p style=\"text-align: justify;\">Reklamn\u00ed magnety na auto vyroben\u00e9 na zak\u00e1zku mohou b\u00fdt vyrobeny v r\u016fzn\u00fdch velikostech, tvarech a barv\u00e1ch. Velice obl\u00edben\u00e9 jsou reklamn\u00ed magnety na auto ve tvaru stu\u017eky, kter\u00e9 obvykle vyjad\u0159uj\u00ed Va\u0161\u00ed spole\u010denskou nebo politickou p\u0159\u00edslu\u0161nost ale tak\u00e9 podporuj\u00ed r\u016fzn\u00e9 neziskov\u00e9 \u010di charitativn\u00ed organizace, kter\u00e9 se sna\u017e\u00ed pomoc\u00ed p\u0159edm\u011btu reklamn\u00ed magnety na auto dostat do pov\u011bdom\u00ed lid\u00ed probl\u00e9my nap\u0159\u00edklad s nevyl\u00e9\u010diteln\u00fdmi nemocemi jako AIDS, soci\u00e1ln\u00ed probl\u00e9my apod. Reklamn\u00ed magnety na auto jsou vyrobeny \u00a0z gumov\u00e9ho magnetu, na kter\u00e9m je um\u00edst\u011bn potisk na k\u0159\u00eddov\u00e9m pap\u00edru nebo syntetick\u00e9m pap\u00edru, kter\u00fd je pota\u017een f\u00f3li\u00ed nebo prysky\u0159ic\u00ed. Reklamn\u00ed magnety na auto mohou b\u00fdt vyrobeny t\u00e9\u017e z PVC.\u00a0<strong>Pro potisk p\u0159edm\u011btu reklamn\u00ed magnety se v\u017edy pou\u017e\u00edvaj\u00ed barvy odoln\u00e9 v\u016f\u010di UV z\u00e1\u0159en\u00ed. Tyto odoln\u00e9 barvy zabra\u0148uj\u00ed vyblednut\u00ed potisku a barvy jsou stal\u00e9 jasn\u00e9 a \u017e\u00e1\u0159iv\u00e9.<\/strong><\/p>\n<p style=\"text-align: justify;\">Chcete si nechat vyrobit vlastn\u00ed reklamn\u00ed magnetky? Kontaktujte n\u00e1s pro cenovou nab\u00eddku na emailu:<a href=\"mailto:info@predmetyreklamni.eu\">\u00a0info@predmetyreklamni.eu<\/a><\/p>\n<p style=\"text-align: justify;\"><strong>Do cenov\u00e9 popt\u00e1vky pros\u00edm uve\u010fte pot\u0159ebn\u00e9 informace pro cenovou nab\u00eddku jako<\/strong>: mno\u017estv\u00ed, materi\u00e1l, velikost reklamn\u00ed magnetky, barevn\u00e9 proveden\u00ed nebo kombinaci barev, dobu dod\u00e1n\u00ed. V\u0161echny tyto informace n\u00e1m pomohou k rychlej\u0161\u00edmu zpracov\u00e1n\u00ed cenov\u00e9 nab\u00eddky pr\u00e1v\u011b pro V\u00e1s.<\/p>\n<p style=\"text-align: justify;\">T\u011b\u0161\u00edme se na spolupr\u00e1ci! Team Gifts Service<\/p>\n","protected":false},"excerpt":{"rendered":"<p>REKLAMN\u00cd MAGNETY NA AUTO NA ZAK\u00c1ZKU Reklamn\u00ed magnety na auto na zak\u00e1zku Reklamn\u00ed magnety na auto dvoj\u00edho druhu &#8211; reklamn\u00ed magnety na auto, slou\u017e\u00edc\u00ed k propagaci zna\u010dky \u010di firmy a magnety na auto vyjad\u0159uj\u00edc\u00ed osobn\u00ed n\u00e1zor, spole\u010denskou \u010di politickou p\u0159\u00edslu\u0161nost &hellip; <a href=\"https:\/\/predmetyreklamni.eu\/vyrobce\/reklamni-magnety-na-auto\/\">Continue reading <span class=\"meta-nav\">&rarr;<\/span><\/a><\/p>\n","protected":false},"author":1,"featured_media":0,"parent":0,"menu_order":11,"comment_status":"closed","ping_status":"closed","template":"sidebar-page.php","meta":[],"_links":{"self":[{"href":"https:\/\/predmetyreklamni.eu\/vyrobce\/wp-json\/wp\/v2\/pages\/121"}],"collection":[{"href":"https:\/\/predmetyreklamni.eu\/vyrobce\/wp-json\/wp\/v2\/pages"}],"about":[{"href":"https:\/\/predmetyreklamni.eu\/vyrobce\/wp-json\/wp\/v2\/types\/page"}],"author":[{"embeddable":true,"href":"https:\/\/predmetyreklamni.eu\/vyrobce\/wp-json\/wp\/v2\/users\/1"}],"replies":[{"embeddable":true,"href":"https:\/\/predmetyreklamni.eu\/vyrobce\/wp-json\/wp\/v2\/comments?post=121"}],"version-history":[{"count":28,"href":"https:\/\/predmetyreklamni.eu\/vyrobce\/wp-json\/wp\/v2\/pages\/121\/revisions"}],"predecessor-version":[{"id":2982,"href":"https:\/\/predmetyreklamni.eu\/vyrobce\/wp-json\/wp\/v2\/pages\/121\/revisions\/2982"}],"wp:attachment":[{"href":"https:\/\/predmetyreklamni.eu\/vyrobce\/wp-json\/wp\/v2\/media?parent=121"}],"curies":[{"name":"wp","href":"https:\/\/api.w.org\/{rel}","templated":true}]}}