{"id":1220,"date":"2013-07-11T17:34:32","date_gmt":"2013-07-11T17:34:32","guid":{"rendered":"http:\/\/predmetyreklamni.eu\/vyrobce\/?page_id=1220"},"modified":"2020-04-21T06:04:15","modified_gmt":"2020-04-21T06:04:15","slug":"plastove-karty-na-zakazku","status":"publish","type":"page","link":"https:\/\/predmetyreklamni.eu\/vyrobce\/plastove-karty-na-zakazku\/","title":{"rendered":"Plastov\u00e9 karty na zak\u00e1zku"},"content":{"rendered":"<h1 style=\"text-align: justify;\">PLASTOV\u00c9 KARTY NA ZAK\u00c1ZKU<\/h1>\n<h2 style=\"text-align: justify;\">Plastov\u00e9 karty na zak\u00e1zku s vlastn\u00edm designem<\/h2>\n<p style=\"text-align: justify;\"><a href=\"http:\/\/predmetyreklamni.eu\/vyrobce\/wp-content\/uploads\/3.jpg\"><img decoding=\"async\" loading=\"lazy\" class=\"alignleft\" title=\"Plastov\u00e9 karty na zak\u00e1zku\" alt=\"Plastov\u00e9 karty na zak\u00e1zku\" src=\"http:\/\/predmetyreklamni.eu\/vyrobce\/wp-content\/uploads\/3-300x300.jpg\" width=\"300\" height=\"300\" \/><\/a><\/p>\n<div style=\"text-align: justify;\"><span style=\"text-align: justify;\">Plastov\u00e9 karty, plastov\u00e9 vizitky, plastov\u00e9 ID karty, v\u011brnostn\u00ed karty a mnoho dal\u0161\u00edch mo\u017enost\u00ed nab\u00edz\u00ed plastov\u00e9 karty, kter\u00e9 pro V\u00e1s na zak\u00e1zku vyrob\u00edme ve Va\u0161em vlastn\u00edm designu. Nen\u00ed to tak d\u00e1vno, kdy obchodn\u00edci obdarov\u00e1vali sv\u00e9 z\u00e1kazn\u00edky pap\u00edrov\u00fdmi z\u00e1kaznick\u00fdmi kartami, aby ocenili jejich v\u011brnost a poskytli jim tak slevy a bonusy. Hlavn\u00edmi d\u016fvody pro pap\u00edrov\u00e9 karty byly p\u0159edev\u0161\u00edm rychlost vyd\u00e1n\u00ed karty, jednoduchost a tak\u00e9 t\u00e9m\u011b\u0159 nulov\u00e9 n\u00e1klady. Dnes, kdy se firmy hodn\u011b zam\u011b\u0159uj\u00ed na \u00fasporu pap\u00edru a z\u00e1rove\u0148 op\u011btovn\u00e9 vyu\u017eit\u00ed plast\u016f, se staly plastov\u00e9 karty ide\u00e1ln\u011bj\u0161\u00ed volbou pro tyto z\u00e1kaznick\u00e9 karty a nav\u00edc maj\u00ed plastov\u00e9 karty na zak\u00e1zku del\u0161\u00ed \u017eivotnost a jsou mnohem poutav\u011bj\u0161\u00ed a proto n\u00e1kladov\u011b efektivn\u011bj\u0161\u00ed.\u00a0<\/span><\/div>\n<div style=\"text-align: justify;\"><\/div>\n<div style=\"text-align: justify;\"><div class=\"aio-button-right\"><div class=\"aio-pulse\"><a href=\"http:\/\/predmetyreklamni.eu\/vyrobce\/plastove-karty-s-potiskem\/\" class=\"aio-blue\" title=\"PLASTOV\u00c9 KARTY NAB\u00cdDKA &gt;&gt;&gt;\">PLASTOV\u00c9 KARTY NAB\u00cdDKA &gt;&gt;&gt;<\/a><\/div><\/div><\/div>\n<div style=\"text-align: center;\"><a title=\"Plastov\u00e9 karty na zak\u00e1zku nab\u00eddka\" href=\"http:\/\/predmetyreklamni.eu\/vyrobce\/plastove-karty-na-zakazku\/plastove-karty-s-potiskem\/\" target=\"_blank\"><span style=\"text-align: justify;\">\u00a0<\/span><\/a><\/div>\n<h2 style=\"text-align: justify;\">Plastov\u00e9 karty na zak\u00e1zku materi\u00e1ly<\/h2>\n<p style=\"text-align: justify;\">Pro v\u00fdrobu plastov\u00e9 karty na zak\u00e1zku se pou\u017e\u00edvaj\u00ed materi\u00e1ly jako silikon, PET, ABC a PVC. K v\u00fdrob\u011b plastov\u00e9 karty na zak\u00e1zku od n\u00e1s se z 99% pou\u017e\u00edvaj\u00ed materi\u00e1ly PVC. Materi\u00e1l PVC je hojn\u011b vyu\u017e\u00edv\u00e1n v pr\u016fmyslu pro svou odolnost a pevnost. To znamen\u00e1, \u017ee plastov\u00e9 karty na zak\u00e1zku jsou velmi odoln\u00e9 proti zni\u010den\u00ed a velmi t\u011b\u017eko je nap\u0159\u00edklad zlom\u00edte nap\u016fl.<\/p>\n<p style=\"text-align: justify;\">\u00a0<span style=\"color: #000000; font-weight: bold;\">Plastov\u00e9 karty na zak\u00e1zku vyu\u017eit\u00ed<\/span><\/p>\n<p style=\"text-align: justify;\">Plastov\u00e9 karty maj\u00ed hojn\u00e9 vyu\u017eit\u00ed a jejich p\u0159\u00edtomnost v \u017eivot\u011b lid\u00ed je ji\u017e skoro neodmysliteln\u00e1. Plastov\u00e9 karty V\u00e1m vyrob\u00edme na zak\u00e1zku a jejich vyu\u017eit\u00ed je jen na V\u00e1s &#8211; lze je pou\u017e\u00edt jako \u010dlensk\u00e9 karty, bonusov\u00e9 karty, z\u00e1kaznick\u00e9 karty, slevov\u00e9 karty. Plastov\u00e9 karty jsou dobr\u00fdm zp\u016fsobem motivace pro Va\u0161e z\u00e1kazn\u00edky a z\u00e1rove\u0148 budov\u00e1n\u00ed z\u00e1kaznick\u00e9 z\u00e1kladny. V dne\u0161n\u00ed dob\u011b, kdy nakupov\u00e1n\u00ed se st\u00e1v\u00e1 i kon\u00ed\u010dkem n\u011bkter\u00fdch lid\u00ed, jsou plastov\u00e9 v\u011brnostn\u00ed karty, slevov\u00e9 plastov\u00e9 karty, \u010dlensk\u00e9 karty, z\u00e1kaznick\u00e9 karty pln\u00e9 pen\u011b\u017eenek. V n\u00e1kupn\u00edch centrech snad nenajdete prodejce, kter\u00fd by nenab\u00edzel plastov\u00e9 karty pro sv\u00e9 z\u00e1kazn\u00edky a proto, nechat si vyrobit plastov\u00e9 karty na zak\u00e1zku je dobr\u00fdm tahem, jak se za\u0159adit mezi spole\u010dnosti nab\u00edzej\u00edc\u00ed v\u011brnostn\u00ed program pro sv\u00e9 z\u00e1kazn\u00edky.<\/p>\n<h2 style=\"text-align: justify;\">Plastov\u00e9 karty na zak\u00e1zku pou\u017eit\u00ed<\/h2>\n<p style=\"text-align: justify;\">Plastov\u00e9 karty na zak\u00e1zku maj\u00ed \u0161irok\u00e9 pou\u017eit\u00ed v podnic\u00edch, bank\u00e1ch, hotelech, obchodn\u00edch <a href=\"http:\/\/predmetyreklamni.eu\/vyrobce\/wp-content\/uploads\/2.jpg\"><img decoding=\"async\" loading=\"lazy\" class=\"alignright size-medium wp-image-1246\" title=\"Reklamn\u00ed plastov\u00e9 karty na zak\u00e1zku\" alt=\"Reklamn\u00ed plastov\u00e9 karty na zak\u00e1zku\" src=\"http:\/\/predmetyreklamni.eu\/vyrobce\/wp-content\/uploads\/2-300x195.jpg\" width=\"300\" height=\"195\" srcset=\"https:\/\/predmetyreklamni.eu\/vyrobce\/wp-content\/uploads\/2-300x195.jpg 300w, https:\/\/predmetyreklamni.eu\/vyrobce\/wp-content\/uploads\/2-1024x666.jpg 1024w, https:\/\/predmetyreklamni.eu\/vyrobce\/wp-content\/uploads\/2-461x300.jpg 461w, https:\/\/predmetyreklamni.eu\/vyrobce\/wp-content\/uploads\/2.jpg 1419w\" sizes=\"(max-width: 300px) 100vw, 300px\" \/><\/a>domech, \u0161kol\u00e1ch a univerzit\u00e1ch a mnoha dal\u0161\u00edch m\u00edstech, kde je nutn\u00e1 identifikace pracovn\u00edk\u016f a osob pohybuj\u00edc\u00edch se v priv\u00e1tn\u00edch prostorech. Plastov\u00e9 karty mohou b\u00fdt na zak\u00e1zku vyrobeny tak, aby pou\u017eit\u00ed bylo mo\u017en\u00e9 jako identifika\u010dn\u00ed karty, VIP karty, \u010dlensk\u00e9 karty, p\u0159\u00edv\u011bsky na kl\u00ed\u010de, vizitky, kalend\u00e1\u0159e, d\u00e1rkov\u00e9 karty a dal\u0161\u00ed. Velmi praktick\u00e9 pou\u017eit\u00ed plastov\u00e9 karty je v podob\u011b vizitky, kdy jejich \u017eivotnost je mnohem del\u0161\u00ed ne\u017e b\u011b\u017en\u00e9 pap\u00edrov\u00e9 vizitky.<\/p>\n<p style=\"text-align: justify;\">Zaujaly V\u00e1s na\u0161e plastov\u00e9 karty a chcete si je nechat na zak\u00e1zku vyrobit p\u0159\u00edmo od v\u00fdrobce. Kontaktujte n\u00e1s pro cenovou nab\u00eddku na emailu:<a href=\"mailto:info@predmetyreklamni.eu\">\u00a0info@predmetyreklamni.eu<\/a><\/p>\n<p style=\"text-align: justify;\"><strong>Do cenov\u00e9 popt\u00e1vky pros\u00edm uve\u010fte pot\u0159ebn\u00e9 informace pro cenovou nab\u00eddku jako<\/strong>: mno\u017estv\u00ed, velikost, barevn\u00e9 proveden\u00ed nebo kombinaci barev, dobu dod\u00e1n\u00ed. V\u0161echny tyto informace n\u00e1m pomohou k rychlej\u0161\u00edmu zpracov\u00e1n\u00ed cenov\u00e9 nab\u00eddky pr\u00e1v\u011b pro V\u00e1s.<\/p>\n<p style=\"text-align: justify;\">T\u011b\u0161\u00edme se na spolupr\u00e1ci! Team Gifts Service<\/p>\n","protected":false},"excerpt":{"rendered":"<p>PLASTOV\u00c9 KARTY NA ZAK\u00c1ZKU Plastov\u00e9 karty na zak\u00e1zku s vlastn\u00edm designem Plastov\u00e9 karty, plastov\u00e9 vizitky, plastov\u00e9 ID karty, v\u011brnostn\u00ed karty a mnoho dal\u0161\u00edch mo\u017enost\u00ed nab\u00edz\u00ed plastov\u00e9 karty, kter\u00e9 pro V\u00e1s na zak\u00e1zku vyrob\u00edme ve Va\u0161em vlastn\u00edm designu. Nen\u00ed to tak &hellip; <a href=\"https:\/\/predmetyreklamni.eu\/vyrobce\/plastove-karty-na-zakazku\/\">Continue reading <span class=\"meta-nav\">&rarr;<\/span><\/a><\/p>\n","protected":false},"author":1,"featured_media":0,"parent":0,"menu_order":15,"comment_status":"closed","ping_status":"closed","template":"sidebar-page.php","meta":[],"_links":{"self":[{"href":"https:\/\/predmetyreklamni.eu\/vyrobce\/wp-json\/wp\/v2\/pages\/1220"}],"collection":[{"href":"https:\/\/predmetyreklamni.eu\/vyrobce\/wp-json\/wp\/v2\/pages"}],"about":[{"href":"https:\/\/predmetyreklamni.eu\/vyrobce\/wp-json\/wp\/v2\/types\/page"}],"author":[{"embeddable":true,"href":"https:\/\/predmetyreklamni.eu\/vyrobce\/wp-json\/wp\/v2\/users\/1"}],"replies":[{"embeddable":true,"href":"https:\/\/predmetyreklamni.eu\/vyrobce\/wp-json\/wp\/v2\/comments?post=1220"}],"version-history":[{"count":38,"href":"https:\/\/predmetyreklamni.eu\/vyrobce\/wp-json\/wp\/v2\/pages\/1220\/revisions"}],"predecessor-version":[{"id":4181,"href":"https:\/\/predmetyreklamni.eu\/vyrobce\/wp-json\/wp\/v2\/pages\/1220\/revisions\/4181"}],"wp:attachment":[{"href":"https:\/\/predmetyreklamni.eu\/vyrobce\/wp-json\/wp\/v2\/media?parent=1220"}],"curies":[{"name":"wp","href":"https:\/\/api.w.org\/{rel}","templated":true}]}}