{"id":1313,"date":"2013-07-19T08:08:24","date_gmt":"2013-07-19T08:08:24","guid":{"rendered":"http:\/\/predmetyreklamni.eu\/vyrobce\/?page_id=1313"},"modified":"2020-04-21T06:04:14","modified_gmt":"2020-04-21T06:04:14","slug":"reklamni-kapesnicky-na-zakazku","status":"publish","type":"page","link":"https:\/\/predmetyreklamni.eu\/vyrobce\/reklamni-kapesnicky-na-zakazku\/","title":{"rendered":"Reklamn\u00ed kapesn\u00ed\u010dky na zak\u00e1zku"},"content":{"rendered":"<h1 style=\"text-align: justify;\">REKLAMN\u00cd KAPESN\u00cd\u010cKY NA ZAK\u00c1ZKU<\/h1>\n<h2 style=\"text-align: justify;\">Reklamn\u00ed kapesn\u00ed\u010dky na zak\u00e1zku<\/h2>\n<p style=\"text-align: justify;\">Reklamn\u00ed kapesn\u00ed\u010dky na zak\u00e1zku s vlastn\u00edm designem jsou st\u00e1lic\u00ed mezi reklamn\u00edmi <a href=\"http:\/\/predmetyreklamni.eu\/vyrobce\/wp-content\/uploads\/reklamn\u00ed-kapesn\u00ed\u010dky-na-zak\u00e1zku.jpg\"><img decoding=\"async\" loading=\"lazy\" class=\"size-thumbnail wp-image-1953 alignright\" title=\"reklamn\u00ed kapesn\u00ed\u010dky na zak\u00e1zku\" alt=\"reklamn\u00ed kapesn\u00ed\u010dky na zak\u00e1zku\" src=\"http:\/\/predmetyreklamni.eu\/vyrobce\/wp-content\/uploads\/reklamn\u00ed-kapesn\u00ed\u010dky-na-zak\u00e1zku-150x150.jpg\" width=\"150\" height=\"150\" \/><\/a>p\u0159edm\u011bty a mezi z\u00e1kazn\u00edky jsou st\u00e1le obl\u00edben\u00e9. Reklamn\u00ed kapesn\u00ed\u010dky na zak\u00e1zku pat\u0159\u00ed mezi reklamn\u00ed p\u0159edm\u011bty s n\u00edzkou po\u0159izovac\u00ed cenou. Jsou lehk\u00e9, snadno se distribuuj\u00ed a mohou b\u00fdt jednodu\u0161e a ekologicky recyklov\u00e1ny. Reklamn\u00ed kapesn\u00ed\u010dky na zak\u00e1zku pomohou Va\u0161\u00ed spole\u010dnosti levn\u011b a efektivn\u011b propagovat zna\u010dku, propaga\u010dn\u00ed akci, zbo\u017e\u00ed, slu\u017eby \u010di jin\u00e1 sd\u011blen\u00ed.<\/p>\n<h2 style=\"text-align: justify;\">Reklamn\u00ed kapesn\u00ed\u010dky na zak\u00e1zku nab\u00eddka<\/h2>\n<p style=\"text-align: justify;\">N\u00ed\u017ee V\u00e1m p\u0159edstav\u00edme \u010dty\u0159i z\u00e1kladn\u00ed typy produktu reklamn\u00ed\u00a0kapesn\u00ed\u010dky\u00a0na zak\u00e1zku.\u00a0V\u0161echny typy nab\u00edz\u00edme v mnoha stylech, barv\u00e1ch, velikostech, tvarech.<\/p>\n<p style=\"text-align: justify;\"><em>Klikn\u011bte pro v\u00edce informac\u00ed<\/em><\/p>\n<div style=\"width: 204px\" class=\"wp-caption alignleft\"><a href=\"http:\/\/predmetyreklamni.eu\/vyrobce\/reklamni-kapesnicky-na-zakazku\/kapesniky-v-krabicce-s-potiskem-na-zakazku\/\" target=\"_blank\"><img decoding=\"async\" loading=\"lazy\" class=\" hover   \" title=\"Kapesn\u00ed\u010dky v krabi\u010dce na zak\u00e1zku\" alt=\"Kapesn\u00ed\u010dky v krabi\u010dce na zak\u00e1zku\" src=\"http:\/\/predmetyreklamni.eu\/vyrobce\/wp-content\/uploads\/Kapesn\u00ed\u010dky-v-krabi\u010dce-na-zak\u00e1zku.jpg\" width=\"194\" height=\"194\" \/><\/a><p class=\"wp-caption-text\">KAPESN\u00cd\u010cKY V KRABI\u010cCE<\/p><\/div>\n<div id=\"attachment_1975\" style=\"width: 226px\" class=\"wp-caption alignright\"><a href=\"http:\/\/predmetyreklamni.eu\/vyrobce\/reklamni-kapesnicky-na-zakazku\/reklamni-kapesnicky-s-potiskem\/\" target=\"_blank\"><img aria-describedby=\"caption-attachment-1975\" decoding=\"async\" loading=\"lazy\" class=\"hover   \" title=\" Kapesn\u00ed\u010dky s potiskem na zak\u00e1zku\" alt=\" Kapesn\u00ed\u010dky s potiskem na zak\u00e1zku\" src=\"http:\/\/predmetyreklamni.eu\/vyrobce\/wp-content\/uploads\/Kapesn\u00ed\u010dky-s-potiskem-na-zak\u00e1zku1-300x253.jpg\" width=\"216\" height=\"182\" \/><\/a><p id=\"caption-attachment-1975\" class=\"wp-caption-text\">KAPESN\u00cd\u010cKY S POTISKEM<\/p><\/div>\n<p style=\"text-align: justify;\"><a href=\"http:\/\/predmetyreklamni.eu\/vyrobce\/reklamni-kapesnicky-na-zakazku\/kapesniky-v-krabicce-s-potiskem-na-zakazku\/\" target=\"_blank\">\u00a0<\/a>\u00a0<a href=\"http:\/\/predmetyreklamni.eu\/vyrobce\/wp-content\/uploads\/Kapesn\u00ed\u010dky-v-krabi\u010dce-na-zak\u00e1zku.jpg\"><br \/>\n<\/a><\/p>\n<p>&nbsp;<\/p>\n<p>&nbsp;<\/p>\n<p>&nbsp;<\/p>\n<p>&nbsp;<\/p>\n<p>&nbsp;<\/p>\n<div id=\"attachment_1970\" style=\"width: 226px\" class=\"wp-caption alignleft\"><a href=\"http:\/\/predmetyreklamni.eu\/vyrobce\/reklamni-kapesnicky-na-zakazku\/vlhcene-kapesniky-na-zakazku\/\" target=\"_blank\"><img aria-describedby=\"caption-attachment-1970\" decoding=\"async\" loading=\"lazy\" class=\"hover    \" title=\"Reklamn\u00ed vlh\u010den\u00e9 kapesn\u00ed\u010dky na zak\u00e1zku\" alt=\"Reklamn\u00ed vlh\u010den\u00e9 kapesn\u00ed\u010dky na zak\u00e1zku\" src=\"http:\/\/predmetyreklamni.eu\/vyrobce\/wp-content\/uploads\/Reklamn\u00ed-vlh\u010den\u00e9-kapesn\u00ed\u010dky-na-zak\u00e1zku2-300x225.jpg\" width=\"216\" height=\"162\" \/><\/a><p id=\"caption-attachment-1970\" class=\"wp-caption-text\">VLH\u010cEN\u00c9 KAPESN\u00cd\u010cKY<\/p><\/div>\n<div id=\"attachment_1968\" style=\"width: 226px\" class=\"wp-caption alignright\"><a href=\"http:\/\/predmetyreklamni.eu\/vyrobce\/reklamni-kapesnicky-na-zakazku\/papirove-ubrousky-s-potiskem\/\" target=\"_blank\"><img aria-describedby=\"caption-attachment-1968\" decoding=\"async\" loading=\"lazy\" class=\"hover    \" title=\"Reklamn\u00ed pap\u00edrov\u00e9 kapesn\u00ed\u010dky s potiskem\" alt=\"Reklamn\u00ed pap\u00edrov\u00e9 kapesn\u00ed\u010dky s potiskem\" src=\"http:\/\/predmetyreklamni.eu\/vyrobce\/wp-content\/uploads\/Reklamn\u00ed-pap\u00edrov\u00e9-kapesn\u00ed\u010dky-s-potiskem-300x223.jpg\" width=\"216\" height=\"160\" \/><\/a><p id=\"caption-attachment-1968\" class=\"wp-caption-text\">UBROUSKY S POTISKEM<\/p><\/div>\n<h2 style=\"text-align: justify;\">Kapesn\u00ed\u010dky na zak\u00e1zku jako reklamn\u00ed p\u0159edm\u011bt<\/h2>\n<p style=\"text-align: justify;\">Kapesn\u00ed\u010dky na zak\u00e1zku jsou reklamn\u00ed p\u0159edm\u011bt, kter\u00fd se d\u00e1 vyrobit recyklovan\u00e9ho pap\u00edru. Va\u0161i z\u00e1kazn\u00edci v dne\u0161n\u00ed dob\u011b d\u016fraz na ekologii ocen\u00ed. Kapesn\u00ed\u010dky na zak\u00e1zku jako reklamn\u00ed p\u0159edm\u011bt jsou v\u00fdhodn\u00e9 v tom, \u017ee nab\u00edz\u00ed velkou plochu pro Va\u0161i propagaci. Na zak\u00e1zku m\u016f\u017eete nechat obal na kapesn\u00ed\u010dky potisknout logem, zna\u010dkou, sloganem, obr\u00e1zkem, n\u00e1zvem propaga\u010dn\u00ed akce nebo jin\u00fdm sd\u011blen\u00edm, kter\u00e9 chcete sv\u00fdm z\u00e1kazn\u00edk\u016fm p\u0159edat.\u00a0Reklamn\u00ed kapesn\u00ed\u010dky\u00a0na zak\u00e1zku jsou bezpochyby velmi efektivn\u00edm a cenov\u011b v\u00fdhodn\u00fdm zp\u016fsobem jak z\u00edskat pozornost potenci\u00e1ln\u00edch z\u00e1kazn\u00edk\u016f nebo obchodn\u00edch partner\u016f. Od v\u00fdstav a veletrh\u016f p\u0159es restaurace a\u017e po koncov\u00e9 z\u00e1kazn\u00edky jsou reklamn\u00ed kapesn\u00ed\u010dky\u00a0na zak\u00e1zku tou spr\u00e1vnou volbou!\u00a0Reklamn\u00ed\u00a0kapesn\u00ed\u010dky\u00a0na zak\u00e1zku d\u00edky sv\u00e9 univerz\u00e1lnosti a prakti\u010dnosti vyu\u017eijete p\u0159i v\u0161ech p\u0159\u00edle\u017eitostech.<\/p>\n<h2 style=\"text-align: justify;\">Reklamn\u00ed kapesn\u00ed\u010dky na zak\u00e1zku nab\u00eddka<\/h2>\n<p style=\"text-align: justify;\">Jako seri\u00f3zn\u00ed z\u00e1stupce v\u00fdrobce p\u0159edm\u011btu reklamn\u00ed kapesn\u00ed\u010dky na zak\u00e1zku, V\u00e1m nab\u00edz\u00edme spolehliv\u00fd rychl\u00fd servis, p\u0159\u00e1telsk\u00fd p\u0159\u00edstup a vysokou kvalitu. Na\u0161\u00edm c\u00edlem je uspokojit pot\u0159eby i n\u00e1ro\u010dn\u00fdch z\u00e1kazn\u00edk\u016f, a proto vyr\u00e1b\u00edme reklamn\u00ed kapesn\u00ed\u010dky na zak\u00e1zku.\u00a0A\u0165 u\u017e je Va\u0161e p\u0159\u00e1n\u00ed jak\u00e9koliv, s na\u0161\u00ed velkou nab\u00eddkou mnoha styl\u016f jist\u011b zajist\u00edme, \u017ee\u00a0reklamn\u00ed kapesn\u00ed\u010dky\u00a0budou p\u0159esn\u011b odpov\u00eddat Va\u0161\u00ed p\u0159edstav\u011b. \u00a0Zvy\u0161te pov\u011bdom\u00ed o sv\u00e9 firm\u011b, zna\u010dce nebo propagujte svou reklamn\u00ed akci.<\/p>\n<p style=\"text-align: justify;\">Zaujala V\u00e1s na\u0161e nab\u00eddka a chcete si nechat na zak\u00e1zku vyrobit reklamn\u00ed kapesn\u00ed\u010dky a obdarovat sv\u00e9 z\u00e1kazn\u00edky \u010di obchodn\u00ed partnery? Kontaktujte n\u00e1s pro cenovou nab\u00eddku na emailu:<a href=\"mailto:info@predmetyreklamni.eu\">\u00a0info@predmetyreklamni.eu<\/a><\/p>\n<p style=\"text-align: justify;\"><strong>Do cenov\u00e9 popt\u00e1vky pros\u00edm uve\u010fte pot\u0159ebn\u00e9 informace pro cenovou nab\u00eddku jako<\/strong>: mno\u017estv\u00ed, velikost, barevn\u00e9 proveden\u00ed nebo kombinaci barev, dobu dod\u00e1n\u00ed. V\u0161echny tyto informace n\u00e1m pomohou k rychlej\u0161\u00edmu zpracov\u00e1n\u00ed cenov\u00e9 nab\u00eddky pr\u00e1v\u011b pro V\u00e1s.<\/p>\n<p style=\"text-align: justify;\">T\u011b\u0161\u00edme se na spolupr\u00e1ci! Team Gifts Service<\/p>\n<p style=\"text-align: justify;\">_________________________________________________________________________<\/p>\n<p style=\"text-align: justify;\">Available languages:<\/p>\n<p><a title=\"Reklamowe chusteczki papierowe\" href=\"http:\/\/www.papierowe-serwetki.pl\/\" target=\"_blank\">Reklamowe chusteczki papierowe<\/a>\u00a0\u00a0<a title=\"Werbe Papierservietten\" href=\"http:\/\/www.papier-accessoires.de\/\" target=\"_blank\">Werbe\u00a0Papierservietten<\/a>\u00a0 \u00a0<a title=\"Egyedi pap\u00edrzsebkend\u0151k\" href=\"http:\/\/papirzsebkendok.hu\/\" target=\"_blank\">Egyedi pap\u00edrzsebkend\u0151k<\/a><\/p>\n<p><a title=\"Servetele promotionale\" href=\"http:\/\/servetele-promotionale.ro\/\" target=\"_blank\">Servetele promotionale<\/a>\u00a0 <a title=\"Custom made paper tissues\" href=\"http:\/\/www.paper-tissue.com\/\" target=\"_blank\">Custom made paper tissues<\/a><\/p>\n","protected":false},"excerpt":{"rendered":"<p>REKLAMN\u00cd KAPESN\u00cd\u010cKY NA ZAK\u00c1ZKU Reklamn\u00ed kapesn\u00ed\u010dky na zak\u00e1zku Reklamn\u00ed kapesn\u00ed\u010dky na zak\u00e1zku s vlastn\u00edm designem jsou st\u00e1lic\u00ed mezi reklamn\u00edmi p\u0159edm\u011bty a mezi z\u00e1kazn\u00edky jsou st\u00e1le obl\u00edben\u00e9. Reklamn\u00ed kapesn\u00ed\u010dky na zak\u00e1zku pat\u0159\u00ed mezi reklamn\u00ed p\u0159edm\u011bty s n\u00edzkou po\u0159izovac\u00ed cenou. Jsou lehk\u00e9, &hellip; <a href=\"https:\/\/predmetyreklamni.eu\/vyrobce\/reklamni-kapesnicky-na-zakazku\/\">Continue reading <span class=\"meta-nav\">&rarr;<\/span><\/a><\/p>\n","protected":false},"author":1,"featured_media":0,"parent":0,"menu_order":12,"comment_status":"closed","ping_status":"closed","template":"sidebar-page.php","meta":[],"_links":{"self":[{"href":"https:\/\/predmetyreklamni.eu\/vyrobce\/wp-json\/wp\/v2\/pages\/1313"}],"collection":[{"href":"https:\/\/predmetyreklamni.eu\/vyrobce\/wp-json\/wp\/v2\/pages"}],"about":[{"href":"https:\/\/predmetyreklamni.eu\/vyrobce\/wp-json\/wp\/v2\/types\/page"}],"author":[{"embeddable":true,"href":"https:\/\/predmetyreklamni.eu\/vyrobce\/wp-json\/wp\/v2\/users\/1"}],"replies":[{"embeddable":true,"href":"https:\/\/predmetyreklamni.eu\/vyrobce\/wp-json\/wp\/v2\/comments?post=1313"}],"version-history":[{"count":62,"href":"https:\/\/predmetyreklamni.eu\/vyrobce\/wp-json\/wp\/v2\/pages\/1313\/revisions"}],"predecessor-version":[{"id":4177,"href":"https:\/\/predmetyreklamni.eu\/vyrobce\/wp-json\/wp\/v2\/pages\/1313\/revisions\/4177"}],"wp:attachment":[{"href":"https:\/\/predmetyreklamni.eu\/vyrobce\/wp-json\/wp\/v2\/media?parent=1313"}],"curies":[{"name":"wp","href":"https:\/\/api.w.org\/{rel}","templated":true}]}}