{"id":1316,"date":"2013-07-19T08:41:09","date_gmt":"2013-07-19T08:41:09","guid":{"rendered":"http:\/\/predmetyreklamni.eu\/vyrobce\/?page_id=1316"},"modified":"2020-04-21T06:04:14","modified_gmt":"2020-04-21T06:04:14","slug":"papirove-ubrousky-s-potiskem","status":"publish","type":"page","link":"https:\/\/predmetyreklamni.eu\/vyrobce\/sk\/papirove-ubrousky-s-potiskem\/","title":{"rendered":"Pap\u00edrov\u00e9 ubrousky s potiskem"},"content":{"rendered":"<h1 style=\"text-align: justify;\">PAP\u00cdROV\u00c9 UBROUSKY S POTISKEM<\/h1>\n<h2 style=\"text-align: justify;\">Reklamn\u00ed pap\u00edrov\u00e9 ubrousky s potiskem<\/h2>\n<p style=\"text-align: justify;\"><a href=\"http:\/\/predmetyreklamni.eu\/vyrobce\/wp-content\/uploads\/Reklamn\u00ed-pap\u00edrov\u00e9-ubrousky-s-potiskem.jpg\"><img decoding=\"async\" loading=\"lazy\" class=\"alignleft  wp-image-2026\" title=\"Reklamn\u00ed pap\u00edrov\u00e9 ubrousky s potiskem\" alt=\"Reklamn\u00ed pap\u00edrov\u00e9 ubrousky s potiskem\" src=\"http:\/\/predmetyreklamni.eu\/vyrobce\/wp-content\/uploads\/Reklamn\u00ed-pap\u00edrov\u00e9-ubrousky-s-potiskem-300x300.jpg\" width=\"192\" height=\"192\" srcset=\"https:\/\/predmetyreklamni.eu\/vyrobce\/wp-content\/uploads\/Reklamn\u00ed-pap\u00edrov\u00e9-ubrousky-s-potiskem-300x300.jpg 300w, https:\/\/predmetyreklamni.eu\/vyrobce\/wp-content\/uploads\/Reklamn\u00ed-pap\u00edrov\u00e9-ubrousky-s-potiskem-150x150.jpg 150w, https:\/\/predmetyreklamni.eu\/vyrobce\/wp-content\/uploads\/Reklamn\u00ed-pap\u00edrov\u00e9-ubrousky-s-potiskem.jpg 500w\" sizes=\"(max-width: 192px) 100vw, 192px\" \/><\/a>Dal\u0161\u00edm a velice obl\u00edben\u00fdm produktem, kter\u00fd nab\u00edz\u00edme, jsou pap\u00edrov\u00e9 ubrousky s potiskem. Tento produkt pat\u0159\u00ed mezi jeden z nejprod\u00e1van\u011bj\u0161\u00edch. Pap\u00edrov\u00e9 ubrousky s potiskem nab\u00edz\u00ed velk\u00fd prostor pro Va\u0161i reklamu a Vy tak m\u016f\u017eete pap\u00edrov\u00e9 ubrousky opat\u0159it potiskem loga, zna\u010dkou, obr\u00e1zkem \u010di jin\u00fdm sd\u011blen\u00edm. Pap\u00edrov\u00e9 ubrousky s Va\u0161\u00edm potiskem pak m\u016f\u017eete vyu\u017e\u00edt k propagaci v restaurac\u00edch, barech, hotelech, p\u0159i spole\u010densk\u00fdch akc\u00edch a dal\u0161\u00edch p\u0159\u00edle\u017eitostech.\u00a0Pap\u00edrov\u00e9 ubrousky mohou n\u00e9st Va\u0161e logo, zna\u010dku nebo jakoukoliv grafiku. \u00a0Mohou b\u00fdt opat\u0159eny potiskem z jedn\u00e9 nebo obou stran. Va\u0161e sd\u011blen\u00ed pak snad distribuujete k Va\u0161im z\u00e1kazn\u00edk\u016fm a tak\u00e9 nov\u00fdm potencion\u00e1ln\u00edm z\u00e1kazn\u00edk\u016fm. Pap\u00edrov\u00e9 ubrousky s potiskem jsou dostupn\u00e9 v jak\u00e9mkoliv mno\u017estv\u00ed, designu, velikosti \u010di barv\u011b.<\/p>\n<h2 style=\"text-align: justify;\">Pap\u00edrov\u00e9 reklamn\u00ed ubrousky s potiskem nab\u00eddka<\/h2>\n<p style=\"text-align: justify;\">N\u00ed\u017ee se nach\u00e1z\u00ed nab\u00eddka s mo\u017enostmi, kter\u00e9 pap\u00edrov\u00e9 reklamn\u00ed ubrousky s potiskem poskytuj\u00ed. \u00a0M\u00e1te jinou p\u0159edstavu o sv\u00e9m produktu pap\u00edrov\u00e9 ubrousky s potiskem? <a href=\"mailto:info@predmetyreklamni.eu\">Kontaktujte <\/a>n\u00e1s s cenovou popt\u00e1vkou.<\/p>\n<h2 style=\"text-align: justify;\">Pap\u00edrov\u00e9 ubrousky ve tvaru na zak\u00e1zku a s potiskem<\/h2>\n<p style=\"text-align: justify;\"><a href=\"http:\/\/predmetyreklamni.eu\/vyrobce\/wp-content\/uploads\/Pap\u00edrov\u00e9-ubrousky-ve-tvaru-na-zak\u00e1zku-a-s-potiskem.jpg\"><img decoding=\"async\" loading=\"lazy\" class=\"alignleft size-medium wp-image-2038\" title=\"Pap\u00edrov\u00e9 ubrousky ve tvaru na zak\u00e1zku a s potiskem\" alt=\"Pap\u00edrov\u00e9 ubrousky ve tvaru na zak\u00e1zku a s potiskem\" src=\"http:\/\/predmetyreklamni.eu\/vyrobce\/wp-content\/uploads\/Pap\u00edrov\u00e9-ubrousky-ve-tvaru-na-zak\u00e1zku-a-s-potiskem-300x200.jpg\" width=\"300\" height=\"200\" srcset=\"https:\/\/predmetyreklamni.eu\/vyrobce\/wp-content\/uploads\/Pap\u00edrov\u00e9-ubrousky-ve-tvaru-na-zak\u00e1zku-a-s-potiskem-300x200.jpg 300w, https:\/\/predmetyreklamni.eu\/vyrobce\/wp-content\/uploads\/Pap\u00edrov\u00e9-ubrousky-ve-tvaru-na-zak\u00e1zku-a-s-potiskem-449x300.jpg 449w, https:\/\/predmetyreklamni.eu\/vyrobce\/wp-content\/uploads\/Pap\u00edrov\u00e9-ubrousky-ve-tvaru-na-zak\u00e1zku-a-s-potiskem.jpg 640w\" sizes=\"(max-width: 300px) 100vw, 300px\" \/><\/a>Pap\u00edrov\u00e9 ubrousky ve tvaru tri\u010dka jsou vyroben\u00e9 na zak\u00e1zku. Ubrousky jsou vyrobeny ze 100% celul\u00f3zy. Tyto pap\u00edrov\u00e9 ubrousky jsou perfektn\u00ed pro potisk a jsou velice efektn\u00ed. Mohou b\u00fdt nap\u0159\u00edklad na t\u00e9ma fotbal, hokej, basketbal. Origin\u00e1ln\u00ed ubrousky s potiskem pro propagaci Va\u0161eho sportovn\u00edho t\u00fdmu, klubu origin\u00e1ln\u00edm zp\u016fsobem.<br \/>\n<strong>Min. objedn\u00e1vka:<\/strong>\u00a0100.000 ks<br \/>\n<strong>Rozm\u011bry ubrousku: <\/strong>33 x 33 cm, 40 x 40 cm \u00a0nebo na zak\u00e1zku,\u00a03-vrstv\u00e9, 4-vrstv\u00e9<br \/>\n<strong>Potisk<\/strong>: na zak\u00e1zku<br \/>\n<strong>Cena<\/strong>:\u00a0<a href=\"mailto:info@predmetyreklamni.eu\">ZASLAT POPT\u00c1VKU<\/a><\/p>\n<h2 style=\"text-align: justify;\">Reklamn\u00ed pap\u00edrov\u00e9 ubrousky s potiskem<\/h2>\n<p style=\"text-align: justify;\"><a href=\"http:\/\/predmetyreklamni.eu\/vyrobce\/wp-content\/uploads\/Reklamn\u00ed-pap\u00edrov\u00e9-ubrousky-s-potiskem-na-zak\u00e1zku1.jpg\"><img decoding=\"async\" loading=\"lazy\" class=\"alignright size-medium wp-image-2167\" title=\"Reklamn\u00ed pap\u00edrov\u00e9 ubrousky s potiskem na zak\u00e1zku\" alt=\"Reklamn\u00ed pap\u00edrov\u00e9 ubrousky s potiskem na zak\u00e1zku\" src=\"http:\/\/predmetyreklamni.eu\/vyrobce\/wp-content\/uploads\/Reklamn\u00ed-pap\u00edrov\u00e9-ubrousky-s-potiskem-na-zak\u00e1zku1-300x205.jpg\" width=\"300\" height=\"205\" srcset=\"https:\/\/predmetyreklamni.eu\/vyrobce\/wp-content\/uploads\/Reklamn\u00ed-pap\u00edrov\u00e9-ubrousky-s-potiskem-na-zak\u00e1zku1-300x205.jpg 300w, https:\/\/predmetyreklamni.eu\/vyrobce\/wp-content\/uploads\/Reklamn\u00ed-pap\u00edrov\u00e9-ubrousky-s-potiskem-na-zak\u00e1zku1-438x300.jpg 438w, https:\/\/predmetyreklamni.eu\/vyrobce\/wp-content\/uploads\/Reklamn\u00ed-pap\u00edrov\u00e9-ubrousky-s-potiskem-na-zak\u00e1zku1.jpg 545w\" sizes=\"(max-width: 300px) 100vw, 300px\" \/><\/a>Tyto reklamn\u00ed pap\u00edrov\u00e9 ubrousky s origin\u00e1ln\u00ed potiskem jsou ide\u00e1ln\u00ed pro v\u00fdznamn\u00e9 spole\u010densk\u00e9 akce jako jsou svatby, oslavy sv\u00e1tk\u016f, firemn\u00ed ve\u010d\u00edrky \u010di silvestrovsk\u00e9 oslavy. Ubrousky jsou vyrobeny ze 100% celul\u00f3zy a mohou b\u00fdt opat\u0159eny potiskem dle Va\u0161eho zad\u00e1n\u00ed a to ve v\u0161ech barv\u00e1ch.<br \/>\n<strong style=\"color: inherit;\">Min. objedn\u00e1vka:<\/strong>\u00a0100.000 ks<br \/>\n<strong>Rozm\u011bry ubrousku:\u00a0<\/strong>33 x 33 cm, 40 x 40 cm \u00a0nebo na zak\u00e1zku,\u00a03-vrstv\u00e9, 4-vrstv\u00e9<br \/>\n<strong>Potisk<\/strong>: na zak\u00e1zku<br \/>\n<strong>Cena<\/strong>:\u00a0<a href=\"mailto:info@predmetyreklamni.eu\">ZASLAT POPT\u00c1VKU<\/a><\/p>\n<h2 style=\"text-align: justify;\">Propaga\u010dn\u00ed pap\u00edrov\u00e9 ubrousky s potiskem<\/h2>\n<p style=\"text-align: justify;\"><a href=\"http:\/\/predmetyreklamni.eu\/vyrobce\/wp-content\/uploads\/Propaga\u010dn\u00ed-pap\u00edrov\u00e9-ubrousky-s-potiskem.png\"><img decoding=\"async\" loading=\"lazy\" class=\"alignright size-medium wp-image-2160\" title=\"Propaga\u010dn\u00ed pap\u00edrov\u00e9 ubrousky s potiskem\" alt=\"Propaga\u010dn\u00ed pap\u00edrov\u00e9 ubrousky s potiskem\" src=\"http:\/\/predmetyreklamni.eu\/vyrobce\/wp-content\/uploads\/Propaga\u010dn\u00ed-pap\u00edrov\u00e9-ubrousky-s-potiskem-280x300.png\" width=\"280\" height=\"300\" srcset=\"https:\/\/predmetyreklamni.eu\/vyrobce\/wp-content\/uploads\/Propaga\u010dn\u00ed-pap\u00edrov\u00e9-ubrousky-s-potiskem-280x300.png 280w, https:\/\/predmetyreklamni.eu\/vyrobce\/wp-content\/uploads\/Propaga\u010dn\u00ed-pap\u00edrov\u00e9-ubrousky-s-potiskem.png 369w\" sizes=\"(max-width: 280px) 100vw, 280px\" \/><\/a>Tyto jednoduch\u00e9 propaga\u010dn\u00ed pap\u00edrov\u00e9 ubrousky snadno opat\u0159\u00edte potiskem loga Va\u0161\u00ed firmy, restaurace, baru, klubu, hotelu a z\u00edsk\u00e1te tak propaga\u010dn\u00ed p\u0159edm\u011bt, kter\u00fdm se budete z\u00e1rove\u0148 skv\u011ble prezentovat. Vyu\u017eijete je tak\u00e9 pro firemn\u00ed ve\u010d\u00edrky \u010di propaga\u010dn\u00ed akce. Ubrousky jsou vyrobeny z prvot\u0159\u00eddn\u00ed 100% celul\u00f3zy. Propaga\u010dn\u00ed pap\u00edrov\u00e9 ubrousky jsou k dispozici ve velikostech, barv\u00e1ch a s potiskem na zak\u00e1zku.<br \/>\n<strong>Mi. objedn\u00e1vka:<\/strong>\u00a0100.000 ks<br \/>\n<strong>Rozm\u011bry ubrousku:\u00a0<\/strong>33 x 33 cm, 40 x 40 cm \u00a0nebo na zak\u00e1zku, 2-vrstv\u00e9, 3-vrstv\u00e9, 4-vrstv\u00e9<br \/>\n<strong>Balen\u00ed<\/strong>: 250 ks v balen\u00ed<br \/>\n<strong>Potisk<\/strong>: na zak\u00e1zku<br \/>\n<strong>Cena<\/strong>:\u00a0<a href=\"mailto:info@predmetyreklamni.eu\">ZASLAT POPT\u00c1VKU<\/a><\/p>\n<h2 style=\"text-align: justify;\">Mal\u00e9 sv\u00e1te\u010dn\u00ed pap\u00edrov\u00e9 ubrousky s potiskem<\/h2>\n<p style=\"text-align: justify;\"><a href=\"http:\/\/predmetyreklamni.eu\/vyrobce\/wp-content\/uploads\/Promo_Tissue_Paper-.jpg\"><img decoding=\"async\" loading=\"lazy\" class=\"wp-image-2051 alignright\" title=\"Mal\u00e9 sv\u00e1te\u010dn\u00ed pap\u00edrov\u00e9 ubrousky s potiskem\" alt=\"Mal\u00e9 sv\u00e1te\u010dn\u00ed pap\u00edrov\u00e9 ubrousky s potiskem\" src=\"http:\/\/predmetyreklamni.eu\/vyrobce\/wp-content\/uploads\/Promo_Tissue_Paper--300x225.jpg\" width=\"270\" height=\"203\" srcset=\"https:\/\/predmetyreklamni.eu\/vyrobce\/wp-content\/uploads\/Promo_Tissue_Paper--300x225.jpg 300w, https:\/\/predmetyreklamni.eu\/vyrobce\/wp-content\/uploads\/Promo_Tissue_Paper--400x300.jpg 400w, https:\/\/predmetyreklamni.eu\/vyrobce\/wp-content\/uploads\/Promo_Tissue_Paper-.jpg 640w\" sizes=\"(max-width: 270px) 100vw, 270px\" \/><\/a>Mal\u00e9 sv\u00e1te\u010dn\u00ed pap\u00edrov\u00e9 ubrousky m\u016f\u017eete opat\u0159it vlastn\u00edm potiskem a z\u00edsk\u00e1te tak n\u00e1dhern\u00fd sv\u00e1te\u010dn\u00ed d\u00e1rek pro sv\u00e9 zam\u011bstnance, klienty \u010di obchodn\u00ed partnery. Mal\u00e9 sv\u00e1te\u010dn\u00ed pap\u00edrov\u00e9 ubrousky se mohou b\u00fdt r\u016fzn\u00e9ho designu a Vy tak z\u00edsk\u00e1te reklamn\u00ed d\u00e1rek k Velikonoc\u016fm, V\u00e1noc\u016fm.\u00a0Ubrousky jsou vyrobeny z prvot\u0159\u00eddn\u00ed 100% celul\u00f3zy.<br \/>\n<strong>Min. objedn\u00e1vka:<\/strong>\u00a0100.000 ks<br \/>\n<strong>Rozm\u011bry ubrousku:\u00a0<\/strong>21 x 21 cm nebo na zak\u00e1zku,\u00a03-vrstv\u00e9, 4-vrstv\u00e9<br \/>\n<strong>Balen\u00ed<\/strong>: 10 ks v balen\u00ed<br \/>\n<strong>Potisk<\/strong>: na zak\u00e1zku<br \/>\n<strong>Cena<\/strong>:\u00a0<a href=\"mailto:info@predmetyreklamni.eu\">ZASLAT POPT\u00c1VKU<\/a><\/p>\n<h2 style=\"text-align: justify;\">Plnobarevn\u00e9 pap\u00edrov\u00e9 ubrousky s vlastn\u00edm potiskem<\/h2>\n<p style=\"text-align: justify;\"><a href=\"http:\/\/predmetyreklamni.eu\/vyrobce\/wp-content\/uploads\/Plnobarevn\u00e9-pap\u00edrov\u00e9-ubrousky-s-vlastn\u00edm-potiskem.jpg\"><img decoding=\"async\" loading=\"lazy\" class=\"size-medium wp-image-2163 alignleft\" title=\"Plnobarevn\u00e9 pap\u00edrov\u00e9 ubrousky s vlastn\u00edm potiskem\" alt=\"Plnobarevn\u00e9 pap\u00edrov\u00e9 ubrousky s vlastn\u00edm potiskem\" src=\"http:\/\/predmetyreklamni.eu\/vyrobce\/wp-content\/uploads\/Plnobarevn\u00e9-pap\u00edrov\u00e9-ubrousky-s-vlastn\u00edm-potiskem-300x300.jpg\" width=\"300\" height=\"300\" srcset=\"https:\/\/predmetyreklamni.eu\/vyrobce\/wp-content\/uploads\/Plnobarevn\u00e9-pap\u00edrov\u00e9-ubrousky-s-vlastn\u00edm-potiskem-300x300.jpg 300w, https:\/\/predmetyreklamni.eu\/vyrobce\/wp-content\/uploads\/Plnobarevn\u00e9-pap\u00edrov\u00e9-ubrousky-s-vlastn\u00edm-potiskem-150x150.jpg 150w, https:\/\/predmetyreklamni.eu\/vyrobce\/wp-content\/uploads\/Plnobarevn\u00e9-pap\u00edrov\u00e9-ubrousky-s-vlastn\u00edm-potiskem.jpg 500w\" sizes=\"(max-width: 300px) 100vw, 300px\" \/><\/a>O\u017eivte st\u016fl sv\u00fdch z\u00e1kazn\u00edk\u016f \u010di klient\u016f a darujte jim plnobarevn\u00e9 pap\u00edrov\u00e9 ubrousky s vlastn\u00edm potiskem. Na ubrousky um\u00edst\u011bte sv\u00e9 logo, zna\u010dku \u010di reklamn\u00ed sd\u011blen\u00ed a zvy\u0161te pov\u011bdom\u00ed o sv\u00e9 zna\u010dce. Plnobarevn\u00e9 ubrousky s potiskem ide\u00e1ln\u00ed pro restaurace, bary, kav\u00e1rny. Ubrousky jsou vyrobeny z prvot\u0159\u00eddn\u00ed 100% celul\u00f3zy.<br \/>\n<strong>Min. objedn\u00e1vka:<\/strong>\u00a0100.000 ks<br \/>\n<strong>Rozm\u011bry ubrousku:\u00a0<\/strong>24 x 24 cm nebo na zak\u00e1zku, \u00a03-vrstv\u00e9, 4-vrstv\u00e9<br \/>\n<strong>Potisk<\/strong>: na zak\u00e1zku<br \/>\n<strong>Cena<\/strong>:\u00a0<a href=\"mailto:info@predmetyreklamni.eu\">ZASLAT POPT\u00c1VKU<\/a><\/p>\n<h2 style=\"text-align: justify;\">Reklamn\u00ed pap\u00edrov\u00e9 ubrousky s logem<\/h2>\n<p style=\"text-align: justify;\"><a href=\"http:\/\/predmetyreklamni.eu\/vyrobce\/wp-content\/uploads\/Pap\u00edrov\u00e9-ubrousky-s-logem1.jpg\"><img decoding=\"async\" loading=\"lazy\" class=\"alignright size-full wp-image-2158\" title=\"Pap\u00edrov\u00e9 ubrousky s logem\" alt=\"Pap\u00edrov\u00e9 ubrousky s logem\" src=\"http:\/\/predmetyreklamni.eu\/vyrobce\/wp-content\/uploads\/Pap\u00edrov\u00e9-ubrousky-s-logem1.jpg\" width=\"300\" height=\"261\" \/><\/a><\/p>\n<p style=\"text-align: justify;\">Reklamn\u00ed pap\u00edrov\u00e9 ubrousky s logem jsou neodmyslitelnou sou\u010d\u00e1st\u00ed ka\u017ed\u00e9 dobr\u00e9 restaurace, baru, hotelu \u010di klubu. Nechte si vyrobit reklamn\u00ed pap\u00edrov\u00e9 ubrousky s vlastn\u00edm logem a za\u0159a\u010fte se mezi podniky, kter\u00e9 se um\u00ed prezentovat. Pap\u00edrov\u00e9 ubrousky jsou dostupn\u00e9 v jak\u00e9koliv barv\u011b a velikosti. Pap\u00edrov\u00e9 ubrousky s logem jsou vhodn\u00e9 i jako pozornost pro sv\u00e9 z\u00e1kazn\u00edky \u010di obchodn\u00ed partnery.\u00a0Ubrousky jsou vyrobeny z prvot\u0159\u00eddn\u00ed 100% celul\u00f3zy.<br \/>\n<strong>Min. objedn\u00e1vka:<\/strong>\u00a0100.000 ks<br \/>\n<strong>Rozm\u011bry ubrousku:\u00a0<\/strong>25 x 25, 33 x 33, 40 x 40 cm dvouvrstv\u00e9 nebo t\u0159\u00edvrstv\u00e9 (nebo velikost na zak\u00e1zku)<br \/>\n<strong>Potisk<\/strong>: na zak\u00e1zku<br \/>\n<strong>Cena<\/strong>:\u00a0<a href=\"mailto:info@predmetyreklamni.eu\">ZASLAT POPT\u00c1VKU<\/a><\/p>\n<p style=\"text-align: justify;\">Zaujala V\u00e1s na\u0161e nab\u00eddka a chcete si nechat na zak\u00e1zku vyrobit reklamn\u00ed pap\u00edrov\u00e9 ubrousky s vlastn\u00edm potiskem a efektivn\u011b se prezentovat? \u00a0Kontaktujte n\u00e1s pro cenovou nab\u00eddku na emailu:<a href=\"mailto:info@predmetyreklamni.eu\">\u00a0info@predmetyreklamni.eu<\/a><\/p>\n<p style=\"text-align: justify;\"><strong>Do cenov\u00e9 popt\u00e1vky pros\u00edm uve\u010fte pot\u0159ebn\u00e9 informace pro cenovou nab\u00eddku jako<\/strong>: mno\u017estv\u00ed, velikost, barevn\u00e9 proveden\u00ed nebo kombinaci barev, dobu dod\u00e1n\u00ed. V\u0161echny tyto informace n\u00e1m pomohou k rychlej\u0161\u00edmu zpracov\u00e1n\u00ed cenov\u00e9 nab\u00eddky pr\u00e1v\u011b pro V\u00e1s.<\/p>\n<p style=\"text-align: justify;\">T\u011b\u0161\u00edme se na spolupr\u00e1ci! Team Gifts Service<\/p>\n","protected":false},"excerpt":{"rendered":"<p>PAP\u00cdROV\u00c9 UBROUSKY S POTISKEM Reklamn\u00ed pap\u00edrov\u00e9 ubrousky s potiskem Dal\u0161\u00edm a velice obl\u00edben\u00fdm produktem, kter\u00fd nab\u00edz\u00edme, jsou pap\u00edrov\u00e9 ubrousky s potiskem. Tento produkt pat\u0159\u00ed mezi jeden z nejprod\u00e1van\u011bj\u0161\u00edch. Pap\u00edrov\u00e9 ubrousky s potiskem nab\u00edz\u00ed velk\u00fd prostor pro Va\u0161i reklamu a Vy &hellip; <a href=\"https:\/\/predmetyreklamni.eu\/vyrobce\/sk\/papirove-ubrousky-s-potiskem\/\">Continue reading <span class=\"meta-nav\">&rarr;<\/span><\/a><\/p>\n","protected":false},"author":1,"featured_media":0,"parent":0,"menu_order":12,"comment_status":"closed","ping_status":"closed","template":"sidebar-page.php","meta":[],"_links":{"self":[{"href":"https:\/\/predmetyreklamni.eu\/vyrobce\/sk\/wp-json\/wp\/v2\/pages\/1316"}],"collection":[{"href":"https:\/\/predmetyreklamni.eu\/vyrobce\/sk\/wp-json\/wp\/v2\/pages"}],"about":[{"href":"https:\/\/predmetyreklamni.eu\/vyrobce\/sk\/wp-json\/wp\/v2\/types\/page"}],"author":[{"embeddable":true,"href":"https:\/\/predmetyreklamni.eu\/vyrobce\/sk\/wp-json\/wp\/v2\/users\/1"}],"replies":[{"embeddable":true,"href":"https:\/\/predmetyreklamni.eu\/vyrobce\/sk\/wp-json\/wp\/v2\/comments?post=1316"}],"version-history":[{"count":39,"href":"https:\/\/predmetyreklamni.eu\/vyrobce\/sk\/wp-json\/wp\/v2\/pages\/1316\/revisions"}],"predecessor-version":[{"id":2024,"href":"https:\/\/predmetyreklamni.eu\/vyrobce\/sk\/wp-json\/wp\/v2\/pages\/1316\/revisions\/2024"}],"wp:attachment":[{"href":"https:\/\/predmetyreklamni.eu\/vyrobce\/sk\/wp-json\/wp\/v2\/media?parent=1316"}],"curies":[{"name":"wp","href":"https:\/\/api.w.org\/{rel}","templated":true}]}}