{"id":1322,"date":"2013-07-19T08:55:16","date_gmt":"2013-07-19T08:55:16","guid":{"rendered":"http:\/\/predmetyreklamni.eu\/vyrobce\/?page_id=1322"},"modified":"2020-04-21T06:04:14","modified_gmt":"2020-04-21T06:04:14","slug":"reklamni-kapesnicky-s-potiskem","status":"publish","type":"page","link":"https:\/\/predmetyreklamni.eu\/vyrobce\/reklamni-kapesnicky-s-potiskem\/","title":{"rendered":"Reklamn\u00ed kapesn\u00ed\u010dky s potiskem"},"content":{"rendered":"<h1 style=\"text-align: justify;\">REKLAMN\u00cd KAPESN\u00cd\u010cKY S POTISKEM<\/h1>\n<h2 style=\"text-align: justify;\">Reklamn\u00ed kapesn\u00ed\u010dky s potiskem jako reklamn\u00ed d\u00e1rek<\/h2>\n<p style=\"text-align: justify;\">Mal\u00e9 reklamn\u00ed kapesn\u00ed\u010dky s Va\u0161\u00edm vlastn\u00edm potiskem jsou perfektn\u00ed praktick\u00fd reklamn\u00ed p\u0159edm\u011bt, kter\u00fd m\u00e1 \u0161irok\u00e9 vyu\u017eit\u00ed. Reklamn\u00ed kapesn\u00ed\u010dky Va\u0161i z\u00e1kazn\u00edci \u010di obchodn\u00ed partne\u0159i ocen\u00ed ka\u017ed\u00fd den. Reklamn\u00ed kapesn\u00ed\u010dky s potiskem se hod\u00ed do kancel\u00e1\u0159e, banky, nemocnice, restaurace, firemn\u00ed ve\u010d\u00edrky \u010di sportovn\u00ed akce. Nechte si reklamn\u00ed kapesn\u00ed\u010dky opat\u0159it vlastn\u00edm potiskem, nap\u0159\u00edklad logem firmy, zna\u010dkou, n\u00e1zvem propaga\u010dn\u00ed akce \u010di jin\u00fdm sd\u011blen\u00edm a z\u00edskejte reklamn\u00ed p\u0159edm\u011bt k efektivn\u00ed propagaci.<\/p>\n<h2 style=\"text-align: justify;\">Reklamn\u00ed kapesn\u00ed\u010dky s potiskem nab\u00eddka<\/h2>\n<p style=\"text-align: justify;\">Prohl\u00e9dn\u011bte si na\u0161\u00ed n\u00ed\u017ee uvedenou nab\u00eddku a kontaktujte n\u00e1s je\u0161t\u011b dnes pro cenovou nab\u00eddku. Reklamn\u00ed kapesn\u00ed\u010dky s pap\u00edrov\u00e9 krabi\u010dce, balen\u00e9 po jednom kuse a v\u00edce kusech a dal\u0161\u00ed druhy.\u00a0M\u00e1te jinou p\u0159edstavu o sv\u00e9m produktu pap\u00edrov\u00e9 ubrousky s potiskem?<a href=\"mailto:info@predmetyreklamni.eu\">Kontaktujte\u00a0<\/a>n\u00e1s s cenovou popt\u00e1vkou.<\/p>\n<h2 style=\"text-align: justify;\">Reklamn\u00ed kapesn\u00ed\u010dky v pap\u00edrov\u00e9 krabi\u010dce s potiskem<\/h2>\n<p style=\"text-align: justify;\"><a href=\"http:\/\/predmetyreklamni.eu\/vyrobce\/wp-content\/uploads\/Reklamn\u00ed-kapesn\u00ed\u010dky-v-pap\u00edrov\u00e9-krabi\u010dce-s-potiskem.jpg\"><img decoding=\"async\" loading=\"lazy\" class=\" wp-image-2116 alignleft\" title=\"Reklamn\u00ed kapesn\u00ed\u010dky v pap\u00edrov\u00e9 krabi\u010dce s potiskem\" alt=\"Reklamn\u00ed kapesn\u00ed\u010dky v pap\u00edrov\u00e9 krabi\u010dce s potiskem\" src=\"http:\/\/predmetyreklamni.eu\/vyrobce\/wp-content\/uploads\/Reklamn\u00ed-kapesn\u00ed\u010dky-v-pap\u00edrov\u00e9-krabi\u010dce-s-potiskem-300x283.jpg\" width=\"270\" height=\"255\" srcset=\"https:\/\/predmetyreklamni.eu\/vyrobce\/wp-content\/uploads\/Reklamn\u00ed-kapesn\u00ed\u010dky-v-pap\u00edrov\u00e9-krabi\u010dce-s-potiskem-300x283.jpg 300w, https:\/\/predmetyreklamni.eu\/vyrobce\/wp-content\/uploads\/Reklamn\u00ed-kapesn\u00ed\u010dky-v-pap\u00edrov\u00e9-krabi\u010dce-s-potiskem-317x300.jpg 317w, https:\/\/predmetyreklamni.eu\/vyrobce\/wp-content\/uploads\/Reklamn\u00ed-kapesn\u00ed\u010dky-v-pap\u00edrov\u00e9-krabi\u010dce-s-potiskem.jpg 600w\" sizes=\"(max-width: 270px) 100vw, 270px\" \/><\/a>Reklamn\u00ed mal\u00e9 kapesn\u00ed\u010dky v pap\u00edrov\u00e9 krabi\u010dce, kterou m\u016f\u017eete nechat opat\u0159it potiskem. Kapesn\u00edky jsou vyrobeny ze 100% celul\u00f3zy. Zvy\u0161te pov\u011bdom\u00ed o zna\u010dce a pou\u017eijte k tomu reklamn\u00ed kapesn\u00edky v krabi\u010dce s potiskem.<br \/>\n<strong>Min. objedn\u00e1vka<\/strong>: 1000 ks<br \/>\n<strong>Rozm\u011bry kapesn\u00ed\u010dku<\/strong>: 21 x 21 cm,\u00a03-vrstv\u00e9, 4-vrstv\u00e9<br \/>\n<strong>Rozm\u011bry balen\u00ed:\u00a0<\/strong>12 x 6 x 2.7 cm, 36g<br \/>\n<strong>Po\u010det v balen\u00ed<\/strong>: +\/-10 ks<br \/>\n<strong>Potisk<\/strong>: na zak\u00e1zku<br \/>\n<strong>Cena<\/strong>:\u00a0<a href=\"mailto:info@predmetyreklamni.eu\">ZASLAT POPT\u00c1VKU<\/a><\/p>\n<p>&nbsp;<\/p>\n<h2 style=\"text-align: justify;\">D\u00e1rkov\u00e9 kapesn\u00ed\u010dky s potiskem<\/h2>\n<p style=\"text-align: justify;\"><a href=\"http:\/\/predmetyreklamni.eu\/vyrobce\/wp-content\/uploads\/D\u00e1rkov\u00e9-kapesn\u00edky-s-potiskem.jpg\"><img decoding=\"async\" loading=\"lazy\" class=\"size-full wp-image-2119 alignright\" title=\"D\u00e1rkov\u00e9 kapesn\u00ed\u010dky s potiskem\" alt=\"D\u00e1rkov\u00e9 kapesn\u00ed\u010dky s potiskem\" src=\"http:\/\/predmetyreklamni.eu\/vyrobce\/wp-content\/uploads\/D\u00e1rkov\u00e9-kapesn\u00edky-s-potiskem.jpg\" width=\"272\" height=\"272\" srcset=\"https:\/\/predmetyreklamni.eu\/vyrobce\/wp-content\/uploads\/D\u00e1rkov\u00e9-kapesn\u00edky-s-potiskem.jpg 272w, https:\/\/predmetyreklamni.eu\/vyrobce\/wp-content\/uploads\/D\u00e1rkov\u00e9-kapesn\u00edky-s-potiskem-150x150.jpg 150w\" sizes=\"(max-width: 272px) 100vw, 272px\" \/><\/a>D\u00e1rkov\u00e9 kapesn\u00ed\u010dky s potiskem dle Va\u0161eho n\u00e1vrhu. D\u00e1rkov\u00e9 kapesn\u00ed\u010dky jsou vyrobeny ze 100% celul\u00f3zy. \u00a0Kapesn\u00ed\u010dky s potiskem v jak\u00e9koliv barv\u011b a designu, nap\u0159\u00edklad Va\u0161eho loga, zna\u010dky pomohou zv\u00fd\u0161it pov\u011bdom\u00ed o Va\u0161\u00ed zna\u010dce.<br \/>\n<strong>Min. objedn\u00e1vka<\/strong>: 1000 ks<br \/>\n<strong>Rozm\u011bry kapesn\u00ed\u010dku:<\/strong>\u00a021 x 21 \u00a0cm,\u00a03-vrstv\u00e9, 4-vrstv\u00e9<br \/>\n<strong>Rozm\u011bry balen\u00ed: <\/strong>10 x 5\u00a0x 2.5 cm<br \/>\n<strong>Po\u010det v balen\u00ed<\/strong>: 10 ks<br \/>\n<strong>Potisk<\/strong>: na zak\u00e1zku<br \/>\n<strong>Cena<\/strong>:\u00a0<a href=\"mailto:info@predmetyreklamni.eu\">ZASLAT POPT\u00c1VKU<\/a><\/p>\n<p>&nbsp;<\/p>\n<h2 style=\"text-align: justify;\">Klasick\u00e9 reklamn\u00ed kapesn\u00ed\u010dky s potiskem<\/h2>\n<p style=\"text-align: justify;\"><a href=\"http:\/\/predmetyreklamni.eu\/vyrobce\/wp-content\/uploads\/Klasick\u00e9-reklamn\u00ed-kapesn\u00ed\u010dky-s-potiskem.jpg\"><img decoding=\"async\" loading=\"lazy\" class=\" wp-image-2124 alignleft\" title=\"Klasick\u00e9 reklamn\u00ed kapesn\u00ed\u010dky s potiskem\" alt=\"Klasick\u00e9 reklamn\u00ed kapesn\u00ed\u010dky s potiskem\" src=\"http:\/\/predmetyreklamni.eu\/vyrobce\/wp-content\/uploads\/Klasick\u00e9-reklamn\u00ed-kapesn\u00ed\u010dky-s-potiskem-300x300.jpg\" width=\"270\" height=\"270\" srcset=\"https:\/\/predmetyreklamni.eu\/vyrobce\/wp-content\/uploads\/Klasick\u00e9-reklamn\u00ed-kapesn\u00ed\u010dky-s-potiskem-300x300.jpg 300w, https:\/\/predmetyreklamni.eu\/vyrobce\/wp-content\/uploads\/Klasick\u00e9-reklamn\u00ed-kapesn\u00ed\u010dky-s-potiskem-150x150.jpg 150w, https:\/\/predmetyreklamni.eu\/vyrobce\/wp-content\/uploads\/Klasick\u00e9-reklamn\u00ed-kapesn\u00ed\u010dky-s-potiskem.jpg 600w\" sizes=\"(max-width: 270px) 100vw, 270px\" \/><\/a>Klasick\u00e9 reklamn\u00ed kapesn\u00ed\u010dky v balen\u00ed po 10 kusech. Tyto reklamn\u00ed kapesn\u00ed\u010dky mohou b\u00fdt vyrobeny ze 100% celul\u00f3zy nebo recyklovan\u00e9ho pap\u00edru. Reklamn\u00ed kapesn\u00ed\u010dky s potiskem Va\u0161eho loga, produktu nebo propaga\u010dn\u00ed akce jsou perfektn\u00edm reklamn\u00edm p\u0159edm\u011btem.<br \/>\n<strong>Min. objedn\u00e1vka<\/strong>: 1000 ks<br \/>\n<strong>Rozm\u011bry kapesn\u00ed\u010dku<\/strong>: 21 x 21 \u00a0cm,\u00a03-vrstv\u00e9, 4-vrstv\u00e9<br \/>\n<strong>Rozm\u011bry balen\u00ed:\u00a0<\/strong>11 x 5.5 x 2.5 cm<br \/>\n<strong>Po\u010det v balen\u00ed<\/strong>: 10 ks (baleno po 10 ks)<br \/>\n<strong>Potisk<\/strong>: na zak\u00e1zku<br \/>\n<strong>Cena<\/strong>:\u00a0<a href=\"mailto:info@predmetyreklamni.eu\">ZASLAT POPT\u00c1VKU<\/a><\/p>\n<p>&nbsp;<\/p>\n<h2 style=\"text-align: justify;\">Reklamn\u00ed kapesn\u00ed\u010dky ve dvojit\u00e9m balen\u00ed s potiskem<\/h2>\n<p style=\"text-align: justify;\"><a href=\"http:\/\/predmetyreklamni.eu\/vyrobce\/wp-content\/uploads\/Luxusn\u00ed-reklamn\u00ed-kapesn\u00ed\u010dky-s-potiskem1.jpg\"><img decoding=\"async\" loading=\"lazy\" class=\"wp-image-2150 alignright\" title=\"Reklamn\u00ed kapesn\u00ed\u010dky ve dvojit\u00e9m balen\u00ed s potiskem\" alt=\"Reklamn\u00ed kapesn\u00ed\u010dky ve dvojit\u00e9m balen\u00ed s potiskem\" src=\"http:\/\/predmetyreklamni.eu\/vyrobce\/wp-content\/uploads\/Luxusn\u00ed-reklamn\u00ed-kapesn\u00ed\u010dky-s-potiskem1-300x296.jpg\" width=\"300\" height=\"296\" srcset=\"https:\/\/predmetyreklamni.eu\/vyrobce\/wp-content\/uploads\/Luxusn\u00ed-reklamn\u00ed-kapesn\u00ed\u010dky-s-potiskem1-300x296.jpg 300w, https:\/\/predmetyreklamni.eu\/vyrobce\/wp-content\/uploads\/Luxusn\u00ed-reklamn\u00ed-kapesn\u00ed\u010dky-s-potiskem1-1024x1011.jpg 1024w, https:\/\/predmetyreklamni.eu\/vyrobce\/wp-content\/uploads\/Luxusn\u00ed-reklamn\u00ed-kapesn\u00ed\u010dky-s-potiskem1-303x300.jpg 303w, https:\/\/predmetyreklamni.eu\/vyrobce\/wp-content\/uploads\/Luxusn\u00ed-reklamn\u00ed-kapesn\u00ed\u010dky-s-potiskem1.jpg 1123w\" sizes=\"(max-width: 300px) 100vw, 300px\" \/><\/a>Kapesn\u00ed\u010dky ve dvojit\u00e9m balen\u00ed maj\u00ed velk\u00fd prostor pro potisk. Dvojit\u00e9 balen\u00ed m\u016f\u017ee b\u00fdt v leskl\u00e9m nebo matn\u00e9m proveden\u00ed a m\u016f\u017eete jej opat\u0159it vlastn\u00edm potiskem na vn\u011bj\u0161\u00ed i vnit\u0159n\u00ed stran\u011b. Reklamn\u00ed kapesn\u00ed\u010dky jsou vyrobeny ze 100% celul\u00f3zy.<a href=\"http:\/\/predmetyreklamni.eu\/vyrobce\/wp-content\/uploads\/Luxusn\u00ed-reklamn\u00ed-kapesn\u00ed\u010dky-s-potiskem1.jpg\"><br \/>\n<\/a> <strong>Min. objedn\u00e1vka<\/strong>: 1000 ks<br \/>\n<strong>Rozm\u011bry kapesn\u00ed\u010dku<\/strong>: 20 x 20 \u00a0cm,\u00a03-vrstv\u00e9, 4-vrstv\u00e9<br \/>\n<strong>Rozm\u011bry balen\u00ed:\u00a0<\/strong>11.5 x 7.5 x 2.5 cm<br \/>\n<strong>Po\u010det v balen\u00ed<\/strong>: 2 x 5 ks<br \/>\n<strong>Potisk<\/strong>: na zak\u00e1zku<br \/>\n<strong>Cena<\/strong>:\u00a0<a href=\"mailto:info@predmetyreklamni.eu\">ZASLAT POPT\u00c1VKU<\/a><\/p>\n<p>&nbsp;<\/p>\n<h2 style=\"text-align: justify;\">Reklamn\u00ed kapesn\u00ed\u010dky s potiskem jednotliv\u011b balen\u00e9<\/h2>\n<p style=\"text-align: justify;\"><a href=\"http:\/\/predmetyreklamni.eu\/vyrobce\/wp-content\/uploads\/Reklamn\u00ed-kapesn\u00ed\u010dky-s-potiskem-jednotliv\u011b-balen\u00e9.jpg\"><img decoding=\"async\" loading=\"lazy\" class=\"size-medium wp-image-2153 alignleft\" title=\"Reklamn\u00ed kapesn\u00ed\u010dky s potiskem jednotliv\u011b balen\u00e9\" alt=\"Reklamn\u00ed kapesn\u00ed\u010dky s potiskem jednotliv\u011b balen\u00e9\" src=\"http:\/\/predmetyreklamni.eu\/vyrobce\/wp-content\/uploads\/Reklamn\u00ed-kapesn\u00ed\u010dky-s-potiskem-jednotliv\u011b-balen\u00e9-300x300.jpg\" width=\"300\" height=\"300\" srcset=\"https:\/\/predmetyreklamni.eu\/vyrobce\/wp-content\/uploads\/Reklamn\u00ed-kapesn\u00ed\u010dky-s-potiskem-jednotliv\u011b-balen\u00e9-300x300.jpg 300w, https:\/\/predmetyreklamni.eu\/vyrobce\/wp-content\/uploads\/Reklamn\u00ed-kapesn\u00ed\u010dky-s-potiskem-jednotliv\u011b-balen\u00e9-150x150.jpg 150w, https:\/\/predmetyreklamni.eu\/vyrobce\/wp-content\/uploads\/Reklamn\u00ed-kapesn\u00ed\u010dky-s-potiskem-jednotliv\u011b-balen\u00e9.jpg 550w\" sizes=\"(max-width: 300px) 100vw, 300px\" \/><\/a><span style=\"text-align: justify;\">Reklamn\u00ed kapesn\u00ed\u010dky jsou vyrobeny ze 100% celul\u00f3zy. Potiskn\u011bte je sv\u00fdm logem, sloganem nebo jak\u00fdmkoliv designem a propagujte svou firmu. Kluby, restaurace, barvy, kancel\u00e1\u0159e, hotely. Tady v\u0161ude najdou uplatn\u011bn\u00ed reklamn\u00ed kapesn\u00ed\u010dky balen\u00e9 jednotliv\u011b.<br \/>\n<\/span><strong style=\"text-align: justify;\">Min. objedn\u00e1vka<\/strong><span style=\"text-align: justify;\">: 5000 ks<br \/>\n<\/span><strong style=\"text-align: justify;\">Rozm\u011bry kapesn\u00ed\u010dku<\/strong><span style=\"text-align: justify;\">: 20 x 20 \u00a0cm,\u00a03-vrstv\u00e9, 4-vrstv\u00e9<br \/>\n<\/span><strong style=\"text-align: justify;\">Rozm\u011bry balen\u00ed:\u00a0<\/strong><span style=\"text-align: justify;\">10 x 5 cm (nebo na zak\u00e1zku)<br \/>\n<\/span><strong style=\"text-align: justify;\">Po\u010det v balen\u00ed<\/strong><span style=\"text-align: justify;\">: 1 ks<br \/>\n<\/span><strong style=\"text-align: justify;\">Potisk<\/strong><span style=\"text-align: justify;\">: na zak\u00e1zku<br \/>\n<\/span><strong>Cena<\/strong>:\u00a0<a href=\"mailto:info@predmetyreklamni.eu\">ZASLAT POPT\u00c1VKU<\/a><\/p>\n<p style=\"text-align: justify;\">Zaujala V\u00e1s na\u0161e nab\u00eddka a chcete si nechat vyrobit vlastn\u00ed reklamn\u00ed kapesn\u00ed\u010dky emailu:<a href=\"mailto:info@predmetyreklamni.eu\">\u00a0info@predmetyreklamni.eu<\/a><\/p>\n<p style=\"text-align: justify;\"><strong>Do cenov\u00e9 popt\u00e1vky pros\u00edm uve\u010fte pot\u0159ebn\u00e9 informace pro cenovou nab\u00eddku jako<\/strong>: mno\u017estv\u00ed, velikost, barevn\u00e9 proveden\u00ed nebo kombinaci barev, dobu dod\u00e1n\u00ed. V\u0161echny tyto informace n\u00e1m pomohou k rychlej\u0161\u00edmu zpracov\u00e1n\u00ed cenov\u00e9 nab\u00eddky pr\u00e1v\u011b pro V\u00e1s.<\/p>\n<p style=\"text-align: justify;\">T\u011b\u0161\u00edme se na spolupr\u00e1ci! Team Gifts Service<\/p>\n","protected":false},"excerpt":{"rendered":"<p>REKLAMN\u00cd KAPESN\u00cd\u010cKY S POTISKEM Reklamn\u00ed kapesn\u00ed\u010dky s potiskem jako reklamn\u00ed d\u00e1rek Mal\u00e9 reklamn\u00ed kapesn\u00ed\u010dky s Va\u0161\u00edm vlastn\u00edm potiskem jsou perfektn\u00ed praktick\u00fd reklamn\u00ed p\u0159edm\u011bt, kter\u00fd m\u00e1 \u0161irok\u00e9 vyu\u017eit\u00ed. Reklamn\u00ed kapesn\u00ed\u010dky Va\u0161i z\u00e1kazn\u00edci \u010di obchodn\u00ed partne\u0159i ocen\u00ed ka\u017ed\u00fd den. Reklamn\u00ed kapesn\u00ed\u010dky s &hellip; <a href=\"https:\/\/predmetyreklamni.eu\/vyrobce\/reklamni-kapesnicky-s-potiskem\/\">Continue reading <span class=\"meta-nav\">&rarr;<\/span><\/a><\/p>\n","protected":false},"author":1,"featured_media":0,"parent":0,"menu_order":12,"comment_status":"closed","ping_status":"closed","template":"sidebar-page.php","meta":[],"_links":{"self":[{"href":"https:\/\/predmetyreklamni.eu\/vyrobce\/wp-json\/wp\/v2\/pages\/1322"}],"collection":[{"href":"https:\/\/predmetyreklamni.eu\/vyrobce\/wp-json\/wp\/v2\/pages"}],"about":[{"href":"https:\/\/predmetyreklamni.eu\/vyrobce\/wp-json\/wp\/v2\/types\/page"}],"author":[{"embeddable":true,"href":"https:\/\/predmetyreklamni.eu\/vyrobce\/wp-json\/wp\/v2\/users\/1"}],"replies":[{"embeddable":true,"href":"https:\/\/predmetyreklamni.eu\/vyrobce\/wp-json\/wp\/v2\/comments?post=1322"}],"version-history":[{"count":25,"href":"https:\/\/predmetyreklamni.eu\/vyrobce\/wp-json\/wp\/v2\/pages\/1322\/revisions"}],"predecessor-version":[{"id":1980,"href":"https:\/\/predmetyreklamni.eu\/vyrobce\/wp-json\/wp\/v2\/pages\/1322\/revisions\/1980"}],"wp:attachment":[{"href":"https:\/\/predmetyreklamni.eu\/vyrobce\/wp-json\/wp\/v2\/media?parent=1322"}],"curies":[{"name":"wp","href":"https:\/\/api.w.org\/{rel}","templated":true}]}}