{"id":1325,"date":"2013-07-19T08:58:38","date_gmt":"2013-07-19T08:58:38","guid":{"rendered":"http:\/\/predmetyreklamni.eu\/vyrobce\/?page_id=1325"},"modified":"2020-04-21T06:04:14","modified_gmt":"2020-04-21T06:04:14","slug":"kapesniky-v-krabicce-s-potiskem-na-zakazku","status":"publish","type":"page","link":"https:\/\/predmetyreklamni.eu\/vyrobce\/kapesniky-v-krabicce-s-potiskem-na-zakazku\/","title":{"rendered":"Kapesn\u00edky v krabi\u010dce s potiskem na zak\u00e1zku"},"content":{"rendered":"<h1 style=\"text-align: justify;\">KAPESN\u00cdKY V KRABI\u010cCE S POTISKEM NA ZAK\u00c1ZKU<\/h1>\n<h2 style=\"text-align: justify;\">Nab\u00edz\u00edme reklamn\u00ed kapesn\u00edky v krabi\u010dce s potiskem na zak\u00e1zku<\/h2>\n<p style=\"text-align: justify;\">Reklamn\u00ed p\u0159edm\u011bt kapesn\u00edky v krabi\u010dce se hod\u00ed jako d\u00e1rek p\u0159i ka\u017ed\u00e9 p\u0159\u00edle\u017eitosti. Nav\u00edc <a href=\"http:\/\/predmetyreklamni.eu\/vyrobce\/wp-content\/uploads\/kapesn\u00edky-v-krabi\u010dce-na-m\u00edru-s-potiskem.jpg\"><img decoding=\"async\" loading=\"lazy\" class=\"alignright  wp-image-1997\" title=\"kapesn\u00edky v krabi\u010dce na m\u00edru s potiskem\" alt=\"kapesn\u00edky v krabi\u010dce na m\u00edru s potiskem\" src=\"http:\/\/predmetyreklamni.eu\/vyrobce\/wp-content\/uploads\/kapesn\u00edky-v-krabi\u010dce-na-m\u00edru-s-potiskem-300x200.jpg\" width=\"240\" height=\"160\" srcset=\"https:\/\/predmetyreklamni.eu\/vyrobce\/wp-content\/uploads\/kapesn\u00edky-v-krabi\u010dce-na-m\u00edru-s-potiskem-300x200.jpg 300w, https:\/\/predmetyreklamni.eu\/vyrobce\/wp-content\/uploads\/kapesn\u00edky-v-krabi\u010dce-na-m\u00edru-s-potiskem-450x300.jpg 450w, https:\/\/predmetyreklamni.eu\/vyrobce\/wp-content\/uploads\/kapesn\u00edky-v-krabi\u010dce-na-m\u00edru-s-potiskem.jpg 750w\" sizes=\"(max-width: 240px) 100vw, 240px\" \/><\/a>kapesn\u00edky v krabi\u010dce s potiskem jsou velice efektn\u00edm a praktick\u00fdm n\u00e1strojem pro propagaci firmy v jak\u00e9mkoliv odv\u011btv\u00ed. Kapesn\u00edky v krabi\u010dce toti\u017e pou\u017e\u00edv\u00e1 denn\u011b skoro ka\u017ed\u00fd a\u0165 u\u017e doma, v pr\u00e1ci, hotelov\u00e9m pokoji a na spoust\u011b dal\u0161\u00edch m\u00edst jist\u011b p\u0159\u00edtomnost toho reklamn\u00edho p\u0159edm\u011btu ka\u017ed\u00fd ocen\u00ed. Kapesn\u00edky v krabi\u010dce V\u00e1m na zak\u00e1zku vyrob\u00edme dle Va\u0161eho n\u00e1vrhu a opat\u0159\u00edme potiskem jako je je logo firmy, zna\u010dka, reklamn\u00ed slogan, obr\u00e1zek. Z\u00e1le\u017e\u00ed jen na V\u00e1s.\u00a0Kapesn\u00edky v krabi\u010dce s vlastn\u00edm potiskem na zak\u00e1zku pat\u0159\u00ed mezi reklamn\u00ed p\u0159edm\u011bty, u kter\u00fdch doch\u00e1z\u00ed k perfektn\u00ed kombinaci \u00fa\u010dinnosti reklamy s funk\u010dnost\u00ed a prakti\u010dnost\u00ed. Kapesn\u00edky v krabi\u010dce poskytuj\u00ed dostate\u010dn\u011b velkou plochu a Vy je tak m\u016f\u017eete nechat opat\u0159it jak\u00fdmkoliv potiskem a nav\u00edc za minim\u00e1ln\u00ed n\u00e1klady.<\/p>\n<p style=\"text-align: justify;\">Nab\u00edz\u00edme krabi\u010dky r\u016fzn\u00fdch tvar\u016f a velikost\u00ed, potisk a n\u00e1pln\u011b r\u016fzn\u00fdch druh\u016f, abychom byli schopni vyhov\u011bt individu\u00e1ln\u00edm po\u017eadavk\u016fm jednotliv\u00fdch klient\u016f. N\u00ed\u017ee V\u00e1m p\u0159edstav\u00edme n\u011bkter\u00e9 z realizac\u00ed. M\u00e1te jinou p\u0159edstavu Va\u0161\u00ed krabi\u010dce na reklamn\u00ed kapesn\u00edky? Nev\u00e1hejte n\u00e1s <a title=\"Kontaktujte n\u00e1s\" href=\"mailto:info@predmetyreklamni.eu\">kontaktovat<\/a>.<\/p>\n<h2 style=\"text-align: justify;\">Kapesn\u00edky v krabi\u010dce kostka s potiskem na zak\u00e1zku<\/h2>\n<p style=\"text-align: justify;\"><a href=\"http:\/\/predmetyreklamni.eu\/vyrobce\/wp-content\/uploads\/Kapesn\u00edky-v-krabi\u010dce-kostka-s-potiskem-na-zak\u00e1zku.jpg\"><img decoding=\"async\" loading=\"lazy\" class=\"alignleft  wp-image-2001\" title=\"Kapesn\u00edky v krabi\u010dce kostka s potiskem na zak\u00e1zku\" alt=\"Kapesn\u00edky v krabi\u010dce kostka s potiskem na zak\u00e1zku\" src=\"http:\/\/predmetyreklamni.eu\/vyrobce\/wp-content\/uploads\/Kapesn\u00edky-v-krabi\u010dce-kostka-s-potiskem-na-zak\u00e1zku-300x270.jpg\" width=\"216\" height=\"194\" srcset=\"https:\/\/predmetyreklamni.eu\/vyrobce\/wp-content\/uploads\/Kapesn\u00edky-v-krabi\u010dce-kostka-s-potiskem-na-zak\u00e1zku-300x270.jpg 300w, https:\/\/predmetyreklamni.eu\/vyrobce\/wp-content\/uploads\/Kapesn\u00edky-v-krabi\u010dce-kostka-s-potiskem-na-zak\u00e1zku-333x300.jpg 333w, https:\/\/predmetyreklamni.eu\/vyrobce\/wp-content\/uploads\/Kapesn\u00edky-v-krabi\u010dce-kostka-s-potiskem-na-zak\u00e1zku.jpg 500w\" sizes=\"(max-width: 216px) 100vw, 216px\" \/><\/a>Kapesn\u00edky v t\u00e9to krabi\u010dce ve tvaru kostka jsou na zak\u00e1zku vyrobeny ze 100%. celul\u00f3zy. Darujte sv\u00fdm z\u00e1kazn\u00edk\u016f praktick\u00e9 kapesn\u00edky v krabi\u010dce s vlastn\u00edm potiskem na zak\u00e1zku. Va\u0161e logo, zna\u010dka \u010di produkt se tak jednodu\u0161e dostane do dom\u00e1cnost\u00ed a Vy m\u016f\u017eete z\u00edskat dal\u0161\u00ed z\u00e1kazn\u00edky.<br \/>\n<strong>Minim\u00e1ln\u00ed obj.:<\/strong>\u00a01000 ks<br \/>\n<strong>Rozm\u011bry<\/strong>:\u00a010 x 10 x 10 cm (na zak\u00e1zku)<br \/>\n<strong>Potisk<\/strong>: na zak\u00e1zku<br \/>\n<strong>Balen\u00ed<\/strong>: 80 ks v kartonu<br \/>\n<strong>\u00a0 \u00a0 \u00a0 \u00a0 \u00a0 \u00a0 \u00a0 \u00a0 \u00a0 \u00a0 \u00a0 \u00a0 \u00a0 \u00a0 \u00a0 \u00a0 \u00a0 \u00a0 \u00a0 \u00a0 \u00a0 \u00a0 \u00a0 \u00a0 \u00a0 \u00a0 \u00a0 \u00a0 \u00a0 \u00a0 \u00a0 \u00a0<strong>Cena<\/strong>:\u00a0<\/strong><a href=\"mailto:info@predmetyreklamni.eu\">ZASLAT POPT\u00c1VKU<\/a><\/p>\n<h2 style=\"text-align: justify;\">Kapesn\u00edky v origin\u00e1ln\u00ed krabi\u010dce na zak\u00e1zku<\/h2>\n<p style=\"text-align: justify;\"><a href=\"http:\/\/predmetyreklamni.eu\/vyrobce\/wp-content\/uploads\/Kapesn\u00edky-v-origin\u00e1ln\u00ed-krabi\u010dce-na-zak\u00e1zku.jpg\"><img decoding=\"async\" loading=\"lazy\" class=\"wp-image-2005 alignright\" title=\"Kapesn\u00edky v origin\u00e1ln\u00ed krabi\u010dce na zak\u00e1zku\" alt=\"Kapesn\u00edky v origin\u00e1ln\u00ed krabi\u010dce na zak\u00e1zku\" src=\"http:\/\/predmetyreklamni.eu\/vyrobce\/wp-content\/uploads\/Kapesn\u00edky-v-origin\u00e1ln\u00ed-krabi\u010dce-na-zak\u00e1zku-300x300.jpg\" width=\"216\" height=\"216\" srcset=\"https:\/\/predmetyreklamni.eu\/vyrobce\/wp-content\/uploads\/Kapesn\u00edky-v-origin\u00e1ln\u00ed-krabi\u010dce-na-zak\u00e1zku-300x300.jpg 300w, https:\/\/predmetyreklamni.eu\/vyrobce\/wp-content\/uploads\/Kapesn\u00edky-v-origin\u00e1ln\u00ed-krabi\u010dce-na-zak\u00e1zku-150x150.jpg 150w, https:\/\/predmetyreklamni.eu\/vyrobce\/wp-content\/uploads\/Kapesn\u00edky-v-origin\u00e1ln\u00ed-krabi\u010dce-na-zak\u00e1zku.jpg 600w\" sizes=\"(max-width: 216px) 100vw, 216px\" \/><\/a>Darujte kapesn\u00edky v origin\u00e1ln\u00ed krabi\u010dce, kter\u00e9 pro V\u00e1s na zak\u00e1zku vyrob\u00edme. Nechte ji opat\u0159it potiskem a z\u00edskejte praktick\u00fd reklamn\u00ed p\u0159edm\u011bt za v\u00fdhodnou cenu. Kapesn\u00edky jsou vyrobeny ze 100% celul\u00f3zy. Zvy\u0161te pov\u011bdom\u00ed o sv\u00e9 zna\u010dce pomoc\u00ed p\u0159edm\u011btu kapesn\u00edky v krabi\u010dce na zak\u00e1zku.<br \/>\n<strong>Minim\u00e1ln\u00ed obj.:<\/strong>\u00a01000 ks<br \/>\n<strong>Rozm\u011bry<\/strong>:\u00a010 x 10 x 10 cm (na zak\u00e1zku)<br \/>\n<strong>Potisk<\/strong>: na zak\u00e1zku<br \/>\n<strong>Balen\u00ed<\/strong>: 80 ks v kartonu<br \/>\n<strong><strong>Cena<\/strong>:\u00a0<\/strong><a href=\"mailto:info@predmetyreklamni.eu\">ZASLAT POPT\u00c1VKU<\/a><br \/>\n<strong><\/strong><\/p>\n<p>&nbsp;<\/p>\n<h2 style=\"text-align: justify;\">Kapesn\u00edky v reklamn\u00ed krabi\u010dce s potiskem zak\u00e1zku<\/h2>\n<p style=\"text-align: justify;\"><a href=\"http:\/\/predmetyreklamni.eu\/vyrobce\/wp-content\/uploads\/Kapesn\u00edky-v-reklamn\u00ed-krabi\u010dce-s-potiskem-zak\u00e1zku.jpg\"><img decoding=\"async\" loading=\"lazy\" class=\"alignleft  wp-image-2008\" title=\"Kapesn\u00edky v reklamn\u00ed krabi\u010dce s potiskem zak\u00e1zku\" alt=\"Kapesn\u00edky v reklamn\u00ed krabi\u010dce s potiskem zak\u00e1zku\" src=\"http:\/\/predmetyreklamni.eu\/vyrobce\/wp-content\/uploads\/Kapesn\u00edky-v-reklamn\u00ed-krabi\u010dce-s-potiskem-zak\u00e1zku-300x248.jpg\" width=\"216\" height=\"178\" srcset=\"https:\/\/predmetyreklamni.eu\/vyrobce\/wp-content\/uploads\/Kapesn\u00edky-v-reklamn\u00ed-krabi\u010dce-s-potiskem-zak\u00e1zku-300x248.jpg 300w, https:\/\/predmetyreklamni.eu\/vyrobce\/wp-content\/uploads\/Kapesn\u00edky-v-reklamn\u00ed-krabi\u010dce-s-potiskem-zak\u00e1zku-362x300.jpg 362w, https:\/\/predmetyreklamni.eu\/vyrobce\/wp-content\/uploads\/Kapesn\u00edky-v-reklamn\u00ed-krabi\u010dce-s-potiskem-zak\u00e1zku.jpg 600w\" sizes=\"(max-width: 216px) 100vw, 216px\" \/><\/a>Kapesn\u00edky v unik\u00e1tn\u00ed barevn\u00e9 reklamn\u00ed krabi\u010dce s potiskem na zak\u00e1zku. V\u011bnujte sv\u00fdm z\u00e1kazn\u00edk\u016fm, obchodn\u00edm partner\u016fm nebo klient\u016fm praktick\u00fd reklamn\u00ed d\u00e1rek a propagujte svou zna\u010dku pomoc\u00ed p\u0159edm\u011btu reklamn\u00ed kapesn\u00edky v krabi\u010dce s potiskem.<br \/>\n<strong>Minim\u00e1ln\u00ed obj.:<\/strong>\u00a01000 ks<br \/>\n<strong>Rozm\u011bry<\/strong>:\u00a015.2 x 11.7 x 13 cm\u00a0(na zak\u00e1zku)<br \/>\n<strong>Potisk<\/strong>: na zak\u00e1zku<br \/>\n<strong>Balen\u00ed<\/strong>: 80 ks v kartonu<br \/>\n<strong>\u00a0 \u00a0 \u00a0 \u00a0 \u00a0 \u00a0 \u00a0 \u00a0 \u00a0 \u00a0 \u00a0 \u00a0 \u00a0 \u00a0 \u00a0 \u00a0 \u00a0 \u00a0 \u00a0 \u00a0 \u00a0 \u00a0 \u00a0 \u00a0 \u00a0 \u00a0 \u00a0 \u00a0 \u00a0 \u00a0 \u00a0 \u00a0<strong><strong>Cena<\/strong>:\u00a0<\/strong><\/strong><a href=\"mailto:info@predmetyreklamni.eu\">ZASLAT POPT\u00c1VKU<\/a><\/p>\n<h2 style=\"text-align: justify;\">Kapesn\u00edky v krabi\u010dce s logem na zak\u00e1zku<\/h2>\n<p style=\"text-align: justify;\"><a href=\"http:\/\/predmetyreklamni.eu\/vyrobce\/wp-content\/uploads\/Kapesn\u00edky-v-krabi\u010dce-s-logem-na-zak\u00e1zku.jpg\"><img decoding=\"async\" loading=\"lazy\" class=\"wp-image-2011 alignright\" title=\"Kapesn\u00edky v krabi\u010dce s logem na zak\u00e1zku\" alt=\"Kapesn\u00edky v krabi\u010dce s logem na zak\u00e1zku\" src=\"http:\/\/predmetyreklamni.eu\/vyrobce\/wp-content\/uploads\/Kapesn\u00edky-v-krabi\u010dce-s-logem-na-zak\u00e1zku-300x284.jpg\" width=\"216\" height=\"204\" srcset=\"https:\/\/predmetyreklamni.eu\/vyrobce\/wp-content\/uploads\/Kapesn\u00edky-v-krabi\u010dce-s-logem-na-zak\u00e1zku-300x284.jpg 300w, https:\/\/predmetyreklamni.eu\/vyrobce\/wp-content\/uploads\/Kapesn\u00edky-v-krabi\u010dce-s-logem-na-zak\u00e1zku-316x300.jpg 316w, https:\/\/predmetyreklamni.eu\/vyrobce\/wp-content\/uploads\/Kapesn\u00edky-v-krabi\u010dce-s-logem-na-zak\u00e1zku.jpg 464w\" sizes=\"(max-width: 216px) 100vw, 216px\" \/><\/a>Origin\u00e1ln\u00ed kapesn\u00edky v krabi\u010dce ve tvaru knihy mohou b\u00fdt na zak\u00e1zku poti\u0161t\u011bny logem nebo jak\u00fdmkoliv potiskem. Tyto kapesn\u00edky v krabi\u010dce s logem jsou z\u00e1rove\u0148 i dekorac\u00ed. Kapesn\u00edky jsou vyrobeny ze 100% celul\u00f3zy. Napad\u00e1 V\u00e1s jin\u00fd origin\u00e1ln\u00ed design pro Va\u0161e kapesn\u00edky v krabi\u010dce? Na zak\u00e1zku nech\u00e1me vyrobit kapesn\u00edky v krabi\u010dce na m\u00edru.<br \/>\n<strong>Minim\u00e1ln\u00ed obj.:<\/strong>\u00a01000 ks<br \/>\n<strong>Rozm\u011bry<\/strong>:\u00a023.5 x 13.5 x 6.8 cm\u00a0(na zak\u00e1zku)<br \/>\n<strong>Potisk<\/strong>: na zak\u00e1zku<br \/>\n<strong>Balen\u00ed<\/strong>: 80 ks v kartonu<br \/>\n<strong><strong>Cena<\/strong>:\u00a0<\/strong><a href=\"mailto:info@predmetyreklamni.eu\">ZASLAT POPT\u00c1VKU<\/a><\/p>\n<h2 style=\"text-align: justify;\">Standardn\u00ed reklamn\u00ed kapesn\u00edky v krabi\u010dce s potiskem<\/h2>\n<p style=\"text-align: justify;\"><a href=\"http:\/\/predmetyreklamni.eu\/vyrobce\/wp-content\/uploads\/Standardn\u00ed-reklamn\u00ed-kapesn\u00edky-v-krabi\u010dce-s-potiskem.jpg\"><img decoding=\"async\" loading=\"lazy\" class=\"alignleft  wp-image-2015\" title=\"Standardn\u00ed reklamn\u00ed kapesn\u00edky v krabi\u010dce s potiskem\" alt=\"Standardn\u00ed reklamn\u00ed kapesn\u00edky v krabi\u010dce s potiskem\" src=\"http:\/\/predmetyreklamni.eu\/vyrobce\/wp-content\/uploads\/Standardn\u00ed-reklamn\u00ed-kapesn\u00edky-v-krabi\u010dce-s-potiskem-300x300.jpg\" width=\"216\" height=\"216\" srcset=\"https:\/\/predmetyreklamni.eu\/vyrobce\/wp-content\/uploads\/Standardn\u00ed-reklamn\u00ed-kapesn\u00edky-v-krabi\u010dce-s-potiskem-300x300.jpg 300w, https:\/\/predmetyreklamni.eu\/vyrobce\/wp-content\/uploads\/Standardn\u00ed-reklamn\u00ed-kapesn\u00edky-v-krabi\u010dce-s-potiskem-150x150.jpg 150w, https:\/\/predmetyreklamni.eu\/vyrobce\/wp-content\/uploads\/Standardn\u00ed-reklamn\u00ed-kapesn\u00edky-v-krabi\u010dce-s-potiskem.jpg 450w\" sizes=\"(max-width: 216px) 100vw, 216px\" \/><\/a>Reklamn\u00ed kapesn\u00edky v krabi\u010dce standardn\u00ed velikosti na zak\u00e1zku opat\u0159\u00edme potiskem podle Va\u0161eho p\u0159\u00e1n\u00ed. Reklamn\u00ed kapesn\u00edky v krabi\u010dce maj\u00ed univerz\u00e1ln\u00ed vyu\u017eit\u00ed ve v\u0161ech odv\u011btv\u00edch, a proto jsou perfektn\u00ed reklamn\u00ed p\u0159edm\u011bt.\u00a0Kapesn\u00edky jsou vyrobeny ze 100% celul\u00f3zy<br \/>\n<strong>Minim\u00e1ln\u00ed obj.:<\/strong>\u00a01000 ks<br \/>\n<strong>Rozm\u011bry<\/strong>:\u00a021 x 11 cm\u00a0(na zak\u00e1zku)<br \/>\n<strong>Potisk<\/strong>: na zak\u00e1zku<br \/>\n<strong>Balen\u00ed<\/strong>: 100, 150, 200 ks v kartonu<br \/>\n<strong><strong>Cena<\/strong>:\u00a0<\/strong><a href=\"mailto:info@predmetyreklamni.eu\">ZASLAT POPT\u00c1VKU<\/a><\/p>\n<h2 style=\"text-align: justify;\">Kapesn\u00edky v pln\u00edc\u00ed krabi\u010dce s potiskem na zak\u00e1zku<\/h2>\n<p style=\"text-align: justify;\"><a href=\"http:\/\/predmetyreklamni.eu\/vyrobce\/wp-content\/uploads\/Kapesn\u00edky-v-pln\u00edc\u00ed-krabi\u010dce-s-potiskem-na-zak\u00e1zku.jpg\"><img decoding=\"async\" loading=\"lazy\" class=\"wp-image-2017 alignright\" title=\"Kapesn\u00edky v pln\u00edc\u00ed krabi\u010dce s potiskem na zak\u00e1zku\" alt=\"Kapesn\u00edky v pln\u00edc\u00ed krabi\u010dce s potiskem na zak\u00e1zku\" src=\"http:\/\/predmetyreklamni.eu\/vyrobce\/wp-content\/uploads\/Kapesn\u00edky-v-pln\u00edc\u00ed-krabi\u010dce-s-potiskem-na-zak\u00e1zku-300x200.jpg\" width=\"216\" height=\"144\" srcset=\"https:\/\/predmetyreklamni.eu\/vyrobce\/wp-content\/uploads\/Kapesn\u00edky-v-pln\u00edc\u00ed-krabi\u010dce-s-potiskem-na-zak\u00e1zku-300x200.jpg 300w, https:\/\/predmetyreklamni.eu\/vyrobce\/wp-content\/uploads\/Kapesn\u00edky-v-pln\u00edc\u00ed-krabi\u010dce-s-potiskem-na-zak\u00e1zku-450x300.jpg 450w, https:\/\/predmetyreklamni.eu\/vyrobce\/wp-content\/uploads\/Kapesn\u00edky-v-pln\u00edc\u00ed-krabi\u010dce-s-potiskem-na-zak\u00e1zku.jpg 468w\" sizes=\"(max-width: 216px) 100vw, 216px\" \/><\/a>Kapesn\u00edky v odoln\u00e9 pln\u00edc\u00ed krabi\u010dce, kterou V\u00e1m nech\u00e1me na zak\u00e1zku opat\u0159it potiskem. Kapesn\u00edky v t\u00e9to krabi\u010dce mohou b\u00fdt po vypot\u0159ebov\u00e1n\u00ed \u00a0op\u011bt opakovan\u011b dopln\u011bny a V\u00e1\u0161 reklamn\u00ed p\u0159edm\u011bt m\u00e1 tak del\u0161\u00ed \u017eivotnost a \u0161et\u0159\u00ed \u017eivotn\u00ed prost\u0159ed\u00ed.<br \/>\n<strong>Minim\u00e1ln\u00ed obj.:<\/strong>\u00a01000 ks<br \/>\n<strong>Rozm\u011bry<\/strong>:\u00a023 x 11 cm<br \/>\n<strong>Potisk<\/strong>: na zak\u00e1zku\u00a0(na zak\u00e1zku)<br \/>\n<strong>Balen\u00ed<\/strong>: 100, 150, 200 ks v kartonu<br \/>\n<strong><strong>Cena<\/strong>:\u00a0<\/strong><a href=\"mailto:info@predmetyreklamni.eu\">ZASLAT POPT\u00c1VKU<\/a><\/p>\n<p style=\"text-align: justify;\">Zaujala V\u00e1s na\u0161e nab\u00eddka a chcete si nechat vyrobit vlastn\u00ed reklamn\u00ed kapesn\u00edky v krabi\u010dce a potiskem zak\u00e1zku? Kontaktujte n\u00e1s pro cenovou nab\u00eddku na emailu:<a href=\"mailto:info@predmetyreklamni.eu\">\u00a0info@predmetyreklamni.eu<\/a><\/p>\n<p style=\"text-align: justify;\"><strong>Do cenov\u00e9 popt\u00e1vky pros\u00edm uve\u010fte pot\u0159ebn\u00e9 informace pro cenovou nab\u00eddku jako<\/strong>: mno\u017estv\u00ed, velikost, barevn\u00e9 proveden\u00ed nebo kombinaci barev, dobu dod\u00e1n\u00ed. V\u0161echny tyto informace n\u00e1m pomohou k rychlej\u0161\u00edmu zpracov\u00e1n\u00ed cenov\u00e9 nab\u00eddky pr\u00e1v\u011b pro V\u00e1s.<\/p>\n<p style=\"text-align: justify;\">T\u011b\u0161\u00edme se na spolupr\u00e1ci! Team Gifts Service<\/p>\n","protected":false},"excerpt":{"rendered":"<p>KAPESN\u00cdKY V KRABI\u010cCE S POTISKEM NA ZAK\u00c1ZKU Nab\u00edz\u00edme reklamn\u00ed kapesn\u00edky v krabi\u010dce s potiskem na zak\u00e1zku Reklamn\u00ed p\u0159edm\u011bt kapesn\u00edky v krabi\u010dce se hod\u00ed jako d\u00e1rek p\u0159i ka\u017ed\u00e9 p\u0159\u00edle\u017eitosti. Nav\u00edc kapesn\u00edky v krabi\u010dce s potiskem jsou velice efektn\u00edm a praktick\u00fdm n\u00e1strojem &hellip; <a href=\"https:\/\/predmetyreklamni.eu\/vyrobce\/kapesniky-v-krabicce-s-potiskem-na-zakazku\/\">Continue reading <span class=\"meta-nav\">&rarr;<\/span><\/a><\/p>\n","protected":false},"author":1,"featured_media":0,"parent":0,"menu_order":12,"comment_status":"closed","ping_status":"closed","template":"sidebar-page.php","meta":[],"_links":{"self":[{"href":"https:\/\/predmetyreklamni.eu\/vyrobce\/wp-json\/wp\/v2\/pages\/1325"}],"collection":[{"href":"https:\/\/predmetyreklamni.eu\/vyrobce\/wp-json\/wp\/v2\/pages"}],"about":[{"href":"https:\/\/predmetyreklamni.eu\/vyrobce\/wp-json\/wp\/v2\/types\/page"}],"author":[{"embeddable":true,"href":"https:\/\/predmetyreklamni.eu\/vyrobce\/wp-json\/wp\/v2\/users\/1"}],"replies":[{"embeddable":true,"href":"https:\/\/predmetyreklamni.eu\/vyrobce\/wp-json\/wp\/v2\/comments?post=1325"}],"version-history":[{"count":29,"href":"https:\/\/predmetyreklamni.eu\/vyrobce\/wp-json\/wp\/v2\/pages\/1325\/revisions"}],"predecessor-version":[{"id":2814,"href":"https:\/\/predmetyreklamni.eu\/vyrobce\/wp-json\/wp\/v2\/pages\/1325\/revisions\/2814"}],"wp:attachment":[{"href":"https:\/\/predmetyreklamni.eu\/vyrobce\/wp-json\/wp\/v2\/media?parent=1325"}],"curies":[{"name":"wp","href":"https:\/\/api.w.org\/{rel}","templated":true}]}}