{"id":1335,"date":"2013-07-19T09:25:00","date_gmt":"2013-07-19T09:25:00","guid":{"rendered":"http:\/\/predmetyreklamni.eu\/vyrobce\/?page_id=1335"},"modified":"2014-03-12T14:43:51","modified_gmt":"2014-03-12T14:43:51","slug":"kvetiny-v-plechovce-na-zakazku","status":"publish","type":"page","link":"https:\/\/predmetyreklamni.eu\/vyrobce\/kvetiny-v-plechovce-na-zakazku\/","title":{"rendered":"Kv\u011btiny v plechovce na zak\u00e1zku"},"content":{"rendered":"<h1>KV\u011aTINY V PLECHOVCE NA ZAK\u00c1ZKU<\/h1>\n<h2>Kv\u011btiny v plechovce na zak\u00e1zku jako reklamn\u00ed p\u0159edm\u011bt<\/h2>\n<p style=\"text-align: justify;\">Kv\u011btiny v plechovce jsou mal\u00fdm kouskem p\u0159\u00edrody, kter\u00fd si m\u016f\u017ee p\u011bstovat \u00fapln\u011b ka\u017ed\u00fd nap\u0159\u00edklad doma, v kancel\u00e1\u0159i, na zahr\u00e1dce nebo kdekoliv jinde. Nav\u00edc p\u011bstovat kv\u011btiny v plechovce je jednoduch\u00e9. Sta\u010d\u00ed otev\u0159\u00edt plechovku a zal\u00edt vodou. Kv\u011btiny v plechovce na zak\u00e1zku dodaj\u00ed ka\u017ed\u00e9mu prostoru kr\u00e1su rozkvetl\u00fdch kv\u011bt\u016f, omamuj\u00edc\u00ed kv\u011btinov\u00e9 v\u016fn\u011b \u010di sv\u011b\u017e\u00ed v\u016fni bylinek a tak\u00e9 p\u0159ipom\u00ednku toho, kdo jim kv\u011btiny v plechovce daroval. Na t\u011bchto str\u00e1nk\u00e1ch zjist\u00edte v\u00edce o reklamn\u00edm p\u0159edm\u011btu kv\u011btiny plechovce, kter\u00fd pro V\u00e1s na zak\u00e1zku vyrob\u00edme. Kv\u011btiny v plechovce na zak\u00e1zku jsou jednoduch\u00e9 a proto kr\u00e1sn\u00e9.<\/p>\n<h2>Kv\u011btiny v plechovce na zak\u00e1zku ve zkratce<\/h2>\n<ul>\n<li><em>co obsahuje plechovka: sm\u011br substr\u00e1tu, sem\u00ednka a bezpe\u010dn\u00e9 antibakteri\u00e1ln\u00ed chemick\u00e9 hnojivo\u00a0<\/em><\/li>\n<li><em>doporu\u010den\u00e1 teplota: okolo 25 stup\u0148\u016f<\/em><\/li>\n<li><em>skv\u011bl\u00fd d\u00e1rek vhodn\u00fd pro v\u0161echny generace<\/em><\/li>\n<li><em>kv\u011btiny v plechovce pot\u0159ebuj\u00ed zal\u00edt jednou za dva dny a to p\u0159im\u011b\u0159en\u00fdm mno\u017estv\u00edm vody<\/em><\/li>\n<li><em>kv\u011btiny v plechovce za\u010dnou kl\u00ed\u010dit po asi 7-15 dnech.<\/em><\/li>\n<li><em>balen\u00ed: vakuov\u00e1 plechovka, pap\u00edrov\u00fd s\u00e1\u010dek, pap\u00edrov\u00fd kv\u011btin\u00e1\u010d, pap\u00edrov\u00e1 d\u00e1rkov\u00e1 karti\u010dka, plastov\u00fd kel\u00edmek, plastov\u00e1 plechovka, plastov\u00e1 miska v\u0161e s r\u016fzn\u00fdm potiskem na zak\u00e1zku\u00a0<\/em><\/li>\n<\/ul>\n<p style=\"text-align: justify;\">Klikn\u011bte pro v\u00edce informac\u00ed.<\/p>\n<div id=\"attachment_1409\" style=\"width: 146px\" class=\"wp-caption alignleft\"><a href=\"http:\/\/predmetyreklamni.eu\/vyrobce\/kvetiny-a-bylinky-v-plechovce-s-potiskem\/\" target=\"_blank\"><img aria-describedby=\"caption-attachment-1409\" decoding=\"async\" loading=\"lazy\" class=\" wp-image-1409  \" title=\"Kv\u011btiny v plechovce na zak\u00e1zku\" alt=\"Kv\u011btiny v plechovce na zak\u00e1zku\" src=\"http:\/\/predmetyreklamni.eu\/vyrobce\/wp-content\/uploads\/mini_tin_flower.jpg\" width=\"136\" height=\"136\" srcset=\"https:\/\/predmetyreklamni.eu\/vyrobce\/wp-content\/uploads\/mini_tin_flower.jpg 240w, https:\/\/predmetyreklamni.eu\/vyrobce\/wp-content\/uploads\/mini_tin_flower-150x150.jpg 150w\" sizes=\"(max-width: 136px) 100vw, 136px\" \/><\/a><p id=\"caption-attachment-1409\" class=\"wp-caption-text\">V PLECHOVCE<\/p><\/div>\n<div id=\"attachment_1410\" style=\"width: 146px\" class=\"wp-caption alignleft\"><a href=\"http:\/\/predmetyreklamni.eu\/vyrobce\/kvetiny-a-bylinky-v-papirovem-obalu-s-potiskem\/\" target=\"_blank\"><img aria-describedby=\"caption-attachment-1410\" decoding=\"async\" loading=\"lazy\" class=\" wp-image-1410   \" title=\"Kv\u011btiny v pap\u00edrov\u00e9m obalu na zak\u00e1zku\" alt=\"Kv\u011btiny v pap\u00edrov\u00e9m obalu na zak\u00e1zku\" src=\"http:\/\/predmetyreklamni.eu\/vyrobce\/wp-content\/uploads\/mini_flower.jpg\" width=\"136\" height=\"136\" srcset=\"https:\/\/predmetyreklamni.eu\/vyrobce\/wp-content\/uploads\/mini_flower.jpg 240w, https:\/\/predmetyreklamni.eu\/vyrobce\/wp-content\/uploads\/mini_flower-150x150.jpg 150w\" sizes=\"(max-width: 136px) 100vw, 136px\" \/><\/a><p id=\"caption-attachment-1410\" class=\"wp-caption-text\">V PAP\u00cdR. OBALU<\/p><\/div>\n<div id=\"attachment_1411\" style=\"width: 146px\" class=\"wp-caption alignleft\"><a href=\"http:\/\/predmetyreklamni.eu\/vyrobce\/kvetiny-a-bylinky-v-plastovem-obalu-s-potiskem\/\" target=\"_blank\"><img aria-describedby=\"caption-attachment-1411\" decoding=\"async\" loading=\"lazy\" class=\" wp-image-1411 \" title=\"Kv\u011btiny v plastov\u00e9m obalu na zak\u00e1zku\" alt=\"Kv\u011btiny v plastov\u00e9m obalu na zak\u00e1zku\" src=\"http:\/\/predmetyreklamni.eu\/vyrobce\/wp-content\/uploads\/promo-mini-flower.jpg\" width=\"136\" height=\"136\" srcset=\"https:\/\/predmetyreklamni.eu\/vyrobce\/wp-content\/uploads\/promo-mini-flower.jpg 240w, https:\/\/predmetyreklamni.eu\/vyrobce\/wp-content\/uploads\/promo-mini-flower-150x150.jpg 150w\" sizes=\"(max-width: 136px) 100vw, 136px\" \/><\/a><p id=\"caption-attachment-1411\" class=\"wp-caption-text\">V PLAST. OBALU<\/p><\/div>\n<p>&nbsp;<\/p>\n<p>&nbsp;<\/p>\n<p>&nbsp;<\/p>\n<p>&nbsp;<\/p>\n<h2>Kv\u011btiny v plechovce nab\u00eddka na zak\u00e1zku<\/h2>\n<p style=\"text-align: justify;\">Kv\u011btiny v plechovce na zak\u00e1zku nab\u00edz\u00edme ve t\u0159ech r\u016fzn\u00fdch balen\u00edch, kdy si m\u016f\u017eete vybrat z mo\u017enost\u00ed: kv\u011btiny v plechovce, kv\u011btiny v s\u00e1\u010dku nebo kv\u011btiny v plastov\u00e9m kel\u00edmku. Obal \u010di povrch v\u0161ech balen\u00ed m\u016f\u017ee b\u00fdt samoz\u0159ejm\u011b na zak\u00e1zku opat\u0159en potiskem dle Va\u0161eho vlastn\u00edho n\u00e1vrhu.\u00a0Ide\u00e1ln\u00ed d\u00e1rek pro ka\u017ed\u00e9ho. Sta\u010d\u00ed zal\u00e9vat a kv\u011btiny v plechovce vyrostou rychle do kr\u00e1sy. Kr\u00e1sn\u00e1 dekorace do kancel\u00e1\u0159i, dom\u00e1cnost\u00ed, \u0161kol, restaurac\u00ed.<\/p>\n<h2>Kv\u011btiny v plechovce na zak\u00e1zku jsou ekologick\u00e9<\/h2>\n<p style=\"text-align: justify;\">Vyberte si kv\u011btiny v plechovce z na\u0161\u00ed \u0161irok\u00e9 nab\u00eddky a my V\u00e1m na zak\u00e1zku vyrob\u00edme tento kr\u00e1sn\u00fd a nav\u00edc ekologick\u00fd reklamn\u00ed p\u0159edm\u011bt. Dejte sv\u00fdm klient\u016fm, obchodn\u00edm partner\u016fm, zam\u011bstnanc\u016fm najevo, \u017ee Va\u0161\u00ed spole\u010dnosti z\u00e1le\u017e\u00ed na p\u0159\u00edrod\u011b a p\u0159em\u00fd\u0161l\u00edte o p\u0159edm\u011btech, kter\u00e9 pou\u017e\u00edv\u00e1te k propagaci spole\u010dnosti. Ekologicky \u0161etrn\u00e9 kv\u011btiny v plechovce mohou m\u00edt na obalu vyti\u0161t\u011bno logo firmy, slogan nebo zna\u010dku. Dosta\u0148te se do pov\u011bdom\u00ed lid\u00ed pomoc\u00ed kr\u00e1sn\u00e9ho d\u00e1rku v podob\u011b kv\u011btiny v plechovce. Sta\u010d\u00ed si vybrat.<\/p>\n<h2>Kv\u011btiny v plechovce na zak\u00e1zku balen\u00ed<\/h2>\n<div style=\"text-align: justify;\">Kv\u011btiny jsou um\u00edst\u011bny v plechovce, kter\u00e1 m\u016f\u017ee b\u00fdt opat\u0159ena potiskem. Dal\u0161\u00ed variantou mohou b\u00fdt plechovky bez potisku, ale cel\u00e1 plechovka m\u016f\u017ee b\u00fdt opat\u0159ena pap\u00edrov\u00fdm obalem, kter\u00fd bude opat\u0159en potiskem. Na zak\u00e1zku lze samoz\u0159ejm\u011b pou\u017e\u00edt r\u016fzn\u00e9 kombinace. Kv\u011btiny v plechovce na zak\u00e1zku nab\u00edz\u00ed velk\u00fd prostor pro Va\u0161\u00ed reklamu &#8211; logo, zna\u010dku, slogan. Z\u00e1le\u017e\u00ed jen na V\u00e1s. V\u0161echny plechovky maj\u00ed na spodn\u00ed \u010d\u00e1sti plastovou krytku, kter\u00e1 mus\u00ed b\u00fdt odstran\u011bna p\u0159ed prvn\u00edm zalit\u00edm. Kvalitn\u00ed balen\u00ed kv\u011btiny v plechovce je bezpochyby z\u00e1rukou toho, \u017ee Va\u0161e kr\u00e1sn\u00e9 rostlinky doputuj\u00ed ke sv\u00e9mu nov\u00e9mu majiteli v po\u0159\u00e1dku.<\/div>\n<div style=\"text-align: justify;\"><a href=\"http:\/\/predmetyreklamni.eu\/vyrobce\/wp-content\/uploads\/baleni1.jpg\"><img decoding=\"async\" loading=\"lazy\" class=\"alignleft  wp-image-1419\" title=\"Kv\u011btiny v plechovce na zak\u00e1zku balen\u00ed\" alt=\"Kv\u011btiny v plechovce na zak\u00e1zku balen\u00ed\" src=\"http:\/\/predmetyreklamni.eu\/vyrobce\/wp-content\/uploads\/baleni1-300x220.jpg\" width=\"216\" height=\"158\" srcset=\"https:\/\/predmetyreklamni.eu\/vyrobce\/wp-content\/uploads\/baleni1-300x220.jpg 300w, https:\/\/predmetyreklamni.eu\/vyrobce\/wp-content\/uploads\/baleni1.jpg 400w\" sizes=\"(max-width: 216px) 100vw, 216px\" \/><\/a><a href=\"http:\/\/predmetyreklamni.eu\/vyrobce\/wp-content\/uploads\/baleni2.jpg\"><img decoding=\"async\" loading=\"lazy\" class=\"alignleft  wp-image-1420\" title=\"Kv\u011btiny v plechovce s potiskem na zak\u00e1zku\" alt=\"Kv\u011btiny v plechovce s potiskem na zak\u00e1zku\" src=\"http:\/\/predmetyreklamni.eu\/vyrobce\/wp-content\/uploads\/baleni2-300x186.jpg\" width=\"270\" height=\"167\" srcset=\"https:\/\/predmetyreklamni.eu\/vyrobce\/wp-content\/uploads\/baleni2-300x186.jpg 300w, https:\/\/predmetyreklamni.eu\/vyrobce\/wp-content\/uploads\/baleni2-483x300.jpg 483w, https:\/\/predmetyreklamni.eu\/vyrobce\/wp-content\/uploads\/baleni2.jpg 500w\" sizes=\"(max-width: 270px) 100vw, 270px\" \/><\/a><\/div>\n<div style=\"text-align: justify;\"><\/div>\n<div style=\"text-align: justify;\"><\/div>\n<div style=\"text-align: justify;\"><\/div>\n<div style=\"text-align: justify;\"><\/div>\n<div style=\"text-align: justify;\"><\/div>\n<div style=\"text-align: justify;\"><\/div>\n<div style=\"text-align: justify;\"><\/div>\n<div style=\"text-align: justify;\"><\/div>\n<div style=\"text-align: justify;\"><\/div>\n<div><a href=\"http:\/\/predmetyreklamni.eu\/vyrobce\/wp-content\/uploads\/baleni3.jpg\"><img decoding=\"async\" loading=\"lazy\" class=\"size-medium wp-image-1421 aligncenter\" title=\"Kv\u011btiny v plechovce na zak\u00e1zku \" alt=\"Kv\u011btiny v plechovce na zak\u00e1zku \" src=\"http:\/\/predmetyreklamni.eu\/vyrobce\/wp-content\/uploads\/baleni3-300x252.jpg\" width=\"300\" height=\"252\" srcset=\"https:\/\/predmetyreklamni.eu\/vyrobce\/wp-content\/uploads\/baleni3-300x252.jpg 300w, https:\/\/predmetyreklamni.eu\/vyrobce\/wp-content\/uploads\/baleni3-356x300.jpg 356w, https:\/\/predmetyreklamni.eu\/vyrobce\/wp-content\/uploads\/baleni3.jpg 400w\" sizes=\"(max-width: 300px) 100vw, 300px\" \/><\/a><\/div>\n<div>\n<p style=\"text-align: justify;\">Chcete si nechat vyrobit vlastn\u00ed kv\u011btiny v plechovce na zak\u00e1zku? Kontaktujte n\u00e1s pro cenovou nab\u00eddku na emailu:<a href=\"mailto:info@predmetyreklamni.eu\">\u00a0info@predmetyreklamni.eu<\/a><\/p>\n<p style=\"text-align: justify;\"><strong>Do cenov\u00e9 popt\u00e1vky pros\u00edm uve\u010fte pot\u0159ebn\u00e9 informace pro cenovou nab\u00eddku jako<\/strong>: mno\u017estv\u00ed, velikost, barevn\u00e9 proveden\u00ed nebo kombinaci barev, dobu dod\u00e1n\u00ed. V\u0161echny tyto informace n\u00e1m pomohou k rychlej\u0161\u00edmu zpracov\u00e1n\u00ed cenov\u00e9 nab\u00eddky pr\u00e1v\u011b pro V\u00e1s.<\/p>\n<p style=\"text-align: justify;\">T\u011b\u0161\u00edme se na spolupr\u00e1ci! Team Gifts Service<\/p>\n<\/div>\n","protected":false},"excerpt":{"rendered":"<p>KV\u011aTINY V PLECHOVCE NA ZAK\u00c1ZKU Kv\u011btiny v plechovce na zak\u00e1zku jako reklamn\u00ed p\u0159edm\u011bt Kv\u011btiny v plechovce jsou mal\u00fdm kouskem p\u0159\u00edrody, kter\u00fd si m\u016f\u017ee p\u011bstovat \u00fapln\u011b ka\u017ed\u00fd nap\u0159\u00edklad doma, v kancel\u00e1\u0159i, na zahr\u00e1dce nebo kdekoliv jinde. Nav\u00edc p\u011bstovat kv\u011btiny v plechovce &hellip; <a href=\"https:\/\/predmetyreklamni.eu\/vyrobce\/kvetiny-v-plechovce-na-zakazku\/\">Continue reading <span class=\"meta-nav\">&rarr;<\/span><\/a><\/p>\n","protected":false},"author":1,"featured_media":0,"parent":0,"menu_order":16,"comment_status":"closed","ping_status":"open","template":"sidebar-page.php","meta":[],"_links":{"self":[{"href":"https:\/\/predmetyreklamni.eu\/vyrobce\/wp-json\/wp\/v2\/pages\/1335"}],"collection":[{"href":"https:\/\/predmetyreklamni.eu\/vyrobce\/wp-json\/wp\/v2\/pages"}],"about":[{"href":"https:\/\/predmetyreklamni.eu\/vyrobce\/wp-json\/wp\/v2\/types\/page"}],"author":[{"embeddable":true,"href":"https:\/\/predmetyreklamni.eu\/vyrobce\/wp-json\/wp\/v2\/users\/1"}],"replies":[{"embeddable":true,"href":"https:\/\/predmetyreklamni.eu\/vyrobce\/wp-json\/wp\/v2\/comments?post=1335"}],"version-history":[{"count":32,"href":"https:\/\/predmetyreklamni.eu\/vyrobce\/wp-json\/wp\/v2\/pages\/1335\/revisions"}],"predecessor-version":[{"id":2906,"href":"https:\/\/predmetyreklamni.eu\/vyrobce\/wp-json\/wp\/v2\/pages\/1335\/revisions\/2906"}],"wp:attachment":[{"href":"https:\/\/predmetyreklamni.eu\/vyrobce\/wp-json\/wp\/v2\/media?parent=1335"}],"curies":[{"name":"wp","href":"https:\/\/api.w.org\/{rel}","templated":true}]}}