{"id":1337,"date":"2013-07-19T09:28:34","date_gmt":"2013-07-19T09:28:34","guid":{"rendered":"http:\/\/predmetyreklamni.eu\/vyrobce\/?page_id=1337"},"modified":"2014-10-25T16:01:56","modified_gmt":"2014-10-25T16:01:56","slug":"kouzelna-fazole-v-plechovce-se-vzkazem-na-zakazku","status":"publish","type":"page","link":"https:\/\/predmetyreklamni.eu\/vyrobce\/kouzelna-fazole-v-plechovce-se-vzkazem-na-zakazku\/","title":{"rendered":"Kouzeln\u00e1 fazole v plechovce se vzkazem na zak\u00e1zku"},"content":{"rendered":"<h1 style=\"text-align: justify;\">KOUZELN\u00c1 FAZOLE V PLECHOVCE SE VZKAZEM NA ZAK\u00c1ZKU<\/h1>\n<h2 style=\"text-align: justify;\">Na zak\u00e1zku jedine\u010dn\u00e1 a kouzeln\u00e1 fazole v plechovce se vzkazem<\/h2>\n<p style=\"text-align: justify;\"><a href=\"http:\/\/predmetyreklamni.eu\/vyrobce\/wp-content\/uploads\/magicbean.gif\"><img decoding=\"async\" loading=\"lazy\" class=\"alignleft size-full wp-image-1665\" title=\"Kouzeln\u00e1 fazole v plechovce se vzkazem na zak\u00e1zku\" alt=\"Kouzeln\u00e1 fazole v plechovce se vzkazem na zak\u00e1zku\" src=\"http:\/\/predmetyreklamni.eu\/vyrobce\/wp-content\/uploads\/magicbean.gif\" width=\"173\" height=\"231\" \/><\/a><strong><span style=\"color: #008000;\">P\u0159edstavujeme V\u00e1m n\u00e1\u0161 jedine\u010dn\u00fd produkt, kter\u00fdm je kouzeln\u00e1 fazole v plechovce se vzkazem na zak\u00e1zku.<\/span><\/strong><\/p>\n<p style=\"text-align: justify;\">Tato kouzeln\u00e1 fazole v plechovce je unik\u00e1tn\u00ed sv\u00fdm vzkazem, kter\u00fdm V\u00e1m kouzeln\u00e9 fazole nech\u00e1me na zak\u00e1zku opat\u0159it. Tento vzkaz se vytv\u00e1\u0159\u00ed pomoc\u00ed laseru p\u0159\u00edmo na sem\u00ednko fazole. D\u00edky tomu pak m\u016f\u017eete na d\u011blo\u017en\u00edch l\u00edstc\u00edch fazole vid\u011bt nap\u0159\u00edklad jednoduch\u00e9 n\u00e1pisy, obr\u00e1zky \u010di loga. Kouzeln\u00e1 fazole v plechovce na zak\u00e1zku je origin\u00e1ln\u00edm reklamn\u00edm p\u0159edm\u011btem, kter\u00fdm z\u00e1rove\u0148 po\u0161lete vzkaz obdarovan\u00e9mu. Dal\u0161\u00edm prostorem pro propagaci m\u016f\u017ee b\u00fdt obal na plechovce, kter\u00e1 m\u016f\u017ee b\u00fdt na zak\u00e1zku opat\u0159ena potiskem, nap\u0159\u00edklad n\u00e1vodem na pou\u017eit\u00ed, reklamn\u00edch sloganem, n\u00e1zvem propaga\u010dn\u00ed akce \u010di logem firmy. Pou\u017eit\u00ed kouzeln\u00e9 fazole je velice jednoduch\u00e9. Sta\u010d\u00ed odtrhnout v\u00ed\u010dko plechovky a p\u0159im\u011b\u0159en\u011b zal\u00e9vat sem\u00ednko fazole, kter\u00e9 je ji\u017e um\u00edst\u011bno v substr\u00e1tu uvnit\u0159 plechovky. Brzy se po vykl\u00ed\u010den\u00ed sem\u00ednka budete moci pozorovat, jak Va\u0161e kouzeln\u00e1 fazole roste p\u0159\u00edmo v plechovce.<\/p>\n<h2 style=\"text-align: justify;\">Kouzeln\u00e1 fazole v plechovce se vzkazem na zak\u00e1zku nab\u00eddka<\/h2>\n<p style=\"text-align: justify;\">Kouzeln\u00e9 fazole jsou v men\u0161\u00edch mno\u017estv\u00edch i dispozici s n\u00e1pisy: Good Luck, Thank you, I love you, Forever Love, Happy Birthday, I Miss You, Sure Win, Smile a No smoking. V p\u0159\u00edpad\u011b, \u017ee si z t\u011bchto n\u00e1pis\u016f nevybere a chcete, aby kouzeln\u00e1 fazole nesla jin\u00fd n\u00e1pis a Va\u0161e objedn\u00e1vka dos\u00e1hne 5000ks, m\u016f\u017ee Va\u0161e fazole n\u00e9st n\u00e1pis dle Va\u0161eho p\u0159\u00e1n\u00ed. <a href=\"mailto:info@predmetyreklamni.eu\">Kontaktujte <\/a>n\u00e1s pro cenovou nab\u00eddku.<\/p>\n<h2 style=\"text-align: justify;\">Kouzeln\u00e1 fazole v plechovce s vlastn\u00edm vzkazem na zak\u00e1zku<\/h2>\n<p style=\"text-align: justify;\"><a href=\"http:\/\/predmetyreklamni.eu\/vyrobce\/wp-content\/uploads\/Kouzeln\u00e1-fazole-v-plechovce-s-vlastn\u00edm-vzkazem-na-zak\u00e1zku.jpg\"><img decoding=\"async\" loading=\"lazy\" class=\"alignleft size-full wp-image-1704\" title=\"Kouzeln\u00e1 fazole v plechovce s vlastn\u00edm vzkazem na zak\u00e1zku\" alt=\"Kouzeln\u00e1 fazole v plechovce s vlastn\u00edm vzkazem na zak\u00e1zku\" src=\"http:\/\/predmetyreklamni.eu\/vyrobce\/wp-content\/uploads\/Kouzeln\u00e1-fazole-v-plechovce-s-vlastn\u00edm-vzkazem-na-zak\u00e1zku.jpg\" width=\"200\" height=\"206\" \/><\/a>P\u0159i objedn\u00e1vce v\u00edce jak 5000 ks m\u016f\u017eeme nechat opat\u0159it sem\u00ednka kouzeln\u00e9 fazole v plechovce vlastn\u00edm vzkazem na zak\u00e1zku. Pak u\u017e sta\u010d\u00ed jen otev\u0159\u00edt plechovku a za\u010d\u00edt p\u011bstovat.<br \/>\n<strong>Minim\u00e1ln\u00ed obj.:<\/strong>\u00a05000 ks<br \/>\n<strong>Cena<\/strong>: 19.90 K\u010d\/ks\u00a0(p\u0159i odb\u011bru 5000 ks)<br \/>\n<strong>Rozm\u011bry<\/strong>: \u00d8 6.5 x 9.5cm<br \/>\n<strong>Potisk<\/strong>: na zak\u00e1zku<br \/>\n<strong>Cena<\/strong>:\u00a0<a title=\"ZASLAT POPT\u00c1VKU\" href=\"mailto:info@predmetyreklamni.eu\">ZASLAT POPT\u00c1VKU\u00a0<\/a><\/p>\n<h2 style=\"text-align: justify;\">Kouzeln\u00e1 fazole v plastov\u00e9 plechovce se vzkazem<\/h2>\n<p style=\"text-align: justify;\"><a href=\"http:\/\/predmetyreklamni.eu\/vyrobce\/wp-content\/uploads\/Kouzeln\u00e1-fazole-v-plastov\u00e9-plechovce-se-vzkazem.jpg\"><img decoding=\"async\" loading=\"lazy\" class=\"alignleft size-full wp-image-1707\" title=\"Kouzeln\u00e1 fazole v plastov\u00e9 plechovce se vzkazem\" alt=\"Kouzeln\u00e1 fazole v plastov\u00e9 plechovce se vzkazem\" src=\"http:\/\/predmetyreklamni.eu\/vyrobce\/wp-content\/uploads\/Kouzeln\u00e1-fazole-v-plastov\u00e9-plechovce-se-vzkazem.jpg\" width=\"200\" height=\"200\" srcset=\"https:\/\/predmetyreklamni.eu\/vyrobce\/wp-content\/uploads\/Kouzeln\u00e1-fazole-v-plastov\u00e9-plechovce-se-vzkazem.jpg 200w, https:\/\/predmetyreklamni.eu\/vyrobce\/wp-content\/uploads\/Kouzeln\u00e1-fazole-v-plastov\u00e9-plechovce-se-vzkazem-150x150.jpg 150w\" sizes=\"(max-width: 200px) 100vw, 200px\" \/><\/a>Sem\u00ednko kouzeln\u00e9 fazole se vzkazem je um\u00edst\u011bno v plastov\u00e9 pr\u016fhledn\u00e9 plechovce se substr\u00e1tem. Obdarovan\u00fd jen jednodu\u0161e otev\u0159e plechovku a zal\u00e9v\u00e1. Po p\u00e1r dnech ji\u017e m\u016f\u017ee sledovat jak roste jeho kouzeln\u00e1 fazole.<br \/>\n<strong>Minim\u00e1ln\u00ed obj.:<\/strong>\u00a01000 ks<br \/>\n<strong>Cena<\/strong>: 17.90 K\u010d\/ks\u00a0(p\u0159i odb\u011bru 1000 ks)<br \/>\n<strong>Rozm\u011bry<\/strong>: \u00d8 5.5 x 8cm<br \/>\n<strong>Potisk<\/strong>: na zak\u00e1zku<br \/>\n<strong>Cena<\/strong>:\u00a0<a title=\"ZASLAT POPT\u00c1VKU\" href=\"mailto:info@predmetyreklamni.eu\">ZASLAT POPT\u00c1VKU\u00a0<\/a><\/p>\n<h2 style=\"text-align: justify;\">Kouzeln\u00e1 fazole se vzkazem v DIY setu na zak\u00e1zku<\/h2>\n<p style=\"text-align: justify;\"><a href=\"http:\/\/predmetyreklamni.eu\/vyrobce\/wp-content\/uploads\/Kouzeln\u00e1-fazole-se-vzkazem-v-DIY-setu-na-zak\u00e1zku.jpg\"><img decoding=\"async\" loading=\"lazy\" class=\"alignleft size-full wp-image-1711\" title=\"Kouzeln\u00e1 fazole se vzkazem v DIY setu na zak\u00e1zku\" alt=\"Kouzeln\u00e1 fazole se vzkazem v DIY setu na zak\u00e1zku\" src=\"http:\/\/predmetyreklamni.eu\/vyrobce\/wp-content\/uploads\/Kouzeln\u00e1-fazole-se-vzkazem-v-DIY-setu-na-zak\u00e1zku.jpg\" width=\"200\" height=\"200\" srcset=\"https:\/\/predmetyreklamni.eu\/vyrobce\/wp-content\/uploads\/Kouzeln\u00e1-fazole-se-vzkazem-v-DIY-setu-na-zak\u00e1zku.jpg 200w, https:\/\/predmetyreklamni.eu\/vyrobce\/wp-content\/uploads\/Kouzeln\u00e1-fazole-se-vzkazem-v-DIY-setu-na-zak\u00e1zku-150x150.jpg 150w\" sizes=\"(max-width: 200px) 100vw, 200px\" \/><\/a><span style=\"text-align: justify;\">Kouzeln\u00e1 fazole se vzkazem je um\u00edst\u011bna v b\u00edl\u00e9m vaj\u00ed\u010dku v DIY setu. D\u011bti si toto balen\u00ed kouzeln\u00e9 fazole se vzkazem okam\u017eit\u011b zamiluj\u00ed. Perfektn\u00ed a origin\u00e1ln\u00ed velikono\u010dn\u00ed reklamn\u00ed p\u0159edm\u011bt!<br \/>\n<\/span><strong style=\"text-align: justify;\">Minim\u00e1ln\u00ed obj.:<\/strong><span style=\"text-align: justify;\">\u00a05000 ks<br \/>\n<\/span><strong style=\"text-align: justify;\">Cena<\/strong><span style=\"text-align: justify;\">: 17.90 K\u010d\/ks\u00a0(p\u0159i odb\u011bru 5000 ks)<br \/>\n<\/span><strong style=\"text-align: justify;\">Rozm\u011bry<\/strong><span style=\"text-align: justify;\">:<br \/>\n<\/span><strong style=\"text-align: justify;\">Potisk<\/strong><span style=\"text-align: justify;\">: potisk balen\u00ed na zak\u00e1zku<br \/>\n<\/span><strong style=\"text-align: justify;\">Cena<\/strong><span style=\"text-align: justify;\">:\u00a0<a title=\"ZASLAT POPT\u00c1VKU\" href=\"mailto:info@predmetyreklamni.eu\">ZASLAT POPT\u00c1VKU\u00a0<\/a><\/span><\/p>\n<h2 style=\"text-align: justify;\">Kouzeln\u00e1 fazole se vzkazem v srdci v plastov\u00e9 plechovce<\/h2>\n<p style=\"text-align: justify;\"><a href=\"http:\/\/predmetyreklamni.eu\/vyrobce\/wp-content\/uploads\/Kouzeln\u00e1-fazole-se-vzkazem-v-srdci-v-plastov\u00e9-plechovce.jpg\"><img decoding=\"async\" loading=\"lazy\" class=\"alignleft size-full wp-image-1713\" title=\"Kouzeln\u00e1 fazole se vzkazem v srdci v plastov\u00e9 plechovce\" alt=\"Kouzeln\u00e1 fazole se vzkazem v srdci v plastov\u00e9 plechovce\" src=\"http:\/\/predmetyreklamni.eu\/vyrobce\/wp-content\/uploads\/Kouzeln\u00e1-fazole-se-vzkazem-v-srdci-v-plastov\u00e9-plechovce.jpg\" width=\"200\" height=\"200\" srcset=\"https:\/\/predmetyreklamni.eu\/vyrobce\/wp-content\/uploads\/Kouzeln\u00e1-fazole-se-vzkazem-v-srdci-v-plastov\u00e9-plechovce.jpg 200w, https:\/\/predmetyreklamni.eu\/vyrobce\/wp-content\/uploads\/Kouzeln\u00e1-fazole-se-vzkazem-v-srdci-v-plastov\u00e9-plechovce-150x150.jpg 150w\" sizes=\"(max-width: 200px) 100vw, 200px\" \/><\/a><span style=\"text-align: justify;\">Sem\u00ednko kouzeln\u00e9 fazole se nach\u00e1z\u00ed v mal\u00e9m srdci z prysky\u0159ice, kter\u00e9 je um\u00edst\u011bno v plastov\u00e9 plechovce. Na zak\u00e1zku lze opat\u0159it plechovku logem, zna\u010dkou, n\u00e1zvem promo akce. Perfektn\u00ed d\u00e1rek ke dni zamilovan\u00fdch.<br \/>\n<\/span><strong style=\"text-align: justify;\">Minim\u00e1ln\u00ed obj.:<\/strong><span style=\"text-align: justify;\">\u00a05000 ks<br \/>\n<\/span><strong style=\"text-align: justify;\">Cena<\/strong><span style=\"text-align: justify;\">: 13.90 K\u010d\/ks\u00a0(p\u0159i odb\u011bru 5000 ks)<br \/>\n<\/span><strong style=\"text-align: justify;\">Rozm\u011bry<\/strong><span style=\"text-align: justify;\">: \u00d8 5.5 x 8cm<br \/>\n<\/span><strong style=\"text-align: justify;\">Potisk<\/strong><span style=\"text-align: justify;\">: na zak\u00e1zku<br \/>\n<\/span><strong style=\"text-align: justify;\">Cena<\/strong><span style=\"text-align: justify;\">:\u00a0<a title=\"ZASLAT POPT\u00c1VKU\" href=\"mailto:info@predmetyreklamni.eu\">ZASLAT POPT\u00c1VKU\u00a0<\/a><\/span><\/p>\n<h2 style=\"text-align: justify;\">Kouzeln\u00e1 fazole se vzkazem ve vaj\u00ed\u010dku v plechovce<\/h2>\n<p style=\"text-align: justify;\"><a href=\"http:\/\/predmetyreklamni.eu\/vyrobce\/wp-content\/uploads\/Kouzeln\u00e1-fazole-se-vzkazem-ve-vaj\u00ed\u010dku-v-plechovce.jpg\"><img decoding=\"async\" loading=\"lazy\" class=\"alignleft size-full wp-image-1717\" title=\"Kouzeln\u00e1 fazole se vzkazem ve vaj\u00ed\u010dku v plechovce\" alt=\"Kouzeln\u00e1 fazole se vzkazem ve vaj\u00ed\u010dku v plechovce\" src=\"http:\/\/predmetyreklamni.eu\/vyrobce\/wp-content\/uploads\/Kouzeln\u00e1-fazole-se-vzkazem-ve-vaj\u00ed\u010dku-v-plechovce.jpg\" width=\"200\" height=\"200\" srcset=\"https:\/\/predmetyreklamni.eu\/vyrobce\/wp-content\/uploads\/Kouzeln\u00e1-fazole-se-vzkazem-ve-vaj\u00ed\u010dku-v-plechovce.jpg 200w, https:\/\/predmetyreklamni.eu\/vyrobce\/wp-content\/uploads\/Kouzeln\u00e1-fazole-se-vzkazem-ve-vaj\u00ed\u010dku-v-plechovce-150x150.jpg 150w\" sizes=\"(max-width: 200px) 100vw, 200px\" \/><\/a><span style=\"text-align: justify;\">Sem\u00ednko kouzeln\u00e9 fazole se vzkazem je um\u00edst\u011bno ve st\u0159\u00edbrn\u00e9m vaj\u00ed\u010dku z prysky\u0159ice, kter\u00e9 je vlo\u017eeno v plastov\u00e9 plechovce. K dispozici vaj\u00ed\u010dko tak\u00e9 v b\u00edl\u00e9 barv\u011b. Nechte um\u00edstit sv\u00e9 logo a z\u00edskejte origin\u00e1ln\u00ed reklamn\u00ed p\u0159edm\u011bt.<br \/>\n<strong>Minim\u00e1ln\u00ed obj.:<\/strong>\u00a05000 ks<br \/>\n<strong>Cena<\/strong>: 13.90 K\u010d\/ks\u00a0(p\u0159i odb\u011bru 5000 ks)<br \/>\n<strong>Rozm\u011bry<\/strong>: \u00d8 5.5 x 8cm<br \/>\n<strong>Potisk<\/strong>: na zak\u00e1zku<br \/>\n<strong>Cena<\/strong>:\u00a0<a title=\"ZASLAT POPT\u00c1VKU\" href=\"mailto:info@predmetyreklamni.eu\">ZASLAT POPT\u00c1VKU\u00a0<\/a><\/span><\/p>\n<h2 style=\"text-align: justify;\">Kouzeln\u00e1 fazole se vzkazem ve vaj\u00ed\u010dku na zak\u00e1zku<\/h2>\n<p style=\"text-align: justify;\"><a href=\"http:\/\/predmetyreklamni.eu\/vyrobce\/wp-content\/uploads\/Kouzeln\u00e1-fazole-se-vzkazem-v-vaj\u00ed\u010dku-na-zak\u00e1zku.jpg\"><img decoding=\"async\" loading=\"lazy\" class=\"alignleft size-full wp-image-1721\" title=\"Kouzeln\u00e1 fazole se vzkazem ve vaj\u00ed\u010dku na zak\u00e1zku\" alt=\"Kouzeln\u00e1 fazole se vzkazem ve vaj\u00ed\u010dku na zak\u00e1zku\" src=\"http:\/\/predmetyreklamni.eu\/vyrobce\/wp-content\/uploads\/Kouzeln\u00e1-fazole-se-vzkazem-v-vaj\u00ed\u010dku-na-zak\u00e1zku.jpg\" width=\"200\" height=\"200\" srcset=\"https:\/\/predmetyreklamni.eu\/vyrobce\/wp-content\/uploads\/Kouzeln\u00e1-fazole-se-vzkazem-v-vaj\u00ed\u010dku-na-zak\u00e1zku.jpg 200w, https:\/\/predmetyreklamni.eu\/vyrobce\/wp-content\/uploads\/Kouzeln\u00e1-fazole-se-vzkazem-v-vaj\u00ed\u010dku-na-zak\u00e1zku-150x150.jpg 150w\" sizes=\"(max-width: 200px) 100vw, 200px\" \/><\/a><span style=\"text-align: justify;\">Sem\u00ednko kouzeln\u00e9 fazole se vzkazem je um\u00edst\u011bno ve vaj\u00ed\u010dku z prysky\u0159ice. Toto vaj\u00ed\u010dko m\u016f\u017ee b\u00fdt na zak\u00e1zku v r\u016fzn\u00fdch barv\u00e1ch a s r\u016fzn\u00fdm potiskem. Vyu\u017eijte t\u00e9to nab\u00eddky na origin\u00e1ln\u00ed reklamn\u00ed p\u0159edm\u011bt.<br \/>\n<strong>Minim\u00e1ln\u00ed obj.:<\/strong>\u00a05000 ks<br \/>\n<strong>Cena<\/strong>: 13.90 K\u010d\/ks\u00a0(p\u0159i odb\u011bru 5000 ks)<br \/>\n<strong>Rozm\u011bry<\/strong>:<br \/>\n<strong>Potisk<\/strong>: na zak\u00e1zku<br \/>\n<strong>Cena<\/strong>:\u00a0<a title=\"ZASLAT POPT\u00c1VKU\" href=\"mailto:info@predmetyreklamni.eu\">ZASLAT POPT\u00c1VKU\u00a0<\/a><\/span><\/p>\n<p style=\"text-align: justify;\">Kouzeln\u00e1 fazole v plechovce se vzkazem na zak\u00e1zku je jednoduch\u00fd a origin\u00e1ln\u00ed zp\u016fsob jak poslat vzkaz, pod\u011bkov\u00e1n\u00ed sv\u00fdm zam\u011bstnanc\u016fm a nebo jak dostat sv\u00e9 logo \u010di sd\u011blen\u00ed ke sv\u00fdm z\u00e1kazn\u00edk\u016fm, obchodn\u00edm partner\u016fm a klient\u016fm. Kouzeln\u00e1 fazole v plechovce se vzkazem \u0159ekne v\u0161e za V\u00e1s a jist\u011b ka\u017ed\u00e9ho p\u0159\u00edjemn\u011b p\u0159ekvap\u00ed.<\/p>\n<p>Zaujala V\u00e1s na\u0161e nab\u00eddka a chcete si nechat na zak\u00e1zku vyrobit kouzeln\u00e9 fazole v plechovce se vzkazem? Kontaktujte n\u00e1s pro cenovou nab\u00eddku na emailu:<a href=\"mailto:info@predmetyreklamni.eu\">\u00a0info@predmetyreklamni.eu<\/a><\/p>\n<p style=\"text-align: justify;\"><strong>Do cenov\u00e9 popt\u00e1vky pros\u00edm uve\u010fte pot\u0159ebn\u00e9 informace pro cenovou nab\u00eddku jako<\/strong>: mno\u017estv\u00ed, velikost, barevn\u00e9 proveden\u00ed nebo kombinaci barev, dobu dod\u00e1n\u00ed. V\u0161echny tyto informace n\u00e1m pomohou k rychlej\u0161\u00edmu zpracov\u00e1n\u00ed cenov\u00e9 nab\u00eddky pr\u00e1v\u011b pro V\u00e1s.<\/p>\n<p>T\u011b\u0161\u00edme se na spolupr\u00e1ci! Team Gifts Service<\/p>\n","protected":false},"excerpt":{"rendered":"<p>KOUZELN\u00c1 FAZOLE V PLECHOVCE SE VZKAZEM NA ZAK\u00c1ZKU Na zak\u00e1zku jedine\u010dn\u00e1 a kouzeln\u00e1 fazole v plechovce se vzkazem P\u0159edstavujeme V\u00e1m n\u00e1\u0161 jedine\u010dn\u00fd produkt, kter\u00fdm je kouzeln\u00e1 fazole v plechovce se vzkazem na zak\u00e1zku. Tato kouzeln\u00e1 fazole v plechovce je unik\u00e1tn\u00ed &hellip; <a href=\"https:\/\/predmetyreklamni.eu\/vyrobce\/kouzelna-fazole-v-plechovce-se-vzkazem-na-zakazku\/\">Continue reading <span class=\"meta-nav\">&rarr;<\/span><\/a><\/p>\n","protected":false},"author":1,"featured_media":0,"parent":0,"menu_order":16,"comment_status":"closed","ping_status":"closed","template":"sidebar-page.php","meta":[],"_links":{"self":[{"href":"https:\/\/predmetyreklamni.eu\/vyrobce\/wp-json\/wp\/v2\/pages\/1337"}],"collection":[{"href":"https:\/\/predmetyreklamni.eu\/vyrobce\/wp-json\/wp\/v2\/pages"}],"about":[{"href":"https:\/\/predmetyreklamni.eu\/vyrobce\/wp-json\/wp\/v2\/types\/page"}],"author":[{"embeddable":true,"href":"https:\/\/predmetyreklamni.eu\/vyrobce\/wp-json\/wp\/v2\/users\/1"}],"replies":[{"embeddable":true,"href":"https:\/\/predmetyreklamni.eu\/vyrobce\/wp-json\/wp\/v2\/comments?post=1337"}],"version-history":[{"count":30,"href":"https:\/\/predmetyreklamni.eu\/vyrobce\/wp-json\/wp\/v2\/pages\/1337\/revisions"}],"predecessor-version":[{"id":1340,"href":"https:\/\/predmetyreklamni.eu\/vyrobce\/wp-json\/wp\/v2\/pages\/1337\/revisions\/1340"}],"wp:attachment":[{"href":"https:\/\/predmetyreklamni.eu\/vyrobce\/wp-json\/wp\/v2\/media?parent=1337"}],"curies":[{"name":"wp","href":"https:\/\/api.w.org\/{rel}","templated":true}]}}